{"id":8481,"date":"2016-12-22T09:23:07","date_gmt":"2016-12-22T09:23:07","guid":{"rendered":"https:\/\/www.espamob.com\/privacy-policy\/"},"modified":"2023-06-16T05:57:44","modified_gmt":"2023-06-16T05:57:44","slug":"polityka-prywatnosci","status":"publish","type":"page","link":"https:\/\/espamob.com\/pl\/polityka-prywatnosci\/","title":{"rendered":"PL &#8211; Privacy Policy"},"content":{"rendered":"<div class=\"wpb-content-wrapper\"><p>[vc_row][vc_column][vc_custom_heading text=&#8221;Polityka prywatno\u015bci&#8221; font_container=&#8221;tag:h1|text_align:left&#8221; use_theme_fonts=&#8221;yes&#8221;][vc_separator][vc_column_text]<\/p>\n<p style=\"text-align: justify;\"><span style=\"font-weight: 400;\">Strony nale\u017c\u0105ce do Espamob.com (zwanych \u0142\u0105cznie w tym dokumencie &#8222;Espamob.com&#8221;) odnosz\u0105 si\u0119 do stron znajduj\u0105cych si\u0119 na serwerze Espamob.com\/eu, Espamob.com\/fr, Espamob.com\/it, Espamob.com\/plj, Espamob.com\/de i innych zwi\u0105zanych z nimi domenami i subdomenami.<\/span><\/p>\n<p>[\/vc_column_text][\/vc_column][\/vc_row][vc_row][vc_column][vc_custom_heading text=&#8221;U\u017cytkownicy odwiedzaj\u0105cy stron\u0119 internetow\u0105&#8221; use_theme_fonts=&#8221;yes&#8221;][vc_separator][vc_column_text]<\/p>\n<p style=\"text-align: justify;\"><span style=\"font-weight: 400;\">Podobnie jak wi\u0119kszo\u015b\u0107 operator\u00f3w witryn, Espamob.com zbiera dane nie osobowe, kt\u00f3re przegl\u0105darki internetowe i serwery zazwyczaj udost\u0119pniaj\u0105, takie jak typ przegl\u0105darki, preferowany j\u0119zyk, miejsce, a tak\u017ce dat\u0119 i czas ka\u017cdej wizyty. Celem Espamob.com jest \u00a0zbieranie informacji identyfikuj\u0105cych u\u017cytkownik\u00f3w, aby lepiej zrozumie\u0107, w jaki spos\u00f3b u\u017cytkownicy korzystaj\u0105 z witryny Espamob.com. W uzasadnionych przypadkach Espamob.com mo\u017ce wykorzysta\u0107 danie nie osobowe, poprzez stworzenie raportu na temat trend\u00f3w u\u017cytkowania na swojej stronie internetowej.<\/span><\/p>\n<p style=\"text-align: justify;\"><span style=\"font-weight: 400;\">Espamob.com zbiera tak\u017ce potencjalne dane osobowe, takie jak protok\u00f3\u0142 internetowy (IP). Espamob.com nie korzysta z tych informacji w celu identyfikacji swoich go\u015bci i nie ujawnia takich informacji, w sytuacjach innych ni\u017c opisano poni\u017cej.<\/span><\/p>\n<p>[\/vc_column_text][\/vc_column][\/vc_row][vc_row][vc_column][vc_custom_heading text=&#8221;Zbieranie informacji umo\u017cliwiaj\u0105cych identyfikacj\u0119&#8221; use_theme_fonts=&#8221;yes&#8221;][vc_separator][vc_column_text]<\/p>\n<p style=\"text-align: justify;\"><span style=\"font-weight: 400;\">Niekt\u00f3rzy uzytkownicy odwiedzaj\u0105cy Espamob.com wybieraj\u0105 interakcj\u0119 z Espamob.com w spos\u00f3b, kt\u00f3ry wymaga gromadzenie danych osobowych, kt\u00f3re wp\u0142ywa na ilo\u015b\u0107 i rodzaj informacji jakie Espamob.com gromadzi w zale\u017cno\u015bci od charakteru oddzia\u0142ywania. Na przyk\u0142ad, mo\u017cemy poprosi\u0107 u\u017cytkownik\u00f3w, kt\u00f3rzy korzystaj\u0105 z naszych for\u00f3w o podanie nazwy u\u017cytkownika i adresu e-mail. W ka\u017cdym przypadku, Espamob.com zbiera takie informacje jedynie o ile jest to konieczne lub wskazane do osi\u0105gni\u0119cia celu interakcji odwiedzaj\u0105cego z Espamob.com. Espamob.com nie ujawnia informacji umo\u017cliwiaj\u0105cych identyfikacj\u0119 innych ni\u017c opisane poni\u017cej. A u\u017cytkownicy zawsze mog\u0105 odm\u00f3wi\u0107 udzielenia informacji umo\u017cliwiaj\u0105cych identyfikacj\u0119, z zastrze\u017ceniem, \u017ce mo\u017ce to uniemo\u017cliwi\u0107 wykonywanie niekt\u00f3rych czynno\u015bci zwi\u0105zanych ze stron\u0105 internetow\u0105.<\/span><\/p>\n<p>[\/vc_column_text][\/vc_column][\/vc_row][vc_row][vc_column][vc_custom_heading text=&#8221;Zgromadzone statystyki&#8221; use_theme_fonts=&#8221;yes&#8221;][vc_separator][vc_column_text]<\/p>\n<p style=\"text-align: justify;\"><span style=\"font-weight: 400;\">Espamob.com mo\u017ce zbiera\u0107 statystyki dotycz\u0105ce zachowa\u0144 u\u017cytkownik\u00f3w na swoich stronach internetowych. Na przyk\u0142ad, Espamob.com mo\u017ce ujawni\u0107, ile plik\u00f3w zosta\u0142o pobranych lub stwierdzi\u0107, kt\u00f3re wtyczki s\u0105 najbardziej popularne na podstawie kontroli us\u0142ugi internetowej stosowanej przez instalacje Espamob do sprawdzania nowych wersji Espamob i wtyczek. Espamob.com nie ujawnia informacji umo\u017cliwiaj\u0105cych identyfikacj\u0119 u\u017cytkownik\u00f3w od tych opisanych poni\u017cej.<\/span><\/p>\n<p>[\/vc_column_text][\/vc_column][\/vc_row][vc_row][vc_column][vc_custom_heading text=&#8221;Ochrona niekt\u00f3rych informacji umo\u017cliwiaj\u0105cych identyfikacj\u0119&#8221; use_theme_fonts=&#8221;yes&#8221;][vc_separator][vc_column_text]<\/p>\n<p style=\"text-align: justify;\"><span style=\"font-weight: 400;\">Espamob.com ujawnia potencjalnie osobi\u015bcie identyfikacj\u0119 i dane osobowe tylko do tych swoich pracownik\u00f3w, kontrahent\u00f3w i organizacji stowarzyszonych, \u017ce (i) musz\u0105 wiedzie\u0107, \u017ce informacje w celu przetworzenia go w imieniu Espamob.com lub \u015bwiadczenia us\u0142ug dost\u0119pnych w Espamob.com, oraz (ii), kt\u00f3re postanowi\u0142y nie ujawnia\u0107 go innym. Niekt\u00f3re z tych pracownik\u00f3w, wykonawc\u00f3w oraz organizacji afiliowanych mog\u0105 znajdowa\u0107 si\u0119 poza granicami kraju; za pomoc\u0105 Espamob.com, u\u017cytkownik wyra\u017ca zgod\u0119 na przekazanie tych informacji do nich. Espamob.com nie b\u0119dzie wynaj\u0105\u0107 lub sprzeda\u0107 potencjalnie osobi\u015bcie identyfikacj\u0119 i dane osobowe dla ka\u017cdego. Inne ni\u017c do swoich pracownik\u00f3w, kontrahent\u00f3w i organizacji stowarzyszonych, jak opisano powy\u017cej, Espamob.com ujawnia potencjalnie osobi\u015bcie identyfikacj\u0119 i dane osobowe tylko wtedy, gdy jest to wymagane przez prawo lub gdy Espamob.com wierzy w dobrej wierze, \u017ce ujawnienie racjonalnie konieczne do ochrony w\u0142asno\u015bci lub praw Espamob.com, os\u00f3b trzecich lub og\u00f3\u0142u spo\u0142ecze\u0144stwa. Je\u017celi jeste\u015b zarejestrowanym u\u017cytkownikiem witryny Espamob.com i dostarczy\u0142y sw\u00f3j adres e-mail, Espamob.com mo\u017ce czasami wys\u0142a\u0107 e-mail do powiedzenia na temat nowych funkcji, zabiega\u0107 o swoj\u0105 opini\u0119 lub po prostu zachowa\u0107 si\u0119 na bie\u017c\u0105co z tym, co si\u0119 dzieje z Espamob.com i naszych produkt\u00f3w. Jeste\u015bmy przede wszystkim skorzysta\u0107 z naszego bloga, aby komunikowa\u0107 si\u0119 z tego typu informacji, wi\u0119c mo\u017cemy spodziewa\u0107 si\u0119 utrzymania tego typu e-mail do minimum. Je\u015bli wy\u015blesz do nas zapytanie (na przyk\u0142ad za po\u015brednictwem poczty elektronicznej lub za po\u015brednictwem wsparcia jednego z naszych mechanizm\u00f3w sprz\u0119\u017cenia zwrotnego), zastrzegamy sobie prawo do publikowania go, aby pom\u00f3c nam wyja\u015bni\u0107, czy odpowiedzie\u0107 na \u017c\u0105danie lub pom\u00f3c nam wsparcie innych u\u017cytkownik\u00f3w. Espamob.com podj\u0105\u0142 wszelkie \u015brodki niezb\u0119dne do uzyskania ochrony przed nieautoryzowanym dost\u0119pem, wykorzystaniem, zmian\u0105 lub zniszczeniem potencjalnie osobi\u015bcie identyfikacj\u0119 i dane osobowe.<\/span><\/p>\n<p>[\/vc_column_text][\/vc_column][\/vc_row][vc_row][vc_column][vc_custom_heading text=&#8221;Ciasteczka&#8221; use_theme_fonts=&#8221;yes&#8221;][vc_separator][vc_column_text]<\/p>\n<p style=\"text-align: justify;\"><span style=\"font-weight: 400;\">Cookie jest ci\u0105giem informacji, \u017ce strona przechowuje na komputerze u\u017cytkownika, a przegl\u0105darka odwiedzaj\u0105cego udost\u0119pnia na stronie internetowej za ka\u017cdym razem powraca go\u015bci. Espamob.com wykorzystuje cookies, aby pom\u00f3c Espamob.com identyfikowa\u0107 i \u015bledzi\u0107 odwiedzaj\u0105cych, ich wykorzystanie Espamob.com oraz ich stronie internetowej dost\u0119p preferences.Espamob.com U\u017cytkownicy, kt\u00f3rzy nie chc\u0105 lub ciasteczka zosta\u0142y umieszczone na swoich komputerach powinny okre\u015bla\u0107 swoje przegl\u0105darki, aby odm\u00f3wi\u0107 ciasteczka przed u\u017cyciem Espamob.<\/span><\/p>\n<p>[\/vc_column_text][\/vc_column][\/vc_row][vc_row][vc_column][vc_custom_heading text=&#8221;Privacy Policy Changes&#8221; use_theme_fonts=&#8221;yes&#8221;][vc_separator][vc_column_text]<\/p>\n<p style=\"text-align: justify;\">Although most changes are likely to be minor, Espamob.com may change its Privacy Policy from time to time, and in Espamob.com\u2019s sole discretion. Espamob.com encourages visitors to frequently check this page for any changes to its Privacy Policy. Your continued use of this site after any change in this Privacy Policy will constitute your acceptance of such change.<\/p>\n<p>[\/vc_column_text][\/vc_column][\/vc_row]<\/p>\n<\/div>","protected":false},"excerpt":{"rendered":"<p>[vc_row][vc_column][vc_custom_heading text=&#8221;Polityka prywatno\u015bci&#8221; font_container=&#8221;tag:h1|text_align:left&#8221; use_theme_fonts=&#8221;yes&#8221;][vc_separator][vc_column_text] Strony nale\u017c\u0105ce do Espamob.com (zwanych \u0142\u0105cznie w tym dokumencie &#8222;Espamob.com&#8221;) odnosz\u0105 si\u0119 do stron znajduj\u0105cych si\u0119 na serwerze Espamob.com\/eu, Espamob.com\/fr, Espamob.com\/it, Espamob.com\/plj, Espamob.com\/de i innych zwi\u0105zanych z nimi domenami i subdomenami. [\/vc_column_text][\/vc_column][\/vc_row][vc_row][vc_column][vc_custom_heading text=&#8221;U\u017cytkownicy odwiedzaj\u0105cy stron\u0119 internetow\u0105&#8221; use_theme_fonts=&#8221;yes&#8221;][vc_separator][vc_column_text] Podobnie jak wi\u0119kszo\u015b\u0107 operator\u00f3w witryn, Espamob.com zbiera dane nie osobowe, kt\u00f3re przegl\u0105darki internetowe<\/p>\n","protected":false},"author":1,"featured_media":0,"parent":0,"menu_order":0,"comment_status":"closed","ping_status":"closed","template":"","meta":{"footnotes":""},"class_list":["post-8481","page","type-page","status-publish","hentry"],"_links":{"self":[{"href":"https:\/\/espamob.com\/pl\/wp-json\/wp\/v2\/pages\/8481","targetHints":{"allow":["GET"]}}],"collection":[{"href":"https:\/\/espamob.com\/pl\/wp-json\/wp\/v2\/pages"}],"about":[{"href":"https:\/\/espamob.com\/pl\/wp-json\/wp\/v2\/types\/page"}],"author":[{"embeddable":true,"href":"https:\/\/espamob.com\/pl\/wp-json\/wp\/v2\/users\/1"}],"replies":[{"embeddable":true,"href":"https:\/\/espamob.com\/pl\/wp-json\/wp\/v2\/comments?post=8481"}],"version-history":[{"count":0,"href":"https:\/\/espamob.com\/pl\/wp-json\/wp\/v2\/pages\/8481\/revisions"}],"wp:attachment":[{"href":"https:\/\/espamob.com\/pl\/wp-json\/wp\/v2\/media?parent=8481"}],"curies":[{"name":"wp","href":"https:\/\/api.w.org\/{rel}","templated":true}]}}