{"id":8465,"date":"2016-12-07T11:28:19","date_gmt":"2016-12-07T11:28:19","guid":{"rendered":"https:\/\/www.espamob.com\/mobility-traineeships-in-spain\/"},"modified":"2023-11-21T15:56:47","modified_gmt":"2023-11-21T15:56:47","slug":"projekt-erasmus-w-hiszpanii","status":"publish","type":"page","link":"https:\/\/espamob.com\/pl\/projekt-erasmus-w-hiszpanii\/","title":{"rendered":"PL &#8211; Spain"},"content":{"rendered":"<div class=\"wpb-content-wrapper\"><p>[vc_row css=&#8221;.vc_custom_1700411405690{margin-top: -20px !important;background-image: url(https:\/\/espamob.com\/wp-content\/uploads\/2023\/11\/Hiszpanii-1.webp?id=20534) !important;background-position: center !important;background-repeat: no-repeat !important;background-size: cover !important;}&#8221; conditional_render=&#8221;%5B%7B%22value_role%22%3A%22administrator%22%7D%5D&#8221;][vc_column][vc_empty_space height=&#8221;220&#8243;][vc_custom_heading text=&#8221;Hiszpania: 1. miejsce docelowe dla praktyk w ramach programu Erasmus Plus&#8221; font_container=&#8221;tag:h1|font_size:27|text_align:center|color:%23ffffff&#8221; use_theme_fonts=&#8221;yes&#8221; el_class=&#8221;h1blancocentro&#8221; css=&#8221;.vc_custom_1700497246086{background-color: rgba(136,136,136,0.3) !important;*background-color: rgb(136,136,136) !important;}&#8221;][vc_empty_space height=&#8221;15&#8243;][\/vc_column][\/vc_row][vc_row awb_type=&#8221;image&#8221; awb_stretch=&#8221;1&#8243; css=&#8221;.vc_custom_1637858238286{margin-top: -20px !important;}&#8221;][vc_column][vc_empty_space height=&#8221;40&#8243;][vc_raw_html]JTNDbmF2JTIwYXJpYS1sYWJlbCUzRCUyMmJyZWFkY3J1bWIlMjIlM0UlMEElMjAlMjAlM0NvbCUyMGNsYXNzJTNEJTIyYnJlYWRjcnVtYiUyMiUzRSUwQSUyMCUyMCUyMCUyMCUzQ2xpJTIwY2xhc3MlM0QlMjJicmVhZGNydW1iLWl0ZW0lMjIlM0UlM0NhJTIwaHJlZiUzRCUyMmh0dHBzJTNBJTJGJTJGd3d3LmVzcGFtb2IuY29tJTJGcGwlMkYlMjIlM0VIb21lJTNDJTJGYSUzRSUzQyUyRmxpJTNFJTBBJTIwJTIwJTIwJTIwJTNDbGklMjBjbGFzcyUzRCUyMmJyZWFkY3J1bWItaXRlbSUyMGFjdGl2ZSUyMiUyMGFyaWEtY3VycmVudCUzRCUyMnBhZ2UlMjIlM0VOYXN6ZSUyMHByb2pla3R5JTIwdyUyMEhpc3pwYW5paSUzQyUyRmxpJTNFJTBBJTIwJTIwJTNDJTJGb2wlM0UlMEElM0MlMkZuYXYlM0U=[\/vc_raw_html][\/vc_column][\/vc_row][vc_row css=&#8221;.vc_custom_1637857913847{padding-top: 20px !important;}&#8221;][vc_column width=&#8221;2\/3&#8243;][vc_custom_heading text=&#8221;Erasmus Plus w Hiszpanii: 4 najbardziej niesamowite miejsca&#8221; use_theme_fonts=&#8221;yes&#8221; css=&#8221;.vc_custom_1700498215200{margin-bottom: 15px !important;}&#8221;][vc_separator][vc_column_text]<span style=\"font-weight: 400;\"><a href=\"https:\/\/www.spain.info\/pl\" target=\"_blank\" rel=\"noopener\">Hiszpania<\/a>: dzi\u0119ki swojej dynamice sta\u0142a si\u0119 g\u0142\u00f3wnym graczem w europejskich programach mobilno\u015bci i prawdziwym rajem kulturowym, niezb\u0119dnym dla europejskich program\u00f3w mobilno\u015bci Erasmus Plus.<\/span><\/p>\n<p><span style=\"font-weight: 400;\">J\u0119zyk Don Kichota jest drugim najcz\u0119\u015bciej u\u017cywanym j\u0119zykiem na \u015bwiecie i trzecim najcz\u0119\u015bciej u\u017cywanym j\u0119zykiem w \u015bwiecie biznesu. Dzi\u0119ki \u015br\u00f3dziemnomorskiemu klimatowi i mo\u017cliwo\u015bciom turystycznym Hiszpania daje uczestnikom mo\u017cliwo\u015b\u0107 skorzystania z nowoczesno\u015bci i autentyczno\u015bci infrastruktury w regionach \u015br\u00f3dziemnomorskich.<\/span><\/p>\n<p><span style=\"font-weight: 400;\">Dzi\u0119ki do\u015bwiadczeniu<a href=\"https:\/\/www.ies-consulting.com\/pl\" target=\"_blank\" rel=\"noopener\"> IES Consulting Group<\/a>, kt\u00f3ra od 2005 roku rozwija du\u017c\u0105 sie\u0107 firm partnerskich w zakresie praktyk zawodowych finansowanych z program\u00f3w Erasmus Plus, Espamob&#8217; oferuje obecnie wszystkie narz\u0119dzia potrzebne do realizacji projekt\u00f3w mobilno\u015bci. Dajemy uczestnikom mo\u017cliwo\u015b\u0107 zdobycia nowych umiej\u0119tno\u015bci zawodowych i osobistych.<\/span><\/p>\n<p><span style=\"font-weight: 400;\">Przyjed\u017a i odkryj Hiszpani\u0119, ten fascynuj\u0105cy europejski kraj, i poznaj nasze wyj\u0105tkowe miejsca docelowe dla Twojej mobilno\u015bci. Niezale\u017cnie od tego, czy chcesz poprawi\u0107 swoje umiej\u0119tno\u015bci zawodowe, rozwin\u0105\u0107 mi\u0119dzynarodow\u0105 sie\u0107 kontakt\u00f3w, czy po prostu cieszy\u0107 si\u0119 wyj\u0105tkowym do\u015bwiadczeniem kulturowym, Hiszpania jest idealnym miejscem na mobilno\u015b\u0107 w ramach programu Erasmus plus. W Espamob&#8217; oferujemy sta\u017ce dostosowane do Twoich potrzeb i aspiracji. <a href=\"https:\/\/espamob.com\/pl\/kontakt-z-polskim-konsultantem\">Skontaktuj si\u0119 z nami<\/a> ju\u017c teraz, aby dowiedzie\u0107 si\u0119 wi\u0119cej o naszych miejscach praktyk w Hiszpanii i rozpocz\u0105\u0107 planowanie niezapomnianego wyjazdu na praktyki.<\/span>[\/vc_column_text][vc_empty_space][vc_row_inner][vc_column_inner width=&#8221;1\/2&#8243;]<div id=\"modal-trg-txt-wrap-5100\" class=\"ult-modal-input-wrapper ult-adjust-bottom-margin    \" data-keypress-control=\"keypress-control-enable\" data-overlay-control=\"overlay-control-enable\"><button  data-ultimate-target='#modal-trg-txt-wrap-5100 .btn-modal'  data-responsive-json-new='{\"font-size\":\"\",\"line-height\":\"\"}'  style=\"background:#e2001a;border-color:#e2001a;color:#FFFFFF; \" data-class-id=\"content-69e8c1a5744ad6-43125385\" class=\"btn-modal ult-responsive btn-primary btn-modal-md overlay-show ult-align-center btn-id-69e8c1a5744ad6-43125385\" data-overlay-class=\"overlay-cornerbottomleft\">Popro\u015b o bezp\u0142atn\u0105 wycen\u0119<\/button><\/div>\n<div class=\"ult-overlay content-69e8c1a5744ad6-43125385 \" data-class=\"content-69e8c1a5744ad6-43125385\" id=\"button-click-overlay\" style=\"background:rgba(51,51,51,0.8); display:none;\">\n\t<div class=\"ult_modal ult-fade ult-medium\">\n\t\t<div id=\"ult-modal-wrap-4528\" class=\"ult_modal-content ult-hide\" style=\"border-style:solid;border-width:2px;border-radius:0px;border-color:#333333;\">\n\t\t\t<div class=\"ult_modal-header\" style=\"color:#333333;border-color:#333333;\">\n\t\t\t\t<h3  data-ultimate-target='#ult-modal-wrap-4528 .ult_modal-title'  data-responsive-json-new='{\"font-size\":\"\",\"line-height\":\"\"}'  class=\"ult_modal-title ult-responsive\">Popro\u015b o bezp\u0142atn\u0105 wycen\u0119<\/h3>\n\t\t\t<\/div>\n\t\t\t<div  data-ultimate-target='#ult-modal-wrap-4528 .ult_modal-body'  data-responsive-json-new='{\"font-size\":\"\",\"line-height\":\"\"}'  class=\"ult_modal-body ult-responsive ult-html\" style=\"\">\n\t\t\t<\/p>\n<p>[caldera_form id=&#8221;CF6149e02688efa&#8221;]<\/p>\n<p>\n\t\t\t<\/div>\n\t<\/div>\n\t<\/div>\n\t<div class=\"ult-overlay-close top-right\" style=\"width:80px;height:80px; \"><div class=\"ult-overlay-close-inside\">Close<\/div><\/div>\n<\/div>[\/vc_column_inner][vc_column_inner width=&#8221;1\/2&#8243;][vc_btn title=&#8221;Skontaktuj si\u0119 z ekspertem&#8221; style=&#8221;custom&#8221; custom_background=&#8221;#e3001a&#8221; custom_text=&#8221;#ffffff&#8221; size=&#8221;lg&#8221; align=&#8221;center&#8221; link=&#8221;url:https%3A%2F%2Fespamob.com%2Fpl%2Fkontakt-z-polskim-konsultantem|title:Kontakt&#8221;][\/vc_column_inner][\/vc_row_inner][\/vc_column][vc_column width=&#8221;1\/3&#8243;][vc_custom_heading text=&#8221;Barcelonie&#8221; use_theme_fonts=&#8221;yes&#8221; css=&#8221;.vc_custom_1700497308336{margin-bottom: 15px !important;}&#8221;][vc_separator][vc_column_text]<\/p>\n<p style=\"text-align: justify;\"><span style=\"font-weight: 400;\"><a href=\"https:\/\/espamob.com\/pl\/projekt-erasmus-w-hiszpanii\/barcelona\">Barcelona<\/a> jest najpopularniejszym miejscem dla student\u00f3w programu Erasmus Plus poszukuj\u0105cych niezapomnianych praktyk zawodowych. Espamob specjalizuje si\u0119 w organizowaniu dostosowanych do potrzeb praktyk Erasmus Plus w Barcelonie, oferuj\u0105c szeroki wyb\u00f3r <a href=\"https:\/\/espamob.com\/pl\/praktyki-zawodowe-erasmus\">sektor\u00f3w praktyk<\/a>, od bran\u017c kreatywnych po zaawansowane technologie, turystyk\u0119, handel i finanse. <\/span><\/p>\n<p style=\"text-align: justify;\"><span style=\"font-weight: 400;\">\u015aci\u015ble wsp\u00f3\u0142pracujemy z naszymi lokalnymi partnerami, aby zaoferowa\u0107 Ci wyj\u0105tkowe do\u015bwiadczenie sta\u017cowe, dostosowane do Twoich potrzeb i aspiracji zawodowych. Niezale\u017cnie od tego, czy chcesz poprawi\u0107 sw\u00f3j hiszpa\u0144ski, rozwin\u0105\u0107 umiej\u0119tno\u015bci zawodowe, czy zanurzy\u0107 si\u0119 w innej kulturze, nasz zesp\u00f3\u0142 ekspert\u00f3w wesprze Ci\u0119 na ka\u017cdym kroku podczas praktyk Erasmus Plus w Barcelonie. Skontaktuj si\u0119 z nami ju\u017c teraz, aby rozpocz\u0105\u0107 ekscytuj\u0105cy sta\u017c w Barcelonie.<\/span><\/p>\n<p>[\/vc_column_text][\/vc_column][\/vc_row][vc_row][vc_column][vc_custom_heading text=&#8221;Praktyki i mobilno\u015b\u0107 w ramach programu Erasmus plus w Barcelonie&#8221; use_theme_fonts=&#8221;yes&#8221; css=&#8221;.vc_custom_1700497365982{margin-bottom: 15px !important;}&#8221;][vc_separator][vc_row_inner][vc_column_inner width=&#8221;1\/2&#8243;][vc_single_image image=&#8221;7753&#8243; img_size=&#8221;560&#215;240&#8243;][\/vc_column_inner][vc_column_inner width=&#8221;1\/2&#8243;][vc_column_text]<span style=\"font-weight: 400;\">\u00a0Katalonia to autonomiczny region Hiszpanii o powierzchni oko\u0142o 32 000 km\u00b2, granicz\u0105cy od p\u00f3\u0142nocy z Francj\u0105 i Andor\u0105, od wschodu z Morzem \u015ar\u00f3dziemnym, od po\u0142udnia z Walencj\u0105, a od zachodu z Aragoni\u0105.<\/span><\/p>\n<p><span style=\"font-weight: 400;\">Barcelona, licz\u0105ca ponad 1,6 miliona mieszka\u0144c\u00f3w, jest drugim co do wielko\u015bci miastem Hiszpanii i popularnym miejscem docelowym praktyk Erasmus Plus w Hiszpanii.<\/span><\/p>\n<p><span style=\"font-weight: 400;\">Miasto s\u0142ynie z pr\u0119\u017cnie rozwijaj\u0105cego si\u0119 sektora przemys\u0142owego, budowlanego, us\u0142ugowego i turystycznego. Sektory te s\u0105 g\u0142\u00f3wnym \u017ar\u00f3d\u0142em dochodu Barcelony, co czyni j\u0105 idealnym miejscem na praktyki Erasmus Plus w Hiszpanii.<\/span><\/p>\n<p><span style=\"font-weight: 400;\">J\u0119zyki lokalne: hiszpa\u0144ski i katalo\u0144ski<\/span>[\/vc_column_text][vc_btn title=&#8221;Wi\u0119cej informacji&#8221; style=&#8221;custom&#8221; custom_background=&#8221;#e3001a&#8221; custom_text=&#8221;#ffffff&#8221; shape=&#8221;rounded&#8221; align=&#8221;left&#8221; link=&#8221;url:https%3A%2F%2Fespamob.com%2Fpl%2Fprojekt-erasmus-w-hiszpanii%2Fbarcelona%2F&#8221;][\/vc_column_inner][\/vc_row_inner][\/vc_column][\/vc_row][vc_row][vc_column][vc_custom_heading text=&#8221;Praktyki i mobilno\u015b\u0107 w ramach programu Erasmus w Walencji&#8221; google_fonts=&#8221;font_family:Open%20Sans%3A300%2C300italic%2Cregular%2Citalic%2C600%2C600italic%2C700%2C700italic%2C800%2C800italic|font_style:300%20light%20regular%3A300%3Anormal&#8221;][vc_separator][vc_row_inner][vc_column_inner width=&#8221;1\/2&#8243;][vc_single_image image=&#8221;17233&#8243; img_size=&#8221;560&#215;240&#8243;][\/vc_column_inner][vc_column_inner width=&#8221;1\/2&#8243;][vc_column_text]<span style=\"font-weight: 400;\">Wsp\u00f3lnota Walencji to autonomiczny region Hiszpanii o powierzchni oko\u0142o 23 tys. km\u00b2. Od p\u00f3\u0142nocy graniczy z Kataloni\u0105, od wschodu z Morzem \u015ar\u00f3dziemnym, od po\u0142udnia z regionem Murcja, a od zachodu z regionami Kastylia-La Mancha i Aragonia. Sk\u0142ada si\u0119 z trzech prowincji: Alicante, Castell\u00f3n i Walencji, przy czym w tej ostatniej znajduje si\u0119 stolica regionu, miasto Walencja.<\/span><\/p>\n<p><span style=\"font-weight: 400;\">Wsp\u00f3lnota Walencji liczy nieco ponad 5 000 000 mieszka\u0144c\u00f3w. Rolnictwo, w szczeg\u00f3lno\u015bci produkcja owoc\u00f3w cytrusowych, przemys\u0142, us\u0142ugi i turystyka s\u0105 g\u0142\u00f3wnymi \u017ar\u00f3d\u0142ami gospodarczymi regionu, co czyni go popularnym miejscem na praktyki zawodowe w Hiszpanii.<\/span><\/p>\n<p><span style=\"font-weight: 400;\">J\u0119zyki lokalne: hiszpa\u0144ski i walencki<\/span>[\/vc_column_text][vc_btn title=&#8221;Wi\u0119cej informacji&#8221; style=&#8221;custom&#8221; custom_background=&#8221;#e3001a&#8221; custom_text=&#8221;#ffffff&#8221; shape=&#8221;rounded&#8221; align=&#8221;left&#8221; link=&#8221;url:https%3A%2F%2Fespamob.com%2Fpl%2Fprojekt-erasmus-w-hiszpanii%2Fwalencja|title:Walencja&#8221;][\/vc_column_inner][\/vc_row_inner][\/vc_column][\/vc_row][vc_row][vc_column][vc_custom_heading text=&#8221;Praktyki i mobilno\u015b\u0107 w ramach programu Erasmus na Balearach&#8221; use_theme_fonts=&#8221;yes&#8221; css=&#8221;.vc_custom_1700497654455{margin-bottom: 15px !important;}&#8221;][vc_separator][vc_row_inner][vc_column_inner width=&#8221;1\/2&#8243;][vc_single_image image=&#8221;7749&#8243; img_size=&#8221;560&#215;240&#8243;][\/vc_column_inner][vc_column_inner width=&#8221;1\/2&#8243;][vc_column_text]<\/p>\n<p style=\"text-align: justify;\"><span style=\"font-weight: 400;\">Ten ma\u0142y raj turystyczny zlokalizowany na morzu \u015br\u00f3dziemnym sk\u0142ada si\u0119 z wysp: Majorki, Ibizy, Menorki i Formentery. <\/span><b>Espamob<\/b><span style=\"font-weight: 400;\"> pracuje z wieloma firmami zlokalizowanymi na najwi\u0119kszych wyspach, kt\u00f3re przyjmuj\u0105 uczestnik\u00f3w na praktyki zawodowe w turystyce i gastronomii. Z naszej oferty organizacji projekt\u00f3w europejskich na archipelagu tych wysp skorzysta\u0142o do tej pory wiele szk\u00f3\u0142 o profilu hotelarskim, realizuj\u0105c praktyki w luksusowych hotelach. Ze wzgl\u0119du na du\u017cy nap\u0142yw turyst\u00f3w z Niemiec i Holandii istnieje du\u017ca preferencja dla uczni\u00f3w m\u00f3wi\u0105cych w tych j\u0119zykach.<\/span><\/p>\n<p style=\"text-align: justify;\"><span style=\"font-weight: 400;\">J\u0119zyki lokalne: hiszpa\u0144ski i katalo\u0144ski<\/span><\/p>\n<p>[\/vc_column_text][vc_btn title=&#8221;Wi\u0119cej informacji&#8221; style=&#8221;custom&#8221; custom_background=&#8221;#e3001a&#8221; custom_text=&#8221;#ffffff&#8221; shape=&#8221;rounded&#8221; align=&#8221;left&#8221; link=&#8221;url:https%3A%2F%2Fespamob.com%2Fpl%2Fprojekt-erasmus-w-hiszpanii%2Fbaleary%2F&#8221;][\/vc_column_inner][\/vc_row_inner][\/vc_column][\/vc_row][vc_row][vc_column][vc_custom_heading text=&#8221;Praktyki i mobilno\u015b\u0107 w ramach programu Erasmus na Wyspach Kanaryjskich&#8221; use_theme_fonts=&#8221;yes&#8221; css=&#8221;.vc_custom_1700497688223{margin-bottom: 15px !important;}&#8221;][vc_separator][vc_row_inner][vc_column_inner width=&#8221;1\/2&#8243;][vc_single_image image=&#8221;7745&#8243; img_size=&#8221;560&#215;240&#8243;][\/vc_column_inner][vc_column_inner width=&#8221;1\/2&#8243;][vc_column_text]<\/p>\n<p style=\"text-align: justify;\"><span style=\"font-weight: 400;\">Archipelag wysp kanaryjskich zlokalizowany jest na oceanie atlantyckim i sk\u0142ada si\u0119 z 7 wysp: El Hierro, La Gomery, La Palmy, Teneryfy, Fuerteventury, Gran Canarii i Lanzarote. Ten egzotyczny region Hiszpanii proponuje odwiedzaj\u0105cym turystom wy\u015bmienit\u0105 pogod\u0119 przez ca\u0142y rok. Dzi\u0119ki temu istnieje mo\u017cliwo\u015b\u0107 organizacji projekt\u00f3w w sektorze turystycznym o ka\u017cdej pore roku. <\/span><b>Espamob<\/b><span style=\"font-weight: 400;\"> wsp\u00f3\u0142pracuje z luksusowymi hotelami, gdzie organizujemy praktyki zawodowe w hotelarstwie pod okiem do\u015bwiadczonych tutor\u00f3w z wieloletnim do\u015bwiadczeniem i pozytywnym nastawieniem, kt\u00f3rym cechuj\u0105 si\u0119 mieszka\u0144cy wysp kanaryjskich.<\/span><\/p>\n<p style=\"text-align: justify;\"><span style=\"font-weight: 400;\">J\u0119zyk lokalny: Hiszpa\u0144ski<\/span><\/p>\n<p>[\/vc_column_text][vc_btn title=&#8221;Wi\u0119cej informacji&#8221; style=&#8221;custom&#8221; custom_background=&#8221;#e3001a&#8221; custom_text=&#8221;#ffffff&#8221; shape=&#8221;rounded&#8221; align=&#8221;left&#8221; link=&#8221;url:https%3A%2F%2Fespamob.com%2Fpl%2Fprojekt-erasmus-w-hiszpanii%2Fwyspy-kanaryjskie%2F&#8221;][\/vc_column_inner][\/vc_row_inner][\/vc_column][\/vc_row][vc_row full_width=&#8221;stretch_row&#8221; css=&#8221;.vc_custom_1700067642639{padding-top: 50px !important;padding-bottom: 50px !important;background-color: #f8f893 !important;}&#8221; conditional_render=&#8221;%5B%7B%22value_role%22%3A%22administrator%22%7D%5D&#8221;][vc_column][vc_custom_heading text=&#8221;Popro\u015b o bezp\u0142atn\u0105 wycen\u0119&#8221; font_container=&#8221;tag:h2|text_align:center&#8221; google_fonts=&#8221;font_family:Open%20Sans%3A300%2C300italic%2Cregular%2Citalic%2C600%2C600italic%2C700%2C700italic%2C800%2C800italic|font_style:300%20light%20regular%3A300%3Anormal&#8221;][vc_column_text]Masz pomys\u0142 na projekt Erasmus+ w Hiszpanii i szukasz zaufanej agencji, kt\u00f3ra Ci\u0119 wesprze? <strong>Espamob<\/strong>&#8217; jest tutaj, aby Ci pom\u00f3c! Oferujemy bezp\u0142atn\u0105 i niezobowi\u0105zuj\u0105c\u0105 wycen\u0119, kt\u00f3ra pomo\u017ce Ci zarz\u0105dza\u0107 projektem mobilno\u015bci. Dzi\u0119ki naszemu do\u015bwiadczeniu i sieci firm partnerskich mo\u017cemy zaoferowa\u0107 spersonalizowane wsparcie, aby spe\u0142ni\u0107 Twoje specyficzne potrzeby. Skontaktuj si\u0119 z nami ju\u017c teraz, aby om\u00f3wi\u0107 sw\u00f3j projekt i otrzyma\u0107 bezp\u0142atn\u0105 wycen\u0119.[\/vc_column_text]<div id=\"modal-trg-txt-wrap-5020\" class=\"ult-modal-input-wrapper ult-adjust-bottom-margin    \" data-keypress-control=\"keypress-control-enable\" data-overlay-control=\"overlay-control-enable\"><style>\n\t\t\t\t\t.btn-modal.btn-id-69e8c1a5745ab9-19174218:hover {\n\t\t\t\t\t\tbackground-color: #e20000 !important;\n\t\t\t\t\t}\n\t\t\t\t\t<\/style><button  data-ultimate-target='#modal-trg-txt-wrap-5020 .btn-modal'  data-responsive-json-new='{\"font-size\":\"\",\"line-height\":\"\"}'  style=\"background:#888888;border-color:#888888;color:#FFFFFF; \" data-class-id=\"content-69e8c1a5745ab9-19174218\" class=\"btn-modal ult-responsive btn-primary btn-modal-md overlay-show ult-align-center btn-id-69e8c1a5745ab9-19174218\" data-overlay-class=\"overlay-cornerbottomleft\">ZAM\u00d3W BEZP\u0141ATN\u0104 WYCEN\u0118<\/button><\/div>\n<div class=\"ult-overlay content-69e8c1a5745ab9-19174218 \" data-class=\"content-69e8c1a5745ab9-19174218\" id=\"button-click-overlay\" style=\"background:rgba(51,51,51,0.8); display:none;\">\n\t<div class=\"ult_modal ult-fade ult-medium\">\n\t\t<div id=\"ult-modal-wrap-1812\" class=\"ult_modal-content ult-hide\" style=\"border-style:solid;border-width:2px;border-radius:0px;border-color:#333333;\">\n\t\t\t<div class=\"ult_modal-header\" style=\"color:#333333;border-color:#333333;\">\n\t\t\t\t<h3  data-ultimate-target='#ult-modal-wrap-1812 .ult_modal-title'  data-responsive-json-new='{\"font-size\":\"\",\"line-height\":\"\"}'  class=\"ult_modal-title ult-responsive\">ZAM\u00d3W BEZP\u0141ATN\u0104 WYCEN\u0118<\/h3>\n\t\t\t<\/div>\n\t\t\t<div  data-ultimate-target='#ult-modal-wrap-1812 .ult_modal-body'  data-responsive-json-new='{\"font-size\":\"\",\"line-height\":\"\"}'  class=\"ult_modal-body ult-responsive ult-html\" style=\"\">\n\t\t\t<\/p>\n<p>[caldera_form id=&#8221;CF6149e02688efa&#8221;]<\/p>\n<p>\n\t\t\t<\/div>\n\t<\/div>\n\t<\/div>\n\t<div class=\"ult-overlay-close top-right\" style=\"width:80px;height:80px; \"><div class=\"ult-overlay-close-inside\">Close<\/div><\/div>\n<\/div>[\/vc_column][\/vc_row][vc_row][vc_column][vc_custom_heading text=&#8221;Najcz\u0119\u015bciej zadawane pytania dotycz\u0105ce praktyk zawodowych w Hiszpanii&#8221; use_theme_fonts=&#8221;yes&#8221; css=&#8221;.vc_custom_1700497734343{margin-bottom: 15px !important;}&#8221;][vc_separator][vc_toggle title=&#8221;Czym jest praktyka zawodowa Erasmus Plus w Hiszpanii?&#8221; css=&#8221;.vc_custom_1700497748901{background-color: #ffffff !important;}&#8221;]<span style=\"font-weight: 400;\">Praktyki zawodowe w Hiszpanii w ramach programu Erasmus Plus to oferowana studentom przez Uni\u0119 Europejsk\u0105 mo\u017cliwo\u015b\u0107 odbycia cz\u0119\u015bci studi\u00f3w lub szkolenia zawodowego za granic\u0105. Jest to program wymiany uniwersyteckiej i szkolnej, kt\u00f3ry promuje umi\u0119dzynarodowienie edukacji. Ka\u017cdego roku wiele miast w Hiszpanii przyjmuje tysi\u0105ce m\u0142odych ludzi w ramach wymiany europejskiej.<\/span>[\/vc_toggle][vc_toggle title=&#8221;Jak mog\u0119 zorganizowa\u0107 praktyki Erasmus Plus dla moich uczni\u00f3w?&#8221;]<span style=\"font-weight: 400;\">Jako nauczyciel mo\u017cesz wsp\u00f3\u0142pracowa\u0107 ze swoj\u0105 szko\u0142\u0105 i uczelniami partnerskimi w Hiszpanii w celu zorganizowania praktyki w ramach programu Erasmus Plus. Mo\u017ce to obejmowa\u0107 koordynacj\u0119 kurs\u00f3w, projekt\u00f3w badawczych i innych aspekt\u00f3w szkolenia akademickiego.<\/span><\/p>\n<p><span style=\"font-weight: 400;\">Mo\u017cesz skontaktowa\u0107 si\u0119 z jednym z naszych ekspert\u00f3w Espamob, kt\u00f3ry wesprze Ci\u0119 od A do Z w zarz\u0105dzaniu projektem Erasmus Plus.<\/span>[\/vc_toggle][vc_toggle title=&#8221;Ile kosztuj\u0105 praktyki Erasmus Plus w Hiszpanii?&#8221;]<span style=\"font-weight: 400;\">Koszt praktyki Erasmus Plus mo\u017ce si\u0119 r\u00f3\u017cni\u0107 w zale\u017cno\u015bci od kilku czynnik\u00f3w, w tym miasta docelowego, d\u0142ugo\u015bci pobytu i stylu \u017cycia studenta. Studenci mog\u0105 jednak skorzysta\u0107 z dotacji, takich jak stypendium Erasmus Plus, aby pokry\u0107 koszty.<\/span><\/p>\n<p><span style=\"font-weight: 400;\">Wysoko\u015b\u0107 stypendium Erasmus Plus zale\u017cy od wielu czynnik\u00f3w, w tym koszt\u00f3w utrzymania w kraju docelowym, d\u0142ugo\u015bci sta\u017cu i poziomu studi\u00f3w studenta.<\/span><\/p>\n<p><span style=\"font-weight: 400;\">Skontaktuj si\u0119 z nami, aby uzyska\u0107 wi\u0119cej informacji.<\/span>[\/vc_toggle][vc_toggle title=&#8221;Jakie s\u0105 zalety praktyki Erasmus Plus w Hiszpanii dla moich student\u00f3w?&#8221;]<span style=\"font-weight: 400;\">Praktyka Erasmus Plus w Hiszpanii oferuje studentom wyj\u0105tkow\u0105 okazj\u0119 do \u017cycia i studiowania w innym kraju europejskim, doskonalenia umiej\u0119tno\u015bci j\u0119zykowych, zapoznania si\u0119 z now\u0105 kultur\u0105 i rozwini\u0119cia mi\u0119dzynarodowej perspektywy w swojej dziedzinie studi\u00f3w lub szkolenia.<\/span>[\/vc_toggle][vc_empty_space][\/vc_column][\/vc_row][vc_row][vc_column][vc_single_image image=&#8221;15599&#8243; img_size=&#8221;full&#8221; alignment=&#8221;center&#8221; animation_delay=&#8221;100&#8243; animation_type=&#8221;rollIn&#8221; el_class=&#8221;.imagenyourerasmus&#8221; css=&#8221;.vc_custom_1688481968167{margin-top: -15px !important;margin-bottom: -15px !important;}&#8221;][\/vc_column][\/vc_row]<\/p>\n<\/div>","protected":false},"excerpt":{"rendered":"<p>[vc_row css=&#8221;.vc_custom_1700411405690{margin-top: -20px !important;background-image: url(https:\/\/espamob.com\/wp-content\/uploads\/2023\/11\/Hiszpanii-1.webp?id=20534) !important;background-position: center !important;background-repeat: no-repeat !important;background-size: cover !important;}&#8221; conditional_render=&#8221;%5B%7B%22value_role%22%3A%22administrator%22%7D%5D&#8221;][vc_column][vc_empty_space height=&#8221;220&#8243;][vc_custom_heading text=&#8221;Hiszpania: 1. miejsce docelowe dla praktyk w ramach programu Erasmus Plus&#8221; font_container=&#8221;tag:h1|font_size:27|text_align:center|color:%23ffffff&#8221; use_theme_fonts=&#8221;yes&#8221; el_class=&#8221;h1blancocentro&#8221; css=&#8221;.vc_custom_1700497246086{background-color: rgba(136,136,136,0.3) !important;*background-color: rgb(136,136,136) !important;}&#8221;][vc_empty_space height=&#8221;15&#8243;][\/vc_column][\/vc_row][vc_row awb_type=&#8221;image&#8221; awb_stretch=&#8221;1&#8243; css=&#8221;.vc_custom_1637858238286{margin-top: -20px !important;}&#8221;][vc_column][vc_empty_space height=&#8221;40&#8243;][vc_raw_html]JTNDbmF2JTIwYXJpYS1sYWJlbCUzRCUyMmJyZWFkY3J1bWIlMjIlM0UlMEElMjAlMjAlM0NvbCUyMGNsYXNzJTNEJTIyYnJlYWRjcnVtYiUyMiUzRSUwQSUyMCUyMCUyMCUyMCUzQ2xpJTIwY2xhc3MlM0QlMjJicmVhZGNydW1iLWl0ZW0lMjIlM0UlM0NhJTIwaHJlZiUzRCUyMmh0dHBzJTNBJTJGJTJGd3d3LmVzcGFtb2IuY29tJTJGcGwlMkYlMjIlM0VIb21lJTNDJTJGYSUzRSUzQyUyRmxpJTNFJTBBJTIwJTIwJTIwJTIwJTNDbGklMjBjbGFzcyUzRCUyMmJyZWFkY3J1bWItaXRlbSUyMGFjdGl2ZSUyMiUyMGFyaWEtY3VycmVudCUzRCUyMnBhZ2UlMjIlM0VOYXN6ZSUyMHByb2pla3R5JTIwdyUyMEhpc3pwYW5paSUzQyUyRmxpJTNFJTBBJTIwJTIwJTNDJTJGb2wlM0UlMEElM0MlMkZuYXYlM0U=[\/vc_raw_html][\/vc_column][\/vc_row][vc_row css=&#8221;.vc_custom_1637857913847{padding-top: 20px !important;}&#8221;][vc_column width=&#8221;2\/3&#8243;][vc_custom_heading text=&#8221;Erasmus Plus w Hiszpanii: 4 najbardziej niesamowite miejsca&#8221; use_theme_fonts=&#8221;yes&#8221; css=&#8221;.vc_custom_1700498215200{margin-bottom: 15px<\/p>\n","protected":false},"author":1,"featured_media":0,"parent":0,"menu_order":0,"comment_status":"closed","ping_status":"closed","template":"","meta":{"footnotes":""},"class_list":["post-8465","page","type-page","status-publish","hentry"],"_links":{"self":[{"href":"https:\/\/espamob.com\/pl\/wp-json\/wp\/v2\/pages\/8465","targetHints":{"allow":["GET"]}}],"collection":[{"href":"https:\/\/espamob.com\/pl\/wp-json\/wp\/v2\/pages"}],"about":[{"href":"https:\/\/espamob.com\/pl\/wp-json\/wp\/v2\/types\/page"}],"author":[{"embeddable":true,"href":"https:\/\/espamob.com\/pl\/wp-json\/wp\/v2\/users\/1"}],"replies":[{"embeddable":true,"href":"https:\/\/espamob.com\/pl\/wp-json\/wp\/v2\/comments?post=8465"}],"version-history":[{"count":0,"href":"https:\/\/espamob.com\/pl\/wp-json\/wp\/v2\/pages\/8465\/revisions"}],"wp:attachment":[{"href":"https:\/\/espamob.com\/pl\/wp-json\/wp\/v2\/media?parent=8465"}],"curies":[{"name":"wp","href":"https:\/\/api.w.org\/{rel}","templated":true}]}}