{"id":26794,"date":"2026-01-14T14:17:48","date_gmt":"2026-01-14T14:17:48","guid":{"rendered":"https:\/\/www.espamob.com\/demande-de-devis\/"},"modified":"2026-02-09T15:58:51","modified_gmt":"2026-02-09T15:58:51","slug":"popros-o-wy-cene","status":"publish","type":"page","link":"https:\/\/espamob.com\/pl\/popros-o-wy-cene\/","title":{"rendered":"POPRO\u015a O WY CEN\u0118"},"content":{"rendered":"<div class=\"wpb-content-wrapper\"><p>[vc_row][vc_column][vc_column_text]<style id=\"wpforms-css-vars-26984\">\n\t\t\t\t#wpforms-26984 {\n\t\t\t\t--wpforms-field-border-size: 3px;\n--wpforms-field-border-radius: 15px;\n--wpforms-field-border-color: #ff0000;\n--wpforms-field-border-color-spare: #ff0000;\n--wpforms-field-text-color: #041941;\n--wpforms-label-color: #fcfcfc;\n--wpforms-label-sublabel-color: #ffffff;\n--wpforms-button-border-radius: 5px;\n--wpforms-button-background-color: #e3001a;\n--wpforms-button-text-color: #ffe033;\n--wpforms-container-padding: 20px;\n--wpforms-container-border-style: solid;\n--wpforms-container-border-width: 50px;\n--wpforms-container-border-radius: 10px;\n--wpforms-container-border-color: #041941;\n--wpforms-background-color: #041941;\n--wpforms-background-image: library;\n--wpforms-background-position: top center;\n--wpforms-background-size: 1200px 800px;\n--wpforms-field-size-input-height: 43px;\n--wpforms-field-size-input-spacing: 15px;\n--wpforms-field-size-font-size: 16px;\n--wpforms-field-size-line-height: 19px;\n--wpforms-field-size-padding-h: 14px;\n--wpforms-field-size-checkbox-size: 16px;\n--wpforms-field-size-sublabel-spacing: 5px;\n--wpforms-field-size-icon-size: 1;\n--wpforms-label-size-font-size: 18px;\n--wpforms-label-size-line-height: 21px;\n--wpforms-label-size-sublabel-font-size: 16px;\n--wpforms-label-size-sublabel-line-height: 19px;\n--wpforms-button-size-font-size: 20px;\n--wpforms-button-size-height: 48px;\n--wpforms-button-size-padding-h: 20px;\n--wpforms-button-size-margin-top: 15px;\n--wpforms-container-shadow-size-box-shadow: none;\n\t\t\t}\n\t\t\t<\/style><div class=\"wpforms-container wpforms-container-full wpforms-render-modern\" id=\"wpforms-26984\"><form id=\"wpforms-form-26984\" class=\"wpforms-validate wpforms-form\" data-formid=\"26984\" method=\"post\" enctype=\"multipart\/form-data\" action=\"\/pl\/wp-json\/wp\/v2\/pages\/26794?wpforms_form_id=26984\" data-token=\"062caa756cc1fc60bfa6a618f6831487\" data-token-time=\"1775260140\"><noscript class=\"wpforms-error-noscript\">Aby wype\u0142ni\u0107 ten formularz, w\u0142\u0105cz obs\u0142ug\u0119 JavaScript w przegl\u0105darce.<\/noscript><div id=\"wpforms-error-noscript\" style=\"display: none;\">Aby wype\u0142ni\u0107 ten formularz, w\u0142\u0105cz obs\u0142ug\u0119 JavaScript w przegl\u0105darce.<\/div><div class=\"wpforms-field-container\"><div id=\"wpforms-26984-field_18-container\" class=\"wpforms-field wpforms-field-content\" data-field-id=\"18\"><div id=\"wpforms-26984-field_18\" class=\"wpforms-field-medium wpforms-field-row\" aria-errormessage=\"wpforms-26984-field_18-error\"><p><img loading=\"lazy\" decoding=\"async\" class=\"alignnone size-full wp-image-26934\" src=\"https:\/\/espamob.com\/wp-content\/uploads\/2026\/02\/mobility-partner-espamob-1080-x-300-px-1.jpg\" alt=\"\" width=\"1080\" height=\"300\" srcset=\"https:\/\/espamob.com\/wp-content\/uploads\/2026\/02\/mobility-partner-espamob-1080-x-300-px-1.jpg 1080w, https:\/\/espamob.com\/wp-content\/uploads\/2026\/02\/mobility-partner-espamob-1080-x-300-px-1-768x213.jpg 768w, https:\/\/espamob.com\/wp-content\/uploads\/2026\/02\/mobility-partner-espamob-1080-x-300-px-1-640x178.jpg 640w, https:\/\/espamob.com\/wp-content\/uploads\/2026\/02\/mobility-partner-espamob-1080-x-300-px-1-400x111.jpg 400w, https:\/\/espamob.com\/wp-content\/uploads\/2026\/02\/mobility-partner-espamob-1080-x-300-px-1-367x102.jpg 367w, https:\/\/espamob.com\/wp-content\/uploads\/2026\/02\/mobility-partner-espamob-1080-x-300-px-1-500x139.jpg 500w, https:\/\/espamob.com\/wp-content\/uploads\/2026\/02\/mobility-partner-espamob-1080-x-300-px-1-800x222.jpg 800w\" sizes=\"auto, (max-width: 1080px) 100vw, 1080px\" \/><\/p>\n<div class=\"wpforms-field-content-display-frontend-clear\"><\/div><\/div><\/div><div id=\"wpforms-26984-field_1-container\" class=\"wpforms-field wpforms-field-email\" data-field-id=\"1\"><label class=\"wpforms-field-label\" for=\"wpforms-26984-field_1\">E-mail <span class=\"wpforms-required-label\" aria-hidden=\"true\">*<\/span><\/label><input type=\"email\" id=\"wpforms-26984-field_1\" class=\"wpforms-field-medium wpforms-field-required\" name=\"wpforms[fields][1]\" spellcheck=\"false\" aria-errormessage=\"wpforms-26984-field_1-error\" required><\/div><div id=\"wpforms-26984-field_2-container\" class=\"wpforms-field wpforms-field-phone\" data-field-id=\"2\"><label class=\"wpforms-field-label\" for=\"wpforms-26984-field_2\">Telefon<\/label><input type=\"tel\" id=\"wpforms-26984-field_2\" class=\"wpforms-field-medium wpforms-smart-phone-field\" data-rule-smart-phone-field=\"true\" name=\"wpforms[fields][2]\" aria-label=\"Telefon\" aria-errormessage=\"wpforms-26984-field_2-error\" ><\/div><div id=\"wpforms-26984-field_3-container\" class=\"wpforms-field wpforms-field-text\" data-field-id=\"3\"><label class=\"wpforms-field-label\" for=\"wpforms-26984-field_3\">Nazwa <span class=\"wpforms-required-label\" aria-hidden=\"true\">*<\/span><\/label><input type=\"text\" id=\"wpforms-26984-field_3\" class=\"wpforms-field-medium wpforms-field-required\" name=\"wpforms[fields][3]\" aria-errormessage=\"wpforms-26984-field_3-error\" required><\/div>\t\t<div id=\"wpforms-26984-field_9-container\"\n\t\t\tclass=\"wpforms-field wpforms-field-text\"\n\t\t\tdata-field-type=\"text\"\n\t\t\tdata-field-id=\"9\"\n\t\t\t>\n\t\t\t<label class=\"wpforms-field-label\" for=\"wpforms-26984-field_9\" >koszt\u00f3w Twojego mobilno\u015bci<\/label>\n\t\t\t<input type=\"text\" id=\"wpforms-26984-field_9\" class=\"wpforms-field-medium\" name=\"wpforms[fields][9]\" >\n\t\t<\/div>\n\t\t<div id=\"wpforms-26984-field_4-container\" class=\"wpforms-field wpforms-field-text\" data-field-id=\"4\"><label class=\"wpforms-field-label\" for=\"wpforms-26984-field_4\">Nazwa i miasto plac\u00f3wki <span class=\"wpforms-required-label\" aria-hidden=\"true\">*<\/span><\/label><input type=\"text\" id=\"wpforms-26984-field_4\" class=\"wpforms-field-medium wpforms-field-required\" name=\"wpforms[fields][4]\" aria-errormessage=\"wpforms-26984-field_4-error\" required><\/div><div id=\"wpforms-26984-field_5-container\" class=\"wpforms-field wpforms-field-select wpforms-field-select-style-classic\" data-field-id=\"5\"><label class=\"wpforms-field-label\" for=\"wpforms-26984-field_5\">Miasto mobilno\u015bci <span class=\"wpforms-required-label\" aria-hidden=\"true\">*<\/span><\/label><select id=\"wpforms-26984-field_5\" class=\"wpforms-field-medium wpforms-field-required\" name=\"wpforms[fields][5]\" required=\"required\"><option value=\"\" class=\"placeholder\" disabled  selected='selected'>--- Wybierz opcj\u0119 ---<\/option><option value=\"Barcelona\"  class=\"choice-1 depth-1\"  >Barcelona<\/option><option value=\"Walencja\"  class=\"choice-2 depth-1\"  >Walencja<\/option><option value=\"Wyspy Kanaryjskie i Baleary (praktyki wy\u0142\u0105cznie w hotelarstwie i gastronomii)\"  class=\"choice-3 depth-1\"  >Wyspy Kanaryjskie i Baleary (praktyki wy\u0142\u0105cznie w hotelarstwie i gastronomii)<\/option><\/select><\/div><div id=\"wpforms-26984-field_6-container\" class=\"wpforms-field wpforms-field-text\" data-field-id=\"6\"><label class=\"wpforms-field-label\" for=\"wpforms-26984-field_6\">Kszta\u0142cenie m\u0142odzie\u017cy <span class=\"wpforms-required-label\" aria-hidden=\"true\">*<\/span><\/label><input type=\"text\" id=\"wpforms-26984-field_6\" class=\"wpforms-field-medium wpforms-field-required\" name=\"wpforms[fields][6]\" aria-errormessage=\"wpforms-26984-field_6-error\" required><\/div><div id=\"wpforms-26984-field_7-container\" class=\"wpforms-field wpforms-field-number\" data-field-id=\"7\"><label class=\"wpforms-field-label\" for=\"wpforms-26984-field_7\">Przewidywana liczba uczestnik\u00f3w <span class=\"wpforms-required-label\" aria-hidden=\"true\">*<\/span><\/label><input type=\"number\" id=\"wpforms-26984-field_7\" class=\"wpforms-field-medium wpforms-field-required\" name=\"wpforms[fields][7]\" min=\"0\" max=\"100\" step=\"any\" aria-errormessage=\"wpforms-26984-field_7-error\" required><\/div><div id=\"wpforms-26984-field_8-container\" class=\"wpforms-field wpforms-field-select wpforms-field-select-style-classic\" data-field-id=\"8\"><label class=\"wpforms-field-label\" for=\"wpforms-26984-field_8\">Miesi\u0105c mobilno\u015bci <span class=\"wpforms-required-label\" aria-hidden=\"true\">*<\/span><\/label><select id=\"wpforms-26984-field_8\" class=\"wpforms-field-medium wpforms-field-required\" name=\"wpforms[fields][8]\" required=\"required\"><option value=\"\" class=\"placeholder\" disabled  selected='selected'>--- Wybierz opcj\u0119 ---<\/option><option value=\"Stycze\u0144\"  class=\"choice-1 depth-1\"  >Stycze\u0144<\/option><option value=\"Luty\"  class=\"choice-2 depth-1\"  >Luty<\/option><option value=\"Mars\"  class=\"choice-3 depth-1\"  >Mars<\/option><option value=\"Kwiecie\u0144\"  class=\"choice-4 depth-1\"  >Kwiecie\u0144<\/option><option value=\"Maj\"  class=\"choice-5 depth-1\"  >Maj<\/option><option value=\"Czerwiec\"  class=\"choice-6 depth-1\"  >Czerwiec<\/option><option value=\"Lipiec\"  class=\"choice-7 depth-1\"  >Lipiec<\/option><option value=\"Sierpie\u0144\"  class=\"choice-8 depth-1\"  >Sierpie\u0144<\/option><option value=\"Wrzesie\u0144\"  class=\"choice-9 depth-1\"  >Wrzesie\u0144<\/option><option value=\"Pa\u017adziernik\"  class=\"choice-10 depth-1\"  >Pa\u017adziernik<\/option><option value=\"Listopad\"  class=\"choice-11 depth-1\"  >Listopad<\/option><option value=\"Grudzie\u0144\"  class=\"choice-12 depth-1\"  >Grudzie\u0144<\/option><\/select><\/div><div id=\"wpforms-26984-field_24-container\" class=\"wpforms-field wpforms-field-select wpforms-field-select-style-classic\" data-field-id=\"24\"><label class=\"wpforms-field-label\" for=\"wpforms-26984-field_24\">Czas trwania w tygodniu <span class=\"wpforms-required-label\" aria-hidden=\"true\">*<\/span><\/label><select id=\"wpforms-26984-field_24\" class=\"wpforms-field-medium wpforms-field-required\" name=\"wpforms[fields][24]\" required=\"required\"><option value=\"\" class=\"placeholder\" disabled  selected='selected'>--- Wybierz opcj\u0119 ---<\/option><option value=\"1\"  class=\"choice-1 depth-1\"  >1<\/option><option value=\"2\"  class=\"choice-2 depth-1\"  >2<\/option><option value=\"3\"  class=\"choice-3 depth-1\"  >3<\/option><option value=\"4\"  class=\"choice-4 depth-1\"  >4<\/option><option value=\"5\"  class=\"choice-5 depth-1\"  >5<\/option><option value=\"6\"  class=\"choice-6 depth-1\"  >6<\/option><option value=\"7\"  class=\"choice-7 depth-1\"  >7<\/option><option value=\"8\"  class=\"choice-8 depth-1\"  >8<\/option><option value=\"9\"  class=\"choice-9 depth-1\"  >9<\/option><option value=\"10\"  class=\"choice-10 depth-1\"  >10<\/option><option value=\"11\"  class=\"choice-11 depth-1\"  >11<\/option><option value=\"12\"  class=\"choice-12 depth-1\"  >12<\/option><\/select><\/div><div id=\"wpforms-26984-field_23-container\" class=\"wpforms-field wpforms-field-select wpforms-field-select-style-classic\" data-field-id=\"23\"><label class=\"wpforms-field-label\" for=\"wpforms-26984-field_23\">Liczba os\u00f3b towarzysz\u0105cych <span class=\"wpforms-required-label\" aria-hidden=\"true\">*<\/span><\/label><select id=\"wpforms-26984-field_23\" class=\"wpforms-field-medium wpforms-field-required\" name=\"wpforms[fields][23]\" required=\"required\"><option value=\"\" class=\"placeholder\" disabled  selected='selected'>--- Wybierz opcj\u0119 ---<\/option><option value=\"0\"  class=\"choice-1 depth-1\"  >0<\/option><option value=\"1\"  class=\"choice-2 depth-1\"  >1<\/option><option value=\"2\"  class=\"choice-3 depth-1\"  >2<\/option><option value=\"3\"  class=\"choice-4 depth-1\"  >3<\/option><option value=\"4\"  class=\"choice-5 depth-1\"  >4<\/option><option value=\"5\"  class=\"choice-6 depth-1\"  >5<\/option><option value=\"6\"  class=\"choice-7 depth-1\"  >6<\/option><option value=\"7\"  class=\"choice-8 depth-1\"  >7<\/option><option value=\"8\"  class=\"choice-9 depth-1\"  >8<\/option><option value=\"9\"  class=\"choice-10 depth-1\"  >9<\/option><option value=\"10\"  class=\"choice-11 depth-1\"  >10<\/option><option value=\"11\"  class=\"choice-12 depth-1\"  >11<\/option><option value=\"12\"  class=\"choice-13 depth-1\"  >12<\/option><\/select><\/div><div id=\"wpforms-26984-field_11-container\" class=\"wpforms-field wpforms-field-select wpforms-field-select-style-classic\" data-field-id=\"11\"><label class=\"wpforms-field-label\" for=\"wpforms-26984-field_11\">Transport lotniskowy w obie strony <span class=\"wpforms-required-label\" aria-hidden=\"true\">*<\/span><\/label><select id=\"wpforms-26984-field_11\" class=\"wpforms-field-medium wpforms-field-required\" name=\"wpforms[fields][11]\" required=\"required\"><option value=\"\" class=\"placeholder\" disabled  selected='selected'>--- Wybierz opcj\u0119 ---<\/option><option value=\"TAK\"  class=\"choice-1 depth-1\"  >TAK<\/option><option value=\"NIE\"  class=\"choice-2 depth-1\"  >NIE<\/option><\/select><\/div><div id=\"wpforms-26984-field_12-container\" class=\"wpforms-field wpforms-field-select wpforms-field-select-style-classic\" data-field-id=\"12\"><label class=\"wpforms-field-label\" for=\"wpforms-26984-field_12\">Pokrycie koszt\u00f3w transportu publicznego <span class=\"wpforms-required-label\" aria-hidden=\"true\">*<\/span><\/label><select id=\"wpforms-26984-field_12\" class=\"wpforms-field-medium wpforms-field-required\" name=\"wpforms[fields][12]\" required=\"required\"><option value=\"\" class=\"placeholder\" disabled  selected='selected'>--- Wybierz opcj\u0119 ---<\/option><option value=\"TAK\"  class=\"choice-1 depth-1\"  >TAK<\/option><option value=\"NIE\"  class=\"choice-2 depth-1\"  >NIE<\/option><\/select><\/div><div id=\"wpforms-26984-field_13-container\" class=\"wpforms-field wpforms-field-select wpforms-field-select-style-classic\" data-field-id=\"13\"><label class=\"wpforms-field-label\" for=\"wpforms-26984-field_13\">Rodzaj zakwaterowania <span class=\"wpforms-required-label\" aria-hidden=\"true\">*<\/span><\/label><select id=\"wpforms-26984-field_13\" class=\"wpforms-field-medium wpforms-field-required\" name=\"wpforms[fields][13]\" required=\"required\"><option value=\"\" class=\"placeholder\" disabled  selected='selected'>--- Wybierz opcj\u0119 ---<\/option><option value=\"Rodzina goszcz\u0105ca\"  class=\"choice-1 depth-1\"  >Rodzina goszcz\u0105ca<\/option><option value=\"Schronisko m\u0142odzie\u017cowe\"  class=\"choice-2 depth-1\"  >Schronisko m\u0142odzie\u017cowe<\/option><option value=\"Akademik\"  class=\"choice-3 depth-1\"  >Akademik<\/option><option value=\"Prywatne apartamenty\"  class=\"choice-4 depth-1\"  >Prywatne apartamenty<\/option><\/select><\/div><div id=\"wpforms-26984-field_14-container\" class=\"wpforms-field wpforms-field-select wpforms-field-select-style-classic\" data-field-id=\"14\"><label class=\"wpforms-field-label\" for=\"wpforms-26984-field_14\">Atrakcje turystyczne i kulturalne <span class=\"wpforms-required-label\" aria-hidden=\"true\">*<\/span><\/label><select id=\"wpforms-26984-field_14\" class=\"wpforms-field-medium wpforms-field-required\" name=\"wpforms[fields][14]\" required=\"required\"><option value=\"\" class=\"placeholder\" disabled  selected='selected'>--- Wybierz opcj\u0119 ---<\/option><option value=\"TAK\"  class=\"choice-1 depth-1\"  >TAK<\/option><option value=\"NIE\"  class=\"choice-2 depth-1\"  >NIE<\/option><\/select><\/div><div id=\"wpforms-26984-field_16-container\" class=\"wpforms-field wpforms-field-file-upload\" data-field-id=\"16\"><label class=\"wpforms-field-label\" for=\"wpforms-26984-field_16\">Chcesz przes\u0142a\u0107 nam dokument dotycz\u0105cy swojego projektu?<\/label><div\n\t\tclass=\"wpforms-uploader \"\n\t\tdata-field-id=\"16\"\n\t\tdata-form-id=\"26984\"\n\t\tdata-input-name=\"wpforms_26984_16\"\n\t\tdata-extensions=\"jpg,jpeg,jpe,gif,png,bmp,tiff,tif,webp,avif,ico,heic,heif,heics,heifs,asf,asx,wmv,wmx,wm,avi,divx,mov,qt,mpeg,mpg,mpe,mp4,m4v,ogv,webm,mkv,3gp,3gpp,3g2,3gp2,txt,asc,c,cc,h,srt,csv,tsv,ics,rtx,css,vtt,mp3,m4a,m4b,aac,ra,ram,wav,x-wav,ogg,oga,flac,mid,midi,wma,wax,mka,rtf,pdf,class,tar,zip,gz,gzip,rar,7z,psd,xcf,doc,pot,pps,ppt,wri,xla,xls,xlt,xlw,mpp,docx,docm,dotx,dotm,xlsx,xlsm,xlsb,xltx,xltm,xlam,pptx,pptm,ppsx,ppsm,potx,potm,ppam,sldx,sldm,onetoc,onetoc2,onepkg,oxps,xps,odt,odp,ods,odg,odc,odb,odf,wp,wpd,key,numbers,pages\"\n\t\tdata-max-size=\"2097152\"\n\t\tdata-max-file-number=\"1\"\n\t\tdata-post-max-size=\"2097152\"\n\t\tdata-max-parallel-uploads=\"4\"\n\t\tdata-parallel-uploads=\"true\"\n\t\tdata-file-chunk-size=\"2097152\">\n\t<div class=\"dz-message\">\n\t\t<svg  viewBox=\"0 0 640 640\" focusable=\"false\" data-icon=\"inbox\" width=\"50px\" height=\"50px\" fill=\"currentColor\" aria-hidden=\"true\">\n\t\t\t<path d=\"M352 173.3L352 384C352 401.7 337.7 416 320 416C302.3 416 288 401.7 288 384L288 173.3L246.6 214.7C234.1 227.2 213.8 227.2 201.3 214.7C188.8 202.2 188.8 181.9 201.3 169.4L297.3 73.4C309.8 60.9 330.1 60.9 342.6 73.4L438.6 169.4C451.1 181.9 451.1 202.2 438.6 214.7C426.1 227.2 405.8 227.2 393.3 214.7L352 173.3zM320 464C364.2 464 400 428.2 400 384L480 384C515.3 384 544 412.7 544 448L544 480C544 515.3 515.3 544 480 544L160 544C124.7 544 96 515.3 96 480L96 448C96 412.7 124.7 384 160 384L240 384C240 428.2 275.8 464 320 464zM464 488C477.3 488 488 477.3 488 464C488 450.7 477.3 440 464 440C450.7 440 440 450.7 440 464C440 477.3 450.7 488 464 488z\"\/>\n\t\t<\/svg>\n\n\t\t<span class=\"modern-title\">\n\t\t\t\t\t\t\tDrag &amp; Drop Files, \t\t\t\t<span>Choose Files to Upload<\/span>\n\t\t\t\t\t<\/span>\n\n\t\t\t<\/div>\n<\/div>\n\n<input\n\t\ttype=\"text\"\n\t\tautocomplete=\"off\"\n\t\treadonly\n\t\tclass=\"dropzone-input\"\n\t\tstyle=\"position:absolute!important;clip:rect(0,0,0,0)!important;height:1px!important;width:1px!important;border:0!important;overflow:hidden!important;padding:0!important;margin:0!important;\"\n\t\tid=\"wpforms-26984-field_16\"\n\t\tname=\"wpforms_26984_16\" \t\tvalue=\"\">\n<\/div><div id=\"wpforms-26984-field_27-container\" class=\"wpforms-field wpforms-field-textarea\" data-field-id=\"27\"><label class=\"wpforms-field-label\" for=\"wpforms-26984-field_27\">Kr\u00f3tki opis Twojego projektu?<\/label><textarea id=\"wpforms-26984-field_27\" class=\"wpforms-field-medium\" name=\"wpforms[fields][27]\" aria-errormessage=\"wpforms-26984-field_27-error\" ><\/textarea><\/div><script>\n\t\t\t\t( function() {\n\t\t\t\t\tconst style = document.createElement( 'style' );\n\t\t\t\t\tstyle.appendChild( document.createTextNode( '#wpforms-26984-field_9-container { position: absolute !important; overflow: hidden !important; display: inline !important; height: 1px !important; width: 1px !important; z-index: -1000 !important; padding: 0 !important; } #wpforms-26984-field_9-container input { visibility: hidden; } #wpforms-conversational-form-page #wpforms-26984-field_9-container label { counter-increment: none; }' ) );\n\t\t\t\t\tdocument.head.appendChild( style );\n\t\t\t\t\tdocument.currentScript?.remove();\n\t\t\t\t} )();\n\t\t\t<\/script><\/div><!-- .wpforms-field-container --><div class=\"wpforms-submit-container\" ><input type=\"hidden\" name=\"wpforms[id]\" value=\"26984\"><input type=\"hidden\" name=\"page_title\" value=\"\"><input type=\"hidden\" name=\"page_url\" value=\"https:\/\/espamob.com\/pl\/wp-json\/wp\/v2\/pages\/26794\"><input type=\"hidden\" name=\"url_referer\" value=\"\"><button type=\"submit\" name=\"wpforms[submit]\" id=\"wpforms-submit-26984\" class=\"wpforms-submit\" data-alt-text=\"Wysy\u0142anie...\" data-submit-text=\"Popro\u015b o wycen\u0119\" aria-live=\"assertive\" value=\"wpforms-submit\">Popro\u015b o wycen\u0119<\/button><\/div><\/form><\/div>  <!-- .wpforms-container -->[\/vc_column_text][\/vc_column][\/vc_row]<\/p>\n<\/div>","protected":false},"excerpt":{"rendered":"<p>[vc_row][vc_column][vc_column_text][\/vc_column_text][\/vc_column][\/vc_row]<\/p>\n","protected":false},"author":1,"featured_media":0,"parent":0,"menu_order":0,"comment_status":"closed","ping_status":"closed","template":"","meta":{"footnotes":""},"class_list":["post-26794","page","type-page","status-publish","hentry"],"_links":{"self":[{"href":"https:\/\/espamob.com\/pl\/wp-json\/wp\/v2\/pages\/26794","targetHints":{"allow":["GET"]}}],"collection":[{"href":"https:\/\/espamob.com\/pl\/wp-json\/wp\/v2\/pages"}],"about":[{"href":"https:\/\/espamob.com\/pl\/wp-json\/wp\/v2\/types\/page"}],"author":[{"embeddable":true,"href":"https:\/\/espamob.com\/pl\/wp-json\/wp\/v2\/users\/1"}],"replies":[{"embeddable":true,"href":"https:\/\/espamob.com\/pl\/wp-json\/wp\/v2\/comments?post=26794"}],"version-history":[{"count":5,"href":"https:\/\/espamob.com\/pl\/wp-json\/wp\/v2\/pages\/26794\/revisions"}],"predecessor-version":[{"id":27015,"href":"https:\/\/espamob.com\/pl\/wp-json\/wp\/v2\/pages\/26794\/revisions\/27015"}],"wp:attachment":[{"href":"https:\/\/espamob.com\/pl\/wp-json\/wp\/v2\/media?parent=26794"}],"curies":[{"name":"wp","href":"https:\/\/api.w.org\/{rel}","templated":true}]}}