{"id":23891,"date":"2023-08-28T00:00:00","date_gmt":"2023-08-28T00:00:00","guid":{"rendered":"https:\/\/www.espamob.com\/praktyki-zawodowe-erasmus\/hygiene-proprete-sterilisation\/stage-erasmus-agent-de-proprete\/"},"modified":"2024-03-04T22:54:49","modified_gmt":"2024-03-04T22:54:49","slug":"praktyki-erasmus-pracownika-sprzatajacego","status":"publish","type":"page","link":"https:\/\/espamob.com\/pl\/praktyki-zawodowe-erasmus\/higiena-sprzataniem-sterylizacja\/praktyki-erasmus-pracownika-sprzatajacego\/","title":{"rendered":"Stage Erasmus : Agent de propret\u00e9"},"content":{"rendered":"<div class=\"wpb-content-wrapper\"><p>[vc_row css=&#8221;.vc_custom_1708972944825{margin-top: -20px !important;margin-bottom: 40px !important;background-image: url(https:\/\/espamob.com\/wp-content\/uploads\/2024\/02\/Limpiador.webp?id=23878) !important;}&#8221; conditional_render=&#8221;%5B%7B%22value_role%22%3A%22administrator%22%7D%5D&#8221;][vc_column css=&#8221;.vc_custom_1687965657482{padding-top: 30px !important;}&#8221; conditional_render=&#8221;%5B%7B%22value_role%22%3A%22administrator%22%7D%5D&#8221;][vc_empty_space height=&#8221;170&#8243;][vc_custom_heading text=&#8221;Praktyka zawodowa Erasmus: Pracownika sprz\u0105taj\u0105cego&#8221; font_container=&#8221;tag:h1|font_size:27|text_align:center|color:%23ffffff&#8221; use_theme_fonts=&#8221;yes&#8221; css=&#8221;.vc_custom_1709141843164{margin-bottom: 15px !important;background-color: rgba(136,136,136,0.29) !important;*background-color: rgb(136,136,136) !important;}&#8221; animation_type=&#8221;zoomIn&#8221;][vc_empty_space height=&#8221;40&#8243;][\/vc_column][\/vc_row][vc_row wrap_container=&#8221;yes&#8221; text_align=&#8221;justify&#8221;][vc_column text_align=&#8221;justify&#8221;][vc_column_text]<\/p>\n<nav aria-label=\"breadcrumb\">\n<ol class=\"breadcrumb\">\n<li class=\"breadcrumb-item\"><a href=\"https:\/\/espamob.com\/pl\">Home<\/a><\/li>\n<li class=\"breadcrumb-item\"><a href=\"https:\/\/espamob.com\/pl\/praktyki-zawodowe-erasmus\">Sektory sta\u017cowe<\/a><\/li>\n<li class=\"breadcrumb-item active\" aria-current=\"page\"><a href=\"https:\/\/espamob.com\/pl\/praktyki-zawodowe-erasmus\/hygiene-proprete-sterilisation\/\">Mobilno\u015b\u0107 w zawodach zwi\u0105zanych z higien\u0105, czysto\u015bci\u0105 i sterylizacj\u0105<\/a><\/li>\n<li class=\"breadcrumb-item active\" aria-current=\"page\">Praktyka zawodowa Erasmus: Pracownika sprz\u0105taj\u0105cego<\/li>\n<\/ol>\n<\/nav>\n<p>[\/vc_column_text][vc_custom_heading text=&#8221;Odkryj sta\u017c Erasmus dla pracownika sprz\u0105taj\u0105cego: bogate do\u015bwiadczenie&#8221; use_theme_fonts=&#8221;yes&#8221; css=&#8221;.vc_custom_1709141918212{margin-top: 20px !important;}&#8221;][vc_separator][vc_row_inner][vc_column_inner width=&#8221;7\/12&#8243;][vc_column_text]<\/p>\n<p style=\"font-weight: 400;\"><strong>Sta\u017c Erasmus dla pracownika sprz\u0105taj\u0105cego<\/strong> to unikalna okazja dla student\u00f3w i profesjonalist\u00f3w szkol\u0105cych si\u0119 w dziedzinie higieny i czysto\u015bci. To zagraniczne do\u015bwiadczenie pozwoli im zdoby\u0107 nowe umiej\u0119tno\u015bci, odkry\u0107 inne techniki i metody, jednocze\u015bnie korzystaj\u0105c z dobrodziejstw programu europejskiego Erasmus+. W tym artykule przedstawiamy ten sta\u017c, jego cele i mo\u017cliwo\u015bci, a tak\u017ce zasady sk\u0142adania wniosk\u00f3w.<\/p>\n<h2 style=\"font-weight: 400;\">Sta\u017c Erasmus dla pracownika sprz\u0105taj\u0105cego: trampolina do mi\u0119dzynarodowej kariery<\/h2>\n<p style=\"font-weight: 400;\">Sta\u017c ten jest skierowany przede wszystkim do student\u00f3w i profesjonalist\u00f3w, kt\u00f3rzy chc\u0105 specjalizowa\u0107 si\u0119 w zawodach zwi\u0105zanych z czysto\u015bci\u0105 i higien\u0105. Oferuje on mo\u017cliwo\u015b\u0107 pracy w innym kraju europejskim i poszerzenia wiedzy w dziedzinie stale ewoluuj\u0105cej. Dzi\u0119ki rozwojowi sieci zawodowej podczas pobytu, uczestnicy zwi\u0119ksz\u0105 swoje szanse na znalezienie pracy lub misji za granic\u0105 w przysz\u0142o\u015bci.<\/p>\n<h3 style=\"font-weight: 400;\">Cele sta\u017cu<\/h3>\n<ul>\n<li>Doskonalenie umiej\u0119tno\u015bci technicznych i praktycznych zwi\u0105zanych z zawodami z zakresu czysto\u015bci i higieny.<\/li>\n<li>Zdobycie znacz\u0105cego do\u015bwiadczenia zawodowego w mi\u0119dzynarodowym i wielokulturowym \u015brodowisku.<\/li>\n<li>Rozwini\u0119cie umiej\u0119tno\u015bci j\u0119zykowych i mi\u0119dzykulturowych niezb\u0119dnych do pracy za granic\u0105.<\/li>\n<li>Budowanie mi\u0119dzynarodowej sieci zawodowej i odkrywanie nowych mo\u017cliwo\u015bci zatrudnienia lub sta\u017cy.<\/li>\n<\/ul>\n<h2 style=\"font-weight: 400;\">Program sta\u017cu: szkolenie praktyczne i teoretyczne<\/h2>\n<p style=\"font-weight: 400;\">Podczas tego sta\u017cu uczestnicy b\u0119d\u0105 mieli okazj\u0119 pracowa\u0107 w firmach specjalizuj\u0105cych si\u0119 w dziedzinie czysto\u015bci i higieny. B\u0119d\u0105 pod opiek\u0105 do\u015bwiadczonych profesjonalist\u00f3w i b\u0119d\u0105 mogli praktykowa\u0107 zdobyt\u0105 w trakcie pierwotnej formacji wiedz\u0119. Program sta\u017cu mo\u017ce si\u0119 r\u00f3\u017cni\u0107 w zale\u017cno\u015bci od kraju przyjmuj\u0105cego, ale obejmuje zazwyczaj:<\/p>\n<ul>\n<li>Szkolenie techniczne dotycz\u0105ce sprz\u0119tu, produkt\u00f3w i proces\u00f3w specyficznych dla zawod\u00f3w zwi\u0105zanych z czysto\u015bci\u0105.<\/li>\n<li>Nauk\u0119 lokalnych norm i regulacji dotycz\u0105cych higieny i bezpiecze\u0144stwa.<\/li>\n<li>Udzia\u0142 w konkretnych projektach umo\u017cliwiaj\u0105cy rozwini\u0119cie praktycznych i zawodowych umiej\u0119tno\u015bci.<\/li>\n<li>Warsztaty i seminaria na temat metod pracy i zarz\u0105dzania zespo\u0142em.<\/li>\n<\/ul>\n<h3 style=\"font-weight: 400;\">Korzy\u015bci ze sta\u017cu Erasmus+ dla uczestnik\u00f3w<\/h3>\n<p style=\"font-weight: 400;\">Program Erasmus+ oferuje kilka korzy\u015bci uczestnikom sta\u017cu w dziedzinie higieny i czysto\u015bci:<\/p>\n<ol>\n<li><strong>Stypendium mobilno\u015bci<\/strong> finansuj\u0105ce cz\u0119\u015b\u0107 koszt\u00f3w pobytu (noclegi, posi\u0142ki, transport, itp.).<\/li>\n<li>Oficjalne uznane kompetencje i kwalifikacje zdobyte podczas sta\u017cu poprzez <strong>certyfikat Europass<\/strong>.<\/li>\n<li>Spersonalizowane wsparcie na ka\u017cdym etapie przygotowa\u0144 i trwania sta\u017cu, w tym pomoc tutora i dedykowanego zespo\u0142u administracyjnego.<\/li>\n<li>Otwarcie na Europ\u0119 i jej mo\u017cliwo\u015bci zawodowe dzi\u0119ki rozleg\u0142ej sieci partner\u00f3w instytucjonalnych.<\/li>\n<\/ol>\n<p>[\/vc_column_text][\/vc_column_inner][vc_column_inner width=&#8221;1\/12&#8243;][\/vc_column_inner][vc_column_inner width=&#8221;4\/12&#8243;][vc_single_image image=&#8221;18101&#8243; img_size=&#8221;400*400&#8243; alignment=&#8221;right&#8221; style=&#8221;vc_box_rounded&#8221;][vc_btn title=&#8221;Zobacz wi\u0119cej&#8221; style=&#8221;custom&#8221; custom_background=&#8221;#e20000&#8243; custom_text=&#8221;#ffffff&#8221; align=&#8221;center&#8221; link=&#8221;url:https%3A%2F%2Fespamob.com%2Fpl%2Fkontakt-z-polskim-konsultantem|title:Kontakt|target:_blank&#8221;][\/vc_column_inner][\/vc_row_inner][vc_custom_heading text=&#8221;Procedury sk\u0142adania wniosk\u00f3w i poszukiwane umiej\u0119tno\u015bci&#8221; font_container=&#8221;tag:h3|text_align:left&#8221; use_theme_fonts=&#8221;yes&#8221; css=&#8221;.vc_custom_1709142177356{margin-top: 20px !important;}&#8221;][vc_separator][vc_row_inner][vc_column_inner width=&#8221;7\/12&#8243;][vc_column_text]<\/p>\n<p style=\"font-weight: 400;\">Aby ubiega\u0107 si\u0119 o sta\u017c Erasmus dla pracownika sprz\u0105taj\u0105cego, kandydaci musz\u0105 by\u0107 zapisani na kierunku zwi\u0105zanym z zawodami z zakresu czysto\u015bci i higieny. Musz\u0105 tak\u017ce udokumentowa\u0107 wystarczaj\u0105cy poziom j\u0119zyka kraju przyjmuj\u0105cego, zazwyczaj za pomoc\u0105 oficjalnego testu, takiego jak TOEIC lub IELTS.<\/p>\n<h3 style=\"font-weight: 400;\">Etap procesu sk\u0142adania wniosku<\/h3>\n<ol>\n<li>Skonsultuj si\u0119 z plac\u00f3wk\u0105 edukacyjn\u0105, aby dowiedzie\u0107 si\u0119 o istniej\u0105cych partnerstwach z firmami lub o\u015brodkami szkoleniowymi za granic\u0105.<\/li>\n<li>Przygotuj komplet dokument\u00f3w sk\u0142adaj\u0105cy si\u0119 z CV, listu motywacyjnego i wynik\u00f3w test\u00f3w j\u0119zykowych.<\/li>\n<li>Z\u0142\u00f3\u017c dokumenty w mi\u0119dzynarodowym biurze Twojej plac\u00f3wki, kt\u00f3re przeka\u017ce je odpowiednim partnerom.<\/li>\n<li>Je\u015bli Twoja kandydatura zostanie zaakceptowana, otrzymasz potwierdzenie oraz informacje dotycz\u0105ce organizacji sta\u017cu (daty, miejsce, opiekun, itp.).<\/li>\n<li>Przygotuj si\u0119 do wyjazdu, zdobywaj\u0105c informacje na temat wymaganych procedur administracyjnych (wiza, ubezpieczenie, itp.) i rezerwuj\u0105c noclegi oraz \u015brodki transportu.<\/li>\n<\/ol>\n<h3 style=\"font-weight: 400;\">Poszukiwane umiej\u0119tno\u015bci i cechy<\/h3>\n<ul>\n<li>Dok\u0142adno\u015b\u0107 i umiej\u0119tno\u015b\u0107 organizacji do skutecznego wykonywania powierzonych zada\u0144 podczas sta\u017cu.<\/li>\n<li>Dostosowawczo\u015b\u0107 i otwarto\u015b\u0107 na nowe do\u015bwiadczenia w innym \u015brodowisku zawodowym i kulturowym.<\/li>\n<li>Dobre umiej\u0119tno\u015bci interpersonalne do pracy zespo\u0142owej i komunikacji z r\u00f3\u017cnymi podmiotami w sektorze czysto\u015bci.<\/li>\n<li>Ciekawo\u015b\u0107 i motywacja do nauki nowych technik i podej\u015b\u0107 w zakresie higieny i czysto\u015bci.<\/li>\n<\/ul>\n<p style=\"font-weight: 400;\">Podsumowuj\u0105c, sta\u017c Erasmus dla pracownika sprz\u0105taj\u0105cego to znakomita okazja dla student\u00f3w i profesjonalist\u00f3w, kt\u00f3rzy chc\u0105 wzbogaci\u0107 swoje do\u015bwiadczenie zawodowe i rozwija\u0107 umiej\u0119tno\u015bci mi\u0119dzynarodowe w tej dziedzinie. Nie wahaj si\u0119 skonsultowa\u0107 z plac\u00f3wk\u0105 edukacyjn\u0105 w celu uzyskania dodatkowych informacji na temat procedur sk\u0142adania wniosk\u00f3w i rozpocznij t\u0119 fascynuj\u0105c\u0105 przygod\u0119.<\/p>\n<p>[\/vc_column_text][\/vc_column_inner][vc_column_inner width=&#8221;1\/12&#8243;][\/vc_column_inner][vc_column_inner width=&#8221;4\/12&#8243;][vc_raw_html]JTNDZGl2JTIwc3R5bGUlM0QlMjJwYWRkaW5nJTNBJTIwMzBweCUzQmJhY2tncm91bmQtY29sb3IlM0ElMjAlMjNGNEY0RjQlM0IlMjIlM0UlMEElMjAlMjAlMjAlMjAlM0NoNCUzRU9ka3J5aiUyMHdzenlzdGtpZSUyMHNla3RvcnklMjBwcmFrdHlrJTNDJTJGaDQlM0UlMEElMjAlMjAlMjAlMjAlM0NwJTNFRXNwYW1vYiUyMHNwZWNqYWxpenVqZSUyMHNpJUM0JTk5JTIwdyUyMHBvbWFnYW5pdSUyMGdydXBvbSUyMHclMjBtb2JpbG5vJUM1JTlCY2klMjB3JTIwcmFtYWNoJTIwcHJvZ3JhbXUlMjBFcmFzbXVzJTIwJTJCLiUyMERvd2llZHolMjBzaSVDNCU5OSUyMG8lMjB3c3p5c3RraWNoJTIwc2VrdG9yYWNoJTIwcHJha3R5ayUyMEVyYXNtdXMlMjB3JTIwSGlzenBhbmlpJTIwemElMjBwb21vYyVDNCU4NSUyMGtpbGt1JTIwa2xpa25pJUM0JTk5JUM0JTg3LiUzQyUyRnAlM0UlMEElMjAlMjAlMjAlMjAlM0NhJTIwY2xhc3MlM0QlMjJ2Y19nZW5lcmFsJTIwdmNfYnRuMyUyMHZjX2J0bjMtc2l6ZS1tZCUyMHZjX2J0bjMtc2hhcGUtZGVmYXVsdCUyMHZjX2J0bjMtc3R5bGUtY3VzdG9tJTIwd3BiX2N1c3RvbV82Njg3YjI2ZjM5NDg4ZGRiYjg1ZGRiM2MxY2U4ZTExMSUyMGJ0biUyMiUyMHN0eWxlJTNEJTIyYmFja2dyb3VuZC1jb2xvciUzQSUyM2UyMDAwMCUzQiUyMGNvbG9yJTNBJTIzZmZmZmZmJTNCJTIwYmFja2dyb3VuZC1jb2xvciUzQSUyM2UyMDAwMCUzQiUyMGNvbG9yJTNBJTIzZmZmZmZmJTNCJTIyJTIwaHJlZiUzRCUyMmh0dHBzJTNBJTJGJTJGd3d3LmVzcGFtb2IuY29tJTJGcGwlMkZwcmFrdHlraS16YXdvZG93ZS1lcmFzbXVzJTJGJTIyJTIwdGl0bGUlM0QlMjJTZWt0b3J5JTIwc3RhJUM1JUJDb3dlJTIyJTIwdGFyZ2V0JTNEJTIyX2JsYW5rJTIyJTNFT2RrcnlqJTIwc2VrdG9yeSUzQyUyRmElM0UlMEElM0MlMkZkaXYlM0U=[\/vc_raw_html][vc_custom_heading text=&#8221;Odkryj opinie uczestnik\u00f3w programu Erasmus +:&#8221; font_container=&#8221;tag:h3|text_align:left&#8221; use_theme_fonts=&#8221;yes&#8221; css=&#8221;.vc_custom_1709142262235{margin-top: 20px !important;}&#8221;][vc_separator][vc_video link=&#8221;https:\/\/www.youtube.com\/watch?v=C88_DC-IEdY&#8221; align=&#8221;center&#8221;][\/vc_column_inner][\/vc_row_inner][\/vc_column][\/vc_row][vc_row full_width=&#8221;stretch_row&#8221; wrap_container=&#8221;yes&#8221; is_section=&#8221;yes&#8221; css=&#8221;.vc_custom_1709142285399{border-top-width: 0px !important;padding-top: 15px !important;padding-bottom: 15px !important;background-color: #f8f392 !important;}&#8221; conditional_render=&#8221;%5B%7B%22value_role%22%3A%22administrator%22%7D%5D&#8221;][vc_column][vc_row_inner css=&#8221;.vc_custom_1688548648248{background-color: #f8f392 !important;}&#8221;][vc_column_inner][vc_custom_heading text=&#8221;Popro\u015b o bezp\u0142atn\u0105 wycen\u0119&#8221; font_container=&#8221;tag:h2|text_align:center&#8221; use_theme_fonts=&#8221;yes&#8221;][vc_column_text]<\/p>\n<p style=\"text-align: justify;\">Masz pomys\u0142 na projekt Erasmus+ w Hiszpanii i szukasz zaufanej agencji, kt\u00f3ra Ci\u0119 wesprze?\u00a0<strong>Espamob<\/strong>\u2019 jest tutaj, aby Ci pom\u00f3c! Oferujemy bezp\u0142atn\u0105 i niezobowi\u0105zuj\u0105c\u0105 wycen\u0119, kt\u00f3ra pomo\u017ce Ci zarz\u0105dza\u0107 projektem mobilno\u015bci. Dzi\u0119ki naszemu do\u015bwiadczeniu i sieci firm partnerskich mo\u017cemy zaoferowa\u0107 spersonalizowane wsparcie, aby spe\u0142ni\u0107 Twoje specyficzne potrzeby. Skontaktuj si\u0119 z nami ju\u017c teraz, aby om\u00f3wi\u0107 sw\u00f3j projekt i otrzyma\u0107 bezp\u0142atn\u0105 wycen\u0119.<\/p>\n<p>[\/vc_column_text]<div id=\"modal-trg-txt-wrap-9921\" class=\"ult-modal-input-wrapper ult-adjust-bottom-margin    \" data-keypress-control=\"keypress-control-enable\" data-overlay-control=\"overlay-control-enable\"><style>\n\t\t\t\t\t.btn-modal.btn-id-69e818801b7fb1-82214121:hover {\n\t\t\t\t\t\tbackground-color: #e20000 !important;\n\t\t\t\t\t}\n\t\t\t\t\t<\/style><button  data-ultimate-target='#modal-trg-txt-wrap-9921 .btn-modal'  data-responsive-json-new='{\"font-size\":\"\",\"line-height\":\"\"}'  style=\"background:#888888;border-color:#888888;color:#ffffff; \" data-class-id=\"content-69e818801b7fb1-82214121\" class=\"btn-modal ult-responsive btn-primary btn-modal-md overlay-show ult-align-center btn-id-69e818801b7fb1-82214121\" data-overlay-class=\"overlay-cornerbottomleft\">ZAM\u00d3W BEZP\u0141ATN\u0104 WYCEN\u0118<\/button><\/div>\n<div class=\"ult-overlay content-69e818801b7fb1-82214121 \" data-class=\"content-69e818801b7fb1-82214121\" id=\"button-click-overlay\" style=\"background:rgba(51,51,51,0.8); display:none;\">\n\t<div class=\"ult_modal ult-fade ult-medium\">\n\t\t<div id=\"ult-modal-wrap-907\" class=\"ult_modal-content ult-hide\" style=\"border-style:solid;border-width:2px;border-radius:0px;border-color:#333333;\">\n\t\t\t<div class=\"ult_modal-header\" style=\"color:#333333;border-color:#333333;\">\n\t\t\t\t<h3  data-ultimate-target='#ult-modal-wrap-907 .ult_modal-title'  data-responsive-json-new='{\"font-size\":\"\",\"line-height\":\"\"}'  class=\"ult_modal-title ult-responsive\">ZAM\u00d3W BEZP\u0141ATN\u0104 WYCEN\u0118<\/h3>\n\t\t\t<\/div>\n\t\t\t<div  data-ultimate-target='#ult-modal-wrap-907 .ult_modal-body'  data-responsive-json-new='{\"font-size\":\"\",\"line-height\":\"\"}'  class=\"ult_modal-body ult-responsive ult-html\" style=\"\">\n\t\t\t<\/p>\n<p>[caldera_form id=&#8221;CF6149e02688efa&#8221;]<\/p>\n<p>\n\t\t\t<\/div>\n\t<\/div>\n\t<\/div>\n\t<div class=\"ult-overlay-close top-right\" style=\"width:80px;height:80px; \"><div class=\"ult-overlay-close-inside\">Close<\/div><\/div>\n<\/div>[\/vc_column_inner][\/vc_row_inner][\/vc_column][\/vc_row][vc_row wrap_container=&#8221;yes&#8221; css=&#8221;.vc_custom_1689256499740{margin-top: 15px !important;}&#8221; conditional_render=&#8221;%5B%7B%22value_role%22%3A%22administrator%22%7D%5D&#8221;][vc_column][vc_custom_heading text=&#8221;Cz\u0119sto zadawane pytania&#8221; font_container=&#8221;tag:h2|text_align:center|color:%23000000&#8243; use_theme_fonts=&#8221;yes&#8221;][vc_separator][vc_row_inner][vc_column_inner width=&#8221;7\/12&#8243;][vc_column_text]<\/p>\n<h3 style=\"font-weight: 400;\">Jakie us\u0142ugi oferuje Espamob dla grup chc\u0105cych odby\u0107 sta\u017c Erasmus w Hiszpanii?<\/h3>\n<p style=\"font-weight: 400;\">Espamob oferuje kompleksowe zarz\u0105dzanie projektami mobilno\u015bci Erasmus w Hiszpanii. Obejmuje to pomoc w tworzeniu projektu, poszukiwaniu finansowania, przyj\u0119ciu w uniwersytetach i partneruj\u0105cych firmach na sta\u017ce, poszukiwaniu zakwaterowania na miejscu i organizacj\u0119 transferu z lotniska.<\/p>\n<h3 style=\"font-weight: 400;\">Jak Espamob mo\u017ce pom\u00f3c grupom pracownik\u00f3w sprz\u0105taj\u0105cych w zorganizowaniu ich sta\u017cu Erasmus w Hiszpanii?<\/h3>\n<p style=\"font-weight: 400;\">Espamob specjalizuje si\u0119 we wsparciu grup pracownik\u00f3w sprz\u0105taj\u0105cych, kt\u00f3re chc\u0105 odby\u0107 sta\u017c Erasmusa w Hiszpanii. Agencja mo\u017ce pom\u00f3c tym grupom w poszukiwaniu hiszpa\u0144skich partner\u00f3w w dziedzinie sprz\u0105tania, u\u0142atwia\u0107 specyficzne procedury administracyjne zwi\u0105zane z tym sektorem i zapewnia\u0107 spersonalizowane wsparcie na ka\u017cdym etapie projektu.<\/p>\n<h3 style=\"font-weight: 400;\">Jakie s\u0105 korzy\u015bci z korzystania z Espamob do zorganizowania sta\u017cu Erasmusa w Hiszpanii jako pracownika sprz\u0105taj\u0105cego?<\/h3>\n<p><span style=\"font-weight: 400;\">Korzystanie z Espamob do zorganizowania sta\u017cu Erasmusa w Hiszpanii jako pracownika sprz\u0105taj\u0105cego ma wiele korzy\u015bci. Agencja ta posiada specjalistyczn\u0105 wiedz\u0119 w tej konkretnej dziedzinie, co umo\u017cliwia skorzystanie z dostosowanego do potrzeb i oczekiwa\u0144 pracownik\u00f3w sprz\u0105taj\u0105cych wsparcia. Ponadto Espamob u\u0142atwia procedury administracyjne, poszukiwanie partner\u00f3w i zarz\u0105dzanie logistyk\u0105, co pozwala grupom skupi\u0107 si\u0119 na swoim sta\u017cu i prze\u017cy\u0107 wzbogacaj\u0105c<\/span><span style=\"font-weight: 400;\">e do\u015bwiadczenie w spokoju.<\/span>[\/vc_column_text][\/vc_column_inner][vc_column_inner width=&#8221;1\/12&#8243;][\/vc_column_inner][vc_column_inner width=&#8221;4\/12&#8243;][vc_single_image image=&#8221;15074&#8243; img_size=&#8221;full&#8221;][vc_column_text]<\/p>\n<p style=\"font-weight: 400;\"><strong>Sprawd\u017a r\u00f3\u017cne destynacje Erasmus + w Hiszpanii:<\/strong><\/p>\n<ul>\n<li><a href=\"https:\/\/espamob.com\/pl\/praktyki-zawodowe-erasmus\/higiena-sprzataniem-sterylizacja\/praktyki-erasmus-specjalista-sterylizacji\/\">Sta\u017c Erasmus specjalista ds. Sterylizacji<\/a><\/li>\n<\/ul>\n<p>[\/vc_column_text][\/vc_column_inner][\/vc_row_inner][\/vc_column][\/vc_row]<\/p>\n<\/div>","protected":false},"excerpt":{"rendered":"<p>[vc_row css=&#8221;.vc_custom_1708972944825{margin-top: -20px !important;margin-bottom: 40px !important;background-image: url(https:\/\/espamob.com\/wp-content\/uploads\/2024\/02\/Limpiador.webp?id=23878) !important;}&#8221; conditional_render=&#8221;%5B%7B%22value_role%22%3A%22administrator%22%7D%5D&#8221;][vc_column css=&#8221;.vc_custom_1687965657482{padding-top: 30px !important;}&#8221; conditional_render=&#8221;%5B%7B%22value_role%22%3A%22administrator%22%7D%5D&#8221;][vc_empty_space height=&#8221;170&#8243;][vc_custom_heading text=&#8221;Praktyka zawodowa Erasmus: Pracownika sprz\u0105taj\u0105cego&#8221; font_container=&#8221;tag:h1|font_size:27|text_align:center|color:%23ffffff&#8221; use_theme_fonts=&#8221;yes&#8221; css=&#8221;.vc_custom_1709141843164{margin-bottom: 15px !important;background-color: rgba(136,136,136,0.29) !important;*background-color: rgb(136,136,136) !important;}&#8221; animation_type=&#8221;zoomIn&#8221;][vc_empty_space height=&#8221;40&#8243;][\/vc_column][\/vc_row][vc_row wrap_container=&#8221;yes&#8221; text_align=&#8221;justify&#8221;][vc_column text_align=&#8221;justify&#8221;][vc_column_text] Home Sektory sta\u017cowe Mobilno\u015b\u0107 w zawodach zwi\u0105zanych z higien\u0105, czysto\u015bci\u0105 i sterylizacj\u0105 Praktyka zawodowa Erasmus: Pracownika sprz\u0105taj\u0105cego [\/vc_column_text][vc_custom_heading text=&#8221;Odkryj sta\u017c Erasmus dla<\/p>\n","protected":false},"author":2,"featured_media":0,"parent":13171,"menu_order":0,"comment_status":"closed","ping_status":"closed","template":"","meta":{"footnotes":""},"class_list":["post-23891","page","type-page","status-publish","hentry"],"_links":{"self":[{"href":"https:\/\/espamob.com\/pl\/wp-json\/wp\/v2\/pages\/23891","targetHints":{"allow":["GET"]}}],"collection":[{"href":"https:\/\/espamob.com\/pl\/wp-json\/wp\/v2\/pages"}],"about":[{"href":"https:\/\/espamob.com\/pl\/wp-json\/wp\/v2\/types\/page"}],"author":[{"embeddable":true,"href":"https:\/\/espamob.com\/pl\/wp-json\/wp\/v2\/users\/2"}],"replies":[{"embeddable":true,"href":"https:\/\/espamob.com\/pl\/wp-json\/wp\/v2\/comments?post=23891"}],"version-history":[{"count":0,"href":"https:\/\/espamob.com\/pl\/wp-json\/wp\/v2\/pages\/23891\/revisions"}],"up":[{"embeddable":true,"href":"https:\/\/espamob.com\/pl\/wp-json\/wp\/v2\/pages\/13171"}],"wp:attachment":[{"href":"https:\/\/espamob.com\/pl\/wp-json\/wp\/v2\/media?parent=23891"}],"curies":[{"name":"wp","href":"https:\/\/api.w.org\/{rel}","templated":true}]}}