{"id":23887,"date":"2023-08-28T00:00:00","date_gmt":"2023-08-28T00:00:00","guid":{"rendered":"https:\/\/www.espamob.com\/praktyki-zawodowe-erasmus\/hygiene-proprete-sterilisation\/stage-erasmus-agent-de-sterilisation\/"},"modified":"2024-03-04T22:54:22","modified_gmt":"2024-03-04T22:54:22","slug":"praktyki-erasmus-specjalista-sterylizacji","status":"publish","type":"page","link":"https:\/\/espamob.com\/pl\/praktyki-zawodowe-erasmus\/higiena-sprzataniem-sterylizacja\/praktyki-erasmus-specjalista-sterylizacji\/","title":{"rendered":"Stage Erasmus : Agent de st\u00e9rilisation"},"content":{"rendered":"<div class=\"wpb-content-wrapper\"><p>[vc_row css=&#8221;.vc_custom_1708972930033{margin-top: -20px !important;margin-bottom: 40px !important;background-image: url(https:\/\/espamob.com\/wp-content\/uploads\/2024\/02\/Esterilizador.webp?id=23873) !important;}&#8221; conditional_render=&#8221;%5B%7B%22value_role%22%3A%22administrator%22%7D%5D&#8221;][vc_column css=&#8221;.vc_custom_1687965657482{padding-top: 30px !important;}&#8221; conditional_render=&#8221;%5B%7B%22value_role%22%3A%22administrator%22%7D%5D&#8221;][vc_empty_space height=&#8221;170&#8243;][vc_custom_heading text=&#8221;Praktyki Erasmus: Specjalista ds. sterylizacji&#8221; font_container=&#8221;tag:h1|font_size:27|text_align:center|color:%23ffffff&#8221; use_theme_fonts=&#8221;yes&#8221; css=&#8221;.vc_custom_1709140755655{margin-bottom: 15px !important;background-color: rgba(136,136,136,0.29) !important;*background-color: rgb(136,136,136) !important;}&#8221; animation_type=&#8221;zoomIn&#8221;][vc_empty_space height=&#8221;40&#8243;][\/vc_column][\/vc_row][vc_row wrap_container=&#8221;yes&#8221; text_align=&#8221;justify&#8221;][vc_column text_align=&#8221;justify&#8221;][vc_column_text]<\/p>\n<nav aria-label=\"breadcrumb\">\n<ol class=\"breadcrumb\">\n<li class=\"breadcrumb-item\"><a href=\"https:\/\/espamob.com\/pl\">Home<\/a><\/li>\n<li class=\"breadcrumb-item\"><a href=\"https:\/\/espamob.com\/pl\/praktyki-zawodowe-erasmus\">Sektory sta\u017cowe<\/a><\/li>\n<li class=\"breadcrumb-item active\" aria-current=\"page\"><a href=\"https:\/\/espamob.com\/pl\/praktyki-zawodowe-erasmus\/hygiene-proprete-sterilisation\/\">Mobilno\u015b\u0107 w zawodach zwi\u0105zanych z higien\u0105, czysto\u015bci\u0105 i sterylizacj\u0105<\/a><\/li>\n<li class=\"breadcrumb-item active\" aria-current=\"page\">Praktyka zawodowa Erasmus: Specjalista ds. sterylizacji<\/li>\n<\/ol>\n<\/nav>\n<p>[\/vc_column_text][vc_custom_heading text=&#8221;Program Erasmus w dziedzinie sterylizacji: okazja do wykorzystania&#8221; use_theme_fonts=&#8221;yes&#8221; css=&#8221;.vc_custom_1709140851116{margin-top: 20px !important;}&#8221;][vc_separator][vc_row_inner][vc_column_inner width=&#8221;7\/12&#8243;][vc_column_text]<\/p>\n<p style=\"font-weight: 400;\">Obecnie istnieje wiele bran\u017c zawodowych, kt\u00f3re mog\u0105 skorzysta\u0107 z programu wymiany europejskiej Erasmus+. Jedn\u0105 z najbardziej interesuj\u0105cych z tych bran\u017c jest obszar <strong>sterylizacji i higieny<\/strong>, w kt\u00f3rym specjali\u015bci ds. sterylizacji odgrywaj\u0105 kluczow\u0105 rol\u0119. W tym artykule przedstawimy korzy\u015bci zwi\u0105zane z programem Erasmus w tej dziedzinie i jak mo\u017ce on przyczyni\u0107 si\u0119 do rozwoju zawodowego.<\/p>\n<h2 style=\"font-weight: 400;\">Dlaczego wybra\u0107 obszar sterylizacji?<\/h2>\n<p style=\"font-weight: 400;\">Sektor sterylizacji ro\u015bnie w si\u0142\u0119, zw\u0142aszcza ze wzgl\u0119du na rozw\u00f3j norm higieny i bezpiecze\u0144stwa w r\u00f3\u017cnych dziedzinach, takich jak szpitale czy laboratoria farmaceutyczne. Specjali\u015bci ds. sterylizacji odpowiadaj\u0105 za utrzymanie czysto\u015bci i eliminacj\u0119 bakterii oraz wirus\u00f3w na sprz\u0119cie medycznym i innych urz\u0105dzeniach. W ten spos\u00f3b przyczyniaj\u0105 si\u0119 do zapobiegania zaka\u017ceniom szpitalnym i zapewniaj\u0105 bezpiecze\u0144stwo pacjent\u00f3w.<\/p>\n<p style=\"font-weight: 400;\">Ponadto, ze wzgl\u0119du na post\u0119p technologiczny i ci\u0105g\u0142e zmiany w przepisach, umiej\u0119tno\u015bci wymagane do wykonywania tego zawodu staj\u0105 si\u0119 coraz bardziej wyspecjalizowane. To sprawia, \u017ce praca specjalisty ds. sterylizacji staje si\u0119 bardzo atrakcyjna, oferuj\u0105c liczne mo\u017cliwo\u015bci zawodowe i interesuj\u0105ce perspektywy rozwoju.<\/p>\n<h2 style=\"font-weight: 400;\">Korzy\u015bci z programu Erasmus dla specjalist\u00f3w ds. sterylizacji<\/h2>\n<p style=\"font-weight: 400;\">Program Erasmus+ to doskona\u0142a okazja dla student\u00f3w i profesjonalist\u00f3w, kt\u00f3rzy chc\u0105 zdoby\u0107 nowe umiej\u0119tno\u015bci, poszerzy\u0107 horyzonty i rozwija\u0107 swoj\u0105 sie\u0107 zawodow\u0105. Dla \u00a0specjalisty ds. sterylizacji uczestnictwo w programie Erasmus ma wiele korzy\u015bci:<\/p>\n<ul>\n<li><strong>Odkrywanie nowych metod i technik<\/strong>: Praktyki zwi\u0105zane ze sterylizacj\u0105 mog\u0105 si\u0119 r\u00f3\u017cni\u0107 w zale\u017cno\u015bci od kraju, zw\u0142aszcza ze wzgl\u0119du na lokalne przepisy lub normy mi\u0119dzynarodowe. Program Erasmus pozwala na nauk\u0119 nowych podej\u015b\u0107 i zapoznanie si\u0119 z r\u00f3\u017cnymi urz\u0105dzeniami i procedurami.<\/li>\n<li><strong>Poprawa umiej\u0119tno\u015bci j\u0119zykowych<\/strong>: Znajomo\u015b\u0107 jednego lub wielu j\u0119zyk\u00f3w obcych to ogromna zaleta w dziedzinie sterylizacji, gdzie komunikacja z innymi cz\u0142onkami zespo\u0142u i zrozumienie protoko\u0142\u00f3w mi\u0119dzynarodowych s\u0105 kluczowe. Program Erasmus wspiera nauk\u0119 j\u0119zyk\u00f3w i pomaga znacz\u0105co podnie\u015b\u0107 poziom umiej\u0119tno\u015bci j\u0119zykowych.<\/li>\n<li><strong>Zwi\u0119kszenie szans zatrudnienia<\/strong><span>: Zdobycie do\u015bwiadczenia zawodowego za granic\u0105 jest bardzo cenione przez pracodawc\u00f3w, poniewa\u017c \u015bwiadczy o <\/span><span>Twojej zdolno\u015bci do adaptacji, otwarto\u015bci umys\u0142u i ch\u0119ci do nauki. Ponadto program Erasmus umo\u017cliwia nawi\u0105zanie kontakt\u00f3w z firmami i profesjonalistami bran\u017cowymi, co mo\u017ce by\u0107 pomocne w znalezieniu pracy w przysz\u0142o\u015bci.<\/span><\/li>\n<\/ul>\n<p>[\/vc_column_text][\/vc_column_inner][vc_column_inner width=&#8221;1\/12&#8243;][\/vc_column_inner][vc_column_inner width=&#8221;4\/12&#8243;][vc_single_image image=&#8221;18106&#8243; img_size=&#8221;400*400&#8243; alignment=&#8221;right&#8221; style=&#8221;vc_box_rounded&#8221;][vc_btn title=&#8221;Zobacz wi\u0119cej&#8221; style=&#8221;custom&#8221; custom_background=&#8221;#e20000&#8243; custom_text=&#8221;#ffffff&#8221; align=&#8221;center&#8221; link=&#8221;url:https%3A%2F%2Fespamob.com%2Fpl%2Fkontakt-z-polskim-konsultantem|title:Kontakt|target:_blank&#8221;][\/vc_column_inner][\/vc_row_inner][vc_custom_heading text=&#8221;Jak uzyska\u0107 sta\u017c Erasmus jako specjalista ds. sterylizacji?&#8221; font_container=&#8221;tag:h3|text_align:left&#8221; use_theme_fonts=&#8221;yes&#8221; css=&#8221;.vc_custom_1709141026167{margin-top: 20px !important;}&#8221;][vc_separator][vc_row_inner][vc_column_inner width=&#8221;7\/12&#8243;][vc_column_text]<\/p>\n<p style=\"font-weight: 400;\">Aby skorzysta\u0107 ze sta\u017cu Erasmus w obszarze sterylizacji, konieczne jest spe\u0142nienie pewnych warunk\u00f3w i przej\u015bcie przez nast\u0119puj\u0105ce kroki:<\/p>\n<ol>\n<li><strong>Sprawdzenie <\/strong><strong>dost\u0119pno\u015bci<\/strong>: Program Erasmus+ jest przeznaczony dla student\u00f3w i profesjonalist\u00f3w z pa\u0144stw cz\u0142onkowskich Unii Europejskiej. Niekt\u00f3re plac\u00f3wki edukacyjne lub organizacje szkoleniowe mog\u0105 r\u00f3wnie\u017c mie\u0107 specyficzne kryteria przyznawania stypendi\u00f3w Erasmus. Warto zasi\u0119gn\u0105\u0107 informacji w swojej szkole, na uniwersytecie lub w o\u015brodku szkoleniowym.<\/li>\n<li><strong>Poszukiwanie oferty sta\u017cu<\/strong>: Musisz znale\u017a\u0107 firm\u0119 lub organizacj\u0119 przyjmuj\u0105c\u0105, kt\u00f3ra oferuje sta\u017c zgodny z Twoimi umiej\u0119tno\u015bciami i zawodowymi celami. Mo\u017cesz przegl\u0105da\u0107 oferty na specjalistycznych stronach internetowych, kontaktowa\u0107 si\u0119 bezpo\u015brednio z firmami w danej bran\u017cy lub prosi\u0107 o pomoc w swojej instytucji macierzystej.<\/li>\n<li><strong>Przygotowanie dokument\u00f3w aplikacyjnych<\/strong>: Aby z\u0142o\u017cy\u0107 wniosek o sta\u017c Erasmus, musisz przygotowa\u0107 odpowiednie CV i list motywacyjny w j\u0119zyku kraju, do kt\u00f3rego si\u0119 wybierasz. Nie wahaj si\u0119 podkre\u015bla\u0107 swoich umiej\u0119tno\u015bci j\u0119zykowych oraz do\u015bwiadczenia zwi\u0105zanego ze sterylizacj\u0105.<\/li>\n<li><strong>Z\u0142o\u017cenie wniosku o stypendium<\/strong>: Po znalezieniu sta\u017cu i uzyskaniu zgody firmy lub organizacji przyjmuj\u0105cej, musisz z\u0142o\u017cy\u0107 wniosek o stypendium Erasmusa w swojej instytucji macierzystej. Terminy i zasady mog\u0105 si\u0119 r\u00f3\u017cni\u0107, wi\u0119c warto dowiedzie\u0107 si\u0119 o nich z wyprzedzeniem.<\/li>\n<\/ol>\n<h3 style=\"font-weight: 400;\">Przygotowanie do sta\u017cu Erasmus<\/h3>\n<p style=\"font-weight: 400;\">Po uzyskaniu potwierdzenia swojego sta\u017cu Erasmus, istotne jest odpowiednie przygotowanie, aby jak najlepiej wykorzysta\u0107 to do\u015bwiadczenie:<\/p>\n<ul>\n<li><strong>Organizacja zakwaterowania i transportu<\/strong>: Dowiedz si\u0119 o dost\u0119pnych opcjach zakwaterowania w mie\u015bcie, gdzie b\u0119dziesz odbywa\u0107 sta\u017c, i zasi\u0119gnij porad od firmy przyjmuj\u0105cej. R\u00f3wnie\u017c zapoznaj si\u0119 z mo\u017cliwo\u015bciami transportu, aby u\u0142atwi\u0107 sobie przemieszczanie si\u0119 na miejscu.<\/li>\n<li><strong>Zaznajomienie si\u0119 z kultur\u0105 lokaln\u0105:<\/strong> Ka\u017cde pa\u0144stwo ma swoje w\u0142asne tradycje i obyczaje, r\u00f3wnie\u017c w sferze zawodowej. Warto dowiedzie\u0107 si\u0119 o miejscowych zwyczajach, aby unikn\u0105\u0107 nieporozumie\u0144 i u\u0142atwi\u0107 integracj\u0119 w zespole.<\/li>\n<li><strong>Wykazanie si\u0119 otwarto\u015bci\u0105 umys\u0142u<\/strong>: Sta\u017c Erasmus to wyj\u0105tkowa okazja do nauki i odkrywania nowych rzeczy zar\u00f3wno w sferze zawodowej, jak i osobistej. B\u0105d\u017a ciekawy i nie wahaj si\u0119 zadawa\u0107 pyta\u0144, je\u015bli nie rozumiesz pewnych praktyk lub procedur.<\/li>\n<\/ul>\n<p><span style=\"font-weight: 400;\">Podsumowuj\u0105c, sta\u017c Erasmus dla <\/span><span style=\"font-weight: 400;\">specjalist\u00f3w ds. sterylizacji oferuje liczne mo\u017cliwo\u015bci rozwoju zawodowego i osobistego. Pozwala zdoby\u0107 nowe umiej\u0119tno\u015bci, poprawi\u0107 znajomo\u015b\u0107 j\u0119zyk\u00f3w obcych i wzmocni\u0107 atrakcyjno\u015b\u0107 zawodow\u0105. Nie wahaj si\u0119 wyruszy\u0107 w t\u0119 fascynuj\u0105c\u0105 przygod\u0119!<\/span>[\/vc_column_text][\/vc_column_inner][vc_column_inner width=&#8221;1\/12&#8243;][\/vc_column_inner][vc_column_inner width=&#8221;4\/12&#8243;][vc_raw_html]JTNDZGl2JTIwc3R5bGUlM0QlMjJwYWRkaW5nJTNBJTIwMzBweCUzQmJhY2tncm91bmQtY29sb3IlM0ElMjAlMjNGNEY0RjQlM0IlMjIlM0UlMEElMjAlMjAlMjAlMjAlM0NoNCUzRU9ka3J5aiUyMHdzenlzdGtpZSUyMHNla3RvcnklMjBwcmFrdHlrJTNDJTJGaDQlM0UlMEElMjAlMjAlMjAlMjAlM0NwJTNFRXNwYW1vYiUyMHNwZWNqYWxpenVqZSUyMHNpJUM0JTk5JTIwdyUyMHBvbWFnYW5pdSUyMGdydXBvbSUyMHclMjBtb2JpbG5vJUM1JTlCY2klMjB3JTIwcmFtYWNoJTIwcHJvZ3JhbXUlMjBFcmFzbXVzJTIwJTJCLiUyMERvd2llZHolMjBzaSVDNCU5OSUyMG8lMjB3c3p5c3RraWNoJTIwc2VrdG9yYWNoJTIwcHJha3R5ayUyMEVyYXNtdXMlMjB3JTIwSGlzenBhbmlpJTIwemElMjBwb21vYyVDNCU4NSUyMGtpbGt1JTIwa2xpa25pJUM0JTk5JUM0JTg3LiUzQyUyRnAlM0UlMEElMjAlMjAlMjAlMjAlM0NhJTIwY2xhc3MlM0QlMjJ2Y19nZW5lcmFsJTIwdmNfYnRuMyUyMHZjX2J0bjMtc2l6ZS1tZCUyMHZjX2J0bjMtc2hhcGUtZGVmYXVsdCUyMHZjX2J0bjMtc3R5bGUtY3VzdG9tJTIwd3BiX2N1c3RvbV82Njg3YjI2ZjM5NDg4ZGRiYjg1ZGRiM2MxY2U4ZTExMSUyMGJ0biUyMiUyMHN0eWxlJTNEJTIyYmFja2dyb3VuZC1jb2xvciUzQSUyM2UyMDAwMCUzQiUyMGNvbG9yJTNBJTIzZmZmZmZmJTNCJTIwYmFja2dyb3VuZC1jb2xvciUzQSUyM2UyMDAwMCUzQiUyMGNvbG9yJTNBJTIzZmZmZmZmJTNCJTIyJTIwaHJlZiUzRCUyMmh0dHBzJTNBJTJGJTJGd3d3LmVzcGFtb2IuY29tJTJGcGwlMkZwcmFrdHlraS16YXdvZG93ZS1lcmFzbXVzJTJGJTIyJTIwdGl0bGUlM0QlMjJTZWt0b3J5JTIwc3RhJUM1JUJDb3dlJTIyJTIwdGFyZ2V0JTNEJTIyX2JsYW5rJTIyJTNFT2RrcnlqJTIwc2VrdG9yeSUzQyUyRmElM0UlMEElM0MlMkZkaXYlM0U=[\/vc_raw_html][vc_custom_heading text=&#8221;Odkryj opinie uczestnik\u00f3w programu Erasmus +:&#8221; font_container=&#8221;tag:h3|text_align:left&#8221; use_theme_fonts=&#8221;yes&#8221; css=&#8221;.vc_custom_1709141120134{margin-top: 20px !important;}&#8221;][vc_separator][vc_video link=&#8221;https:\/\/www.youtube.com\/watch?v=C88_DC-IEdY&#8221; align=&#8221;center&#8221;][\/vc_column_inner][\/vc_row_inner][\/vc_column][\/vc_row][vc_row][vc_column][vc_column_text]<\/p>\n<p>[\/vc_column_text][\/vc_column][\/vc_row][vc_row full_width=&#8221;stretch_row&#8221; wrap_container=&#8221;yes&#8221; is_section=&#8221;yes&#8221; css=&#8221;.vc_custom_1709141140855{border-top-width: 0px !important;padding-top: 15px !important;padding-bottom: 15px !important;background-color: #f8f392 !important;}&#8221; conditional_render=&#8221;%5B%7B%22value_role%22%3A%22administrator%22%7D%5D&#8221;][vc_column][vc_row_inner css=&#8221;.vc_custom_1688548648248{background-color: #f8f392 !important;}&#8221;][vc_column_inner][vc_custom_heading text=&#8221;Popro\u015b o bezp\u0142atn\u0105 wycen\u0119&#8221; font_container=&#8221;tag:h2|text_align:center&#8221; use_theme_fonts=&#8221;yes&#8221;][vc_column_text]<\/p>\n<p style=\"text-align: justify;\">Masz pomys\u0142 na projekt Erasmus+ w Hiszpanii i szukasz zaufanej agencji, kt\u00f3ra Ci\u0119 wesprze?\u00a0<strong>Espamob<\/strong>\u2019 jest tutaj, aby Ci pom\u00f3c! Oferujemy bezp\u0142atn\u0105 i niezobowi\u0105zuj\u0105c\u0105 wycen\u0119, kt\u00f3ra pomo\u017ce Ci zarz\u0105dza\u0107 projektem mobilno\u015bci. Dzi\u0119ki naszemu do\u015bwiadczeniu i sieci firm partnerskich mo\u017cemy zaoferowa\u0107 spersonalizowane wsparcie, aby spe\u0142ni\u0107 Twoje specyficzne potrzeby. Skontaktuj si\u0119 z nami ju\u017c teraz, aby om\u00f3wi\u0107 sw\u00f3j projekt i otrzyma\u0107 bezp\u0142atn\u0105 wycen\u0119.<\/p>\n<p>[\/vc_column_text]<div id=\"modal-trg-txt-wrap-2786\" class=\"ult-modal-input-wrapper ult-adjust-bottom-margin    \" data-keypress-control=\"keypress-control-enable\" data-overlay-control=\"overlay-control-enable\"><style>\n\t\t\t\t\t.btn-modal.btn-id-69e8185ff0dde6-33160188:hover {\n\t\t\t\t\t\tbackground-color: #e20000 !important;\n\t\t\t\t\t}\n\t\t\t\t\t<\/style><button  data-ultimate-target='#modal-trg-txt-wrap-2786 .btn-modal'  data-responsive-json-new='{\"font-size\":\"\",\"line-height\":\"\"}'  style=\"background:#888888;border-color:#888888;color:#ffffff; \" data-class-id=\"content-69e8185ff0dde6-33160188\" class=\"btn-modal ult-responsive btn-primary btn-modal-md overlay-show ult-align-center btn-id-69e8185ff0dde6-33160188\" data-overlay-class=\"overlay-cornerbottomleft\">ZAM\u00d3W BEZP\u0141ATN\u0104 WYCEN\u0118<\/button><\/div>\n<div class=\"ult-overlay content-69e8185ff0dde6-33160188 \" data-class=\"content-69e8185ff0dde6-33160188\" id=\"button-click-overlay\" style=\"background:rgba(51,51,51,0.8); display:none;\">\n\t<div class=\"ult_modal ult-fade ult-medium\">\n\t\t<div id=\"ult-modal-wrap-4005\" class=\"ult_modal-content ult-hide\" style=\"border-style:solid;border-width:2px;border-radius:0px;border-color:#333333;\">\n\t\t\t<div class=\"ult_modal-header\" style=\"color:#333333;border-color:#333333;\">\n\t\t\t\t<h3  data-ultimate-target='#ult-modal-wrap-4005 .ult_modal-title'  data-responsive-json-new='{\"font-size\":\"\",\"line-height\":\"\"}'  class=\"ult_modal-title ult-responsive\">ZAM\u00d3W BEZP\u0141ATN\u0104 WYCEN\u0118<\/h3>\n\t\t\t<\/div>\n\t\t\t<div  data-ultimate-target='#ult-modal-wrap-4005 .ult_modal-body'  data-responsive-json-new='{\"font-size\":\"\",\"line-height\":\"\"}'  class=\"ult_modal-body ult-responsive ult-html\" style=\"\">\n\t\t\t[caldera_form id=&#8221;CF6149e02688efa&#8221;]\n\t\t\t<\/div>\n\t<\/div>\n\t<\/div>\n\t<div class=\"ult-overlay-close top-right\" style=\"width:80px;height:80px; \"><div class=\"ult-overlay-close-inside\">Close<\/div><\/div>\n<\/div>[\/vc_column_inner][\/vc_row_inner][\/vc_column][\/vc_row][vc_row wrap_container=&#8221;yes&#8221; css=&#8221;.vc_custom_1689256499740{margin-top: 15px !important;}&#8221; conditional_render=&#8221;%5B%7B%22value_role%22%3A%22administrator%22%7D%5D&#8221;][vc_column][vc_custom_heading text=&#8221;Cz\u0119sto zadawane pytania&#8221; font_container=&#8221;tag:h2|text_align:center|color:%23000000&#8243; use_theme_fonts=&#8221;yes&#8221;][vc_separator][vc_row_inner][vc_column_inner width=&#8221;7\/12&#8243;][vc_column_text]<\/p>\n<h3 style=\"font-weight: 400;\">Jakie us\u0142ugi oferuje Espamob w ramach program\u00f3w sta\u017cowych Erasmus w Hiszpanii?<\/h3>\n<p style=\"font-weight: 400;\">Espamob zapewnia kompleksowe wsparcie dla program\u00f3w sta\u017cowych Erasmus w Hiszpanii. Obejmuje to tworzenie projektu, poszukiwanie finansowania, przyj\u0119cie na uniwersytetach i w partneruj\u0105cych firmach na potrzeby sta\u017cu, poszukiwanie zakwaterowania lokalnego oraz organizacj\u0119 transfer\u00f3w z lotniska.<\/p>\n<h3 style=\"font-weight: 400;\">W jaki spos\u00f3b Espamob mo\u017ce pom\u00f3c grupom w zdobywaniu finansowania na ich sta\u017c Erasmus?<\/h3>\n<p style=\"font-weight: 400;\">Espamob posiada do\u015bwiadczenie w poszukiwaniu finansowania dla program\u00f3w sta\u017cowych Erasmus. Agencja mo\u017ce doradzi\u0107 grupom w zakresie r\u00f3\u017cnych mo\u017cliwo\u015bci finansowania, pom\u00f3c w redagowaniu wniosk\u00f3w o finansowanie oraz towarzyszy\u0107 im przez ca\u0142y proces poszukiwania \u015brodk\u00f3w finansowych.<\/p>\n<h3 style=\"font-weight: 400;\">Kim jest specjalista ds. sterylizacji i w jaki spos\u00f3b Espamob mo\u017ce pom\u00f3c studentom zainteresowanym t\u0105 dziedzin\u0105 podczas sta\u017cu Erasmus?<\/h3>\n<p><span style=\"font-weight: 400;\">Specjalista ds. sterylizacji to profesjonalista ds. zdrowia odpowiedzialny za zapewnienie sterylno\u015bci sprz\u0119tu medycznego i narz\u0119dzi chirurgicznych. Espamob mo\u017ce pom\u00f3c studentom zainteresowanym t\u0105 dziedzin\u0105 podczas ich sta\u017cu Erasmus w Hiszpanii, kieruj\u0105c ich do partneruj\u0105cych firm specjalizuj\u0105cych si\u0119 w sterylizacji oraz wspieraj\u0105c ich integracj\u0119 w tych przedsi\u0119biorstwach<\/span>[\/vc_column_text][\/vc_column_inner][vc_column_inner width=&#8221;1\/12&#8243;][\/vc_column_inner][vc_column_inner width=&#8221;4\/12&#8243;][vc_single_image image=&#8221;15074&#8243; img_size=&#8221;full&#8221;][vc_column_text]<\/p>\n<p style=\"font-weight: 400;\"><strong>Dowiedz si\u0119 wi\u0119cej o r\u00f3\u017cnych destynacjach Erasmus+ w Hiszpanii:<\/strong><\/p>\n<ul>\n<li><a href=\"https:\/\/espamob.com\/pl\/praktyki-zawodowe-erasmus\/higiena-sprzataniem-sterylizacja\/praktyki-erasmus-pracownika-sprzatajacego\/\">Sta\u017c Erasmus Pracownik Sprz\u0105taj\u0105cy<\/a><\/li>\n<\/ul>\n<p>[\/vc_column_text][\/vc_column_inner][\/vc_row_inner][\/vc_column][\/vc_row]<\/p>\n<\/div>","protected":false},"excerpt":{"rendered":"<p>[vc_row css=&#8221;.vc_custom_1708972930033{margin-top: -20px !important;margin-bottom: 40px !important;background-image: url(https:\/\/espamob.com\/wp-content\/uploads\/2024\/02\/Esterilizador.webp?id=23873) !important;}&#8221; conditional_render=&#8221;%5B%7B%22value_role%22%3A%22administrator%22%7D%5D&#8221;][vc_column css=&#8221;.vc_custom_1687965657482{padding-top: 30px !important;}&#8221; conditional_render=&#8221;%5B%7B%22value_role%22%3A%22administrator%22%7D%5D&#8221;][vc_empty_space height=&#8221;170&#8243;][vc_custom_heading text=&#8221;Praktyki Erasmus: Specjalista ds. sterylizacji&#8221; font_container=&#8221;tag:h1|font_size:27|text_align:center|color:%23ffffff&#8221; use_theme_fonts=&#8221;yes&#8221; css=&#8221;.vc_custom_1709140755655{margin-bottom: 15px !important;background-color: rgba(136,136,136,0.29) !important;*background-color: rgb(136,136,136) !important;}&#8221; animation_type=&#8221;zoomIn&#8221;][vc_empty_space height=&#8221;40&#8243;][\/vc_column][\/vc_row][vc_row wrap_container=&#8221;yes&#8221; text_align=&#8221;justify&#8221;][vc_column text_align=&#8221;justify&#8221;][vc_column_text] Home Sektory sta\u017cowe Mobilno\u015b\u0107 w zawodach zwi\u0105zanych z higien\u0105, czysto\u015bci\u0105 i sterylizacj\u0105 Praktyka zawodowa Erasmus: Specjalista ds. sterylizacji [\/vc_column_text][vc_custom_heading text=&#8221;Program Erasmus w<\/p>\n","protected":false},"author":2,"featured_media":0,"parent":13171,"menu_order":0,"comment_status":"closed","ping_status":"closed","template":"","meta":{"footnotes":""},"class_list":["post-23887","page","type-page","status-publish","hentry"],"_links":{"self":[{"href":"https:\/\/espamob.com\/pl\/wp-json\/wp\/v2\/pages\/23887","targetHints":{"allow":["GET"]}}],"collection":[{"href":"https:\/\/espamob.com\/pl\/wp-json\/wp\/v2\/pages"}],"about":[{"href":"https:\/\/espamob.com\/pl\/wp-json\/wp\/v2\/types\/page"}],"author":[{"embeddable":true,"href":"https:\/\/espamob.com\/pl\/wp-json\/wp\/v2\/users\/2"}],"replies":[{"embeddable":true,"href":"https:\/\/espamob.com\/pl\/wp-json\/wp\/v2\/comments?post=23887"}],"version-history":[{"count":0,"href":"https:\/\/espamob.com\/pl\/wp-json\/wp\/v2\/pages\/23887\/revisions"}],"up":[{"embeddable":true,"href":"https:\/\/espamob.com\/pl\/wp-json\/wp\/v2\/pages\/13171"}],"wp:attachment":[{"href":"https:\/\/espamob.com\/pl\/wp-json\/wp\/v2\/media?parent=23887"}],"curies":[{"name":"wp","href":"https:\/\/api.w.org\/{rel}","templated":true}]}}