{"id":23780,"date":"2023-08-28T00:00:00","date_gmt":"2023-08-28T00:00:00","guid":{"rendered":"https:\/\/www.espamob.com\/praktyki-zawodowe-erasmus\/medycznych\/stage-erasmus-aide-soignant\/"},"modified":"2024-02-23T20:33:42","modified_gmt":"2024-02-23T20:33:42","slug":"praktyki-erasmus-opiekunow-medycznych","status":"publish","type":"page","link":"https:\/\/espamob.com\/pl\/praktyki-zawodowe-erasmus\/medycznych\/praktyki-erasmus-opiekunow-medycznych\/","title":{"rendered":"Stage Erasmus : Aide soignant"},"content":{"rendered":"<div class=\"wpb-content-wrapper\"><p>[vc_row css=&#8221;.vc_custom_1708634214655{margin-top: -20px !important;margin-bottom: 40px !important;background-image: url(https:\/\/espamob.com\/wp-content\/uploads\/2024\/02\/Cuidador.webp?id=23742) !important;}&#8221; conditional_render=&#8221;%5B%7B%22value_role%22%3A%22administrator%22%7D%5D&#8221;][vc_column css=&#8221;.vc_custom_1687965657482{padding-top: 30px !important;}&#8221; conditional_render=&#8221;%5B%7B%22value_role%22%3A%22administrator%22%7D%5D&#8221;][vc_empty_space height=&#8221;170&#8243;][vc_custom_heading text=&#8221;Praktyki Erasmus: Opiekun\u00f3w medycznych&#8221; font_container=&#8221;tag:h1|font_size:27|text_align:center|color:%23ffffff&#8221; use_theme_fonts=&#8221;yes&#8221; css=&#8221;.vc_custom_1708719868720{margin-bottom: 15px !important;background-color: rgba(136,136,136,0.29) !important;*background-color: rgb(136,136,136) !important;}&#8221; animation_type=&#8221;zoomIn&#8221;][vc_empty_space height=&#8221;40&#8243;][\/vc_column][\/vc_row][vc_row wrap_container=&#8221;yes&#8221; text_align=&#8221;justify&#8221;][vc_column text_align=&#8221;justify&#8221;][vc_column_text]<\/p>\n<nav aria-label=\"breadcrumb\">\n<ol class=\"breadcrumb\">\n<li class=\"breadcrumb-item\"><a href=\"https:\/\/espamob.com\/pl\">Home<\/a><\/li>\n<li class=\"breadcrumb-item\"><a href=\"https:\/\/espamob.com\/pl\/praktyki-zawodowe-erasmus\">Sektory sta\u017cowe<\/a><\/li>\n<li class=\"breadcrumb-item active\" aria-current=\"page\"><a href=\"https:\/\/espamob.com\/pl\/praktyki-zawodowe-erasmus\/medycznych\/\">Mobilno\u015b\u0107 w sektorze us\u0142ug medycznych<\/a><\/li>\n<li class=\"breadcrumb-item active\" aria-current=\"page\">Praktyka zawodowa Erasmus: <span style=\"font-weight: 400;\">Opiekun\u00f3w medycznych<\/span><\/li>\n<\/ol>\n<\/nav>\n<p>[\/vc_column_text][vc_custom_heading text=&#8221;Praktyki w ramach programu Erasmus dla opiekun\u00f3w medycznych: wyj\u0105tkowa okazja do rozwoju zawodowego i osobistego&#8221; use_theme_fonts=&#8221;yes&#8221; css=&#8221;.vc_custom_1708719897951{margin-top: 20px !important;}&#8221;][vc_separator][vc_row_inner][vc_column_inner width=&#8221;7\/12&#8243;][vc_column_text]<span style=\"font-weight: 400;\"><strong>Program Erasmus<\/strong> jest dobrze znany z oferowania studentom mo\u017cliwo\u015bci wymiany studenckiej za granic\u0105. Jednak czy wiesz, \u017ce istniej\u0105 r\u00f3wnie\u017c mo\u017cliwo\u015bci odbycia sta\u017cu Erasmusa dla opiekun\u00f3w medycznych? Przez udzia\u0142 w sta\u017cu Erasmus dla opiekun\u00f3w medycznych masz szans\u0119 rozwija\u0107 swoje umiej\u0119tno\u015bci zawodowe, poprawi\u0107 swoje umiej\u0119tno\u015bci j\u0119zykowe i odkry\u0107 nowe kultury. W tym artykule przedstawiamy liczne korzy\u015bci z tych sta\u017cy oraz kroki do ich skorzystania.<\/span><\/p>\n<h2><span style=\"font-weight: 400;\">Korzy\u015bci ze sta\u017cu Erasmus dla opiekun\u00f3w medycznych<\/span><\/h2>\n<p><span style=\"font-weight: 400;\">Odbycie sta\u017cu w ramach programu Erasmus niesie za sob\u0105 kilka g\u0142\u00f3wnych korzy\u015bci dla opiekun\u00f3w medycznych:<\/span><\/p>\n<ol>\n<li style=\"font-weight: 400;\" aria-level=\"1\"><b>Rozw\u00f3j umiej\u0119tno\u015bci zawodowych:<\/b><span style=\"font-weight: 400;\"> Pracujesz w innym \u015brodowisku, z nowymi metodami pracy i nowymi podej\u015bciami do zawodu opiekuna medycznego. To do\u015bwiadczenie pozwoli ci zdoby\u0107 nowe umiej\u0119tno\u015bci i ulepszy\u0107 te, kt\u00f3re ju\u017c posiadasz.<\/span><\/li>\n<li style=\"font-weight: 400;\" aria-level=\"1\"><b>Poprawa umiej\u0119tno\u015bci j\u0119zykowych<\/b><span style=\"font-weight: 400;\">: Codzienna praktyka j\u0119zyka obcego w kontek\u015bcie zawodowym to jeden z najlepszych sposob\u00f3w szybkiego post\u0119pu. Dodatkowo, bieg\u0142a znajomo\u015b\u0107 jednego lub wi\u0119cej j\u0119zyk\u00f3w obcych jest niezaprzeczalnym atutem na rynku pracy, zw\u0142aszcza w dziedzinie opieki zdrowotnej.<\/span><\/li>\n<li style=\"font-weight: 400;\" aria-level=\"1\"><b>Odkrywanie nowych kultur<\/b><span style=\"font-weight: 400;\">: \u017bycie za granic\u0105, nawet przez kr\u00f3tki okres, daje ci mo\u017cliwo\u015b\u0107 poznania nowej kultury i spotkania ludzi z r\u00f3\u017cnych \u015brodowisk. To do\u015bwiadczenie mo\u017ce by\u0107 r\u00f3wnie warto\u015bciowe dla rozwoju osobistego, jak i zawodowego.<\/span><\/li>\n<li style=\"font-weight: 400;\" aria-level=\"1\"><b>Rozszerzanie sieci zawodowej:<\/b> Sta\u017c Erasmusa dla opiekun\u00f3w medycznych to r\u00f3wnie\u017c okazja do nawi\u0105zywania kontakt\u00f3w z profesjonalistami z bran\u017cy zdrowia w innym kraju. Te kontakty mog\u0105 by\u0107 pomocne w przysz\u0142o\u015bci, zw\u0142aszcza je\u015bli planujesz pracowa\u0107 za granic\u0105 lub w mi\u0119dzynarodowym otoczeniu.<\/li>\n<\/ol>\n<p>[\/vc_column_text][\/vc_column_inner][vc_column_inner width=&#8221;1\/12&#8243;][\/vc_column_inner][vc_column_inner width=&#8221;4\/12&#8243;][vc_single_image image=&#8221;18111&#8243; img_size=&#8221;400*400&#8243; alignment=&#8221;right&#8221; style=&#8221;vc_box_rounded&#8221;][vc_btn title=&#8221;Zobacz wi\u0119cej&#8221; style=&#8221;custom&#8221; custom_background=&#8221;#e20000&#8243; custom_text=&#8221;#ffffff&#8221; align=&#8221;center&#8221; link=&#8221;url:https%3A%2F%2Fespamob.com%2Fpl%2Fkontakt-z-polskim-konsultantem|title:Kontakt|target:_blank&#8221;][\/vc_column_inner][\/vc_row_inner][vc_custom_heading text=&#8221;Warunki korzystania z sta\u017cu Erasmus dla opiekun\u00f3w medycznych&#8221; font_container=&#8221;tag:h3|text_align:left&#8221; use_theme_fonts=&#8221;yes&#8221; css=&#8221;.vc_custom_1708719981685{margin-top: 20px !important;}&#8221;][vc_separator][vc_row_inner][vc_column_inner width=&#8221;7\/12&#8243;][vc_column_text]<span style=\"font-weight: 400;\">Aby m\u00f3c wzi\u0105\u0107 udzia\u0142 w sta\u017cu Erasmus dla opiekun\u00f3w medycznych, musisz spe\u0142ni\u0107 pewne warunki:<\/span><\/p>\n<ul>\n<li style=\"font-weight: 400;\" aria-level=\"1\"><span style=\"font-weight: 400;\">By\u0107 zapisanym na kurs opieki medycznej uznawanym przez tw\u00f3j kraj pochodzenia.<\/span><\/li>\n<li style=\"font-weight: 400;\" aria-level=\"1\"><span style=\"font-weight: 400;\">Uczestniczy\u0107 w tej edukacji w plac\u00f3wce posiadaj\u0105cej umow\u0119 Erasmus+ z Uni\u0105 Europejsk\u0105.<\/span><\/li>\n<li style=\"font-weight: 400;\" aria-level=\"1\"><span style=\"font-weight: 400;\">Znale\u017a\u0107 sta\u017c w plac\u00f3wce znajduj\u0105cej si\u0119 w kraju uczestnicz\u0105cym w programie Erasmus+. Sta\u017ce mog\u0105 odbywa\u0107 si\u0119 w szpitalach, klinikach, domach opieki lub innych plac\u00f3wkach opieki nad pacjentami.<\/span><\/li>\n<li style=\"font-weight: 400;\" aria-level=\"1\"><span style=\"font-weight: 400;\">Dostarczy\u0107 szczeg\u00f3\u0142owy projekt sta\u017cu do swojej plac\u00f3wki pochodzenia, okre\u015blaj\u0105c cele i planowane dzia\u0142ania podczas sta\u017cu.<\/span><\/li>\n<li style=\"font-weight: 400;\" aria-level=\"1\"><span style=\"font-weight: 400;\">Przestrzega\u0107 minimalnego i maksymalnego czasu trwania sta\u017cu, kt\u00f3ry mo\u017ce si\u0119 r\u00f3\u017cni\u0107 w zale\u017cno\u015bci od plac\u00f3wki i kraju.<\/span><\/li>\n<\/ul>\n<p><span style=\"font-weight: 400;\">Warto zaznaczy\u0107, \u017ce poszukiwania sta\u017cu mog\u0105 by\u0107 u\u0142atwione poprzez skorzystanie z <strong>platform<\/strong> specjalizuj\u0105cych si\u0119 w sta\u017cach Erasmusa, kt\u00f3re gromadz\u0105 oferty sta\u017cy dost\u0119pne w r\u00f3\u017cnych krajach.<\/span><\/p>\n<h3><span style=\"font-weight: 400;\">Dost\u0119pne finansowanie<\/span><\/h3>\n<p><span style=\"font-weight: 400;\">Program Erasmus+ oferuje finansowanie, aby pom\u00f3c studentom w realizacji ich sta\u017cu za granic\u0105. Przyznawane kwoty zale\u017c\u0105 od kraju pochodzenia i celu, a tak\u017ce od czasu trwania sta\u017cu. Te stypendia s\u0105 przyznawane na podstawie kryteri\u00f3w spo\u0142ecznych i akademickich, wi\u0119c wa\u017cne jest, aby dok\u0142adnie zapozna\u0107 si\u0119 z warunkami kwalifikacji i przygotowa\u0107 solidne dokumenty aplikacyjne.<\/span><\/p>\n<h3><span style=\"font-weight: 400;\">Uznanie sta\u017cu<\/span><\/h3>\n<p><span style=\"font-weight: 400;\">Aby tw\u00f3j sta\u017c Erasmus dla opiekun\u00f3w medycznych zosta\u0142 uznany i zatwierdzony w ramach twojej edukacji, wa\u017cne jest, aby \u015bledzi\u0107 post\u0119py administracyjne nak\u0142adane przez twoj\u0105 plac\u00f3wk\u0119 pochodzenia. Zazwyczaj obejmuje to podpisanie umowy sta\u017cu mi\u0119dzy twoj\u0105 plac\u00f3wk\u0105 pochodzenia, plac\u00f3wk\u0105 przyjmuj\u0105c\u0105 i tob\u0105 samym, a tak\u017ce przedstawienie raportu z ko\u0144ca sta\u017cu za granic\u0105.<\/span><\/p>\n<h2><span style=\"font-weight: 400;\">Dobra przygotowanie do sta\u017cu Erasmus dla opiekun\u00f3w medycznych<\/span><\/h2>\n<p><span style=\"font-weight: 400;\">Aby w pe\u0142ni wykorzysta\u0107 t\u0119 unikaln\u0105, do\u015bwiadczaln\u0105 szans\u0119, oto kilka porad, jak dobrze przygotowa\u0107 si\u0119 do sta\u017cu Erasmus:<\/span><\/p>\n<ul>\n<li style=\"font-weight: 400;\" aria-level=\"1\"><b>Dowiedzie\u0107 si\u0119 o kraju i kulturze<\/b><span style=\"font-weight: 400;\">: Przed wyjazdem wa\u017cne jest, aby zapozna\u0107 si\u0119 z obyczajami, j\u0119zykiem i specyfik\u0105 systemu opieki zdrowotnej w kraju przyjmuj\u0105cym. Pomo\u017ce to w integracji i umo\u017cliwi spokojne rozpocz\u0119cie sta\u017cu.<\/span><\/li>\n<li style=\"font-weight: 400;\" aria-level=\"1\"><b>Planowa\u0107 z wyprzedzeniem:<\/b><span style=\"font-weight: 400;\"> Znalezienie zakwaterowania, wykupienie ubezpieczenia zdrowotnego i dostosowanie bud\u017cetu to wa\u017cne kroki do podj\u0119cia przed rozpocz\u0119ciem sta\u017cu Erasmus dla opiekun\u00f3w medycznych.<\/span><\/li>\n<li style=\"font-weight: 400;\" aria-level=\"1\"><b>Okre\u015bla\u0107 jasne cele:<\/b><span style=\"font-weight: 400;\"> Aby w pe\u0142ni skorzysta\u0107 z tego do\u015bwiadczenia zawodowego i osobistego, istotne jest ustalenie konkretnych cel\u00f3w dotycz\u0105cych nauki i rozwijania umiej\u0119tno\u015bci.<\/span><\/li>\n<\/ul>\n<p><span style=\"font-weight: 400;\">Podsumowuj\u0105c, odbycie sta\u017cu Erasmus dla opiekun\u00f3w medycznych to unikalna okazja do rozwoju zawodowego i osobistego dla student\u00f3w w tej dziedzinie. Przyj\u0119cie tego wyzwania wzbogaci tw\u0105 \u015bcie\u017ck\u0119 kariery, zwi\u0119kszy niezale\u017cno\u015b\u0107 oraz pozwoli odkrywa\u0107 nowe kultury i rozszerza\u0107 sie\u0107 zawodow\u0105.<\/span>[\/vc_column_text][\/vc_column_inner][vc_column_inner width=&#8221;1\/12&#8243;][\/vc_column_inner][vc_column_inner width=&#8221;4\/12&#8243;][vc_raw_html]JTNDZGl2JTIwc3R5bGUlM0QlMjJwYWRkaW5nJTNBJTIwMzBweCUzQmJhY2tncm91bmQtY29sb3IlM0ElMjAlMjNGNEY0RjQlM0IlMjIlM0UlMEElMjAlMjAlMjAlMjAlM0NoNCUzRU9ka3J5aiUyMHdzenlzdGtpZSUyMHNla3RvcnklMjBwcmFrdHlrJTNDJTJGaDQlM0UlMEElMjAlMjAlMjAlMjAlM0NwJTNFRXNwYW1vYiUyMHNwZWNqYWxpenVqZSUyMHNpJUM0JTk5JTIwdyUyMHBvbWFnYW5pdSUyMGdydXBvbSUyMHclMjBtb2JpbG5vJUM1JTlCY2klMjB3JTIwcmFtYWNoJTIwcHJvZ3JhbXUlMjBFcmFzbXVzJTIwJTJCLiUyMERvd2llZHolMjBzaSVDNCU5OSUyMG8lMjB3c3p5c3RraWNoJTIwc2VrdG9yYWNoJTIwcHJha3R5ayUyMEVyYXNtdXMlMjB3JTIwSGlzenBhbmlpJTIwemElMjBwb21vYyVDNCU4NSUyMGtpbGt1JTIwa2xpa25pJUM0JTk5JUM0JTg3LiUzQyUyRnAlM0UlMEElMjAlMjAlMjAlMjAlM0NhJTIwY2xhc3MlM0QlMjJ2Y19nZW5lcmFsJTIwdmNfYnRuMyUyMHZjX2J0bjMtc2l6ZS1tZCUyMHZjX2J0bjMtc2hhcGUtZGVmYXVsdCUyMHZjX2J0bjMtc3R5bGUtY3VzdG9tJTIwd3BiX2N1c3RvbV82Njg3YjI2ZjM5NDg4ZGRiYjg1ZGRiM2MxY2U4ZTExMSUyMGJ0biUyMiUyMHN0eWxlJTNEJTIyYmFja2dyb3VuZC1jb2xvciUzQSUyM2UyMDAwMCUzQiUyMGNvbG9yJTNBJTIzZmZmZmZmJTNCJTIwYmFja2dyb3VuZC1jb2xvciUzQSUyM2UyMDAwMCUzQiUyMGNvbG9yJTNBJTIzZmZmZmZmJTNCJTIyJTIwaHJlZiUzRCUyMmh0dHBzJTNBJTJGJTJGd3d3LmVzcGFtb2IuY29tJTJGcGwlMkZwcmFrdHlraS16YXdvZG93ZS1lcmFzbXVzJTJGJTIyJTIwdGl0bGUlM0QlMjJTZWt0b3J5JTIwc3RhJUM1JUJDb3dlJTIyJTIwdGFyZ2V0JTNEJTIyX2JsYW5rJTIyJTNFT2RrcnlqJTIwc2VrdG9yeSUzQyUyRmElM0UlMEElM0MlMkZkaXYlM0U=[\/vc_raw_html][\/vc_column_inner][\/vc_row_inner][\/vc_column][\/vc_row][vc_row full_width=&#8221;stretch_row&#8221; wrap_container=&#8221;yes&#8221; is_section=&#8221;yes&#8221; css=&#8221;.vc_custom_1708720055242{border-top-width: 0px !important;padding-top: 15px !important;padding-bottom: 15px !important;background-color: #f8f392 !important;}&#8221; conditional_render=&#8221;%5B%7B%22value_role%22%3A%22administrator%22%7D%5D&#8221;][vc_column][vc_row_inner css=&#8221;.vc_custom_1688548648248{background-color: #f8f392 !important;}&#8221;][vc_column_inner][vc_custom_heading text=&#8221;Popro\u015b o bezp\u0142atn\u0105 wycen\u0119&#8221; font_container=&#8221;tag:h2|text_align:center&#8221; use_theme_fonts=&#8221;yes&#8221;][vc_column_text]<\/p>\n<p style=\"text-align: justify;\">Masz pomys\u0142 na projekt Erasmus+ w Hiszpanii i szukasz zaufanej agencji, kt\u00f3ra Ci\u0119 wesprze?\u00a0<strong>Espamob<\/strong>\u2019 jest tutaj, aby Ci pom\u00f3c! Oferujemy bezp\u0142atn\u0105 i niezobowi\u0105zuj\u0105c\u0105 wycen\u0119, kt\u00f3ra pomo\u017ce Ci zarz\u0105dza\u0107 projektem mobilno\u015bci. Dzi\u0119ki naszemu do\u015bwiadczeniu i sieci firm partnerskich mo\u017cemy zaoferowa\u0107 spersonalizowane wsparcie, aby spe\u0142ni\u0107 Twoje specyficzne potrzeby. Skontaktuj si\u0119 z nami ju\u017c teraz, aby om\u00f3wi\u0107 sw\u00f3j projekt i otrzyma\u0107 bezp\u0142atn\u0105 wycen\u0119.<\/p>\n<p>[\/vc_column_text]<div id=\"modal-trg-txt-wrap-1553\" class=\"ult-modal-input-wrapper ult-adjust-bottom-margin    \" data-keypress-control=\"keypress-control-enable\" data-overlay-control=\"overlay-control-enable\"><style>\n\t\t\t\t\t.btn-modal.btn-id-69e79899cfee49-49155793:hover {\n\t\t\t\t\t\tbackground-color: #e20000 !important;\n\t\t\t\t\t}\n\t\t\t\t\t<\/style><button  data-ultimate-target='#modal-trg-txt-wrap-1553 .btn-modal'  data-responsive-json-new='{\"font-size\":\"\",\"line-height\":\"\"}'  style=\"background:#888888;border-color:#888888;color:#ffffff; \" data-class-id=\"content-69e79899cfee49-49155793\" class=\"btn-modal ult-responsive btn-primary btn-modal-md overlay-show ult-align-center btn-id-69e79899cfee49-49155793\" data-overlay-class=\"overlay-cornerbottomleft\">ZAM\u00d3W BEZP\u0141ATN\u0104 WYCEN\u0118<\/button><\/div>\n<div class=\"ult-overlay content-69e79899cfee49-49155793 \" data-class=\"content-69e79899cfee49-49155793\" id=\"button-click-overlay\" style=\"background:rgba(51,51,51,0.8); display:none;\">\n\t<div class=\"ult_modal ult-fade ult-medium\">\n\t\t<div id=\"ult-modal-wrap-8540\" class=\"ult_modal-content ult-hide\" style=\"border-style:solid;border-width:2px;border-radius:0px;border-color:#333333;\">\n\t\t\t<div class=\"ult_modal-header\" style=\"color:#333333;border-color:#333333;\">\n\t\t\t\t<h3  data-ultimate-target='#ult-modal-wrap-8540 .ult_modal-title'  data-responsive-json-new='{\"font-size\":\"\",\"line-height\":\"\"}'  class=\"ult_modal-title ult-responsive\">ZAM\u00d3W BEZP\u0141ATN\u0104 WYCEN\u0118<\/h3>\n\t\t\t<\/div>\n\t\t\t<div  data-ultimate-target='#ult-modal-wrap-8540 .ult_modal-body'  data-responsive-json-new='{\"font-size\":\"\",\"line-height\":\"\"}'  class=\"ult_modal-body ult-responsive ult-html\" style=\"\">\n\t\t\t<\/p>\n<p>[caldera_form id=&#8221;CF6149e02688efa&#8221;]<\/p>\n<p>\n\t\t\t<\/div>\n\t<\/div>\n\t<\/div>\n\t<div class=\"ult-overlay-close top-right\" style=\"width:80px;height:80px; \"><div class=\"ult-overlay-close-inside\">Close<\/div><\/div>\n<\/div>[\/vc_column_inner][\/vc_row_inner][\/vc_column][\/vc_row][vc_row wrap_container=&#8221;yes&#8221; css=&#8221;.vc_custom_1689256499740{margin-top: 15px !important;}&#8221; conditional_render=&#8221;%5B%7B%22value_role%22%3A%22administrator%22%7D%5D&#8221;][vc_column][vc_custom_heading text=&#8221;Cz\u0119sto zadawane pytania&#8221; font_container=&#8221;tag:h2|text_align:center|color:%23000000&#8243; use_theme_fonts=&#8221;yes&#8221;][vc_separator][vc_row_inner][vc_column_inner width=&#8221;7\/12&#8243;][vc_column_text]<\/p>\n<h3><span style=\"font-weight: 400;\">Jakie s\u0105 korzy\u015bci z wyboru Espamob do odbycia sta\u017cu Erasmus dla opiekun\u00f3w medycznych w Hiszpanii?<\/span><\/h3>\n<p><span style=\"font-weight: 400;\">Wybieraj\u0105c Espamob do realizacji swojego sta\u017cu Erasmus dla opiekun\u00f3w medycznych w Hiszpanii, korzystasz z wielu zalet. Po pierwsze, Espamob wspiera ci\u0119 w tworzeniu projektu, pomagaj\u0105c okre\u015bli\u0107 cele i znale\u017a\u0107 najlepsze mo\u017cliwo\u015bci sta\u017cu w partneruj\u0105cych plac\u00f3wkach zdrowia. Ponadto agencja zajmuje si\u0119 poszukiwaniem finansowania dla Twojej mobilno\u015bci, co znacznie mo\u017ce zmniejszy\u0107 koszty. Wreszcie, Espamob zapewnia tak\u017ce Twoje przyj\u0119cie na uniwersytetach i w firmach partnerskich, a tak\u017ce szuka zakwaterowania na miejscu i organizuje odbi\u00f3r z lotniska.<\/span><\/p>\n<h3><span style=\"font-weight: 400;\">Jak Espamob dokonuje wyboru partner\u00f3w plac\u00f3wek zdrowia dla sta\u017cy Erasmus opiekun\u00f3w medycznych?<\/span><\/h3>\n<p><span style=\"font-weight: 400;\">Espamob przywi\u0105zuje du\u017c\u0105 wag\u0119 do jako\u015bci partneruj\u0105cych plac\u00f3wek zdrowia dla sta\u017cy Erasmus opiekun\u00f3w medycznych. Agencja dokonuje rygorystycznej selekcji, oceniaj\u0105c r\u00f3\u017cne kryteria, takie jak renoma plac\u00f3wki, jako\u015b\u0107 oferowanych us\u0142ug, r\u00f3\u017cnorodno\u015b\u0107 przypadk\u00f3w klinicznych i dost\u0119pno\u015b\u0107 odpowiedniego nadzoru dla sta\u017cyst\u00f3w. W ten spos\u00f3b Espamob zapewnia, \u017ce opiekunowie medyczni mog\u0105 czerpa\u0107 z bogatego i edukacyjnego do\u015bwiadczenia w jako\u015bciowych \u015brodowiskach zawodowych.<\/span><\/p>\n<h3><span style=\"font-weight: 400;\">Jak Espamob mo\u017ce mi pom\u00f3c w sfinansowaniu mojego sta\u017cu Erasmus dla opiekun\u00f3w medycznych w Hiszpanii?<\/span><\/h3>\n<p><span style=\"font-weight: 400;\">Espamob ma do\u015bwiadczenie w poszukiwaniu finansowania dla sta\u017cy Erasmus w Hiszpanii. Agencja pomaga w znalezieniu r\u00f3\u017cnych \u017ar\u00f3de\u0142 finansowania, takich jak stypendia Erasmus+, krajowe lub regionalne dotacje, a tak\u017ce mo\u017cliwo\u015bci finansowania oferowane przez Twoj\u0105 instytucj\u0119 edukacyjn\u0105. Espamob prowadzi r\u00f3wnie\u017c w przygotowywaniu wniosk\u00f3w o dofinansowanie i dostarcza wszystkich informacji niezb\u0119dnych do maksymalizacji szans na uzyskanie finansowania dla sta\u017cu Erasmus jako opiekun medyczny.<\/span>[\/vc_column_text][\/vc_column_inner][vc_column_inner width=&#8221;1\/12&#8243;][\/vc_column_inner][vc_column_inner width=&#8221;4\/12&#8243;][vc_single_image image=&#8221;15074&#8243; img_size=&#8221;full&#8221;][vc_column_text]<b>Dowiedz si\u0119 wi\u0119cej o r\u00f3\u017cnych miejscach Erasmus + w Hiszpanii:<\/b><\/p>\n<ul>\n<li><a href=\"https:\/\/espamob.com\/pl\/praktyki-zawodowe-erasmus\/medycznych\/praktyki-erasmus-pielegniarstwa\/\"><span style=\"font-weight: 400;\"> Praktyka Erasmus Piel\u0119gniarstwa<\/span><\/a><\/li>\n<li><a href=\"https:\/\/espamob.com\/pl\/praktyki-zawodowe-erasmus\/medycznych\/praktyki-erasmus-weterynaria\/\"><span style=\"font-weight: 400;\"> Praktyka Erasmus Weterynaria<\/span><\/a><\/li>\n<li><a href=\"https:\/\/espamob.com\/pl\/praktyki-zawodowe-erasmus\/medycznych\/praktyki-erasmus-protetyki-dentystycznej\/\"><span style=\"font-weight: 400;\"> Praktyka Erasmus Technik Protetyki Dentystycznej<\/span><\/a><\/li>\n<\/ul>\n<p>[\/vc_column_text][\/vc_column_inner][\/vc_row_inner][\/vc_column][\/vc_row]<\/p>\n<\/div>","protected":false},"excerpt":{"rendered":"<p>[vc_row css=&#8221;.vc_custom_1708634214655{margin-top: -20px !important;margin-bottom: 40px !important;background-image: url(https:\/\/espamob.com\/wp-content\/uploads\/2024\/02\/Cuidador.webp?id=23742) !important;}&#8221; conditional_render=&#8221;%5B%7B%22value_role%22%3A%22administrator%22%7D%5D&#8221;][vc_column css=&#8221;.vc_custom_1687965657482{padding-top: 30px !important;}&#8221; conditional_render=&#8221;%5B%7B%22value_role%22%3A%22administrator%22%7D%5D&#8221;][vc_empty_space height=&#8221;170&#8243;][vc_custom_heading text=&#8221;Praktyki Erasmus: Opiekun\u00f3w medycznych&#8221; font_container=&#8221;tag:h1|font_size:27|text_align:center|color:%23ffffff&#8221; use_theme_fonts=&#8221;yes&#8221; css=&#8221;.vc_custom_1708719868720{margin-bottom: 15px !important;background-color: rgba(136,136,136,0.29) !important;*background-color: rgb(136,136,136) !important;}&#8221; animation_type=&#8221;zoomIn&#8221;][vc_empty_space height=&#8221;40&#8243;][\/vc_column][\/vc_row][vc_row wrap_container=&#8221;yes&#8221; text_align=&#8221;justify&#8221;][vc_column text_align=&#8221;justify&#8221;][vc_column_text] Home Sektory sta\u017cowe Mobilno\u015b\u0107 w sektorze us\u0142ug medycznych Praktyka zawodowa Erasmus: Opiekun\u00f3w medycznych [\/vc_column_text][vc_custom_heading text=&#8221;Praktyki w ramach programu Erasmus dla opiekun\u00f3w medycznych: wyj\u0105tkowa<\/p>\n","protected":false},"author":2,"featured_media":0,"parent":12812,"menu_order":0,"comment_status":"closed","ping_status":"closed","template":"","meta":{"footnotes":""},"class_list":["post-23780","page","type-page","status-publish","hentry"],"_links":{"self":[{"href":"https:\/\/espamob.com\/pl\/wp-json\/wp\/v2\/pages\/23780","targetHints":{"allow":["GET"]}}],"collection":[{"href":"https:\/\/espamob.com\/pl\/wp-json\/wp\/v2\/pages"}],"about":[{"href":"https:\/\/espamob.com\/pl\/wp-json\/wp\/v2\/types\/page"}],"author":[{"embeddable":true,"href":"https:\/\/espamob.com\/pl\/wp-json\/wp\/v2\/users\/2"}],"replies":[{"embeddable":true,"href":"https:\/\/espamob.com\/pl\/wp-json\/wp\/v2\/comments?post=23780"}],"version-history":[{"count":0,"href":"https:\/\/espamob.com\/pl\/wp-json\/wp\/v2\/pages\/23780\/revisions"}],"up":[{"embeddable":true,"href":"https:\/\/espamob.com\/pl\/wp-json\/wp\/v2\/pages\/12812"}],"wp:attachment":[{"href":"https:\/\/espamob.com\/pl\/wp-json\/wp\/v2\/media?parent=23780"}],"curies":[{"name":"wp","href":"https:\/\/api.w.org\/{rel}","templated":true}]}}