{"id":23776,"date":"2023-08-28T00:00:00","date_gmt":"2023-08-28T00:00:00","guid":{"rendered":"https:\/\/www.espamob.com\/praktyki-zawodowe-erasmus\/medycznych\/stage-erasmus-prothesiste-dentaire\/"},"modified":"2024-02-23T20:33:02","modified_gmt":"2024-02-23T20:33:02","slug":"praktyki-erasmus-protetyki-dentystycznej","status":"publish","type":"page","link":"https:\/\/espamob.com\/pl\/praktyki-zawodowe-erasmus\/medycznych\/praktyki-erasmus-protetyki-dentystycznej\/","title":{"rendered":"Stage Erasmus : Proth\u00e9siste dentaire"},"content":{"rendered":"<div class=\"wpb-content-wrapper\"><p>[vc_row css=&#8221;.vc_custom_1708634197031{margin-top: -20px !important;margin-bottom: 40px !important;background-image: url(https:\/\/espamob.com\/wp-content\/uploads\/2024\/02\/Asistente-dental-y-tecnico-dental.webp?id=23747) !important;}&#8221; conditional_render=&#8221;%5B%7B%22value_role%22%3A%22administrator%22%7D%5D&#8221;][vc_column css=&#8221;.vc_custom_1687965657482{padding-top: 30px !important;}&#8221; conditional_render=&#8221;%5B%7B%22value_role%22%3A%22administrator%22%7D%5D&#8221;][vc_empty_space height=&#8221;170&#8243;][vc_custom_heading text=&#8221;Praktyki Erasmus: Technik Protetyki Dentystycznej&#8221; font_container=&#8221;tag:h1|font_size:27|text_align:center|color:%23ffffff&#8221; use_theme_fonts=&#8221;yes&#8221; css=&#8221;.vc_custom_1708719118801{margin-bottom: 15px !important;background-color: rgba(136,136,136,0.29) !important;*background-color: rgb(136,136,136) !important;}&#8221; animation_type=&#8221;zoomIn&#8221;][vc_empty_space height=&#8221;40&#8243;][\/vc_column][\/vc_row][vc_row wrap_container=&#8221;yes&#8221; text_align=&#8221;justify&#8221;][vc_column text_align=&#8221;justify&#8221;][vc_column_text]<\/p>\n<nav aria-label=\"breadcrumb\">\n<ol class=\"breadcrumb\">\n<li class=\"breadcrumb-item\"><a href=\"https:\/\/espamob.com\/pl\">Home<\/a><\/li>\n<li class=\"breadcrumb-item\"><a href=\"https:\/\/espamob.com\/pl\/praktyki-zawodowe-erasmus\">Sektory sta\u017cowe<\/a><\/li>\n<li class=\"breadcrumb-item active\" aria-current=\"page\"><a href=\"https:\/\/espamob.com\/pl\/praktyki-zawodowe-erasmus\/medycznych\/\">Mobilno\u015b\u0107 w sektorze us\u0142ug medycznych<\/a><\/li>\n<li class=\"breadcrumb-item active\" aria-current=\"page\">Praktyka zawodowa Erasmus: <span style=\"font-weight: 400;\">Technik Protetyki Dentystycznej<\/span><\/li>\n<\/ol>\n<\/nav>\n<p>[\/vc_column_text][vc_custom_heading text=&#8221;Sta\u017c Erasmus dla technik\u00f3w protetyki dentystycznej: wzbogacaj\u0105ce do\u015bwiadczenie&#8221; use_theme_fonts=&#8221;yes&#8221; css=&#8221;.vc_custom_1708719158176{margin-top: 20px !important;}&#8221;][vc_separator][vc_row_inner][vc_column_inner width=&#8221;7\/12&#8243;][vc_column_text]<span style=\"font-weight: 400;\"><strong>Sta\u017c Erasmus jako Technik Protetyki Dentystycznej<\/strong> to nie tylko okazja do doskonalenia umiej\u0119tno\u015bci zawodowych, ale r\u00f3wnie\u017c unikalna szansa do odkrycia innych kultur i zanurzenia si\u0119 w nowym kraju. W tym artykule om\u00f3wimy r\u00f3\u017cne aspekty programu Erasmus dla Technik\u00f3w Protetyki Dentystycznej, a tak\u017ce korzy\u015bci i wyzwania, z jakimi mo\u017cesz si\u0119 spotka\u0107 podczas pobytu za granic\u0105.<\/span><\/p>\n<h2><span style=\"font-weight: 400;\">Czym jest program Erasmus dla Technik\u00f3w Protetyki Dentystycznej?\u00a0<\/span><\/h2>\n<p><span style=\"font-weight: 400;\">Erasmus to <strong>program europejskiej wymiany<\/strong>, kt\u00f3ry umo\u017cliwia studentom i profesjonalistom odbycie sta\u017cu lub nauki w innym kraju cz\u0142onkowskim Unii Europejskiej. Dla Technik\u00f3w Protetyki Dentystycznej oznacza to mo\u017cliwo\u015b\u0107 odbycia sta\u017cu w gabinecie dentystycznym lub laboratorium protetyki dentystycznej w innym kraju, celem zdobycia cennej praktycznej wiedzy i poprawy umiej\u0119tno\u015bci zawodowych.<\/span><\/p>\n<h3><span style=\"font-weight: 400;\">Warunki uczestnictwa w programie\u00a0<\/span><\/h3>\n<p><span style=\"font-weight: 400;\">Aby wzi\u0105\u0107 udzia\u0142 w programie Erasmus jako Technik Protetyki Dentystycznej, musisz by\u0107 zapisany do szko\u0142y lub instytutu szkolenia zawodowego uznawanego w Twoim kraju pochodzenia. Konieczne jest r\u00f3wnie\u017c opanowanie j\u0119zyka kraju, w kt\u00f3rym planujesz odby\u0107 sta\u017c, poniewa\u017c b\u0119dziesz musia\u0142 komunikowa\u0107 si\u0119 z kolegami i pacjentami przez ca\u0142y okres pobytu.<\/span><\/p>\n<h2><span style=\"font-weight: 400;\">Korzy\u015bci ze sta\u017cu Erasmus dla Technik\u00f3w Protetyki Dentystycznej\u00a0<\/span><\/h2>\n<p><span style=\"font-weight: 400;\">Istnieje wiele korzy\u015bci z odbycia sta\u017cu Erasmus jako Technik Protetyki Dentystycznej, oto kilka z nich:\u00a0<\/span><\/p>\n<ul>\n<li style=\"font-weight: 400;\" aria-level=\"1\"><span style=\"font-weight: 400;\"><strong>Rozwijanie umiej\u0119tno\u015bci zawodowych<\/strong>: Sta\u017c umo\u017cliwi Ci zdobycie nowych umiej\u0119tno\u015bci i technik w dziedzinie protetyki dentystycznej, co mo\u017ce poprawi\u0107 Twoje szanse zatrudnienia.\u00a0<\/span><\/li>\n<li style=\"font-weight: 400;\" aria-level=\"1\"><span style=\"font-weight: 400;\"><strong>Nauka nowego j\u0119zyka<\/strong>: Udzia\u0142 w programie Erasmus to doskona\u0142a okazja do praktykowania i poprawiania umiej\u0119tno\u015bci j\u0119zykowych w kontek\u015bcie zawodowym.\u00a0<\/span><\/li>\n<li style=\"font-weight: 400;\" aria-level=\"1\"><span style=\"font-weight: 400;\"><strong>Odkrywanie nowej kultury<\/strong>: \u017bycie i praca w innym kraju przez kilka miesi\u0119cy da Ci okazj\u0119 do pe\u0142nego zanurzenia si\u0119 w nowej kulturze i do\u015bwiadczenia unikalnej przygody.\u00a0<\/span><\/li>\n<li style=\"font-weight: 400;\" aria-level=\"1\"><span style=\"font-weight: 400;\"><strong>Rozszerzanie sieci zawodowej<\/strong>: B\u0119dziesz mia\u0142 okazj\u0119 spotka\u0107 si\u0119 z profesjonalistami z bran\u017cy dentystycznej z r\u00f3\u017cnych kraj\u00f3w, co mo\u017ce by\u0107 przydatne do nawi\u0105zywania kontakt\u00f3w i rozwijania mi\u0119dzynarodowej sieci zawodowej.<\/span><\/li>\n<\/ul>\n<h3><span style=\"font-weight: 400;\">Wyzwania zwi\u0105zane ze sta\u017cem Erasmus\u00a0<\/span><\/h3>\n<p><span style=\"font-weight: 400;\">Jednak\u017ce, mog\u0105 istnie\u0107 r\u00f3wnie\u017c wyzwania podczas sta\u017cu Erasmus dla Technik\u00f3w Protetyki Dentystycznej. Jednym z g\u0142\u00f3wnych problem\u00f3w, z jakimi zazwyczaj borykaj\u0105 si\u0119 uczestnicy programu, jest adaptacja do nowego \u015brodowiska pracy i nowej kultury. Mo\u017ce to obejmowa\u0107 r\u00f3\u017cnice w metodach pracy, oczekiwaniach pracodawc\u00f3w i komunikacji z pacjentami. Istotne jest wykazywanie otwarto\u015bci umys\u0142u i elastyczno\u015bci w celu pokonania tych wyzwa\u0144 i w pe\u0142ni skorzystania z do\u015bwiadczenia Erasmus.<\/span>[\/vc_column_text][\/vc_column_inner][vc_column_inner width=&#8221;1\/12&#8243;][\/vc_column_inner][vc_column_inner width=&#8221;4\/12&#8243;][vc_single_image image=&#8221;18306&#8243; img_size=&#8221;400*400&#8243; alignment=&#8221;right&#8221; style=&#8221;vc_box_rounded&#8221;][vc_btn title=&#8221;Zobacz wi\u0119cej&#8221; style=&#8221;custom&#8221; custom_background=&#8221;#e20000&#8243; custom_text=&#8221;#ffffff&#8221; align=&#8221;center&#8221; link=&#8221;url:https%3A%2F%2Fespamob.com%2Fpl%2Fkontakt-z-polskim-konsultantem|title:Kontakt|target:_blank&#8221;][\/vc_column_inner][\/vc_row_inner][vc_custom_heading text=&#8221;Jak znale\u017a\u0107 sta\u017c Erasmus w dziedzinie protetyki dentystycznej?&#8221; font_container=&#8221;tag:h3|text_align:left&#8221; use_theme_fonts=&#8221;yes&#8221; css=&#8221;.vc_custom_1708719295490{margin-top: 20px !important;}&#8221;][vc_separator][vc_row_inner][vc_column_inner width=&#8221;7\/12&#8243;][vc_column_text]<span style=\"font-weight: 400;\">Je\u015bli interesuje ci\u0119 sta\u017c Erasmus jako Technik Protetyki Dentystycznej, oto kilka wskaz\u00f3wek, kt\u00f3re mog\u0105 Ci pom\u00f3c rozpocz\u0105\u0107:\u00a0<\/span><\/p>\n<ol>\n<li style=\"font-weight: 400;\" aria-level=\"1\"><span style=\"font-weight: 400;\"><strong>Skonsultuj si\u0119 ze swoj\u0105 plac\u00f3wk\u0105 edukacyjn\u0105<\/strong>: Porozmawiaj z nauczycielami lub dzia\u0142em stosunk\u00f3w mi\u0119dzynarodowych w swojej szkole, aby uzyska\u0107 informacje na temat dost\u0119pnych mo\u017cliwo\u015bci sta\u017cu Erasmus dla Technik\u00f3w Protetyki Dentystycznej.\u00a0<\/span><\/li>\n<li style=\"font-weight: 400;\" aria-level=\"1\"><span style=\"font-weight: 400;\"><strong>Szukaj ofert sta\u017cu online<\/strong>: Wiele specjalistycznych stron internetowych zajmuj\u0105cych si\u0119 sta\u017cami i prac\u0105 za granic\u0105 mo\u017ce pom\u00f3c Ci znale\u017a\u0107 oferty sta\u017cu odpowiadaj\u0105ce Twoim kryteriom. B\u0105d\u017a got\u00f3w wysy\u0142a\u0107 wiele poda\u0144, aby maksymalnie zwi\u0119kszy\u0107 szanse na sukces.\u00a0<\/span><\/li>\n<li style=\"font-weight: 400;\" aria-level=\"1\"><span style=\"font-weight: 400;\"><strong>Wykorzystaj swoj\u0105 sie\u0107 zawodow\u0105<\/strong>: Nie wahaj si\u0119 prosi\u0107 swoich kontakt\u00f3w zawodowych o rekomendacje i wskaz\u00f3wki dotycz\u0105ce znalezienia sta\u017cu za granic\u0105.\u00a0<\/span><\/li>\n<\/ol>\n<h3><span style=\"font-weight: 400;\">Przygotuj swoj\u0105 kandydatur\u0119 na sta\u017c Erasmusa\u00a0<\/span><\/h3>\n<p><span style=\"font-weight: 400;\">Aby zwi\u0119kszy\u0107 swoje szanse na sukces podczas poszukiwania sta\u017cu Erasmusa, upewnij si\u0119, \u017ce starannie przygotowujesz swoj\u0105 kandydatur\u0119. Oto kilka istotnych element\u00f3w, kt\u00f3re warto wzi\u0105\u0107 pod uwag\u0119:\u00a0<\/span><\/p>\n<ul>\n<li style=\"font-weight: 400;\" aria-level=\"1\"><span style=\"font-weight: 400;\"><strong>Napisz odpowiednie CV<\/strong>\u00a0: Dostosuj swoje CV do standard\u00f3w i oczekiwa\u0144 kraju, w kt\u00f3rym sk\u0142adasz podanie, skupiaj\u0105c si\u0119 na umiej\u0119tno\u015bciach zawodowych, j\u0119zykowych i mi\u0119dzykulturowych.\u00a0<\/span><\/li>\n<li style=\"font-weight: 400;\" aria-level=\"1\"><span style=\"font-weight: 400;\"><strong>Napisz przekonuj\u0105ce pismo motywacyjne<\/strong>\u00a0: Wyja\u015bnij jasno, dlaczego chcesz odby\u0107 sta\u017c Erasmus jako Technik Protetyki Dentystycznej, podkre\u015blaj\u0105c korzy\u015bci zar\u00f3wno dla siebie, jak i dla firmy, w kt\u00f3rej sk\u0142adasz podanie.\u00a0<\/span><\/li>\n<li style=\"font-weight: 400;\" aria-level=\"1\"><span style=\"font-weight: 400;\"><strong>Dostarcz referencje zawodowe<\/strong>: Popro\u015b nauczycieli lub poprzednich pracodawc\u00f3w o wystawienie list\u00f3w referencyjnych, kt\u00f3re wspieraj\u0105 Twoj\u0105 kandydatur\u0119 i dowodz\u0105 Twoich umiej\u0119tno\u015bci zawodowych.<\/span><\/li>\n<\/ul>\n<p><span style=\"font-weight: 400;\">Podsumowuj\u0105c, program Erasmus oferuje Technikom Protetyki Dentystycznej unikaln\u0105 okazj\u0119 do zdobycia nowych umiej\u0119tno\u015bci i odkrywania nowych kultur. Pomimo wyzwa\u0144 zwi\u0105zanych z adaptacj\u0105 do nowego \u015brodowiska, to do\u015bwiadczenie jest niew\u0105tpliwie warto\u015bciowe zar\u00f3wno pod wzgl\u0119dem zawodowym, jak i osobistym.<\/span>[\/vc_column_text][\/vc_column_inner][vc_column_inner width=&#8221;1\/12&#8243;][\/vc_column_inner][vc_column_inner width=&#8221;4\/12&#8243;][vc_raw_html]JTNDZGl2JTIwc3R5bGUlM0QlMjJwYWRkaW5nJTNBJTIwMzBweCUzQmJhY2tncm91bmQtY29sb3IlM0ElMjAlMjNGNEY0RjQlM0IlMjIlM0UlMEElMjAlMjAlMjAlMjAlM0NoNCUzRU9ka3J5aiUyMHdzenlzdGtpZSUyMHNla3RvcnklMjBwcmFrdHlrJTNDJTJGaDQlM0UlMEElMjAlMjAlMjAlMjAlM0NwJTNFRXNwYW1vYiUyMHNwZWNqYWxpenVqZSUyMHNpJUM0JTk5JTIwdyUyMHBvbWFnYW5pdSUyMGdydXBvbSUyMHclMjBtb2JpbG5vJUM1JTlCY2klMjB3JTIwcmFtYWNoJTIwcHJvZ3JhbXUlMjBFcmFzbXVzJTIwJTJCLiUyMERvd2llZHolMjBzaSVDNCU5OSUyMG8lMjB3c3p5c3RraWNoJTIwc2VrdG9yYWNoJTIwcHJha3R5ayUyMEVyYXNtdXMlMjB3JTIwSGlzenBhbmlpJTIwemElMjBwb21vYyVDNCU4NSUyMGtpbGt1JTIwa2xpa25pJUM0JTk5JUM0JTg3LiUzQyUyRnAlM0UlMEElMjAlMjAlMjAlMjAlM0NhJTIwY2xhc3MlM0QlMjJ2Y19nZW5lcmFsJTIwdmNfYnRuMyUyMHZjX2J0bjMtc2l6ZS1tZCUyMHZjX2J0bjMtc2hhcGUtZGVmYXVsdCUyMHZjX2J0bjMtc3R5bGUtY3VzdG9tJTIwd3BiX2N1c3RvbV82Njg3YjI2ZjM5NDg4ZGRiYjg1ZGRiM2MxY2U4ZTExMSUyMGJ0biUyMiUyMHN0eWxlJTNEJTIyYmFja2dyb3VuZC1jb2xvciUzQSUyM2UyMDAwMCUzQiUyMGNvbG9yJTNBJTIzZmZmZmZmJTNCJTIwYmFja2dyb3VuZC1jb2xvciUzQSUyM2UyMDAwMCUzQiUyMGNvbG9yJTNBJTIzZmZmZmZmJTNCJTIyJTIwaHJlZiUzRCUyMmh0dHBzJTNBJTJGJTJGd3d3LmVzcGFtb2IuY29tJTJGcGwlMkZwcmFrdHlraS16YXdvZG93ZS1lcmFzbXVzJTJGJTIyJTIwdGl0bGUlM0QlMjJTZWt0b3J5JTIwc3RhJUM1JUJDb3dlJTIyJTIwdGFyZ2V0JTNEJTIyX2JsYW5rJTIyJTNFT2RrcnlqJTIwc2VrdG9yeSUzQyUyRmElM0UlMEElM0MlMkZkaXYlM0U=[\/vc_raw_html][\/vc_column_inner][\/vc_row_inner][\/vc_column][\/vc_row][vc_row full_width=&#8221;stretch_row&#8221; wrap_container=&#8221;yes&#8221; is_section=&#8221;yes&#8221; css=&#8221;.vc_custom_1708719391076{border-top-width: 0px !important;padding-top: 15px !important;padding-bottom: 15px !important;background-color: #f8f392 !important;}&#8221; conditional_render=&#8221;%5B%7B%22value_role%22%3A%22administrator%22%7D%5D&#8221;][vc_column][vc_row_inner css=&#8221;.vc_custom_1688548648248{background-color: #f8f392 !important;}&#8221;][vc_column_inner][vc_custom_heading text=&#8221;Popro\u015b o bezp\u0142atn\u0105 wycen\u0119&#8221; font_container=&#8221;tag:h2|text_align:center&#8221; use_theme_fonts=&#8221;yes&#8221;][vc_column_text]<\/p>\n<p style=\"text-align: justify;\">Masz pomys\u0142 na projekt Erasmus+ w Hiszpanii i szukasz zaufanej agencji, kt\u00f3ra Ci\u0119 wesprze?\u00a0<strong>Espamob<\/strong>\u2019 jest tutaj, aby Ci pom\u00f3c! Oferujemy bezp\u0142atn\u0105 i niezobowi\u0105zuj\u0105c\u0105 wycen\u0119, kt\u00f3ra pomo\u017ce Ci zarz\u0105dza\u0107 projektem mobilno\u015bci. Dzi\u0119ki naszemu do\u015bwiadczeniu i sieci firm partnerskich mo\u017cemy zaoferowa\u0107 spersonalizowane wsparcie, aby spe\u0142ni\u0107 Twoje specyficzne potrzeby. Skontaktuj si\u0119 z nami ju\u017c teraz, aby om\u00f3wi\u0107 sw\u00f3j projekt i otrzyma\u0107 bezp\u0142atn\u0105 wycen\u0119.<\/p>\n<p>[\/vc_column_text]<div id=\"modal-trg-txt-wrap-1574\" class=\"ult-modal-input-wrapper ult-adjust-bottom-margin    \" data-keypress-control=\"keypress-control-enable\" data-overlay-control=\"overlay-control-enable\"><style>\n\t\t\t\t\t.btn-modal.btn-id-69e7ac01810e34-62749368:hover {\n\t\t\t\t\t\tbackground-color: #e20000 !important;\n\t\t\t\t\t}\n\t\t\t\t\t<\/style><button  data-ultimate-target='#modal-trg-txt-wrap-1574 .btn-modal'  data-responsive-json-new='{\"font-size\":\"\",\"line-height\":\"\"}'  style=\"background:#888888;border-color:#888888;color:#ffffff; \" data-class-id=\"content-69e7ac01810e34-62749368\" class=\"btn-modal ult-responsive btn-primary btn-modal-md overlay-show ult-align-center btn-id-69e7ac01810e34-62749368\" data-overlay-class=\"overlay-cornerbottomleft\">ZAM\u00d3W BEZP\u0141ATN\u0104 WYCEN\u0118<\/button><\/div>\n<div class=\"ult-overlay content-69e7ac01810e34-62749368 \" data-class=\"content-69e7ac01810e34-62749368\" id=\"button-click-overlay\" style=\"background:rgba(51,51,51,0.8); display:none;\">\n\t<div class=\"ult_modal ult-fade ult-medium\">\n\t\t<div id=\"ult-modal-wrap-7652\" class=\"ult_modal-content ult-hide\" style=\"border-style:solid;border-width:2px;border-radius:0px;border-color:#333333;\">\n\t\t\t<div class=\"ult_modal-header\" style=\"color:#333333;border-color:#333333;\">\n\t\t\t\t<h3  data-ultimate-target='#ult-modal-wrap-7652 .ult_modal-title'  data-responsive-json-new='{\"font-size\":\"\",\"line-height\":\"\"}'  class=\"ult_modal-title ult-responsive\">ZAM\u00d3W BEZP\u0141ATN\u0104 WYCEN\u0118<\/h3>\n\t\t\t<\/div>\n\t\t\t<div  data-ultimate-target='#ult-modal-wrap-7652 .ult_modal-body'  data-responsive-json-new='{\"font-size\":\"\",\"line-height\":\"\"}'  class=\"ult_modal-body ult-responsive ult-html\" style=\"\">\n\t\t\t[caldera_form id=&#8221;CF6149e02688efa&#8221;]\n\t\t\t<\/div>\n\t<\/div>\n\t<\/div>\n\t<div class=\"ult-overlay-close top-right\" style=\"width:80px;height:80px; \"><div class=\"ult-overlay-close-inside\">Close<\/div><\/div>\n<\/div>[\/vc_column_inner][\/vc_row_inner][\/vc_column][\/vc_row][vc_row wrap_container=&#8221;yes&#8221; css=&#8221;.vc_custom_1689256499740{margin-top: 15px !important;}&#8221; conditional_render=&#8221;%5B%7B%22value_role%22%3A%22administrator%22%7D%5D&#8221;][vc_column][vc_custom_heading text=&#8221;Cz\u0119sto zadawane pytania&#8221; font_container=&#8221;tag:h2|text_align:center|color:%23000000&#8243; use_theme_fonts=&#8221;yes&#8221;][vc_separator][vc_row_inner][vc_column_inner width=&#8221;7\/12&#8243;][vc_column_text]<\/p>\n<h3>Jakie s\u0105 korzy\u015bci wyboru Espamob do odbycia praktyki Erasmus jako <span style=\"font-weight: 400;\">Technik Protetyki Dentystycznej <\/span> w Hiszpanii?<\/h3>\n<p>Wyb\u00f3r Espamob do odbycia praktyki Erasmus jako <span style=\"font-weight: 400;\">Technik Protetyki Dentystycznej <\/span> w Hiszpanii niesie ze sob\u0105 kilka korzy\u015bci. Po pierwsze, Espamob posiada do\u015bwiadczenie w prowadzeniu grup pragn\u0105cych uczestniczy\u0107 w mobilno\u015bci Erasmus+ w Hiszpanii, co gwarantuje kompleksowe i profesjonalne wsparcie dla Twojego projektu. Ponadto Espamob posiada sie\u0107 partnersk\u0105 z uniwersytetami i przedsi\u0119biorstwami w dziedzinie protetyki dentystycznej, co u\u0142atwia znalezienie wysokiej jako\u015bci miejsc praktyk. Na koniec, Espamob zajmuje si\u0119 tak\u017ce organizacj\u0105 logistyczn\u0105 Twojego pobytu w Hiszpanii, znajduj\u0105c odpowiednie zakwaterowanie na miejscu i zapewniaj\u0105c odbi\u00f3r na lotnisku.<\/p>\n<h3>Jak Espamob mo\u017ce pom\u00f3c mi w finansowaniu mojej praktyki Erasmus jako <span style=\"font-weight: 400;\">Technik Protetyki Dentystycznej <\/span> w Hiszpanii?<\/h3>\n<p>Espamob mo\u017ce pom\u00f3c Ci w poszukiwaniu finansowania dla Twojej praktyki Erasmus jako <span style=\"font-weight: 400;\">Technik Protetyki Dentystycznej <\/span> w Hiszpanii. Agencja posiada dog\u0142\u0119bn\u0105 wiedz\u0119 na temat dost\u0119pnych \u015brodk\u00f3w finansowania, takich jak stypendia Erasmus+, pomoc regionalna czy partnerstwa z firmami. Espamob towarzyszy Ci w sk\u0142adaniu wniosku o finansowanie i udziela wsparcia w niezb\u0119dnych formalno\u015bciach administracyjnych.<\/p>\n<h3>Jakie gwarancje oferuje Espamob w zakresie przyj\u0119cia na uniwersytety i do partner\u00f3w biznesowych podczas mojej praktyki Erasmus jako <span style=\"font-weight: 400;\">Technik Protetyki Dentystycznej <\/span> w Hiszpanii?<\/h3>\n<p>Espamob zobowi\u0105zuje si\u0119 do zapewnienia wysokiej jako\u015bci przyj\u0119cia na uniwersytetach i u partner\u00f3w biznesowych podczas Twojej praktyki Erasmus jako <span style=\"font-weight: 400;\">Technik Protetyki Dentystycznej <\/span> w Hiszpanii. Agencja starannie wybiera swoich partner\u00f3w, kieruj\u0105c si\u0119 ich do\u015bwiadczeniem i zdolno\u015bci\u0105 do stworzenia sprzyjaj\u0105cego \u015brodowiska do nauki i rozwoju zawodowego. Ponadto Espamob zapewnia regularne monitorowanie przebiegu Twojej praktyki, aby upewni\u0107 si\u0119 o Twojej satysfakcji i rozwi\u0105zywa\u0107 ewentualne problemy napotkane w trakcie praktyki.[\/vc_column_text][\/vc_column_inner][vc_column_inner width=&#8221;1\/12&#8243;][\/vc_column_inner][vc_column_inner width=&#8221;4\/12&#8243;][vc_single_image image=&#8221;15074&#8243; img_size=&#8221;full&#8221;][vc_column_text]<b>Dowiedz si\u0119 wi\u0119cej o r\u00f3\u017cnych miejscach Erasmus + w Hiszpanii:<\/b><\/p>\n<ul>\n<li><a href=\"https:\/\/espamob.com\/pl\/praktyki-zawodowe-erasmus\/medycznych\/praktyki-erasmus-pielegniarstwa\/\"><span style=\"font-weight: 400;\"> Praktyka Erasmus Piel\u0119gniarstwa<\/span><\/a><\/li>\n<li><a href=\"https:\/\/espamob.com\/pl\/praktyki-zawodowe-erasmus\/medycznych\/praktyki-erasmus-weterynaria\/\"><span style=\"font-weight: 400;\"> Praktyka Erasmus Weterynaria<\/span><\/a><\/li>\n<li><a href=\"https:\/\/espamob.com\/pl\/praktyki-zawodowe-erasmus\/medycznych\/praktyki-erasmus-opiekunow-medycznych\/\"><span style=\"font-weight: 400;\"> Praktyka Erasmus Opiekun Medyczny<\/span><\/a><\/li>\n<\/ul>\n<p>[\/vc_column_text][\/vc_column_inner][\/vc_row_inner][\/vc_column][\/vc_row]<\/p>\n<\/div>","protected":false},"excerpt":{"rendered":"<p>[vc_row css=&#8221;.vc_custom_1708634197031{margin-top: -20px !important;margin-bottom: 40px !important;background-image: url(https:\/\/espamob.com\/wp-content\/uploads\/2024\/02\/Asistente-dental-y-tecnico-dental.webp?id=23747) !important;}&#8221; conditional_render=&#8221;%5B%7B%22value_role%22%3A%22administrator%22%7D%5D&#8221;][vc_column css=&#8221;.vc_custom_1687965657482{padding-top: 30px !important;}&#8221; conditional_render=&#8221;%5B%7B%22value_role%22%3A%22administrator%22%7D%5D&#8221;][vc_empty_space height=&#8221;170&#8243;][vc_custom_heading text=&#8221;Praktyki Erasmus: Technik Protetyki Dentystycznej&#8221; font_container=&#8221;tag:h1|font_size:27|text_align:center|color:%23ffffff&#8221; use_theme_fonts=&#8221;yes&#8221; css=&#8221;.vc_custom_1708719118801{margin-bottom: 15px !important;background-color: rgba(136,136,136,0.29) !important;*background-color: rgb(136,136,136) !important;}&#8221; animation_type=&#8221;zoomIn&#8221;][vc_empty_space height=&#8221;40&#8243;][\/vc_column][\/vc_row][vc_row wrap_container=&#8221;yes&#8221; text_align=&#8221;justify&#8221;][vc_column text_align=&#8221;justify&#8221;][vc_column_text] Home Sektory sta\u017cowe Mobilno\u015b\u0107 w sektorze us\u0142ug medycznych Praktyka zawodowa Erasmus: Technik Protetyki Dentystycznej [\/vc_column_text][vc_custom_heading text=&#8221;Sta\u017c Erasmus dla technik\u00f3w protetyki dentystycznej: wzbogacaj\u0105ce<\/p>\n","protected":false},"author":2,"featured_media":0,"parent":12812,"menu_order":0,"comment_status":"closed","ping_status":"closed","template":"","meta":{"footnotes":""},"class_list":["post-23776","page","type-page","status-publish","hentry"],"_links":{"self":[{"href":"https:\/\/espamob.com\/pl\/wp-json\/wp\/v2\/pages\/23776","targetHints":{"allow":["GET"]}}],"collection":[{"href":"https:\/\/espamob.com\/pl\/wp-json\/wp\/v2\/pages"}],"about":[{"href":"https:\/\/espamob.com\/pl\/wp-json\/wp\/v2\/types\/page"}],"author":[{"embeddable":true,"href":"https:\/\/espamob.com\/pl\/wp-json\/wp\/v2\/users\/2"}],"replies":[{"embeddable":true,"href":"https:\/\/espamob.com\/pl\/wp-json\/wp\/v2\/comments?post=23776"}],"version-history":[{"count":0,"href":"https:\/\/espamob.com\/pl\/wp-json\/wp\/v2\/pages\/23776\/revisions"}],"up":[{"embeddable":true,"href":"https:\/\/espamob.com\/pl\/wp-json\/wp\/v2\/pages\/12812"}],"wp:attachment":[{"href":"https:\/\/espamob.com\/pl\/wp-json\/wp\/v2\/media?parent=23776"}],"curies":[{"name":"wp","href":"https:\/\/api.w.org\/{rel}","templated":true}]}}