{"id":23772,"date":"2023-08-28T00:00:00","date_gmt":"2023-08-28T00:00:00","guid":{"rendered":"https:\/\/www.espamob.com\/praktyki-zawodowe-erasmus\/medycznych\/stage-erasmus-infirmerie\/"},"modified":"2024-02-23T20:31:26","modified_gmt":"2024-02-23T20:31:26","slug":"praktyki-erasmus-pielegniarstwa","status":"publish","type":"page","link":"https:\/\/espamob.com\/pl\/praktyki-zawodowe-erasmus\/medycznych\/praktyki-erasmus-pielegniarstwa\/","title":{"rendered":"Stage Erasmus : Infirmerie"},"content":{"rendered":"<div class=\"wpb-content-wrapper\"><p>[vc_row css=&#8221;.vc_custom_1708634158657{margin-top: -20px !important;margin-bottom: 40px !important;background-image: url(https:\/\/espamob.com\/wp-content\/uploads\/2024\/02\/Enfermeria.webp?id=23757) !important;}&#8221; conditional_render=&#8221;%5B%7B%22value_role%22%3A%22administrator%22%7D%5D&#8221;][vc_column css=&#8221;.vc_custom_1687965657482{padding-top: 30px !important;}&#8221; conditional_render=&#8221;%5B%7B%22value_role%22%3A%22administrator%22%7D%5D&#8221;][vc_empty_space height=&#8221;170&#8243;][vc_custom_heading text=&#8221;Praktyki Erasmus: Piel\u0119gniarstwa&#8221; font_container=&#8221;tag:h1|font_size:27|text_align:center|color:%23ffffff&#8221; use_theme_fonts=&#8221;yes&#8221; css=&#8221;.vc_custom_1708718159015{margin-bottom: 15px !important;background-color: rgba(136,136,136,0.29) !important;*background-color: rgb(136,136,136) !important;}&#8221; animation_type=&#8221;zoomIn&#8221;][vc_empty_space height=&#8221;40&#8243;][\/vc_column][\/vc_row][vc_row wrap_container=&#8221;yes&#8221; text_align=&#8221;justify&#8221;][vc_column text_align=&#8221;justify&#8221;][vc_column_text]<\/p>\n<nav aria-label=\"breadcrumb\">\n<ol class=\"breadcrumb\">\n<li class=\"breadcrumb-item\"><a href=\"https:\/\/espamob.com\/pl\">Home<\/a><\/li>\n<li class=\"breadcrumb-item\"><a href=\"https:\/\/espamob.com\/pl\/praktyki-zawodowe-erasmus\">Sektory sta\u017cowe<\/a><\/li>\n<li class=\"breadcrumb-item active\" aria-current=\"page\"><a href=\"https:\/\/espamob.com\/pl\/praktyki-zawodowe-erasmus\/medycznych\/\">Mobilno\u015b\u0107 w sektorze us\u0142ug medycznych<\/a><\/li>\n<li class=\"breadcrumb-item active\" aria-current=\"page\">Praktyka zawodowa Erasmus: <span style=\"font-weight: 400;\">Piel\u0119gniarstwa<\/span><\/li>\n<\/ol>\n<\/nav>\n<p>[\/vc_column_text][vc_custom_heading text=&#8221;Praktyki Erasmus w dziedzinie piel\u0119gniarstwa: wzbogacaj\u0105ce do\u015bwiadczenie dla student\u00f3w&#8221; use_theme_fonts=&#8221;yes&#8221; css=&#8221;.vc_custom_1708718208119{margin-top: 20px !important;}&#8221;][vc_separator][vc_row_inner][vc_column_inner width=&#8221;7\/12&#8243;][vc_column_text]<span style=\"font-weight: 400;\">W \u015bwiecie coraz bardziej zglobalizowanym i wzajemnie po\u0142\u0105czonym, istotne jest, aby przyszli specjali\u015bci medyczni rozwijali swoje umiej\u0119tno\u015bci j\u0119zykowe i kulturowe. Z tego punktu widzenia <strong>sta\u017c Erasmus w dziedzinie piel\u0119gniarstwa<\/strong> daje studentom mo\u017cliwo\u015b\u0107 prze\u017cycia unikalnego do\u015bwiadczenia szkoleniowego za granic\u0105.<\/span><\/p>\n<h2><span style=\"font-weight: 400;\">Czym jest program Erasmus?<\/span><\/h2>\n<p><span style=\"font-weight: 400;\">Program Erasmus (European Region Action Scheme for the Mobility of University Students) to inicjatywa europejska maj\u0105ca na celu promowanie mobilno\u015bci student\u00f3w i nauczycieli pomi\u0119dzy instytucjami szkolnictwa wy\u017cszego w ramach Unii Europejskiej. Stworzony w 1987 roku, program ten umo\u017cliwi\u0142 milionom student\u00f3w wyjazd na studia lub odbycie sta\u017cu za granic\u0105, wspieraj\u0105c tym samym ich rozw\u00f3j osobisty i zawodowy.<\/span><\/p>\n<h3><span style=\"font-weight: 400;\">Korzy\u015bci ze sta\u017cu Erasmus w dziedzinie piel\u0119gniarstwa<\/span><\/h3>\n<p><span style=\"font-weight: 400;\">Sta\u017c Erasmus w dziedzinie piel\u0119gniarstwa przynosi liczne korzy\u015bci studentom piel\u0119gniarstwa:<\/span><\/p>\n<ul>\n<li style=\"font-weight: 400;\" aria-level=\"1\"><b>Poprawa umiej\u0119tno\u015bci j\u0119zykowych:<\/b><span style=\"font-weight: 400;\"> Odbycie sta\u017cu za granic\u0105 pozwala studentom poprawi\u0107 swoje umiej\u0119tno\u015bci j\u0119zykowe, co jest szczeg\u00f3lnie przydatne w kontek\u015bcie zawodowym, gdzie komunikacja z pacjentami i kolegami jest kluczowa.<\/span><\/li>\n<li style=\"font-weight: 400;\" aria-level=\"1\"><b>Odkrywanie nowych praktyk zawodowych<\/b><span style=\"font-weight: 400;\">: Ka\u017cdy kraj ma swoje w\u0142asne metody i protoko\u0142y w dziedzinie piel\u0119gniarstwa. Odbycie sta\u017cu za granic\u0105 umo\u017cliwia nauk\u0119 nowych technik i poszerzenie zakresu umiej\u0119tno\u015bci.<\/span><\/li>\n<li style=\"font-weight: 400;\" aria-level=\"1\"><b>Rozw\u00f3j zdolno\u015bci adaptacyjnych<\/b><span style=\"font-weight: 400;\">: Przystosowanie si\u0119 do nowego \u015brodowiska, nowej kultury i nowego j\u0119zyka to prawdziwe wyzwanie. Pokonanie tych trudno\u015bci wzmacnia pewno\u015b\u0107 siebie i zdolno\u015b\u0107 adaptacji student\u00f3w, co jest niezb\u0119dne dla ich przysz\u0142ej kariery.<\/span><\/li>\n<li style=\"font-weight: 400;\" aria-level=\"1\"><b>Wzmocnienie sieci zawodowej:<\/b><span style=\"font-weight: 400;\"> Odbycie sta\u017cu w innym kraju pozwala nawi\u0105za\u0107 kontakty z lokalnymi profesjonalistami s\u0142u\u017cby zdrowia, co mo\u017ce by\u0107 przydatne dla przysz\u0142ej kariery studenta.<\/span><\/li>\n<\/ul>\n<h2><span style=\"font-weight: 400;\">Jak znale\u017a\u0107 sta\u017c Erasmus w dziedzinie piel\u0119gniarstwa?<\/span><\/h2>\n<p><span style=\"font-weight: 400;\">Aby wzi\u0105\u0107 udzia\u0142 w sta\u017cu Erasmus w dziedzinie piel\u0119gniarstwa, nale\u017cy przej\u015b\u0107 kilka kluczowych etap\u00f3w:<\/span><\/p>\n<ol>\n<li style=\"font-weight: 400;\" aria-level=\"1\"><b>Zasi\u0119gnij informacji w Instytucie Szkolenia Piel\u0119gniarskiego (IFSI):<\/b><span style=\"font-weight: 400;\"> IFSI zazwyczaj wsp\u00f3\u0142pracuje z kilkoma zagranicznymi uniwersytetami i mo\u017ce pom\u00f3c studentom znale\u017a\u0107 sta\u017c odpowiadaj\u0105cy ich oczekiwaniom.<\/span><\/li>\n<li style=\"font-weight: 400;\" aria-level=\"1\"><b>Przygotuj swoj\u0105 aplikacj\u0119<\/b><span style=\"font-weight: 400;\">: Aby ubiega\u0107 si\u0119 o sta\u017c Erasmus, konieczne jest przygotowanie dokument\u00f3w aplikacyjnych, takich jak CV, list motywacyjny, \u015bwiadectwa ocen, certyfikat j\u0119zykowy (je\u015bli konieczny) i formularz wniosku o stypendium Erasmus.<\/span><\/li>\n<li style=\"font-weight: 400;\" aria-level=\"1\"><b>Szukaj sta\u017cu w plac\u00f3wce zdrowia za granic\u0105<\/b><span style=\"font-weight: 400;\">: Istnieje wiele specjalistycznych stron internetowych do poszukiwania sta\u017cy za granic\u0105, takich jak ErasmusIntern czy AIESEC. Studenci mog\u0105 tak\u017ce skontaktowa\u0107 si\u0119 z ambasadami i konsulatami kraj\u00f3w, kt\u00f3re ich interesuj\u0105.<\/span><\/li>\n<li style=\"font-weight: 400;\" aria-level=\"1\"><b>Z\u0142\u00f3\u017c swoj\u0105 aplikacj\u0119<\/b><span>: Gdy znajdziesz sta\u017c, nale\u017cy przes\u0142a\u0107 swoj\u0105 aplikacj\u0119 do przyjmuj\u0105cej plac\u00f3wki, aby uzyska\u0107 odpowied\u017a pozytywn\u0105 lub negatywn\u0105. Zaleca si\u0119 sk\u0142adanie aplikacji na kilka sta\u017cy, aby zwi\u0119kszy\u0107 szanse.<\/span><\/li>\n<\/ol>\n<p>[\/vc_column_text][\/vc_column_inner][vc_column_inner width=&#8221;1\/12&#8243;][\/vc_column_inner][vc_column_inner width=&#8221;4\/12&#8243;][vc_single_image image=&#8221;18216&#8243; img_size=&#8221;400*400&#8243; alignment=&#8221;right&#8221; style=&#8221;vc_box_rounded&#8221;][vc_btn title=&#8221;Zobacz wi\u0119cej&#8221; style=&#8221;custom&#8221; custom_background=&#8221;#e20000&#8243; custom_text=&#8221;#ffffff&#8221; align=&#8221;center&#8221; link=&#8221;url:https%3A%2F%2Fespamob.com%2Fpl%2Fkontakt-z-polskim-konsultantem|title:Kontakt|target:_blank&#8221;][\/vc_column_inner][\/vc_row_inner][vc_custom_heading text=&#8221;Warunki i czas trwania sta\u017cu Erasmus w dziedzinie piel\u0119gniarstwa&#8221; font_container=&#8221;tag:h3|text_align:left&#8221; use_theme_fonts=&#8221;yes&#8221; css=&#8221;.vc_custom_1708718310999{margin-top: 20px !important;}&#8221;][vc_separator][vc_row_inner][vc_column_inner width=&#8221;7\/12&#8243;][vc_column_text]<span style=\"font-weight: 400;\">Sta\u017c Erasmus w dziedzinie piel\u0119gniarstwa musi spe\u0142nia\u0107 pewne warunki:<\/span><\/p>\n<ul>\n<li style=\"font-weight: 400;\" aria-level=\"1\"><span style=\"font-weight: 400;\">Minimalny czas trwania sta\u017cu to 2 miesi\u0105ce, a maksymalny to 12 miesi\u0119cy.<\/span><\/li>\n<li style=\"font-weight: 400;\" aria-level=\"1\"><span style=\"font-weight: 400;\">Sta\u017c musi by\u0107 odbywany w plac\u00f3wce zdrowia w kraju cz\u0142onkowskim Unii Europejskiej lub w kraju partnerskim programu Erasmus.<\/span><\/li>\n<li style=\"font-weight: 400;\" aria-level=\"1\"><span style=\"font-weight: 400;\">Sta\u017c musi by\u0107 uznany przez IFSI pochodzenia i musi prowadzi\u0107 do uzyskania punkt\u00f3w ECTS (Europejski System Transferu i Akumulacji Punkt\u00f3w).<\/span><\/li>\n<li style=\"font-weight: 400;\" aria-level=\"1\"><span style=\"font-weight: 400;\">Studenci musz\u0105 otrzyma\u0107 stypendium Erasmus na sfinansowanie pobytu za granic\u0105. Wysoko\u015b\u0107 tego stypendium zale\u017cy od kraju przyjmuj\u0105cego i czasu trwania sta\u017cu.<\/span><\/li>\n<\/ul>\n<h3><span style=\"font-weight: 400;\">Uznanie sta\u017cy Erasmus w dziedzinie piel\u0119gniarstwa przez IFSI<\/span><\/h3>\n<p><span style=\"font-weight: 400;\">Aby sta\u017c Erasmus w dziedzinie piel\u0119gniarstwa zosta\u0142 uznany przez IFSI, konieczne jest przej\u015bcie przez pewn\u0105 liczb\u0119 procedur:<\/span><\/p>\n<ol>\n<li style=\"font-weight: 400;\" aria-level=\"1\"><span style=\"font-weight: 400;\">Sporz\u0105dzenie umowy edukacyjnej (Learning Agreement), szczeg\u00f3\u0142owo opisuj\u0105cej program sta\u017cu, cele do osi\u0105gni\u0119cia i umiej\u0119tno\u015bci do rozwoju.<\/span><\/li>\n<li style=\"font-weight: 400;\" aria-level=\"1\"><span style=\"font-weight: 400;\">Zatwierdzenie tej umowy przez IFSI i przez plac\u00f3wk\u0119 przyjmuj\u0105c\u0105.<\/span><\/li>\n<li style=\"font-weight: 400;\" aria-level=\"1\"><span style=\"font-weight: 400;\">Po zako\u0144czeniu sta\u017cu uzyskanie za\u015bwiadczenia o odbytym sta\u017cu i raportu oceniaj\u0105cego od plac\u00f3wki przyjmuj\u0105cej.<\/span><\/li>\n<li style=\"font-weight: 400;\" aria-level=\"1\"><span style=\"font-weight: 400;\">Przedstawienie tych dokument\u00f3w IFSI w celu zatwierdzenia sta\u017cu i uzyskania odpowiadaj\u0105cych punkt\u00f3w ECTS.<\/span><\/li>\n<\/ol>\n<p><span style=\"font-weight: 400;\">Podsumowuj\u0105c, sta\u017c Erasmus w dziedzinie piel\u0119gniarstwa stanowi wyj\u0105tkow\u0105 okazj\u0119 dla student\u00f3w piel\u0119gniarstwa do zdobycia do\u015bwiadczenia mi\u0119dzynarodowego, poprawy umiej\u0119tno\u015bci j\u0119zykowych i zawodowych oraz prze\u017cycia bogatego do\u015bwiadczenia \u017cyciowego.<\/span>[\/vc_column_text][\/vc_column_inner][vc_column_inner width=&#8221;1\/12&#8243;][\/vc_column_inner][vc_column_inner width=&#8221;4\/12&#8243;][vc_raw_html]JTNDZGl2JTIwc3R5bGUlM0QlMjJwYWRkaW5nJTNBJTIwMzBweCUzQmJhY2tncm91bmQtY29sb3IlM0ElMjAlMjNGNEY0RjQlM0IlMjIlM0UlMEElMjAlMjAlMjAlMjAlM0NoNCUzRU9ka3J5aiUyMHdzenlzdGtpZSUyMHNla3RvcnklMjBwcmFrdHlrJTNDJTJGaDQlM0UlMEElMjAlMjAlMjAlMjAlM0NwJTNFRXNwYW1vYiUyMHNwZWNqYWxpenVqZSUyMHNpJUM0JTk5JTIwdyUyMHBvbWFnYW5pdSUyMGdydXBvbSUyMHclMjBtb2JpbG5vJUM1JTlCY2klMjB3JTIwcmFtYWNoJTIwcHJvZ3JhbXUlMjBFcmFzbXVzJTIwJTJCLiUyMERvd2llZHolMjBzaSVDNCU5OSUyMG8lMjB3c3p5c3RraWNoJTIwc2VrdG9yYWNoJTIwcHJha3R5ayUyMEVyYXNtdXMlMjB3JTIwSGlzenBhbmlpJTIwemElMjBwb21vYyVDNCU4NSUyMGtpbGt1JTIwa2xpa25pJUM0JTk5JUM0JTg3LiUzQyUyRnAlM0UlMEElMjAlMjAlMjAlMjAlM0NhJTIwY2xhc3MlM0QlMjJ2Y19nZW5lcmFsJTIwdmNfYnRuMyUyMHZjX2J0bjMtc2l6ZS1tZCUyMHZjX2J0bjMtc2hhcGUtZGVmYXVsdCUyMHZjX2J0bjMtc3R5bGUtY3VzdG9tJTIwd3BiX2N1c3RvbV82Njg3YjI2ZjM5NDg4ZGRiYjg1ZGRiM2MxY2U4ZTExMSUyMGJ0biUyMiUyMHN0eWxlJTNEJTIyYmFja2dyb3VuZC1jb2xvciUzQSUyM2UyMDAwMCUzQiUyMGNvbG9yJTNBJTIzZmZmZmZmJTNCJTIwYmFja2dyb3VuZC1jb2xvciUzQSUyM2UyMDAwMCUzQiUyMGNvbG9yJTNBJTIzZmZmZmZmJTNCJTIyJTIwaHJlZiUzRCUyMmh0dHBzJTNBJTJGJTJGd3d3LmVzcGFtb2IuY29tJTJGcGwlMkZwcmFrdHlraS16YXdvZG93ZS1lcmFzbXVzJTJGJTIyJTIwdGl0bGUlM0QlMjJTZWt0b3J5JTIwc3RhJUM1JUJDb3dlJTIyJTIwdGFyZ2V0JTNEJTIyX2JsYW5rJTIyJTNFT2RrcnlqJTIwc2VrdG9yeSUzQyUyRmElM0UlMEElM0MlMkZkaXYlM0U=[\/vc_raw_html][\/vc_column_inner][\/vc_row_inner][\/vc_column][\/vc_row][vc_row full_width=&#8221;stretch_row&#8221; wrap_container=&#8221;yes&#8221; is_section=&#8221;yes&#8221; css=&#8221;.vc_custom_1708718362934{border-top-width: 0px !important;padding-top: 15px !important;padding-bottom: 15px !important;background-color: #f8f392 !important;}&#8221; conditional_render=&#8221;%5B%7B%22value_role%22%3A%22administrator%22%7D%5D&#8221;][vc_column][vc_row_inner css=&#8221;.vc_custom_1688548648248{background-color: #f8f392 !important;}&#8221;][vc_column_inner][vc_custom_heading text=&#8221;Popro\u015b o bezp\u0142atn\u0105 wycen\u0119&#8221; font_container=&#8221;tag:h2|text_align:center&#8221; use_theme_fonts=&#8221;yes&#8221;][vc_column_text]<\/p>\n<p style=\"text-align: justify;\">Masz pomys\u0142 na projekt Erasmus+ w Hiszpanii i szukasz zaufanej agencji, kt\u00f3ra Ci\u0119 wesprze?\u00a0<strong>Espamob<\/strong>\u2019 jest tutaj, aby Ci pom\u00f3c! Oferujemy bezp\u0142atn\u0105 i niezobowi\u0105zuj\u0105c\u0105 wycen\u0119, kt\u00f3ra pomo\u017ce Ci zarz\u0105dza\u0107 projektem mobilno\u015bci. Dzi\u0119ki naszemu do\u015bwiadczeniu i sieci firm partnerskich mo\u017cemy zaoferowa\u0107 spersonalizowane wsparcie, aby spe\u0142ni\u0107 Twoje specyficzne potrzeby. Skontaktuj si\u0119 z nami ju\u017c teraz, aby om\u00f3wi\u0107 sw\u00f3j projekt i otrzyma\u0107 bezp\u0142atn\u0105 wycen\u0119.<\/p>\n<p>[\/vc_column_text]<div id=\"modal-trg-txt-wrap-6453\" class=\"ult-modal-input-wrapper ult-adjust-bottom-margin    \" data-keypress-control=\"keypress-control-enable\" data-overlay-control=\"overlay-control-enable\"><style>\n\t\t\t\t\t.btn-modal.btn-id-69e7bb122377e1-28459603:hover {\n\t\t\t\t\t\tbackground-color: #e20000 !important;\n\t\t\t\t\t}\n\t\t\t\t\t<\/style><button  data-ultimate-target='#modal-trg-txt-wrap-6453 .btn-modal'  data-responsive-json-new='{\"font-size\":\"\",\"line-height\":\"\"}'  style=\"background:#888888;border-color:#888888;color:#ffffff; \" data-class-id=\"content-69e7bb122377e1-28459603\" class=\"btn-modal ult-responsive btn-primary btn-modal-md overlay-show ult-align-center btn-id-69e7bb122377e1-28459603\" data-overlay-class=\"overlay-cornerbottomleft\">ZAM\u00d3W BEZP\u0141ATN\u0104 WYCEN\u0118<\/button><\/div>\n<div class=\"ult-overlay content-69e7bb122377e1-28459603 \" data-class=\"content-69e7bb122377e1-28459603\" id=\"button-click-overlay\" style=\"background:rgba(51,51,51,0.8); display:none;\">\n\t<div class=\"ult_modal ult-fade ult-medium\">\n\t\t<div id=\"ult-modal-wrap-4083\" class=\"ult_modal-content ult-hide\" style=\"border-style:solid;border-width:2px;border-radius:0px;border-color:#333333;\">\n\t\t\t<div class=\"ult_modal-header\" style=\"color:#333333;border-color:#333333;\">\n\t\t\t\t<h3  data-ultimate-target='#ult-modal-wrap-4083 .ult_modal-title'  data-responsive-json-new='{\"font-size\":\"\",\"line-height\":\"\"}'  class=\"ult_modal-title ult-responsive\">ZAM\u00d3W BEZP\u0141ATN\u0104 WYCEN\u0118<\/h3>\n\t\t\t<\/div>\n\t\t\t<div  data-ultimate-target='#ult-modal-wrap-4083 .ult_modal-body'  data-responsive-json-new='{\"font-size\":\"\",\"line-height\":\"\"}'  class=\"ult_modal-body ult-responsive ult-html\" style=\"\">\n\t\t\t[caldera_form id=&#8221;CF6149e02688efa&#8221;]\n\t\t\t<\/div>\n\t<\/div>\n\t<\/div>\n\t<div class=\"ult-overlay-close top-right\" style=\"width:80px;height:80px; \"><div class=\"ult-overlay-close-inside\">Close<\/div><\/div>\n<\/div>[\/vc_column_inner][\/vc_row_inner][\/vc_column][\/vc_row][vc_row wrap_container=&#8221;yes&#8221; css=&#8221;.vc_custom_1689256499740{margin-top: 15px !important;}&#8221; conditional_render=&#8221;%5B%7B%22value_role%22%3A%22administrator%22%7D%5D&#8221;][vc_column][vc_custom_heading text=&#8221;Cz\u0119sto zadawane pytania&#8221; font_container=&#8221;tag:h2|text_align:center|color:%23000000&#8243; use_theme_fonts=&#8221;yes&#8221;][vc_separator][vc_row_inner][vc_column_inner width=&#8221;7\/12&#8243;][vc_column_text]<\/p>\n<h3><span style=\"font-weight: 400;\">Jakie s\u0105 korzy\u015bci z wyboru Espamob do odbycia praktyki Erasmus w dziedzinie piel\u0119gniarstwa w Hiszpanii?<\/span><\/h3>\n<p><span style=\"font-weight: 400;\">Wybieraj\u0105c Espamob do odbycia praktyki Erasmus w dziedzinie piel\u0119gniarstwa w Hiszpanii, skorzystasz z kompleksowego wsparcia na ka\u017cdym etapie swojego projektu. Espamob pomo\u017ce Ci stworzy\u0107 projekt, znale\u017a\u0107 finansowanie, zorganizowa\u0107 przyj\u0119cie na uniwersytetach i w firmach partnerskich na czas trwania praktyki. Ponadto Espamob zajmie si\u0119 znalezieniem zakwaterowania na miejscu i odbierze Ci\u0119 z lotniska, oferuj\u0105c Ci tym samym wygodny i bezproblemowy pobyt.<\/span><\/p>\n<h3><span style=\"font-weight: 400;\">Jak Espamob pomaga w znalezieniu finansowania na praktyk\u0119 Erasmusa w dziedzinie piel\u0119gniarstwa w Hiszpanii?<\/span><\/h3>\n<p><span style=\"font-weight: 400;\">Espamob ma du\u017ce do\u015bwiadczenie w poszukiwaniu finansowania dla projekt\u00f3w mobilno\u015bci Erasmusa. Agencja poprowadzi Ci\u0119 przez procedury administracyjne w celu uzyskania stypendi\u00f3w, dotacji lub innych form finansowania. Espamob pomo\u017ce Ci przygotowa\u0107 dokumenty wniosku o finansowanie i udzieli porad, aby zwi\u0119kszy\u0107 szanse na sukces.<\/span><\/p>\n<h3><span style=\"font-weight: 400;\">Jakie gwarancje oferuje Espamob na praktyk\u0119 Erasmusa w dziedzinie piel\u0119gniarstwa w Hiszpanii?<\/span><\/h3>\n<p><span style=\"font-weight: 400;\">Espamob zobowi\u0105zuje si\u0119 do zapewnienia Ci wysokiej jako\u015bci wsparcia na ka\u017cdym etapie projektu praktyki Erasmusa w dziedzinie piel\u0119gniarstwa w Hiszpanii. Agencja prowadzi \u015bcis\u0142\u0105 wsp\u00f3\u0142prac\u0119 z zaufanymi uniwersytetami i firmami partnerskimi, co gwarantuje odpowiednie i warto\u015bciowe mo\u017cliwo\u015bci praktyki. Ponadto Espamob dok\u0142ada wszelkich stara\u0144, aby zapewni\u0107 Tw\u00f3j komfort i bezpiecze\u0144stwo, znajduj\u0105c zakwaterowanie dostosowane do Twoich potrzeb i odbieraj\u0105c Ci\u0119 z lotniska. Wybieraj\u0105c Espamob, mo\u017cesz by\u0107 pewien udanego i korzystnego pobytu dla swojej kariery zawodowej.<\/span>[\/vc_column_text][\/vc_column_inner][vc_column_inner width=&#8221;1\/12&#8243;][\/vc_column_inner][vc_column_inner width=&#8221;4\/12&#8243;][vc_single_image image=&#8221;15074&#8243; img_size=&#8221;full&#8221;][vc_column_text]<b>Dowiedz si\u0119 wi\u0119cej o r\u00f3\u017cnych miejscach Erasmus + w Hiszpanii:<\/b><\/p>\n<ul>\n<li><a href=\"https:\/\/espamob.com\/pl\/praktyki-zawodowe-erasmus\/medycznych\/praktyki-erasmus-weterynaria\/\"><span style=\"font-weight: 400;\"> Praktyka Erasmus Weterynaria<\/span><\/a><\/li>\n<li><a href=\"https:\/\/espamob.com\/pl\/praktyki-zawodowe-erasmus\/medycznych\/praktyki-erasmus-protetyki-dentystycznej\/\"><span style=\"font-weight: 400;\"> Praktyka Erasmus Technik Protetyki Dentystycznej<\/span><\/a><\/li>\n<li><a href=\"https:\/\/espamob.com\/pl\/praktyki-zawodowe-erasmus\/medycznych\/praktyki-erasmus-opiekunow-medycznych\/\"><span style=\"font-weight: 400;\"> Praktyka Erasmus Opiekun Medyczny<\/span><\/a><\/li>\n<\/ul>\n<p>[\/vc_column_text][\/vc_column_inner][\/vc_row_inner][\/vc_column][\/vc_row]<\/p>\n<\/div>","protected":false},"excerpt":{"rendered":"<p>[vc_row css=&#8221;.vc_custom_1708634158657{margin-top: -20px !important;margin-bottom: 40px !important;background-image: url(https:\/\/espamob.com\/wp-content\/uploads\/2024\/02\/Enfermeria.webp?id=23757) !important;}&#8221; conditional_render=&#8221;%5B%7B%22value_role%22%3A%22administrator%22%7D%5D&#8221;][vc_column css=&#8221;.vc_custom_1687965657482{padding-top: 30px !important;}&#8221; conditional_render=&#8221;%5B%7B%22value_role%22%3A%22administrator%22%7D%5D&#8221;][vc_empty_space height=&#8221;170&#8243;][vc_custom_heading text=&#8221;Praktyki Erasmus: Piel\u0119gniarstwa&#8221; font_container=&#8221;tag:h1|font_size:27|text_align:center|color:%23ffffff&#8221; use_theme_fonts=&#8221;yes&#8221; css=&#8221;.vc_custom_1708718159015{margin-bottom: 15px !important;background-color: rgba(136,136,136,0.29) !important;*background-color: rgb(136,136,136) !important;}&#8221; animation_type=&#8221;zoomIn&#8221;][vc_empty_space height=&#8221;40&#8243;][\/vc_column][\/vc_row][vc_row wrap_container=&#8221;yes&#8221; text_align=&#8221;justify&#8221;][vc_column text_align=&#8221;justify&#8221;][vc_column_text] Home Sektory sta\u017cowe Mobilno\u015b\u0107 w sektorze us\u0142ug medycznych Praktyka zawodowa Erasmus: Piel\u0119gniarstwa [\/vc_column_text][vc_custom_heading text=&#8221;Praktyki Erasmus w dziedzinie piel\u0119gniarstwa: wzbogacaj\u0105ce do\u015bwiadczenie dla student\u00f3w&#8221; use_theme_fonts=&#8221;yes&#8221; css=&#8221;.vc_custom_1708718208119{margin-top:<\/p>\n","protected":false},"author":2,"featured_media":0,"parent":12812,"menu_order":0,"comment_status":"closed","ping_status":"closed","template":"","meta":{"footnotes":""},"class_list":["post-23772","page","type-page","status-publish","hentry"],"_links":{"self":[{"href":"https:\/\/espamob.com\/pl\/wp-json\/wp\/v2\/pages\/23772","targetHints":{"allow":["GET"]}}],"collection":[{"href":"https:\/\/espamob.com\/pl\/wp-json\/wp\/v2\/pages"}],"about":[{"href":"https:\/\/espamob.com\/pl\/wp-json\/wp\/v2\/types\/page"}],"author":[{"embeddable":true,"href":"https:\/\/espamob.com\/pl\/wp-json\/wp\/v2\/users\/2"}],"replies":[{"embeddable":true,"href":"https:\/\/espamob.com\/pl\/wp-json\/wp\/v2\/comments?post=23772"}],"version-history":[{"count":0,"href":"https:\/\/espamob.com\/pl\/wp-json\/wp\/v2\/pages\/23772\/revisions"}],"up":[{"embeddable":true,"href":"https:\/\/espamob.com\/pl\/wp-json\/wp\/v2\/pages\/12812"}],"wp:attachment":[{"href":"https:\/\/espamob.com\/pl\/wp-json\/wp\/v2\/media?parent=23772"}],"curies":[{"name":"wp","href":"https:\/\/api.w.org\/{rel}","templated":true}]}}