{"id":23609,"date":"2023-08-25T10:49:30","date_gmt":"2023-08-25T10:49:30","guid":{"rendered":"https:\/\/www.espamob.com\/praktyki-zawodowe-erasmus\/beaute\/stage-erasmus-parfumerie\/"},"modified":"2024-02-21T17:30:24","modified_gmt":"2024-02-21T17:30:24","slug":"praktyki-erasmus-branzy-perfumeryjnej","status":"publish","type":"page","link":"https:\/\/espamob.com\/pl\/praktyki-zawodowe-erasmus\/zawody-kosmetyczne\/praktyki-erasmus-branzy-perfumeryjnej\/","title":{"rendered":"Stage Erasmus : Parfumerie"},"content":{"rendered":"<div class=\"wpb-content-wrapper\"><p>[vc_row css=&#8221;.vc_custom_1708366717786{margin-top: -20px !important;margin-bottom: 40px !important;background-image: url(https:\/\/espamob.com\/wp-content\/uploads\/2024\/02\/Perfumeria.webp?id=23578) !important;}&#8221; conditional_render=&#8221;%5B%7B%22value_role%22%3A%22administrator%22%7D%5D&#8221;][vc_column css=&#8221;.vc_custom_1687965657482{padding-top: 30px !important;}&#8221; conditional_render=&#8221;%5B%7B%22value_role%22%3A%22administrator%22%7D%5D&#8221;][vc_empty_space height=&#8221;170&#8243;][vc_custom_heading text=&#8221;Praktyki Erasmus: Bran\u017cy perfumeryjnej&#8221; font_container=&#8221;tag:h1|font_size:27|text_align:center|color:%23ffffff&#8221; use_theme_fonts=&#8221;yes&#8221; css=&#8221;.vc_custom_1708535488713{margin-bottom: 15px !important;background-color: rgba(136,136,136,0.29) !important;*background-color: rgb(136,136,136) !important;}&#8221; animation_type=&#8221;zoomIn&#8221;][vc_empty_space height=&#8221;40&#8243;][\/vc_column][\/vc_row][vc_row wrap_container=&#8221;yes&#8221; text_align=&#8221;justify&#8221;][vc_column text_align=&#8221;justify&#8221;][vc_column_text]<\/p>\n<nav aria-label=\"breadcrumb\">\n<ol class=\"breadcrumb\">\n<li class=\"breadcrumb-item\"><a href=\"https:\/\/espamob.com\/pl\">Home<\/a><\/li>\n<li class=\"breadcrumb-item\"><a href=\"https:\/\/espamob.com\/pl\/praktyki-zawodowe-erasmus\">Sektory sta\u017cowe<\/a><\/li>\n<li class=\"breadcrumb-item active\" aria-current=\"page\"><a href=\"https:\/\/espamob.com\/pl\/praktyki-zawodowe-erasmus\/beaute\/\">Mobilno\u015b\u0107 w bran\u017cy kosmetycznej<\/a><\/li>\n<li class=\"breadcrumb-item active\" aria-current=\"page\">Praktyka zawodowa Erasmus: <span style=\"font-weight: 400;\">Bran\u017cy perfumeryjnej<\/span><\/li>\n<\/ol>\n<\/nav>\n<p>[\/vc_column_text][vc_custom_heading text=&#8221;Praktyki Erasmus w bran\u017cy perfumeryjnej: doskona\u0142a okazja dla Twojej kariery&#8221; use_theme_fonts=&#8221;yes&#8221; css=&#8221;.vc_custom_1708535522474{margin-top: 20px !important;}&#8221;][vc_separator][vc_row_inner][vc_column_inner width=&#8221;7\/12&#8243;][vc_column_text]<span style=\"font-weight: 400;\">W \u015bwiecie ci\u0105g\u0142ych zmian mo\u017cliwo\u015bci odbycia sta\u017cu staj\u0105 si\u0119 coraz bardziej poszukiwane, zw\u0142aszcza w dziedzinie urody i piel\u0119gnacji. Bran\u017ca perfumeryjna to dynamicznie rozwijaj\u0105cy si\u0119 sektor, oferuj\u0105ca mn\u00f3stwo fascynuj\u0105cych i zr\u00f3\u017cnicowanych zawod\u00f3w. Wyjazd na sta\u017c Erasmusa w tym obszarze mo\u017ce by\u0107 wyj\u0105tkowym i satysfakcjonuj\u0105cym do\u015bwiadczeniem, umo\u017cliwiaj\u0105cym rozwini\u0119cie umiej\u0119tno\u015bci zawodowych i ewentualne przyspieszenie kariery.\u00a0<\/span><\/p>\n<h2><span style=\"font-weight: 400;\">Korzy\u015bci ze sta\u017cu Erasmusa w bran\u017cy perfumeryjnej<\/span><\/h2>\n<p><span style=\"font-weight: 400;\">Po pierwsze, warto zauwa\u017cy\u0107, \u017ce sta\u017ce Erasmusa s\u0105 wspierane przez program <a href=\"https:\/\/erasmus-plus.ec.europa.eu\/pl\" target=\"_blank\" rel=\"noopener\">Erasmus+<\/a>, kt\u00f3ry ma na celu promowanie edukacji, szkolenia, m\u0142odzie\u017cy i sportu w Europie. Wybieraj\u0105c sta\u017c Erasmusa w\u00a0 bran\u017cy perfumeryjnej, korzystasz nie tylko ze wsparcia finansowego, ale tak\u017ce z sieci partner\u00f3w i uznania jako\u015bci Twojego sta\u017cu.\u00a0<\/span><\/p>\n<p><strong>Oto kilka korzy\u015bci ze sta\u017cu Erasmusa w\u00a0 bran\u017cy perfumeryjnej:\u00a0<\/strong><\/p>\n<ul>\n<li style=\"font-weight: 400;\" aria-level=\"1\"><span style=\"font-weight: 400;\">Zdobycie mi\u0119dzynarodowego do\u015bwiadczenia zawodowego: sta\u017c Erasmusa to wyj\u0105tkowa okazja do pracy w innym kraju i zdobycia cennej wiedzy na rynku mi\u0119dzynarodowym. Mo\u017ce to by\u0107 znacz\u0105cy atut dla Twojego CV i szansa na popraw\u0119 umiej\u0119tno\u015bci j\u0119zykowych.\u00a0<\/span><\/li>\n<li style=\"font-weight: 400;\" aria-level=\"1\"><span style=\"font-weight: 400;\">Rozwini\u0119cie umiej\u0119tno\u015bci technicznych i kreatywnych: praca w\u00a0 bran\u017cy perfumeryjnej za granic\u0105 pozwala odkry\u0107 nowe metody pracy, dowiedzie\u0107 si\u0119 o najnowszych trendach i innowacjach w dziedzinie perfum, oraz rozwija\u0107 zmys\u0142 w\u0119chu.\u00a0<\/span><\/li>\n<li style=\"font-weight: 400;\" aria-level=\"1\"><span style=\"font-weight: 400;\">Wzmocnienie sieci zawodowej: sta\u017c Erasmusa daje szans\u0119 na spotkanie profesjonalist\u00f3w z bran\u017cy i nawi\u0105zanie kontakt\u00f3w, kt\u00f3re mog\u0105 okaza\u0107 si\u0119 cenne dla Twojej przysz\u0142ej kariery.<\/span><\/li>\n<\/ul>\n<p>[\/vc_column_text][\/vc_column_inner][vc_column_inner width=&#8221;1\/12&#8243;][\/vc_column_inner][vc_column_inner width=&#8221;4\/12&#8243;][vc_single_image image=&#8221;18465&#8243; img_size=&#8221;400*400&#8243; alignment=&#8221;right&#8221; style=&#8221;vc_box_rounded&#8221;][vc_btn title=&#8221;Zobacz wi\u0119cej&#8221; style=&#8221;custom&#8221; custom_background=&#8221;#e20000&#8243; custom_text=&#8221;#ffffff&#8221; align=&#8221;center&#8221; link=&#8221;url:https%3A%2F%2Fespamob.com%2Fpl%2Fkontakt-z-polskim-konsultantem|title:Kontakt|target:_blank&#8221;][\/vc_column_inner][\/vc_row_inner][vc_custom_heading text=&#8221;R\u00f3\u017cne zawody dost\u0119pne w  bran\u017cy perfumeryjnej&#8221; font_container=&#8221;tag:h3|text_align:left&#8221; use_theme_fonts=&#8221;yes&#8221; css=&#8221;.vc_custom_1708535628643{margin-top: 20px !important;}&#8221;][vc_separator][vc_row_inner][vc_column_inner width=&#8221;7\/12&#8243;][vc_column_text]<span style=\"font-weight: 400;\">Sektor perfumerii jest bardzo zr\u00f3\u017cnicowany i oferuje wiele mo\u017cliwo\u015bci sta\u017cu zgodnych z Twoimi zainteresowaniami i umiej\u0119tno\u015bciami. Oto kilka przyk\u0142ad\u00f3w zawod\u00f3w, z kt\u00f3rymi mo\u017cesz si\u0119 spotka\u0107 podczas sta\u017cu:<\/span><\/p>\n<ol>\n<li style=\"font-weight: 400;\" aria-level=\"1\"><span style=\"font-weight: 400;\"><strong>Tw\u00f3rca perfum<\/strong>, osoba opracowuj\u0105ca kompozycje zapachowe, \u0142\u0105cz\u0105c harmonijne nuty i akordy. Zazwyczaj potrzeba kilku lat szkolenia, aby opanowa\u0107 t\u0119 delikatn\u0105 sztuk\u0119.<\/span><\/li>\n<li style=\"font-weight: 400;\" aria-level=\"1\"><span style=\"font-weight: 400;\"><strong>Tester<\/strong>: jego zadaniem jest testowanie i walidacja perfum stworzonych przez tw\u00f3rc\u0119. Tester musi mie\u0107 bardzo rozwini\u0119ty zmys\u0142 w\u0119chu i doskona\u0142\u0105 znajomo\u015b\u0107 surowc\u00f3w u\u017cywanych w perfumerii.<\/span><\/li>\n<li style=\"font-weight: 400;\" aria-level=\"1\"><span style=\"font-weight: 400;\"><strong>Manager marketingu<\/strong>: jego celem jest promowanie i sprzeda\u017c perfum konsumentom. Odpowiada za strategi\u0119 marketingow\u0105, pozycjonowanie produkt\u00f3w i ich komunikacj\u0119.<\/span><\/li>\n<li style=\"font-weight: 400;\" aria-level=\"1\"><span style=\"font-weight: 400;\"><strong>Manager produkcji:<\/strong> koordynuje wszystkie etapy produkcji perfum, od stworzenia do wprowadzenia ich na rynek. To stanowisko wymaga dobrych umiej\u0119tno\u015bci organizacyjnych i zarz\u0105dczych.\u00a0<\/span><\/li>\n<\/ol>\n<h3><span style=\"font-weight: 400;\">Inne zawody zwi\u0105zane z bran\u017c\u0105 urody i piel\u0119gnacji\u00a0<\/span><\/h3>\n<p><span style=\"font-weight: 400;\">Opr\u00f3cz specyficznych zawod\u00f3w w perfumerii, sta\u017c Erasmusa w tej dziedzinie mo\u017ce r\u00f3wnie\u017c umo\u017cliwi\u0107 eksploracj\u0119 innych profesji zwi\u0105zanych z bran\u017c\u0105 urody i piel\u0119gnacji, takich jak:\u00a0<\/span><\/p>\n<ul>\n<li style=\"font-weight: 400;\" aria-level=\"1\"><span style=\"font-weight: 400;\">Doradca wizerunku\u00a0<\/span><\/li>\n<li style=\"font-weight: 400;\" aria-level=\"1\"><span style=\"font-weight: 400;\">Kosmetyczka\u00a0<\/span><\/li>\n<li style=\"font-weight: 400;\" aria-level=\"1\"><span style=\"font-weight: 400;\">Kosmetolog\u00a0<\/span><\/li>\n<li style=\"font-weight: 400;\" aria-level=\"1\"><span style=\"font-weight: 400;\">Chemiczka specjalizuj\u0105ca si\u0119 w kosmetykach\u00a0<\/span><\/li>\n<\/ul>\n<h2><span style=\"font-weight: 400;\">Znalezienie odpowiedniego sta\u017cu Erasmusa w bran\u017cy perfumeryjnej<\/span><\/h2>\n<p><span style=\"font-weight: 400;\">Aby znale\u017a\u0107 idealn\u0105 mo\u017cliwo\u015b\u0107 sta\u017cu w\u00a0 bran\u017cy perfumeryjnej istotne jest uwzgl\u0119dnienie pewnych kryteri\u00f3w, takich jak czas i miejsce sta\u017cu, oraz obszary kompetencji poszukiwane. Nie wahaj si\u0119 sprawdzi\u0107 dost\u0119pnych ofert sta\u017cy na specjalistycznych stronach internetowych lub skontaktowa\u0107 si\u0119 bezpo\u015brednio z firmami perfumeryjnymi, kt\u00f3re Ci\u0119 interesuj\u0105.\u00a0<\/span><\/p>\n<p><span style=\"font-weight: 400;\">Sta\u017c Erasmusa w\u00a0 bran\u017cy perfumeryjnej to wyj\u0105tkowe i inspiruj\u0105ce do\u015bwiadczenie, kt\u00f3re pozwoli Ci rozwija\u0107 umiej\u0119tno\u015bci zawodowe, jednocze\u015bnie odkrywaj\u0105c nowe kultury i metody pracy. Nie zwlekaj wi\u0119c d\u0142u\u017cej i zanurz si\u0119 w t\u0119 satysfakcjonuj\u0105c\u0105 przygod\u0119\u00a0!<\/span>[\/vc_column_text][\/vc_column_inner][vc_column_inner width=&#8221;1\/12&#8243;][\/vc_column_inner][vc_column_inner width=&#8221;4\/12&#8243;][vc_raw_html]JTNDZGl2JTIwc3R5bGUlM0QlMjJwYWRkaW5nJTNBJTIwMzBweCUzQmJhY2tncm91bmQtY29sb3IlM0ElMjAlMjNGNEY0RjQlM0IlMjIlM0UlMEElMjAlMjAlMjAlMjAlM0NoNCUzRU9ka3J5aiUyMHdzenlzdGtpZSUyMHNla3RvcnklMjBwcmFrdHlrJTNDJTJGaDQlM0UlMEElMjAlMjAlMjAlMjAlM0NwJTNFRXNwYW1vYiUyMHNwZWNqYWxpenVqZSUyMHNpJUM0JTk5JTIwdyUyMHBvbWFnYW5pdSUyMGdydXBvbSUyMHclMjBtb2JpbG5vJUM1JTlCY2klMjB3JTIwcmFtYWNoJTIwcHJvZ3JhbXUlMjBFcmFzbXVzJTIwJTJCLiUyMERvd2llZHolMjBzaSVDNCU5OSUyMG8lMjB3c3p5c3RraWNoJTIwc2VrdG9yYWNoJTIwcHJha3R5ayUyMEVyYXNtdXMlMjB3JTIwSGlzenBhbmlpJTIwemElMjBwb21vYyVDNCU4NSUyMGtpbGt1JTIwa2xpa25pJUM0JTk5JUM0JTg3LiUzQyUyRnAlM0UlMEElMjAlMjAlMjAlMjAlM0NhJTIwY2xhc3MlM0QlMjJ2Y19nZW5lcmFsJTIwdmNfYnRuMyUyMHZjX2J0bjMtc2l6ZS1tZCUyMHZjX2J0bjMtc2hhcGUtZGVmYXVsdCUyMHZjX2J0bjMtc3R5bGUtY3VzdG9tJTIwd3BiX2N1c3RvbV82Njg3YjI2ZjM5NDg4ZGRiYjg1ZGRiM2MxY2U4ZTExMSUyMGJ0biUyMiUyMHN0eWxlJTNEJTIyYmFja2dyb3VuZC1jb2xvciUzQSUyM2UyMDAwMCUzQiUyMGNvbG9yJTNBJTIzZmZmZmZmJTNCJTIwYmFja2dyb3VuZC1jb2xvciUzQSUyM2UyMDAwMCUzQiUyMGNvbG9yJTNBJTIzZmZmZmZmJTNCJTIyJTIwaHJlZiUzRCUyMmh0dHBzJTNBJTJGJTJGd3d3LmVzcGFtb2IuY29tJTJGcGwlMkZwcmFrdHlraS16YXdvZG93ZS1lcmFzbXVzJTJGJTIyJTIwdGl0bGUlM0QlMjJTZWt0b3J5JTIwc3RhJUM1JUJDb3dlJTIyJTIwdGFyZ2V0JTNEJTIyX2JsYW5rJTIyJTNFT2RrcnlqJTIwc2VrdG9yeSUzQyUyRmElM0UlMEElM0MlMkZkaXYlM0U=[\/vc_raw_html][\/vc_column_inner][\/vc_row_inner][\/vc_column][\/vc_row][vc_row full_width=&#8221;stretch_row&#8221; wrap_container=&#8221;yes&#8221; is_section=&#8221;yes&#8221; css=&#8221;.vc_custom_1708535742194{border-top-width: 0px !important;padding-top: 15px !important;padding-bottom: 15px !important;background-color: #f8f392 !important;}&#8221; conditional_render=&#8221;%5B%7B%22value_role%22%3A%22administrator%22%7D%5D&#8221;][vc_column][vc_row_inner css=&#8221;.vc_custom_1688548648248{background-color: #f8f392 !important;}&#8221;][vc_column_inner][vc_custom_heading text=&#8221;Popro\u015b o bezp\u0142atn\u0105 wycen\u0119&#8221; font_container=&#8221;tag:h2|text_align:center&#8221; use_theme_fonts=&#8221;yes&#8221;][vc_column_text]<\/p>\n<p style=\"text-align: justify;\">Masz pomys\u0142 na projekt Erasmus+ w Hiszpanii i szukasz zaufanej agencji, kt\u00f3ra Ci\u0119 wesprze?\u00a0<strong>Espamob<\/strong>\u2019 jest tutaj, aby Ci pom\u00f3c! Oferujemy bezp\u0142atn\u0105 i niezobowi\u0105zuj\u0105c\u0105 wycen\u0119, kt\u00f3ra pomo\u017ce Ci zarz\u0105dza\u0107 projektem mobilno\u015bci. Dzi\u0119ki naszemu do\u015bwiadczeniu i sieci firm partnerskich mo\u017cemy zaoferowa\u0107 spersonalizowane wsparcie, aby spe\u0142ni\u0107 Twoje specyficzne potrzeby. Skontaktuj si\u0119 z nami ju\u017c teraz, aby om\u00f3wi\u0107 sw\u00f3j projekt i otrzyma\u0107 bezp\u0142atn\u0105 wycen\u0119.<\/p>\n<p>[\/vc_column_text]<div id=\"modal-trg-txt-wrap-9086\" class=\"ult-modal-input-wrapper ult-adjust-bottom-margin    \" data-keypress-control=\"keypress-control-enable\" data-overlay-control=\"overlay-control-enable\"><style>\n\t\t\t\t\t.btn-modal.btn-id-69e79d85c72840-86180897:hover {\n\t\t\t\t\t\tbackground-color: #e20000 !important;\n\t\t\t\t\t}\n\t\t\t\t\t<\/style><button  data-ultimate-target='#modal-trg-txt-wrap-9086 .btn-modal'  data-responsive-json-new='{\"font-size\":\"\",\"line-height\":\"\"}'  style=\"background:#888888;border-color:#888888;color:#ffffff; \" data-class-id=\"content-69e79d85c72840-86180897\" class=\"btn-modal ult-responsive btn-primary btn-modal-md overlay-show ult-align-center btn-id-69e79d85c72840-86180897\" data-overlay-class=\"overlay-cornerbottomleft\">ZAM\u00d3W BEZP\u0141ATN\u0104 WYCEN\u0118<\/button><\/div>\n<div class=\"ult-overlay content-69e79d85c72840-86180897 \" data-class=\"content-69e79d85c72840-86180897\" id=\"button-click-overlay\" style=\"background:rgba(51,51,51,0.8); display:none;\">\n\t<div class=\"ult_modal ult-fade ult-medium\">\n\t\t<div id=\"ult-modal-wrap-590\" class=\"ult_modal-content ult-hide\" style=\"border-style:solid;border-width:2px;border-radius:0px;border-color:#333333;\">\n\t\t\t<div class=\"ult_modal-header\" style=\"color:#333333;border-color:#333333;\">\n\t\t\t\t<h3  data-ultimate-target='#ult-modal-wrap-590 .ult_modal-title'  data-responsive-json-new='{\"font-size\":\"\",\"line-height\":\"\"}'  class=\"ult_modal-title ult-responsive\">ZAM\u00d3W BEZP\u0141ATN\u0104 WYCEN\u0118<\/h3>\n\t\t\t<\/div>\n\t\t\t<div  data-ultimate-target='#ult-modal-wrap-590 .ult_modal-body'  data-responsive-json-new='{\"font-size\":\"\",\"line-height\":\"\"}'  class=\"ult_modal-body ult-responsive ult-html\" style=\"\">\n\t\t\t[caldera_form id=&#8221;CF6149e02688efa&#8221;]\n\t\t\t<\/div>\n\t<\/div>\n\t<\/div>\n\t<div class=\"ult-overlay-close top-right\" style=\"width:80px;height:80px; \"><div class=\"ult-overlay-close-inside\">Close<\/div><\/div>\n<\/div>[\/vc_column_inner][\/vc_row_inner][\/vc_column][\/vc_row][vc_row wrap_container=&#8221;yes&#8221; css=&#8221;.vc_custom_1689256499740{margin-top: 15px !important;}&#8221; conditional_render=&#8221;%5B%7B%22value_role%22%3A%22administrator%22%7D%5D&#8221;][vc_column][vc_custom_heading text=&#8221;Cz\u0119sto zadawane pytania&#8221; font_container=&#8221;tag:h2|text_align:center|color:%23000000&#8243; use_theme_fonts=&#8221;yes&#8221;][vc_separator][vc_row_inner][vc_column_inner width=&#8221;7\/12&#8243;][vc_column_text]<\/p>\n<h3><span style=\"font-weight: 400;\">Jakie s\u0105 korzy\u015bci z wyboru Espamob do odbycia sta\u017cu Erasmus w Hiszpanii w dziedzinie perfumerii\u00a0?\u00a0<\/span><\/h3>\n<p><span style=\"font-weight: 400;\">Wybieraj\u0105c Espamob do odbycia sta\u017cu Erasmus w dziedzinie perfumerii w Hiszpanii, skorzystasz z wielu korzy\u015bci. Espamob posiada sie\u0107 partner\u00f3w w sektorze perfumeryjnym w Hiszpanii, co u\u0142atwi poszukiwania i przyj\u0119cie w firmach partnerskich. Ponadto Espamob zajmuje si\u0119 znalezieniem zakwaterowania na miejscu, co pozwoli Ci skoncentrowa\u0107 si\u0119 na swoim sta\u017cu. Wreszcie, Espamob oferuje kompleksowe wsparcie w tworzeniu projektu i poszukiwaniu finansowania, zapewniaj\u0105c Ci udane do\u015bwiadczenie Erasmus.\u00a0<\/span><\/p>\n<h3><span style=\"font-weight: 400;\">Jak Espamob wspiera grupy w tworzeniu ich projektu sta\u017cu Erasmusa w\u00a0 bran\u017cy perfumeryjnej w Hiszpanii\u00a0?\u00a0<\/span><\/h3>\n<p><span style=\"font-weight: 400;\">Espamob wspiera grupy w tworzeniu projektu sta\u017cu Erasmusa w\u00a0 bran\u017cy perfumeryjnej w Hiszpanii, dostarczaj\u0105c spersonalizowan\u0105 pomoc. Agencja pomo\u017ce Ci okre\u015bli\u0107 cele i wybra\u0107 najlepiej dopasowane firmy partnerskie do Twojego projektu. Espamob doradzi r\u00f3wnie\u017c na temat czasu trwania i tre\u015bci Twojego sta\u017cu, uwzgl\u0119dniaj\u0105c Twoje potrzeby I oczekiwania. Dzi\u0119ki swojej wiedzy i sieci kontakt\u00f3w Espamob zapewnia jako\u015b\u0107 projektu sta\u017cu Erasmusa w\u00a0 bran\u017cy perfumeryjnej w Hiszpanii.\u00a0<\/span><\/p>\n<h3><span style=\"font-weight: 400;\">Czy Espamob oferuje us\u0142ug\u0119 odbioru z lotniska dla grup odbywaj\u0105cych sta\u017c Erasmusa w Hiszpanii?\u00a0<\/span><\/h3>\n<p><span style=\"font-weight: 400;\">Tak, Espamob oferuje us\u0142ug\u0119 odbioru z lotniska dla grup odbywaj\u0105cych sta\u017c Erasmusa w Hiszpanii. Agencja zajmuje si\u0119 organizacj\u0105 transportu z lotniska do miejsca zakwaterowania, aby u\u0142atwi\u0107 Ci przyjazd i zapewni\u0107 ciep\u0142e przyj\u0119cie. Ta us\u0142uga pozwoli Ci szybko si\u0119 zorganizowa\u0107 i rozpocz\u0105\u0107 swoje do\u015bwiadczenie Erasmusa w\u00a0 bran\u017cy perfumeryjnej w Hiszpanii w spokoju.<\/span>[\/vc_column_text][\/vc_column_inner][vc_column_inner width=&#8221;1\/12&#8243;][\/vc_column_inner][vc_column_inner width=&#8221;4\/12&#8243;][vc_single_image image=&#8221;15074&#8243; img_size=&#8221;full&#8221;][vc_column_text]<strong>Dowiedz si\u0119 wi\u0119cej o r\u00f3\u017cnych miejscach Erasmus + w Hiszpanii:\u00a0<\/strong><\/p>\n<ul>\n<li style=\"font-weight: 400;\" aria-level=\"1\"><a href=\"https:\/\/espamob.com\/pl\/praktyki-zawodowe-erasmus\/zawody-kosmetyczne\/praktyki-erasmus-uslug-kosmetycznych\/\"><span style=\"font-weight: 400;\">Sta\u017c Erasmus w dziedzinie us\u0142ug kosmetycznych<\/span><\/a><\/li>\n<li aria-level=\"1\"><a href=\"https:\/\/espamob.com\/pl\/praktyki-zawodowe-erasmus\/zawody-kosmetyczne\/praktyki-erasmus-fryzjerstwa\/\">Sta\u017c Erasmus w dziedzinie Fryzjerstwa<\/a><\/li>\n<li aria-level=\"1\"><a href=\"https:\/\/espamob.com\/pl\/praktyki-zawodowe-erasmus\/zawody-kosmetyczne\/praktyki-erasmus-stylista-paznokci\/\">Sta\u017c Erasmus Stylista paznokci\u00a0<\/a><\/li>\n<li aria-level=\"1\"><a href=\"https:\/\/espamob.com\/pl\/praktyki-zawodowe-erasmus\/zawody-kosmetyczne\/praktyki-erasmus-kosmetologii\/\">Sta\u017c Erasmus w dziedzinie Kosmetyki\u00a0<\/a><\/li>\n<\/ul>\n<p>[\/vc_column_text][\/vc_column_inner][\/vc_row_inner][\/vc_column][\/vc_row]<\/p>\n<\/div>","protected":false},"excerpt":{"rendered":"<p>[vc_row css=&#8221;.vc_custom_1708366717786{margin-top: -20px !important;margin-bottom: 40px !important;background-image: url(https:\/\/espamob.com\/wp-content\/uploads\/2024\/02\/Perfumeria.webp?id=23578) !important;}&#8221; conditional_render=&#8221;%5B%7B%22value_role%22%3A%22administrator%22%7D%5D&#8221;][vc_column css=&#8221;.vc_custom_1687965657482{padding-top: 30px !important;}&#8221; conditional_render=&#8221;%5B%7B%22value_role%22%3A%22administrator%22%7D%5D&#8221;][vc_empty_space height=&#8221;170&#8243;][vc_custom_heading text=&#8221;Praktyki Erasmus: Bran\u017cy perfumeryjnej&#8221; font_container=&#8221;tag:h1|font_size:27|text_align:center|color:%23ffffff&#8221; use_theme_fonts=&#8221;yes&#8221; css=&#8221;.vc_custom_1708535488713{margin-bottom: 15px !important;background-color: rgba(136,136,136,0.29) !important;*background-color: rgb(136,136,136) !important;}&#8221; animation_type=&#8221;zoomIn&#8221;][vc_empty_space height=&#8221;40&#8243;][\/vc_column][\/vc_row][vc_row wrap_container=&#8221;yes&#8221; text_align=&#8221;justify&#8221;][vc_column text_align=&#8221;justify&#8221;][vc_column_text] Home Sektory sta\u017cowe Mobilno\u015b\u0107 w bran\u017cy kosmetycznej Praktyka zawodowa Erasmus: Bran\u017cy perfumeryjnej [\/vc_column_text][vc_custom_heading text=&#8221;Praktyki Erasmus w bran\u017cy perfumeryjnej: doskona\u0142a okazja dla Twojej kariery&#8221;<\/p>\n","protected":false},"author":2,"featured_media":0,"parent":13165,"menu_order":0,"comment_status":"open","ping_status":"closed","template":"","meta":{"footnotes":""},"class_list":["post-23609","page","type-page","status-publish","hentry"],"_links":{"self":[{"href":"https:\/\/espamob.com\/pl\/wp-json\/wp\/v2\/pages\/23609","targetHints":{"allow":["GET"]}}],"collection":[{"href":"https:\/\/espamob.com\/pl\/wp-json\/wp\/v2\/pages"}],"about":[{"href":"https:\/\/espamob.com\/pl\/wp-json\/wp\/v2\/types\/page"}],"author":[{"embeddable":true,"href":"https:\/\/espamob.com\/pl\/wp-json\/wp\/v2\/users\/2"}],"replies":[{"embeddable":true,"href":"https:\/\/espamob.com\/pl\/wp-json\/wp\/v2\/comments?post=23609"}],"version-history":[{"count":0,"href":"https:\/\/espamob.com\/pl\/wp-json\/wp\/v2\/pages\/23609\/revisions"}],"up":[{"embeddable":true,"href":"https:\/\/espamob.com\/pl\/wp-json\/wp\/v2\/pages\/13165"}],"wp:attachment":[{"href":"https:\/\/espamob.com\/pl\/wp-json\/wp\/v2\/media?parent=23609"}],"curies":[{"name":"wp","href":"https:\/\/api.w.org\/{rel}","templated":true}]}}