{"id":23605,"date":"2023-08-25T10:49:30","date_gmt":"2023-08-25T10:49:30","guid":{"rendered":"https:\/\/www.espamob.com\/praktyki-zawodowe-erasmus\/beaute\/stage-erasmus-cosmetique\/"},"modified":"2024-02-21T17:29:20","modified_gmt":"2024-02-21T17:29:20","slug":"praktyki-erasmus-kosmetologii","status":"publish","type":"page","link":"https:\/\/espamob.com\/pl\/praktyki-zawodowe-erasmus\/zawody-kosmetyczne\/praktyki-erasmus-kosmetologii\/","title":{"rendered":"Stage Erasmus : Cosm\u00e9tique"},"content":{"rendered":"<div class=\"wpb-content-wrapper\"><p>[vc_row css=&#8221;.vc_custom_1708366700212{margin-top: -20px !important;margin-bottom: 40px !important;background-image: url(https:\/\/espamob.com\/wp-content\/uploads\/2024\/02\/Cosmetica.webp?id=23573) !important;}&#8221; conditional_render=&#8221;%5B%7B%22value_role%22%3A%22administrator%22%7D%5D&#8221;][vc_column css=&#8221;.vc_custom_1687965657482{padding-top: 30px !important;}&#8221; conditional_render=&#8221;%5B%7B%22value_role%22%3A%22administrator%22%7D%5D&#8221;][vc_empty_space height=&#8221;170&#8243;][vc_custom_heading text=&#8221;Praktyki Erasmus: Kosmetologii&#8221; font_container=&#8221;tag:h1|font_size:27|text_align:center|color:%23ffffff&#8221; use_theme_fonts=&#8221;yes&#8221; css=&#8221;.vc_custom_1708534962340{margin-bottom: 15px !important;background-color: rgba(136,136,136,0.29) !important;*background-color: rgb(136,136,136) !important;}&#8221; animation_type=&#8221;zoomIn&#8221;][vc_empty_space height=&#8221;40&#8243;][\/vc_column][\/vc_row][vc_row wrap_container=&#8221;yes&#8221; text_align=&#8221;justify&#8221;][vc_column text_align=&#8221;justify&#8221;][vc_column_text]<\/p>\n<nav aria-label=\"breadcrumb\">\n<ol class=\"breadcrumb\">\n<li class=\"breadcrumb-item\"><a href=\"https:\/\/espamob.com\/pl\">Home<\/a><\/li>\n<li class=\"breadcrumb-item\"><a href=\"https:\/\/espamob.com\/pl\/praktyki-zawodowe-erasmus\">Sektory sta\u017cowe<\/a><\/li>\n<li class=\"breadcrumb-item active\" aria-current=\"page\"><a href=\"https:\/\/espamob.com\/pl\/praktyki-zawodowe-erasmus\/beaute\/\">Mobilno\u015b\u0107 w bran\u017cy kosmetycznej<\/a><\/li>\n<li class=\"breadcrumb-item active\" aria-current=\"page\">Praktyka zawodowa Erasmus: <span style=\"font-weight: 400;\">Kosmetologii<\/span><\/li>\n<\/ol>\n<\/nav>\n<p>[\/vc_column_text][vc_custom_heading text=&#8221;Odkryj mo\u017cliwo\u015bci oferowane przez sta\u017c Erasmus w dziedzinie Kosmetologii&#8221; use_theme_fonts=&#8221;yes&#8221; css=&#8221;.vc_custom_1708535032453{margin-top: 20px !important;}&#8221;][vc_separator][vc_row_inner][vc_column_inner width=&#8221;7\/12&#8243;][vc_column_text]<span style=\"font-weight: 400;\">Bran\u017ca kosmetyczna ci\u0105gle si\u0119 rozwija, a dla tych, kt\u00f3rzy chc\u0105 rozpocz\u0105\u0107 karier\u0119 w tym sektorze, istnieje wiele mo\u017cliwo\u015bci do wykorzystania. W\u015br\u00f3d nich sta\u017c Erasmus w dziedzinie kosmetologii oferuje wyj\u0105tkow\u0105 szans\u0119 na zdobycie cennej mi\u0119dzynarodowej praktyki i doskonalenie swoich umiej\u0119tno\u015bci zawodowych i j\u0119zykowych. W tym artykule przedstawiamy korzy\u015bci p\u0142yn\u0105ce z tego programu i jak w pe\u0142ni wykorzysta\u0107 to do\u015bwiadczenie.\u00a0<\/span><\/p>\n<h2><span style=\"font-weight: 400;\">Czym jest sta\u017c Erasmus w dziedzinie Kosmetologii?\u00a0<\/span><\/h2>\n<p><span style=\"font-weight: 400;\">Sta\u017c Erasmus w dziedzinie Kosmetologii jest cz\u0119\u015bci\u0105 programu <a href=\"https:\/\/erasmus-plus.ec.europa.eu\/pl\" target=\"_blank\" rel=\"noopener\">Erasmus+<\/a>, inicjatywy Unii Europejskiej maj\u0105cej na celu promowanie edukacji, szkole\u0144, m\u0142odzie\u017cy i sportu w Europie. Program ten umo\u017cliwia studentom i profesjonalistom odbycie sta\u017cu za granic\u0105 w dziedzinie kosmetologii, obejmuj\u0105cy obszary takie jak badania i rozw\u00f3j, produkcja, dystrybucja czy marketing produkt\u00f3w do piel\u0119gnacji urody.\u00a0<\/span><\/p>\n<h2><span style=\"font-weight: 400;\">Cele i zalety sta\u017cu Erasmus w dziedzinie Kosmetologii<\/span><\/h2>\n<h3><span style=\"font-weight: 400;\">Zdobywanie nowych umiej\u0119tno\u015bci\u00a0<\/span><\/h3>\n<p><span style=\"font-weight: 400;\">G\u0142\u00f3wnym celem sta\u017cu Erasmus w dziedzinie Kosmetologii jest umo\u017cliwienie uczestnikom zdobycia nowych umiej\u0119tno\u015bci i wiedzy w swojej dziedzinie specjalizacji. Pracuj\u0105c z mi\u0119dzynarodowymi ekspertami, maj\u0105 okazj\u0119 do poznania nowych technik i podej\u015b\u0107, rozwijaj\u0105c jednocze\u015bnie swoje umiej\u0119tno\u015bci zawodowe.\u00a0<\/span><\/p>\n<h3><span style=\"font-weight: 400;\">Poprawa umiej\u0119tno\u015bci j\u0119zykowych\u00a0<\/span><\/h3>\n<p><span style=\"font-weight: 400;\">Opr\u00f3cz umiej\u0119tno\u015bci technicznych, sta\u017c Erasmus w dziedzinie kosmetologii oferuje r\u00f3wnie\u017c wyj\u0105tkow\u0105 okazj\u0119 do poprawy umiej\u0119tno\u015bci j\u0119zykowych. \u017bycie i praca w obcym kraju pozwala na codzienne praktykowanie j\u0119zyka lokalnego i szybkie post\u0119py w nauce. Ta bieg\u0142o\u015b\u0107 j\u0119zykowa jest znacz\u0105cym atutem w kontek\u015bcie mi\u0119dzynarodowego rynku kosmetycznego.\u00a0<\/span><\/p>\n<h3><span style=\"font-weight: 400;\">Wzmacnianie sieci zawodowej\u00a0<\/span><\/h3>\n<p><span style=\"font-weight: 400;\">Wykonywanie sta\u017cu za granic\u0105 dzi\u0119ki programowi Erasmus+ to tak\u017ce doskona\u0142y spos\u00f3b na wzmocnienie swojej sieci zawodowej. Kontakty nawi\u0105zane z kolegami, partnerami i klientami podczas sta\u017cu mog\u0105 okaza\u0107 si\u0119 cenne w przysz\u0142ej karierze w bran\u017cy kosmetycznej.<\/span>[\/vc_column_text][\/vc_column_inner][vc_column_inner width=&#8221;1\/12&#8243;][\/vc_column_inner][vc_column_inner width=&#8221;4\/12&#8243;][vc_single_image image=&#8221;18450&#8243; img_size=&#8221;400*400&#8243; alignment=&#8221;right&#8221; style=&#8221;vc_box_rounded&#8221;][vc_btn title=&#8221;Zobacz wi\u0119cej&#8221; style=&#8221;custom&#8221; custom_background=&#8221;#e20000&#8243; custom_text=&#8221;#ffffff&#8221; align=&#8221;center&#8221; link=&#8221;url:https%3A%2F%2Fespamob.com%2Fpl%2Fkontakt-z-polskim-konsultantem|title:Kontakt|target:_blank&#8221;][\/vc_column_inner][\/vc_row_inner][vc_custom_heading text=&#8221;Jak maksymalizowa\u0107 korzy\u015bci ze sta\u017cu Erasmus w dziedzinie Kosmetologii?&#8221; font_container=&#8221;tag:h3|text_align:left&#8221; use_theme_fonts=&#8221;yes&#8221; css=&#8221;.vc_custom_1708535133122{margin-top: 20px !important;}&#8221;][vc_separator][vc_row_inner][vc_column_inner width=&#8221;7\/12&#8243;][vc_column_text]<\/p>\n<h3><span style=\"font-weight: 400;\">Proaktywne podej\u015bcie\u00a0<\/span><\/h3>\n<p><span style=\"font-weight: 400;\">Aby w pe\u0142ni skorzysta\u0107 ze swojego do\u015bwiadczenia Erasmus+ w bran\u017cy kosmetycznej, istotne jest proaktywne podej\u015bcie. Nie wahaj si\u0119 podejmowa\u0107 inicjatywy, proponowa\u0107 swoich pomys\u0142\u00f3w i zaanga\u017cowa\u0107 si\u0119 w pe\u0142ni w projekty, kt\u00f3re Ci s\u0105 powierzone. Taka postawa nie tylko b\u0119dzie demonstrowa\u0107 Twoj\u0105 motywacj\u0119, ale tak\u017ce otworzy drzwi do nowych mo\u017cliwo\u015bci zawodowych.\u00a0<\/span><\/p>\n<h3><span style=\"font-weight: 400;\">Bycie ciekawym i otwartym umys\u0142em\u00a0<\/span><\/h3>\n<p><span style=\"font-weight: 400;\">Sukces sta\u017cu Erasmus w dziedzinie Kosmetologii w du\u017cej mierze zale\u017cy od Twojej zdolno\u015bci do dostosowania si\u0119 do nowego \u015brodowiska i otwarto\u015bci na r\u00f3\u017cnice kulturowe. Poka\u017c si\u0119 jako ciekawa osoba, zadaj\u0105c pytania, wymieniaj\u0105c si\u0119 z kolegami i aktywnie uczestnicz\u0105c w \u017cyciu lokalnym. To podej\u015bcie pomo\u017ce Ci nie tylko lepiej zrozumie\u0107 rynek kosmetyczny kraju, ale tak\u017ce nawi\u0105za\u0107 trwa\u0142e relacje z lud\u017ami wok\u00f3\u0142 Ciebie.\u00a0<\/span><\/p>\n<h3><span style=\"font-weight: 400;\">Stawianie sobie jasnych cel\u00f3w\u00a0<\/span><\/h3>\n<p><span style=\"font-weight: 400;\">Przed rozpocz\u0119ciem sta\u017cu Erasmus w dziedzinie Kosmetologii wa\u017cne jest wyznaczenie sobie jasnych i realistycznych cel\u00f3w w zakresie zdobywania umiej\u0119tno\u015bci i wiedzy. Pomo\u017ce to utrzyma\u0107 skupienie na swoich priorytetach przez ca\u0142e do\u015bwiadczenie i oceni\u0107 sw\u00f3j post\u0119p.\u00a0<\/span><\/p>\n<h2><span style=\"font-weight: 400;\">Zawody dost\u0119pne dzi\u0119ki sta\u017cowi Erasmus w dziedzinie Kosmetologii<\/span><\/h2>\n<p><span style=\"font-weight: 400;\">W zale\u017cno\u015bci od Twoich umiej\u0119tno\u015bci i zainteresowa\u0144, sta\u017c Erasmus w dziedzinie Kosmetologii mo\u017ce przygotowa\u0107 Ci\u0119 do r\u00f3\u017cnych zawod\u00f3w w bran\u017cy urody i piel\u0119gnacji. Oto kilka przyk\u0142ad\u00f3w:\u00a0<\/span><\/p>\n<ul>\n<li style=\"font-weight: 400;\" aria-level=\"1\"><span style=\"font-weight: 400;\">Kierownik produktu kosmetycznego\u00a0<\/span><\/li>\n<li style=\"font-weight: 400;\" aria-level=\"1\"><span style=\"font-weight: 400;\">Specjalista ds. marketingu\u00a0<\/span><\/li>\n<li style=\"font-weight: 400;\" aria-level=\"1\"><span style=\"font-weight: 400;\">Pracownik dzia\u0142u badawczo-rozwojowego\u00a0<\/span><\/li>\n<li style=\"font-weight: 400;\" aria-level=\"1\"><span style=\"font-weight: 400;\">Formulator kosmetyk\u00f3w\u00a0<\/span><\/li>\n<li style=\"font-weight: 400;\" aria-level=\"1\"><span style=\"font-weight: 400;\">Specjalista ds. regulacji kosmetycznych\u00a0<\/span><\/li>\n<li style=\"font-weight: 400;\" aria-level=\"1\"><span style=\"font-weight: 400;\">Kierownik jako\u015bci\u00a0<\/span><\/li>\n<li style=\"font-weight: 400;\" aria-level=\"1\"><span style=\"font-weight: 400;\">Przedstawiciel handlowy eksportu\u00a0<\/span><\/li>\n<\/ul>\n<p><span style=\"font-weight: 400;\"><strong>Podsumowuj\u0105c, sta\u017c Erasmus w dziedzinie Kosmetologii stanowi wyj\u0105tkow\u0105 okazj\u0119 dla tych, kt\u00f3rzy pragn\u0105 rozpocz\u0105\u0107 karier\u0119 w bran\u017cy urody i piel\u0119gnacji.<\/strong> Korzystaj\u0105c z tego mi\u0119dzynarodowego do\u015bwiadczenia, mo\u017cesz zdoby\u0107 nowe umiej\u0119tno\u015bci, poszerzy\u0107 swoj\u0105 sie\u0107 zawodow\u0105, zwi\u0119kszaj\u0105c tym samym szanse na sukces w tej dynamicznie rozwijaj\u0105cej si\u0119 bran\u017cy.<\/span>[\/vc_column_text][\/vc_column_inner][vc_column_inner width=&#8221;1\/12&#8243;][\/vc_column_inner][vc_column_inner width=&#8221;4\/12&#8243;][vc_raw_html]JTNDZGl2JTIwc3R5bGUlM0QlMjJwYWRkaW5nJTNBJTIwMzBweCUzQmJhY2tncm91bmQtY29sb3IlM0ElMjAlMjNGNEY0RjQlM0IlMjIlM0UlMEElMjAlMjAlMjAlMjAlM0NoNCUzRU9ka3J5aiUyMHdzenlzdGtpZSUyMHNla3RvcnklMjBwcmFrdHlrJTNDJTJGaDQlM0UlMEElMjAlMjAlMjAlMjAlM0NwJTNFRXNwYW1vYiUyMHNwZWNqYWxpenVqZSUyMHNpJUM0JTk5JTIwdyUyMHBvbWFnYW5pdSUyMGdydXBvbSUyMHclMjBtb2JpbG5vJUM1JTlCY2klMjB3JTIwcmFtYWNoJTIwcHJvZ3JhbXUlMjBFcmFzbXVzJTIwJTJCLiUyMERvd2llZHolMjBzaSVDNCU5OSUyMG8lMjB3c3p5c3RraWNoJTIwc2VrdG9yYWNoJTIwcHJha3R5ayUyMEVyYXNtdXMlMjB3JTIwSGlzenBhbmlpJTIwemElMjBwb21vYyVDNCU4NSUyMGtpbGt1JTIwa2xpa25pJUM0JTk5JUM0JTg3LiUzQyUyRnAlM0UlMEElMjAlMjAlMjAlMjAlM0NhJTIwY2xhc3MlM0QlMjJ2Y19nZW5lcmFsJTIwdmNfYnRuMyUyMHZjX2J0bjMtc2l6ZS1tZCUyMHZjX2J0bjMtc2hhcGUtZGVmYXVsdCUyMHZjX2J0bjMtc3R5bGUtY3VzdG9tJTIwd3BiX2N1c3RvbV82Njg3YjI2ZjM5NDg4ZGRiYjg1ZGRiM2MxY2U4ZTExMSUyMGJ0biUyMiUyMHN0eWxlJTNEJTIyYmFja2dyb3VuZC1jb2xvciUzQSUyM2UyMDAwMCUzQiUyMGNvbG9yJTNBJTIzZmZmZmZmJTNCJTIwYmFja2dyb3VuZC1jb2xvciUzQSUyM2UyMDAwMCUzQiUyMGNvbG9yJTNBJTIzZmZmZmZmJTNCJTIyJTIwaHJlZiUzRCUyMmh0dHBzJTNBJTJGJTJGd3d3LmVzcGFtb2IuY29tJTJGcGwlMkZwcmFrdHlraS16YXdvZG93ZS1lcmFzbXVzJTJGJTIyJTIwdGl0bGUlM0QlMjJTZWt0b3J5JTIwc3RhJUM1JUJDb3dlJTIyJTIwdGFyZ2V0JTNEJTIyX2JsYW5rJTIyJTNFT2RrcnlqJTIwc2VrdG9yeSUzQyUyRmElM0UlMEElM0MlMkZkaXYlM0U=[\/vc_raw_html][\/vc_column_inner][\/vc_row_inner][\/vc_column][\/vc_row][vc_row full_width=&#8221;stretch_row&#8221; wrap_container=&#8221;yes&#8221; is_section=&#8221;yes&#8221; css=&#8221;.vc_custom_1708535241288{border-top-width: 0px !important;padding-top: 15px !important;padding-bottom: 15px !important;background-color: #f8f392 !important;}&#8221; conditional_render=&#8221;%5B%7B%22value_role%22%3A%22administrator%22%7D%5D&#8221;][vc_column][vc_row_inner css=&#8221;.vc_custom_1688548648248{background-color: #f8f392 !important;}&#8221;][vc_column_inner][vc_custom_heading text=&#8221;Popro\u015b o bezp\u0142atn\u0105 wycen\u0119&#8221; font_container=&#8221;tag:h2|text_align:center&#8221; use_theme_fonts=&#8221;yes&#8221;][vc_column_text]<\/p>\n<p style=\"text-align: justify;\">Masz pomys\u0142 na projekt Erasmus+ w Hiszpanii i szukasz zaufanej agencji, kt\u00f3ra Ci\u0119 wesprze?\u00a0<strong>Espamob<\/strong>\u2019 jest tutaj, aby Ci pom\u00f3c! Oferujemy bezp\u0142atn\u0105 i niezobowi\u0105zuj\u0105c\u0105 wycen\u0119, kt\u00f3ra pomo\u017ce Ci zarz\u0105dza\u0107 projektem mobilno\u015bci. Dzi\u0119ki naszemu do\u015bwiadczeniu i sieci firm partnerskich mo\u017cemy zaoferowa\u0107 spersonalizowane wsparcie, aby spe\u0142ni\u0107 Twoje specyficzne potrzeby. Skontaktuj si\u0119 z nami ju\u017c teraz, aby om\u00f3wi\u0107 sw\u00f3j projekt i otrzyma\u0107 bezp\u0142atn\u0105 wycen\u0119.<\/p>\n<p>[\/vc_column_text]<div id=\"modal-trg-txt-wrap-5739\" class=\"ult-modal-input-wrapper ult-adjust-bottom-margin    \" data-keypress-control=\"keypress-control-enable\" data-overlay-control=\"overlay-control-enable\"><style>\n\t\t\t\t\t.btn-modal.btn-id-69e7a03baa09d5-51039468:hover {\n\t\t\t\t\t\tbackground-color: #e20000 !important;\n\t\t\t\t\t}\n\t\t\t\t\t<\/style><button  data-ultimate-target='#modal-trg-txt-wrap-5739 .btn-modal'  data-responsive-json-new='{\"font-size\":\"\",\"line-height\":\"\"}'  style=\"background:#888888;border-color:#888888;color:#ffffff; \" data-class-id=\"content-69e7a03baa09d5-51039468\" class=\"btn-modal ult-responsive btn-primary btn-modal-md overlay-show ult-align-center btn-id-69e7a03baa09d5-51039468\" data-overlay-class=\"overlay-cornerbottomleft\">ZAM\u00d3W BEZP\u0141ATN\u0104 WYCEN\u0118<\/button><\/div>\n<div class=\"ult-overlay content-69e7a03baa09d5-51039468 \" data-class=\"content-69e7a03baa09d5-51039468\" id=\"button-click-overlay\" style=\"background:rgba(51,51,51,0.8); display:none;\">\n\t<div class=\"ult_modal ult-fade ult-medium\">\n\t\t<div id=\"ult-modal-wrap-3025\" class=\"ult_modal-content ult-hide\" style=\"border-style:solid;border-width:2px;border-radius:0px;border-color:#333333;\">\n\t\t\t<div class=\"ult_modal-header\" style=\"color:#333333;border-color:#333333;\">\n\t\t\t\t<h3  data-ultimate-target='#ult-modal-wrap-3025 .ult_modal-title'  data-responsive-json-new='{\"font-size\":\"\",\"line-height\":\"\"}'  class=\"ult_modal-title ult-responsive\">ZAM\u00d3W BEZP\u0141ATN\u0104 WYCEN\u0118<\/h3>\n\t\t\t<\/div>\n\t\t\t<div  data-ultimate-target='#ult-modal-wrap-3025 .ult_modal-body'  data-responsive-json-new='{\"font-size\":\"\",\"line-height\":\"\"}'  class=\"ult_modal-body ult-responsive ult-html\" style=\"\">\n\t\t\t<\/p>\n<p>[caldera_form id=&#8221;CF6149e02688efa&#8221;]<\/p>\n<p>\n\t\t\t<\/div>\n\t<\/div>\n\t<\/div>\n\t<div class=\"ult-overlay-close top-right\" style=\"width:80px;height:80px; \"><div class=\"ult-overlay-close-inside\">Close<\/div><\/div>\n<\/div>[\/vc_column_inner][\/vc_row_inner][\/vc_column][\/vc_row][vc_row wrap_container=&#8221;yes&#8221; css=&#8221;.vc_custom_1689256499740{margin-top: 15px !important;}&#8221; conditional_render=&#8221;%5B%7B%22value_role%22%3A%22administrator%22%7D%5D&#8221;][vc_column][vc_custom_heading text=&#8221;Cz\u0119sto zadawane pytania&#8221; font_container=&#8221;tag:h2|text_align:center|color:%23000000&#8243; use_theme_fonts=&#8221;yes&#8221;][vc_separator][vc_row_inner][vc_column_inner width=&#8221;7\/12&#8243;][vc_column_text]<\/p>\n<h3><span style=\"font-weight: 400;\">Jaki jest cel skorzystania z us\u0142ug Espamob w celu odbycia sta\u017cu Erasmus w dziedzinie kosmetologii?\u00a0<\/span><\/h3>\n<p><span style=\"font-weight: 400;\">Korzy\u015bci\u0105 wynikaj\u0105c\u0105 z korzystania z us\u0142ug Espamob w celu odbycia sta\u017cu Erasmus w kosmetologii jest fakt, \u017ce agencja ta posiada sie\u0107 partner\u00f3w w tej konkretnej bran\u017cy. Dzi\u0119ki temu b\u0119dzie w stanie pom\u00f3c Ci znale\u017a\u0107 partner\u00f3w biznesowych w dziedzinie kosmetologii w Hiszpanii, co umo\u017cliwi Ci zdobycie do\u015bwiadczenia zawodowego w swojej dziedzinie studi\u00f3w.<\/span><\/p>\n<h3><span style=\"font-weight: 400;\">Jak Espamob mo\u017ce mi pom\u00f3c w sfinansowaniu mojego sta\u017cu Erasmus w kosmetologii?\u00a0<\/span><\/h3>\n<p><span style=\"font-weight: 400;\">Espamob mo\u017ce pom\u00f3c Ci w sfinansowaniu sta\u017cu Erasmusa w kosmetologii, wspieraj\u0105c Ci\u0119 w poszukiwaniu funduszy. Agencja ta posiada wiedz\u0119 i zasoby, kt\u00f3re pozwol\u0105 Ci zorientowa\u0107 si\u0119 w r\u00f3\u017cnych dost\u0119pnych mo\u017cliwo\u015bciach finansowania, takich jak stypendia Erasmus+ lub inne \u015brodki finansowe specyficzne dla Twojej dziedziny studi\u00f3w.<\/span><\/p>\n<h3><span style=\"font-weight: 400;\">Czy Espamob zajmuje si\u0119 r\u00f3wnie\u017c zakwaterowaniem podczas mojego sta\u017cu Erasmusa w kosmetologii?\u00a0<\/span><\/h3>\n<p><span style=\"font-weight: 400;\">Tak, Espamob zajmuje si\u0119 r\u00f3wnie\u017c zakwaterowaniem podczas Twojego sta\u017cu Erasmus w kosmetologii. Agencja dba o znalezienie odpowiednich miejsc noclegowych dostosowanych do Twoich potrzeb i bud\u017cetu, czy to w akademiku, wsp\u00f3lnym mieszkaniu czy w rodzinie goszcz\u0105cej. Nie b\u0119dziesz wi\u0119c musia\u0142 martwi\u0107 si\u0119 o t\u0119 cz\u0119\u015b\u0107 logistyczn\u0105 i b\u0119dziesz m\u00f3g\u0142 skoncentrowa\u0107 si\u0119 w pe\u0142ni na swoim do\u015bwiadczeniu zawodowym w dziedzinie kosmetologii.<\/span>[\/vc_column_text][\/vc_column_inner][vc_column_inner width=&#8221;1\/12&#8243;][\/vc_column_inner][vc_column_inner width=&#8221;4\/12&#8243;][vc_single_image image=&#8221;15074&#8243; img_size=&#8221;full&#8221;][vc_column_text]<strong>Dowiedz si\u0119 wi\u0119cej o r\u00f3\u017cnych miejscach Erasmus + w Hiszpanii:\u00a0<\/strong><\/p>\n<ul>\n<li style=\"font-weight: 400;\" aria-level=\"1\"><a href=\"https:\/\/espamob.com\/pl\/praktyki-zawodowe-erasmus\/zawody-kosmetyczne\/praktyki-erasmus-uslug-kosmetycznych\/\"><span style=\"font-weight: 400;\">Sta\u017c Erasmus w dziedzinie us\u0142ug kosmetycznych<\/span><\/a><\/li>\n<li aria-level=\"1\"><a href=\"https:\/\/espamob.com\/pl\/praktyki-zawodowe-erasmus\/zawody-kosmetyczne\/praktyki-erasmus-fryzjerstwa\/\">Sta\u017c Erasmus w dziedzinie Fryzjerstwa<\/a><\/li>\n<li aria-level=\"1\"><a href=\"https:\/\/espamob.com\/pl\/praktyki-zawodowe-erasmus\/zawody-kosmetyczne\/praktyki-erasmus-stylista-paznokci\/\">Sta\u017c Erasmus Stylista paznokci\u00a0<\/a><\/li>\n<li style=\"font-weight: 400;\" aria-level=\"1\"><a href=\"https:\/\/espamob.com\/pl\/praktyki-zawodowe-erasmus\/zawody-kosmetyczne\/praktyki-erasmus-branzy-perfumeryjnej\/\"><span style=\"font-weight: 400;\">Sta\u017c Erasmus w\u00a0 bran\u017cy perfumeryjnej<\/span><\/a><\/li>\n<\/ul>\n<p>[\/vc_column_text][\/vc_column_inner][\/vc_row_inner][\/vc_column][\/vc_row]<\/p>\n<\/div>","protected":false},"excerpt":{"rendered":"<p>[vc_row css=&#8221;.vc_custom_1708366700212{margin-top: -20px !important;margin-bottom: 40px !important;background-image: url(https:\/\/espamob.com\/wp-content\/uploads\/2024\/02\/Cosmetica.webp?id=23573) !important;}&#8221; conditional_render=&#8221;%5B%7B%22value_role%22%3A%22administrator%22%7D%5D&#8221;][vc_column css=&#8221;.vc_custom_1687965657482{padding-top: 30px !important;}&#8221; conditional_render=&#8221;%5B%7B%22value_role%22%3A%22administrator%22%7D%5D&#8221;][vc_empty_space height=&#8221;170&#8243;][vc_custom_heading text=&#8221;Praktyki Erasmus: Kosmetologii&#8221; font_container=&#8221;tag:h1|font_size:27|text_align:center|color:%23ffffff&#8221; use_theme_fonts=&#8221;yes&#8221; css=&#8221;.vc_custom_1708534962340{margin-bottom: 15px !important;background-color: rgba(136,136,136,0.29) !important;*background-color: rgb(136,136,136) !important;}&#8221; animation_type=&#8221;zoomIn&#8221;][vc_empty_space height=&#8221;40&#8243;][\/vc_column][\/vc_row][vc_row wrap_container=&#8221;yes&#8221; text_align=&#8221;justify&#8221;][vc_column text_align=&#8221;justify&#8221;][vc_column_text] Home Sektory sta\u017cowe Mobilno\u015b\u0107 w bran\u017cy kosmetycznej Praktyka zawodowa Erasmus: Kosmetologii [\/vc_column_text][vc_custom_heading text=&#8221;Odkryj mo\u017cliwo\u015bci oferowane przez sta\u017c Erasmus w dziedzinie Kosmetologii&#8221; use_theme_fonts=&#8221;yes&#8221; css=&#8221;.vc_custom_1708535032453{margin-top: 20px<\/p>\n","protected":false},"author":2,"featured_media":0,"parent":13165,"menu_order":0,"comment_status":"open","ping_status":"closed","template":"","meta":{"footnotes":""},"class_list":["post-23605","page","type-page","status-publish","hentry"],"_links":{"self":[{"href":"https:\/\/espamob.com\/pl\/wp-json\/wp\/v2\/pages\/23605","targetHints":{"allow":["GET"]}}],"collection":[{"href":"https:\/\/espamob.com\/pl\/wp-json\/wp\/v2\/pages"}],"about":[{"href":"https:\/\/espamob.com\/pl\/wp-json\/wp\/v2\/types\/page"}],"author":[{"embeddable":true,"href":"https:\/\/espamob.com\/pl\/wp-json\/wp\/v2\/users\/2"}],"replies":[{"embeddable":true,"href":"https:\/\/espamob.com\/pl\/wp-json\/wp\/v2\/comments?post=23605"}],"version-history":[{"count":0,"href":"https:\/\/espamob.com\/pl\/wp-json\/wp\/v2\/pages\/23605\/revisions"}],"up":[{"embeddable":true,"href":"https:\/\/espamob.com\/pl\/wp-json\/wp\/v2\/pages\/13165"}],"wp:attachment":[{"href":"https:\/\/espamob.com\/pl\/wp-json\/wp\/v2\/media?parent=23605"}],"curies":[{"name":"wp","href":"https:\/\/api.w.org\/{rel}","templated":true}]}}