{"id":23601,"date":"2023-08-25T10:49:30","date_gmt":"2023-08-25T10:49:30","guid":{"rendered":"https:\/\/www.espamob.com\/praktyki-zawodowe-erasmus\/beaute\/stage-erasmus-manucure\/"},"modified":"2024-05-15T07:30:21","modified_gmt":"2024-05-15T07:30:21","slug":"praktyki-erasmus-stylista-paznokci","status":"publish","type":"page","link":"https:\/\/espamob.com\/pl\/praktyki-zawodowe-erasmus\/zawody-kosmetyczne\/praktyki-erasmus-stylista-paznokci\/","title":{"rendered":"Stage Erasmus : Manucure"},"content":{"rendered":"<div class=\"wpb-content-wrapper\"><p>[vc_row css=&#8221;.vc_custom_1708366679073{margin-top: -20px !important;margin-bottom: 40px !important;background-image: url(https:\/\/espamob.com\/wp-content\/uploads\/2024\/02\/Manicura-Pedicura.webp?id=23568) !important;}&#8221; conditional_render=&#8221;%5B%7B%22value_role%22%3A%22administrator%22%7D%5D&#8221;][vc_column css=&#8221;.vc_custom_1687965657482{padding-top: 30px !important;}&#8221; conditional_render=&#8221;%5B%7B%22value_role%22%3A%22administrator%22%7D%5D&#8221;][vc_empty_space height=&#8221;170&#8243;][vc_custom_heading text=&#8221;Praktyki Erasmus: Stylista paznokci&#8221; font_container=&#8221;tag:h1|font_size:27|text_align:center|color:%23ffffff&#8221; use_theme_fonts=&#8221;yes&#8221; css=&#8221;.vc_custom_1708534109651{margin-bottom: 15px !important;background-color: rgba(136,136,136,0.29) !important;*background-color: rgb(136,136,136) !important;}&#8221; animation_type=&#8221;zoomIn&#8221;][vc_empty_space height=&#8221;40&#8243;][\/vc_column][\/vc_row][vc_row wrap_container=&#8221;yes&#8221; text_align=&#8221;justify&#8221;][vc_column text_align=&#8221;justify&#8221;][vc_column_text]<\/p>\n<nav aria-label=\"breadcrumb\">\n<ol class=\"breadcrumb\">\n<li class=\"breadcrumb-item\"><a href=\"https:\/\/espamob.com\/pl\">Home<\/a><\/li>\n<li class=\"breadcrumb-item\"><a href=\"https:\/\/espamob.com\/pl\/praktyki-zawodowe-erasmus\">Sektory sta\u017cowe<\/a><\/li>\n<li class=\"breadcrumb-item active\" aria-current=\"page\"><a href=\"https:\/\/espamob.com\/pl\/praktyki-zawodowe-erasmus\/beaute\/\">Mobilno\u015b\u0107 w bran\u017cy kosmetycznej<\/a><\/li>\n<li class=\"breadcrumb-item active\" aria-current=\"page\">Praktyka zawodowa Erasmus: <span style=\"font-weight: 400;\">Stylista paznokci<\/span><\/li>\n<\/ol>\n<\/nav>\n<p>[\/vc_column_text][vc_custom_heading text=&#8221;Sta\u017c Erasmus w dziedzinie stylizacji paznokci: Rozwijaj swoje umiej\u0119tno\u015bci na arenie mi\u0119dzynarodowej&#8221; use_theme_fonts=&#8221;yes&#8221; css=&#8221;.vc_custom_1715757945239{margin-top: 20px !important;}&#8221;][vc_separator][vc_row_inner][vc_column_inner width=&#8221;7\/12&#8243;][vc_column_text]W dziedzinie urody i wellnessu uczniowie zajmuj\u0105cy si\u0119 stylistyk\u0105 paznokci (manicure\/pedicure) stale d\u0105\u017c\u0105 do doskonalenia i ulepszania swoich umiej\u0119tno\u015bci. Sta\u017c Erasmus w tej dziedzinie stanowi wi\u0119c wyj\u0105tkow\u0105 okazj\u0119 do wyr\u00f3\u017cnienia si\u0119 na rynku pracy.<\/p>\n<h2>Czym jest sta\u017c Erasmus w dziedzinie stylizacji paznokci?<\/h2>\n<p><b><\/b>Sta\u017c Erasmus w dziedzinie stylizacji paznokci to program mobilno\u015bci europejskiej skierowany do uczni\u00f3w bran\u017cy kosmetycznej, kt\u00f3rzy chc\u0105 specjalizowa\u0107 si\u0119 w zdobieniu paznokci. Program ten umo\u017cliwia uczniom odbycie sta\u017cu w zagranicznym instytucie. Jest to cz\u0119\u015b\u0107 programu Erasmus+, kt\u00f3ry ma na celu promowanie wsp\u00f3\u0142pracy mi\u0119dzy instytutami szkolnictwa a przedsi\u0119biorstwami poprzez profesjonalne sta\u017ce.<\/p>\n<h3>Cele sta\u017cu Erasmus w dziedzinie stylizacji paznokci<\/h3>\n<p><span class=\"im\">G\u0142\u00f3wne cele tego sta\u017cu Erasmus to:<br \/>\n<\/span><\/p>\n<ul>\n<li>Zapewnienie uczniom mi\u0119dzynarodowego do\u015bwiadczenia zawodowego.<\/li>\n<li>Pozwolenie im zapozna\u0107 si\u0119 z technikami i metodami pracy stosowanymi w europejskich instytutach.<\/li>\n<li>Poprawa ich umiej\u0119tno\u015bci j\u0119zykowych.<\/li>\n<li>Poznanie nowych technik i trend\u00f3w.<\/li>\n<\/ul>\n<h3>Finansowanie sta\u017cu Erasmus w dziedzinie stylizacji paznokci<\/h3>\n<p><b><\/b>Sta\u017c Erasmus w dziedzinie stylizacji paznokci jest cz\u0119\u015bciowo finansowany przez program Erasmus+, co pozwala uczniom otrzyma\u0107 stypendium na pokrycie koszt\u00f3w utrzymania, takich jak zakwaterowanie i transport. Mog\u0105 r\u00f3wnie\u017c ubiega\u0107 si\u0119 o dodatkowe wsparcie finansowe u okre\u015blonych organizacji lub samorz\u0105d\u00f3w terytorialnych.[\/vc_column_text][\/vc_column_inner][vc_column_inner width=&#8221;1\/12&#8243;][\/vc_column_inner][vc_column_inner width=&#8221;4\/12&#8243;][vc_single_image image=&#8221;18460&#8243; img_size=&#8221;400*400&#8243; alignment=&#8221;right&#8221; style=&#8221;vc_box_rounded&#8221;][vc_btn title=&#8221;Zobacz wi\u0119cej&#8221; style=&#8221;custom&#8221; custom_background=&#8221;#e20000&#8243; custom_text=&#8221;#ffffff&#8221; align=&#8221;center&#8221; link=&#8221;url:https%3A%2F%2Fespamob.com%2Fpl%2Fkontakt-z-polskim-konsultantem|title:Kontakt|target:_blank&#8221;][\/vc_column_inner][\/vc_row_inner][vc_custom_heading text=&#8221;Jak najlepiej przygotowa\u0107 si\u0119 do praktyk Erasmus jako stylista paznokci?&#8221; font_container=&#8221;tag:h3|text_align:left&#8221; use_theme_fonts=&#8221;yes&#8221; css=&#8221;.vc_custom_1708534545395{margin-top: 20px !important;}&#8221;][vc_separator][vc_row_inner][vc_column_inner width=&#8221;7\/12&#8243;][vc_column_text]Oto konkretna relacja uczennicy bran\u017cy kosmetycznej, specjalizuj\u0105cej si\u0119 w stylistyce paznokci, aby zilustrowa\u0107 mo\u017cliwo\u015bci oferowane przez program Erasmus Plus w Hiszpanii,<\/p>\n<h3>Profil ucznia<\/h3>\n<div>Marie, 20 lat, jest uczennic\u0105 drugiego roku nauki w zakresie kosmetyki we francuskim Centrum Kszta\u0142cenia Zawodowego. Jej szko\u0142a zdecydowa\u0142a si\u0119 da\u0107 jej szans\u0119 na wyjazd w ramach mobilno\u015bci Erasmusa na tydzie\u0144, aby pozna\u0142a praktyki i metody hiszpa\u0144skiego salonu.<\/div>\n<div><\/div>\n<h3><span class=\"im\">Miejsce sta\u017cu<\/span><\/h3>\n<div><span class=\"im\">Dla Marie jest to kierunek Barcelona! Zesp\u00f3\u0142 Espamob znalaz\u0142 przedsi\u0119biorstwo specjalizuj\u0105ce si\u0119 w tej dziedzinie, gotowe j\u0105 przyj\u0105\u0107 i przekaza\u0107 jej hiszpa\u0144skie know-how.<\/span><\/div>\n<div><\/div>\n<h3><span class=\"im\">Zadania podczas sta\u017cu<\/span><\/h3>\n<ul>\n<li>Organizacja i porz\u0105dkowanie salonu.<\/li>\n<li>Aplikacja p\u00f3\u0142trwa\u0142ego lakieru.<\/li>\n<li>Masa\u017ce d\u0142oni i st\u00f3p.<\/li>\n<li>Peeling d\u0142oni i st\u00f3p.<\/li>\n<li>Zapewnienie dobrego samopoczucia klienta podczas zabieg\u00f3w.<\/li>\n<\/ul>\n<h3>Wyniki sta\u017cu<\/h3>\n<div><b><\/b>Tydzie\u0144 szybko min\u0105\u0142 dla Marie, kt\u00f3ra chcia\u0142aby zosta\u0107 d\u0142u\u017cej, aby nadal si\u0119 uczy\u0107. W tym barcelo\u0144skim salonie mog\u0142a obserwowa\u0107 i praktykowa\u0107 swoje umiej\u0119tno\u015bci, wspierana przez swoj\u0105 opiekunk\u0119, kt\u00f3ra by\u0142a zawsze\u00a0\u00a0obecna, gdy by\u0142a potrzebna. Opr\u00f3cz poprawy swojej metody, mog\u0142a r\u00f3wnie\u017c doskonali\u0107 swoje umiej\u0119tno\u015bci j\u0119zykowe, pracuj\u0105c codziennie obok zespo\u0142u, kt\u00f3ry nie dzieli\u0142 jej ojczystego j\u0119zyka.<\/div>\n<div><\/div>\n<h2>Korzy\u015bci sta\u017cu Erasmus w dziedzinie stylizacji paznokci<\/h2>\n<div><\/div>\n<div><b><\/b><span class=\"im\">Wybieraj\u0105c sta\u017c w Hiszpanii w ramach programu Erasmus +, korzystasz z licznych korzy\u015bci:<br \/>\n<\/span><\/div>\n<div>\n<ul>\n<li>Podniesienie umiej\u0119tno\u015bci technicznych poprzez nauk\u0119 nowych metod pracy od do\u015bwiadczonych profesjonalist\u00f3w.<\/li>\n<li>Rozw\u00f3j poziomu j\u0119zyka (hiszpa\u0144skiego i angielskiego) poprzez codzienne praktykowanie w kontek\u015bcie zawodowym.<\/li>\n<li>Poszerzenie sieci kontakt\u00f3w poprzez spotkanie z profesjonalistami i studentami z ca\u0142ej Europy.<\/li>\n<li>Zdobycie warto\u015bciowego do\u015bwiadczenia zawodowego, kt\u00f3re wzbogaci Twoje CV i wyr\u00f3\u017cni Ci\u0119 w\u015br\u00f3d przysz\u0142ych pracodawc\u00f3w.<\/li>\n<\/ul>\n<p>Podsumowuj\u0105c, ten sta\u017c stanowi cenn\u0105 okazj\u0119 dla student\u00f3w i praktykant\u00f3w pragn\u0105cych specjalizowa\u0107 si\u0119 w estetyce jako stylista paznokci. Nie przegap tej szansy i ju\u017c teraz dowiedz si\u0119 wi\u0119cej, aby zorganizowa\u0107 idealn\u0105 mobilno\u015b\u0107 dla swoich praktykant\u00f3w.<\/p>\n<\/div>\n<p>[\/vc_column_text][\/vc_column_inner][vc_column_inner width=&#8221;1\/12&#8243;][\/vc_column_inner][vc_column_inner width=&#8221;4\/12&#8243;][vc_raw_html]JTNDZGl2JTIwc3R5bGUlM0QlMjJwYWRkaW5nJTNBJTIwMzBweCUzQmJhY2tncm91bmQtY29sb3IlM0ElMjAlMjNGNEY0RjQlM0IlMjIlM0UlMEElMjAlMjAlMjAlMjAlM0NoNCUzRU9ka3J5aiUyMHdzenlzdGtpZSUyMHNla3RvcnklMjBwcmFrdHlrJTNDJTJGaDQlM0UlMEElMjAlMjAlMjAlMjAlM0NwJTNFRXNwYW1vYiUyMHNwZWNqYWxpenVqZSUyMHNpJUM0JTk5JTIwdyUyMHBvbWFnYW5pdSUyMGdydXBvbSUyMHclMjBtb2JpbG5vJUM1JTlCY2klMjB3JTIwcmFtYWNoJTIwcHJvZ3JhbXUlMjBFcmFzbXVzJTIwJTJCLiUyMERvd2llZHolMjBzaSVDNCU5OSUyMG8lMjB3c3p5c3RraWNoJTIwc2VrdG9yYWNoJTIwcHJha3R5ayUyMEVyYXNtdXMlMjB3JTIwSGlzenBhbmlpJTIwemElMjBwb21vYyVDNCU4NSUyMGtpbGt1JTIwa2xpa25pJUM0JTk5JUM0JTg3LiUzQyUyRnAlM0UlMEElMjAlMjAlMjAlMjAlM0NhJTIwY2xhc3MlM0QlMjJ2Y19nZW5lcmFsJTIwdmNfYnRuMyUyMHZjX2J0bjMtc2l6ZS1tZCUyMHZjX2J0bjMtc2hhcGUtZGVmYXVsdCUyMHZjX2J0bjMtc3R5bGUtY3VzdG9tJTIwd3BiX2N1c3RvbV82Njg3YjI2ZjM5NDg4ZGRiYjg1ZGRiM2MxY2U4ZTExMSUyMGJ0biUyMiUyMHN0eWxlJTNEJTIyYmFja2dyb3VuZC1jb2xvciUzQSUyM2UyMDAwMCUzQiUyMGNvbG9yJTNBJTIzZmZmZmZmJTNCJTIwYmFja2dyb3VuZC1jb2xvciUzQSUyM2UyMDAwMCUzQiUyMGNvbG9yJTNBJTIzZmZmZmZmJTNCJTIyJTIwaHJlZiUzRCUyMmh0dHBzJTNBJTJGJTJGd3d3LmVzcGFtb2IuY29tJTJGcGwlMkZwcmFrdHlraS16YXdvZG93ZS1lcmFzbXVzJTJGJTIyJTIwdGl0bGUlM0QlMjJTZWt0b3J5JTIwc3RhJUM1JUJDb3dlJTIyJTIwdGFyZ2V0JTNEJTIyX2JsYW5rJTIyJTNFT2RrcnlqJTIwc2VrdG9yeSUzQyUyRmElM0UlMEElM0MlMkZkaXYlM0U=[\/vc_raw_html][vc_custom_heading text=&#8221;Odkryj opinie uczestnik\u00f3w programu Erasmus +:&#8221; font_container=&#8221;tag:h3|text_align:left&#8221; use_theme_fonts=&#8221;yes&#8221;][vc_separator][vc_column_text]<\/p>\n<blockquote class=\"instagram-media\" data-instgrm-permalink=\"https:\/\/www.instagram.com\/reel\/C6OwCJIsb3L\/?utm_source=ig_embed&amp;utm_campaign=loading\" data-instgrm-version=\"14\" style=\" background:#FFF; border:0; border-radius:3px; box-shadow:0 0 1px 0 rgba(0,0,0,0.5),0 1px 10px 0 rgba(0,0,0,0.15); margin: 1px; max-width:540px; min-width:326px; padding:0; width:99.375%; width:-webkit-calc(100% - 2px); width:calc(100% - 2px);\">\n<div style=\"padding:16px;\">\n<p> <a href=\"https:\/\/www.instagram.com\/reel\/C6OwCJIsb3L\/?utm_source=ig_embed&amp;utm_campaign=loading\" style=\" background:#FFFFFF; line-height:0; padding:0 0; text-align:center; text-decoration:none; width:100%;\" target=\"_blank\" rel=\"noopener\"><\/p>\n<div style=\" display: flex; flex-direction: row; align-items: center;\">\n<div style=\"background-color: #F4F4F4; border-radius: 50%; flex-grow: 0; height: 40px; margin-right: 14px; width: 40px;\"><\/div>\n<div style=\"display: flex; flex-direction: column; flex-grow: 1; justify-content: center;\">\n<div style=\" background-color: #F4F4F4; border-radius: 4px; flex-grow: 0; height: 14px; margin-bottom: 6px; width: 100px;\"><\/div>\n<div style=\" background-color: #F4F4F4; border-radius: 4px; flex-grow: 0; height: 14px; width: 60px;\"><\/div>\n<\/div>\n<\/div>\n<div style=\"padding: 19% 0;\"><\/div>\n<div style=\"display:block; height:50px; margin:0 auto 12px; width:50px;\"><svg width=\"50px\" height=\"50px\" viewBox=\"0 0 60 60\" version=\"1.1\" xmlns=\"https:\/\/www.w3.org\/2000\/svg\" xmlns:xlink=\"https:\/\/www.w3.org\/1999\/xlink\"><g stroke=\"none\" stroke-width=\"1\" fill=\"none\" fill-rule=\"evenodd\"><g transform=\"translate(-511.000000, -20.000000)\" fill=\"#000000\"><g><path d=\"M556.869,30.41 C554.814,30.41 553.148,32.076 553.148,34.131 C553.148,36.186 554.814,37.852 556.869,37.852 C558.924,37.852 560.59,36.186 560.59,34.131 C560.59,32.076 558.924,30.41 556.869,30.41 M541,60.657 C535.114,60.657 530.342,55.887 530.342,50 C530.342,44.114 535.114,39.342 541,39.342 C546.887,39.342 551.658,44.114 551.658,50 C551.658,55.887 546.887,60.657 541,60.657 M541,33.886 C532.1,33.886 524.886,41.1 524.886,50 C524.886,58.899 532.1,66.113 541,66.113 C549.9,66.113 557.115,58.899 557.115,50 C557.115,41.1 549.9,33.886 541,33.886 M565.378,62.101 C565.244,65.022 564.756,66.606 564.346,67.663 C563.803,69.06 563.154,70.057 562.106,71.106 C561.058,72.155 560.06,72.803 558.662,73.347 C557.607,73.757 556.021,74.244 553.102,74.378 C549.944,74.521 548.997,74.552 541,74.552 C533.003,74.552 532.056,74.521 528.898,74.378 C525.979,74.244 524.393,73.757 523.338,73.347 C521.94,72.803 520.942,72.155 519.894,71.106 C518.846,70.057 518.197,69.06 517.654,67.663 C517.244,66.606 516.755,65.022 516.623,62.101 C516.479,58.943 516.448,57.996 516.448,50 C516.448,42.003 516.479,41.056 516.623,37.899 C516.755,34.978 517.244,33.391 517.654,32.338 C518.197,30.938 518.846,29.942 519.894,28.894 C520.942,27.846 521.94,27.196 523.338,26.654 C524.393,26.244 525.979,25.756 528.898,25.623 C532.057,25.479 533.004,25.448 541,25.448 C548.997,25.448 549.943,25.479 553.102,25.623 C556.021,25.756 557.607,26.244 558.662,26.654 C560.06,27.196 561.058,27.846 562.106,28.894 C563.154,29.942 563.803,30.938 564.346,32.338 C564.756,33.391 565.244,34.978 565.378,37.899 C565.522,41.056 565.552,42.003 565.552,50 C565.552,57.996 565.522,58.943 565.378,62.101 M570.82,37.631 C570.674,34.438 570.167,32.258 569.425,30.349 C568.659,28.377 567.633,26.702 565.965,25.035 C564.297,23.368 562.623,22.342 560.652,21.575 C558.743,20.834 556.562,20.326 553.369,20.18 C550.169,20.033 549.148,20 541,20 C532.853,20 531.831,20.033 528.631,20.18 C525.438,20.326 523.257,20.834 521.349,21.575 C519.376,22.342 517.703,23.368 516.035,25.035 C514.368,26.702 513.342,28.377 512.574,30.349 C511.834,32.258 511.326,34.438 511.181,37.631 C511.035,40.831 511,41.851 511,50 C511,58.147 511.035,59.17 511.181,62.369 C511.326,65.562 511.834,67.743 512.574,69.651 C513.342,71.625 514.368,73.296 516.035,74.965 C517.703,76.634 519.376,77.658 521.349,78.425 C523.257,79.167 525.438,79.673 528.631,79.82 C531.831,79.965 532.853,80.001 541,80.001 C549.148,80.001 550.169,79.965 553.369,79.82 C556.562,79.673 558.743,79.167 560.652,78.425 C562.623,77.658 564.297,76.634 565.965,74.965 C567.633,73.296 568.659,71.625 569.425,69.651 C570.167,67.743 570.674,65.562 570.82,62.369 C570.966,59.17 571,58.147 571,50 C571,41.851 570.966,40.831 570.82,37.631\"><\/path><\/g><\/g><\/g><\/svg><\/div>\n<div style=\"padding-top: 8px;\">\n<div style=\" color:#3897f0; font-family:Arial,sans-serif; font-size:14px; font-style:normal; font-weight:550; line-height:18px;\">Ver esta publicaci\u00f3n en Instagram<\/div>\n<\/div>\n<div style=\"padding: 12.5% 0;\"><\/div>\n<div style=\"display: flex; flex-direction: row; margin-bottom: 14px; align-items: center;\">\n<div>\n<div style=\"background-color: #F4F4F4; border-radius: 50%; height: 12.5px; width: 12.5px; transform: translateX(0px) translateY(7px);\"><\/div>\n<div style=\"background-color: #F4F4F4; height: 12.5px; transform: rotate(-45deg) translateX(3px) translateY(1px); width: 12.5px; flex-grow: 0; margin-right: 14px; margin-left: 2px;\"><\/div>\n<div style=\"background-color: #F4F4F4; border-radius: 50%; height: 12.5px; width: 12.5px; transform: translateX(9px) translateY(-18px);\"><\/div>\n<\/div>\n<div style=\"margin-left: 8px;\">\n<div style=\" background-color: #F4F4F4; border-radius: 50%; flex-grow: 0; height: 20px; width: 20px;\"><\/div>\n<div style=\" width: 0; height: 0; border-top: 2px solid transparent; border-left: 6px solid #f4f4f4; border-bottom: 2px solid transparent; transform: translateX(16px) translateY(-4px) rotate(30deg)\"><\/div>\n<\/div>\n<div style=\"margin-left: auto;\">\n<div style=\" width: 0px; border-top: 8px solid #F4F4F4; border-right: 8px solid transparent; transform: translateY(16px);\"><\/div>\n<div style=\" background-color: #F4F4F4; flex-grow: 0; height: 12px; width: 16px; transform: translateY(-4px);\"><\/div>\n<div style=\" width: 0; height: 0; border-top: 8px solid #F4F4F4; border-left: 8px solid transparent; transform: translateY(-4px) translateX(8px);\"><\/div>\n<\/div>\n<\/div>\n<div style=\"display: flex; flex-direction: column; flex-grow: 1; justify-content: center; margin-bottom: 24px;\">\n<div style=\" background-color: #F4F4F4; border-radius: 4px; flex-grow: 0; height: 14px; margin-bottom: 6px; width: 224px;\"><\/div>\n<div style=\" background-color: #F4F4F4; border-radius: 4px; flex-grow: 0; height: 14px; width: 144px;\"><\/div>\n<\/div>\n<p><\/a><\/p>\n<p style=\" color:#c9c8cd; font-family:Arial,sans-serif; font-size:14px; line-height:17px; margin-bottom:0; margin-top:8px; overflow:hidden; padding:8px 0 7px; text-align:center; text-overflow:ellipsis; white-space:nowrap;\"><a href=\"https:\/\/www.instagram.com\/reel\/C6OwCJIsb3L\/?utm_source=ig_embed&amp;utm_campaign=loading\" style=\" color:#c9c8cd; font-family:Arial,sans-serif; font-size:14px; font-style:normal; font-weight:normal; line-height:17px; text-decoration:none;\" target=\"_blank\" rel=\"noopener\">Una publicaci\u00f3n compartida de ESPAMOB&#39; &#8211; ERASMUS+ (@espamobspain)<\/a><\/p>\n<\/div>\n<\/blockquote>\n<p><script async src=\"\/\/www.instagram.com\/embed.js\"><\/script>[\/vc_column_text][\/vc_column_inner][\/vc_row_inner][\/vc_column][\/vc_row][vc_row full_width=&#8221;stretch_row&#8221; wrap_container=&#8221;yes&#8221; is_section=&#8221;yes&#8221; css=&#8221;.vc_custom_1708534686734{border-top-width: 0px !important;padding-top: 15px !important;padding-bottom: 15px !important;background-color: #f8f392 !important;}&#8221; conditional_render=&#8221;%5B%7B%22value_role%22%3A%22administrator%22%7D%5D&#8221;][vc_column][vc_row_inner css=&#8221;.vc_custom_1688548648248{background-color: #f8f392 !important;}&#8221;][vc_column_inner][vc_custom_heading text=&#8221;Popro\u015b o bezp\u0142atn\u0105 wycen\u0119&#8221; font_container=&#8221;tag:h2|text_align:center&#8221; use_theme_fonts=&#8221;yes&#8221;][vc_column_text]<\/p>\n<p style=\"text-align: justify;\">Masz pomys\u0142 na projekt Erasmus+ w Hiszpanii i szukasz zaufanej agencji, kt\u00f3ra Ci\u0119 wesprze?\u00a0<strong>Espamob<\/strong>\u2019 jest tutaj, aby Ci pom\u00f3c! Oferujemy bezp\u0142atn\u0105 i niezobowi\u0105zuj\u0105c\u0105 wycen\u0119, kt\u00f3ra pomo\u017ce Ci zarz\u0105dza\u0107 projektem mobilno\u015bci. Dzi\u0119ki naszemu do\u015bwiadczeniu i sieci firm partnerskich mo\u017cemy zaoferowa\u0107 spersonalizowane wsparcie, aby spe\u0142ni\u0107 Twoje specyficzne potrzeby. Skontaktuj si\u0119 z nami ju\u017c teraz, aby om\u00f3wi\u0107 sw\u00f3j projekt i otrzyma\u0107 bezp\u0142atn\u0105 wycen\u0119.<\/p>\n<p>[\/vc_column_text]<div id=\"modal-trg-txt-wrap-9235\" class=\"ult-modal-input-wrapper ult-adjust-bottom-margin    \" data-keypress-control=\"keypress-control-enable\" data-overlay-control=\"overlay-control-enable\"><style>\n\t\t\t\t\t.btn-modal.btn-id-69dee5d18e95e3-02752246:hover {\n\t\t\t\t\t\tbackground-color: #e20000 !important;\n\t\t\t\t\t}\n\t\t\t\t\t<\/style><button  data-ultimate-target='#modal-trg-txt-wrap-9235 .btn-modal'  data-responsive-json-new='{\"font-size\":\"\",\"line-height\":\"\"}'  style=\"background:#888888;border-color:#888888;color:#ffffff; \" data-class-id=\"content-69dee5d18e95e3-02752246\" class=\"btn-modal ult-responsive btn-primary btn-modal-md overlay-show ult-align-center btn-id-69dee5d18e95e3-02752246\" data-overlay-class=\"overlay-cornerbottomleft\">ZAM\u00d3W BEZP\u0141ATN\u0104 WYCEN\u0118<\/button><\/div>\n<div class=\"ult-overlay content-69dee5d18e95e3-02752246 \" data-class=\"content-69dee5d18e95e3-02752246\" id=\"button-click-overlay\" style=\"background:rgba(51,51,51,0.8); display:none;\">\n\t<div class=\"ult_modal ult-fade ult-medium\">\n\t\t<div id=\"ult-modal-wrap-6015\" class=\"ult_modal-content ult-hide\" style=\"border-style:solid;border-width:2px;border-radius:0px;border-color:#333333;\">\n\t\t\t<div class=\"ult_modal-header\" style=\"color:#333333;border-color:#333333;\">\n\t\t\t\t<h3  data-ultimate-target='#ult-modal-wrap-6015 .ult_modal-title'  data-responsive-json-new='{\"font-size\":\"\",\"line-height\":\"\"}'  class=\"ult_modal-title ult-responsive\">ZAM\u00d3W BEZP\u0141ATN\u0104 WYCEN\u0118<\/h3>\n\t\t\t<\/div>\n\t\t\t<div  data-ultimate-target='#ult-modal-wrap-6015 .ult_modal-body'  data-responsive-json-new='{\"font-size\":\"\",\"line-height\":\"\"}'  class=\"ult_modal-body ult-responsive ult-html\" style=\"\">\n\t\t\t[caldera_form id=&#8221;CF6149e02688efa&#8221;]\n\t\t\t<\/div>\n\t<\/div>\n\t<\/div>\n\t<div class=\"ult-overlay-close top-right\" style=\"width:80px;height:80px; \"><div class=\"ult-overlay-close-inside\">Close<\/div><\/div>\n<\/div>[\/vc_column_inner][\/vc_row_inner][\/vc_column][\/vc_row][vc_row wrap_container=&#8221;yes&#8221; css=&#8221;.vc_custom_1689256499740{margin-top: 15px !important;}&#8221; conditional_render=&#8221;%5B%7B%22value_role%22%3A%22administrator%22%7D%5D&#8221;][vc_column][vc_custom_heading text=&#8221;Cz\u0119sto zadawane pytania&#8221; font_container=&#8221;tag:h2|text_align:center|color:%23000000&#8243; use_theme_fonts=&#8221;yes&#8221;][vc_separator][vc_row_inner][vc_column_inner width=&#8221;7\/12&#8243;][vc_column_text]<\/p>\n<h3><span style=\"font-weight: 400;\">Jakie us\u0142ugi oferuje Espamob w zakresie praktyk Erasmusa w Hiszpanii?\u00a0<\/span><\/h3>\n<p><span style=\"font-weight: 400;\">Espamob oferuje kompleksowe wsparcie dla grup chc\u0105cych odby\u0107 praktyk\u0119 Erasmusa w Hiszpanii. Agencja zarz\u0105dza tworzeniem projektu, poszukiwaniem finansowania, przyj\u0119ciem w partneruj\u0105cych firmach, poszukiwaniem zakwaterowania na miejscu oraz zapewnia transport z lotniska.\u00a0<\/span><\/p>\n<h3><span style=\"font-weight: 400;\">Czy Espamob oferuje praktyki Erasmusa w dziedzinie stylizacji paznokci?\u00a0<\/span><\/h3>\n<p><span style=\"font-weight: 400;\">Tak, Espamob oferuje praktyki Erasmusa w r\u00f3\u017cnych dziedzinach, w tym jako stylista paznokci. Agencja mo\u017ce pom\u00f3c w znalezieniu partner\u00f3w biznesowych w Hiszpanii specjalizuj\u0105cych si\u0119 w tej dziedzinie i towarzyszy\u0107 Ci przez ca\u0142\u0105 praktyk\u0119.\u00a0<\/span><\/p>\n<h3><span style=\"font-weight: 400;\">Jak sfinansowa\u0107 praktyk\u0119 Erasmusa z Espamob?\u00a0<\/span><\/h3>\n<p><span style=\"font-weight: 400;\">Espamob oferuje wsparcie w zakresie poszukiwania finansowania na praktyk\u0119 Erasmusa. Agencja mo\u017ce pom\u00f3c zidentyfikowa\u0107 r\u00f3\u017cne dost\u0119pne formy finansowania, takie jak stypendia Erasmus+ lub inne \u017ar\u00f3d\u0142a zewn\u0119trzne. Ponadto, pomo\u017ce w przygotowaniu wniosk\u00f3w o finansowanie.<\/span>[\/vc_column_text][\/vc_column_inner][vc_column_inner width=&#8221;1\/12&#8243;][\/vc_column_inner][vc_column_inner width=&#8221;4\/12&#8243;][vc_single_image image=&#8221;15074&#8243; img_size=&#8221;full&#8221;][vc_column_text]<strong>Dowiedz si\u0119 wi\u0119cej o r\u00f3\u017cnych miejscach Erasmus + w Hiszpanii:\u00a0<\/strong><\/p>\n<ul>\n<li style=\"font-weight: 400;\" aria-level=\"1\"><a href=\"https:\/\/espamob.com\/pl\/praktyki-zawodowe-erasmus\/zawody-kosmetyczne\/praktyki-erasmus-uslug-kosmetycznych\/\"><span style=\"font-weight: 400;\">Sta\u017c Erasmus w dziedzinie us\u0142ug kosmetycznych<\/span><\/a><\/li>\n<li aria-level=\"1\"><a href=\"https:\/\/espamob.com\/pl\/praktyki-zawodowe-erasmus\/zawody-kosmetyczne\/praktyki-erasmus-fryzjerstwa\/\">Sta\u017c Erasmus w dziedzinie Fryzjerstwa<\/a><\/li>\n<li style=\"font-weight: 400;\" aria-level=\"1\"><a href=\"https:\/\/espamob.com\/pl\/praktyki-zawodowe-erasmus\/zawody-kosmetyczne\/praktyki-erasmus-kosmetologii\/\"><span style=\"font-weight: 400;\">Sta\u017c Erasmus w dziedzinie Kosmetyki\u00a0<\/span><\/a><\/li>\n<li style=\"font-weight: 400;\" aria-level=\"1\"><a href=\"https:\/\/espamob.com\/pl\/praktyki-zawodowe-erasmus\/zawody-kosmetyczne\/praktyki-erasmus-branzy-perfumeryjnej\/\"><span style=\"font-weight: 400;\">Sta\u017c Erasmus w\u00a0 bran\u017cy perfumeryjnej<\/span><\/a><\/li>\n<\/ul>\n<p>[\/vc_column_text][\/vc_column_inner][\/vc_row_inner][\/vc_column][\/vc_row]<\/p>\n<\/div>","protected":false},"excerpt":{"rendered":"<p>[vc_row css=&#8221;.vc_custom_1708366679073{margin-top: -20px !important;margin-bottom: 40px !important;background-image: url(https:\/\/espamob.com\/wp-content\/uploads\/2024\/02\/Manicura-Pedicura.webp?id=23568) !important;}&#8221; conditional_render=&#8221;%5B%7B%22value_role%22%3A%22administrator%22%7D%5D&#8221;][vc_column css=&#8221;.vc_custom_1687965657482{padding-top: 30px !important;}&#8221; conditional_render=&#8221;%5B%7B%22value_role%22%3A%22administrator%22%7D%5D&#8221;][vc_empty_space height=&#8221;170&#8243;][vc_custom_heading text=&#8221;Praktyki Erasmus: Stylista paznokci&#8221; font_container=&#8221;tag:h1|font_size:27|text_align:center|color:%23ffffff&#8221; use_theme_fonts=&#8221;yes&#8221; css=&#8221;.vc_custom_1708534109651{margin-bottom: 15px !important;background-color: rgba(136,136,136,0.29) !important;*background-color: rgb(136,136,136) !important;}&#8221; animation_type=&#8221;zoomIn&#8221;][vc_empty_space height=&#8221;40&#8243;][\/vc_column][\/vc_row][vc_row wrap_container=&#8221;yes&#8221; text_align=&#8221;justify&#8221;][vc_column text_align=&#8221;justify&#8221;][vc_column_text] Home Sektory sta\u017cowe Mobilno\u015b\u0107 w bran\u017cy kosmetycznej Praktyka zawodowa Erasmus: Stylista paznokci [\/vc_column_text][vc_custom_heading text=&#8221;Sta\u017c Erasmus w dziedzinie stylizacji paznokci: Rozwijaj swoje umiej\u0119tno\u015bci na<\/p>\n","protected":false},"author":2,"featured_media":0,"parent":13165,"menu_order":0,"comment_status":"closed","ping_status":"closed","template":"","meta":{"footnotes":""},"class_list":["post-23601","page","type-page","status-publish","hentry"],"_links":{"self":[{"href":"https:\/\/espamob.com\/pl\/wp-json\/wp\/v2\/pages\/23601","targetHints":{"allow":["GET"]}}],"collection":[{"href":"https:\/\/espamob.com\/pl\/wp-json\/wp\/v2\/pages"}],"about":[{"href":"https:\/\/espamob.com\/pl\/wp-json\/wp\/v2\/types\/page"}],"author":[{"embeddable":true,"href":"https:\/\/espamob.com\/pl\/wp-json\/wp\/v2\/users\/2"}],"replies":[{"embeddable":true,"href":"https:\/\/espamob.com\/pl\/wp-json\/wp\/v2\/comments?post=23601"}],"version-history":[{"count":0,"href":"https:\/\/espamob.com\/pl\/wp-json\/wp\/v2\/pages\/23601\/revisions"}],"up":[{"embeddable":true,"href":"https:\/\/espamob.com\/pl\/wp-json\/wp\/v2\/pages\/13165"}],"wp:attachment":[{"href":"https:\/\/espamob.com\/pl\/wp-json\/wp\/v2\/media?parent=23601"}],"curies":[{"name":"wp","href":"https:\/\/api.w.org\/{rel}","templated":true}]}}