{"id":23592,"date":"2023-08-25T10:49:30","date_gmt":"2023-08-25T10:49:30","guid":{"rendered":"https:\/\/www.espamob.com\/praktyki-zawodowe-erasmus\/beaute\/stage-erasmus-esthetique\/"},"modified":"2024-06-10T13:24:02","modified_gmt":"2024-06-10T13:24:02","slug":"praktyki-erasmus-uslug-kosmetycznych","status":"publish","type":"page","link":"https:\/\/espamob.com\/pl\/praktyki-zawodowe-erasmus\/zawody-kosmetyczne\/praktyki-erasmus-uslug-kosmetycznych\/","title":{"rendered":"Stage Erasmus : Esth\u00e9tique"},"content":{"rendered":"<div class=\"wpb-content-wrapper\"><p>[vc_row css=&#8221;.vc_custom_1708366519913{margin-top: -20px !important;margin-bottom: 40px !important;background-image: url(https:\/\/espamob.com\/wp-content\/uploads\/2024\/02\/Estetica.webp?id=23558) !important;}&#8221; conditional_render=&#8221;%5B%7B%22value_role%22%3A%22administrator%22%7D%5D&#8221;][vc_column css=&#8221;.vc_custom_1687965657482{padding-top: 30px !important;}&#8221; conditional_render=&#8221;%5B%7B%22value_role%22%3A%22administrator%22%7D%5D&#8221;][vc_empty_space height=&#8221;170&#8243;][vc_custom_heading text=&#8221;Praktyki Erasmus: Us\u0142ug kosmetycznych&#8221; font_container=&#8221;tag:h1|font_size:27|text_align:center|color:%23ffffff&#8221; use_theme_fonts=&#8221;yes&#8221; css=&#8221;.vc_custom_1708426444456{margin-bottom: 15px !important;background-color: rgba(136,136,136,0.29) !important;*background-color: rgb(136,136,136) !important;}&#8221; animation_type=&#8221;zoomIn&#8221;][vc_empty_space height=&#8221;40&#8243;][\/vc_column][\/vc_row][vc_row wrap_container=&#8221;yes&#8221; text_align=&#8221;justify&#8221;][vc_column text_align=&#8221;justify&#8221;][vc_column_text]<\/p>\n<nav aria-label=\"breadcrumb\">\n<ol class=\"breadcrumb\">\n<li class=\"breadcrumb-item\"><a href=\"https:\/\/espamob.com\/pl\">Home<\/a><\/li>\n<li class=\"breadcrumb-item\"><a href=\"https:\/\/espamob.com\/pl\/praktyki-zawodowe-erasmus\">Sektory sta\u017cowe<\/a><\/li>\n<li class=\"breadcrumb-item active\" aria-current=\"page\"><a href=\"https:\/\/espamob.com\/pl\/praktyki-zawodowe-erasmus\/beaute\/\">Mobilno\u015b\u0107 w bran\u017cy kosmetycznej<\/a><\/li>\n<li class=\"breadcrumb-item active\" aria-current=\"page\">Praktyka zawodowa Erasmus: <span style=\"font-weight: 400;\">Us\u0142ug kosmetycznych<\/span><\/li>\n<\/ol>\n<\/nav>\n<p>[\/vc_column_text][vc_custom_heading text=&#8221;Erasmus w Dziedzinie Estetyki: rozwijaj swoje umiej\u0119tno\u015bci w sektorze pi\u0119kna w Europie&#8221; use_theme_fonts=&#8221;yes&#8221; css=&#8221;.vc_custom_1718025688237{margin-top: 20px !important;}&#8221;][vc_separator][vc_row_inner][vc_column_inner width=&#8221;7\/12&#8243;][vc_column_text]W dziedzinie estetyki profesjonali\u015bci zajmuj\u0105cy si\u0119 urod\u0105 i piel\u0119gnacj\u0105 nieustannie staraj\u0105 si\u0119 doskonali\u0107 i poprawia\u0107 swoje umiej\u0119tno\u015bci. Niezale\u017cnie od tego, czy chodzi o makija\u017c, piel\u0119gnacj\u0119 twarzy, depilacj\u0119, czy zaawansowane techniki piel\u0119gnacji sk\u00f3ry, wa\u017cne jest, aby by\u0107 na bie\u017c\u0105co z innowacjami i nowymi trendami. Sta\u017c Erasmus w tym sektorze stanowi wyj\u0105tkow\u0105 okazj\u0119 do wyr\u00f3\u017cnienia si\u0119 na rynku pracy.<\/p>\n<h2>Czym jest sta\u017c Erasmus w dziedzinie estetyki?<\/h2>\n<p>Sta\u017c Erasmus w dziedzinie estetyki to wyj\u0105tkowa szansa na doskonalenie si\u0119, wyr\u00f3\u017cnianie si\u0119 i zwi\u0119kszenie swojej atrakcyjno\u015bci na coraz bardziej konkurencyjnym rynku pracy. To strategiczna inwestycja dla ka\u017cdego profesjonalisty, kt\u00f3ry d\u0105\u017cy do osi\u0105gni\u0119cia doskona\u0142o\u015bci w sektorze urody i piel\u0119gnacji.<\/p>\n<h3>Cele sta\u017cu Erasmus w dziedzinie estetyki<\/h3>\n<p>G\u0142\u00f3wne cele tego sta\u017cu Erasmus to:<\/p>\n<ul>\n<li>Odkrywanie nowych technik i metod pracy: realizuj\u0105c sta\u017c za granic\u0105, uczniowie b\u0119d\u0105 nara\u017ceni na r\u00f3\u017cne podej\u015bcia i praktyki zawodowe. To do\u015bwiadczenie wzbogaci ich umiej\u0119tno\u015bci i otworzy przed nimi nowe perspektywy.<\/li>\n<li>Adaptacja do nowego \u015brodowiska: mieszkaj\u0105c w innym kraju, b\u0119d\u0105 musieli wykaza\u0107 si\u0119 autonomi\u0105 i elastyczno\u015bci\u0105, aby dostosowa\u0107 si\u0119 do nowej kultury.<\/li>\n<li>Poprawa swoich umiej\u0119tno\u015bci j\u0119zykowych.<\/li>\n<li>Nauka nowych technik i trend\u00f3w.<\/li>\n<\/ul>\n<h3>Finansowanie sta\u017cu Erasmus w dziedzinie estetyki<\/h3>\n<p>Sta\u017c Erasmus w dziedzinie estetyki korzysta z finansowania dzi\u0119ki programowi Erasmus+, oferuj\u0105c studentom mo\u017cliwo\u015b\u0107 otrzymania stypendium na pokrycie koszt\u00f3w utrzymania, w tym zakwaterowania i transportu. Ponadto mog\u0105 oni ubiega\u0107 si\u0119 o dodatkowe wsparcie od r\u00f3\u017cnych organizacji lub jednostek samorz\u0105du terytorialnego.[\/vc_column_text][\/vc_column_inner][vc_column_inner width=&#8221;1\/12&#8243;][\/vc_column_inner][vc_column_inner width=&#8221;4\/12&#8243;][vc_single_image image=&#8221;18455&#8243; img_size=&#8221;400*400&#8243; alignment=&#8221;right&#8221; style=&#8221;vc_box_rounded&#8221;][vc_btn title=&#8221;Zobacz wi\u0119cej&#8221; style=&#8221;custom&#8221; custom_background=&#8221;#e20000&#8243; custom_text=&#8221;#ffffff&#8221; align=&#8221;center&#8221; link=&#8221;url:https%3A%2F%2Fespamob.com%2Fpl%2Fkontakt-z-polskim-konsultantem|title:Kontakt|target:_blank&#8221;][vc_video link=&#8221;https:\/\/youtu.be\/0I9hmPJN7e4?si=bY_9pY5TR2T28dkj&#8221; align=&#8221;center&#8221;][\/vc_column_inner][\/vc_row_inner][vc_custom_heading text=&#8221;Opinie z do\u015bwiadczenia &#8211; sta\u017c Erasmus w dziedzinie estetyki <\/p>\n<p>&#8221; font_container=&#8221;tag:h3|text_align:left&#8221; use_theme_fonts=&#8221;yes&#8221; css=&#8221;.vc_custom_1718025712604{margin-top: 20px !important;}&#8221;][vc_separator][vc_row_inner][vc_column_inner width=&#8221;7\/12&#8243;][vc_column_text]Aby zilustrowa\u0107 mo\u017cliwo\u015bci oferowane przez sta\u017c Erasmus+ w Hiszpanii, przedstawiamy opini\u0119 opiekunki, w\u0142a\u015bcicielki instytutu estetycznego. Regularnie przyjmuje ona uczni\u00f3w na praktyki i dzieli si\u0119 swoimi do\u015bwiadczeniami z tych wzbogacaj\u0105cych spotka\u0144.<\/p>\n<h3>Profil opiekuna<\/h3>\n<p>Sandra Fontanellas, za\u0142o\u017cycielka dw\u00f3ch centr\u00f3w estetycznych, kieruje jednym specjalizuj\u0105cym si\u0119 w piel\u0119gnacji oczu (rz\u0119sy i brwi) oraz drugim dedykowanym piel\u0119gnacji cia\u0142a i twarzy. Regularnie przyjmuje ona uczni\u00f3w na praktyki, aby dzieli\u0107 si\u0119 swoim know-how i wymienia\u0107 do\u015bwiadczenia na temat r\u00f3\u017cnych technik z r\u00f3\u017cnych kraj\u00f3w.<\/p>\n<h3>Miejsce sta\u017cu<\/h3>\n<p>Sandra od kilku lat prowadzi dzia\u0142alno\u015b\u0107 w samym sercu Barcelony.<\/p>\n<h3>Zadania wykonywane podczas sta\u017cu:<\/h3>\n<ul>\n<li>Teoretyczne nauczanie technik piel\u0119gnacji oczu<\/li>\n<li>Teoretyczne nauczanie technik piel\u0119gnacji twarzy<\/li>\n<li>U\u017cycie urz\u0105dzenia Syndeo Hydrafacial<\/li>\n<li>Depilacja brwi nici\u0105<\/li>\n<li>Kompleksowa piel\u0119gnacja twarzy (oczyszczanie, z\u0142uszczanie, peeling, masa\u017c\u2026)<\/li>\n<\/ul>\n<h2>Zalety sta\u017cu Erasmus w dziedzinie estetyki<\/h2>\n<p>Wybieraj\u0105c sta\u017c w Hiszpanii w ramach programu Erasmus+, skorzystasz z wielu korzy\u015bci:<\/p>\n<ul>\n<li><b>Nauka nowych technik:<\/b>\u00a0studenci maj\u0105 mo\u017cliwo\u015b\u0107 nauki technik i praktyk estetycznych, kt\u00f3re mog\u0105 by\u0107 specyficzne dla regionu, w kt\u00f3rym odbywaj\u0105 sta\u017c. Pozwala im to na dywersyfikacj\u0119 umiej\u0119tno\u015bci i wyr\u00f3\u017cnienie si\u0119 na rynku pracy.<\/li>\n<li><b>Rozw\u00f3j osobisty<\/b>: do\u015bwiadczenie zagraniczne Erasmus wzmacnia niezale\u017cno\u015b\u0107, pewno\u015b\u0107 siebie i zdolno\u015b\u0107 rozwi\u0105zywania problem\u00f3w w nieznanym \u015brodowisku. Te cechy s\u0105 niezb\u0119dne do odniesienia sukcesu w ka\u017cdej dziedzinie.<\/li>\n<li><b>Innowacja i kreatywno\u015b\u0107:<\/b>\u00a0nara\u017cenie na r\u00f3\u017cne podej\u015bcia i style w dziedzinie estetyki mo\u017ce pobudzi\u0107 kreatywno\u015b\u0107 i zach\u0119ci\u0107 student\u00f3w do innowacji we w\u0142asnych praktykach zawodowych.<\/li>\n<\/ul>\n<p>[\/vc_column_text][\/vc_column_inner][vc_column_inner width=&#8221;1\/12&#8243;][\/vc_column_inner][vc_column_inner width=&#8221;4\/12&#8243;][vc_raw_html]JTNDZGl2JTIwc3R5bGUlM0QlMjJwYWRkaW5nJTNBJTIwMzBweCUzQmJhY2tncm91bmQtY29sb3IlM0ElMjAlMjNGNEY0RjQlM0IlMjIlM0UlMEElMjAlMjAlMjAlMjAlM0NoNCUzRU9ka3J5aiUyMHdzenlzdGtpZSUyMHNla3RvcnklMjBwcmFrdHlrJTNDJTJGaDQlM0UlMEElMjAlMjAlMjAlMjAlM0NwJTNFRXNwYW1vYiUyMHNwZWNqYWxpenVqZSUyMHNpJUM0JTk5JTIwdyUyMHBvbWFnYW5pdSUyMGdydXBvbSUyMHclMjBtb2JpbG5vJUM1JTlCY2klMjB3JTIwcmFtYWNoJTIwcHJvZ3JhbXUlMjBFcmFzbXVzJTIwJTJCLiUyMERvd2llZHolMjBzaSVDNCU5OSUyMG8lMjB3c3p5c3RraWNoJTIwc2VrdG9yYWNoJTIwcHJha3R5ayUyMEVyYXNtdXMlMjB3JTIwSGlzenBhbmlpJTIwemElMjBwb21vYyVDNCU4NSUyMGtpbGt1JTIwa2xpa25pJUM0JTk5JUM0JTg3LiUzQyUyRnAlM0UlMEElMjAlMjAlMjAlMjAlM0NhJTIwY2xhc3MlM0QlMjJ2Y19nZW5lcmFsJTIwdmNfYnRuMyUyMHZjX2J0bjMtc2l6ZS1tZCUyMHZjX2J0bjMtc2hhcGUtZGVmYXVsdCUyMHZjX2J0bjMtc3R5bGUtY3VzdG9tJTIwd3BiX2N1c3RvbV82Njg3YjI2ZjM5NDg4ZGRiYjg1ZGRiM2MxY2U4ZTExMSUyMGJ0biUyMiUyMHN0eWxlJTNEJTIyYmFja2dyb3VuZC1jb2xvciUzQSUyM2UyMDAwMCUzQiUyMGNvbG9yJTNBJTIzZmZmZmZmJTNCJTIwYmFja2dyb3VuZC1jb2xvciUzQSUyM2UyMDAwMCUzQiUyMGNvbG9yJTNBJTIzZmZmZmZmJTNCJTIyJTIwaHJlZiUzRCUyMmh0dHBzJTNBJTJGJTJGd3d3LmVzcGFtb2IuY29tJTJGcGwlMkZwcmFrdHlraS16YXdvZG93ZS1lcmFzbXVzJTJGJTIyJTIwdGl0bGUlM0QlMjJTZWt0b3J5JTIwc3RhJUM1JUJDb3dlJTIyJTIwdGFyZ2V0JTNEJTIyX2JsYW5rJTIyJTNFT2RrcnlqJTIwc2VrdG9yeSUzQyUyRmElM0UlMEElM0MlMkZkaXYlM0U=[\/vc_raw_html][vc_custom_heading text=&#8221;Odkryj opinie uczestnik\u00f3w programu Erasmus +:&#8221; font_container=&#8221;tag:h3|text_align:left&#8221; use_theme_fonts=&#8221;yes&#8221; css=&#8221;.vc_custom_1708426671795{margin-top: 20px !important;}&#8221;][vc_separator][vc_column_text]<\/p>\n<blockquote class=\"instagram-media\" style=\"background: #FFF; border: 0; border-radius: 3px; box-shadow: 0 0 1px 0 rgba(0,0,0,0.5),0 1px 10px 0 rgba(0,0,0,0.15); margin: 1px; max-width: 540px; min-width: 326px; padding: 0; width: calc(100% - 2px);\" data-instgrm-permalink=\"https:\/\/www.instagram.com\/reel\/C7EZfBhMJpn\/?utm_source=ig_embed&amp;utm_campaign=loading\" data-instgrm-version=\"14\">\n<div style=\"padding: 16px;\">\n<p>&nbsp;<\/p>\n<div style=\"display: flex; flex-direction: row; align-items: center;\">\n<div style=\"background-color: #f4f4f4; border-radius: 50%; flex-grow: 0; height: 40px; margin-right: 14px; width: 40px;\"><\/div>\n<div style=\"display: flex; flex-direction: column; flex-grow: 1; justify-content: center;\">\n<div style=\"background-color: #f4f4f4; border-radius: 4px; flex-grow: 0; height: 14px; margin-bottom: 6px; width: 100px;\"><\/div>\n<div style=\"background-color: #f4f4f4; border-radius: 4px; flex-grow: 0; height: 14px; width: 60px;\"><\/div>\n<\/div>\n<\/div>\n<div style=\"padding: 19% 0;\"><\/div>\n<div style=\"display: block; height: 50px; margin: 0 auto 12px; width: 50px;\"><\/div>\n<div style=\"padding-top: 8px;\">\n<div style=\"color: #3897f0; font-family: Arial,sans-serif; font-size: 14px; font-style: normal; font-weight: 550; line-height: 18px;\">Ver esta publicaci\u00f3n en Instagram<\/div>\n<\/div>\n<div style=\"padding: 12.5% 0;\"><\/div>\n<div style=\"display: flex; flex-direction: row; margin-bottom: 14px; align-items: center;\">\n<div>\n<div style=\"background-color: #f4f4f4; border-radius: 50%; height: 12.5px; width: 12.5px; transform: translateX(0px) translateY(7px);\"><\/div>\n<div style=\"background-color: #f4f4f4; height: 12.5px; transform: rotate(-45deg) translateX(3px) translateY(1px); width: 12.5px; flex-grow: 0; margin-right: 14px; margin-left: 2px;\"><\/div>\n<div style=\"background-color: #f4f4f4; border-radius: 50%; height: 12.5px; width: 12.5px; transform: translateX(9px) translateY(-18px);\"><\/div>\n<\/div>\n<div style=\"margin-left: 8px;\">\n<div style=\"background-color: #f4f4f4; border-radius: 50%; flex-grow: 0; height: 20px; width: 20px;\"><\/div>\n<div style=\"width: 0; height: 0; border-top: 2px solid transparent; border-left: 6px solid #f4f4f4; border-bottom: 2px solid transparent; transform: translateX(16px) translateY(-4px) rotate(30deg);\"><\/div>\n<\/div>\n<div style=\"margin-left: auto;\">\n<div style=\"width: 0px; border-top: 8px solid #F4F4F4; border-right: 8px solid transparent; transform: translateY(16px);\"><\/div>\n<div style=\"background-color: #f4f4f4; flex-grow: 0; height: 12px; width: 16px; transform: translateY(-4px);\"><\/div>\n<div style=\"width: 0; height: 0; border-top: 8px solid #F4F4F4; border-left: 8px solid transparent; transform: translateY(-4px) translateX(8px);\"><\/div>\n<\/div>\n<\/div>\n<div style=\"display: flex; flex-direction: column; flex-grow: 1; justify-content: center; margin-bottom: 24px;\">\n<div style=\"background-color: #f4f4f4; border-radius: 4px; flex-grow: 0; height: 14px; margin-bottom: 6px; width: 224px;\"><\/div>\n<div style=\"background-color: #f4f4f4; border-radius: 4px; flex-grow: 0; height: 14px; width: 144px;\"><\/div>\n<\/div>\n<p>&nbsp;<\/p>\n<p style=\"color: #c9c8cd; font-family: Arial,sans-serif; font-size: 14px; line-height: 17px; margin-bottom: 0; margin-top: 8px; overflow: hidden; padding: 8px 0 7px; text-align: center; text-overflow: ellipsis; white-space: nowrap;\"><a style=\"color: #c9c8cd; font-family: Arial,sans-serif; font-size: 14px; font-style: normal; font-weight: normal; line-height: 17px; text-decoration: none;\" href=\"https:\/\/www.instagram.com\/reel\/C7EZfBhMJpn\/?utm_source=ig_embed&amp;utm_campaign=loading\" target=\"_blank\" rel=\"noopener\">Una publicaci\u00f3n compartida de ESPAMOB&#8217; &#8211; ERASMUS+ (@espamobspain)<\/a><\/p>\n<\/div>\n<\/blockquote>\n<p><script async src=\"\/\/www.instagram.com\/embed.js\"><\/script>[\/vc_column_text][\/vc_column_inner][\/vc_row_inner][\/vc_column][\/vc_row][vc_row full_width=&#8221;stretch_row&#8221; wrap_container=&#8221;yes&#8221; is_section=&#8221;yes&#8221; css=&#8221;.vc_custom_1708426686943{border-top-width: 0px !important;padding-top: 15px !important;padding-bottom: 15px !important;background-color: #f8f392 !important;}&#8221; conditional_render=&#8221;%5B%7B%22value_role%22%3A%22administrator%22%7D%5D&#8221;][vc_column][vc_row_inner css=&#8221;.vc_custom_1688548648248{background-color: #f8f392 !important;}&#8221;][vc_column_inner][vc_custom_heading text=&#8221;Popro\u015b o bezp\u0142atn\u0105 wycen\u0119&#8221; font_container=&#8221;tag:h2|text_align:center&#8221; use_theme_fonts=&#8221;yes&#8221;][vc_column_text]<\/p>\n<p style=\"text-align: justify;\">Masz pomys\u0142 na projekt Erasmus+ w Hiszpanii i szukasz zaufanej agencji, kt\u00f3ra Ci\u0119 wesprze?\u00a0<strong>Espamob<\/strong>\u2019 jest tutaj, aby Ci pom\u00f3c! Oferujemy bezp\u0142atn\u0105 i niezobowi\u0105zuj\u0105c\u0105 wycen\u0119, kt\u00f3ra pomo\u017ce Ci zarz\u0105dza\u0107 projektem mobilno\u015bci. Dzi\u0119ki naszemu do\u015bwiadczeniu i sieci firm partnerskich mo\u017cemy zaoferowa\u0107 spersonalizowane wsparcie, aby spe\u0142ni\u0107 Twoje specyficzne potrzeby. Skontaktuj si\u0119 z nami ju\u017c teraz, aby om\u00f3wi\u0107 sw\u00f3j projekt i otrzyma\u0107 bezp\u0142atn\u0105 wycen\u0119.<\/p>\n<p>[\/vc_column_text]<div id=\"modal-trg-txt-wrap-7117\" class=\"ult-modal-input-wrapper ult-adjust-bottom-margin    \" data-keypress-control=\"keypress-control-enable\" data-overlay-control=\"overlay-control-enable\"><style>\n\t\t\t\t\t.btn-modal.btn-id-69e79d106053f1-85239016:hover {\n\t\t\t\t\t\tbackground-color: #e20000 !important;\n\t\t\t\t\t}\n\t\t\t\t\t<\/style><button  data-ultimate-target='#modal-trg-txt-wrap-7117 .btn-modal'  data-responsive-json-new='{\"font-size\":\"\",\"line-height\":\"\"}'  style=\"background:#888888;border-color:#888888;color:#ffffff; \" data-class-id=\"content-69e79d106053f1-85239016\" class=\"btn-modal ult-responsive btn-primary btn-modal-md overlay-show ult-align-center btn-id-69e79d106053f1-85239016\" data-overlay-class=\"overlay-cornerbottomleft\">ZAM\u00d3W BEZP\u0141ATN\u0104 WYCEN\u0118<\/button><\/div>\n<div class=\"ult-overlay content-69e79d106053f1-85239016 \" data-class=\"content-69e79d106053f1-85239016\" id=\"button-click-overlay\" style=\"background:rgba(51,51,51,0.8); display:none;\">\n\t<div class=\"ult_modal ult-fade ult-medium\">\n\t\t<div id=\"ult-modal-wrap-3094\" class=\"ult_modal-content ult-hide\" style=\"border-style:solid;border-width:2px;border-radius:0px;border-color:#333333;\">\n\t\t\t<div class=\"ult_modal-header\" style=\"color:#333333;border-color:#333333;\">\n\t\t\t\t<h3  data-ultimate-target='#ult-modal-wrap-3094 .ult_modal-title'  data-responsive-json-new='{\"font-size\":\"\",\"line-height\":\"\"}'  class=\"ult_modal-title ult-responsive\">ZAM\u00d3W BEZP\u0141ATN\u0104 WYCEN\u0118<\/h3>\n\t\t\t<\/div>\n\t\t\t<div  data-ultimate-target='#ult-modal-wrap-3094 .ult_modal-body'  data-responsive-json-new='{\"font-size\":\"\",\"line-height\":\"\"}'  class=\"ult_modal-body ult-responsive ult-html\" style=\"\">\n\t\t\t<\/p>\n<p>[caldera_form id=&#8221;CF6149e02688efa&#8221;]<\/p>\n<p>\n\t\t\t<\/div>\n\t<\/div>\n\t<\/div>\n\t<div class=\"ult-overlay-close top-right\" style=\"width:80px;height:80px; \"><div class=\"ult-overlay-close-inside\">Close<\/div><\/div>\n<\/div>[\/vc_column_inner][\/vc_row_inner][\/vc_column][\/vc_row][vc_row wrap_container=&#8221;yes&#8221; css=&#8221;.vc_custom_1689256499740{margin-top: 15px !important;}&#8221; conditional_render=&#8221;%5B%7B%22value_role%22%3A%22administrator%22%7D%5D&#8221;][vc_column][vc_custom_heading text=&#8221;Cz\u0119sto zadawane pytania&#8221; font_container=&#8221;tag:h2|text_align:center|color:%23000000&#8243; use_theme_fonts=&#8221;yes&#8221;][vc_separator][vc_row_inner][vc_column_inner width=&#8221;7\/12&#8243;][vc_column_text]<\/p>\n<h3><span style=\"font-weight: 400;\">Jakie s\u0105 korzy\u015bci z korzystania z us\u0142ug Espamob w celu odbycia sta\u017cu Erasmus w dziedzinie us\u0142ug kosmetycznych?\u00a0<\/span><\/h3>\n<p><span style=\"font-weight: 400;\">Korzy\u015bci z korzystania z us\u0142ug Espamob w celu odbycia sta\u017cu Erasmus w dziedzinie us\u0142ug kosmetycznych s\u0105 liczne. Po pierwsze, agencja Espamob posiada ekspertyz\u0119 w dziedzinie us\u0142ug kosmetycznych, co pozwala jej oferowa\u0107 wysokiej jako\u015bci partner\u00f3w w tym obszarze. Ponadto Espamob zajmuje si\u0119 wszystkimi kwestiami administracyjnymi zwi\u0105zanymi z projektem mobilno\u015bci, pozwalaj\u0105c Ci skoncentrowa\u0107 si\u0119 w pe\u0142ni na swoim sta\u017cu. Wreszcie, Espamob pomaga r\u00f3wnie\u017c w poszukiwaniu finansowania dla projektu, pomagaj\u0105c w ten spos\u00f3b zrealizowa\u0107 do\u015bwiadczenie przy minimalnych kosztach.\u00a0<\/span><\/p>\n<h3><span style=\"font-weight: 400;\">Jak Espamob znajduje zakwaterowanie dla grup odbywaj\u0105cych sta\u017c Erasmus w dziedzinie us\u0142ug kosmetycznych?\u00a0<\/span><\/h3>\n<p><span style=\"font-weight: 400;\">Espamob dysponuje sieci\u0105 partner\u00f3w i kontakt\u00f3w w Hiszpanii, co pozwala jej znale\u017a\u0107 odpowiednie zakwaterowanie dla grup odbywaj\u0105cych sta\u017c Erasmus w dziedzinie us\u0142ug kosmetycznych. Agencja dba o to, aby wybiera\u0107 wygodne, dobrze po\u0142o\u017cone i bezpieczne miejsca zakwaterowania, zapewniaj\u0105c uczestnikom przyjemny i spokojny pobyt. Ponadto Espamob uwzgl\u0119dnia specyficzne kryteria zwi\u0105zane z dziedzin\u0105 us\u0142ug kosmetycznych, takie jak blisko\u015b\u0107 szk\u00f3\u0142 czy centr\u00f3w szkoleniowych, aby u\u0142atwi\u0107 uczestnikom poruszanie si\u0119.\u00a0<\/span><\/p>\n<h3><span style=\"font-weight: 400;\">Jak Espamob zapewnia przyj\u0119cie grup odbywaj\u0105cych sta\u017c Erasmus po ich przyje\u017adzie na lotnisko?\u00a0<\/span><\/h3>\n<p><span style=\"font-weight: 400;\">Espamob zapewnia przyj\u0119cie grup odbywaj\u0105cych sta\u017c Erasmus po ich przyje\u017adzie na lotnisko, oferuj\u0105c im us\u0142ug\u0119 transferu. Agencja organizuje transport z lotniska do zarezerwowanego zakwaterowania dla uczestnik\u00f3w, zapewniaj\u0105c im spokojny przyjazd. Espamob dba r\u00f3wnie\u017c o to, aby uczestnicy mieli wszystkie niezb\u0119dne informacje dotycz\u0105ce ich pobytu, takie jak kontakty alarmowe czy praktyczne wskaz\u00f3wki, aby pom\u00f3c im w szybkim i spokojnym osiedleniu si\u0119. <\/span>[\/vc_column_text][\/vc_column_inner][vc_column_inner width=&#8221;1\/12&#8243;][\/vc_column_inner][vc_column_inner width=&#8221;4\/12&#8243;][vc_single_image image=&#8221;15074&#8243; img_size=&#8221;full&#8221;][vc_column_text]<strong>Dowiedz si\u0119 wi\u0119cej o r\u00f3\u017cnych miejscach Erasmus + w Hiszpanii:\u00a0<\/strong><\/p>\n<ul>\n<li style=\"font-weight: 400;\" aria-level=\"1\"><a href=\"https:\/\/espamob.com\/pl\/praktyki-zawodowe-erasmus\/zawody-kosmetyczne\/praktyki-erasmus-fryzjerstwa\/\"><span style=\"font-weight: 400;\">Sta\u017c Erasmus w dziedzinie Fryzjerstwa<\/span><\/a><\/li>\n<li style=\"font-weight: 400;\" aria-level=\"1\"><a href=\"https:\/\/espamob.com\/pl\/praktyki-zawodowe-erasmus\/zawody-kosmetyczne\/praktyki-erasmus-stylista-paznokci\/\"><span style=\"font-weight: 400;\">Sta\u017c Erasmus Stylista paznokci\u00a0<\/span><\/a><\/li>\n<li style=\"font-weight: 400;\" aria-level=\"1\"><a href=\"https:\/\/espamob.com\/pl\/praktyki-zawodowe-erasmus\/zawody-kosmetyczne\/praktyki-erasmus-kosmetologii\/\"><span style=\"font-weight: 400;\">Sta\u017c Erasmus w dziedzinie Kosmetyki\u00a0<\/span><\/a><\/li>\n<li style=\"font-weight: 400;\" aria-level=\"1\"><a href=\"https:\/\/espamob.com\/pl\/praktyki-zawodowe-erasmus\/zawody-kosmetyczne\/praktyki-erasmus-branzy-perfumeryjnej\/\"><span style=\"font-weight: 400;\">Sta\u017c Erasmus w\u00a0 bran\u017cy perfumeryjnej<\/span><\/a><\/li>\n<\/ul>\n<p>[\/vc_column_text][\/vc_column_inner][\/vc_row_inner][\/vc_column][\/vc_row]<\/p>\n<\/div>","protected":false},"excerpt":{"rendered":"<p>[vc_row css=&#8221;.vc_custom_1708366519913{margin-top: -20px !important;margin-bottom: 40px !important;background-image: url(https:\/\/espamob.com\/wp-content\/uploads\/2024\/02\/Estetica.webp?id=23558) !important;}&#8221; conditional_render=&#8221;%5B%7B%22value_role%22%3A%22administrator%22%7D%5D&#8221;][vc_column css=&#8221;.vc_custom_1687965657482{padding-top: 30px !important;}&#8221; conditional_render=&#8221;%5B%7B%22value_role%22%3A%22administrator%22%7D%5D&#8221;][vc_empty_space height=&#8221;170&#8243;][vc_custom_heading text=&#8221;Praktyki Erasmus: Us\u0142ug kosmetycznych&#8221; font_container=&#8221;tag:h1|font_size:27|text_align:center|color:%23ffffff&#8221; use_theme_fonts=&#8221;yes&#8221; css=&#8221;.vc_custom_1708426444456{margin-bottom: 15px !important;background-color: rgba(136,136,136,0.29) !important;*background-color: rgb(136,136,136) !important;}&#8221; animation_type=&#8221;zoomIn&#8221;][vc_empty_space height=&#8221;40&#8243;][\/vc_column][\/vc_row][vc_row wrap_container=&#8221;yes&#8221; text_align=&#8221;justify&#8221;][vc_column text_align=&#8221;justify&#8221;][vc_column_text] Home Sektory sta\u017cowe Mobilno\u015b\u0107 w bran\u017cy kosmetycznej Praktyka zawodowa Erasmus: Us\u0142ug kosmetycznych [\/vc_column_text][vc_custom_heading text=&#8221;Erasmus w Dziedzinie Estetyki: rozwijaj swoje umiej\u0119tno\u015bci w sektorze pi\u0119kna<\/p>\n","protected":false},"author":2,"featured_media":0,"parent":13165,"menu_order":0,"comment_status":"closed","ping_status":"closed","template":"","meta":{"footnotes":""},"class_list":["post-23592","page","type-page","status-publish","hentry"],"_links":{"self":[{"href":"https:\/\/espamob.com\/pl\/wp-json\/wp\/v2\/pages\/23592","targetHints":{"allow":["GET"]}}],"collection":[{"href":"https:\/\/espamob.com\/pl\/wp-json\/wp\/v2\/pages"}],"about":[{"href":"https:\/\/espamob.com\/pl\/wp-json\/wp\/v2\/types\/page"}],"author":[{"embeddable":true,"href":"https:\/\/espamob.com\/pl\/wp-json\/wp\/v2\/users\/2"}],"replies":[{"embeddable":true,"href":"https:\/\/espamob.com\/pl\/wp-json\/wp\/v2\/comments?post=23592"}],"version-history":[{"count":0,"href":"https:\/\/espamob.com\/pl\/wp-json\/wp\/v2\/pages\/23592\/revisions"}],"up":[{"embeddable":true,"href":"https:\/\/espamob.com\/pl\/wp-json\/wp\/v2\/pages\/13165"}],"wp:attachment":[{"href":"https:\/\/espamob.com\/pl\/wp-json\/wp\/v2\/media?parent=23592"}],"curies":[{"name":"wp","href":"https:\/\/api.w.org\/{rel}","templated":true}]}}