{"id":23448,"date":"2023-08-28T00:00:00","date_gmt":"2023-08-28T00:00:00","guid":{"rendered":"https:\/\/www.espamob.com\/praktyki-zawodowe-erasmus\/informatique-multimedia\/stage-erasmus-audiovisuel\/"},"modified":"2024-03-04T22:57:49","modified_gmt":"2024-03-04T22:57:49","slug":"praktyki-erasmus-audiowizualnej","status":"publish","type":"page","link":"https:\/\/espamob.com\/pl\/praktyki-zawodowe-erasmus\/it-multimediow\/praktyki-erasmus-audiowizualnej\/","title":{"rendered":"Stage Erasmus : Audiovisuel"},"content":{"rendered":"<div class=\"wpb-content-wrapper\"><p>[vc_row css=&#8221;.vc_custom_1707933944436{margin-top: -20px !important;margin-bottom: 40px !important;background-image: url(https:\/\/espamob.com\/wp-content\/uploads\/2024\/02\/Multimedia-Audiovisual.webp?id=23432) !important;}&#8221; conditional_render=&#8221;%5B%7B%22value_role%22%3A%22administrator%22%7D%5D&#8221;][vc_column css=&#8221;.vc_custom_1687965657482{padding-top: 30px !important;}&#8221; conditional_render=&#8221;%5B%7B%22value_role%22%3A%22administrator%22%7D%5D&#8221;][vc_empty_space height=&#8221;170&#8243;][vc_custom_heading text=&#8221;Praktyki Erasmus: Bran\u017cy audiowizualnej&#8221; font_container=&#8221;tag:h1|font_size:27|text_align:center|color:%23ffffff&#8221; use_theme_fonts=&#8221;yes&#8221; css=&#8221;.vc_custom_1708084468532{margin-bottom: 15px !important;background-color: rgba(136,136,136,0.29) !important;*background-color: rgb(136,136,136) !important;}&#8221; animation_type=&#8221;zoomIn&#8221;][vc_empty_space height=&#8221;40&#8243;][\/vc_column][\/vc_row][vc_row wrap_container=&#8221;yes&#8221; text_align=&#8221;justify&#8221;][vc_column text_align=&#8221;justify&#8221;][vc_column_text]<\/p>\n<nav aria-label=\"breadcrumb\">\n<ol class=\"breadcrumb\">\n<li class=\"breadcrumb-item\"><a href=\"https:\/\/espamob.com\/pl\">Home<\/a><\/li>\n<li class=\"breadcrumb-item\"><a href=\"https:\/\/espamob.com\/pl\/praktyki-zawodowe-erasmus\">Sektory sta\u017cowe<\/a><\/li>\n<li class=\"breadcrumb-item active\" aria-current=\"page\"><a href=\"https:\/\/espamob.com\/pl\/praktyki-zawodowe-erasmus\/informatique-multimedia\/\">Mobilno\u015b\u0107 w bran\u017cy IT i multimedi\u00f3w<\/a><\/li>\n<li class=\"breadcrumb-item active\" aria-current=\"page\">Praktyka zawodowa Erasmus: Bran\u017cy audiowizualnej<\/li>\n<\/ol>\n<\/nav>\n<p>[\/vc_column_text][vc_custom_heading text=&#8221;Zanurz si\u0119 we wszech\u015bwiecie tw\u00f3rczo\u015bci audiowizualnej dzi\u0119ki sta\u017cowi Erasmus&#8221; use_theme_fonts=&#8221;yes&#8221; css=&#8221;.vc_custom_1708084501100{margin-top: 20px !important;}&#8221;][vc_separator][vc_row_inner][vc_column_inner width=&#8221;7\/12&#8243;][vc_column_text]<span style=\"font-weight: 400;\">Dowiedz si\u0119, jak spe\u0142ni\u0107 swoje marzenie o pracy w bran\u017cy audiowizualnej, odbywaj\u0105c <strong>sta\u017c Erasmus po\u015bwi\u0119cony tej fascynuj\u0105cej dyscyplinie<\/strong>. Ten europejski program oferuje wyj\u0105tkowe i wzbogacaj\u0105ce do\u015bwiadczenie zawodowe w firmie specjalizuj\u0105cej si\u0119 w sektorze audiowizualnym. B\u0119dziesz mia\u0142 dzi\u0119ki temu mo\u017cliwo\u015b\u0107 rozwijania swoich umiej\u0119tno\u015bci technicznych i artystycznych, przyczyniaj\u0105c si\u0119 do realizacji kreatywnych projekt\u00f3w w Europie.<\/span><\/p>\n<h2>Erasmus+: program, kt\u00f3ry otwiera drzwi do Europy<\/h2>\n<p><span style=\"font-weight: 400;\">Uruchomiony w 1987 r. Erasmus (europejski program dzia\u0142a\u0144 na rzecz mobilno\u015bci student\u00f3w i uniwersytet\u00f3w) to program wymiany uniwersyteckiej, kt\u00f3ry umo\u017cliwia studentom zdobycie do\u015bwiadczenia akademickiego i kulturalnego w innym kraju europejskim. Od 2014 roku program rozszerzy\u0142 si\u0119 i sta\u0142 si\u0119 Erasmus+, obejmuj\u0105cy obecnie mo\u017cliwo\u015bci sta\u017cy zawodowych dla student\u00f3w i m\u0142odych absolwent\u00f3w.<\/span><\/p>\n<p><span style=\"font-weight: 400;\">Program ten zapewnia dost\u0119p do stypendium umo\u017cliwiaj\u0105cego sfinansowanie pobytu i pokrycie cz\u0119\u015bci wydatk\u00f3w zwi\u0105zanych z mobilno\u015bci\u0105 mi\u0119dzynarodow\u0105. Dzi\u0119ki temu wsparciu finansowemu mo\u017cesz skupi\u0107 si\u0119 na sta\u017cu i w pe\u0142ni wykorzysta\u0107 to wyj\u0105tkowe do\u015bwiadczenie.<\/span><\/p>\n<h2>Sta\u017c Erasmus w bran\u017cy audiowizualnej: ca\u0142kowite zanurzenie w \u015bwiecie zawodowym<\/h2>\n<p><span style=\"font-weight: 400;\">Odbycie sta\u017cu w ramach programu Erasmus+ w dziedzinie audiowizualnej stanowi niesamowit\u0105 okazj\u0119, aby zanurzy\u0107 si\u0119 w sercu tego sektora i uczy\u0107 si\u0119 u boku do\u015bwiadczonych specjalist\u00f3w. Podczas tego sta\u017cu b\u0119dziesz m\u00f3g\u0142:<\/span><\/p>\n<ul>\n<li style=\"font-weight: 400;\" aria-level=\"1\"><span style=\"font-weight: 400;\">Aktywnie uczestniczy\u0107 w tworzeniu projekt\u00f3w audiowizualnych (filmy, seriale, dokumenty, reklamy itp.).<\/span><\/li>\n<li style=\"font-weight: 400;\" aria-level=\"1\"><span style=\"font-weight: 400;\">Odkry\u0107 r\u00f3\u017cne fazy produkcji dzie\u0142a audiowizualnego, od koncepcji po postprodukcj\u0119.<\/span><\/li>\n<li style=\"font-weight: 400;\" aria-level=\"1\"><span style=\"font-weight: 400;\">Pog\u0142\u0119bi\u0107 swoj\u0105 wiedz\u0119 na temat technik filmowania, monta\u017cu, d\u017awi\u0119ku i efekt\u00f3w specjalnych.<\/span><\/li>\n<li style=\"font-weight: 400;\" aria-level=\"1\"><span style=\"font-weight: 400;\">Wzmocni\u0107 swoje umiej\u0119tno\u015bci j\u0119zykowe i mi\u0119dzykulturowe, pracuj\u0105c w mi\u0119dzynarodowym \u015brodowisku.<\/span><\/li>\n<\/ul>\n<p><span style=\"font-weight: 400;\">Sta\u017c ten pozwoli Ci r\u00f3wnie\u017c zbudowa\u0107 solidn\u0105 sie\u0107 zawodow\u0105, niezb\u0119dn\u0105 do powodzenia Twojej integracji ze \u015bwiatem pracy.<\/span><\/p>\n<h2>Znajd\u017a sta\u017c Erasmus, kt\u00f3ry odpowiada Twoim ambicjom<\/h2>\n<p><span style=\"font-weight: 400;\">Aby znale\u017a\u0107 najlepsz\u0105 mo\u017cliwo\u015b\u0107 odbycia sta\u017cu, nale\u017cy dok\u0142adnie przygotowa\u0107 aplikacj\u0119 i skierowa\u0107 j\u0105 do firm, kt\u00f3re odpowiadaj\u0105 Twoim aspiracjom zawodowym. Oto kilka wskaz\u00f3wek, kt\u00f3re pomog\u0105 Ci w tym procesie:<\/span><\/p>\n<ol>\n<li style=\"font-weight: 400;\" aria-level=\"1\"><span style=\"font-weight: 400;\">Zidentyfikuj swoje umiej\u0119tno\u015bci: przeanalizuj obszary, w kt\u00f3rych si\u0119 wyr\u00f3\u017cniasz i te, kt\u00f3re chcesz rozwija\u0107 podczas sta\u017cu audiowizualnego Erasmus. Pomo\u017ce Ci to wybra\u0107 najodpowiedniejsze oferty.<\/span><\/li>\n<li style=\"font-weight: 400;\" aria-level=\"1\"><span style=\"font-weight: 400;\">Podkre\u015bl swoj\u0105 motywacj\u0119: poka\u017c potencjalnym pracodawcom, \u017ce pasjonujesz si\u0119 materia\u0142ami audiowizualnymi i jeste\u015b zdeterminowany, aby jak najlepiej wykorzysta\u0107 to do\u015bwiadczenie.<\/span><\/li>\n<li style=\"font-weight: 400;\" aria-level=\"1\"><span style=\"font-weight: 400;\">Dostosuj swoje CV i list motywacyjny: ka\u017cda firma ma okre\u015blone oczekiwania dotycz\u0105ce umiej\u0119tno\u015bci i kwalifikacji. Dlatego wa\u017cne jest, aby dostosowa\u0107 swoj\u0105 aplikacj\u0119 do po\u017c\u0105danego stanowiska.<\/span><\/li>\n<li style=\"font-weight: 400;\" aria-level=\"1\"><span style=\"font-weight: 400;\">Dowiedz si\u0119 o firmach: Po\u015bwi\u0119\u0107 troch\u0119 czasu na zapoznanie si\u0119 z dzia\u0142alno\u015bci\u0105 firm oferuj\u0105cych audiowizualne sta\u017ce w ramach programu Erasmus, aby lepiej zrozumie\u0107 kultur\u0119 ich firmy i bie\u017c\u0105ce projekty.<\/span><\/li>\n<\/ol>\n<h3>Kluczowe sektory dla sta\u017cu Erasmus w bran\u017cy audiowizualnej<\/h3>\n<p><span style=\"font-weight: 400;\">Bran\u017ca audiowizualna obejmuje wiele zawod\u00f3w i dziedzin specjalizacji. Oto kilka sektor\u00f3w, w kt\u00f3rych odbycie sta\u017cu w ramach programu Erasmus mo\u017ce by\u0107 szczeg\u00f3lnie korzystne:<\/span><\/p>\n<ul>\n<li style=\"font-weight: 400;\" aria-level=\"1\"><span style=\"font-weight: 400;\">Produkcja filmowa i telewizyjna<\/span><\/li>\n<li style=\"font-weight: 400;\" aria-level=\"1\"><span style=\"font-weight: 400;\">Produkcja film\u00f3w dokumentalnych lub reporta\u017cy<\/span><\/li>\n<li style=\"font-weight: 400;\" aria-level=\"1\"><span style=\"font-weight: 400;\">Edycja wideo i d\u017awi\u0119ku<\/span><\/li>\n<li style=\"font-weight: 400;\" aria-level=\"1\"><span style=\"font-weight: 400;\">Efekty specjalne i animacja 2D\/3D<\/span><\/li>\n<li style=\"font-weight: 400;\" aria-level=\"1\"><span style=\"font-weight: 400;\">Komunikacja i promocja utwor\u00f3w audiowizualnych<\/span><\/li>\n<\/ul>\n<p>[\/vc_column_text][\/vc_column_inner][vc_column_inner width=&#8221;1\/12&#8243;][\/vc_column_inner][vc_column_inner width=&#8221;4\/12&#8243;][vc_single_image image=&#8221;18131&#8243; img_size=&#8221;400*400&#8243; alignment=&#8221;right&#8221; style=&#8221;vc_box_rounded&#8221;][vc_btn title=&#8221;Zobacz wi\u0119cej&#8221; style=&#8221;custom&#8221; custom_background=&#8221;#e20000&#8243; custom_text=&#8221;#ffffff&#8221; align=&#8221;center&#8221; link=&#8221;url:https%3A%2F%2Fespamob.com%2Fpl%2Fkontakt-z-polskim-konsultantem%2F|title:Kontakt|target:_blank&#8221;][\/vc_column_inner][\/vc_row_inner][vc_custom_heading text=&#8221;Przygotuj si\u0119 na praktyki Erasmus+ w bran\u017cy audiowizualnej w najlepszy mo\u017cliwy spos\u00f3b&#8221; font_container=&#8221;tag:h3|text_align:left&#8221; use_theme_fonts=&#8221;yes&#8221; css=&#8221;.vc_custom_1708084647168{margin-top: 20px !important;}&#8221;][vc_separator][vc_row_inner][vc_column_inner width=&#8221;7\/12&#8243;][vc_column_text]<span style=\"font-weight: 400;\">Aby w pe\u0142ni prze\u017cy\u0107 t\u0119 mi\u0119dzynarodow\u0105 przygod\u0119, wa\u017cne jest, aby dok\u0142adnie przygotowa\u0107 si\u0119 do wyjazdu i podj\u0105\u0107 wszelkie niezb\u0119dne \u015brodki. Oto kilka aspekt\u00f3w, kt\u00f3rych nie mo\u017cna przeoczy\u0107:<\/span><\/p>\n<ol>\n<li style=\"font-weight: 400;\" aria-level=\"1\"><span style=\"font-weight: 400;\"><strong>Zaplanuj procedury administracyjne<\/strong>: niekt\u00f3re formalno\u015bci (uzyskanie wizy, znalezienie zakwaterowania, ubezpieczenie zdrowotne itp.) mog\u0105 zaj\u0105\u0107 troch\u0119 czasu. Dlatego istotne jest, aby\u00a0 rozpocz\u0105\u0107 je wcze\u015bnie.<\/span><\/li>\n<li style=\"font-weight: 400;\" aria-level=\"1\"><span style=\"font-weight: 400;\"><strong>Zorganizuj sw\u00f3j bud\u017cet<\/strong>: Chocia\u017c stypendium Erasmus+ pomo\u017ce Ci sfinansowa\u0107 cz\u0119\u015b\u0107 wydatk\u00f3w, wa\u017cne jest, aby zaplanowa\u0107 realistyczny bud\u017cet na pokrycie lokalnych wydatk\u00f3w.<\/span><\/li>\n<li style=\"font-weight: 400;\" aria-level=\"1\"><span style=\"font-weight: 400;\"><strong>Zapoznaj si\u0119 z lokalnym j\u0119zykiem i kultur\u0105<\/strong>: aby u\u0142atwi\u0107 Ci integracj\u0119 i w pe\u0142ni cieszy\u0107 si\u0119 pobytem w Europie, wykorzystaj czas przed wyjazdem na poznanie specyfiki kulturowej i j\u0119zykowej kraju goszcz\u0105cego.<\/span><\/li>\n<\/ol>\n<p><span style=\"font-weight: 400;\">Post\u0119puj\u0105c zgodnie z tymi wskaz\u00f3wkami i m\u0105drze wybieraj\u0105c firm\u0119 przyjmuj\u0105c\u0105 w ramach praktyk programu Erasmus+, z pewno\u015bci\u0105 zdob\u0119dziesz niezapomniane do\u015bwiadczenie zawodowe i osobiste, kt\u00f3re trwale zaznaczy Twoj\u0105 \u015bcie\u017ck\u0119 i przyczyni si\u0119 do sukcesu Twojej kariery w bran\u017cy audiowizualnej.<\/span>[\/vc_column_text][\/vc_column_inner][vc_column_inner width=&#8221;1\/12&#8243;][\/vc_column_inner][vc_column_inner width=&#8221;4\/12&#8243;][vc_raw_html]JTNDZGl2JTIwc3R5bGUlM0QlMjJwYWRkaW5nJTNBJTIwMzBweCUzQmJhY2tncm91bmQtY29sb3IlM0ElMjAlMjNGNEY0RjQlM0IlMjIlM0UlMEElMjAlMjAlMjAlMjAlM0NoNCUzRU9ka3J5aiUyMHdzenlzdGtpZSUyMHNla3RvcnklMjBwcmFrdHlrJTNDJTJGaDQlM0UlMEElMjAlMjAlMjAlMjAlM0NwJTNFRXNwYW1vYiUyMHNwZWNqYWxpenVqZSUyMHNpJUM0JTk5JTIwdyUyMHBvbWFnYW5pdSUyMGdydXBvbSUyMHclMjBtb2JpbG5vJUM1JTlCY2klMjB3JTIwcmFtYWNoJTIwcHJvZ3JhbXUlMjBFcmFzbXVzJTIwJTJCLiUyMERvd2llZHolMjBzaSVDNCU5OSUyMG8lMjB3c3p5c3RraWNoJTIwc2VrdG9yYWNoJTIwcHJha3R5ayUyMEVyYXNtdXMlMjB3JTIwSGlzenBhbmlpJTIwemElMjBwb21vYyVDNCU4NSUyMGtpbGt1JTIwa2xpa25pJUM0JTk5JUM0JTg3LiUzQyUyRnAlM0UlMEElMjAlMjAlMjAlMjAlM0NhJTIwY2xhc3MlM0QlMjJ2Y19nZW5lcmFsJTIwdmNfYnRuMyUyMHZjX2J0bjMtc2l6ZS1tZCUyMHZjX2J0bjMtc2hhcGUtZGVmYXVsdCUyMHZjX2J0bjMtc3R5bGUtY3VzdG9tJTIwd3BiX2N1c3RvbV82Njg3YjI2ZjM5NDg4ZGRiYjg1ZGRiM2MxY2U4ZTExMSUyMGJ0biUyMiUyMHN0eWxlJTNEJTIyYmFja2dyb3VuZC1jb2xvciUzQSUyM2UyMDAwMCUzQiUyMGNvbG9yJTNBJTIzZmZmZmZmJTNCJTIwYmFja2dyb3VuZC1jb2xvciUzQSUyM2UyMDAwMCUzQiUyMGNvbG9yJTNBJTIzZmZmZmZmJTNCJTIyJTIwaHJlZiUzRCUyMmh0dHBzJTNBJTJGJTJGd3d3LmVzcGFtb2IuY29tJTJGcGwlMkZwcmFrdHlraS16YXdvZG93ZS1lcmFzbXVzJTJGJTIyJTIwdGl0bGUlM0QlMjJTZWt0b3J5JTIwc3RhJUM1JUJDb3dlJTIyJTIwdGFyZ2V0JTNEJTIyX2JsYW5rJTIyJTNFT2RrcnlqJTIwc2VrdG9yeSUzQyUyRmElM0UlMEElM0MlMkZkaXYlM0U=[\/vc_raw_html][\/vc_column_inner][\/vc_row_inner][\/vc_column][\/vc_row][vc_row full_width=&#8221;stretch_row&#8221; wrap_container=&#8221;yes&#8221; is_section=&#8221;yes&#8221; css=&#8221;.vc_custom_1708084696346{border-top-width: 0px !important;padding-top: 15px !important;padding-bottom: 15px !important;background-color: #f8f392 !important;}&#8221; conditional_render=&#8221;%5B%7B%22value_role%22%3A%22administrator%22%7D%5D&#8221;][vc_column][vc_row_inner css=&#8221;.vc_custom_1688548648248{background-color: #f8f392 !important;}&#8221;][vc_column_inner][vc_custom_heading text=&#8221;Popro\u015b o bezp\u0142atn\u0105 wycen\u0119&#8221; font_container=&#8221;tag:h2|text_align:center&#8221; use_theme_fonts=&#8221;yes&#8221;][vc_column_text]<\/p>\n<p style=\"text-align: justify;\">Masz pomys\u0142 na projekt Erasmus+ w Hiszpanii i szukasz zaufanej agencji, kt\u00f3ra Ci\u0119 wesprze?\u00a0<strong>Espamob<\/strong>\u2019 jest tutaj, aby Ci pom\u00f3c! Oferujemy bezp\u0142atn\u0105 i niezobowi\u0105zuj\u0105c\u0105 wycen\u0119, kt\u00f3ra pomo\u017ce Ci zarz\u0105dza\u0107 projektem mobilno\u015bci. Dzi\u0119ki naszemu do\u015bwiadczeniu i sieci firm partnerskich mo\u017cemy zaoferowa\u0107 spersonalizowane wsparcie, aby spe\u0142ni\u0107 Twoje specyficzne potrzeby. Skontaktuj si\u0119 z nami ju\u017c teraz, aby om\u00f3wi\u0107 sw\u00f3j projekt i otrzyma\u0107 bezp\u0142atn\u0105 wycen\u0119.<\/p>\n<p>[\/vc_column_text]<div id=\"modal-trg-txt-wrap-5680\" class=\"ult-modal-input-wrapper ult-adjust-bottom-margin    \" data-keypress-control=\"keypress-control-enable\" data-overlay-control=\"overlay-control-enable\"><style>\n\t\t\t\t\t.btn-modal.btn-id-69d085508f3d37-12778208:hover {\n\t\t\t\t\t\tbackground-color: #e20000 !important;\n\t\t\t\t\t}\n\t\t\t\t\t<\/style><button  data-ultimate-target='#modal-trg-txt-wrap-5680 .btn-modal'  data-responsive-json-new='{\"font-size\":\"\",\"line-height\":\"\"}'  style=\"background:#888888;border-color:#888888;color:#ffffff; \" data-class-id=\"content-69d085508f3d37-12778208\" class=\"btn-modal ult-responsive btn-primary btn-modal-md overlay-show ult-align-center btn-id-69d085508f3d37-12778208\" data-overlay-class=\"overlay-cornerbottomleft\">ZAM\u00d3W BEZP\u0141ATN\u0104 WYCEN\u0118<\/button><\/div>\n<div class=\"ult-overlay content-69d085508f3d37-12778208 \" data-class=\"content-69d085508f3d37-12778208\" id=\"button-click-overlay\" style=\"background:rgba(51,51,51,0.8); display:none;\">\n\t<div class=\"ult_modal ult-fade ult-medium\">\n\t\t<div id=\"ult-modal-wrap-818\" class=\"ult_modal-content ult-hide\" style=\"border-style:solid;border-width:2px;border-radius:0px;border-color:#333333;\">\n\t\t\t<div class=\"ult_modal-header\" style=\"color:#333333;border-color:#333333;\">\n\t\t\t\t<h3  data-ultimate-target='#ult-modal-wrap-818 .ult_modal-title'  data-responsive-json-new='{\"font-size\":\"\",\"line-height\":\"\"}'  class=\"ult_modal-title ult-responsive\">ZAM\u00d3W BEZP\u0141ATN\u0104 WYCEN\u0118<\/h3>\n\t\t\t<\/div>\n\t\t\t<div  data-ultimate-target='#ult-modal-wrap-818 .ult_modal-body'  data-responsive-json-new='{\"font-size\":\"\",\"line-height\":\"\"}'  class=\"ult_modal-body ult-responsive ult-html\" style=\"\">\n\t\t\t<\/p>\n<p>[caldera_form id=&#8221;CF6149e02688efa&#8221;]<\/p>\n<p>\n\t\t\t<\/div>\n\t<\/div>\n\t<\/div>\n\t<div class=\"ult-overlay-close top-right\" style=\"width:80px;height:80px; \"><div class=\"ult-overlay-close-inside\">Close<\/div><\/div>\n<\/div>[\/vc_column_inner][\/vc_row_inner][\/vc_column][\/vc_row][vc_row wrap_container=&#8221;yes&#8221; css=&#8221;.vc_custom_1689256499740{margin-top: 15px !important;}&#8221; conditional_render=&#8221;%5B%7B%22value_role%22%3A%22administrator%22%7D%5D&#8221;][vc_column][vc_custom_heading text=&#8221;Cz\u0119sto zadawane pytania&#8221; font_container=&#8221;tag:h2|text_align:center|color:%23000000&#8243; use_theme_fonts=&#8221;yes&#8221;][vc_separator][vc_row_inner][vc_column_inner width=&#8221;7\/12&#8243;][vc_column_text]<\/p>\n<h3>Co to jest Espamob?<\/h3>\n<p><span style=\"font-weight: 400;\">Espamob to strona wsparcia dla grup pragn\u0105cych odby\u0107 mobilno\u015b\u0107 w ramach programu Erasmus+ w Hiszpanii. Agencja zarz\u0105dza projektami od pocz\u0105tku do ko\u0144ca, oferuj\u0105c kompleksowe wsparcie.<\/span><\/p>\n<h3>Jakie us\u0142ugi oferuje Espamob w ramach sta\u017cy Erasmus+ w bran\u017cy audiowizualnej?<\/h3>\n<p><span style=\"font-weight: 400;\">Espamob oferuje r\u00f3\u017cne us\u0142ugi w zakresie sta\u017cy Erasmus w zakresie materia\u0142\u00f3w audiowizualnych. Agencja pomaga grupom w stworzeniu projektu, szuka finansowania, u\u0142atwia przyj\u0119cie na uczelnie i firmy partnerskie na sta\u017ce, znajduje zakwaterowanie na miejscu i dba o transfery z lotniska.<\/span><\/p>\n<h3>Po co zwraca\u0107 si\u0119 do Espamoba o sta\u017c w ramach programu Erasmus w bran\u017cy audiowizualnej?<\/h3>\n<p><span style=\"font-weight: 400;\">Skontaktowanie si\u0119 z Espamob w sprawie sta\u017cu Erasmus w bran\u017cy audiowizualnej ma wiele zalet. Agencja oferuje pe\u0142ne wsparcie i u\u0142atwia wszelkie procedury niezb\u0119dne do realizacji projektu. Posiada sie\u0107 niezawodnych partner\u00f3w i ekspert\u00f3w w dziedzinie audiowizualnej, dzi\u0119ki czemu studenci mog\u0105 korzysta\u0107 z wzbogacaj\u0105cego i zawodowego do\u015bwiadczenia.<\/span>[\/vc_column_text][\/vc_column_inner][vc_column_inner width=&#8221;1\/12&#8243;][\/vc_column_inner][vc_column_inner width=&#8221;4\/12&#8243;][vc_single_image image=&#8221;15074&#8243; img_size=&#8221;full&#8221;][vc_column_text]<b>Informacje na temat r\u00f3\u017cnych kierunk\u00f3w Erasmus+ w Hiszpanii:<\/b><\/p>\n<ul>\n<li style=\"font-weight: 400;\" aria-level=\"1\"><a href=\"https:\/\/espamob.com\/pl\/praktyki-zawodowe-erasmus\/it-multimediow\/praktyki-erasmus-informatyka\/\"><span style=\"font-weight: 400;\">Praktyki Erasmus Informatyka<\/span><\/a><\/li>\n<li style=\"font-weight: 400;\" aria-level=\"1\"><a href=\"https:\/\/espamob.com\/pl\/praktyki-zawodowe-erasmus\/it-multimediow\/praktyki-erasmus-grafiki\/\"><span style=\"font-weight: 400;\">Praktyki Erasmus Grafiki<\/span><\/a><\/li>\n<\/ul>\n<p>[\/vc_column_text][\/vc_column_inner][\/vc_row_inner][\/vc_column][\/vc_row]<\/p>\n<\/div>","protected":false},"excerpt":{"rendered":"<p>[vc_row css=&#8221;.vc_custom_1707933944436{margin-top: -20px !important;margin-bottom: 40px !important;background-image: url(https:\/\/espamob.com\/wp-content\/uploads\/2024\/02\/Multimedia-Audiovisual.webp?id=23432) !important;}&#8221; conditional_render=&#8221;%5B%7B%22value_role%22%3A%22administrator%22%7D%5D&#8221;][vc_column css=&#8221;.vc_custom_1687965657482{padding-top: 30px !important;}&#8221; conditional_render=&#8221;%5B%7B%22value_role%22%3A%22administrator%22%7D%5D&#8221;][vc_empty_space height=&#8221;170&#8243;][vc_custom_heading text=&#8221;Praktyki Erasmus: Bran\u017cy audiowizualnej&#8221; font_container=&#8221;tag:h1|font_size:27|text_align:center|color:%23ffffff&#8221; use_theme_fonts=&#8221;yes&#8221; css=&#8221;.vc_custom_1708084468532{margin-bottom: 15px !important;background-color: rgba(136,136,136,0.29) !important;*background-color: rgb(136,136,136) !important;}&#8221; animation_type=&#8221;zoomIn&#8221;][vc_empty_space height=&#8221;40&#8243;][\/vc_column][\/vc_row][vc_row wrap_container=&#8221;yes&#8221; text_align=&#8221;justify&#8221;][vc_column text_align=&#8221;justify&#8221;][vc_column_text] Home Sektory sta\u017cowe Mobilno\u015b\u0107 w bran\u017cy IT i multimedi\u00f3w Praktyka zawodowa Erasmus: Bran\u017cy audiowizualnej [\/vc_column_text][vc_custom_heading text=&#8221;Zanurz si\u0119 we wszech\u015bwiecie tw\u00f3rczo\u015bci audiowizualnej dzi\u0119ki sta\u017cowi<\/p>\n","protected":false},"author":2,"featured_media":0,"parent":12762,"menu_order":0,"comment_status":"closed","ping_status":"closed","template":"","meta":{"footnotes":""},"class_list":["post-23448","page","type-page","status-publish","hentry"],"_links":{"self":[{"href":"https:\/\/espamob.com\/pl\/wp-json\/wp\/v2\/pages\/23448","targetHints":{"allow":["GET"]}}],"collection":[{"href":"https:\/\/espamob.com\/pl\/wp-json\/wp\/v2\/pages"}],"about":[{"href":"https:\/\/espamob.com\/pl\/wp-json\/wp\/v2\/types\/page"}],"author":[{"embeddable":true,"href":"https:\/\/espamob.com\/pl\/wp-json\/wp\/v2\/users\/2"}],"replies":[{"embeddable":true,"href":"https:\/\/espamob.com\/pl\/wp-json\/wp\/v2\/comments?post=23448"}],"version-history":[{"count":5,"href":"https:\/\/espamob.com\/pl\/wp-json\/wp\/v2\/pages\/23448\/revisions"}],"predecessor-version":[{"id":24035,"href":"https:\/\/espamob.com\/pl\/wp-json\/wp\/v2\/pages\/23448\/revisions\/24035"}],"up":[{"embeddable":true,"href":"https:\/\/espamob.com\/pl\/wp-json\/wp\/v2\/pages\/12762"}],"wp:attachment":[{"href":"https:\/\/espamob.com\/pl\/wp-json\/wp\/v2\/media?parent=23448"}],"curies":[{"name":"wp","href":"https:\/\/api.w.org\/{rel}","templated":true}]}}