{"id":23444,"date":"2023-08-25T00:00:00","date_gmt":"2023-08-25T00:00:00","guid":{"rendered":"https:\/\/www.espamob.com\/praktyki-zawodowe-erasmus\/informatique-multimedia\/stage-erasmus-informatique\/"},"modified":"2024-03-04T22:57:23","modified_gmt":"2024-03-04T22:57:23","slug":"praktyki-erasmus-informatyka","status":"publish","type":"page","link":"https:\/\/espamob.com\/pl\/praktyki-zawodowe-erasmus\/it-multimediow\/praktyki-erasmus-informatyka\/","title":{"rendered":"Stage Erasmus : Informatique"},"content":{"rendered":"<div class=\"wpb-content-wrapper\"><p>[vc_row css=&#8221;.vc_custom_1707933921686{margin-top: -20px !important;margin-bottom: 40px !important;background-image: url(https:\/\/espamob.com\/wp-content\/uploads\/2024\/02\/Informatica-Digital.webp?id=23427) !important;}&#8221; conditional_render=&#8221;%5B%7B%22value_role%22%3A%22administrator%22%7D%5D&#8221;][vc_column css=&#8221;.vc_custom_1687965657482{padding-top: 30px !important;}&#8221; conditional_render=&#8221;%5B%7B%22value_role%22%3A%22administrator%22%7D%5D&#8221;][vc_empty_space height=&#8221;170&#8243;][vc_custom_heading text=&#8221;Praktyki Erasmus: Informatyka&#8221; font_container=&#8221;tag:h1|font_size:27|text_align:center|color:%23ffffff&#8221; use_theme_fonts=&#8221;yes&#8221; css=&#8221;.vc_custom_1708082243865{margin-bottom: 15px !important;background-color: rgba(136,136,136,0.29) !important;*background-color: rgb(136,136,136) !important;}&#8221; animation_type=&#8221;zoomIn&#8221;][vc_empty_space height=&#8221;40&#8243;][\/vc_column][\/vc_row][vc_row wrap_container=&#8221;yes&#8221; text_align=&#8221;justify&#8221;][vc_column text_align=&#8221;justify&#8221;][vc_column_text]<\/p>\n<nav aria-label=\"breadcrumb\">\n<ol class=\"breadcrumb\">\n<li class=\"breadcrumb-item\"><a href=\"https:\/\/espamob.com\/pl\">Home<\/a><\/li>\n<li class=\"breadcrumb-item\"><a href=\"https:\/\/espamob.com\/pl\/praktyki-zawodowe-erasmus\">Sektory sta\u017cowe<\/a><\/li>\n<li class=\"breadcrumb-item active\" aria-current=\"page\"><a href=\"https:\/\/espamob.com\/pl\/praktyki-zawodowe-erasmus\/informatique-multimedia\/\">Mobilno\u015b\u0107 w bran\u017cy IT i multimedi\u00f3w<\/a><\/li>\n<li class=\"breadcrumb-item active\" aria-current=\"page\">Praktyka zawodowa Erasmus: Informatyka<\/li>\n<\/ol>\n<\/nav>\n<p>[\/vc_column_text][vc_custom_heading text=&#8221;Praktyki Erasmus: Informatyka: Niezapomniane do\u015bwiadczenie w sercu Europy&#8221; use_theme_fonts=&#8221;yes&#8221; css=&#8221;.vc_custom_1708082327911{margin-top: 20px !important;}&#8221;][vc_separator][vc_row_inner][vc_column_inner width=&#8221;7\/12&#8243;][vc_column_text]<span style=\"font-weight: 400;\">Program <strong>Erasmus+<\/strong> oferuje niezwyk\u0142\u0105 szans\u0119 studentom informatyki, kt\u00f3rzy chc\u0105 odkrywa\u0107 nowe kultury, doskonali\u0107 swoje umiej\u0119tno\u015bci j\u0119zykowe i rozwija\u0107 swoj\u0105 sie\u0107 zawodow\u0105. Praktyki Erasmus w bran\u017cy IT pozwalaj\u0105 uczniom zdoby\u0107 wzbogacaj\u0105ce do\u015bwiadczenie zawodowe za granic\u0105, korzystaj\u0105c jednocze\u015bnie ze wsparcia finansowego i administracyjnego programu Erasmus+.<\/span><\/p>\n<h2>Zalety Praktyk Erasmus: Informatyka<\/h2>\n<p><span style=\"font-weight: 400;\">Decyzja o odbyciu Praktyk Erasmus: Informatyka niesie ze sob\u0105 wiele korzy\u015bci:\u00a0<\/span><\/p>\n<ul>\n<li style=\"font-weight: 400;\" aria-level=\"1\"><span style=\"font-weight: 400;\"><strong>Zdobywanie mi\u0119dzynarodowego do\u015bwiadczenia zawodowego<\/strong>: Sta\u017ce zagraniczne s\u0105 wysoko cenione przez pracodawc\u00f3w, poniewa\u017c pokazuj\u0105 zdolno\u015b\u0107 kandydata do pracy w zr\u00f3\u017cnicowanym i cz\u0119sto wielokulturowym \u015brodowisku.<\/span><\/li>\n<li style=\"font-weight: 400;\" aria-level=\"1\"><span style=\"font-weight: 400;\"><strong>Doskonalenie umiej\u0119tno\u015bci informatycznych<\/strong>: Udzia\u0142 w sta\u017cu Erasmus daje mo\u017cliwo\u015b\u0107 poznania nowych metod pracy, zapoznania si\u0119 z r\u00f3\u017cnymi technologiami i opanowania nowych j\u0119zyk\u00f3w programowania.<\/span><\/li>\n<li style=\"font-weight: 400;\" aria-level=\"1\"><span style=\"font-weight: 400;\"><strong>Rozw\u00f3j sieci zawodowej<\/strong>: Pracuj\u0105c w zagranicznej firmie lub organizacji, sta\u017cy\u015bci nawi\u0105zuj\u0105 relacje zawodowe, kt\u00f3re mog\u0105 okaza\u0107 si\u0119 cenne w przysz\u0142o\u015bci, zar\u00f3wno w kraju, jak i za granic\u0105.<\/span><\/li>\n<li style=\"font-weight: 400;\" aria-level=\"1\"><span style=\"font-weight: 400;\"><strong>Praktyka j\u0119zyka obcego<\/strong>: Pobyt za granic\u0105 pozwala na doskonalenie znajomo\u015bci j\u0119zyka obcego, co jest niew\u0105tpliw\u0105 zalet\u0105 na rynku pracy.<\/span><\/li>\n<\/ul>\n<h2>Procedury uzyskania sta\u017cu Erasmus: Informatyka<\/h2>\n<p><span style=\"font-weight: 400;\">Aby skorzysta\u0107 ze sta\u017cu Erasmus + Informatyka nale\u017cy wykona\u0107 kilka krok\u00f3w:<\/span><\/p>\n<ol>\n<li style=\"font-weight: 400;\" aria-level=\"1\"><span style=\"font-weight: 400;\"><strong>Wyb\u00f3r miejsca docelowego<\/strong>: Koniecznie dowiedz si\u0119, jakie kraje oferuj\u0105 sta\u017ce IT. Mo\u017cliwo\u015bci r\u00f3\u017cni\u0105 si\u0119 w zale\u017cno\u015bci od kraj\u00f3w i instytucji partnerskich instytucji macierzystej.<\/span><\/li>\n<li style=\"font-weight: 400;\" aria-level=\"1\"><span style=\"font-weight: 400;\"><strong>Dowiedz si\u0119 o programie Erasmus+<\/strong>: Ka\u017cda uczelnia ma w\u0142asne kryteria selekcji i procedury rekrutacji. Dlatego wa\u017cne jest, aby zapozna\u0107 si\u0119 ze specyficznymi warunkami ustalonymi przez szko\u0142\u0119 lub uczelni\u0119.<\/span><\/li>\n<li style=\"font-weight: 400;\" aria-level=\"1\"><span style=\"font-weight: 400;\"><strong>Przygotuj swoj\u0105 aplikacj\u0119<\/strong>: CV, list motywacyjny, a czasami list polecaj\u0105cy s\u0105 zazwyczaj wymagane, aby ubiega\u0107 si\u0119 o sta\u017c w programie Erasmus+. Musisz tak\u017ce przedstawi\u0107 dow\u00f3d znajomo\u015bci j\u0119zyka.<\/span><\/li>\n<li style=\"font-weight: 400;\" aria-level=\"1\"><span style=\"font-weight: 400;\"><strong>Znalezienie sta\u017cu<\/strong>: Po zaakceptowaniu Twojej aplikacji musisz aktywnie szuka\u0107 sta\u017cu IT w wybranym przez siebie kraju. Poszukiwanie mo\u017ce odbywa\u0107 si\u0119 za po\u015brednictwem wyspecjalizowanych platform, sieci zawodowych lub przy wsparciu dzia\u0142u stosunk\u00f3w mi\u0119dzynarodowych instytucji macierzystej.<\/span><\/li>\n<li style=\"font-weight: 400;\" aria-level=\"1\"><span style=\"font-weight: 400;\"><strong>Podpisz umow\u0119 o sta\u017c<\/strong>: Sta\u017cy\u015bci musz\u0105 podpisa\u0107 tr\u00f3jstronn\u0105 umow\u0119 o sta\u017c z firm\u0105 przyjmuj\u0105c\u0105 i instytucj\u0105 macierzyst\u0105. Dokument ten jest niezb\u0119dny do uregulowania przebiegu sta\u017cu i zagwarantowania praw sta\u017cyst\u00f3w.<\/span><\/li>\n<\/ol>\n<p>[\/vc_column_text][\/vc_column_inner][vc_column_inner width=&#8221;1\/12&#8243;][\/vc_column_inner][vc_column_inner width=&#8221;4\/12&#8243;][vc_single_image image=&#8221;18221&#8243; img_size=&#8221;400*400&#8243; alignment=&#8221;right&#8221; style=&#8221;vc_box_rounded&#8221;][vc_btn title=&#8221;Zobacz wi\u0119cej&#8221; style=&#8221;custom&#8221; custom_background=&#8221;#e20000&#8243; custom_text=&#8221;#ffffff&#8221; align=&#8221;center&#8221; link=&#8221;url:https%3A%2F%2Fespamob.com%2Fpl%2Fkontakt-z-polskim-konsultantem%2F|title:Kontakt|target:_blank&#8221;][\/vc_column_inner][\/vc_row_inner][vc_custom_heading text=&#8221;Finansowanie i akademickie uznanie sta\u017cu Erasmus IT&#8221; font_container=&#8221;tag:h3|text_align:left&#8221; use_theme_fonts=&#8221;yes&#8221; css=&#8221;.vc_custom_1708082565144{margin-top: 20px !important;}&#8221;][vc_separator][vc_row_inner][vc_column_inner width=&#8221;7\/12&#8243;][vc_column_text]<span style=\"font-weight: 400;\">Aby u\u0142atwi\u0107 Ci pobyt za granic\u0105, Erasmus+ zapewnia wsparcie finansowe na pokrycie cz\u0119\u015bci wydatk\u00f3w zwi\u0105zanych ze sta\u017cem:\u00a0<\/span><\/p>\n<ul>\n<li style=\"font-weight: 400;\" aria-level=\"1\"><span style=\"font-weight: 400;\"><strong>Stypendium Erasmus+<\/strong>: Kwota przyznawana studentom r\u00f3\u017cni si\u0119 w zale\u017cno\u015bci od kilku kryteri\u00f3w, takich jak czas trwania sta\u017cu (od 2 do 12 miesi\u0119cy), koszty utrzymania w kraju przyjmuj\u0105cym i sytuacji finansowej studenta.\u00a0<\/span><\/li>\n<li style=\"font-weight: 400;\" aria-level=\"1\"><span style=\"font-weight: 400;\"><strong>Pomoc uzupe\u0142niaj\u0105ca<\/strong>: W zale\u017cno\u015bci od profilu i potrzeb sta\u017cy\u015bci mog\u0105 r\u00f3wnie\u017c uzyska\u0107 dost\u0119p do pomocy uzupe\u0142niaj\u0105cej, takiej jak stypendia regionalne lub po\u017cyczki studenckie po obni\u017conych stawkach.<\/span><\/li>\n<\/ul>\n<p><span style=\"font-weight: 400;\">Je\u015bli chodzi o uznawanie kwalifikacji akademickich, sta\u017c w programie Erasmus Informatyka zasadniczo wi\u0105\u017ce si\u0119 z przyznaniem punkt\u00f3w ECTS (Europejskiego Systemu Transferu Punkt\u00f3w). Punkty te pozwalaj\u0105 na walidacj\u0119 i uznanie do\u015bwiadczenia zawodowego zdobytego za granic\u0105 w kontek\u015bcie \u015bcie\u017cki uniwersyteckiej, kt\u00f3r\u0105 pod\u0105\u017ca student.<\/span><\/p>\n<h3>Inspiruj\u0105ce \u015bwiadectwa sta\u017cyst\u00f3w IT, kt\u00f3rzy do\u015bwiadczyli programu Erasmus+<\/h3>\n<p><span style=\"font-weight: 400;\">Studenci, kt\u00f3rzy odbyli sta\u017c w programie Erasmus+ Informatyka, cz\u0119sto s\u0105 zgodni co do korzy\u015bci p\u0142yn\u0105cych z ich do\u015bwiadczenia:<\/span><\/p>\n<p><span style=\"font-weight: 400;\">\u00a0\u00ab \u00bbSta\u017c Erasmus w IT pozwoli\u0142 mi pozna\u0107 nowe techniki rozwoju i pracowa\u0107 nad innowacyjnymi projektami. By\u0142o to niesamowite do\u015bwiadczenie, kt\u00f3re wzmocni\u0142o moj\u0105 pewno\u015b\u0107 siebie i umiej\u0119tno\u015bci zawodowe. \u00bb \u00bb<\/span><\/p>\n<p><span style=\"font-weight: 400;\">\u00a0\u00ab \u00bbDzi\u0119ki sta\u017cowi Erasmus mog\u0142em zdoby\u0107 mi\u0119dzynarodowe do\u015bwiadczenie zawodowe i rozwin\u0105\u0107 swoj\u0105 sie\u0107 kontakt\u00f3w. Dzi\u015b pracuj\u0119 w presti\u017cowej firmie i jestem przekonana, \u017ce \u200b\u200bto do\u015bwiadczenie by\u0142o znacz\u0105cym atutem podczas poszukiwania pracy. \u00bb \u00bb\u00a0<\/span><\/p>\n<p><span style=\"font-weight: 400;\">Podsumowuj\u0105c, odbycie sta\u017cu Erasmus w bran\u017cy informatycznej jest wyj\u0105tkowym do\u015bwiadczeniem, zar\u00f3wno z osobistego, jak i zawodowego punktu widzenia. Mo\u017cliwo\u015bci, jakie daje program Erasmus+, pozwalaj\u0105 studentom informatyki pobudzi\u0107 swoj\u0105 karier\u0119 zawodow\u0105 poprzez prze\u017cycie niezapomnianej przygody.<\/span>[\/vc_column_text][\/vc_column_inner][vc_column_inner width=&#8221;1\/12&#8243;][\/vc_column_inner][vc_column_inner width=&#8221;4\/12&#8243;][vc_raw_html]JTNDZGl2JTIwc3R5bGUlM0QlMjJwYWRkaW5nJTNBJTIwMzBweCUzQmJhY2tncm91bmQtY29sb3IlM0ElMjAlMjNGNEY0RjQlM0IlMjIlM0UlMEElMjAlMjAlMjAlMjAlM0NoNCUzRU9ka3J5aiUyMHdzenlzdGtpZSUyMHNla3RvcnklMjBwcmFrdHlrJTNDJTJGaDQlM0UlMEElMjAlMjAlMjAlMjAlM0NwJTNFRXNwYW1vYiUyMHNwZWNqYWxpenVqZSUyMHNpJUM0JTk5JTIwdyUyMHBvbWFnYW5pdSUyMGdydXBvbSUyMHclMjBtb2JpbG5vJUM1JTlCY2klMjB3JTIwcmFtYWNoJTIwcHJvZ3JhbXUlMjBFcmFzbXVzJTIwJTJCLiUyMERvd2llZHolMjBzaSVDNCU5OSUyMG8lMjB3c3p5c3RraWNoJTIwc2VrdG9yYWNoJTIwcHJha3R5ayUyMEVyYXNtdXMlMjB3JTIwSGlzenBhbmlpJTIwemElMjBwb21vYyVDNCU4NSUyMGtpbGt1JTIwa2xpa25pJUM0JTk5JUM0JTg3LiUzQyUyRnAlM0UlMEElMjAlMjAlMjAlMjAlM0NhJTIwY2xhc3MlM0QlMjJ2Y19nZW5lcmFsJTIwdmNfYnRuMyUyMHZjX2J0bjMtc2l6ZS1tZCUyMHZjX2J0bjMtc2hhcGUtZGVmYXVsdCUyMHZjX2J0bjMtc3R5bGUtY3VzdG9tJTIwd3BiX2N1c3RvbV82Njg3YjI2ZjM5NDg4ZGRiYjg1ZGRiM2MxY2U4ZTExMSUyMGJ0biUyMiUyMHN0eWxlJTNEJTIyYmFja2dyb3VuZC1jb2xvciUzQSUyM2UyMDAwMCUzQiUyMGNvbG9yJTNBJTIzZmZmZmZmJTNCJTIwYmFja2dyb3VuZC1jb2xvciUzQSUyM2UyMDAwMCUzQiUyMGNvbG9yJTNBJTIzZmZmZmZmJTNCJTIyJTIwaHJlZiUzRCUyMmh0dHBzJTNBJTJGJTJGd3d3LmVzcGFtb2IuY29tJTJGcGwlMkZwcmFrdHlraS16YXdvZG93ZS1lcmFzbXVzJTJGJTIyJTIwdGl0bGUlM0QlMjJTZWt0b3J5JTIwc3RhJUM1JUJDb3dlJTIyJTIwdGFyZ2V0JTNEJTIyX2JsYW5rJTIyJTNFT2RrcnlqJTIwc2VrdG9yeSUzQyUyRmElM0UlMEElM0MlMkZkaXYlM0U=[\/vc_raw_html][\/vc_column_inner][\/vc_row_inner][\/vc_column][\/vc_row][vc_row full_width=&#8221;stretch_row&#8221; wrap_container=&#8221;yes&#8221; is_section=&#8221;yes&#8221; css=&#8221;.vc_custom_1708082687239{border-top-width: 0px !important;padding-top: 15px !important;padding-bottom: 15px !important;background-color: #f8f392 !important;}&#8221; conditional_render=&#8221;%5B%7B%22value_role%22%3A%22administrator%22%7D%5D&#8221;][vc_column][vc_row_inner css=&#8221;.vc_custom_1688548648248{background-color: #f8f392 !important;}&#8221;][vc_column_inner][vc_custom_heading text=&#8221;Popro\u015b o bezp\u0142atn\u0105 wycen\u0119&#8221; font_container=&#8221;tag:h2|text_align:center&#8221; use_theme_fonts=&#8221;yes&#8221;][vc_column_text]<\/p>\n<p style=\"text-align: justify;\">Masz pomys\u0142 na projekt Erasmus+ w Hiszpanii i szukasz zaufanej agencji, kt\u00f3ra Ci\u0119 wesprze?\u00a0<strong>Espamob<\/strong>\u2019 jest tutaj, aby Ci pom\u00f3c! Oferujemy bezp\u0142atn\u0105 i niezobowi\u0105zuj\u0105c\u0105 wycen\u0119, kt\u00f3ra pomo\u017ce Ci zarz\u0105dza\u0107 projektem mobilno\u015bci. Dzi\u0119ki naszemu do\u015bwiadczeniu i sieci firm partnerskich mo\u017cemy zaoferowa\u0107 spersonalizowane wsparcie, aby spe\u0142ni\u0107 Twoje specyficzne potrzeby. Skontaktuj si\u0119 z nami ju\u017c teraz, aby om\u00f3wi\u0107 sw\u00f3j projekt i otrzyma\u0107 bezp\u0142atn\u0105 wycen\u0119.<\/p>\n<p>[\/vc_column_text]<div id=\"modal-trg-txt-wrap-3227\" class=\"ult-modal-input-wrapper ult-adjust-bottom-margin    \" data-keypress-control=\"keypress-control-enable\" data-overlay-control=\"overlay-control-enable\"><style>\n\t\t\t\t\t.btn-modal.btn-id-69e7a9c6630147-12045660:hover {\n\t\t\t\t\t\tbackground-color: #e20000 !important;\n\t\t\t\t\t}\n\t\t\t\t\t<\/style><button  data-ultimate-target='#modal-trg-txt-wrap-3227 .btn-modal'  data-responsive-json-new='{\"font-size\":\"\",\"line-height\":\"\"}'  style=\"background:#888888;border-color:#888888;color:#ffffff; \" data-class-id=\"content-69e7a9c6630147-12045660\" class=\"btn-modal ult-responsive btn-primary btn-modal-md overlay-show ult-align-center btn-id-69e7a9c6630147-12045660\" data-overlay-class=\"overlay-cornerbottomleft\">ZAM\u00d3W BEZP\u0141ATN\u0104 WYCEN\u0118<\/button><\/div>\n<div class=\"ult-overlay content-69e7a9c6630147-12045660 \" data-class=\"content-69e7a9c6630147-12045660\" id=\"button-click-overlay\" style=\"background:rgba(51,51,51,0.8); display:none;\">\n\t<div class=\"ult_modal ult-fade ult-medium\">\n\t\t<div id=\"ult-modal-wrap-1826\" class=\"ult_modal-content ult-hide\" style=\"border-style:solid;border-width:2px;border-radius:0px;border-color:#333333;\">\n\t\t\t<div class=\"ult_modal-header\" style=\"color:#333333;border-color:#333333;\">\n\t\t\t\t<h3  data-ultimate-target='#ult-modal-wrap-1826 .ult_modal-title'  data-responsive-json-new='{\"font-size\":\"\",\"line-height\":\"\"}'  class=\"ult_modal-title ult-responsive\">ZAM\u00d3W BEZP\u0141ATN\u0104 WYCEN\u0118<\/h3>\n\t\t\t<\/div>\n\t\t\t<div  data-ultimate-target='#ult-modal-wrap-1826 .ult_modal-body'  data-responsive-json-new='{\"font-size\":\"\",\"line-height\":\"\"}'  class=\"ult_modal-body ult-responsive ult-html\" style=\"\">\n\t\t\t[caldera_form id=&#8221;CF6149e02688efa&#8221;]\n\t\t\t<\/div>\n\t<\/div>\n\t<\/div>\n\t<div class=\"ult-overlay-close top-right\" style=\"width:80px;height:80px; \"><div class=\"ult-overlay-close-inside\">Close<\/div><\/div>\n<\/div>[\/vc_column_inner][\/vc_row_inner][\/vc_column][\/vc_row][vc_row wrap_container=&#8221;yes&#8221; css=&#8221;.vc_custom_1689256499740{margin-top: 15px !important;}&#8221; conditional_render=&#8221;%5B%7B%22value_role%22%3A%22administrator%22%7D%5D&#8221;][vc_column][vc_custom_heading text=&#8221;Cz\u0119sto zadawane pytania&#8221; font_container=&#8221;tag:h2|text_align:center|color:%23000000&#8243; use_theme_fonts=&#8221;yes&#8221;][vc_separator][vc_row_inner][vc_column_inner width=&#8221;7\/12&#8243;][vc_column_text]<\/p>\n<h3>Jakie s\u0105 zalety odbycia sta\u017cu Erasmus Informatyka w Espamob?<\/h3>\n<p><span style=\"font-weight: 400;\">Wybieraj\u0105c Espamob do odbycia sta\u017cu w programie Erasmus Informatyka, skorzystasz z wielu korzy\u015bci. B\u0119dziemy Ci towarzyszy\u0107 na wszystkich etapach projektu, od stworzenia, przez ubieganie si\u0119 o finansowanie, a\u017c po powitanie Ci\u0119 w firmach partnerskich. Ponadto dbamy o znalezienie noclegu na miejscu i odbi\u00f3r grupy z lotniska, tak aby zapewni\u0107 komfortowy pobyt pozbawiony problem\u00f3w logistycznych.<\/span><\/p>\n<h3>W jaki spos\u00f3b Espamob wybiera partnerskie uczelnie i firmy do sta\u017cy w programie Erasmus Informatyka?<\/h3>\n<p><span style=\"font-weight: 400;\">W Espamob przywi\u0105zujemy du\u017c\u0105 wag\u0119 do jako\u015bci partner\u00f3w, z kt\u00f3rymi wsp\u00f3\u0142pracujemy. Przeprowadzamy rygorystyczn\u0105 selekcj\u0119 uniwersytet\u00f3w i firm w oparciu o kryteria takie jak ich reputacja, specjalizacja, do\u015bwiadczenie w przyjmowaniu sta\u017cyst\u00f3w i spe\u0142nianie specyficznych potrzeb grup. W ten spos\u00f3b zapewniamy naszym uczestnikom \u015brodowisko sprzyjaj\u0105ce ich nauce i rozwojowi zawodowemu.<\/span><\/p>\n<h3>Jakie s\u0105 mo\u017cliwo\u015bci finansowania sta\u017cy Erasmus Informatyka w Espamob?<\/h3>\n<p><span style=\"font-weight: 400;\">Sta\u017ce Erasmus Informatyka w Espamob mog\u0105 by\u0107 finansowane na r\u00f3\u017cne sposoby. Po pierwsze, mo\u017cesz skorzysta\u0107 ze stypendium Erasmus+ przyznawanego przez Twoj\u0105 plac\u00f3wk\u0119 edukacyjn\u0105. Ponadto niekt\u00f3re regiony lub organizacje oferuj\u0105 r\u00f3wnie\u017c pomoc finansow\u0105 na wyjazdy mi\u0119dzynarodowe. Wreszcie mo\u017cna rozwa\u017cy\u0107 mo\u017cliwo\u015b\u0107 zwr\u00f3cenia si\u0119 o finansowanie prywatne lub wdro\u017cenia dzia\u0142a\u0144 w zakresie pozyskiwania funduszy. Towarzyszymy Ci w znalezieniu finansowania odpowiedniego dla Twojego projektu.<\/span>[\/vc_column_text][\/vc_column_inner][vc_column_inner width=&#8221;1\/12&#8243;][\/vc_column_inner][vc_column_inner width=&#8221;4\/12&#8243;][vc_single_image image=&#8221;15074&#8243; img_size=&#8221;full&#8221;][vc_column_text]<b>Odkryj r\u00f3\u017cne kierunki Erasmus+ w Hiszpanii:<\/b><\/p>\n<ul>\n<li style=\"font-weight: 400;\" aria-level=\"1\"><a href=\"https:\/\/espamob.com\/pl\/praktyki-zawodowe-erasmus\/it-multimediow\/praktyki-erasmus-audiowizualnej\/\"><span style=\"font-weight: 400;\">Praktyki Erasmus+\u00a0audiowizualne<\/span><\/a><\/li>\n<li style=\"font-weight: 400;\" aria-level=\"1\"><a href=\"https:\/\/espamob.com\/pl\/praktyki-zawodowe-erasmus\/it-multimediow\/praktyki-erasmus-grafiki\/\"><span style=\"font-weight: 400;\">Praktyki Erasmus+ Grafiki<\/span><\/a><\/li>\n<\/ul>\n<p>[\/vc_column_text][\/vc_column_inner][\/vc_row_inner][\/vc_column][\/vc_row]<\/p>\n<\/div>","protected":false},"excerpt":{"rendered":"<p>[vc_row css=&#8221;.vc_custom_1707933921686{margin-top: -20px !important;margin-bottom: 40px !important;background-image: url(https:\/\/espamob.com\/wp-content\/uploads\/2024\/02\/Informatica-Digital.webp?id=23427) !important;}&#8221; conditional_render=&#8221;%5B%7B%22value_role%22%3A%22administrator%22%7D%5D&#8221;][vc_column css=&#8221;.vc_custom_1687965657482{padding-top: 30px !important;}&#8221; conditional_render=&#8221;%5B%7B%22value_role%22%3A%22administrator%22%7D%5D&#8221;][vc_empty_space height=&#8221;170&#8243;][vc_custom_heading text=&#8221;Praktyki Erasmus: Informatyka&#8221; font_container=&#8221;tag:h1|font_size:27|text_align:center|color:%23ffffff&#8221; use_theme_fonts=&#8221;yes&#8221; css=&#8221;.vc_custom_1708082243865{margin-bottom: 15px !important;background-color: rgba(136,136,136,0.29) !important;*background-color: rgb(136,136,136) !important;}&#8221; animation_type=&#8221;zoomIn&#8221;][vc_empty_space height=&#8221;40&#8243;][\/vc_column][\/vc_row][vc_row wrap_container=&#8221;yes&#8221; text_align=&#8221;justify&#8221;][vc_column text_align=&#8221;justify&#8221;][vc_column_text] Home Sektory sta\u017cowe Mobilno\u015b\u0107 w bran\u017cy IT i multimedi\u00f3w Praktyka zawodowa Erasmus: Informatyka [\/vc_column_text][vc_custom_heading text=&#8221;Praktyki Erasmus: Informatyka: Niezapomniane do\u015bwiadczenie w sercu Europy&#8221; use_theme_fonts=&#8221;yes&#8221; css=&#8221;.vc_custom_1708082327911{margin-top:<\/p>\n","protected":false},"author":2,"featured_media":0,"parent":12762,"menu_order":0,"comment_status":"closed","ping_status":"closed","template":"","meta":{"footnotes":""},"class_list":["post-23444","page","type-page","status-publish","hentry"],"_links":{"self":[{"href":"https:\/\/espamob.com\/pl\/wp-json\/wp\/v2\/pages\/23444","targetHints":{"allow":["GET"]}}],"collection":[{"href":"https:\/\/espamob.com\/pl\/wp-json\/wp\/v2\/pages"}],"about":[{"href":"https:\/\/espamob.com\/pl\/wp-json\/wp\/v2\/types\/page"}],"author":[{"embeddable":true,"href":"https:\/\/espamob.com\/pl\/wp-json\/wp\/v2\/users\/2"}],"replies":[{"embeddable":true,"href":"https:\/\/espamob.com\/pl\/wp-json\/wp\/v2\/comments?post=23444"}],"version-history":[{"count":0,"href":"https:\/\/espamob.com\/pl\/wp-json\/wp\/v2\/pages\/23444\/revisions"}],"up":[{"embeddable":true,"href":"https:\/\/espamob.com\/pl\/wp-json\/wp\/v2\/pages\/12762"}],"wp:attachment":[{"href":"https:\/\/espamob.com\/pl\/wp-json\/wp\/v2\/media?parent=23444"}],"curies":[{"name":"wp","href":"https:\/\/api.w.org\/{rel}","templated":true}]}}