{"id":23383,"date":"2023-08-25T00:00:00","date_gmt":"2023-08-25T00:00:00","guid":{"rendered":"https:\/\/www.espamob.com\/praktyki-zawodowe-erasmus\/auto-moto\/stage-erasmus-carrosserie\/"},"modified":"2024-03-04T23:00:13","modified_gmt":"2024-03-04T23:00:13","slug":"praktyki-erasmus-blacharstwo","status":"publish","type":"page","link":"https:\/\/espamob.com\/pl\/praktyki-zawodowe-erasmus\/motoryzacyjnym\/praktyki-erasmus-blacharstwo\/","title":{"rendered":"Stage Erasmus : Carrosserie"},"content":{"rendered":"<div class=\"wpb-content-wrapper\"><p>[vc_row css=&#8221;.vc_custom_1707762604194{margin-top: -20px !important;margin-bottom: 40px !important;background-image: url(https:\/\/espamob.com\/wp-content\/uploads\/2024\/02\/Carroceria.webp?id=23370) !important;}&#8221; conditional_render=&#8221;%5B%7B%22value_role%22%3A%22administrator%22%7D%5D&#8221;][vc_column css=&#8221;.vc_custom_1687965657482{padding-top: 30px !important;}&#8221; conditional_render=&#8221;%5B%7B%22value_role%22%3A%22administrator%22%7D%5D&#8221;][vc_empty_space height=&#8221;170&#8243;][vc_custom_heading text=&#8221;Praktyki Erasmus: Blacharstwo&#8221; font_container=&#8221;tag:h1|font_size:27|text_align:center|color:%23ffffff&#8221; use_theme_fonts=&#8221;yes&#8221; css=&#8221;.vc_custom_1707770415286{margin-bottom: 15px !important;background-color: rgba(136,136,136,0.29) !important;*background-color: rgb(136,136,136) !important;}&#8221; animation_type=&#8221;zoomIn&#8221;][vc_empty_space height=&#8221;40&#8243;][\/vc_column][\/vc_row][vc_row wrap_container=&#8221;yes&#8221; text_align=&#8221;justify&#8221;][vc_column text_align=&#8221;justify&#8221;][vc_column_text]<\/p>\n<nav aria-label=\"breadcrumb\">\n<ol class=\"breadcrumb\">\n<li class=\"breadcrumb-item\"><a href=\"https:\/\/espamob.com\/pl\">Home<\/a><\/li>\n<li class=\"breadcrumb-item\"><a href=\"https:\/\/espamob.com\/pl\/praktyki-zawodowe-erasmus\">Sektory sta\u017cowe<\/a><\/li>\n<li class=\"breadcrumb-item active\" aria-current=\"page\"><a href=\"https:\/\/espamob.com\/pl\/praktyki-zawodowe-erasmus\/auto-moto\/\">Mobilno\u015b\u0107 w sektorze motoryzacyjnym<\/a><\/li>\n<li class=\"breadcrumb-item active\" aria-current=\"page\">Praktyka zawodowa Erasmus: Blacharstwo<\/li>\n<\/ol>\n<\/nav>\n<p>[\/vc_column_text][vc_custom_heading text=&#8221;Sta\u017c Erasmus Blacharstwo: unikalne do\u015bwiadczenie zawodowe w Europie&#8221; use_theme_fonts=&#8221;yes&#8221; css=&#8221;.vc_custom_1707770464171{margin-top: 20px !important;}&#8221;][vc_separator][vc_row_inner][vc_column_inner width=&#8221;7\/12&#8243;][vc_column_text]<span style=\"font-weight: 400;\">Praktyki Erasmus w Blacharstwo to wyj\u0105tkowe do\u015bwiadczenie zawodowe dla student\u00f3w i m\u0142odych profesjonalist\u00f3w z bran\u017cy motoryzacyjnej, kt\u00f3rzy chc\u0105 zdoby\u0107 nowe umiej\u0119tno\u015bci i zaznajomi\u0107 si\u0119 z europejsk\u0105 kultur\u0105. Ten program jest cz\u0119\u015bci\u0105 program\u00f3w<strong> Erasmus+<\/strong>, kt\u00f3rych g\u0142\u00f3wnym celem jest promowanie wsp\u00f3\u0142pracy mi\u0119dzy krajami europejskimi w r\u00f3\u017cnych dziedzinach, w tym edukacji i szkole\u0144 zawodowych.<\/span><\/p>\n<h2>Czym s\u0105 Praktyki Erasmus w Blacharstwo?<\/h2>\n<p><span style=\"font-weight: 400;\">Erasmus praktyki w dziedzinie blacharstwa polegaj\u0105 na odbyciu praktyki w warsztacie specjalizuj\u0105cym si\u0119 w naprawie karoserii samochodowej w kraju Unii Europejskiej innym ni\u017c ten, w kt\u00f3rym zdoby\u0142e\u015b dyplom. Czas trwania praktyki mo\u017ce si\u0119 r\u00f3\u017cni\u0107 w zale\u017cno\u015bci od Twoich potrzeb i wymaga\u0144 firmy przyjmuj\u0105cej, ale zazwyczaj mie\u015bci si\u0119 w przedziale od 3 do 12 miesi\u0119cy. Tego rodzaju praktyka daje wyj\u0105tkow\u0105 mo\u017cliwo\u015b\u0107 praktycznego zastosowania wiedzy zdobytej podczas studi\u00f3w lub kariery zawodowej oraz rozwini\u0119cia specjalistycznych umiej\u0119tno\u015bci zwi\u0105zanych z blacharstwem. Obejmuje to nauk\u0119 technik naprawy, wymiany cz\u0119\u015bci i malowania, a tak\u017ce obs\u0142ug\u0119 specjalistycznych narz\u0119dzi i maszyn.<\/span><\/p>\n<h2>Jakie s\u0105 korzy\u015bci z realizacji Praktyk Erasmus+ w Blacharstwo?<\/h2>\n<h3>Zdobywanie umiej\u0119tno\u015bci zawodowych<\/h3>\n<p><span style=\"font-weight: 400;\">Jednym z g\u0142\u00f3wnych korzy\u015bci z praktyk w dziedzinie blacharstwa jest mo\u017cliwo\u015b\u0107 zdobycia umiej\u0119tno\u015bci zawodowych w kontek\u015bcie mi\u0119dzynarodowym. Pracuj\u0105c z kolegami i klientami z r\u00f3\u017cnych kraj\u00f3w, b\u0119dziesz m\u00f3g\u0142 nie tylko poprawi\u0107 swoje umiej\u0119tno\u015bci techniczne z zakresu blacharstwa, ale r\u00f3wnie\u017c rozwija\u0107 umiej\u0119tno\u015bci mi\u0119dzykulturowe i j\u0119zykowe.<\/span><\/p>\n<h3>Wzmacnianie sieci zawodowej<\/h3>\n<p><span style=\"font-weight: 400;\">Praktyka za granic\u0105 to r\u00f3wnie\u017c doskona\u0142a okazja do wzmocnienia swojej sieci zawodowej. B\u0119dziesz mia\u0142 okazj\u0119 spotka\u0107 si\u0119 z profesjonalistami z bran\u017cy motoryzacyjnej, a tak\u017ce ze studentami i praktykantami z innych kraj\u00f3w europejskich, co mo\u017ce przynie\u015b\u0107 korzy\u015bci dla Twojej przysz\u0142ej kariery.<\/span><\/p>\n<h3>Odkrywanie innej kultury<\/h3>\n<p><span style=\"font-weight: 400;\">Wreszcie, odbycie praktyk Erasmus w dziedzinie blacharstwa pozwala odkry\u0107 now\u0105 kultur\u0119 i prze\u017cy\u0107 unikalne do\u015bwiadczenie mi\u0119dzynarodowej mobilno\u015bci. B\u0119dziesz m\u00f3g\u0142 zanurzy\u0107 si\u0119 w codziennym \u017cyciu innego kraju, nauczy\u0107 si\u0119 jego j\u0119zyka i zwyczaj\u00f3w, a by\u0107 mo\u017ce nawet nawi\u0105za\u0107 trwa\u0142e przyja\u017anie ponad granicami.<\/span>[\/vc_column_text][\/vc_column_inner][vc_column_inner width=&#8221;1\/12&#8243;][\/vc_column_inner][vc_column_inner width=&#8221;4\/12&#8243;][vc_single_image image=&#8221;18161&#8243; img_size=&#8221;400*400&#8243; alignment=&#8221;right&#8221; style=&#8221;vc_box_rounded&#8221;][vc_btn title=&#8221;Zobacz wi\u0119cej&#8221; style=&#8221;custom&#8221; custom_background=&#8221;#e20000&#8243; custom_text=&#8221;#ffffff&#8221; align=&#8221;center&#8221; link=&#8221;url:https%3A%2F%2Fespamob.com%2Fpl%2Fkontakt-z-polskim-konsultantem%2F|title:Kontakt|target:_blank&#8221;][\/vc_column_inner][\/vc_row_inner][vc_custom_heading text=&#8221;Jak znale\u017a\u0107  praktyk\u0119 Erasmus w Blacharstwo?&#8221; font_container=&#8221;tag:h3|text_align:left&#8221; use_theme_fonts=&#8221;yes&#8221; css=&#8221;.vc_custom_1707771074392{margin-top: 20px !important;}&#8221;][vc_separator][vc_row_inner][vc_column_inner width=&#8221;7\/12&#8243;][vc_column_text]<span style=\"font-weight: 400;\">Aby pom\u00f3c Ci w znalezieniu praktyki Erasmus w dziedzinie blacharstwa, wiele organizacji, takie jak <strong>Espamob<\/strong>, oferuje us\u0142ugi pomocy w organizacji mobilno\u015bci. Te struktury mog\u0105 towarzyszy\u0107 Ci we wszystkich sprawach administracyjnych i logistycznych zwi\u0105zanych z Twoj\u0105 praktyk\u0105, takich jak:\u00a0<\/span><\/p>\n<ul>\n<li style=\"font-weight: 400;\" aria-level=\"1\"><span style=\"font-weight: 400;\">Poszukiwanie firmy przyjmuj\u0105cej, odpowiadaj\u0105cej Twoim potrzebom i oczekiwaniom;\u00a0<\/span><\/li>\n<li style=\"font-weight: 400;\" aria-level=\"1\"><span style=\"font-weight: 400;\">Wniosek o stypendium na sfinansowanie pobytu za granic\u0105;\u00a0<\/span><\/li>\n<li style=\"font-weight: 400;\" aria-level=\"1\"><span style=\"font-weight: 400;\">Organizacja zakwaterowania i transportu;\u00a0<\/span><\/li>\n<li style=\"font-weight: 400;\" aria-level=\"1\"><span style=\"font-weight: 400;\">\u015aledzenie post\u0119pu edukacyjnego i administracyjnego przez ca\u0142y okres praktyki.<\/span><\/li>\n<\/ul>\n<p><span style=\"font-weight: 400;\">Mo\u017cna r\u00f3wnie\u017c sprawdzi\u0107 og\u0142oszenia praktyk na specjalistycznych platformach internetowych, takich jak Europass czy EURES. Nie wahaj si\u0119 sk\u0142ada\u0107 bezpo\u015brednio poda\u0144 do firm, kt\u00f3re Ci\u0119 interesuj\u0105, i korzysta\u0107 z w\u0142asnej sieci zawodowej, aby uzyska\u0107 kontakty i rekomendacje.<\/span><\/p>\n<h2>Opinie student\u00f3w, kt\u00f3rzy odbyli praktyki Erasmus w Blacharstwo<\/h2>\n<p><b>Julien, 22 lata, odby\u0142 praktyk\u0119 Erasmus w Blacharstwo w Hiszpanii:<\/b><span style=\"font-weight: 400;\"> \u201eTo do\u015bwiadczenie pozwoli\u0142o mi na nauk\u0119 r\u00f3\u017cnych technik naprawy i malowania, kt\u00f3rych nie mia\u0142em okazji praktykowa\u0107 podczas nauki we Francji. Mog\u0142em tak\u017ce poprawi\u0107 swoj\u0105 znajomo\u015b\u0107 hiszpa\u0144skiego i zaprzyja\u017ani\u0107 si\u0119 z lud\u017ami z wielu kraj\u00f3w europejskich. To by\u0142o niezapomniane do\u015bwiadczenie!\u201d<\/span><\/p>\n<p><b>Sophie, 24 lata, odby\u0142a praktyk\u0119 Erasmus w Blacharstwoa we W\u0142oszech:<\/b><span style=\"font-weight: 400;\"> \u201eDzi\u0119ki mojej praktyce mog\u0142am odkry\u0107 w\u0142oski sektor motoryzacyjny i jego specyfik\u0119 w dziedzinie blacharstwa. Mog\u0142am r\u00f3wnie\u017c odwiedzi\u0107 r\u00f3\u017cne warsztaty i spotka\u0107 pasjonuj\u0105cych profesjonalist\u00f3w. To do\u015bwiadczenie utwierdzi\u0142o mnie w wyborze kariery i zainspirowa\u0142o mnie do kontynuowania nauki za granic\u0105.\u201d<\/span><\/p>\n<p><span style=\"font-weight: 400;\">Podsumowuj\u0105c, praktyki Erasmus w Blacharstwo oferuj\u0105 unikaln\u0105 mo\u017cliwo\u015b\u0107 studentom i m\u0142odym profesjonalistom z bran\u017cy motoryzacyjnej do nauki w mi\u0119dzynarodowym \u015brodowisku, zdobycia nowych umiej\u0119tno\u015bci i rozwini\u0119cia swojej sieci zawodowej. Nie wahaj si\u0119 sprawdzi\u0107 dost\u0119pnych program\u00f3w Erasmus+ i sk\u0142ada\u0107 podania do ofert, kt\u00f3re odpowiadaj\u0105 twoim oczekiwaniom.<\/span>[\/vc_column_text][\/vc_column_inner][vc_column_inner width=&#8221;1\/12&#8243;][\/vc_column_inner][vc_column_inner width=&#8221;4\/12&#8243;][vc_raw_html]JTNDZGl2JTIwc3R5bGUlM0QlMjJwYWRkaW5nJTNBJTIwMzBweCUzQmJhY2tncm91bmQtY29sb3IlM0ElMjAlMjNGNEY0RjQlM0IlMjIlM0UlMEElMjAlMjAlMjAlMjAlM0NoNCUzRU9ka3J5aiUyMHdzenlzdGtpZSUyMHNla3RvcnklMjBwcmFrdHlrJTNDJTJGaDQlM0UlMEElMjAlMjAlMjAlMjAlM0NwJTNFRXNwYW1vYiUyMHNwZWNqYWxpenVqZSUyMHNpJUM0JTk5JTIwdyUyMHBvbWFnYW5pdSUyMGdydXBvbSUyMHclMjBtb2JpbG5vJUM1JTlCY2klMjB3JTIwcmFtYWNoJTIwcHJvZ3JhbXUlMjBFcmFzbXVzJTIwJTJCLiUyMERvd2llZHolMjBzaSVDNCU5OSUyMG8lMjB3c3p5c3RraWNoJTIwc2VrdG9yYWNoJTIwcHJha3R5ayUyMEVyYXNtdXMlMjB3JTIwSGlzenBhbmlpJTIwemElMjBwb21vYyVDNCU4NSUyMGtpbGt1JTIwa2xpa25pJUM0JTk5JUM0JTg3LiUzQyUyRnAlM0UlMEElMjAlMjAlMjAlMjAlM0NhJTIwY2xhc3MlM0QlMjJ2Y19nZW5lcmFsJTIwdmNfYnRuMyUyMHZjX2J0bjMtc2l6ZS1tZCUyMHZjX2J0bjMtc2hhcGUtZGVmYXVsdCUyMHZjX2J0bjMtc3R5bGUtY3VzdG9tJTIwd3BiX2N1c3RvbV82Njg3YjI2ZjM5NDg4ZGRiYjg1ZGRiM2MxY2U4ZTExMSUyMGJ0biUyMiUyMHN0eWxlJTNEJTIyYmFja2dyb3VuZC1jb2xvciUzQSUyM2UyMDAwMCUzQiUyMGNvbG9yJTNBJTIzZmZmZmZmJTNCJTIwYmFja2dyb3VuZC1jb2xvciUzQSUyM2UyMDAwMCUzQiUyMGNvbG9yJTNBJTIzZmZmZmZmJTNCJTIyJTIwaHJlZiUzRCUyMmh0dHBzJTNBJTJGJTJGd3d3LmVzcGFtb2IuY29tJTJGcGwlMkZwcmFrdHlraS16YXdvZG93ZS1lcmFzbXVzJTJGJTIyJTIwdGl0bGUlM0QlMjJTZWt0b3J5JTIwc3RhJUM1JUJDb3dlJTIyJTIwdGFyZ2V0JTNEJTIyX2JsYW5rJTIyJTNFT2RrcnlqJTIwc2VrdG9yeSUzQyUyRmElM0UlMEElM0MlMkZkaXYlM0U=[\/vc_raw_html][\/vc_column_inner][\/vc_row_inner][\/vc_column][\/vc_row][vc_row full_width=&#8221;stretch_row&#8221; wrap_container=&#8221;yes&#8221; is_section=&#8221;yes&#8221; css=&#8221;.vc_custom_1707770691470{border-top-width: 0px !important;padding-top: 15px !important;padding-bottom: 15px !important;background-color: #f8f392 !important;}&#8221; conditional_render=&#8221;%5B%7B%22value_role%22%3A%22administrator%22%7D%5D&#8221;][vc_column][vc_row_inner css=&#8221;.vc_custom_1688548648248{background-color: #f8f392 !important;}&#8221;][vc_column_inner][vc_custom_heading text=&#8221;Popro\u015b o bezp\u0142atn\u0105 wycen\u0119&#8221; font_container=&#8221;tag:h2|text_align:center&#8221; use_theme_fonts=&#8221;yes&#8221;][vc_column_text]<\/p>\n<p style=\"text-align: justify;\">Masz pomys\u0142 na projekt Erasmus+ w Hiszpanii i szukasz zaufanej agencji, kt\u00f3ra Ci\u0119 wesprze?\u00a0<strong>Espamob<\/strong>\u2019 jest tutaj, aby Ci pom\u00f3c! Oferujemy bezp\u0142atn\u0105 i niezobowi\u0105zuj\u0105c\u0105 wycen\u0119, kt\u00f3ra pomo\u017ce Ci zarz\u0105dza\u0107 projektem mobilno\u015bci. Dzi\u0119ki naszemu do\u015bwiadczeniu i sieci firm partnerskich mo\u017cemy zaoferowa\u0107 spersonalizowane wsparcie, aby spe\u0142ni\u0107 Twoje specyficzne potrzeby. Skontaktuj si\u0119 z nami ju\u017c teraz, aby om\u00f3wi\u0107 sw\u00f3j projekt i otrzyma\u0107 bezp\u0142atn\u0105 wycen\u0119.<\/p>\n<p>[\/vc_column_text]<div id=\"modal-trg-txt-wrap-2783\" class=\"ult-modal-input-wrapper ult-adjust-bottom-margin    \" data-keypress-control=\"keypress-control-enable\" data-overlay-control=\"overlay-control-enable\"><style>\n\t\t\t\t\t.btn-modal.btn-id-69e79296753194-93846560:hover {\n\t\t\t\t\t\tbackground-color: #e20000 !important;\n\t\t\t\t\t}\n\t\t\t\t\t<\/style><button  data-ultimate-target='#modal-trg-txt-wrap-2783 .btn-modal'  data-responsive-json-new='{\"font-size\":\"\",\"line-height\":\"\"}'  style=\"background:#888888;border-color:#888888;color:#ffffff; \" data-class-id=\"content-69e79296753194-93846560\" class=\"btn-modal ult-responsive btn-primary btn-modal-md overlay-show ult-align-center btn-id-69e79296753194-93846560\" data-overlay-class=\"overlay-cornerbottomleft\">ZAM\u00d3W BEZP\u0141ATN\u0104 WYCEN\u0118<\/button><\/div>\n<div class=\"ult-overlay content-69e79296753194-93846560 \" data-class=\"content-69e79296753194-93846560\" id=\"button-click-overlay\" style=\"background:rgba(51,51,51,0.8); display:none;\">\n\t<div class=\"ult_modal ult-fade ult-medium\">\n\t\t<div id=\"ult-modal-wrap-8518\" class=\"ult_modal-content ult-hide\" style=\"border-style:solid;border-width:2px;border-radius:0px;border-color:#333333;\">\n\t\t\t<div class=\"ult_modal-header\" style=\"color:#333333;border-color:#333333;\">\n\t\t\t\t<h3  data-ultimate-target='#ult-modal-wrap-8518 .ult_modal-title'  data-responsive-json-new='{\"font-size\":\"\",\"line-height\":\"\"}'  class=\"ult_modal-title ult-responsive\">ZAM\u00d3W BEZP\u0141ATN\u0104 WYCEN\u0118<\/h3>\n\t\t\t<\/div>\n\t\t\t<div  data-ultimate-target='#ult-modal-wrap-8518 .ult_modal-body'  data-responsive-json-new='{\"font-size\":\"\",\"line-height\":\"\"}'  class=\"ult_modal-body ult-responsive ult-html\" style=\"\">\n\t\t\t[caldera_form id=&#8221;CF6149e02688efa&#8221;]\n\t\t\t<\/div>\n\t<\/div>\n\t<\/div>\n\t<div class=\"ult-overlay-close top-right\" style=\"width:80px;height:80px; \"><div class=\"ult-overlay-close-inside\">Close<\/div><\/div>\n<\/div>[\/vc_column_inner][\/vc_row_inner][\/vc_column][\/vc_row][vc_row wrap_container=&#8221;yes&#8221; css=&#8221;.vc_custom_1689256499740{margin-top: 15px !important;}&#8221; conditional_render=&#8221;%5B%7B%22value_role%22%3A%22administrator%22%7D%5D&#8221;][vc_column][vc_custom_heading text=&#8221;Pytania cz\u0119sto zadawane&#8221; font_container=&#8221;tag:h2|text_align:center|color:%23000000&#8243; use_theme_fonts=&#8221;yes&#8221;][vc_separator][vc_row_inner][vc_column_inner width=&#8221;7\/12&#8243;][vc_column_text]<\/p>\n<h3>Jakie us\u0142ugi oferuje Espamob dla grup chc\u0105cych odby\u0107 sta\u017c Erasmus w Blacharstwo?<\/h3>\n<p><span style=\"font-weight: 400;\">Espamob oferuje kompleksowe zarz\u0105dzanie projektami mobilno\u015bci Erasmus w dziedzinie blacharstwa. Agencja wspiera grupy w tworzeniu projektu, poszukiwaniu finansowania, przyjmowaniu w plac\u00f3wkach edukacyjnych i partneruj\u0105cych firmach na sta\u017ce w dziedzinie blacharstwa. Odpowiada r\u00f3wnie\u017c za znalezienie miejsca zakwaterowania na miejscu i odbi\u00f3r grup z lotniska.\u00a0<\/span><\/p>\n<h3>Jak Espamob pomaga grupom w pozyskiwaniu finansowania na ich sta\u017c Erasmus w Blacharstwo?<\/h3>\n<p><span style=\"font-weight: 400;\">Espamob posiada wiedz\u0119 specjalistyczn\u0105 w zakresie pozyskiwania finansowania na sta\u017ce Erasmus w dziedzinie blacharstwa. Agencja kieruje grupy w procedurach administracyjnych dotycz\u0105cych uzyskania dotacji, informuje o r\u00f3\u017cnych mo\u017cliwo\u015bciach finansowania i pomaga w przygotowaniu dokumentacji wniosku o dofinansowanie. Espamob udost\u0119pnia r\u00f3wnie\u017c zasoby i kontakty u\u0142atwiaj\u0105ce poszukiwanie dodatkowych \u017ar\u00f3de\u0142 finansowania.\u00a0<\/span><\/p>\n<h3>Jakie s\u0105 korzy\u015bci z wyboru Espamob do realizacji sta\u017cu Erasmus w Blacharstwo w Hiszpanii?<\/h3>\n<p><span style=\"font-weight: 400;\">Wybieraj\u0105c Espamob do realizacji sta\u017cu Erasmus w dziedzinie blacharstwa w Hiszpanii, korzystasz z indywidualnego wsparcia i kompleksowego zarz\u0105dzania projektem. Agencja pomaga w tworzeniu projektu, pozyskiwaniu finansowania, organizowaniu pobytu w Hiszpanii oraz integrowaniu si\u0119 w uniwersytety i firmy partnerskie. Espamob u\u0142atwia r\u00f3wnie\u017c proces osiedlenia si\u0119, znajduj\u0105c odpowiednie zakwaterowanie i zapewniaj\u0105c transfer z lotniska.<\/span>[\/vc_column_text][\/vc_column_inner][vc_column_inner width=&#8221;1\/12&#8243;][\/vc_column_inner][vc_column_inner width=&#8221;4\/12&#8243;][vc_single_image image=&#8221;15074&#8243; img_size=&#8221;full&#8221;][vc_column_text]<b>Dowiedz si\u0119 wi\u0119cej o r\u00f3\u017cnych destynacjach Erasmus+ w Hiszpanii:\u00a0<\/b><\/p>\n<ul>\n<li><a href=\"https:\/\/espamob.com\/pl\/praktyki-zawodowe-erasmus\/motoryzacyjnym\/praktyki-erasmus-mechanika\/\"><span style=\"font-weight: 400;\"> Sta\u017c Erasmus Mechanika<\/span><\/a><\/li>\n<\/ul>\n<p>[\/vc_column_text][\/vc_column_inner][\/vc_row_inner][\/vc_column][\/vc_row]<\/p>\n<\/div>","protected":false},"excerpt":{"rendered":"<p>[vc_row css=&#8221;.vc_custom_1707762604194{margin-top: -20px !important;margin-bottom: 40px !important;background-image: url(https:\/\/espamob.com\/wp-content\/uploads\/2024\/02\/Carroceria.webp?id=23370) !important;}&#8221; conditional_render=&#8221;%5B%7B%22value_role%22%3A%22administrator%22%7D%5D&#8221;][vc_column css=&#8221;.vc_custom_1687965657482{padding-top: 30px !important;}&#8221; conditional_render=&#8221;%5B%7B%22value_role%22%3A%22administrator%22%7D%5D&#8221;][vc_empty_space height=&#8221;170&#8243;][vc_custom_heading text=&#8221;Praktyki Erasmus: Blacharstwo&#8221; font_container=&#8221;tag:h1|font_size:27|text_align:center|color:%23ffffff&#8221; use_theme_fonts=&#8221;yes&#8221; css=&#8221;.vc_custom_1707770415286{margin-bottom: 15px !important;background-color: rgba(136,136,136,0.29) !important;*background-color: rgb(136,136,136) !important;}&#8221; animation_type=&#8221;zoomIn&#8221;][vc_empty_space height=&#8221;40&#8243;][\/vc_column][\/vc_row][vc_row wrap_container=&#8221;yes&#8221; text_align=&#8221;justify&#8221;][vc_column text_align=&#8221;justify&#8221;][vc_column_text] Home Sektory sta\u017cowe Mobilno\u015b\u0107 w sektorze motoryzacyjnym Praktyka zawodowa Erasmus: Blacharstwo [\/vc_column_text][vc_custom_heading text=&#8221;Sta\u017c Erasmus Blacharstwo: unikalne do\u015bwiadczenie zawodowe w Europie&#8221; use_theme_fonts=&#8221;yes&#8221; css=&#8221;.vc_custom_1707770464171{margin-top: 20px !important;}&#8221;][vc_separator][vc_row_inner][vc_column_inner<\/p>\n","protected":false},"author":2,"featured_media":0,"parent":13100,"menu_order":0,"comment_status":"closed","ping_status":"closed","template":"","meta":{"footnotes":""},"class_list":["post-23383","page","type-page","status-publish","hentry"],"_links":{"self":[{"href":"https:\/\/espamob.com\/pl\/wp-json\/wp\/v2\/pages\/23383","targetHints":{"allow":["GET"]}}],"collection":[{"href":"https:\/\/espamob.com\/pl\/wp-json\/wp\/v2\/pages"}],"about":[{"href":"https:\/\/espamob.com\/pl\/wp-json\/wp\/v2\/types\/page"}],"author":[{"embeddable":true,"href":"https:\/\/espamob.com\/pl\/wp-json\/wp\/v2\/users\/2"}],"replies":[{"embeddable":true,"href":"https:\/\/espamob.com\/pl\/wp-json\/wp\/v2\/comments?post=23383"}],"version-history":[{"count":0,"href":"https:\/\/espamob.com\/pl\/wp-json\/wp\/v2\/pages\/23383\/revisions"}],"up":[{"embeddable":true,"href":"https:\/\/espamob.com\/pl\/wp-json\/wp\/v2\/pages\/13100"}],"wp:attachment":[{"href":"https:\/\/espamob.com\/pl\/wp-json\/wp\/v2\/media?parent=23383"}],"curies":[{"name":"wp","href":"https:\/\/api.w.org\/{rel}","templated":true}]}}