{"id":23246,"date":"2023-08-25T00:00:00","date_gmt":"2023-08-25T00:00:00","guid":{"rendered":"https:\/\/www.espamob.com\/praktyki-zawodowe-erasmus\/hotellerie-restauration\/stage-erasmus-reception\/"},"modified":"2025-11-03T16:07:10","modified_gmt":"2025-11-03T16:07:10","slug":"praktyki-erasmus-recepcji","status":"publish","type":"page","link":"https:\/\/espamob.com\/pl\/praktyki-zawodowe-erasmus\/hotelarstwo-gastronomia\/praktyki-erasmus-recepcji\/","title":{"rendered":"Stage Erasmus : R\u00e9ception"},"content":{"rendered":"<div class=\"wpb-content-wrapper\"><p>[vc_row css=&#8221;.vc_custom_1706811342981{margin-top: -20px !important;margin-bottom: 40px !important;background-image: url(https:\/\/espamob.com\/wp-content\/uploads\/2024\/02\/Bienvenida-y-recepcion.webp?id=23230) !important;}&#8221; conditional_render=&#8221;%5B%7B%22value_role%22%3A%22administrator%22%7D%5D&#8221;][vc_column css=&#8221;.vc_custom_1687965657482{padding-top: 30px !important;}&#8221; conditional_render=&#8221;%5B%7B%22value_role%22%3A%22administrator%22%7D%5D&#8221;][vc_empty_space height=&#8221;170&#8243;][vc_custom_heading text=&#8221;Praktyki Erasmus: Recepcji hotelowa&#8221; font_container=&#8221;tag:h1|font_size:27|text_align:center|color:%23ffffff&#8221; use_theme_fonts=&#8221;yes&#8221; css=&#8221;.vc_custom_1707082417095{margin-bottom: 15px !important;background-color: rgba(136,136,136,0.29) !important;*background-color: rgb(136,136,136) !important;}&#8221; animation_type=&#8221;zoomIn&#8221;][vc_empty_space height=&#8221;40&#8243;][\/vc_column][\/vc_row][vc_row wrap_container=&#8221;yes&#8221; text_align=&#8221;justify&#8221;][vc_column text_align=&#8221;justify&#8221;][vc_column_text]<\/p>\n<nav aria-label=\"breadcrumb\">\n<ol class=\"breadcrumb\">\n<li class=\"breadcrumb-item\"><a href=\"https:\/\/espamob.com\/pl\">Home<\/a><\/li>\n<li class=\"breadcrumb-item\"><a href=\"https:\/\/espamob.com\/pl\/praktyki-zawodowe-erasmus\">Sektory sta\u017cowe<\/a><\/li>\n<li class=\"breadcrumb-item active\" aria-current=\"page\"><a href=\"https:\/\/espamob.com\/pl\/praktyki-zawodowe-erasmus\/hotellerie-restauration\/\">Mobilno\u015b\u0107 w sektorze hotelarskim<\/a><\/li>\n<li class=\"breadcrumb-item active\" aria-current=\"page\">Praktyka zawodowa Erasmus: Recepcji hotelowa<\/li>\n<\/ol>\n<\/nav>\n<p>[\/vc_column_text][vc_custom_heading text=&#8221;Ciesz si\u0119 pe\u0142ni\u0105 swoich praktyk Erasmus w dziale Recepcji&#8221; use_theme_fonts=&#8221;yes&#8221; css=&#8221;.vc_custom_1707082471177{margin-top: 20px !important;}&#8221;][vc_separator][vc_row_inner][vc_column_inner width=&#8221;7\/12&#8243;][vc_column_text]<span style=\"font-weight: 400;\">Ciesz si\u0119 pe\u0142ni\u0105 swoich <strong>praktyk Erasmus w dziale Recepcji<\/strong>. Praktyki Erasmus w dziale Recepcji to wyj\u0105tkowe do\u015bwiadczenie dla student\u00f3w pragn\u0105cych wzbogaci\u0107 sw\u00f3j program studi\u00f3w i odkry\u0107 nowe horyzonty. Ten europejski program, oferuj\u0105cy wsparcie finansowe uczestnikom, umo\u017cliwia odbycie praktyk zagranicznych przy jednoczesnym korzystaniu z pomocy mobilno\u015bci. W tym artykule przedstawiamy co zrobi\u0107, aby w pe\u0142ni skorzysta\u0107 z tej mo\u017cliwo\u015bci.\u00a0<\/span><\/p>\n<h2>Przygotuj sw\u00f3j dokument aplikacyjny<\/h2>\n<p><span style=\"font-weight: 400;\">Zanim rozpoczniesz praktyki Erasmus w dziale Recepcji, wa\u017cne jest, aby stworzy\u0107 kompletny i adekwatny dokument aplikacyjny. Powinien on zawiera\u0107 kilka element\u00f3w:\u00a0<\/span><\/p>\n<ul>\n<li style=\"font-weight: 400;\" aria-level=\"1\"><span style=\"font-weight: 400;\">\u017byciorys, najlepiej napisany w j\u0119zyku kraju przyjmuj\u0105cego\u00a0<\/span><\/li>\n<li style=\"font-weight: 400;\" aria-level=\"1\"><span style=\"font-weight: 400;\">List motywacyjny, r\u00f3wnie\u017c przet\u0142umaczony, je\u015bli to konieczne<\/span><\/li>\n<li style=\"font-weight: 400;\" aria-level=\"1\"><span style=\"font-weight: 400;\">Sprawozdania z ocen z ostatnich dw\u00f3ch lat nauki\u00a0<\/span><\/li>\n<li style=\"font-weight: 400;\" aria-level=\"1\"><span style=\"font-weight: 400;\">Dokument to\u017csamo\u015bci lub kopia dowodu osobistego\u00a0<\/span><\/li>\n<li style=\"font-weight: 400;\" aria-level=\"1\"><span style=\"font-weight: 400;\">\u015awiadectwo j\u0119zykowe, je\u015bli wymagany poziom przekracza B2\u00a0<\/span><\/li>\n<\/ul>\n<h2>Znajd\u017a praktyki dostosowane do swoich potrzeb<\/h2>\n<p><span style=\"font-weight: 400;\">Aby znale\u017a\u0107 idealne praktyki Erasmus w dziale Recepcji, wa\u017cne jest uwzgl\u0119dnienie kilku kryteri\u00f3w:<\/span><\/p>\n<ol>\n<li style=\"font-weight: 400;\" aria-level=\"1\"><span style=\"font-weight: 400;\">Czas trwania praktyk, kt\u00f3ry zazwyczaj wynosi od 2 do 12 miesi\u0119cy<\/span><\/li>\n<li style=\"font-weight: 400;\" aria-level=\"1\"><span style=\"font-weight: 400;\">Wymagany poziom edukacji, a tak\u017ce umiej\u0119tno\u015bci i kwalifikacje<\/span><\/li>\n<li style=\"font-weight: 400;\" aria-level=\"1\"><span style=\"font-weight: 400;\">Sektor dzia\u0142alno\u015bci, w kt\u00f3rym chcesz si\u0119 specjalizowa\u0107<\/span><\/li>\n<li style=\"font-weight: 400;\" aria-level=\"1\"><span style=\"font-weight: 400;\">Proponowane wynagrodzenie (je\u015bli przewidziane)<\/span><\/li>\n<li style=\"font-weight: 400;\" aria-level=\"1\"><span style=\"font-weight: 400;\">Warunki pracy i przyj\u0119cia w firmie\u00a0<\/span><\/li>\n<\/ol>\n<p><span style=\"font-weight: 400;\">Nie wahaj si\u0119 sprawdzi\u0107 dost\u0119pnych ofert praktyk na dedykowanych platformach online i skontaktowa\u0107 si\u0119 ze swoj\u0105 macierzyst\u0105 instytucj\u0105, aby skorzysta\u0107 z indywidualnego wsparcia.\u00a0<\/span>[\/vc_column_text][\/vc_column_inner][vc_column_inner width=&#8221;1\/12&#8243;][\/vc_column_inner][vc_column_inner width=&#8221;4\/12&#8243;][vc_single_image image=&#8221;18311&#8243; img_size=&#8221;400*400&#8243; alignment=&#8221;right&#8221; style=&#8221;vc_box_rounded&#8221;][vc_btn title=&#8221;Zobacz wi\u0119cej&#8221; style=&#8221;custom&#8221; custom_background=&#8221;#e20000&#8243; custom_text=&#8221;#ffffff&#8221; align=&#8221;center&#8221; link=&#8221;url:https%3A%2F%2Fespamob.com%2Fpl%2Fkontakt-z-polskim-konsultantem|title:Kontakt|target:_blank&#8221;][vc_video link=&#8221;https:\/\/www.youtube.com\/watch?v=asrbpf8IHe0&#8243; align=&#8221;center&#8221;][\/vc_column_inner][\/vc_row_inner][vc_custom_heading text=&#8221;Z\u0142\u00f3\u017c wniosek o pomoc w mobilno\u015bci Erasmus&#8221; font_container=&#8221;tag:h3|text_align:left&#8221; use_theme_fonts=&#8221;yes&#8221; css=&#8221;.vc_custom_1707082624268{margin-top: 20px !important;}&#8221;][vc_separator][vc_row_inner][vc_column_inner width=&#8221;7\/12&#8243;][vc_column_text]<span style=\"font-weight: 400;\">Gdy ju\u017c znajdziesz praktyki, musisz przygotowa\u0107 dokument wniosku o pomoc w mobilno\u015bci Erasmus. Ten dokument, kt\u00f3ry nale\u017cy z\u0142o\u017cy\u0107 w Twojej macierzystej instytucji, powinien zawiera\u0107:\u00a0<\/span><\/p>\n<ul>\n<li style=\"font-weight: 400;\" aria-level=\"1\"><span style=\"font-weight: 400;\">O\u015bwiadczenie o przyj\u0119ciu do firmy przyjmuj\u0105cej, zawieraj\u0105ce daty praktyk i powierzone zadania\u00a0<\/span><\/li>\n<li style=\"font-weight: 400;\" aria-level=\"1\"><span style=\"font-weight: 400;\">O\u015bwiadczenie o tym, \u017ce nie otrzymasz \u017cadnej innej pomocy finansowej w czasie trwania praktyk<\/span><\/li>\n<li style=\"font-weight: 400;\" aria-level=\"1\"><span style=\"font-weight: 400;\">Dokument oceny Twoich potrzeb zwi\u0105zanych z zakwaterowaniem, transportem i innymi kosztami zwi\u0105zanymi z mobilno\u015bci\u0105\u00a0<\/span><\/li>\n<\/ul>\n<p><span style=\"font-weight: 400;\">Po zatwierdzeniu Twojego wniosku otrzymasz umow\u0119 o praktyki Erasmus, kt\u00f3ra powinna by\u0107 podpisana przez wszystkie zainteresowane strony (studenta, instytucj\u0119 macierzyst\u0105 i firm\u0119 przyjmuj\u0105c\u0105).\u00a0<\/span><\/p>\n<h2>Zorganizuj sw\u00f3j pobyt za granic\u0105<\/h2>\n<p><span style=\"font-weight: 400;\">Aby w pe\u0142ni korzysta\u0107 z praktyk Erasmus w dziale Recepcji, wa\u017cne jest staranne przygotowanie si\u0119 do pobytu za granic\u0105. Oto kilka porad, jak podr\u00f3\u017cowa\u0107 bez stresu:\u00a0<\/span><\/p>\n<ul>\n<li style=\"font-weight: 400;\" aria-level=\"1\"><span style=\"font-weight: 400;\"><strong>Zaplanuj swoje sprawy administracyjne<\/strong>: dowiedz si\u0119, jakie formalno\u015bci musisz za\u0142atwi\u0107 (wizy, ubezpieczenie zdrowotne, itp.) i przygotuj pe\u0142n\u0105 dokumentacj\u0119.\u00a0<\/span><\/li>\n<li style=\"font-weight: 400;\" aria-level=\"1\"><span style=\"font-weight: 400;\"><strong>Znajd\u017a odpowiednie zakwaterowanie<\/strong>: sprawd\u017a dost\u0119pne oferty na specjalistycznych stronach internetowych i nie wahaj si\u0119 skorzysta\u0107 z pomocy medi\u00f3w spo\u0142eczno\u015bciowych i lokalnych stowarzysze\u0144.\u00a0<\/span><\/li>\n<li style=\"font-weight: 400;\" aria-level=\"1\"><span style=\"font-weight: 400;\"><strong>Przygotuj si\u0119 finansowo<\/strong>: oszacuj koszty \u017cycia w kraju przyjmuj\u0105cym i stw\u00f3rz przewidywany bud\u017cet, aby unikn\u0105\u0107 nieprzyjemnych niespodzianek.\u00a0<\/span><\/li>\n<li style=\"font-weight: 400;\" aria-level=\"1\"><span style=\"font-weight: 400;\"><strong>Nauka j\u0119zyka kraju docelowego<\/strong>: je\u015bli nie znasz jeszcze j\u0119zyka swojego miejsca przeznaczenia, zapisz si\u0119 na kursy lub skorzystaj z dedykowanych aplikacji, aby szybko si\u0119 rozwija\u0107.\u00a0<\/span><\/li>\n<\/ul>\n<h2>Pe\u0142ne wykorzystanie do\u015bwiadczenia Erasmus w dziale Recepcji<\/h2>\n<h3>Zanurz si\u0119 w lokaln\u0105 kultur\u0119<\/h3>\n<p><span style=\"font-weight: 400;\">Aby wzbogaci\u0107 sw\u00f3j pobyt za granic\u0105, wa\u017cne jest, aby zanurzy\u0107 si\u0119 w lokalnej kulturze. We\u017a udzia\u0142 w wydarzeniach i aktywno\u015bciach organizowanych przez firm\u0119 przyjmuj\u0105c\u0105, zapisz si\u0119 do klub\u00f3w lub stowarzysze\u0144 i \u015bmia\u0142o podr\u00f3\u017cuj, aby odkrywa\u0107 bogactwa kraju.\u00a0<\/span><\/p>\n<h3>Rozszerz swoj\u0105 sie\u0107 zawodow\u0105<\/h3>\n<p><span style=\"font-weight: 400;\">Praktyki Erasmus w dziale Recepcji to r\u00f3wnie\u017c okazja do rozwini\u0119cia mi\u0119dzynarodowej sieci zawodowej. Skorzystaj z tej okazji, aby spotka\u0107 si\u0119 z profesjonalistami z bran\u017cy, wymieni\u0107 si\u0119 do\u015bwiadczeniami i zbudowa\u0107 trwa\u0142e relacje.\u00a0<\/span><\/p>\n<h3>Warto\u015bciowe do\u015bwiadczenie na rynku pracy<\/h3>\n<p><span style=\"font-weight: 400;\">Na koniec pami\u0119taj, \u017ce praktyki Erasmus w dziale Recepcji mog\u0105 by\u0107 prawdziwym atutem w procesie integracji zawodowej. Podkre\u015bl swoje zdobyte umiej\u0119tno\u015bci i projekty zrealizowane podczas pobytu za granic\u0105, aby przekona\u0107 rekruter\u00f3w i zdoby\u0107 prac\u0119 dopasowan\u0105 do Twoich umiej\u0119tno\u015bci.<\/span>[\/vc_column_text][\/vc_column_inner][vc_column_inner width=&#8221;1\/12&#8243;][\/vc_column_inner][vc_column_inner width=&#8221;4\/12&#8243;][vc_raw_html]JTNDZGl2JTIwc3R5bGUlM0QlMjJwYWRkaW5nJTNBJTIwMzBweCUzQmJhY2tncm91bmQtY29sb3IlM0ElMjAlMjNGNEY0RjQlM0IlMjIlM0UlMEElMjAlMjAlMjAlMjAlM0NoNCUzRU9ka3J5aiUyMHdzenlzdGtpZSUyMHNla3RvcnklMjBwcmFrdHlrJTNDJTJGaDQlM0UlMEElMjAlMjAlMjAlMjAlM0NwJTNFRXNwYW1vYiUyMHNwZWNqYWxpenVqZSUyMHNpJUM0JTk5JTIwdyUyMHBvbWFnYW5pdSUyMGdydXBvbSUyMHclMjBtb2JpbG5vJUM1JTlCY2klMjB3JTIwcmFtYWNoJTIwcHJvZ3JhbXUlMjBFcmFzbXVzJTIwJTJCLiUyMERvd2llZHolMjBzaSVDNCU5OSUyMG8lMjB3c3p5c3RraWNoJTIwc2VrdG9yYWNoJTIwcHJha3R5ayUyMEVyYXNtdXMlMjB3JTIwSGlzenBhbmlpJTIwemElMjBwb21vYyVDNCU4NSUyMGtpbGt1JTIwa2xpa25pJUM0JTk5JUM0JTg3LiUzQyUyRnAlM0UlMEElMjAlMjAlMjAlMjAlM0NhJTIwY2xhc3MlM0QlMjJ2Y19nZW5lcmFsJTIwdmNfYnRuMyUyMHZjX2J0bjMtc2l6ZS1tZCUyMHZjX2J0bjMtc2hhcGUtZGVmYXVsdCUyMHZjX2J0bjMtc3R5bGUtY3VzdG9tJTIwd3BiX2N1c3RvbV82Njg3YjI2ZjM5NDg4ZGRiYjg1ZGRiM2MxY2U4ZTExMSUyMGJ0biUyMiUyMHN0eWxlJTNEJTIyYmFja2dyb3VuZC1jb2xvciUzQSUyM2UyMDAwMCUzQiUyMGNvbG9yJTNBJTIzZmZmZmZmJTNCJTIwYmFja2dyb3VuZC1jb2xvciUzQSUyM2UyMDAwMCUzQiUyMGNvbG9yJTNBJTIzZmZmZmZmJTNCJTIyJTIwaHJlZiUzRCUyMmh0dHBzJTNBJTJGJTJGd3d3LmVzcGFtb2IuY29tJTJGcGwlMkZwcmFrdHlraS16YXdvZG93ZS1lcmFzbXVzJTJGJTIyJTIwdGl0bGUlM0QlMjJTZWt0b3J5JTIwc3RhJUM1JUJDb3dlJTIyJTIwdGFyZ2V0JTNEJTIyX2JsYW5rJTIyJTNFT2RrcnlqJTIwc2VrdG9yeSUzQyUyRmElM0UlMEElM0MlMkZkaXYlM0U=[\/vc_raw_html][vc_custom_heading text=&#8221;Odkryj opinie uczestnik\u00f3w programu Erasmus +:&#8221; font_container=&#8221;tag:h3|text_align:left&#8221; use_theme_fonts=&#8221;yes&#8221; css=&#8221;.vc_custom_1707082720260{margin-top: 20px !important;}&#8221;][vc_separator][vc_video link=&#8221;https:\/\/www.youtube.com\/watch?v=mWIQWC6a6uo&amp;ab_channel=Espamob%27-EuropeanMobilityProgram&#8221; align=&#8221;center&#8221;][\/vc_column_inner][\/vc_row_inner][\/vc_column][\/vc_row][vc_row full_width=&#8221;stretch_row&#8221; wrap_container=&#8221;yes&#8221; is_section=&#8221;yes&#8221; css=&#8221;.vc_custom_1707082743632{border-top-width: 0px !important;padding-top: 15px !important;padding-bottom: 15px !important;background-color: #f8f392 !important;}&#8221; conditional_render=&#8221;%5B%7B%22value_role%22%3A%22administrator%22%7D%5D&#8221;][vc_column][vc_row_inner css=&#8221;.vc_custom_1688548648248{background-color: #f8f392 !important;}&#8221;][vc_column_inner][vc_custom_heading text=&#8221;Popro\u015b o bezp\u0142atn\u0105 wycen\u0119&#8221; font_container=&#8221;tag:h2|text_align:center&#8221; use_theme_fonts=&#8221;yes&#8221;][vc_column_text]<\/p>\n<p style=\"text-align: justify;\">Masz pomys\u0142 na projekt Erasmus+ w Hiszpanii i szukasz zaufanej agencji, kt\u00f3ra Ci\u0119 wesprze?\u00a0<strong>Espamob<\/strong>\u2019 jest tutaj, aby Ci pom\u00f3c! Oferujemy bezp\u0142atn\u0105 i niezobowi\u0105zuj\u0105c\u0105 wycen\u0119, kt\u00f3ra pomo\u017ce Ci zarz\u0105dza\u0107 projektem mobilno\u015bci. Dzi\u0119ki naszemu do\u015bwiadczeniu i sieci firm partnerskich mo\u017cemy zaoferowa\u0107 spersonalizowane wsparcie, aby spe\u0142ni\u0107 Twoje specyficzne potrzeby. Skontaktuj si\u0119 z nami ju\u017c teraz, aby om\u00f3wi\u0107 sw\u00f3j projekt i otrzyma\u0107 bezp\u0142atn\u0105 wycen\u0119.<\/p>\n<p>[\/vc_column_text]<div id=\"modal-trg-txt-wrap-2948\" class=\"ult-modal-input-wrapper ult-adjust-bottom-margin    \" data-keypress-control=\"keypress-control-enable\" data-overlay-control=\"overlay-control-enable\"><style>\n\t\t\t\t\t.btn-modal.btn-id-69e79273bdaec1-87792171:hover {\n\t\t\t\t\t\tbackground-color: #e20000 !important;\n\t\t\t\t\t}\n\t\t\t\t\t<\/style><button  data-ultimate-target='#modal-trg-txt-wrap-2948 .btn-modal'  data-responsive-json-new='{\"font-size\":\"\",\"line-height\":\"\"}'  style=\"background:#888888;border-color:#888888;color:#ffffff; \" data-class-id=\"content-69e79273bdaec1-87792171\" class=\"btn-modal ult-responsive btn-primary btn-modal-md overlay-show ult-align-center btn-id-69e79273bdaec1-87792171\" data-overlay-class=\"overlay-cornerbottomleft\">ZAM\u00d3W BEZP\u0141ATN\u0104 WYCEN\u0118<\/button><\/div>\n<div class=\"ult-overlay content-69e79273bdaec1-87792171 \" data-class=\"content-69e79273bdaec1-87792171\" id=\"button-click-overlay\" style=\"background:rgba(51,51,51,0.8); display:none;\">\n\t<div class=\"ult_modal ult-fade ult-medium\">\n\t\t<div id=\"ult-modal-wrap-904\" class=\"ult_modal-content ult-hide\" style=\"border-style:solid;border-width:2px;border-radius:0px;border-color:#333333;\">\n\t\t\t<div class=\"ult_modal-header\" style=\"color:#333333;border-color:#333333;\">\n\t\t\t\t<h3  data-ultimate-target='#ult-modal-wrap-904 .ult_modal-title'  data-responsive-json-new='{\"font-size\":\"\",\"line-height\":\"\"}'  class=\"ult_modal-title ult-responsive\">ZAM\u00d3W BEZP\u0141ATN\u0104 WYCEN\u0118<\/h3>\n\t\t\t<\/div>\n\t\t\t<div  data-ultimate-target='#ult-modal-wrap-904 .ult_modal-body'  data-responsive-json-new='{\"font-size\":\"\",\"line-height\":\"\"}'  class=\"ult_modal-body ult-responsive ult-html\" style=\"\">\n\t\t\t<\/p>\n<p>[caldera_form id=&#8221;CF6149e02688efa&#8221;]<\/p>\n<p>\n\t\t\t<\/div>\n\t<\/div>\n\t<\/div>\n\t<div class=\"ult-overlay-close top-right\" style=\"width:80px;height:80px; \"><div class=\"ult-overlay-close-inside\">Close<\/div><\/div>\n<\/div>[\/vc_column_inner][\/vc_row_inner][\/vc_column][\/vc_row][vc_row wrap_container=&#8221;yes&#8221; css=&#8221;.vc_custom_1689256499740{margin-top: 15px !important;}&#8221; conditional_render=&#8221;%5B%7B%22value_role%22%3A%22administrator%22%7D%5D&#8221;][vc_column][vc_custom_heading text=&#8221;Pytania cz\u0119sto zadawane&#8221; font_container=&#8221;tag:h2|text_align:center|color:%23000000&#8243; use_theme_fonts=&#8221;yes&#8221;][vc_separator][vc_row_inner][vc_column_inner width=&#8221;7\/12&#8243;][vc_column_text]<\/p>\n<h3>Jakie us\u0142ugi oferuje Espamob dla grup w ramach programu Erasmus + w Hiszpanii?<\/h3>\n<p><span style=\"font-weight: 400;\">Espamob oferuje kompleksowe zarz\u0105dzanie projektami mobilno\u015bci Erasmus + w Hiszpanii. Obejmuje to wsparcie w tworzeniu projektu, poszukiwanie finansowania, przyj\u0119cie w plac\u00f3wkach edukacyjnych i partneruj\u0105cych firmach na potrzeby sta\u017cy, szukanie zakwaterowania na miejscu oraz obs\u0142ug\u0119 grup na lotnisku.\u00a0<\/span><\/p>\n<h3>Jak Espamob mo\u017ce pom\u00f3c w finansowaniu naszej mobilno\u015bci Erasmus + w Hiszpanii?<\/h3>\n<p><span style=\"font-weight: 400;\">Espamob posiada wiedz\u0119 eksperck\u0105 w zakresie pozyskiwania finansowania dla projekt\u00f3w mobilno\u015bci Erasmus +. Agencja mo\u017ce pom\u00f3c w przeprowadzeniu procedur administracyjnych zwi\u0105zanych z uzyskaniem dotacji i udzieli\u0107 porad odno\u015bnie r\u00f3\u017cnych dost\u0119pnych \u017ar\u00f3de\u0142 finansowania.\u00a0<\/span><\/p>\n<h3>Jakie s\u0105 korzy\u015bci z wyboru Espamob na nasze praktyki Erasmus + w Hiszpanii?<\/h3>\n<p><span style=\"font-weight: 400;\">Wybieraj\u0105c Espamob, korzystasz z kompleksowej obs\u0142ugi Twojego projektu praktyk Erasmus + w Hiszpanii. Agencja zajmuje si\u0119 wszystkimi aspektami logistycznymi, pocz\u0105wszy od tworzenia projektu, przez przyj\u0119cie na miejscu, a\u017c po poszukiwanie finansowania i zakwaterowania. Mo\u017cesz skoncentrowa\u0107 si\u0119 na swoim do\u015bwiadczeniu w spokoju.<\/span>[\/vc_column_text][\/vc_column_inner][vc_column_inner width=&#8221;1\/12&#8243;][\/vc_column_inner][vc_column_inner width=&#8221;4\/12&#8243;][vc_single_image image=&#8221;15077&#8243; img_size=&#8221;full&#8221;][vc_column_text]<b>Dowiedz si\u0119 wi\u0119cej o r\u00f3\u017cnych kierunkach Erasmus + w Hiszpanii:<\/b><\/p>\n<ul>\n<li><a href=\"https:\/\/espamob.com\/pl\/praktyki-zawodowe-erasmus\/hotelarstwo-gastronomia\/praktyki-erasmus-gastronomia\/\">Praktyki Erasmus w Gastronomia<\/a><\/li>\n<li><a href=\"https:\/\/espamob.com\/pl\/praktyki-zawodowe-erasmus\/hotelarstwo-gastronomia\/praktyki-erasmus-barman\/\">Praktyki Erasmus Barman<\/a><\/li>\n<\/ul>\n<p>[\/vc_column_text][\/vc_column_inner][\/vc_row_inner][\/vc_column][\/vc_row]<\/p>\n<\/div>","protected":false},"excerpt":{"rendered":"<p>[vc_row css=&#8221;.vc_custom_1706811342981{margin-top: -20px !important;margin-bottom: 40px !important;background-image: url(https:\/\/espamob.com\/wp-content\/uploads\/2024\/02\/Bienvenida-y-recepcion.webp?id=23230) !important;}&#8221; conditional_render=&#8221;%5B%7B%22value_role%22%3A%22administrator%22%7D%5D&#8221;][vc_column css=&#8221;.vc_custom_1687965657482{padding-top: 30px !important;}&#8221; conditional_render=&#8221;%5B%7B%22value_role%22%3A%22administrator%22%7D%5D&#8221;][vc_empty_space height=&#8221;170&#8243;][vc_custom_heading text=&#8221;Praktyki Erasmus: Recepcji hotelowa&#8221; font_container=&#8221;tag:h1|font_size:27|text_align:center|color:%23ffffff&#8221; use_theme_fonts=&#8221;yes&#8221; css=&#8221;.vc_custom_1707082417095{margin-bottom: 15px !important;background-color: rgba(136,136,136,0.29) !important;*background-color: rgb(136,136,136) !important;}&#8221; animation_type=&#8221;zoomIn&#8221;][vc_empty_space height=&#8221;40&#8243;][\/vc_column][\/vc_row][vc_row wrap_container=&#8221;yes&#8221; text_align=&#8221;justify&#8221;][vc_column text_align=&#8221;justify&#8221;][vc_column_text] Home Sektory sta\u017cowe Mobilno\u015b\u0107 w sektorze hotelarskim Praktyka zawodowa Erasmus: Recepcji hotelowa [\/vc_column_text][vc_custom_heading text=&#8221;Ciesz si\u0119 pe\u0142ni\u0105 swoich praktyk Erasmus w dziale Recepcji&#8221; use_theme_fonts=&#8221;yes&#8221;<\/p>\n","protected":false},"author":2,"featured_media":0,"parent":12770,"menu_order":0,"comment_status":"closed","ping_status":"closed","template":"","meta":{"footnotes":""},"class_list":["post-23246","page","type-page","status-publish","hentry"],"_links":{"self":[{"href":"https:\/\/espamob.com\/pl\/wp-json\/wp\/v2\/pages\/23246","targetHints":{"allow":["GET"]}}],"collection":[{"href":"https:\/\/espamob.com\/pl\/wp-json\/wp\/v2\/pages"}],"about":[{"href":"https:\/\/espamob.com\/pl\/wp-json\/wp\/v2\/types\/page"}],"author":[{"embeddable":true,"href":"https:\/\/espamob.com\/pl\/wp-json\/wp\/v2\/users\/2"}],"replies":[{"embeddable":true,"href":"https:\/\/espamob.com\/pl\/wp-json\/wp\/v2\/comments?post=23246"}],"version-history":[{"count":0,"href":"https:\/\/espamob.com\/pl\/wp-json\/wp\/v2\/pages\/23246\/revisions"}],"up":[{"embeddable":true,"href":"https:\/\/espamob.com\/pl\/wp-json\/wp\/v2\/pages\/12770"}],"wp:attachment":[{"href":"https:\/\/espamob.com\/pl\/wp-json\/wp\/v2\/media?parent=23246"}],"curies":[{"name":"wp","href":"https:\/\/api.w.org\/{rel}","templated":true}]}}