{"id":22984,"date":"2023-08-22T00:00:00","date_gmt":"2023-08-22T00:00:00","guid":{"rendered":"https:\/\/www.espamob.com\/praktyki-zawodowe-erasmus\/agriculture-horticulture\/stage-erasmus-marechal-ferrant\/"},"modified":"2024-03-04T23:16:53","modified_gmt":"2024-03-04T23:16:53","slug":"praktyki-erasmus-kowalstwo","status":"publish","type":"page","link":"https:\/\/espamob.com\/pl\/praktyki-zawodowe-erasmus\/rolnictwa-ogrodnictwie\/praktyki-erasmus-kowalstwo\/","title":{"rendered":"Stage Erasmus : Mar\u00e9chal Ferrant"},"content":{"rendered":"<div class=\"wpb-content-wrapper\"><p>[vc_row css=&#8221;.vc_custom_1705948414266{margin-top: -20px !important;margin-bottom: 40px !important;background-image: url(https:\/\/espamob.com\/wp-content\/uploads\/2024\/01\/Herrador.webp?id=22935) !important;}&#8221; conditional_render=&#8221;%5B%7B%22value_role%22%3A%22administrator%22%7D%5D&#8221;][vc_column css=&#8221;.vc_custom_1687965657482{padding-top: 30px !important;}&#8221; conditional_render=&#8221;%5B%7B%22value_role%22%3A%22administrator%22%7D%5D&#8221;][vc_empty_space height=&#8221;170&#8243;][vc_custom_heading text=&#8221;Praktyki Erasmus: Kowalstwo&#8221; font_container=&#8221;tag:h1|font_size:27|text_align:center|color:%23ffffff&#8221; use_theme_fonts=&#8221;yes&#8221; css=&#8221;.vc_custom_1706106208633{margin-bottom: 15px !important;background-color: rgba(136,136,136,0.29) !important;*background-color: rgb(136,136,136) !important;}&#8221; animation_type=&#8221;zoomIn&#8221;][vc_empty_space height=&#8221;40&#8243;][\/vc_column][\/vc_row][vc_row wrap_container=&#8221;yes&#8221; text_align=&#8221;justify&#8221;][vc_column text_align=&#8221;justify&#8221;][vc_column_text]<\/p>\n<nav aria-label=\"breadcrumb\">\n<ol class=\"breadcrumb\">\n<li class=\"breadcrumb-item\"><a href=\"https:\/\/espamob.com\/pl\">Home<\/a><\/li>\n<li class=\"breadcrumb-item\"><a href=\"https:\/\/espamob.com\/pl\/praktyki-zawodowe-erasmus\">Sektory sta\u017cowe<\/a><\/li>\n<li class=\"breadcrumb-item active\" aria-current=\"page\"><a href=\"https:\/\/espamob.com\/pl\/praktyki-zawodowe-erasmus\/agriculture-horticulture\/\">Mobilno\u015b\u0107 w sektorze rolnictwa, architektury krajobrazu i je\u017adziectwa<\/a><\/li>\n<li class=\"breadcrumb-item active\" aria-current=\"page\">Praktyka zawodowa Erasmus: Kowalstwo<\/li>\n<\/ol>\n<\/nav>\n<p>[\/vc_column_text][vc_custom_heading text=&#8221;Praktyki Erasmus Kowalstwo: unikalne do\u015bwiadczenie zawodowe i kulturowe&#8221; use_theme_fonts=&#8221;yes&#8221; css=&#8221;.vc_custom_1706106255094{margin-top: 20px !important;}&#8221;][vc_separator][vc_row_inner][vc_column_inner width=&#8221;7\/12&#8243;][vc_column_text]<span style=\"font-weight: 400;\">W dziedzinie kowalstwa, ci\u0105g\u0142e doskonalenie umiej\u0119tno\u015bci zawodowych jest kluczowe dla osi\u0105gni\u0119cia sukcesu w tej pasjonuj\u0105cej profesji. Jedn\u0105 z opcji, kt\u00f3r\u0105 warto rozwa\u017cy\u0107, aby rozwija\u0107 swoje umiej\u0119tno\u015bci, jest odbycie <strong>praktyk Erasmus za granic\u0105<\/strong>. W tym artykule przedstawiamy korzy\u015bci wynikaj\u0105ce ze skorzystania z tej opcji, warunki uczestnictwa oraz kilka porad, jak zoptymalizowa\u0107 swoje do\u015bwiadczenie podczas tych praktyk.<\/span><\/p>\n<h2>Dlaczego wybra\u0107 praktyki Erasmus Kowalstwo?<\/h2>\n<p><span style=\"font-weight: 400;\">Sta\u017c za granic\u0105 umo\u017cliwia nie tylko popraw\u0119 umiej\u0119tno\u015bci j\u0119zykowych, ale r\u00f3wnie\u017c poznawanie nowych podej\u015b\u0107 do codziennej pracy. Fakt, \u017ce ka\u017cde pa\u0144stwo ma swoje specyfiki dotycz\u0105ce opieki nad ko\u0144mi, sprz\u0119tu i wymaga\u0144 wobec kowali, sprawia, \u017ce sta\u017c jest doskona\u0142\u0105 okazj\u0105 do nauki. <\/span><\/p>\n<h3>Zdobywanie nowych umiej\u0119tno\u015bci<\/h3>\n<p><span style=\"font-weight: 400;\"><strong>Praktyki za granic\u0105 to doskona\u0142a okazja do nauki nowych technik u\u017cywanych przez kowali w innych krajach<\/strong>. To mo\u017ce okaza\u0107 si\u0119 cenne, aby poszerzy\u0107 swoje umiej\u0119tno\u015bci i oferowa\u0107 r\u00f3\u017cnorodne us\u0142ugi przysz\u0142ym klientom. Ponadto pozwala zapozna\u0107 si\u0119 z innym rodzajem sprz\u0119tu i specyficznymi warunkami pracy charakterystycznymi dla przyjmuj\u0105cego kraju. <\/span><\/p>\n<h3>Poprawa umiej\u0119tno\u015bci j\u0119zykowych<\/h3>\n<p><span style=\"font-weight: 400;\">Znajomo\u015b\u0107 obcego j\u0119zyka to ogromna zaleta dla kowala, poniewa\u017c u\u0142atwia komunikacj\u0119 z mi\u0119dzynarodowymi kolegami i pozwala na \u015bledzenie najnowszych informacji na \u015bwiecie dotycz\u0105cych tej bran\u017cy.<strong> Praktyki za granic\u0105 oferuj\u0105 pe\u0142ne zanurzenie w j\u0119zyku i kulturze kraju przyjmuj\u0105cego, co znacznie u\u0142atwia nauk\u0119 i praktyk\u0119 nowego j\u0119zyka<\/strong>.\u00a0<\/span><\/p>\n<h3>Odkrywanie nowych kultur je\u017adzieckich<\/h3>\n<p><span style=\"font-weight: 400;\">Wreszcie, odbycie praktyk Erasmus w dziedzinie kowalstwa pozwala odkry\u0107 tradycje je\u017adzieckie charakterystyczne dla ka\u017cdego kraju. To wzbogacaj\u0105ce do\u015bwiadczenie mo\u017ce przynie\u015b\u0107 nowe spojrzenie na w\u0142asn\u0105 prac\u0119 i otworzy\u0107 nowe perspektywy zawodowe i osobiste.\u00a0<\/span><\/p>\n<h2>Warunki uczestnictwa w programie Erasmus<\/h2>\n<p><span style=\"font-weight: 400;\">Aby skorzysta\u0107 z praktyk Erasmus Kowalstwo, konieczne jest spe\u0142nienie pewnych warunk\u00f3w:\u00a0<\/span><\/p>\n<ul>\n<li style=\"font-weight: 400;\" aria-level=\"1\"><span style=\"font-weight: 400;\">Bycie zapisanym jako ucze\u0144 lub praktykant w szkole kowalskiej\u00a0<\/span><\/li>\n<li style=\"font-weight: 400;\" aria-level=\"1\"><span style=\"font-weight: 400;\">Posiadanie wystarczaj\u0105cego poziomu j\u0119zyka kraju przyjmuj\u0105cego (najcz\u0119\u015bciej wymagany jest poziom B1\/B2)\u00a0<\/span><\/li>\n<li style=\"font-weight: 400;\" aria-level=\"1\"><span style=\"font-weight: 400;\">Wykazanie motywacji i samodzielno\u015bci w dostosowywaniu si\u0119 do nowego \u015brodowiska. Zaleca si\u0119 skonsultowanie si\u0119 z w\u0142asn\u0105 instytucj\u0105 edukacyjn\u0105 w sprawie mo\u017cliwo\u015bci odbycia praktyk Erasmus i procedur, kt\u00f3re nale\u017cy podj\u0105\u0107, aby w nich uczestniczy\u0107.\u00a0<\/span><\/li>\n<\/ul>\n<p><span style=\"font-weight: 400;\">Ponadto wa\u017cne jest, aby pami\u0119ta\u0107, \u017ce praktyka musi by\u0107 zatwierdzona zar\u00f3wno przez instytucj\u0119 edukacyjn\u0105, jak i firm\u0119 przyjmuj\u0105c\u0105.<\/span>[\/vc_column_text][\/vc_column_inner][vc_column_inner width=&#8221;1\/12&#8243;][\/vc_column_inner][vc_column_inner width=&#8221;4\/12&#8243;][vc_single_image image=&#8221;18236&#8243; img_size=&#8221;400*400&#8243; alignment=&#8221;right&#8221; style=&#8221;vc_box_rounded&#8221;][vc_btn title=&#8221;Zobacz wi\u0119cej&#8221; style=&#8221;custom&#8221; custom_background=&#8221;#e20000&#8243; custom_text=&#8221;#ffffff&#8221; align=&#8221;center&#8221; link=&#8221;url:https%3A%2F%2Fespamob.com%2Fpl%2Fkontakt-z-polskim-konsultantem|title:Kontakt|target:_blank&#8221;][\/vc_column_inner][\/vc_row_inner][vc_custom_heading text=&#8221;Porady dotycz\u0105ce udanych praktyk Erasmus w dziedzinie kowalstwa&#8221; font_container=&#8221;tag:h3|text_align:left&#8221; use_theme_fonts=&#8221;yes&#8221; css=&#8221;.vc_custom_1706106497156{margin-top: 20px !important;}&#8221;][vc_separator][vc_row_inner][vc_column_inner width=&#8221;7\/12&#8243;][vc_column_text]<\/p>\n<h3>Przygotowanie si\u0119 z wyprzedzeniem<\/h3>\n<p><span style=\"font-weight: 400;\">Rzetelne przygotowanie si\u0119 do pobytu za granic\u0105 jest kluczowe, aby jak najlepiej skorzysta\u0107 z tej unikalnej przygody zar\u00f3wno pod wzgl\u0119dem zawodowym, jak i osobistym. Oto kilka porad, kt\u00f3re pomog\u0105 Ci jak najlepiej przygotowa\u0107 si\u0119 do wyjazdu:\u00a0<\/span><\/p>\n<ul>\n<li style=\"font-weight: 400;\" aria-level=\"1\"><span style=\"font-weight: 400;\">Zorientuj si\u0119 w zwyczajach i tradycjach kraju przyjmuj\u0105cego, a tak\u017ce w specyfice pracy kowala w tym kraju.\u00a0<\/span><\/li>\n<li style=\"font-weight: 400;\" aria-level=\"1\"><span style=\"font-weight: 400;\">Zaplanuj czynno\u015bci administracyjne zwi\u0105zane z mobilno\u015bci\u0105 (ubezpieczenia, wiza, itp.).\u00a0<\/span><\/li>\n<li style=\"font-weight: 400;\" aria-level=\"1\"><span style=\"font-weight: 400;\">Zorganizuj zakwaterowanie i transport na miejscu.\u00a0<\/span><\/li>\n<li style=\"font-weight: 400;\" aria-level=\"1\"><span style=\"font-weight: 400;\">Zapoznaj si\u0119 z j\u0119zykiem kraju, zw\u0142aszcza z terminologi\u0105 zawodow\u0105.\u00a0<\/span><\/li>\n<\/ul>\n<h3>Wyka\u017c si\u0119 otwarto\u015bci\u0105 i ciekawo\u015bci\u0105<\/h3>\n<p><span style=\"font-weight: 400;\">Podczas praktyk Erasmus: kowalstwo b\u0119dziesz wsp\u00f3\u0142pracowa\u0107 z kolegami i klientami z r\u00f3\u017cnych kultur. Dlatego wa\u017cne jest, aby wykazywa\u0107 si\u0119 otwarto\u015bci\u0105 i szacunkiem wobec ich praktyk i przekona\u0144. Nie wahaj si\u0119 zadawa\u0107 pyta\u0144 dotycz\u0105cych ich sposobu pracy i dziel si\u0119 w\u0142asnym do\u015bwiadczeniem i umiej\u0119tno\u015bciami. Taka postawa sprzyja konstruktywnej i warto\u015bciowej wymianie dla wszystkich stron.\u00a0<\/span><\/p>\n<h3>Korzystanie z oferowanych przez program Erasmus korzy\u015bci<\/h3>\n<p><span style=\"font-weight: 400;\">Program Erasmus oferuje uczestnikom wiele korzy\u015bci, w tym:\u00a0<\/span><\/p>\n<ul>\n<li style=\"font-weight: 400;\" aria-level=\"1\"><span style=\"font-weight: 400;\">Stypendium na pokrycie cz\u0119\u015bci koszt\u00f3w pobytu (zakwaterowanie, transport, itp.).\u00a0<\/span><\/li>\n<li style=\"font-weight: 400;\" aria-level=\"1\"><span style=\"font-weight: 400;\">Wsparcie logistyczne i administracyjne w celu u\u0142atwienia organizacji praktyk.\u00a0<\/span><\/li>\n<li style=\"font-weight: 400;\" aria-level=\"1\"><span style=\"font-weight: 400;\">Spotkania i wymiany z innymi mi\u0119dzynarodowymi studentami i profesjonalistami.\u00a0<\/span><\/li>\n<li style=\"font-weight: 400;\" aria-level=\"1\"><span style=\"font-weight: 400;\">Mo\u017cliwo\u015b\u0107 uczestniczenia w kursach j\u0119zykowych w kraju przyjmuj\u0105cym.\u00a0<\/span><\/li>\n<\/ul>\n<p><span style=\"font-weight: 400;\">Nie wahaj si\u0119 dowiedzie\u0107 wi\u0119cej o tych r\u00f3\u017cnych \u015brodkach, aby zoptymalizowa\u0107 swoje do\u015bwiadczenie z praktyk Erasmus: Kowalstwo i czerpa\u0107 z niego wszystkie mo\u017cliwe korzy\u015bci.\u00a0<\/span><\/p>\n<p><span style=\"font-weight: 400;\">Podsumowuj\u0105c, odbycie praktyk Erasmus Kowalstwo stanowi unikaln\u0105 okazj\u0119 do rozwini\u0119cia umiej\u0119tno\u015bci zawodowych i j\u0119zykowych, jednocze\u015bnie poznaj\u0105c nowe kultury je\u017adzieckie. Warunki uczestnictwa s\u0105 dost\u0119pne, a korzy\u015bci liczne \u2013 pozostaje tylko podj\u0105\u0107 kroki i prze\u017cy\u0107 t\u0119 wzbogacaj\u0105c\u0105 przygod\u0119!<\/span>[\/vc_column_text][\/vc_column_inner][vc_column_inner width=&#8221;1\/12&#8243;][\/vc_column_inner][vc_column_inner width=&#8221;4\/12&#8243;][vc_raw_html]JTNDZGl2JTIwc3R5bGUlM0QlMjJwYWRkaW5nJTNBJTIwMzBweCUzQmJhY2tncm91bmQtY29sb3IlM0ElMjAlMjNGNEY0RjQlM0IlMjIlM0UlMEElMjAlMjAlMjAlMjAlM0NoNCUzRU9ka3J5aiUyMHdzenlzdGtpZSUyMHNla3RvcnklMjBwcmFrdHlrJTNDJTJGaDQlM0UlMEElMjAlMjAlMjAlMjAlM0NwJTNFRXNwYW1vYiUyMHNwZWNqYWxpenVqZSUyMHNpJUM0JTk5JTIwdyUyMHBvbWFnYW5pdSUyMGdydXBvbSUyMHclMjBtb2JpbG5vJUM1JTlCY2klMjB3JTIwcmFtYWNoJTIwcHJvZ3JhbXUlMjBFcmFzbXVzJTIwJTJCLiUyMERvd2llZHolMjBzaSVDNCU5OSUyMG8lMjB3c3p5c3RraWNoJTIwc2VrdG9yYWNoJTIwcHJha3R5ayUyMEVyYXNtdXMlMjB3JTIwSGlzenBhbmlpJTIwemElMjBwb21vYyVDNCU4NSUyMGtpbGt1JTIwa2xpa25pJUM0JTk5JUM0JTg3LiUzQyUyRnAlM0UlMEElMjAlMjAlMjAlMjAlM0NhJTIwY2xhc3MlM0QlMjJ2Y19nZW5lcmFsJTIwdmNfYnRuMyUyMHZjX2J0bjMtc2l6ZS1tZCUyMHZjX2J0bjMtc2hhcGUtZGVmYXVsdCUyMHZjX2J0bjMtc3R5bGUtY3VzdG9tJTIwd3BiX2N1c3RvbV82Njg3YjI2ZjM5NDg4ZGRiYjg1ZGRiM2MxY2U4ZTExMSUyMGJ0biUyMiUyMHN0eWxlJTNEJTIyYmFja2dyb3VuZC1jb2xvciUzQSUyM2UyMDAwMCUzQiUyMGNvbG9yJTNBJTIzZmZmZmZmJTNCJTIwYmFja2dyb3VuZC1jb2xvciUzQSUyM2UyMDAwMCUzQiUyMGNvbG9yJTNBJTIzZmZmZmZmJTNCJTIyJTIwaHJlZiUzRCUyMmh0dHBzJTNBJTJGJTJGd3d3LmVzcGFtb2IuY29tJTJGcGwlMkZwcmFrdHlraS16YXdvZG93ZS1lcmFzbXVzJTJGJTIyJTIwdGl0bGUlM0QlMjJTZWt0b3J5JTIwc3RhJUM1JUJDb3dlJTIyJTIwdGFyZ2V0JTNEJTIyX2JsYW5rJTIyJTNFT2RrcnlqJTIwc2VrdG9yeSUzQyUyRmElM0UlMEElM0MlMkZkaXYlM0U=[\/vc_raw_html][vc_custom_heading text=&#8221;Odkryj opinie uczestnik\u00f3w programu Erasmus +:&#8221; font_container=&#8221;tag:h3|text_align:left&#8221; use_theme_fonts=&#8221;yes&#8221; css=&#8221;.vc_custom_1706106575113{margin-top: 20px !important;}&#8221;][vc_separator][vc_video link=&#8221;https:\/\/www.youtube.com\/watch?v=81yt9YAtdpE&amp;ab_channel=Espamob%27-EuropeanMobilityProgram&#8221; align=&#8221;center&#8221;][\/vc_column_inner][\/vc_row_inner][\/vc_column][\/vc_row][vc_row][vc_column][vc_column_text]<\/p>\n<p>[\/vc_column_text][\/vc_column][\/vc_row][vc_row full_width=&#8221;stretch_row&#8221; wrap_container=&#8221;yes&#8221; is_section=&#8221;yes&#8221; css=&#8221;.vc_custom_1706106593800{border-top-width: 0px !important;padding-top: 15px !important;padding-bottom: 15px !important;background-color: #f8f392 !important;}&#8221; conditional_render=&#8221;%5B%7B%22value_role%22%3A%22administrator%22%7D%5D&#8221;][vc_column][vc_row_inner css=&#8221;.vc_custom_1688548648248{background-color: #f8f392 !important;}&#8221;][vc_column_inner][vc_custom_heading text=&#8221;Popro\u015b o bezp\u0142atn\u0105 wycen\u0119&#8221; font_container=&#8221;tag:h2|text_align:center&#8221; use_theme_fonts=&#8221;yes&#8221;][vc_column_text]<\/p>\n<p style=\"text-align: justify;\">Masz pomys\u0142 na projekt Erasmus+ w Hiszpanii i szukasz zaufanej agencji, kt\u00f3ra Ci\u0119 wesprze?\u00a0<strong>Espamob<\/strong>\u2019 jest tutaj, aby Ci pom\u00f3c! Oferujemy bezp\u0142atn\u0105 i niezobowi\u0105zuj\u0105c\u0105 wycen\u0119, kt\u00f3ra pomo\u017ce Ci zarz\u0105dza\u0107 projektem mobilno\u015bci. Dzi\u0119ki naszemu do\u015bwiadczeniu i sieci firm partnerskich mo\u017cemy zaoferowa\u0107 spersonalizowane wsparcie, aby spe\u0142ni\u0107 Twoje specyficzne potrzeby. Skontaktuj si\u0119 z nami ju\u017c teraz, aby om\u00f3wi\u0107 sw\u00f3j projekt i otrzyma\u0107 bezp\u0142atn\u0105 wycen\u0119.<\/p>\n<p>[\/vc_column_text]<div id=\"modal-trg-txt-wrap-3633\" class=\"ult-modal-input-wrapper ult-adjust-bottom-margin    \" data-keypress-control=\"keypress-control-enable\" data-overlay-control=\"overlay-control-enable\"><style>\n\t\t\t\t\t.btn-modal.btn-id-69e7922e8561e4-99975861:hover {\n\t\t\t\t\t\tbackground-color: #e20000 !important;\n\t\t\t\t\t}\n\t\t\t\t\t<\/style><button  data-ultimate-target='#modal-trg-txt-wrap-3633 .btn-modal'  data-responsive-json-new='{\"font-size\":\"\",\"line-height\":\"\"}'  style=\"background:#888888;border-color:#888888;color:#ffffff; \" data-class-id=\"content-69e7922e8561e4-99975861\" class=\"btn-modal ult-responsive btn-primary btn-modal-md overlay-show ult-align-center btn-id-69e7922e8561e4-99975861\" data-overlay-class=\"overlay-cornerbottomleft\">ZAM\u00d3W BEZP\u0141ATN\u0104 WYCEN\u0118<\/button><\/div>\n<div class=\"ult-overlay content-69e7922e8561e4-99975861 \" data-class=\"content-69e7922e8561e4-99975861\" id=\"button-click-overlay\" style=\"background:rgba(51,51,51,0.8); display:none;\">\n\t<div class=\"ult_modal ult-fade ult-medium\">\n\t\t<div id=\"ult-modal-wrap-9265\" class=\"ult_modal-content ult-hide\" style=\"border-style:solid;border-width:2px;border-radius:0px;border-color:#333333;\">\n\t\t\t<div class=\"ult_modal-header\" style=\"color:#333333;border-color:#333333;\">\n\t\t\t\t<h3  data-ultimate-target='#ult-modal-wrap-9265 .ult_modal-title'  data-responsive-json-new='{\"font-size\":\"\",\"line-height\":\"\"}'  class=\"ult_modal-title ult-responsive\">ZAM\u00d3W BEZP\u0141ATN\u0104 WYCEN\u0118<\/h3>\n\t\t\t<\/div>\n\t\t\t<div  data-ultimate-target='#ult-modal-wrap-9265 .ult_modal-body'  data-responsive-json-new='{\"font-size\":\"\",\"line-height\":\"\"}'  class=\"ult_modal-body ult-responsive ult-html\" style=\"\">\n\t\t\t<\/p>\n<p>[caldera_form id=&#8221;CF6149e02688efa&#8221;]<\/p>\n<p>\n\t\t\t<\/div>\n\t<\/div>\n\t<\/div>\n\t<div class=\"ult-overlay-close top-right\" style=\"width:80px;height:80px; \"><div class=\"ult-overlay-close-inside\">Close<\/div><\/div>\n<\/div>[\/vc_column_inner][\/vc_row_inner][\/vc_column][\/vc_row][vc_row wrap_container=&#8221;yes&#8221; css=&#8221;.vc_custom_1689256499740{margin-top: 15px !important;}&#8221; conditional_render=&#8221;%5B%7B%22value_role%22%3A%22administrator%22%7D%5D&#8221;][vc_column][vc_custom_heading text=&#8221;Cz\u0119sto zadawane pytania&#8221; font_container=&#8221;tag:h2|text_align:center|color:%23000000&#8243; use_theme_fonts=&#8221;yes&#8221;][vc_separator][vc_row_inner][vc_column_inner width=&#8221;7\/12&#8243;][vc_column_text]<\/p>\n<h3>Jakie us\u0142ugi oferuje Espamob dla sta\u017cy Erasmus: Kowalstwo?<\/h3>\n<p><span style=\"font-weight: 400;\">Espamob oferuje kompleksowe zarz\u0105dzanie projektami mobilno\u015bci Erasmus+ w Hiszpanii dla grup z sektora kowalstwo. Obejmuje to wsparcie w tworzeniu projektu, poszukiwaniu finansowania, przyj\u0119ciu w firmach partnerskich na potrzeby sta\u017cy, poszukiwaniu zakwaterowania na miejscu oraz organizacj\u0119 transfer\u00f3w z lotniska.\u00a0<\/span><\/p>\n<h3>W jaki spos\u00f3b Espamob pomaga grupom w pozyskaniu finansowania na ich sta\u017c Erasmus?<\/h3>\n<p><span style=\"font-weight: 400;\">Espamob oferuje pomoc w poszukiwaniu finansowania dla sta\u017cy Erasmus. Agencja mo\u017ce udzieli\u0107 informacji na temat r\u00f3\u017cnych dost\u0119pnych \u017ar\u00f3de\u0142 finansowania, pomaga\u0107 w redagowaniu wniosk\u00f3w o dofinansowanie oraz udziela\u0107 porad dotycz\u0105cych maksymalizacji szans na otrzymanie grantu.\u00a0<\/span><\/p>\n<h3>Jakie s\u0105 korzy\u015bci z wyboru Espamob do zorganizowania sta\u017cu Erasmus: Kowalstwo w Hiszpanii?<\/h3>\n<p><span style=\"font-weight: 400;\">Wyb\u00f3r Espamob do zorganizowania sta\u017cu Erasmus: Kowalstwo w Hiszpanii niesie za sob\u0105 wiele korzy\u015bci. Agencja zarz\u0105dza projektem od A do Z, co pozwala grupom skoncentrowa\u0107 si\u0119 na swoim do\u015bwiadczeniu mobilno\u015bci. Espamob posiada sie\u0107 partner\u00f3w w Hiszpanii, co gwarantuje wysok\u0105 jako\u015b\u0107 przyj\u0119cia w firmach. Ponadto agencja zajmuje si\u0119 znalezieniem odpowiedniego zakwaterowania na miejscu i zapewnia organizacj\u0119 transfer\u00f3w z lotniska, co zapewnia uczestnikom bezproblemowe do\u015bwiadczenie.<\/span>[\/vc_column_text][\/vc_column_inner][vc_column_inner width=&#8221;1\/12&#8243;][\/vc_column_inner][vc_column_inner width=&#8221;4\/12&#8243;][vc_single_image image=&#8221;15074&#8243; img_size=&#8221;full&#8221;][vc_column_text]<b>Dowiedz si\u0119 wi\u0119cej o r\u00f3\u017cnych miejscach przeznaczenia Erasmus+ w Hiszpanii:<\/b><\/p>\n<ul>\n<li><a href=\"https:\/\/espamob.com\/pl\/praktyki-zawodowe-erasmus\/rolnictwa-ogrodnictwie\/praktyki-erasmus-produkcja-zwierzeca\/\"><span style=\"font-weight: 400;\">Sta\u017c Erasmus Produkcja zwierz\u0119ca<\/span><\/a><\/li>\n<li style=\"font-weight: 400;\" aria-level=\"1\"><a href=\"https:\/\/espamob.com\/pl\/praktyki-zawodowe-erasmus\/rolnictwa-ogrodnictwie\/praktyki-erasmus-produkcja-roslin\/\"><span style=\"font-weight: 400;\">Sta\u017c Erasmus Produkcja ro\u015blin<\/span><\/a><\/li>\n<li><a href=\"https:\/\/espamob.com\/pl\/praktyki-zawodowe-erasmus\/rolnictwa-ogrodnictwie\/praktyki-erasmus-uprawa-warzyw\/\"><span style=\"font-weight: 400;\">Sta\u017c Erasmus Uprawa warzyw<\/span><\/a><\/li>\n<li><a href=\"https:\/\/espamob.com\/pl\/praktyki-zawodowe-erasmus\/rolnictwa-ogrodnictwie\/praktyki-erasmus-florystyki\/\"><span style=\"font-weight: 400;\">Sta\u017c Erasmus Florystyki <\/span><\/a><\/li>\n<li><a href=\"https:\/\/espamob.com\/pl\/praktyki-zawodowe-erasmus\/rolnictwa-ogrodnictwie\/praktyki-erasmus-architektura-krajobrazu\/\"><span style=\"font-weight: 400;\">Sta\u017c Erasmus Architektura krajobrazu<\/span><\/a><\/li>\n<li><a href=\"https:\/\/espamob.com\/pl\/praktyki-zawodowe-erasmus\/rolnictwa-ogrodnictwie\/praktyki-erasmus-mechanika\/\"><span style=\"font-weight: 400;\">Sta\u017c Erasmus Mechanika rolnicza<\/span><\/a><\/li>\n<li style=\"font-weight: 400;\" aria-level=\"1\"><a href=\"https:\/\/espamob.com\/pl\/praktyki-zawodowe-erasmus\/rolnictwa-ogrodnictwie\/praktyki-erasmus-hodowca-koni\/\"><span style=\"font-weight: 400;\">Sta\u017c Erasmus Hodowca koni<\/span><\/a><\/li>\n<\/ul>\n<p>[\/vc_column_text][\/vc_column_inner][\/vc_row_inner][\/vc_column][\/vc_row]<\/p>\n<\/div>","protected":false},"excerpt":{"rendered":"<p>[vc_row css=&#8221;.vc_custom_1705948414266{margin-top: -20px !important;margin-bottom: 40px !important;background-image: url(https:\/\/espamob.com\/wp-content\/uploads\/2024\/01\/Herrador.webp?id=22935) !important;}&#8221; conditional_render=&#8221;%5B%7B%22value_role%22%3A%22administrator%22%7D%5D&#8221;][vc_column css=&#8221;.vc_custom_1687965657482{padding-top: 30px !important;}&#8221; conditional_render=&#8221;%5B%7B%22value_role%22%3A%22administrator%22%7D%5D&#8221;][vc_empty_space height=&#8221;170&#8243;][vc_custom_heading text=&#8221;Praktyki Erasmus: Kowalstwo&#8221; font_container=&#8221;tag:h1|font_size:27|text_align:center|color:%23ffffff&#8221; use_theme_fonts=&#8221;yes&#8221; css=&#8221;.vc_custom_1706106208633{margin-bottom: 15px !important;background-color: rgba(136,136,136,0.29) !important;*background-color: rgb(136,136,136) !important;}&#8221; animation_type=&#8221;zoomIn&#8221;][vc_empty_space height=&#8221;40&#8243;][\/vc_column][\/vc_row][vc_row wrap_container=&#8221;yes&#8221; text_align=&#8221;justify&#8221;][vc_column text_align=&#8221;justify&#8221;][vc_column_text] Home Sektory sta\u017cowe Mobilno\u015b\u0107 w sektorze rolnictwa, architektury krajobrazu i je\u017adziectwa Praktyka zawodowa Erasmus: Kowalstwo [\/vc_column_text][vc_custom_heading text=&#8221;Praktyki Erasmus Kowalstwo: unikalne do\u015bwiadczenie zawodowe i kulturowe&#8221;<\/p>\n","protected":false},"author":2,"featured_media":0,"parent":13168,"menu_order":0,"comment_status":"closed","ping_status":"closed","template":"","meta":{"footnotes":""},"class_list":["post-22984","page","type-page","status-publish","hentry"],"_links":{"self":[{"href":"https:\/\/espamob.com\/pl\/wp-json\/wp\/v2\/pages\/22984","targetHints":{"allow":["GET"]}}],"collection":[{"href":"https:\/\/espamob.com\/pl\/wp-json\/wp\/v2\/pages"}],"about":[{"href":"https:\/\/espamob.com\/pl\/wp-json\/wp\/v2\/types\/page"}],"author":[{"embeddable":true,"href":"https:\/\/espamob.com\/pl\/wp-json\/wp\/v2\/users\/2"}],"replies":[{"embeddable":true,"href":"https:\/\/espamob.com\/pl\/wp-json\/wp\/v2\/comments?post=22984"}],"version-history":[{"count":0,"href":"https:\/\/espamob.com\/pl\/wp-json\/wp\/v2\/pages\/22984\/revisions"}],"up":[{"embeddable":true,"href":"https:\/\/espamob.com\/pl\/wp-json\/wp\/v2\/pages\/13168"}],"wp:attachment":[{"href":"https:\/\/espamob.com\/pl\/wp-json\/wp\/v2\/media?parent=22984"}],"curies":[{"name":"wp","href":"https:\/\/api.w.org\/{rel}","templated":true}]}}