{"id":22976,"date":"2023-08-22T00:00:00","date_gmt":"2023-08-22T00:00:00","guid":{"rendered":"https:\/\/www.espamob.com\/praktyki-zawodowe-erasmus\/agriculture-horticulture\/stage-erasmus-mecanicien\/"},"modified":"2024-03-04T23:15:32","modified_gmt":"2024-03-04T23:15:32","slug":"praktyki-erasmus-mechanika","status":"publish","type":"page","link":"https:\/\/espamob.com\/pl\/praktyki-zawodowe-erasmus\/rolnictwa-ogrodnictwie\/praktyki-erasmus-mechanika\/","title":{"rendered":"Stage Erasmus : M\u00e9canicien"},"content":{"rendered":"<div class=\"wpb-content-wrapper\"><p>[vc_row css=&#8221;.vc_custom_1705948376313{margin-top: -20px !important;margin-bottom: 40px !important;background-image: url(https:\/\/espamob.com\/wp-content\/uploads\/2024\/01\/Mecanico-de-equipos-de-parques-y-jardines.webp?id=22905) !important;}&#8221; conditional_render=&#8221;%5B%7B%22value_role%22%3A%22administrator%22%7D%5D&#8221;][vc_column css=&#8221;.vc_custom_1687965657482{padding-top: 30px !important;}&#8221; conditional_render=&#8221;%5B%7B%22value_role%22%3A%22administrator%22%7D%5D&#8221;][vc_empty_space height=&#8221;170&#8243;][vc_custom_heading text=&#8221;Praktyki Erasmus: Mechanika rolnicza&#8221; font_container=&#8221;tag:h1|font_size:27|text_align:center|color:%23ffffff&#8221; use_theme_fonts=&#8221;yes&#8221; css=&#8221;.vc_custom_1706104760850{margin-bottom: 15px !important;background-color: rgba(136,136,136,0.29) !important;*background-color: rgb(136,136,136) !important;}&#8221; animation_type=&#8221;zoomIn&#8221;][vc_empty_space height=&#8221;40&#8243;][\/vc_column][\/vc_row][vc_row wrap_container=&#8221;yes&#8221; text_align=&#8221;justify&#8221;][vc_column text_align=&#8221;justify&#8221;][vc_column_text]<\/p>\n<nav aria-label=\"breadcrumb\">\n<ol class=\"breadcrumb\">\n<li class=\"breadcrumb-item\"><a href=\"https:\/\/espamob.com\/pl\">Home<\/a><\/li>\n<li class=\"breadcrumb-item\"><a href=\"https:\/\/espamob.com\/pl\/praktyki-zawodowe-erasmus\">Sektory sta\u017cowe<\/a><\/li>\n<li class=\"breadcrumb-item active\" aria-current=\"page\"><a href=\"https:\/\/espamob.com\/pl\/praktyki-zawodowe-erasmus\/agriculture-horticulture\/\">Mobilno\u015b\u0107 w sektorze rolnictwa, architektury krajobrazu i je\u017adziectwa<\/a><\/li>\n<li class=\"breadcrumb-item active\" aria-current=\"page\">Praktyka zawodowa Erasmus: Mechanika rolnicza<\/li>\n<\/ol>\n<\/nav>\n<p>[\/vc_column_text][vc_custom_heading text=&#8221;Wyb\u00f3r nauki i szkolenia poprzez praktyki Erasmus w dziedzinie mechaniki rolniczej&#8221; use_theme_fonts=&#8221;yes&#8221; css=&#8221;.vc_custom_1706104803230{margin-top: 20px !important;}&#8221;][vc_separator][vc_row_inner][vc_column_inner width=&#8221;7\/12&#8243;][vc_column_text]<span style=\"font-weight: 400;\">W konkurencyjnym \u015brodowisku sektora rolniczego istnieje konieczno\u015b\u0107 posiadania najlepszych umiej\u0119tno\u015bci, aby odnie\u015b\u0107 sukces w karierze. Aby zdoby\u0107 te umiej\u0119tno\u015bci i wyr\u00f3\u017cni\u0107 si\u0119 spo\u015br\u00f3d innych kandydat\u00f3w, udzia\u0142 w programie praktyk Erasmus jako mechanik oferuje wyj\u0105tkow\u0105 okazj\u0119 do rozwijania swojej wiedzy specjalistycznej, jednocze\u015bnie do\u015bwiadczaj\u0105c niezapomnianego do\u015bwiadczenia kulturowego.\u00a0<\/span><\/p>\n<h2>Czym jest praktyka Erasmus w sektorze mechanika rolniczej?<\/h2>\n<p><span style=\"font-weight: 400;\">Mechanika rolnicza to sektor, kt\u00f3ry wymaga licznych umiej\u0119tno\u015bci technicznych i praktycznych. Praktyka Erasmus dla mechanik\u00f3w rolniczych to program wymiany europejskiej, w ramach kt\u00f3rego studenci mechaniki maj\u0105 mo\u017cliwo\u015b\u0107 odbycia szkolenia zawodowego w innym kraju cz\u0142onkowskim Unii Europejskiej. Tego rodzaju praktyka pozwala rozwija\u0107 umiej\u0119tno\u015bci mechaniczne, jednocze\u015bnie odkrywaj\u0105c now\u0105 kultur\u0119 i ucz\u0105c si\u0119 nowego j\u0119zyka.\u00a0<\/span><\/p>\n<h2>Zalety praktyk Erasmus+ w sektorze rolniczym<\/h2>\n<h3>Zdobycie do\u015bwiadczenia mi\u0119dzynarodowego<\/h3>\n<p><span style=\"font-weight: 400;\">Jednym z g\u0142\u00f3wnych atut\u00f3w praktyk Erasmus dla mechanik\u00f3w rolniczych jest mo\u017cliwo\u015b\u0107 zdobycia do\u015bwiadczenia zawodowego za granic\u0105. Pracowanie w wielokulturowym \u015brodowisku i odkrywanie nowych metod pracy mo\u017ce by\u0107 bardzo wzbogacaj\u0105ce dla m\u0142odego profesjonalisty. Ponadto to do\u015bwiadczenie b\u0119dzie rzeczywistym atutem w CV podczas poszukiwania pracy w sektorze rolniczym.\u00a0<\/span><\/p>\n<h3>Podniesienie umiej\u0119tno\u015bci j\u0119zykowych<\/h3>\n<p><span style=\"font-weight: 400;\">Znajomo\u015b\u0107 jednego lub kilku j\u0119zyk\u00f3w obcych jest coraz bardziej istotna we wsp\u00f3\u0142czesnym \u015brodowisku zawodowym. Dzi\u0119ki praktykom Erasmus dla mechanik\u00f3w rolniczych studenci maj\u0105 okazj\u0119 codziennego praktykowania nowego j\u0119zyka, co znacznie podnosi ich poziom umiej\u0119tno\u015bci j\u0119zykowych.\u00a0<\/span><\/p>\n<h3>Rozwini\u0119cie sieci zawodowej<\/h3>\n<p><span style=\"font-weight: 400;\">Praktyki Erasmus pozwalaj\u0105 r\u00f3wnie\u017c na budowanie mi\u0119dzynarodowej sieci zawodowej. Kontakty nawi\u0105zane podczas tej\u017ce praktyki mog\u0105 okaza\u0107 si\u0119 cenne w poszukiwaniu przysz\u0142ych praktyk czy zatrudnienia w sektorze rolniczym.\u00a0<\/span><\/p>\n<h3>Korzystanie ze wsparcia finansowego<\/h3>\n<p><span style=\"font-weight: 400;\">Praktyki te s\u0105 finansowane przez program <strong>Erasmus+<\/strong>. Oferuj\u0105 one studentom uczestnicz\u0105cym w praktykach mobilno\u015bci europejskiej stypendium, kt\u00f3re pokrywa koszty podr\u00f3\u017cy, zakwaterowania i inne wydatki zwi\u0105zane z \u017cyciem codziennym w kraju goszcz\u0105cym.<\/span>[\/vc_column_text][\/vc_column_inner][vc_column_inner width=&#8221;1\/12&#8243;][\/vc_column_inner][vc_column_inner width=&#8221;4\/12&#8243;][vc_single_image image=&#8221;18246&#8243; img_size=&#8221;400*400&#8243; alignment=&#8221;right&#8221; style=&#8221;vc_box_rounded&#8221;][vc_btn title=&#8221;Zobacz wi\u0119cej&#8221; style=&#8221;custom&#8221; custom_background=&#8221;#e20000&#8243; custom_text=&#8221;#ffffff&#8221; align=&#8221;center&#8221; link=&#8221;url:https%3A%2F%2Fespamob.com%2Fpl%2Fkontakt-z-polskim-konsultantem|title:Kontakt|target:_blank&#8221;][\/vc_column_inner][\/vc_row_inner][vc_custom_heading text=&#8221;Jak znale\u017a\u0107 praktyki Erasmus dla mechanik\u00f3w rolniczych?&#8221; font_container=&#8221;tag:h3|text_align:left&#8221; use_theme_fonts=&#8221;yes&#8221; css=&#8221;.vc_custom_1706104947330{margin-top: 20px !important;}&#8221;][vc_separator][vc_row_inner][vc_column_inner width=&#8221;7\/12&#8243;][vc_column_text]<span style=\"font-weight: 400;\">Znalezienie praktyk Erasmus nie zawsze jest \u0142atwe, ale istnieje wiele zasob\u00f3w u\u0142atwiaj\u0105cych ten proces:<\/span><\/p>\n<ol>\n<li style=\"font-weight: 400;\" aria-level=\"1\"><span style=\"font-weight: 400;\"><strong>Biuro stosunk\u00f3w mi\u0119dzynarodowych Twojej szko\u0142y<\/strong>: ten specjalny dzia\u0142 pomaga studentom w znalezieniu praktyk za granic\u0105 i mo\u017ce po\u0142\u0105czy\u0107 Ci\u0119 z partnerami biznesowymi.<\/span><\/li>\n<li style=\"font-weight: 400;\" aria-level=\"1\"><span style=\"font-weight: 400;\"><strong>Specjalistyczne strony internetowe:<\/strong> istnieje wiele stron internetowych, na kt\u00f3rych mo\u017cna znale\u017a\u0107 oferty praktyk Erasmus i innych program\u00f3w mobilno\u015bci europejskiej.<\/span><\/li>\n<li style=\"font-weight: 400;\" aria-level=\"1\"><span style=\"font-weight: 400;\"><strong>Profesjonalne media spo\u0142eczno\u015bciowe<\/strong>: skorzystaj z platform takich jak LinkedIn, aby szuka\u0107 firm z sektora rolniczego oferuj\u0105cych praktyki za granic\u0105.<\/span><\/li>\n<li style=\"font-weight: 400;\" aria-level=\"1\"><span style=\"font-weight: 400;\"><strong>Rekomendacje<\/strong>: nie wahaj si\u0119 rozmawia\u0107 z kolegami z klasy, nauczycielami lub absolwentami, kt\u00f3rzy ju\u017c odbyli praktyki Erasmus, aby uzyska\u0107 porady i przydatne kontakty.\u00a0<\/span><\/li>\n<\/ol>\n<h2>Przygotowanie do praktyk Erasmus dla mechanika rolniczych<\/h2>\n<p><span style=\"font-weight: 400;\">Po znalezieniu praktyk wa\u017cne jest solidne przygotowanie, aby w pe\u0142ni wykorzysta\u0107 to do\u015bwiadczenie:\u00a0<\/span><\/p>\n<ul>\n<li style=\"font-weight: 400;\" aria-level=\"1\"><span style=\"font-weight: 400;\"><strong>Zorientuj si\u0119 w firmie i kraju gospodarza<\/strong>: wa\u017cne jest, aby pozna\u0107 \u015brodowisko zawodowe, w kt\u00f3rym b\u0119dziesz pracowa\u0107, oraz kultur\u0119 kraju, do kt\u00f3rego si\u0119 udajesz.\u00a0<\/span><\/li>\n<li style=\"font-weight: 400;\" aria-level=\"1\"><span style=\"font-weight: 400;\"><strong>Popraw umiej\u0119tno\u015bci j\u0119zykowe<\/strong>: je\u015bli jeszcze nie opanowa\u0142e\u015b perfekcyjnie j\u0119zyka kraju goszcz\u0105cego, we\u017a kilka lekcji przed wyjazdem, aby u\u0142atwi\u0107 sobie integracj\u0119 na miejscu.\u00a0<\/span><\/li>\n<li style=\"font-weight: 400;\" aria-level=\"1\"><span style=\"font-weight: 400;\"><strong>Przygotuj niezb\u0119dne dokumenty administracyjne<\/strong>: upewnij si\u0119, \u017ce masz wszystkie wymagane dokumenty do podr\u00f3\u017cy i pracy za granic\u0105 (dow\u00f3d osobisty, paszport, wiza, za\u015bwiadczenie o ubezpieczeniu zdrowotnym, itp.).\u00a0<\/span><\/li>\n<li style=\"font-weight: 400;\" aria-level=\"1\"><span style=\"font-weight: 400;\"><strong>Zorganizuj zakwaterowanie i \u017cycie codzienne<\/strong>: poszukaj zakwaterowania dostosowanego do swoich potrzeb i bud\u017cetu oraz dowiedz si\u0119 o \u015brodkach transportu publicznego, sklepach i innych przydatnych us\u0142ugach w miejscu, w kt\u00f3rym b\u0119dziesz przebywa\u0107.\u00a0<\/span><\/li>\n<\/ul>\n<p><span style=\"font-weight: 400;\">Podsumowuj\u0105c, praktyki Erasmus dla mechanika stanowi\u0105 wyj\u0105tkow\u0105 okazj\u0119 do rozwoju umiej\u0119tno\u015bci zawodowych, jednocze\u015bnie oferuj\u0105c wzbogacaj\u0105ce do\u015bwiadczenie na p\u0142aszczy\u017anie osobistej. Bior\u0105c pod uwag\u0119 solidne przygotowanie i motywacj\u0119, tego rodzaju praktyki mog\u0105 otworzy\u0107 wiele drzwi w sektorze rolniczym i znacznie przyczyni\u0107 si\u0119 do sukcesu przysz\u0142ej kariery.<\/span>[\/vc_column_text][\/vc_column_inner][vc_column_inner width=&#8221;1\/12&#8243;][\/vc_column_inner][vc_column_inner width=&#8221;4\/12&#8243;][vc_raw_html]JTNDZGl2JTIwc3R5bGUlM0QlMjJwYWRkaW5nJTNBJTIwMzBweCUzQmJhY2tncm91bmQtY29sb3IlM0ElMjAlMjNGNEY0RjQlM0IlMjIlM0UlMEElMjAlMjAlMjAlMjAlM0NoNCUzRU9ka3J5aiUyMHdzenlzdGtpZSUyMHNla3RvcnklMjBwcmFrdHlrJTNDJTJGaDQlM0UlMEElMjAlMjAlMjAlMjAlM0NwJTNFRXNwYW1vYiUyMHNwZWNqYWxpenVqZSUyMHNpJUM0JTk5JTIwdyUyMHBvbWFnYW5pdSUyMGdydXBvbSUyMHclMjBtb2JpbG5vJUM1JTlCY2klMjB3JTIwcmFtYWNoJTIwcHJvZ3JhbXUlMjBFcmFzbXVzJTIwJTJCLiUyMERvd2llZHolMjBzaSVDNCU5OSUyMG8lMjB3c3p5c3RraWNoJTIwc2VrdG9yYWNoJTIwcHJha3R5ayUyMEVyYXNtdXMlMjB3JTIwSGlzenBhbmlpJTIwemElMjBwb21vYyVDNCU4NSUyMGtpbGt1JTIwa2xpa25pJUM0JTk5JUM0JTg3LiUzQyUyRnAlM0UlMEElMjAlMjAlMjAlMjAlM0NhJTIwY2xhc3MlM0QlMjJ2Y19nZW5lcmFsJTIwdmNfYnRuMyUyMHZjX2J0bjMtc2l6ZS1tZCUyMHZjX2J0bjMtc2hhcGUtZGVmYXVsdCUyMHZjX2J0bjMtc3R5bGUtY3VzdG9tJTIwd3BiX2N1c3RvbV82Njg3YjI2ZjM5NDg4ZGRiYjg1ZGRiM2MxY2U4ZTExMSUyMGJ0biUyMiUyMHN0eWxlJTNEJTIyYmFja2dyb3VuZC1jb2xvciUzQSUyM2UyMDAwMCUzQiUyMGNvbG9yJTNBJTIzZmZmZmZmJTNCJTIwYmFja2dyb3VuZC1jb2xvciUzQSUyM2UyMDAwMCUzQiUyMGNvbG9yJTNBJTIzZmZmZmZmJTNCJTIyJTIwaHJlZiUzRCUyMmh0dHBzJTNBJTJGJTJGd3d3LmVzcGFtb2IuY29tJTJGcGwlMkZwcmFrdHlraS16YXdvZG93ZS1lcmFzbXVzJTJGJTIyJTIwdGl0bGUlM0QlMjJTZWt0b3J5JTIwc3RhJUM1JUJDb3dlJTIyJTIwdGFyZ2V0JTNEJTIyX2JsYW5rJTIyJTNFT2RrcnlqJTIwc2VrdG9yeSUzQyUyRmElM0UlMEElM0MlMkZkaXYlM0U=[\/vc_raw_html][vc_custom_heading text=&#8221;Odkryj opinie uczestnik\u00f3w programu Erasmus +:&#8221; font_container=&#8221;tag:h3|text_align:left&#8221; use_theme_fonts=&#8221;yes&#8221; css=&#8221;.vc_custom_1706105094586{margin-top: 20px !important;}&#8221;][vc_separator][vc_video link=&#8221;https:\/\/www.youtube.com\/watch?v=eyqF3jOE09A&#8221; align=&#8221;center&#8221;][\/vc_column_inner][\/vc_row_inner][\/vc_column][\/vc_row][vc_row full_width=&#8221;stretch_row&#8221; wrap_container=&#8221;yes&#8221; is_section=&#8221;yes&#8221; css=&#8221;.vc_custom_1706105114913{border-top-width: 0px !important;padding-top: 15px !important;padding-bottom: 15px !important;background-color: #f8f392 !important;}&#8221; conditional_render=&#8221;%5B%7B%22value_role%22%3A%22administrator%22%7D%5D&#8221;][vc_column][vc_row_inner css=&#8221;.vc_custom_1688548648248{background-color: #f8f392 !important;}&#8221;][vc_column_inner][vc_custom_heading text=&#8221;Popro\u015b o bezp\u0142atn\u0105 wycen\u0119&#8221; font_container=&#8221;tag:h2|text_align:center&#8221; use_theme_fonts=&#8221;yes&#8221;][vc_column_text]<\/p>\n<p style=\"text-align: justify;\">Masz pomys\u0142 na projekt Erasmus+ w Hiszpanii i szukasz zaufanej agencji, kt\u00f3ra Ci\u0119 wesprze?\u00a0<strong>Espamob<\/strong>\u2019 jest tutaj, aby Ci pom\u00f3c! Oferujemy bezp\u0142atn\u0105 i niezobowi\u0105zuj\u0105c\u0105 wycen\u0119, kt\u00f3ra pomo\u017ce Ci zarz\u0105dza\u0107 projektem mobilno\u015bci. Dzi\u0119ki naszemu do\u015bwiadczeniu i sieci firm partnerskich mo\u017cemy zaoferowa\u0107 spersonalizowane wsparcie, aby spe\u0142ni\u0107 Twoje specyficzne potrzeby. Skontaktuj si\u0119 z nami ju\u017c teraz, aby om\u00f3wi\u0107 sw\u00f3j projekt i otrzyma\u0107 bezp\u0142atn\u0105 wycen\u0119.<\/p>\n<p>[\/vc_column_text]<div id=\"modal-trg-txt-wrap-2255\" class=\"ult-modal-input-wrapper ult-adjust-bottom-margin    \" data-keypress-control=\"keypress-control-enable\" data-overlay-control=\"overlay-control-enable\"><style>\n\t\t\t\t\t.btn-modal.btn-id-69e7be6ead8f32-70584652:hover {\n\t\t\t\t\t\tbackground-color: #e20000 !important;\n\t\t\t\t\t}\n\t\t\t\t\t<\/style><button  data-ultimate-target='#modal-trg-txt-wrap-2255 .btn-modal'  data-responsive-json-new='{\"font-size\":\"\",\"line-height\":\"\"}'  style=\"background:#888888;border-color:#888888;color:#ffffff; \" data-class-id=\"content-69e7be6ead8f32-70584652\" class=\"btn-modal ult-responsive btn-primary btn-modal-md overlay-show ult-align-center btn-id-69e7be6ead8f32-70584652\" data-overlay-class=\"overlay-cornerbottomleft\">ZAM\u00d3W BEZP\u0141ATN\u0104 WYCEN\u0118<\/button><\/div>\n<div class=\"ult-overlay content-69e7be6ead8f32-70584652 \" data-class=\"content-69e7be6ead8f32-70584652\" id=\"button-click-overlay\" style=\"background:rgba(51,51,51,0.8); display:none;\">\n\t<div class=\"ult_modal ult-fade ult-medium\">\n\t\t<div id=\"ult-modal-wrap-6107\" class=\"ult_modal-content ult-hide\" style=\"border-style:solid;border-width:2px;border-radius:0px;border-color:#333333;\">\n\t\t\t<div class=\"ult_modal-header\" style=\"color:#333333;border-color:#333333;\">\n\t\t\t\t<h3  data-ultimate-target='#ult-modal-wrap-6107 .ult_modal-title'  data-responsive-json-new='{\"font-size\":\"\",\"line-height\":\"\"}'  class=\"ult_modal-title ult-responsive\">ZAM\u00d3W BEZP\u0141ATN\u0104 WYCEN\u0118<\/h3>\n\t\t\t<\/div>\n\t\t\t<div  data-ultimate-target='#ult-modal-wrap-6107 .ult_modal-body'  data-responsive-json-new='{\"font-size\":\"\",\"line-height\":\"\"}'  class=\"ult_modal-body ult-responsive ult-html\" style=\"\">\n\t\t\t<\/p>\n<p>[caldera_form id=&#8221;CF6149e02688efa&#8221;]<\/p>\n<p>\n\t\t\t<\/div>\n\t<\/div>\n\t<\/div>\n\t<div class=\"ult-overlay-close top-right\" style=\"width:80px;height:80px; \"><div class=\"ult-overlay-close-inside\">Close<\/div><\/div>\n<\/div>[\/vc_column_inner][\/vc_row_inner][\/vc_column][\/vc_row][vc_row wrap_container=&#8221;yes&#8221; css=&#8221;.vc_custom_1689256499740{margin-top: 15px !important;}&#8221; conditional_render=&#8221;%5B%7B%22value_role%22%3A%22administrator%22%7D%5D&#8221;][vc_column][vc_custom_heading text=&#8221;Cz\u0119sto zadawane pytania&#8221; font_container=&#8221;tag:h2|text_align:center|color:%23000000&#8243; use_theme_fonts=&#8221;yes&#8221;][vc_separator][vc_row_inner][vc_column_inner width=&#8221;7\/12&#8243;][vc_column_text]<\/p>\n<h3>Jakie s\u0105 korzy\u015bci z wyboru Espamob do realizacji praktyki Erasmus w Hiszpanii jako mechanika rolniczy?<\/h3>\n<p><span style=\"font-weight: 400;\">Wybieraj\u0105c Espamob do odbycia praktyki Erasmus jako mechanik rolniczy w Hiszpanii, skorzystasz z kompleksowego wsparcia na ka\u017cdym etapie swojego projektu. Agencja zajmie si\u0119 znalezieniem partner\u00f3w biznesowych w dziedzinie mechaniki rolniczej, kt\u00f3rzy zapewni\u0105 Ci satysfakcjonuj\u0105ce do\u015bwiadczenie zawodowe. Ponadto Espamob pomo\u017ce Ci znale\u017a\u0107 zakwaterowanie dostosowane do Twoich potrzeb i zajmie si\u0119 Twoim przyj\u0119ciem na lotnisku. Wreszcie agencja b\u0119dzie Ci\u0119 wspiera\u0107 w poszukiwaniach finansowania dla Twojego projektu.\u00a0<\/span><\/p>\n<h3>Jak Espamob pomo\u017ce mi znale\u017a\u0107 partnera biznesowego na moj\u0105 praktyk\u0119 Erasmus+ jako mechanika rolniczy?<\/h3>\n<p><span style=\"font-weight: 400;\">Espamob dysponuje sieci\u0105 partner\u00f3w w dziedzinie mechaniki w Hiszpanii. Agencja zajmie si\u0119 kontaktem z tymi firmami i przedstawieniem Twojego projektu. Upewni si\u0119, \u017ce znajdzie firm\u0119, kt\u00f3ra spe\u0142nia Twoje oczekiwania i b\u0119dzie w stanie zaoferowa\u0107 Ci satysfakcjonuj\u0105ce do\u015bwiadczenie zawodowe. Nast\u0119pnie Espamob po\u0142\u0105czy Ci\u0119 z t\u0105 firm\u0105 i b\u0119dzie Ci towarzyszy\u0107 przez ca\u0142y okres praktyki.\u00a0<\/span><\/p>\n<h3>Jakie s\u0105 kryteria wyboru dla oferowanych przez Espamob mieszka\u0144 podczas praktyki Erasmus w Hiszpanii?<\/h3>\n<p><span style=\"font-weight: 400;\">Zakwaterowanie proponowane przez Espamob podczas praktyki Erasmus w Hiszpanii s\u0105 wybierane wed\u0142ug kilku kryteri\u00f3w. Agencja dba o to, aby miejsca te by\u0142y usytuowane w pobli\u017cu partnera biznesowego i uniwersytet\u00f3w, aby u\u0142atwi\u0107 Ci podr\u00f3\u017cowanie. Ponadto Espamob upewni si\u0119, \u017ce obiekty te s\u0105 wygodne, bezpieczne i dostosowane do Twoich potrzeb. Agencja bierze r\u00f3wnie\u017c pod uwag\u0119 Twoje preferencje i ograniczenia (bud\u017cet, liczba os\u00f3b, itp.) podczas poszukiwania zakwaterowania.<\/span>[\/vc_column_text][\/vc_column_inner][vc_column_inner width=&#8221;1\/12&#8243;][\/vc_column_inner][vc_column_inner width=&#8221;4\/12&#8243;][vc_single_image image=&#8221;15074&#8243; img_size=&#8221;full&#8221;][vc_column_text]<b>Dowiedz si\u0119 wi\u0119cej o r\u00f3\u017cnych miejscach przeznaczenia Erasmus+ w Hiszpanii:<\/b><\/p>\n<ul>\n<li><a href=\"https:\/\/espamob.com\/pl\/praktyki-zawodowe-erasmus\/rolnictwa-ogrodnictwie\/praktyki-erasmus-produkcja-zwierzeca\/\"><span style=\"font-weight: 400;\">Sta\u017c Erasmus Produkcja zwierz\u0119ca<\/span><\/a><\/li>\n<li style=\"font-weight: 400;\" aria-level=\"1\"><a href=\"https:\/\/espamob.com\/pl\/praktyki-zawodowe-erasmus\/rolnictwa-ogrodnictwie\/praktyki-erasmus-produkcja-roslin\/\"><span style=\"font-weight: 400;\">Sta\u017c Erasmus Produkcja ro\u015blin<\/span><\/a><\/li>\n<li><a href=\"https:\/\/espamob.com\/pl\/praktyki-zawodowe-erasmus\/rolnictwa-ogrodnictwie\/praktyki-erasmus-uprawa-warzyw\/\"><span style=\"font-weight: 400;\">Sta\u017c Erasmus Uprawa warzyw<\/span><\/a><\/li>\n<li><a href=\"https:\/\/espamob.com\/pl\/praktyki-zawodowe-erasmus\/rolnictwa-ogrodnictwie\/praktyki-erasmus-florystyki\/\"><span style=\"font-weight: 400;\">Sta\u017c Erasmus Florystyki <\/span><\/a><\/li>\n<li><a href=\"https:\/\/espamob.com\/pl\/praktyki-zawodowe-erasmus\/rolnictwa-ogrodnictwie\/praktyki-erasmus-architektura-krajobrazu\/\"><span style=\"font-weight: 400;\">Sta\u017c Erasmus Architektura krajobrazu<\/span><\/a><\/li>\n<li style=\"font-weight: 400;\" aria-level=\"1\"><a href=\"https:\/\/espamob.com\/pl\/praktyki-zawodowe-erasmus\/rolnictwa-ogrodnictwie\/praktyki-erasmus-hodowca-koni\/\"><span style=\"font-weight: 400;\">Sta\u017c Erasmus Hodowca koni<\/span><\/a><\/li>\n<li style=\"font-weight: 400;\" aria-level=\"1\"><a href=\"https:\/\/espamob.com\/pl\/praktyki-zawodowe-erasmus\/rolnictwa-ogrodnictwie\/praktyki-erasmus-kowalstwo\/\"><span style=\"font-weight: 400;\">Sta\u017c Erasmus Kowalstwo<\/span><\/a><\/li>\n<\/ul>\n<p>[\/vc_column_text][\/vc_column_inner][\/vc_row_inner][\/vc_column][\/vc_row]<\/p>\n<\/div>","protected":false},"excerpt":{"rendered":"<p>[vc_row css=&#8221;.vc_custom_1705948376313{margin-top: -20px !important;margin-bottom: 40px !important;background-image: url(https:\/\/espamob.com\/wp-content\/uploads\/2024\/01\/Mecanico-de-equipos-de-parques-y-jardines.webp?id=22905) !important;}&#8221; conditional_render=&#8221;%5B%7B%22value_role%22%3A%22administrator%22%7D%5D&#8221;][vc_column css=&#8221;.vc_custom_1687965657482{padding-top: 30px !important;}&#8221; conditional_render=&#8221;%5B%7B%22value_role%22%3A%22administrator%22%7D%5D&#8221;][vc_empty_space height=&#8221;170&#8243;][vc_custom_heading text=&#8221;Praktyki Erasmus: Mechanika rolnicza&#8221; font_container=&#8221;tag:h1|font_size:27|text_align:center|color:%23ffffff&#8221; use_theme_fonts=&#8221;yes&#8221; css=&#8221;.vc_custom_1706104760850{margin-bottom: 15px !important;background-color: rgba(136,136,136,0.29) !important;*background-color: rgb(136,136,136) !important;}&#8221; animation_type=&#8221;zoomIn&#8221;][vc_empty_space height=&#8221;40&#8243;][\/vc_column][\/vc_row][vc_row wrap_container=&#8221;yes&#8221; text_align=&#8221;justify&#8221;][vc_column text_align=&#8221;justify&#8221;][vc_column_text] Home Sektory sta\u017cowe Mobilno\u015b\u0107 w sektorze rolnictwa, architektury krajobrazu i je\u017adziectwa Praktyka zawodowa Erasmus: Mechanika rolnicza [\/vc_column_text][vc_custom_heading text=&#8221;Wyb\u00f3r nauki i szkolenia poprzez praktyki<\/p>\n","protected":false},"author":2,"featured_media":0,"parent":13168,"menu_order":0,"comment_status":"closed","ping_status":"closed","template":"","meta":{"footnotes":""},"class_list":["post-22976","page","type-page","status-publish","hentry"],"_links":{"self":[{"href":"https:\/\/espamob.com\/pl\/wp-json\/wp\/v2\/pages\/22976","targetHints":{"allow":["GET"]}}],"collection":[{"href":"https:\/\/espamob.com\/pl\/wp-json\/wp\/v2\/pages"}],"about":[{"href":"https:\/\/espamob.com\/pl\/wp-json\/wp\/v2\/types\/page"}],"author":[{"embeddable":true,"href":"https:\/\/espamob.com\/pl\/wp-json\/wp\/v2\/users\/2"}],"replies":[{"embeddable":true,"href":"https:\/\/espamob.com\/pl\/wp-json\/wp\/v2\/comments?post=22976"}],"version-history":[{"count":0,"href":"https:\/\/espamob.com\/pl\/wp-json\/wp\/v2\/pages\/22976\/revisions"}],"up":[{"embeddable":true,"href":"https:\/\/espamob.com\/pl\/wp-json\/wp\/v2\/pages\/13168"}],"wp:attachment":[{"href":"https:\/\/espamob.com\/pl\/wp-json\/wp\/v2\/media?parent=22976"}],"curies":[{"name":"wp","href":"https:\/\/api.w.org\/{rel}","templated":true}]}}