{"id":22972,"date":"2023-08-22T00:00:00","date_gmt":"2023-08-22T00:00:00","guid":{"rendered":"https:\/\/www.espamob.com\/praktyki-zawodowe-erasmus\/agriculture-horticulture\/stage-erasmus-paysagiste\/"},"modified":"2024-11-14T17:51:19","modified_gmt":"2024-11-14T17:51:19","slug":"praktyki-erasmus-architektura-krajobrazu","status":"publish","type":"page","link":"https:\/\/espamob.com\/pl\/praktyki-zawodowe-erasmus\/rolnictwa-ogrodnictwie\/praktyki-erasmus-architektura-krajobrazu\/","title":{"rendered":"Stage Erasmus : Paysagiste"},"content":{"rendered":"<div class=\"wpb-content-wrapper\"><p>[vc_row css=&#8221;.vc_custom_1705948353362{margin-top: -20px !important;margin-bottom: 40px !important;background-image: url(https:\/\/espamob.com\/wp-content\/uploads\/2024\/01\/Paisajista.webp?id=22910) !important;}&#8221; conditional_render=&#8221;%5B%7B%22value_role%22%3A%22administrator%22%7D%5D&#8221;][vc_column css=&#8221;.vc_custom_1687965657482{padding-top: 30px !important;}&#8221; conditional_render=&#8221;%5B%7B%22value_role%22%3A%22administrator%22%7D%5D&#8221;][vc_empty_space height=&#8221;170&#8243;][vc_custom_heading text=&#8221;Praktyki Erasmus : Architektura krajobrazu&#8221; font_container=&#8221;tag:h1|font_size:27|text_align:center|color:%23ffffff&#8221; use_theme_fonts=&#8221;yes&#8221; css=&#8221;.vc_custom_1706104064315{margin-bottom: 15px !important;background-color: rgba(136,136,136,0.29) !important;*background-color: rgb(136,136,136) !important;}&#8221; animation_type=&#8221;zoomIn&#8221;][vc_empty_space height=&#8221;40&#8243;][\/vc_column][\/vc_row][vc_row wrap_container=&#8221;yes&#8221; text_align=&#8221;justify&#8221;][vc_column text_align=&#8221;justify&#8221;][vc_column_text]<\/p>\n<nav aria-label=\"breadcrumb\">\n<ol class=\"breadcrumb\">\n<li class=\"breadcrumb-item\"><a href=\"https:\/\/espamob.com\/pl\">Home<\/a><\/li>\n<li class=\"breadcrumb-item\"><a href=\"https:\/\/espamob.com\/pl\/praktyki-zawodowe-erasmus\">Sektory sta\u017cowe<\/a><\/li>\n<li class=\"breadcrumb-item active\" aria-current=\"page\"><a href=\"https:\/\/espamob.com\/pl\/praktyki-zawodowe-erasmus\/agriculture-horticulture\/\">Mobilno\u015b\u0107 w sektorze rolnictwa, architektury krajobrazu i je\u017adziectwa<\/a><\/li>\n<li class=\"breadcrumb-item active\" aria-current=\"page\">Praktyka zawodowa Erasmus: Architektura krajobrazu<\/li>\n<\/ol>\n<\/nav>\n<p>[\/vc_column_text][vc_custom_heading text=&#8221;Praktyki Erasmus: Architektura krajobrazu wzbogacaj\u0105ce do\u015bwiadczenie zawodowe&#8221; use_theme_fonts=&#8221;yes&#8221; css=&#8221;.vc_custom_1706104116695{margin-top: 20px !important;}&#8221;][vc_separator][vc_row_inner][vc_column_inner width=&#8221;7\/12&#8243;][vc_column_text]<span style=\"font-weight: 400;\">Chcesz odby\u0107 <strong>praktyki Erasmusa w dziedzinie architektury krajobrazu<\/strong> i tym samym podnie\u015b\u0107 swoje umiej\u0119tno\u015bci w zakresie projektowania krajobrazu? Dowiedz si\u0119, jak wzi\u0105\u0107 udzia\u0142 w tym programie europejskim, jakie korzy\u015bci oferuje to wyj\u0105tkowe do\u015bwiadczenie i jak z sukcesem przej\u015b\u0107 przez pobyt za granic\u0105.<\/span><\/p>\n<h2>Program Erasmus+: okazja do odbycia praktyk<\/h2>\n<p><span style=\"font-weight: 400;\">Program <strong>Erasmus+<\/strong> to inicjatywa europejska maj\u0105ca na celu promowanie mobilno\u015bci student\u00f3w, nauczycieli i profesjonalist\u00f3w w Europie. Oferuje on mo\u017cliwo\u015b\u0107 odbycia praktyk za granic\u0105 w ramach studi\u00f3w lub szkolenia zawodowego.\u00a0<\/span><\/p>\n<p><span style=\"font-weight: 400;\">Dla uczni\u00f3w ogrodnictwa\/architektury krajobrazu to unikalna szansa na zdobycie nowych umiej\u0119tno\u015bci, poznawanie nowych podej\u015b\u0107 do projektowania krajobrazu oraz otwarcie si\u0119 na nowe kultury i metody pracy. Ponadto to mi\u0119dzynarodowe do\u015bwiadczenie mo\u017ce by\u0107 prawdziwym atutem dla Twojego CV i u\u0142atwi\u0107 p\u00f3\u017aniejsze znalezienie pracy.<\/span><\/p>\n<h3>Jak ubiega\u0107 si\u0119 o praktyki Erasmus+ w dziedzinie Architektura krajobrazu?<\/h3>\n<p><span style=\"font-weight: 400;\">Aby skorzysta\u0107 z praktyk Erasmusa, musisz by\u0107 studentem uczelni partnerskiej programu Erasmus+. Skontaktuj si\u0119 ze swoj\u0105 plac\u00f3wk\u0105 edukacyjn\u0105, aby dowiedzie\u0107 si\u0119 o ich partnerstwach i zasadach sk\u0142adania poda\u0144. Zazwyczaj zostaniesz poproszony o przedstawienie kompletu dokument\u00f3w aplikacyjnych, w tym CV, listu motywacyjnego, a czasami r\u00f3wnie\u017c referencji.\u00a0<\/span><\/p>\n<p><span style=\"font-weight: 400;\">Wyb\u00f3r kraju i firmy przyjmuj\u0105cej odbywa si\u0119 w oparciu o Twoje zainteresowania i cele zawodowe. Nie wahaj si\u0119 sprawdzi\u0107 firm specjalizuj\u0105cych si\u0119 w projektowaniu krajobrazu w krajach, kt\u00f3re Ci\u0119 interesuj\u0105, i sprawdzi\u0107 dost\u0119pne oferty praktyk na europejskiej platformie Erasmus Intern Traineeship Portal.\u00a0<\/span><\/p>\n<h2>Korzy\u015bci z praktyk Erasmus+ w dziedzinie Architektura krajobrazu<\/h2>\n<p><span style=\"font-weight: 400;\">Udzia\u0142 w praktykach Erasmusa niesie ze sob\u0105 wiele korzy\u015bci:\u00a0<\/span><\/p>\n<ul>\n<li style=\"font-weight: 400;\" aria-level=\"1\"><span style=\"font-weight: 400;\"><strong>Rozw\u00f3j umiej\u0119tno\u015bci zawodowych<\/strong>: staniesz przed nowymi technikami, podej\u015bciami i narz\u0119dziami specyficznymi dla kraju, w kt\u00f3rym odbywasz praktyki. Pozwoli Ci to poszerzy\u0107 zakres umiej\u0119tno\u015bci i zwi\u0119kszy\u0107 atrakcyjno\u015b\u0107 na rynku pracy.\u00a0<\/span><\/li>\n<li style=\"font-weight: 400;\" aria-level=\"1\"><span style=\"font-weight: 400;\"><strong>Nauka j\u0119zyka obcego<\/strong>: codzienna praktyka j\u0119zyka obcego to jedno z najlepszych \u015brodk\u00f3w szybkiego post\u0119pu. Twoje praktyki Erasmus b\u0119d\u0105 zatem okazj\u0105 do doskonalenia umiej\u0119tno\u015bci j\u0119zykowych.\u00a0<\/span><\/li>\n<li style=\"font-weight: 400;\" aria-level=\"1\"><span style=\"font-weight: 400;\"><strong>Odkrywanie nowych kultur<\/strong>: \u017cycie za granic\u0105 przez kilka miesi\u0119cy pozwoli Ci pozna\u0107 kultur\u0119, tradycje i styl \u017cycia innego kraju, co mo\u017ce by\u0107 bardzo wzbogacaj\u0105ce zar\u00f3wno pod wzgl\u0119dem osobistym, jak i zawodowym.\u00a0<\/span><\/li>\n<li style=\"font-weight: 400;\" aria-level=\"1\"><span style=\"font-weight: 400;\"><strong>Budowanie mi\u0119dzynarodowej sieci kontakt\u00f3w<\/strong>: podczas praktyk spotkasz ludzi z r\u00f3\u017cnych \u015brodowisk, z kt\u00f3rymi b\u0119dziesz m\u00f3g\u0142 wymienia\u0107\u00a0 si\u0119 do\u015bwiadczeniem i nawi\u0105zywa\u0107 kontakty zawodowe. Ta sie\u0107 mo\u017ce okaza\u0107 si\u0119 cenna w Twojej przysz\u0142ej karierze.\u00a0<\/span><\/li>\n<\/ul>\n<h3>Finansowanie i pomoc w mobilno\u015bci<\/h3>\n<p><span style=\"font-weight: 400;\">W ramach programu Erasmus+ mo\u017ce zosta\u0107 przyznane stypendium mobilno\u015bciowe na dofinansowanie praktyk za granic\u0105. Wysoko\u015b\u0107 tego stypendium zale\u017cy od kraju, w kt\u00f3rym odbywaj\u0105 si\u0119 praktyki i ich czasu trwania. Skonsultuj si\u0119 ze swoj\u0105 plac\u00f3wk\u0105 edukacyjn\u0105, aby dowiedzie\u0107 si\u0119 o warunkach przyznawania i procedurach. Istniej\u0105 r\u00f3wnie\u017c inne formy wsparcia finansowego na poziomie krajowym, regionalnym lub lokalnym, wi\u0119c nie wahaj si\u0119 zasi\u0119gn\u0105\u0107 informacji i z\u0142o\u017cy\u0107 wniosek. <\/span>[\/vc_column_text][\/vc_column_inner][vc_column_inner width=&#8221;1\/12&#8243;][\/vc_column_inner][vc_column_inner width=&#8221;4\/12&#8243;][vc_single_image image=&#8221;18271&#8243; img_size=&#8221;400*400&#8243; alignment=&#8221;right&#8221; style=&#8221;vc_box_rounded&#8221;][vc_btn title=&#8221;Zobacz wi\u0119cej&#8221; style=&#8221;custom&#8221; custom_background=&#8221;#e20000&#8243; custom_text=&#8221;#ffffff&#8221; align=&#8221;center&#8221; link=&#8221;url:https%3A%2F%2Fespamob.com%2Fpl%2Fkontakt-z-polskim-konsultantem|title:Kontakt|target:_blank&#8221;][vc_video link=&#8221;https:\/\/youtu.be\/jXc1gFQTl58?si=VCgSHdFjO2mYrKTp&#8221;][\/vc_column_inner][\/vc_row_inner][vc_custom_heading text=&#8221;Jak osi\u0105gn\u0105\u0107 sukces podczas praktyk Erasmus+ w dziedzinie Architektura krajobrazu: nasze wskaz\u00f3wki&#8221; font_container=&#8221;tag:h3|text_align:left&#8221; use_theme_fonts=&#8221;yes&#8221; css=&#8221;.vc_custom_1706104344791{margin-top: 20px !important;}&#8221;][vc_separator][vc_row_inner][vc_column_inner width=&#8221;7\/12&#8243;][vc_column_text]<span style=\"font-weight: 400;\">Aby w pe\u0142ni skorzysta\u0107 z do\u015bwiadczenia Erasmusa w dziedzinie krajobrazu, oto kilka wskaz\u00f3wek dotycz\u0105cych przygotowa\u0144 do pobytu:<\/span><\/p>\n<ol>\n<li style=\"font-weight: 400;\" aria-level=\"1\"><span style=\"font-weight: 400;\"><strong>Pokazuj ciekawo\u015b\u0107 i otwarto\u015b\u0107 umys\u0142u<\/strong>: wykorzystaj to do\u015bwiadczenie, aby odkrywa\u0107 nowe techniki, podej\u015bcia i narz\u0119dzia w zakresie projektowania krajobrazu. B\u0105d\u017a got\u00f3w do nauki i wyj\u015bcia poza swoj\u0105 stref\u0119 komfortu.<\/span><\/li>\n<li style=\"font-weight: 400;\" aria-level=\"1\"><span style=\"font-weight: 400;\"><strong>Przygotuj si\u0119 na \u017cycie w \u015brodowisku wielokulturowym:<\/strong> dowiedz si\u0119 o kulturze i tradycjach kraju, w kt\u00f3rym b\u0119dziesz odbywa\u0107 praktyki, aby zapozna\u0107 si\u0119 z nowym otoczeniem i u\u0142atwi\u0107 swoj\u0105 integracj\u0119.<\/span><\/li>\n<li style=\"font-weight: 400;\" aria-level=\"1\"><span style=\"font-weight: 400;\"><strong>Aktywnie uczestnicz w \u017cyciu firmy przyjmuj\u0105cej<\/strong>: b\u0105d\u017a ochotnikiem i podejmuj inicjatywy, aby w pe\u0142ni zintegrowa\u0107 si\u0119 z zespo\u0142em.<\/span><\/li>\n<li style=\"font-weight: 400;\" aria-level=\"1\"><span style=\"font-weight: 400;\"><strong>Utrzymuj kontakt ze swoj\u0105 uczelni\u0105 macierzyst\u0105<\/strong>: regularnie komunikuj si\u0119 ze swoim opiekunem, nauczycielami i kolegami z klasy, aby by\u0107 na bie\u017c\u0105co z aktualno\u015bciami ze swojej formacji i dzieli\u0107 si\u0119 swoim do\u015bwiadczeniem za granic\u0105.<\/span><\/li>\n<li style=\"font-weight: 400;\" aria-level=\"1\"><span style=\"font-weight: 400;\"><strong>Zachowaj \u015blad swojego do\u015bwiadczenia<\/strong>: czy to w formie dziennika, bloga czy portfolio, dokumentuj swoje praktyki Erasmus, aby zachowa\u0107 pami\u0105tk\u0119 z tego do\u015bwiadczenia i m\u00f3c wyci\u0105gn\u0105\u0107 z niego konstruktywne wnioski.\u00a0<\/span><\/li>\n<\/ol>\n<p><span style=\"font-weight: 400;\">W skr\u00f3cie, odbycie praktyk Erasmus w dziedzinie krajobrazu to unikalna okazja do rozwoju kariery, nauki nowych technik i podej\u015b\u0107 w zakresie projektowania krajobrazu oraz budowania mi\u0119dzynarodowej sieci zawodowej. Nie wahaj si\u0119 wi\u0119c ruszy\u0107 na t\u0119 fascynuj\u0105c\u0105 przygod\u0119!<\/span>[\/vc_column_text][\/vc_column_inner][vc_column_inner width=&#8221;1\/12&#8243;][\/vc_column_inner][vc_column_inner width=&#8221;4\/12&#8243;][vc_raw_html]JTNDZGl2JTIwc3R5bGUlM0QlMjJwYWRkaW5nJTNBJTIwMzBweCUzQmJhY2tncm91bmQtY29sb3IlM0ElMjAlMjNGNEY0RjQlM0IlMjIlM0UlMEElMjAlMjAlMjAlMjAlM0NoNCUzRU9ka3J5aiUyMHdzenlzdGtpZSUyMHNla3RvcnklMjBwcmFrdHlrJTNDJTJGaDQlM0UlMEElMjAlMjAlMjAlMjAlM0NwJTNFRXNwYW1vYiUyMHNwZWNqYWxpenVqZSUyMHNpJUM0JTk5JTIwdyUyMHBvbWFnYW5pdSUyMGdydXBvbSUyMHclMjBtb2JpbG5vJUM1JTlCY2klMjB3JTIwcmFtYWNoJTIwcHJvZ3JhbXUlMjBFcmFzbXVzJTIwJTJCLiUyMERvd2llZHolMjBzaSVDNCU5OSUyMG8lMjB3c3p5c3RraWNoJTIwc2VrdG9yYWNoJTIwcHJha3R5ayUyMEVyYXNtdXMlMjB3JTIwSGlzenBhbmlpJTIwemElMjBwb21vYyVDNCU4NSUyMGtpbGt1JTIwa2xpa25pJUM0JTk5JUM0JTg3LiUzQyUyRnAlM0UlMEElMjAlMjAlMjAlMjAlM0NhJTIwY2xhc3MlM0QlMjJ2Y19nZW5lcmFsJTIwdmNfYnRuMyUyMHZjX2J0bjMtc2l6ZS1tZCUyMHZjX2J0bjMtc2hhcGUtZGVmYXVsdCUyMHZjX2J0bjMtc3R5bGUtY3VzdG9tJTIwd3BiX2N1c3RvbV82Njg3YjI2ZjM5NDg4ZGRiYjg1ZGRiM2MxY2U4ZTExMSUyMGJ0biUyMiUyMHN0eWxlJTNEJTIyYmFja2dyb3VuZC1jb2xvciUzQSUyM2UyMDAwMCUzQiUyMGNvbG9yJTNBJTIzZmZmZmZmJTNCJTIwYmFja2dyb3VuZC1jb2xvciUzQSUyM2UyMDAwMCUzQiUyMGNvbG9yJTNBJTIzZmZmZmZmJTNCJTIyJTIwaHJlZiUzRCUyMmh0dHBzJTNBJTJGJTJGd3d3LmVzcGFtb2IuY29tJTJGcGwlMkZwcmFrdHlraS16YXdvZG93ZS1lcmFzbXVzJTJGJTIyJTIwdGl0bGUlM0QlMjJTZWt0b3J5JTIwc3RhJUM1JUJDb3dlJTIyJTIwdGFyZ2V0JTNEJTIyX2JsYW5rJTIyJTNFT2RrcnlqJTIwc2VrdG9yeSUzQyUyRmElM0UlMEElM0MlMkZkaXYlM0U=[\/vc_raw_html][vc_custom_heading text=&#8221;Odkryj opinie uczestnik\u00f3w programu Erasmus +:&#8221; font_container=&#8221;tag:h3|text_align:left&#8221; use_theme_fonts=&#8221;yes&#8221; css=&#8221;.vc_custom_1706104451301{margin-top: 20px !important;}&#8221;][vc_separator][vc_video link=&#8221;https:\/\/www.youtube.com\/watch?v=ShAaZKOxjpM&#8221; align=&#8221;center&#8221;][\/vc_column_inner][\/vc_row_inner][\/vc_column][\/vc_row][vc_row full_width=&#8221;stretch_row&#8221; wrap_container=&#8221;yes&#8221; is_section=&#8221;yes&#8221; css=&#8221;.vc_custom_1706104466893{border-top-width: 0px !important;padding-top: 15px !important;padding-bottom: 15px !important;background-color: #f8f392 !important;}&#8221; conditional_render=&#8221;%5B%7B%22value_role%22%3A%22administrator%22%7D%5D&#8221;][vc_column][vc_row_inner css=&#8221;.vc_custom_1688548648248{background-color: #f8f392 !important;}&#8221;][vc_column_inner][vc_custom_heading text=&#8221;Popro\u015b o bezp\u0142atn\u0105 wycen\u0119&#8221; font_container=&#8221;tag:h2|text_align:center&#8221; use_theme_fonts=&#8221;yes&#8221;][vc_column_text]<\/p>\n<p style=\"text-align: justify;\">Masz pomys\u0142 na projekt Erasmus+ w Hiszpanii i szukasz zaufanej agencji, kt\u00f3ra Ci\u0119 wesprze?\u00a0<strong>Espamob<\/strong>\u2019 jest tutaj, aby Ci pom\u00f3c! Oferujemy bezp\u0142atn\u0105 i niezobowi\u0105zuj\u0105c\u0105 wycen\u0119, kt\u00f3ra pomo\u017ce Ci zarz\u0105dza\u0107 projektem mobilno\u015bci. Dzi\u0119ki naszemu do\u015bwiadczeniu i sieci firm partnerskich mo\u017cemy zaoferowa\u0107 spersonalizowane wsparcie, aby spe\u0142ni\u0107 Twoje specyficzne potrzeby. Skontaktuj si\u0119 z nami ju\u017c teraz, aby om\u00f3wi\u0107 sw\u00f3j projekt i otrzyma\u0107 bezp\u0142atn\u0105 wycen\u0119.<\/p>\n<p>[\/vc_column_text]<div id=\"modal-trg-txt-wrap-6250\" class=\"ult-modal-input-wrapper ult-adjust-bottom-margin    \" data-keypress-control=\"keypress-control-enable\" data-overlay-control=\"overlay-control-enable\"><style>\n\t\t\t\t\t.btn-modal.btn-id-69e79232749777-85974466:hover {\n\t\t\t\t\t\tbackground-color: #e20000 !important;\n\t\t\t\t\t}\n\t\t\t\t\t<\/style><button  data-ultimate-target='#modal-trg-txt-wrap-6250 .btn-modal'  data-responsive-json-new='{\"font-size\":\"\",\"line-height\":\"\"}'  style=\"background:#888888;border-color:#888888;color:#ffffff; \" data-class-id=\"content-69e79232749777-85974466\" class=\"btn-modal ult-responsive btn-primary btn-modal-md overlay-show ult-align-center btn-id-69e79232749777-85974466\" data-overlay-class=\"overlay-cornerbottomleft\">ZAM\u00d3W BEZP\u0141ATN\u0104 WYCEN\u0118<\/button><\/div>\n<div class=\"ult-overlay content-69e79232749777-85974466 \" data-class=\"content-69e79232749777-85974466\" id=\"button-click-overlay\" style=\"background:rgba(51,51,51,0.8); display:none;\">\n\t<div class=\"ult_modal ult-fade ult-medium\">\n\t\t<div id=\"ult-modal-wrap-5125\" class=\"ult_modal-content ult-hide\" style=\"border-style:solid;border-width:2px;border-radius:0px;border-color:#333333;\">\n\t\t\t<div class=\"ult_modal-header\" style=\"color:#333333;border-color:#333333;\">\n\t\t\t\t<h3  data-ultimate-target='#ult-modal-wrap-5125 .ult_modal-title'  data-responsive-json-new='{\"font-size\":\"\",\"line-height\":\"\"}'  class=\"ult_modal-title ult-responsive\">ZAM\u00d3W BEZP\u0141ATN\u0104 WYCEN\u0118<\/h3>\n\t\t\t<\/div>\n\t\t\t<div  data-ultimate-target='#ult-modal-wrap-5125 .ult_modal-body'  data-responsive-json-new='{\"font-size\":\"\",\"line-height\":\"\"}'  class=\"ult_modal-body ult-responsive ult-html\" style=\"\">\n\t\t\t<\/p>\n<p>[caldera_form id=&#8221;CF6149e02688efa&#8221;]<\/p>\n<p>\n\t\t\t<\/div>\n\t<\/div>\n\t<\/div>\n\t<div class=\"ult-overlay-close top-right\" style=\"width:80px;height:80px; \"><div class=\"ult-overlay-close-inside\">Close<\/div><\/div>\n<\/div>[\/vc_column_inner][\/vc_row_inner][\/vc_column][\/vc_row][vc_row wrap_container=&#8221;yes&#8221; css=&#8221;.vc_custom_1689256499740{margin-top: 15px !important;}&#8221; conditional_render=&#8221;%5B%7B%22value_role%22%3A%22administrator%22%7D%5D&#8221;][vc_column][vc_custom_heading text=&#8221;Cz\u0119sto zadawane pytania&#8221; font_container=&#8221;tag:h2|text_align:center|color:%23000000&#8243; use_theme_fonts=&#8221;yes&#8221;][vc_separator][vc_row_inner][vc_column_inner width=&#8221;7\/12&#8243;][vc_column_text]<\/p>\n<h3>Jakie s\u0105 korzy\u015bci z wyboru Espamob do realizacji programu Erasmus w Hiszpanii jako Architektura krajobrazu?<\/h3>\n<p><span style=\"font-weight: 400;\">Wybieraj\u0105c Espamob do realizacji programu Erasmus w Hiszpanii jako ogrodnik\/architekt krajobrazu, skorzystasz z kompleksowego wsparcia w zakresie tworzenia projektu, poszukiwania finansowania, przyjmowania w partneruj\u0105cych firmach na czas trwania Twoich praktyk. Ponadto Espamob zajmuje si\u0119 znalezieniem zakwaterowania na miejscu i odbiorem grup z lotniska, aby zapewni\u0107 Ci uproszczone i przyjemne do\u015bwiadczenie.\u00a0<\/span><\/p>\n<h3>W jaki spos\u00f3b Espamob mo\u017ce mi pom\u00f3c w poszukiwaniu finansowania na m\u00f3j program Erasmus jako Architektura krajobrazu?<\/h3>\n<p><span style=\"font-weight: 400;\">Espamob posiada do\u015bwiadczenie w poszukiwaniu finansowania dla projekt\u00f3w mobilno\u015bci w ramach programu Erasmus +. Agencja poprowadzi Ci\u0119 przez procedury i dostarczy niezb\u0119dnych informacji, aby uzyska\u0107 finansowanie od odpowiednich instytucji. Espamob mo\u017ce tak\u017ce skierowa\u0107 Ci\u0119 do potencjalnych partner\u00f3w finansowych i pom\u00f3c w przygotowaniu wniosku o finansowanie.\u00a0<\/span><\/p>\n<h3>Jakie rodzaje firm partnerskich mo\u017cna znale\u017a\u0107 dzi\u0119ki Espamob w ramach programu Erasmus jako Architektura krajobrazu w Hiszpanii?<\/h3>\n<p><span style=\"font-weight: 400;\">Espamob posiada r\u00f3\u017cnorodn\u0105 sie\u0107 partnerskich firm w Hiszpanii, kt\u00f3re mog\u0105 przyj\u0105\u0107 praktykant\u00f3w ogrodnictwa\/architektury krajobrazu. Mo\u017cesz zosta\u0107 zatrudniony w firmach specjalizuj\u0105cych si\u0119 w projektowaniu krajobrazu, tworzeniu ogrod\u00f3w, utrzymaniu teren\u00f3w zielonych itp. Te przedsi\u0119biorstwa oferuj\u0105 mo\u017cliwo\u015bci nauki i praktycznego stosowania umiej\u0119tno\u015bci jako ogrodnik\/architekt krajobrazu w inspiruj\u0105cym \u015brodowisku zawodowym.<\/span>[\/vc_column_text][\/vc_column_inner][vc_column_inner width=&#8221;1\/12&#8243;][\/vc_column_inner][vc_column_inner width=&#8221;4\/12&#8243;][vc_single_image image=&#8221;15074&#8243; img_size=&#8221;full&#8221;][vc_column_text]<b>Dowiedz si\u0119 wi\u0119cej o r\u00f3\u017cnych miejscach przeznaczenia Erasmus+ w Hiszpanii:<\/b><\/p>\n<ul>\n<li><a href=\"https:\/\/espamob.com\/pl\/praktyki-zawodowe-erasmus\/rolnictwa-ogrodnictwie\/praktyki-erasmus-produkcja-zwierzeca\/\"><span style=\"font-weight: 400;\">Sta\u017c Erasmus Produkcja zwierz\u0119ca<\/span><\/a><\/li>\n<li style=\"font-weight: 400;\" aria-level=\"1\"><a href=\"https:\/\/espamob.com\/pl\/praktyki-zawodowe-erasmus\/rolnictwa-ogrodnictwie\/praktyki-erasmus-produkcja-roslin\/\"><span style=\"font-weight: 400;\">Sta\u017c Erasmus Produkcja ro\u015blin<\/span><\/a><\/li>\n<li><a href=\"https:\/\/espamob.com\/pl\/praktyki-zawodowe-erasmus\/rolnictwa-ogrodnictwie\/praktyki-erasmus-uprawa-warzyw\/\"><span style=\"font-weight: 400;\">Sta\u017c Erasmus Uprawa warzyw<\/span><\/a><\/li>\n<li><a href=\"https:\/\/espamob.com\/pl\/praktyki-zawodowe-erasmus\/rolnictwa-ogrodnictwie\/praktyki-erasmus-florystyki\/\"><span style=\"font-weight: 400;\">Sta\u017c Erasmus Florystyki <\/span><\/a><\/li>\n<li style=\"font-weight: 400;\" aria-level=\"1\"><a href=\"https:\/\/espamob.com\/pl\/praktyki-zawodowe-erasmus\/rolnictwa-ogrodnictwie\/praktyki-erasmus-mechanika\/\"><span style=\"font-weight: 400;\">Sta\u017c Erasmus Mechanika rolnicza<\/span><\/a><\/li>\n<li style=\"font-weight: 400;\" aria-level=\"1\"><a href=\"https:\/\/espamob.com\/pl\/praktyki-zawodowe-erasmus\/rolnictwa-ogrodnictwie\/praktyki-erasmus-hodowca-koni\/\"><span style=\"font-weight: 400;\">Sta\u017c Erasmus Hodowca koni<\/span><\/a><\/li>\n<li style=\"font-weight: 400;\" aria-level=\"1\"><a href=\"https:\/\/espamob.com\/pl\/praktyki-zawodowe-erasmus\/rolnictwa-ogrodnictwie\/praktyki-erasmus-kowalstwo\/\"><span style=\"font-weight: 400;\">Sta\u017c Erasmus Kowalstwo<\/span><\/a><\/li>\n<\/ul>\n<p>[\/vc_column_text][\/vc_column_inner][\/vc_row_inner][\/vc_column][\/vc_row]<\/p>\n<\/div>","protected":false},"excerpt":{"rendered":"<p>[vc_row css=&#8221;.vc_custom_1705948353362{margin-top: -20px !important;margin-bottom: 40px !important;background-image: url(https:\/\/espamob.com\/wp-content\/uploads\/2024\/01\/Paisajista.webp?id=22910) !important;}&#8221; conditional_render=&#8221;%5B%7B%22value_role%22%3A%22administrator%22%7D%5D&#8221;][vc_column css=&#8221;.vc_custom_1687965657482{padding-top: 30px !important;}&#8221; conditional_render=&#8221;%5B%7B%22value_role%22%3A%22administrator%22%7D%5D&#8221;][vc_empty_space height=&#8221;170&#8243;][vc_custom_heading text=&#8221;Praktyki Erasmus : Architektura krajobrazu&#8221; font_container=&#8221;tag:h1|font_size:27|text_align:center|color:%23ffffff&#8221; use_theme_fonts=&#8221;yes&#8221; css=&#8221;.vc_custom_1706104064315{margin-bottom: 15px !important;background-color: rgba(136,136,136,0.29) !important;*background-color: rgb(136,136,136) !important;}&#8221; animation_type=&#8221;zoomIn&#8221;][vc_empty_space height=&#8221;40&#8243;][\/vc_column][\/vc_row][vc_row wrap_container=&#8221;yes&#8221; text_align=&#8221;justify&#8221;][vc_column text_align=&#8221;justify&#8221;][vc_column_text] Home Sektory sta\u017cowe Mobilno\u015b\u0107 w sektorze rolnictwa, architektury krajobrazu i je\u017adziectwa Praktyka zawodowa Erasmus: Architektura krajobrazu [\/vc_column_text][vc_custom_heading text=&#8221;Praktyki Erasmus: Architektura krajobrazu wzbogacaj\u0105ce<\/p>\n","protected":false},"author":2,"featured_media":0,"parent":13168,"menu_order":0,"comment_status":"closed","ping_status":"closed","template":"","meta":{"footnotes":""},"class_list":["post-22972","page","type-page","status-publish","hentry"],"_links":{"self":[{"href":"https:\/\/espamob.com\/pl\/wp-json\/wp\/v2\/pages\/22972","targetHints":{"allow":["GET"]}}],"collection":[{"href":"https:\/\/espamob.com\/pl\/wp-json\/wp\/v2\/pages"}],"about":[{"href":"https:\/\/espamob.com\/pl\/wp-json\/wp\/v2\/types\/page"}],"author":[{"embeddable":true,"href":"https:\/\/espamob.com\/pl\/wp-json\/wp\/v2\/users\/2"}],"replies":[{"embeddable":true,"href":"https:\/\/espamob.com\/pl\/wp-json\/wp\/v2\/comments?post=22972"}],"version-history":[{"count":0,"href":"https:\/\/espamob.com\/pl\/wp-json\/wp\/v2\/pages\/22972\/revisions"}],"up":[{"embeddable":true,"href":"https:\/\/espamob.com\/pl\/wp-json\/wp\/v2\/pages\/13168"}],"wp:attachment":[{"href":"https:\/\/espamob.com\/pl\/wp-json\/wp\/v2\/media?parent=22972"}],"curies":[{"name":"wp","href":"https:\/\/api.w.org\/{rel}","templated":true}]}}