{"id":22964,"date":"2023-08-22T00:00:00","date_gmt":"2023-08-22T00:00:00","guid":{"rendered":"https:\/\/www.espamob.com\/praktyki-zawodowe-erasmus\/agriculture-horticulture\/stage-erasmus-maraichage\/"},"modified":"2024-03-04T23:12:30","modified_gmt":"2024-03-04T23:12:30","slug":"praktyki-erasmus-uprawa-warzyw","status":"publish","type":"page","link":"https:\/\/espamob.com\/pl\/praktyki-zawodowe-erasmus\/rolnictwa-ogrodnictwie\/praktyki-erasmus-uprawa-warzyw\/","title":{"rendered":"Stage Erasmus : Mara\u00eechage"},"content":{"rendered":"<div class=\"wpb-content-wrapper\"><p>[vc_row css=&#8221;.vc_custom_1705948309161{margin-top: -20px !important;margin-bottom: 40px !important;background-image: url(https:\/\/espamob.com\/wp-content\/uploads\/2024\/01\/Jardineria.webp?id=22920) !important;}&#8221; conditional_render=&#8221;%5B%7B%22value_role%22%3A%22administrator%22%7D%5D&#8221;][vc_column css=&#8221;.vc_custom_1687965657482{padding-top: 30px !important;}&#8221; conditional_render=&#8221;%5B%7B%22value_role%22%3A%22administrator%22%7D%5D&#8221;][vc_empty_space height=&#8221;170&#8243;][vc_custom_heading text=&#8221;Praktyki Erasmus: Uprawa warzyw&#8221; font_container=&#8221;tag:h1|font_size:27|text_align:center|color:%23ffffff&#8221; use_theme_fonts=&#8221;yes&#8221; css=&#8221;.vc_custom_1706102304546{margin-bottom: 15px !important;background-color: rgba(136,136,136,0.29) !important;*background-color: rgb(136,136,136) !important;}&#8221; animation_type=&#8221;zoomIn&#8221;][vc_empty_space height=&#8221;40&#8243;][\/vc_column][\/vc_row][vc_row wrap_container=&#8221;yes&#8221; text_align=&#8221;justify&#8221;][vc_column text_align=&#8221;justify&#8221;][vc_column_text]<\/p>\n<nav aria-label=\"breadcrumb\">\n<ol class=\"breadcrumb\">\n<li class=\"breadcrumb-item\"><a href=\"https:\/\/espamob.com\/pl\">Home<\/a><\/li>\n<li class=\"breadcrumb-item\"><a href=\"https:\/\/espamob.com\/pl\/praktyki-zawodowe-erasmus\">Sektory sta\u017cowe<\/a><\/li>\n<li class=\"breadcrumb-item active\" aria-current=\"page\"><a href=\"https:\/\/espamob.com\/pl\/praktyki-zawodowe-erasmus\/agriculture-horticulture\/\">Mobilno\u015b\u0107 w sektorze rolnictwa, architektury krajobrazu i je\u017adziectwa<\/a><\/li>\n<li class=\"breadcrumb-item active\" aria-current=\"page\">Praktyka zawodowa Erasmus: Uprawa warzyw<\/li>\n<\/ol>\n<\/nav>\n<p>[\/vc_column_text][vc_custom_heading text=&#8221;Praktyki Erasmus: Uprawa warzyw &#8211; okazja dla student\u00f3w rolnictwa&#8221; use_theme_fonts=&#8221;yes&#8221; css=&#8221;.vc_custom_1706102382359{margin-top: 20px !important;}&#8221;][vc_separator][vc_row_inner][vc_column_inner width=&#8221;7\/12&#8243;][vc_column_text]<span style=\"font-weight: 400;\"><strong>Praktyki Erasmus: uprawa warzyw<\/strong> to program wymiany umo\u017cliwiaj\u0105cy studentom szkolenie si\u0119 w dziedzinie rolnictwa, a dok\u0142adniej w produkcji warzyw. Ten program oferuje unikalne i warto\u015bciowe do\u015bwiadczenie zawodowe, sprzyjaj\u0105ce rozwijaniu umiej\u0119tno\u015bci technicznych i mi\u0119dzykulturowych. W tym artykule zg\u0142\u0119bimy r\u00f3\u017cne aspekty programu Erasmus: uprawa warzyw i podkre\u015blimy jego zalety dla student\u00f3w.\u00a0<\/span><\/p>\n<h2>Czym jest Praktyka Erasmus: Uprawa warzyw?<\/h2>\n<p><span style=\"font-weight: 400;\">To profesjonalny sta\u017c odbywany za granic\u0105, w firmie lub gospodarstwie specjalizuj\u0105cym si\u0119 w uprawie warzyw. Studenci maj\u0105 okazj\u0119 nauczy\u0107 si\u0119 technik i praktyk specyficznych dla tej bran\u017cy, odkrywaj\u0105c jednocze\u015bnie nowy kraj i now\u0105 kultur\u0119. Praktyki Erasmus: uprawa warzyw zazwyczaj wpisuje si\u0119 w ramy programu nauczania zwi\u0105zanego z rolnictwem, zagospodarowaniem terenu czy nawet hodowl\u0105 koni.\u00a0<\/span><\/p>\n<h3>Dlaczego wybra\u0107 praktyki Erasmus: Uprawa warzyw?<\/h3>\n<p><span style=\"font-weight: 400;\">Powody s\u0105 r\u00f3\u017cnorodne i mog\u0105 si\u0119 r\u00f3\u017cni\u0107 w zale\u017cno\u015bci od cel\u00f3w zawodowych i osobistych ka\u017cdego studenta. Oto kilka korzy\u015bci z uczestnictwa w praktykach Erasmus: uprawa warzyw:\u00a0<\/span><\/p>\n<ul>\n<li style=\"font-weight: 400;\" aria-level=\"1\"><span style=\"font-weight: 400;\"><strong>Rozwini\u0119cie umiej\u0119tno\u015bci technicznych<\/strong>: uprawa warzyw to sektor wymagaj\u0105cy specjalistycznej wiedzy i opanowania konkretnych technik. Praktyki Erasmus pozwala studentom zdoby\u0107 te umiej\u0119tno\u015bci, stosuj\u0105c je w praktyce w profesjonalnym \u015brodowisku.\u00a0<\/span><\/li>\n<li style=\"font-weight: 400;\" aria-level=\"1\"><span style=\"font-weight: 400;\"><strong>Do\u015bwiadczenie mi\u0119dzynarodowe<\/strong>: odbycie sta\u017cu za granic\u0105 to unikalna okazja do prze\u017cycia mi\u0119dzykulturowego do\u015bwiadczenia, nauki lub doskonalenia obcego j\u0119zyka oraz odkrywania nowych praktyk rolniczych.\u00a0<\/span><\/li>\n<li style=\"font-weight: 400;\" aria-level=\"1\"><span style=\"font-weight: 400;\"><strong>Budowanie profesjonalnej sieci kontakt\u00f3w<\/strong>: kontakt z profesjonalistami z bran\u017cy pozwala na nawi\u0105zywanie relacji i poszerzanie bazy kontakt\u00f3w, co mo\u017ce okaza\u0107 si\u0119 cenne podczas poszukiwania przysz\u0142ej pracy.\u00a0<\/span><\/li>\n<li style=\"font-weight: 400;\" aria-level=\"1\"><span style=\"font-weight: 400;\"><strong>Wzmacnianie CV<\/strong>: praktyki Erasmus: produkcja ro\u015blinna \u015bwiadczy pracodawcom, \u017ce potrafisz dostosowa\u0107 si\u0119 do nowego \u015brodowiska i posiadasz konkretne umiej\u0119tno\u015bci techniczne.\u00a0<\/span><\/li>\n<\/ul>\n<h2>Jak znale\u017a\u0107 praktyki Erasmus: Uprawa warzyw?<\/h2>\n<p><span style=\"font-weight: 400;\">Aby znale\u017a\u0107 praktyki Erasmus+ w dziedzinie uprawy warzyw, warto najpierw skonsultowa\u0107 si\u0119 ze swoj\u0105 szko\u0142\u0105, kt\u00f3ra mo\u017ce skierowa\u0107 Ci\u0119 do dost\u0119pnych ofert sta\u017cy i wsp\u00f3\u0142pracuj\u0105cych organizacji. Oto kilka porad, jak zwi\u0119kszy\u0107 swoje szanse:\u00a0<\/span><\/p>\n<h3>Szukanie ofert sta\u017cy<\/h3>\n<p><span style=\"font-weight: 400;\">Regularnie sprawdzaj strony internetowe i media spo\u0142eczno\u015bciowe szk\u00f3\u0142, uniwersytet\u00f3w i organizacji rolniczych oferuj\u0105cych sta\u017ce Erasmus w dziedzinie uprawy warzyw. Nie wahaj si\u0119 zapisywa\u0107 na newslettery lub ustawia\u0107 alert\u00f3w, aby by\u0107 informowanym o nowych ofertach.\u00a0<\/span><\/p>\n<h3>Wykorzystanie swojej sieci kontakt\u00f3w<\/h3>\n<p><span style=\"font-weight: 400;\">Opowiedz o swoich planach na praktyki Erasmus ludziom wok\u00f3\u0142 siebie: rodzinie, przyjacio\u0142om, nauczycielom, absolwentom&#8230; Mog\u0105 mie\u0107 informacje o dost\u0119pnych ofertach sta\u017cy lub po\u0142\u0105czy\u0107 Ci\u0119 z profesjonalistami w bran\u017cy.<\/span><\/p>\n<h3>Napisanie odpowiedniego CV i listu motywacyjnego<\/h3>\n<p><span style=\"font-weight: 400;\">Aby ubiega\u0107 si\u0119 o praktyki Erasmus: uprawa warzyw, wa\u017cne jest odpowiednie przygotowanie CV i listu motywacyjnego. Podkre\u015bl swoje umiej\u0119tno\u015bci techniczne i j\u0119zykowe, a tak\u017ce do\u015bwiadczenie zawodowe lub spo\u0142eczne, kt\u00f3re pomog\u0142o Ci rozwija\u0107 umiej\u0119tno\u015bci przydatne w ramach sta\u017cu w tej dziedzinie.<\/span>[\/vc_column_text][\/vc_column_inner][vc_column_inner width=&#8221;1\/12&#8243;][\/vc_column_inner][vc_column_inner width=&#8221;4\/12&#8243;][vc_single_image image=&#8221;18231&#8243; img_size=&#8221;400*400&#8243; alignment=&#8221;right&#8221; style=&#8221;vc_box_rounded&#8221;][vc_btn title=&#8221;Zobacz wi\u0119cej&#8221; style=&#8221;custom&#8221; custom_background=&#8221;#e20000&#8243; custom_text=&#8221;#ffffff&#8221; align=&#8221;center&#8221; link=&#8221;url:https%3A%2F%2Fespamob.com%2Fpl%2Fkontakt-z-polskim-konsultantem|title:Kontakt|target:_blank&#8221;][\/vc_column_inner][\/vc_row_inner][vc_custom_heading text=&#8221;Przygotowanie si\u0119 do Praktyk Erasmus: Uprawa warzyw&#8221; font_container=&#8221;tag:h3|text_align:left&#8221; use_theme_fonts=&#8221;yes&#8221; css=&#8221;.vc_custom_1706102658943{margin-top: 20px !important;}&#8221;][vc_separator][vc_row_inner][vc_column_inner width=&#8221;7\/12&#8243;][vc_column_text]<span style=\"font-weight: 400;\">Gdy znajdziesz sta\u017c, czas przygotowa\u0107 si\u0119 do tego wyj\u0105tkowego do\u015bwiadczenia. Oto kilka wskaz\u00f3wek, jak podchodzi\u0107 do swojego sta\u017cu Erasmus.<\/span><\/p>\n<h3>Zdobycie informacji na temat warunk\u00f3w pracy i kraju przyjmuj\u0105cego<\/h3>\n<p><span style=\"font-weight: 400;\">Dowiedz si\u0119 o godzinach pracy, powierzonych zadaniach i warunkach zakwaterowania. Wa\u017cne jest r\u00f3wnie\u017c zaznajomienie si\u0119 z kultur\u0105 i zwyczajami kraju, a tak\u017ce nauka kilku s\u0142\u00f3w w lokalnym j\u0119zyku.\u00a0<\/span><\/p>\n<h3>Za\u0142atwienie niezb\u0119dnych formalno\u015bci administracyjnych<\/h3>\n<p><span style=\"font-weight: 400;\">Sprawd\u017a, jakie formalno\u015bci nale\u017cy za\u0142atwi\u0107, aby uzyska\u0107 ubezpieczenie zdrowotne i, je\u015bli konieczne, zezwolenie na prac\u0119.\u00a0<\/span><\/p>\n<h3>Przygotowanie si\u0119 do wyjazdu<\/h3>\n<p><span style=\"font-weight: 400;\">Sporz\u0105d\u017a list\u0119 rzeczy do zabrania, uwzgl\u0119dniaj\u0105c warunki pogodowe i wymagania sta\u017cu. Zaplanuj bud\u017cet na pokrycie koszt\u00f3w na miejscu (nocleg, jedzenie, transport&#8230;) i przygotuj si\u0119 na \u017cycie z dala od rodziny i przyjaci\u00f3\u0142 przez kilka miesi\u0119cy.\u00a0<\/span><\/p>\n<p><span style=\"font-weight: 400;\">Podsumowuj\u0105c, Praktyki Erasmus: uprawa warzyw to wyj\u0105tkowa okazja do rozwoju umiej\u0119tno\u015bci zawodowych i mi\u0119dzykulturowych w dziedzinie rolnictwa. Pozwala studentom zanurzy\u0107 si\u0119 w nowym otoczeniu i zdoby\u0107 do\u015bwiadczenie w specyficznych technikach uprawy warzyw. Nie wahaj si\u0119, zdecyduj si\u0119 na t\u0119 inspiruj\u0105c\u0105 i kszta\u0142c\u0105c\u0105 przygod\u0119!<\/span>[\/vc_column_text][\/vc_column_inner][vc_column_inner width=&#8221;1\/12&#8243;][\/vc_column_inner][vc_column_inner width=&#8221;4\/12&#8243;][vc_raw_html]JTNDZGl2JTIwc3R5bGUlM0QlMjJwYWRkaW5nJTNBJTIwMzBweCUzQmJhY2tncm91bmQtY29sb3IlM0ElMjAlMjNGNEY0RjQlM0IlMjIlM0UlMEElMjAlMjAlMjAlMjAlM0NoNCUzRU9ka3J5aiUyMHdzenlzdGtpZSUyMHNla3RvcnklMjBwcmFrdHlrJTNDJTJGaDQlM0UlMEElMjAlMjAlMjAlMjAlM0NwJTNFRXNwYW1vYiUyMHNwZWNqYWxpenVqZSUyMHNpJUM0JTk5JTIwdyUyMHBvbWFnYW5pdSUyMGdydXBvbSUyMHclMjBtb2JpbG5vJUM1JTlCY2klMjB3JTIwcmFtYWNoJTIwcHJvZ3JhbXUlMjBFcmFzbXVzJTIwJTJCLiUyMERvd2llZHolMjBzaSVDNCU5OSUyMG8lMjB3c3p5c3RraWNoJTIwc2VrdG9yYWNoJTIwcHJha3R5ayUyMEVyYXNtdXMlMjB3JTIwSGlzenBhbmlpJTIwemElMjBwb21vYyVDNCU4NSUyMGtpbGt1JTIwa2xpa25pJUM0JTk5JUM0JTg3LiUzQyUyRnAlM0UlMEElMjAlMjAlMjAlMjAlM0NhJTIwY2xhc3MlM0QlMjJ2Y19nZW5lcmFsJTIwdmNfYnRuMyUyMHZjX2J0bjMtc2l6ZS1tZCUyMHZjX2J0bjMtc2hhcGUtZGVmYXVsdCUyMHZjX2J0bjMtc3R5bGUtY3VzdG9tJTIwd3BiX2N1c3RvbV82Njg3YjI2ZjM5NDg4ZGRiYjg1ZGRiM2MxY2U4ZTExMSUyMGJ0biUyMiUyMHN0eWxlJTNEJTIyYmFja2dyb3VuZC1jb2xvciUzQSUyM2UyMDAwMCUzQiUyMGNvbG9yJTNBJTIzZmZmZmZmJTNCJTIwYmFja2dyb3VuZC1jb2xvciUzQSUyM2UyMDAwMCUzQiUyMGNvbG9yJTNBJTIzZmZmZmZmJTNCJTIyJTIwaHJlZiUzRCUyMmh0dHBzJTNBJTJGJTJGd3d3LmVzcGFtb2IuY29tJTJGcGwlMkZwcmFrdHlraS16YXdvZG93ZS1lcmFzbXVzJTJGJTIyJTIwdGl0bGUlM0QlMjJTZWt0b3J5JTIwc3RhJUM1JUJDb3dlJTIyJTIwdGFyZ2V0JTNEJTIyX2JsYW5rJTIyJTNFT2RrcnlqJTIwc2VrdG9yeSUzQyUyRmElM0UlMEElM0MlMkZkaXYlM0U=[\/vc_raw_html][\/vc_column_inner][\/vc_row_inner][\/vc_column][\/vc_row][vc_row full_width=&#8221;stretch_row&#8221; wrap_container=&#8221;yes&#8221; is_section=&#8221;yes&#8221; css=&#8221;.vc_custom_1706102742482{border-top-width: 0px !important;padding-top: 15px !important;padding-bottom: 15px !important;background-color: #f8f392 !important;}&#8221; conditional_render=&#8221;%5B%7B%22value_role%22%3A%22administrator%22%7D%5D&#8221;][vc_column][vc_row_inner css=&#8221;.vc_custom_1688548648248{background-color: #f8f392 !important;}&#8221;][vc_column_inner][vc_custom_heading text=&#8221;Popro\u015b o bezp\u0142atn\u0105 wycen\u0119&#8221; font_container=&#8221;tag:h2|text_align:center&#8221; use_theme_fonts=&#8221;yes&#8221;][vc_column_text]<\/p>\n<p style=\"text-align: justify;\">Masz pomys\u0142 na projekt Erasmus+ w Hiszpanii i szukasz zaufanej agencji, kt\u00f3ra Ci\u0119 wesprze?\u00a0<strong>Espamob<\/strong>\u2019 jest tutaj, aby Ci pom\u00f3c! Oferujemy bezp\u0142atn\u0105 i niezobowi\u0105zuj\u0105c\u0105 wycen\u0119, kt\u00f3ra pomo\u017ce Ci zarz\u0105dza\u0107 projektem mobilno\u015bci. Dzi\u0119ki naszemu do\u015bwiadczeniu i sieci firm partnerskich mo\u017cemy zaoferowa\u0107 spersonalizowane wsparcie, aby spe\u0142ni\u0107 Twoje specyficzne potrzeby. Skontaktuj si\u0119 z nami ju\u017c teraz, aby om\u00f3wi\u0107 sw\u00f3j projekt i otrzyma\u0107 bezp\u0142atn\u0105 wycen\u0119.<\/p>\n<p>[\/vc_column_text]<div id=\"modal-trg-txt-wrap-1119\" class=\"ult-modal-input-wrapper ult-adjust-bottom-margin    \" data-keypress-control=\"keypress-control-enable\" data-overlay-control=\"overlay-control-enable\"><style>\n\t\t\t\t\t.btn-modal.btn-id-69e7bee6310ec9-85749074:hover {\n\t\t\t\t\t\tbackground-color: #e20000 !important;\n\t\t\t\t\t}\n\t\t\t\t\t<\/style><button  data-ultimate-target='#modal-trg-txt-wrap-1119 .btn-modal'  data-responsive-json-new='{\"font-size\":\"\",\"line-height\":\"\"}'  style=\"background:#888888;border-color:#888888;color:#ffffff; \" data-class-id=\"content-69e7bee6310ec9-85749074\" class=\"btn-modal ult-responsive btn-primary btn-modal-md overlay-show ult-align-center btn-id-69e7bee6310ec9-85749074\" data-overlay-class=\"overlay-cornerbottomleft\">ZAM\u00d3W BEZP\u0141ATN\u0104 WYCEN\u0118<\/button><\/div>\n<div class=\"ult-overlay content-69e7bee6310ec9-85749074 \" data-class=\"content-69e7bee6310ec9-85749074\" id=\"button-click-overlay\" style=\"background:rgba(51,51,51,0.8); display:none;\">\n\t<div class=\"ult_modal ult-fade ult-medium\">\n\t\t<div id=\"ult-modal-wrap-5093\" class=\"ult_modal-content ult-hide\" style=\"border-style:solid;border-width:2px;border-radius:0px;border-color:#333333;\">\n\t\t\t<div class=\"ult_modal-header\" style=\"color:#333333;border-color:#333333;\">\n\t\t\t\t<h3  data-ultimate-target='#ult-modal-wrap-5093 .ult_modal-title'  data-responsive-json-new='{\"font-size\":\"\",\"line-height\":\"\"}'  class=\"ult_modal-title ult-responsive\">ZAM\u00d3W BEZP\u0141ATN\u0104 WYCEN\u0118<\/h3>\n\t\t\t<\/div>\n\t\t\t<div  data-ultimate-target='#ult-modal-wrap-5093 .ult_modal-body'  data-responsive-json-new='{\"font-size\":\"\",\"line-height\":\"\"}'  class=\"ult_modal-body ult-responsive ult-html\" style=\"\">\n\t\t\t<\/p>\n<p>[caldera_form id=&#8221;CF6149e02688efa&#8221;]<\/p>\n<p>\n\t\t\t<\/div>\n\t<\/div>\n\t<\/div>\n\t<div class=\"ult-overlay-close top-right\" style=\"width:80px;height:80px; \"><div class=\"ult-overlay-close-inside\">Close<\/div><\/div>\n<\/div>[\/vc_column_inner][\/vc_row_inner][\/vc_column][\/vc_row][vc_row wrap_container=&#8221;yes&#8221; css=&#8221;.vc_custom_1689256499740{margin-top: 15px !important;}&#8221; conditional_render=&#8221;%5B%7B%22value_role%22%3A%22administrator%22%7D%5D&#8221;][vc_column][vc_custom_heading text=&#8221;Cz\u0119sto zadawane pytania&#8221; font_container=&#8221;tag:h2|text_align:center|color:%23000000&#8243; use_theme_fonts=&#8221;yes&#8221;][vc_separator][vc_row_inner][vc_column_inner width=&#8221;7\/12&#8243;][vc_column_text]<\/p>\n<h3>Jakie us\u0142ugi oferuje Espamob w ramach sta\u017cy Erasmus w dziedzinie uprawy warzyw?<\/h3>\n<p><span style=\"font-weight: 400;\">Espamob zapewnia kompleksowe zarz\u0105dzanie projektami mobilno\u015bci Erasmusa w zakresie uprawy warzyw. Obejmuje to wsparcie przy tworzeniu projektu, poszukiwanie finansowania, przyj\u0119cie w firmach partnerskich na sta\u017ce, poszukiwanie zakwaterowania na miejscu oraz transfery z lotniska.<\/span><\/p>\n<h3>Jak Espamob pomaga w pozyskiwaniu finansowania dla sta\u017cy Erasmus w dziedzinie uprawy warzyw?<\/h3>\n<p><span style=\"font-weight: 400;\">Espamob udost\u0119pnia grupom informacje i porady, aby pom\u00f3c im pozyska\u0107 finansowanie na ich sta\u017c Erasmus. Agencja mo\u017ce r\u00f3wnie\u017c kierowa\u0107 je do organizacji lub program\u00f3w finansowania dostosowanych do ich projektu.\u00a0<\/span><\/p>\n<h3>Jak przebiega przyj\u0119cie na uniwersytetach i w firmach partnerskich na sta\u017ce Erasmus w dziedzinie uprawy warzyw?<\/h3>\n<p><span style=\"font-weight: 400;\">Espamob zajmuje si\u0119 organizacj\u0105 przyj\u0119cia w firmach partnerskich na sta\u017ce Erasmus w dziedzinie <\/span><span style=\"font-weight: 400;\">uprawy warzyw<\/span><span style=\"font-weight: 400;\">. Agencja u\u0142atwia sprawy administracyjne, koordynuje z plac\u00f3wkami przyjmuj\u0105cymi i dba o prawid\u0142owy przebieg pobytu grup.<\/span>[\/vc_column_text][\/vc_column_inner][vc_column_inner width=&#8221;1\/12&#8243;][\/vc_column_inner][vc_column_inner width=&#8221;4\/12&#8243;][vc_single_image image=&#8221;15074&#8243; img_size=&#8221;full&#8221;][vc_column_text]<b>Dowiedz si\u0119 wi\u0119cej o r\u00f3\u017cnych miejscach przeznaczenia Erasmus+ w Hiszpanii:<\/b><\/p>\n<ul>\n<li><a href=\"https:\/\/espamob.com\/pl\/praktyki-zawodowe-erasmus\/rolnictwa-ogrodnictwie\/praktyki-erasmus-produkcja-zwierzeca\/\"><span style=\"font-weight: 400;\">Sta\u017c Erasmus Produkcja zwierz\u0119ca<\/span><\/a><\/li>\n<li style=\"font-weight: 400;\" aria-level=\"1\"><a href=\"https:\/\/espamob.com\/pl\/praktyki-zawodowe-erasmus\/rolnictwa-ogrodnictwie\/praktyki-erasmus-produkcja-roslin\/\"><span style=\"font-weight: 400;\">Sta\u017c Erasmus Produkcja ro\u015blin<\/span><\/a><\/li>\n<li style=\"font-weight: 400;\" aria-level=\"1\"><a href=\"https:\/\/espamob.com\/pl\/praktyki-zawodowe-erasmus\/rolnictwa-ogrodnictwie\/praktyki-erasmus-florystyki\/\"><span style=\"font-weight: 400;\">Sta\u017c Erasmus Florystyka\u00a0<\/span><\/a><\/li>\n<li style=\"font-weight: 400;\" aria-level=\"1\"><a href=\"https:\/\/espamob.com\/pl\/praktyki-zawodowe-erasmus\/rolnictwa-ogrodnictwie\/praktyki-erasmus-architektura-krajobrazu\/\"><span style=\"font-weight: 400;\">Sta\u017c Erasmus Architektura krajobrazu\u00a0<\/span><\/a><\/li>\n<li style=\"font-weight: 400;\" aria-level=\"1\"><a href=\"https:\/\/espamob.com\/pl\/praktyki-zawodowe-erasmus\/rolnictwa-ogrodnictwie\/praktyki-erasmus-mechanika\/\"><span style=\"font-weight: 400;\">Sta\u017c Erasmus Mechanika rolnicza<\/span><\/a><\/li>\n<li style=\"font-weight: 400;\" aria-level=\"1\"><a href=\"https:\/\/espamob.com\/pl\/praktyki-zawodowe-erasmus\/rolnictwa-ogrodnictwie\/praktyki-erasmus-hodowca-koni\/\"><span style=\"font-weight: 400;\">Sta\u017c Erasmus Hodowca koni<\/span><\/a><\/li>\n<li style=\"font-weight: 400;\" aria-level=\"1\"><a href=\"https:\/\/espamob.com\/pl\/praktyki-zawodowe-erasmus\/rolnictwa-ogrodnictwie\/praktyki-erasmus-kowalstwo\/\"><span style=\"font-weight: 400;\">Sta\u017c Erasmus Kowalstwo<\/span><\/a><\/li>\n<\/ul>\n<p>[\/vc_column_text][\/vc_column_inner][\/vc_row_inner][\/vc_column][\/vc_row]<\/p>\n<\/div>","protected":false},"excerpt":{"rendered":"<p>[vc_row css=&#8221;.vc_custom_1705948309161{margin-top: -20px !important;margin-bottom: 40px !important;background-image: url(https:\/\/espamob.com\/wp-content\/uploads\/2024\/01\/Jardineria.webp?id=22920) !important;}&#8221; conditional_render=&#8221;%5B%7B%22value_role%22%3A%22administrator%22%7D%5D&#8221;][vc_column css=&#8221;.vc_custom_1687965657482{padding-top: 30px !important;}&#8221; conditional_render=&#8221;%5B%7B%22value_role%22%3A%22administrator%22%7D%5D&#8221;][vc_empty_space height=&#8221;170&#8243;][vc_custom_heading text=&#8221;Praktyki Erasmus: Uprawa warzyw&#8221; font_container=&#8221;tag:h1|font_size:27|text_align:center|color:%23ffffff&#8221; use_theme_fonts=&#8221;yes&#8221; css=&#8221;.vc_custom_1706102304546{margin-bottom: 15px !important;background-color: rgba(136,136,136,0.29) !important;*background-color: rgb(136,136,136) !important;}&#8221; animation_type=&#8221;zoomIn&#8221;][vc_empty_space height=&#8221;40&#8243;][\/vc_column][\/vc_row][vc_row wrap_container=&#8221;yes&#8221; text_align=&#8221;justify&#8221;][vc_column text_align=&#8221;justify&#8221;][vc_column_text] Home Sektory sta\u017cowe Mobilno\u015b\u0107 w sektorze rolnictwa, architektury krajobrazu i je\u017adziectwa Praktyka zawodowa Erasmus: Uprawa warzyw [\/vc_column_text][vc_custom_heading text=&#8221;Praktyki Erasmus: Uprawa warzyw &#8211; okazja<\/p>\n","protected":false},"author":2,"featured_media":0,"parent":13168,"menu_order":0,"comment_status":"closed","ping_status":"closed","template":"","meta":{"footnotes":""},"class_list":["post-22964","page","type-page","status-publish","hentry"],"_links":{"self":[{"href":"https:\/\/espamob.com\/pl\/wp-json\/wp\/v2\/pages\/22964","targetHints":{"allow":["GET"]}}],"collection":[{"href":"https:\/\/espamob.com\/pl\/wp-json\/wp\/v2\/pages"}],"about":[{"href":"https:\/\/espamob.com\/pl\/wp-json\/wp\/v2\/types\/page"}],"author":[{"embeddable":true,"href":"https:\/\/espamob.com\/pl\/wp-json\/wp\/v2\/users\/2"}],"replies":[{"embeddable":true,"href":"https:\/\/espamob.com\/pl\/wp-json\/wp\/v2\/comments?post=22964"}],"version-history":[{"count":0,"href":"https:\/\/espamob.com\/pl\/wp-json\/wp\/v2\/pages\/22964\/revisions"}],"up":[{"embeddable":true,"href":"https:\/\/espamob.com\/pl\/wp-json\/wp\/v2\/pages\/13168"}],"wp:attachment":[{"href":"https:\/\/espamob.com\/pl\/wp-json\/wp\/v2\/media?parent=22964"}],"curies":[{"name":"wp","href":"https:\/\/api.w.org\/{rel}","templated":true}]}}