{"id":22960,"date":"2023-08-22T00:00:00","date_gmt":"2023-08-22T00:00:00","guid":{"rendered":"https:\/\/www.espamob.com\/praktyki-zawodowe-erasmus\/agriculture-horticulture\/stage-erasmus-production-vegetale\/"},"modified":"2024-03-04T23:11:21","modified_gmt":"2024-03-04T23:11:21","slug":"praktyki-erasmus-produkcja-roslin","status":"publish","type":"page","link":"https:\/\/espamob.com\/pl\/praktyki-zawodowe-erasmus\/rolnictwa-ogrodnictwie\/praktyki-erasmus-produkcja-roslin\/","title":{"rendered":"Stage Erasmus : Production v\u00e9g\u00e9tale"},"content":{"rendered":"<div class=\"wpb-content-wrapper\"><p>[vc_row css=&#8221;.vc_custom_1705948274239{margin-top: -20px !important;margin-bottom: 40px !important;background-image: url(https:\/\/espamob.com\/wp-content\/uploads\/2024\/01\/Produccion-de-cultivos.webp?id=22925) !important;}&#8221; conditional_render=&#8221;%5B%7B%22value_role%22%3A%22administrator%22%7D%5D&#8221;][vc_column css=&#8221;.vc_custom_1687965657482{padding-top: 30px !important;}&#8221; conditional_render=&#8221;%5B%7B%22value_role%22%3A%22administrator%22%7D%5D&#8221;][vc_empty_space height=&#8221;170&#8243;][vc_custom_heading text=&#8221;Praktyki Erasmus: Produkcja ro\u015blin&#8221; font_container=&#8221;tag:h1|font_size:27|text_align:center|color:%23ffffff&#8221; use_theme_fonts=&#8221;yes&#8221; css=&#8221;.vc_custom_1706092062649{margin-bottom: 15px !important;background-color: rgba(136,136,136,0.29) !important;*background-color: rgb(136,136,136) !important;}&#8221; animation_type=&#8221;zoomIn&#8221;][vc_empty_space height=&#8221;40&#8243;][\/vc_column][\/vc_row][vc_row wrap_container=&#8221;yes&#8221; text_align=&#8221;justify&#8221;][vc_column text_align=&#8221;justify&#8221;][vc_column_text]<\/p>\n<nav aria-label=\"breadcrumb\">\n<ol class=\"breadcrumb\">\n<li class=\"breadcrumb-item\"><a href=\"https:\/\/espamob.com\/pl\">Home<\/a><\/li>\n<li class=\"breadcrumb-item\"><a href=\"https:\/\/espamob.com\/pl\/praktyki-zawodowe-erasmus\">Sektory sta\u017cowe<\/a><\/li>\n<li class=\"breadcrumb-item active\" aria-current=\"page\"><a href=\"https:\/\/espamob.com\/pl\/praktyki-zawodowe-erasmus\/agriculture-horticulture\/\">Mobilno\u015b\u0107 w sektorze rolnictwa, architektury krajobrazu i je\u017adziectwa<\/a><\/li>\n<li class=\"breadcrumb-item active\" aria-current=\"page\">Praktyka zawodowa Erasmus: Produkcja ro\u015blin<\/li>\n<\/ol>\n<\/nav>\n<p>[\/vc_column_text][vc_custom_heading text=&#8221;Skorzystaj z niepowtarzalnego do\u015bwiadczenia dzi\u0119ki praktykom Erasmus w dziedzinie produkcja ro\u015blin&#8221; use_theme_fonts=&#8221;yes&#8221; css=&#8221;.vc_custom_1706092105277{margin-top: 20px !important;}&#8221;][vc_separator][vc_row_inner][vc_column_inner width=&#8221;7\/12&#8243;][vc_column_text]<span style=\"font-weight: 400;\"><strong>Praktyki Erasmus w produkcja ro\u015blin<\/strong> to niezwyk\u0142a szansa dla student\u00f3w, kt\u00f3rzy chc\u0105 specjalizowa\u0107 si\u0119 w dziedzinie rolnictwa i zagospodarowania teren\u00f3w zielonych. Dzi\u0119ki temu europejskiemu programowi b\u0119dziesz m\u00f3g\u0142 zdoby\u0107 nowe umiej\u0119tno\u015bci zawodowe i poszerzy\u0107 swoj\u0105 sie\u0107 kontakt\u00f3w, pracuj\u0105c za granic\u0105.\u00a0<\/span><\/p>\n<h2>Odkryj kluczowe sektory produkcai ro\u015blin<\/h2>\n<p><span style=\"font-weight: 400;\">\u015awiat produkcji ro\u015blin obejmuje r\u00f3\u017cne sektory, kt\u00f3re wszystkie przyczyniaj\u0105 si\u0119 do rozwoju i wzrostu ro\u015blin. W\u015br\u00f3d tych obszar\u00f3w znajduj\u0105 si\u0119:<\/span><\/p>\n<ul>\n<li style=\"font-weight: 400;\" aria-level=\"1\"><span style=\"font-weight: 400;\"><strong>Agronomia<\/strong>: badanie technik i metod optymalizacji wzrostu ro\u015blin przy jednoczesnym zachowaniu stanu \u015brodowiska;<\/span><\/li>\n<li style=\"font-weight: 400;\" aria-level=\"1\"><span style=\"font-weight: 400;\"><strong>Ochrona ro\u015blin<\/strong>: walka z r\u00f3\u017cnymi szkodnikami i chorobami mog\u0105cymi zaszkodzi\u0107 ro\u015blinom;<\/span><\/li>\n<li style=\"font-weight: 400;\" aria-level=\"1\"><span style=\"font-weight: 400;\"><strong>Hodowla ro\u015blin<\/strong>: tworzenie nowych odmian ro\u015blin bardziej odpornych i produktywnych dzi\u0119ki genetyce;<\/span><\/li>\n<li style=\"font-weight: 400;\" aria-level=\"1\"><span style=\"font-weight: 400;\"><strong>Architektura krajobrazu<\/strong>: projektowanie i realizacja projekt\u00f3w maj\u0105cych na celu popraw\u0119 estetyki i funkcjonalno\u015bci przestrzeni zielonych.\u00a0<\/span><\/li>\n<\/ul>\n<h2>Korzy\u015bci z praktyk Erasmus w produkcja ro\u015blin<\/h2>\n<p><span style=\"font-weight: 400;\">Wybieraj\u0105c praktyki Erasmus w dziedzinie produkcji ro\u015blin, studenci czerpi\u0105 korzy\u015bci z wielu aspekt\u00f3w:<\/span><\/p>\n<ol>\n<li style=\"font-weight: 400;\" aria-level=\"1\"><span style=\"font-weight: 400;\"><strong>Zdobycie do\u015bwiadczenia<\/strong> zawodowego za granic\u0105, co daje wi\u0119ksze szanse na zatrudnienie i poszerza perspektywy kariery;<\/span><\/li>\n<li style=\"font-weight: 400;\" aria-level=\"1\"><span style=\"font-weight: 400;\"><strong>Rozwijanie umiej\u0119tno\u015bci j\u0119zykowych<\/strong> poprzez codzienn\u0105 praktyk\u0119 j\u0119zyka obcego, zar\u00f3wno w kontek\u015bcie zawodowym, jak i osobistym;<\/span><\/li>\n<li style=\"font-weight: 400;\" aria-level=\"1\"><span style=\"font-weight: 400;\"><strong>Poznanie nowej kultury i dostosowanie<\/strong> si\u0119 do odmiennego \u015brodowiska, co sprzyja rozwini\u0119ciu otwarto\u015bci umys\u0142u i dojrza\u0142o\u015bci;<\/span><\/li>\n<li style=\"font-weight: 400;\" aria-level=\"1\"><span style=\"font-weight: 400;\"><strong>Korzystanie z grantu Erasmus+<\/strong>, kt\u00f3ry pomaga sfinansowa\u0107 pobyt za granic\u0105, u\u0142atwiaj\u0105c tym samym dost\u0119p do tej wyj\u0105tkowej przygody.\u00a0<\/span><\/li>\n<\/ol>\n<h2>Jak znale\u017a\u0107 praktyki Erasmus w produkcja ro\u015blin?<\/h2>\n<p><span style=\"font-weight: 400;\">Aby zdoby\u0107 praktyki Erasmus, istotne jest wcze\u015bniejsze przygotowanie i <strong>podj\u0119cie pewnych krok\u00f3w:<\/strong><\/span><\/p>\n<ul>\n<li style=\"font-weight: 400;\" aria-level=\"1\"><span style=\"font-weight: 400;\">Zasi\u0119gnij informacji na temat warunk\u00f3w i procedur programu Erasmus+ w swojej plac\u00f3wce edukacyjnej;<\/span><\/li>\n<li style=\"font-weight: 400;\" aria-level=\"1\"><span style=\"font-weight: 400;\">Przeprowad\u017a badania, aby zidentyfikowa\u0107 firmy i instytucje, kt\u00f3re mog\u0105 przyj\u0105\u0107 praktykant\u00f3w Erasmusa w dziedzinie produkcji ro\u015blin;<\/span><\/li>\n<li style=\"font-weight: 400;\" aria-level=\"1\"><span style=\"font-weight: 400;\">Napisz CV i list motywacyjny dostosowane do firmy i stanowiska, podkre\u015blaj\u0105c swoje umiej\u0119tno\u015bci w dziedzinie produkcji ro\u015blin oraz swoje atuty jako studenta Erasmusa;<\/span><\/li>\n<li style=\"font-weight: 400;\" aria-level=\"1\"><span style=\"font-weight: 400;\">Wy\u015blij swoj\u0105 aplikacj\u0119 do wybranych firm i przygotuj si\u0119 do ewentualnej rozmowy, w tym przyswojenia j\u0119zyka kraju przyjmuj\u0105cego.\u00a0<\/span><\/li>\n<\/ul>\n<h3>Wskaz\u00f3wka:<\/h3>\n<p><span style=\"font-weight: 400;\">Aby zwi\u0119kszy\u0107 swoje szanse na sukces, nie wahaj si\u0119 skorzysta\u0107 z pomocy swojej szko\u0142y lub uniwersytetu, kt\u00f3ry cz\u0119sto ma przywileje kontakt\u00f3w z partnerami biznesowymi w ramach programu Erasmus+.<\/span>[\/vc_column_text][\/vc_column_inner][vc_column_inner width=&#8221;1\/12&#8243;][\/vc_column_inner][vc_column_inner width=&#8221;4\/12&#8243;][vc_single_image image=&#8221;18301&#8243; img_size=&#8221;400*400&#8243; alignment=&#8221;right&#8221; style=&#8221;vc_box_rounded&#8221;][vc_btn title=&#8221;Zobacz wi\u0119cej&#8221; style=&#8221;custom&#8221; custom_background=&#8221;#e20000&#8243; custom_text=&#8221;#ffffff&#8221; align=&#8221;center&#8221; link=&#8221;url:https%3A%2F%2Fespamob.com%2Fpl%2Fkontakt-z-polskim-konsultantem|title:Kontakt|target:_blank&#8221;][\/vc_column_inner][\/vc_row_inner][vc_custom_heading text=&#8221;Kluczowe umiej\u0119tno\u015bci do osi\u0105gni\u0119cia sukcesu w praktykach w produkcja ro\u015blin&#8221; font_container=&#8221;tag:h3|text_align:left&#8221; use_theme_fonts=&#8221;yes&#8221; css=&#8221;.vc_custom_1706092335530{margin-top: 20px !important;}&#8221;][vc_separator][vc_row_inner][vc_column_inner width=&#8221;7\/12&#8243;][vc_column_text]<span style=\"font-weight: 400;\">Aby w pe\u0142ni skorzysta\u0107 z tego do\u015bwiadczenia za granic\u0105, konieczne jest rozwini\u0119cie pewnych kluczowych umiej\u0119tno\u015bci niezb\u0119dnych w sektorze produkcji ro\u015blin:<\/span><\/p>\n<ul>\n<li style=\"font-weight: 400;\" aria-level=\"1\"><span style=\"font-weight: 400;\"><strong>Wiedza techniczna<\/strong>: opanowanie g\u0142\u00f3wnych koncepcji i metod zwi\u0105zanych ze wzrostem ro\u015blin, ich ochron\u0105 i popraw\u0105;<\/span><\/li>\n<li style=\"font-weight: 400;\" aria-level=\"1\"><span style=\"font-weight: 400;\"><strong>Umiej\u0119tno\u015b\u0107 adaptacji:<\/strong> zdolno\u015b\u0107 szybkiego dostosowywania si\u0119 do nowej firmy, nowego kraju i nowej kultury;<\/span><\/li>\n<li style=\"font-weight: 400;\" aria-level=\"1\"><span style=\"font-weight: 400;\"><strong>Inicjatywa<\/strong>: zdolno\u015b\u0107 podejmowania trafnych decyzji i proponowania innowacyjnych rozwi\u0105za\u0144 dla napotkanych problem\u00f3w;<\/span><\/li>\n<li style=\"font-weight: 400;\" aria-level=\"1\"><span style=\"font-weight: 400;\"><strong>Komunikacja interpersonalna<\/strong>: umiej\u0119tno\u015b\u0107 pracy w zespole i efektywnej wsp\u00f3\u0142pracy z kolegami z r\u00f3\u017cnych kraj\u00f3w i kultur.\u00a0<\/span><\/li>\n<\/ul>\n<h2>Perspektywy zatrudnienia po praktykach Erasmus w produkcja ro\u015blin<\/h2>\n<p><span style=\"font-weight: 400;\">Po zako\u0144czeniu praktyk Erasmus studenci zazwyczaj maj\u0105 lepsze perspektywy zawodowe dzi\u0119ki swojemu mi\u0119dzynarodowemu do\u015bwiadczeniu i wzmocnionym umiej\u0119tno\u015bciom. W\u015br\u00f3d mo\u017cliwych zawod\u00f3w w dziedzinie produkcji ro\u015blin znajduj\u0105 si\u0119:<\/span><\/p>\n<ul>\n<li style=\"font-weight: 400;\" aria-level=\"1\"><span style=\"font-weight: 400;\">Agronom;<\/span><\/li>\n<li style=\"font-weight: 400;\" aria-level=\"1\"><span style=\"font-weight: 400;\">In\u017cynier ochrony ro\u015blin;<\/span><\/li>\n<li style=\"font-weight: 400;\" aria-level=\"1\"><span style=\"font-weight: 400;\">Koordynator projekt\u00f3w w zakresie architektury krajobrazu;<\/span><\/li>\n<li style=\"font-weight: 400;\" aria-level=\"1\"><span style=\"font-weight: 400;\">Kierownik produkcji w ogrodnictwie.\u00a0<\/span><\/li>\n<\/ul>\n<p><span style=\"font-weight: 400;\">Podsumowuj\u0105c, uczestnictwo w <strong>praktykach Erasmus w produkcja ro\u015blin<\/strong> to doskona\u0142y spos\u00f3b na wzbogacenie swojej \u015bcie\u017cki edukacyjnej i zawodowej, jednocze\u015bnie korzystaj\u0105c z wyj\u0105tkowego do\u015bwiadczenia za granic\u0105. Nie wahaj si\u0119 dowiedzie\u0107 wi\u0119cej o tym programie i ubiega\u0107 si\u0119 o udzia\u0142, aby da\u0107 swojej karierze w dziedzinie produkcji ro\u015blin kopa.<\/span>[\/vc_column_text][\/vc_column_inner][vc_column_inner width=&#8221;1\/12&#8243;][\/vc_column_inner][vc_column_inner width=&#8221;4\/12&#8243;][vc_raw_html]JTNDZGl2JTIwc3R5bGUlM0QlMjJwYWRkaW5nJTNBJTIwMzBweCUzQmJhY2tncm91bmQtY29sb3IlM0ElMjAlMjNGNEY0RjQlM0IlMjIlM0UlMEElMjAlMjAlMjAlMjAlM0NoNCUzRU9ka3J5aiUyMHdzenlzdGtpZSUyMHNla3RvcnklMjBwcmFrdHlrJTNDJTJGaDQlM0UlMEElMjAlMjAlMjAlMjAlM0NwJTNFRXNwYW1vYiUyMHNwZWNqYWxpenVqZSUyMHNpJUM0JTk5JTIwdyUyMHBvbWFnYW5pdSUyMGdydXBvbSUyMHclMjBtb2JpbG5vJUM1JTlCY2klMjB3JTIwcmFtYWNoJTIwcHJvZ3JhbXUlMjBFcmFzbXVzJTIwJTJCLiUyMERvd2llZHolMjBzaSVDNCU5OSUyMG8lMjB3c3p5c3RraWNoJTIwc2VrdG9yYWNoJTIwcHJha3R5ayUyMEVyYXNtdXMlMjB3JTIwSGlzenBhbmlpJTIwemElMjBwb21vYyVDNCU4NSUyMGtpbGt1JTIwa2xpa25pJUM0JTk5JUM0JTg3LiUzQyUyRnAlM0UlMEElMjAlMjAlMjAlMjAlM0NhJTIwY2xhc3MlM0QlMjJ2Y19nZW5lcmFsJTIwdmNfYnRuMyUyMHZjX2J0bjMtc2l6ZS1tZCUyMHZjX2J0bjMtc2hhcGUtZGVmYXVsdCUyMHZjX2J0bjMtc3R5bGUtY3VzdG9tJTIwd3BiX2N1c3RvbV82Njg3YjI2ZjM5NDg4ZGRiYjg1ZGRiM2MxY2U4ZTExMSUyMGJ0biUyMiUyMHN0eWxlJTNEJTIyYmFja2dyb3VuZC1jb2xvciUzQSUyM2UyMDAwMCUzQiUyMGNvbG9yJTNBJTIzZmZmZmZmJTNCJTIwYmFja2dyb3VuZC1jb2xvciUzQSUyM2UyMDAwMCUzQiUyMGNvbG9yJTNBJTIzZmZmZmZmJTNCJTIyJTIwaHJlZiUzRCUyMmh0dHBzJTNBJTJGJTJGd3d3LmVzcGFtb2IuY29tJTJGcGwlMkZwcmFrdHlraS16YXdvZG93ZS1lcmFzbXVzJTJGJTIyJTIwdGl0bGUlM0QlMjJTZWt0b3J5JTIwc3RhJUM1JUJDb3dlJTIyJTIwdGFyZ2V0JTNEJTIyX2JsYW5rJTIyJTNFT2RrcnlqJTIwc2VrdG9yeSUzQyUyRmElM0UlMEElM0MlMkZkaXYlM0U=[\/vc_raw_html][\/vc_column_inner][\/vc_row_inner][\/vc_column][\/vc_row][vc_row full_width=&#8221;stretch_row&#8221; wrap_container=&#8221;yes&#8221; is_section=&#8221;yes&#8221; css=&#8221;.vc_custom_1706092423665{border-top-width: 0px !important;padding-top: 15px !important;padding-bottom: 15px !important;background-color: #f8f392 !important;}&#8221; conditional_render=&#8221;%5B%7B%22value_role%22%3A%22administrator%22%7D%5D&#8221;][vc_column][vc_row_inner css=&#8221;.vc_custom_1688548648248{background-color: #f8f392 !important;}&#8221;][vc_column_inner][vc_custom_heading text=&#8221;Popro\u015b o bezp\u0142atn\u0105 wycen\u0119&#8221; font_container=&#8221;tag:h2|text_align:center&#8221; use_theme_fonts=&#8221;yes&#8221;][vc_column_text]<\/p>\n<p style=\"text-align: justify;\">Masz pomys\u0142 na projekt Erasmus+ w Hiszpanii i szukasz zaufanej agencji, kt\u00f3ra Ci\u0119 wesprze?\u00a0<strong>Espamob<\/strong>\u2019 jest tutaj, aby Ci pom\u00f3c! Oferujemy bezp\u0142atn\u0105 i niezobowi\u0105zuj\u0105c\u0105 wycen\u0119, kt\u00f3ra pomo\u017ce Ci zarz\u0105dza\u0107 projektem mobilno\u015bci. Dzi\u0119ki naszemu do\u015bwiadczeniu i sieci firm partnerskich mo\u017cemy zaoferowa\u0107 spersonalizowane wsparcie, aby spe\u0142ni\u0107 Twoje specyficzne potrzeby. Skontaktuj si\u0119 z nami ju\u017c teraz, aby om\u00f3wi\u0107 sw\u00f3j projekt i otrzyma\u0107 bezp\u0142atn\u0105 wycen\u0119.<\/p>\n<p>[\/vc_column_text]<div id=\"modal-trg-txt-wrap-3207\" class=\"ult-modal-input-wrapper ult-adjust-bottom-margin    \" data-keypress-control=\"keypress-control-enable\" data-overlay-control=\"overlay-control-enable\"><style>\n\t\t\t\t\t.btn-modal.btn-id-69e79275bbae60-73064984:hover {\n\t\t\t\t\t\tbackground-color: #e20000 !important;\n\t\t\t\t\t}\n\t\t\t\t\t<\/style><button  data-ultimate-target='#modal-trg-txt-wrap-3207 .btn-modal'  data-responsive-json-new='{\"font-size\":\"\",\"line-height\":\"\"}'  style=\"background:#888888;border-color:#888888;color:#ffffff; \" data-class-id=\"content-69e79275bbae60-73064984\" class=\"btn-modal ult-responsive btn-primary btn-modal-md overlay-show ult-align-center btn-id-69e79275bbae60-73064984\" data-overlay-class=\"overlay-cornerbottomleft\">ZAM\u00d3W BEZP\u0141ATN\u0104 WYCEN\u0118<\/button><\/div>\n<div class=\"ult-overlay content-69e79275bbae60-73064984 \" data-class=\"content-69e79275bbae60-73064984\" id=\"button-click-overlay\" style=\"background:rgba(51,51,51,0.8); display:none;\">\n\t<div class=\"ult_modal ult-fade ult-medium\">\n\t\t<div id=\"ult-modal-wrap-691\" class=\"ult_modal-content ult-hide\" style=\"border-style:solid;border-width:2px;border-radius:0px;border-color:#333333;\">\n\t\t\t<div class=\"ult_modal-header\" style=\"color:#333333;border-color:#333333;\">\n\t\t\t\t<h3  data-ultimate-target='#ult-modal-wrap-691 .ult_modal-title'  data-responsive-json-new='{\"font-size\":\"\",\"line-height\":\"\"}'  class=\"ult_modal-title ult-responsive\">ZAM\u00d3W BEZP\u0141ATN\u0104 WYCEN\u0118<\/h3>\n\t\t\t<\/div>\n\t\t\t<div  data-ultimate-target='#ult-modal-wrap-691 .ult_modal-body'  data-responsive-json-new='{\"font-size\":\"\",\"line-height\":\"\"}'  class=\"ult_modal-body ult-responsive ult-html\" style=\"\">\n\t\t\t<\/p>\n<p>[caldera_form id=&#8221;CF6149e02688efa&#8221;]<\/p>\n<p>\n\t\t\t<\/div>\n\t<\/div>\n\t<\/div>\n\t<div class=\"ult-overlay-close top-right\" style=\"width:80px;height:80px; \"><div class=\"ult-overlay-close-inside\">Close<\/div><\/div>\n<\/div>[\/vc_column_inner][\/vc_row_inner][\/vc_column][\/vc_row][vc_row wrap_container=&#8221;yes&#8221; css=&#8221;.vc_custom_1689256499740{margin-top: 15px !important;}&#8221; conditional_render=&#8221;%5B%7B%22value_role%22%3A%22administrator%22%7D%5D&#8221;][vc_column][vc_custom_heading text=&#8221;Cz\u0119sto zadawane pytania&#8221; font_container=&#8221;tag:h2|text_align:center|color:%23000000&#8243; use_theme_fonts=&#8221;yes&#8221;][vc_separator][vc_row_inner][vc_column_inner width=&#8221;7\/12&#8243;][vc_column_text]<\/p>\n<h3>Jakie s\u0105 korzy\u015bci z wyboru Espamob do realizacji praktyk Erasmus w dziedzinie produkcji ro\u015blin?<\/h3>\n<p><span style=\"font-weight: 400;\">Wybieraj\u0105c Espamob na swoje praktyki Erasmus w dziedzinie produkcji ro\u015blin, korzystasz z do\u015bwiadczenia agencji specjalizuj\u0105cej si\u0119 we wsparciu grup w mobilno\u015bci. Espamob pomo\u017ce Ci w stworzeniu projektu zwi\u0105zanego z produkcj\u0105 ro\u015blin, dostarczaj\u0105c porad i zasob\u00f3w dostosowanych do Twoich potrzeb. Ponadto Espamob posiada sie\u0107 partnersk\u0105 ze szko\u0142ami i przedsi\u0119biorstwami w dziedzinie produkcji ro\u015blin w Hiszpanii, co umo\u017cliwi Ci skorzystanie z wysokiej jako\u015bci przyj\u0119cia i relewantnych sta\u017cy.\u00a0<\/span><\/p>\n<h3>Jak Espamob pomaga w znalezieniu finansowania na praktyki Erasmus w produkcji ro\u015blin?<\/h3>\n<p><span style=\"font-weight: 400;\">Espamob towarzyszy Ci w poszukiwaniach finansowania na praktyki Erasmus w produkcji ro\u015blin. Agencja dostarczy informacji na temat r\u00f3\u017cnych dost\u0119pnych opcji finansowania, takich jak stypendia Erasmus+ lub inne \u017ar\u00f3d\u0142a finansowania zewn\u0119trznego. Espamob mo\u017ce tak\u017ce pom\u00f3c w redagowaniu wniosk\u00f3w o finansowanie i przygotowywaniu solidnego dossier, aby zwi\u0119kszy\u0107 szanse na sukces.\u00a0<\/span><\/p>\n<h3>Jak Espamob u\u0142atwia Tw\u00f3j pobyt w Hiszpanii podczas praktyk Erasmus w produkcji ro\u015blin?<\/h3>\n<p><span style=\"font-weight: 400;\">Espamob u\u0142atwia Tw\u00f3j pobyt w Hiszpanii, zajmuj\u0105c si\u0119 organizacj\u0105 logistyczn\u0105 Twojej mobilno\u015bci. Agencja znajduje zakwaterowanie dostosowane do Twoich potrzeb i bud\u017cetu, zar\u00f3wno w akademikach, jak i w apartamentach. Ponadto Espamob zapewnia transfer z lotniska do miejsca zakwaterowania. Podczas pobytu agencja pozostaje do Twojej dyspozycji w razie pyta\u0144 lub ewentualnych problem\u00f3w, zapewniaj\u0105c Ci przyjemny i bezproblemowy pobyt.<\/span>[\/vc_column_text][\/vc_column_inner][vc_column_inner width=&#8221;1\/12&#8243;][\/vc_column_inner][vc_column_inner width=&#8221;4\/12&#8243;][vc_single_image image=&#8221;15074&#8243; img_size=&#8221;full&#8221;][vc_column_text]<b>Dowiedz si\u0119 wi\u0119cej o r\u00f3\u017cnych miejscach przeznaczenia Erasmus+ w Hiszpanii:<\/b><\/p>\n<ul>\n<li style=\"font-weight: 400;\" aria-level=\"1\"><a href=\"https:\/\/espamob.com\/pl\/praktyki-zawodowe-erasmus\/rolnictwa-ogrodnictwie\/praktyki-erasmus-produkcja-zwierzeca\/\"><span style=\"font-weight: 400;\">Sta\u017c Erasmus Produkcja zwierz\u0119ca<\/span><\/a><\/li>\n<li style=\"font-weight: 400;\" aria-level=\"1\"><a href=\"https:\/\/espamob.com\/pl\/praktyki-zawodowe-erasmus\/rolnictwa-ogrodnictwie\/praktyki-erasmus-uprawa-warzyw\/\"><span style=\"font-weight: 400;\">Sta\u017c Erasmus Uprawa warzyw<\/span><\/a><\/li>\n<li style=\"font-weight: 400;\" aria-level=\"1\"><a href=\"https:\/\/espamob.com\/pl\/praktyki-zawodowe-erasmus\/rolnictwa-ogrodnictwie\/praktyki-erasmus-florystyki\/\"><span style=\"font-weight: 400;\">Sta\u017c Erasmus Florystyka\u00a0<\/span><\/a><\/li>\n<li style=\"font-weight: 400;\" aria-level=\"1\"><a href=\"https:\/\/espamob.com\/pl\/praktyki-zawodowe-erasmus\/rolnictwa-ogrodnictwie\/praktyki-erasmus-architektura-krajobrazu\/\"><span style=\"font-weight: 400;\">Sta\u017c Erasmus Architektura krajobrazu\u00a0<\/span><\/a><\/li>\n<li style=\"font-weight: 400;\" aria-level=\"1\"><a href=\"https:\/\/espamob.com\/pl\/praktyki-zawodowe-erasmus\/rolnictwa-ogrodnictwie\/praktyki-erasmus-mechanika\/\"><span style=\"font-weight: 400;\">Sta\u017c Erasmus Mechanika rolnicza<\/span><\/a><\/li>\n<li style=\"font-weight: 400;\" aria-level=\"1\"><a href=\"https:\/\/espamob.com\/pl\/praktyki-zawodowe-erasmus\/rolnictwa-ogrodnictwie\/praktyki-erasmus-hodowca-koni\/\"><span style=\"font-weight: 400;\">Sta\u017c Erasmus Hodowca koni<\/span><\/a><\/li>\n<li style=\"font-weight: 400;\" aria-level=\"1\"><a href=\"https:\/\/espamob.com\/pl\/praktyki-zawodowe-erasmus\/rolnictwa-ogrodnictwie\/praktyki-erasmus-kowalstwo\/\"><span style=\"font-weight: 400;\">Sta\u017c Erasmus Kowalstwo<\/span><\/a><\/li>\n<\/ul>\n<p>[\/vc_column_text][\/vc_column_inner][\/vc_row_inner][\/vc_column][\/vc_row]<\/p>\n<\/div>","protected":false},"excerpt":{"rendered":"<p>[vc_row css=&#8221;.vc_custom_1705948274239{margin-top: -20px !important;margin-bottom: 40px !important;background-image: url(https:\/\/espamob.com\/wp-content\/uploads\/2024\/01\/Produccion-de-cultivos.webp?id=22925) !important;}&#8221; conditional_render=&#8221;%5B%7B%22value_role%22%3A%22administrator%22%7D%5D&#8221;][vc_column css=&#8221;.vc_custom_1687965657482{padding-top: 30px !important;}&#8221; conditional_render=&#8221;%5B%7B%22value_role%22%3A%22administrator%22%7D%5D&#8221;][vc_empty_space height=&#8221;170&#8243;][vc_custom_heading text=&#8221;Praktyki Erasmus: Produkcja ro\u015blin&#8221; font_container=&#8221;tag:h1|font_size:27|text_align:center|color:%23ffffff&#8221; use_theme_fonts=&#8221;yes&#8221; css=&#8221;.vc_custom_1706092062649{margin-bottom: 15px !important;background-color: rgba(136,136,136,0.29) !important;*background-color: rgb(136,136,136) !important;}&#8221; animation_type=&#8221;zoomIn&#8221;][vc_empty_space height=&#8221;40&#8243;][\/vc_column][\/vc_row][vc_row wrap_container=&#8221;yes&#8221; text_align=&#8221;justify&#8221;][vc_column text_align=&#8221;justify&#8221;][vc_column_text] Home Sektory sta\u017cowe Mobilno\u015b\u0107 w sektorze rolnictwa, architektury krajobrazu i je\u017adziectwa Praktyka zawodowa Erasmus: Produkcja ro\u015blin [\/vc_column_text][vc_custom_heading text=&#8221;Skorzystaj z niepowtarzalnego do\u015bwiadczenia dzi\u0119ki praktykom<\/p>\n","protected":false},"author":2,"featured_media":0,"parent":13168,"menu_order":0,"comment_status":"closed","ping_status":"closed","template":"","meta":{"footnotes":""},"class_list":["post-22960","page","type-page","status-publish","hentry"],"_links":{"self":[{"href":"https:\/\/espamob.com\/pl\/wp-json\/wp\/v2\/pages\/22960","targetHints":{"allow":["GET"]}}],"collection":[{"href":"https:\/\/espamob.com\/pl\/wp-json\/wp\/v2\/pages"}],"about":[{"href":"https:\/\/espamob.com\/pl\/wp-json\/wp\/v2\/types\/page"}],"author":[{"embeddable":true,"href":"https:\/\/espamob.com\/pl\/wp-json\/wp\/v2\/users\/2"}],"replies":[{"embeddable":true,"href":"https:\/\/espamob.com\/pl\/wp-json\/wp\/v2\/comments?post=22960"}],"version-history":[{"count":0,"href":"https:\/\/espamob.com\/pl\/wp-json\/wp\/v2\/pages\/22960\/revisions"}],"up":[{"embeddable":true,"href":"https:\/\/espamob.com\/pl\/wp-json\/wp\/v2\/pages\/13168"}],"wp:attachment":[{"href":"https:\/\/espamob.com\/pl\/wp-json\/wp\/v2\/media?parent=22960"}],"curies":[{"name":"wp","href":"https:\/\/api.w.org\/{rel}","templated":true}]}}