{"id":22956,"date":"2023-08-22T00:00:00","date_gmt":"2023-08-22T00:00:00","guid":{"rendered":"https:\/\/www.espamob.com\/praktyki-zawodowe-erasmus\/agriculture-horticulture\/stage-erasmus-production-animale\/"},"modified":"2024-03-04T23:10:43","modified_gmt":"2024-03-04T23:10:43","slug":"praktyki-erasmus-produkcja-zwierzeca","status":"publish","type":"page","link":"https:\/\/espamob.com\/pl\/praktyki-zawodowe-erasmus\/rolnictwa-ogrodnictwie\/praktyki-erasmus-produkcja-zwierzeca\/","title":{"rendered":"Stage Erasmus : Production animale"},"content":{"rendered":"<div class=\"wpb-content-wrapper\"><p>[vc_row css=&#8221;.vc_custom_1705948526936{margin-top: -20px !important;margin-bottom: 40px !important;background-image: url(https:\/\/espamob.com\/wp-content\/uploads\/2024\/01\/Produccion-animal.webp?id=22930) !important;}&#8221; conditional_render=&#8221;%5B%7B%22value_role%22%3A%22administrator%22%7D%5D&#8221;][vc_column css=&#8221;.vc_custom_1687965657482{padding-top: 30px !important;}&#8221; conditional_render=&#8221;%5B%7B%22value_role%22%3A%22administrator%22%7D%5D&#8221;][vc_empty_space height=&#8221;170&#8243;][vc_custom_heading text=&#8221;Praktyki Erasmus: Produkcja zwierz\u0119ca&#8221; font_container=&#8221;tag:h1|font_size:27|text_align:center|color:%23ffffff&#8221; use_theme_fonts=&#8221;yes&#8221; css=&#8221;.vc_custom_1706091377321{margin-bottom: 15px !important;background-color: rgba(136,136,136,0.29) !important;*background-color: rgb(136,136,136) !important;}&#8221; animation_type=&#8221;zoomIn&#8221;][vc_empty_space height=&#8221;40&#8243;][\/vc_column][\/vc_row][vc_row wrap_container=&#8221;yes&#8221; text_align=&#8221;justify&#8221;][vc_column text_align=&#8221;justify&#8221;][vc_column_text]<\/p>\n<nav aria-label=\"breadcrumb\">\n<ol class=\"breadcrumb\">\n<li class=\"breadcrumb-item\"><a href=\"https:\/\/espamob.com\/pl\">Home<\/a><\/li>\n<li class=\"breadcrumb-item\"><a href=\"https:\/\/espamob.com\/pl\/praktyki-zawodowe-erasmus\">Sektory sta\u017cowe<\/a><\/li>\n<li class=\"breadcrumb-item active\" aria-current=\"page\"><a href=\"https:\/\/espamob.com\/pl\/praktyki-zawodowe-erasmus\/agriculture-horticulture\/\">Mobilno\u015b\u0107 w sektorze rolnictwa, architektury krajobrazu i je\u017adziectwa<\/a><\/li>\n<li class=\"breadcrumb-item active\" aria-current=\"page\">Praktyka zawodowa Erasmus: Produkcja zwierz\u0119ca<\/li>\n<\/ol>\n<\/nav>\n<p>[\/vc_column_text][vc_custom_heading text=&#8221;We\u017a udzia\u0142 w bogatym do\u015bwiadczeniu poprzez odbycie sta\u017cu Erasmusa w zakresie produkcji zwierz\u0119cej&#8221; use_theme_fonts=&#8221;yes&#8221; css=&#8221;.vc_custom_1706091434600{margin-top: 20px !important;}&#8221;][vc_separator][vc_row_inner][vc_column_inner width=&#8221;7\/12&#8243;][vc_column_text]<span style=\"font-weight: 400;\">Program Erasmus+ oferuje liczne mo\u017cliwo\u015bci dla student\u00f3w w r\u00f3\u017cnych dziedzinach, w tym w rolnictwie i produkcji zwierz\u0119cej. <strong>Sta\u017c Erasmus w produkcja zwierz\u0119ca<\/strong>\u00a0pozwoli Ci rozwija\u0107 umiej\u0119tno\u015bci zawodowe, jednocze\u015bnie odkrywaj\u0105c now\u0105 kultur\u0119 i r\u00f3\u017cne praktyki rolnicze. W tym artykule om\u00f3wimy g\u0142\u00f3wne powody, dla kt\u00f3rych warto rozwa\u017cy\u0107 udzia\u0142 w sta\u017cu Erasmus w zakresie produkcji zwierz\u0119cej oraz r\u00f3\u017cne dost\u0119pne opcje.<\/span><\/p>\n<h2>Korzy\u015bci z odbycia sta\u017cu Erasmus w zakresie produkcja zwierz\u0119ca<\/h2>\n<p><span style=\"font-weight: 400;\">Uczestnictwo w sta\u017cu Erasmus w zakresie produkcja zwierz\u0119ca niesie ze sob\u0105 wiele korzy\u015bci:<\/span><\/p>\n<ul>\n<li style=\"font-weight: 400;\" aria-level=\"1\"><span style=\"font-weight: 400;\">Zdobywanie mi\u0119dzynarodowego do\u015bwiadczenia zawodowego: Praca w innym kraju pozwala pozna\u0107 nowe metody pracy i zarz\u0105dzania produkcj\u0105 zwierz\u0119c\u0105. Mo\u017ce to by\u0107 bardzo korzystne dla Twojej przysz\u0142ej kariery.<\/span><\/li>\n<li style=\"font-weight: 400;\" aria-level=\"1\"><span style=\"font-weight: 400;\">Rozw\u00f3j umiej\u0119tno\u015bci j\u0119zykowych: Sta\u017c za granic\u0105 to tak\u017ce okazja do poprawy umiej\u0119tno\u015bci j\u0119zykowych i nauki nowego j\u0119zyka, co jest istotnym atutem na obecnym rynku pracy.<\/span><\/li>\n<li style=\"font-weight: 400;\" aria-level=\"1\"><span style=\"font-weight: 400;\">Poszerzenie sieci zawodowej: W trakcie sta\u017cu spotkasz wielu profesjonalist\u00f3w z bran\u017cy produkcji zwierz\u0119cej, co pozwoli nawi\u0105za\u0107 kontakty, kt\u00f3re mog\u0105 okaza\u0107 si\u0119 cenne w Twojej przysz\u0142ej karierze.<\/span><\/li>\n<li style=\"font-weight: 400;\" aria-level=\"1\"><span style=\"font-weight: 400;\">Odkrywanie nowej kultury: Wreszcie, sta\u017c Erasmus daje mo\u017cliwo\u015b\u0107 poznania nowej kultury i wzbogacenia do\u015bwiadczenia osobistego.<\/span><\/li>\n<\/ul>\n<h2>R\u00f3\u017cne sektory produkcja zwierz\u0119ca<\/h2>\n<p><span style=\"font-weight: 400;\">Produkcja zwierz\u0119ca obejmuje kilka sektor\u00f3w, w kt\u00f3rych mo\u017cna odby\u0107 sta\u017c Erasmus. Oto kilka przyk\u0142ad\u00f3w:<\/span><\/p>\n<h3>Hodowla i produkcja mleka<\/h3>\n<p><span style=\"font-weight: 400;\">W tej dziedzinie b\u0119dziesz m\u00f3g\u0142 pracowa\u0107 na gospodarstwach specjalizuj\u0105cych si\u0119 w hodowli kr\u00f3w mlecznych, k\u00f3z lub owiec. Twoje zadania mog\u0105 obejmowa\u0107 codzienne zarz\u0105dzanie zwierz\u0119tami, dojenie, karmienie, monitorowanie reprodukcji i utrzymanie instalacji.<\/span><\/p>\n<h3>Hodowla \u015bwi\u0144<\/h3>\n<p><span style=\"font-weight: 400;\">Sta\u017c w hodowli \u015bwi\u0144 umo\u017cliwi Ci prac\u0119 z hodowcami specjalizuj\u0105cymi si\u0119 w produkcji mi\u0119sa wieprzowego. B\u0119dziesz odpowiedzialny za reprodukcj\u0119, opiek\u0119 nad maciorami, tucznikami, a tak\u017ce zarz\u0105dzanie zdrowiem zwierz\u0105t.<\/span><\/p>\n<h3>Hodowla drobiu<\/h3>\n<p><span style=\"font-weight: 400;\">Ten sektor obejmuje hodowl\u0119 drobiu, takiego jak kurczaki, indyki, kaczki i inne ptaki przeznaczone do spo\u017cycia przez ludzi. Zadania podczas sta\u017cu w hodowli drobiu s\u0105 podobne do innych rodzaj\u00f3w hodowli, ze szczeg\u00f3lnym naciskiem na zapobieganie i kontrolowanie chor\u00f3b ptak\u00f3w.<\/span><\/p>\n<h3>Akwakultura<\/h3>\n<p><span style=\"font-weight: 400;\">Akwakultura dotyczy produkcji ryb, skorupiak\u00f3w i mi\u0119czak\u00f3w w kontrolowanych \u015brodowiskach. Sta\u017c w tej dziedzinie da Ci szans\u0119 pracy na fermach rybnych, w wyl\u0119garniach lub na obszarach hodowli morskiej. We\u017amiesz udzia\u0142 w codziennym zarz\u0105dzaniu zwierz\u0119tami, monitorowaniu ich wzrostu i zapobieganiu chorobom.<\/span><\/p>\n<h3>Hodowla koni<\/h3>\n<p><span style=\"font-weight: 400;\">Je\u015bli pasjonujesz si\u0119 ko\u0144mi, sta\u017c w hodowli koni mo\u017ce by\u0107 doskona\u0142\u0105 opcj\u0105 dla Ciebie. Nauczysz si\u0119 zarz\u0105dza\u0107 wszystkimi aspektami \u017cycia konia, pocz\u0105wszy od narodzin, poprzez oswojenie, trening, a\u017c po jego karier\u0119 sportow\u0105. Obszary dzia\u0142ania mog\u0105 obejmowa\u0107 reprodukcj\u0119, odch\u00f3w, szkolenie i udzia\u0142 w zawodach je\u017adzieckich.<\/span>[\/vc_column_text][\/vc_column_inner][vc_column_inner width=&#8221;1\/12&#8243;][\/vc_column_inner][vc_column_inner width=&#8221;4\/12&#8243;][vc_single_image image=&#8221;18296&#8243; img_size=&#8221;400*400&#8243; alignment=&#8221;right&#8221; style=&#8221;vc_box_rounded&#8221;][vc_btn title=&#8221;Zobacz wi\u0119cej&#8221; style=&#8221;custom&#8221; custom_background=&#8221;#e20000&#8243; custom_text=&#8221;#ffffff&#8221; align=&#8221;center&#8221; link=&#8221;url:https%3A%2F%2Fespamob.com%2Fpl%2Fkontakt-z-polskim-konsultantem|title:Kontakt|target:_blank&#8221;][\/vc_column_inner][\/vc_row_inner][vc_custom_heading text=&#8221;Znalezienie odpowiedniego sta\u017cu Erasmus w zakresie produkcja zwierz\u0119ca&#8221; font_container=&#8221;tag:h3|text_align:left&#8221; use_theme_fonts=&#8221;yes&#8221; css=&#8221;.vc_custom_1706091644553{margin-top: 20px !important;}&#8221;][vc_separator][vc_row_inner][vc_column_inner width=&#8221;7\/12&#8243;][vc_column_text]<span style=\"font-weight: 400;\">Istnieje kilka \u017ar\u00f3de\u0142 do znalezienia sta\u017cu Erasmus w zakresie produkcja zwierz\u0119ca:<\/span><\/p>\n<ol>\n<li style=\"font-weight: 400;\" aria-level=\"1\"><span style=\"font-weight: 400;\"><strong>Biuro Erasmus+ Twojej plac\u00f3wki<\/strong>: Dowiedz si\u0119 o dost\u0119pnych mo\u017cliwo\u015bciach sta\u017cu w biurze Erasmus+ w Twojej plac\u00f3wce edukacyjnej, kt\u00f3re mog\u0105 r\u00f3wnie\u017c pom\u00f3c Ci w procesie sk\u0142adania poda\u0144.<\/span><\/li>\n<li style=\"font-weight: 400;\" aria-level=\"1\"><span style=\"font-weight: 400;\"><strong>Partnerzy akademiccy<\/strong>: Twoja plac\u00f3wka edukacyjna mo\u017ce mie\u0107 specjalne partnerstwa z zagranicznymi instytucjami specjalizuj\u0105cymi si\u0119 w produkcji zwierz\u0119cej. Zapytaj o takie mo\u017cliwo\u015bci.<\/span><\/li>\n<li style=\"font-weight: 400;\" aria-level=\"1\"><span style=\"font-weight: 400;\"><strong>Platformy online<\/strong>: Wiele stron internetowych oferuje og\u0142oszenia sta\u017cowe w dziedzinie produkcji zwierz\u0119cej. Mo\u017cesz r\u00f3wnie\u017c korzysta\u0107 z profesjonalnych medi\u00f3w spo\u0142eczno\u015bciowych, aby znale\u017a\u0107 oferty i skontaktowa\u0107 si\u0119 z zagranicznymi firmami.<\/span><\/li>\n<\/ol>\n<h2>Przygotowanie si\u0119 do sta\u017cu Erasmus w zakresie produkcja\u00a0zwierz\u0119ca<\/h2>\n<p><span style=\"font-weight: 400;\">Przed wyjazdem na sta\u017c Erasmus wa\u017cne jest odpowiednie przygotowanie:<\/span><\/p>\n<ul>\n<li style=\"font-weight: 400;\" aria-level=\"1\"><span style=\"font-weight: 400;\"><strong>Poznaj kraj i kultur\u0119<\/strong>: Przeczytaj artyku\u0142y, ogl\u0105daj filmy i rozmawiaj z osobami, kt\u00f3re ju\u017c mieszka\u0142y w kraju, w kt\u00f3rym b\u0119dziesz odbywa\u0107 sta\u017c. Pomo\u017ce Ci to lepiej zrozumie\u0107 lokaln\u0105 kultur\u0119 i unikn\u0105\u0107 ewentualnych nieporozumie\u0144.<\/span><\/li>\n<li style=\"font-weight: 400;\" aria-level=\"1\"><span style=\"font-weight: 400;\"><strong>Doskonal swoje umiej\u0119tno\u015bci j\u0119zykowe<\/strong>: Je\u015bli jeszcze nie znasz j\u0119zyka kraju, do kt\u00f3rego zmierzasz, ucz\u0119szczaj na intensywne kursy lub korzystaj z aplikacji do nauki online, aby podnie\u015b\u0107 swoj\u0105 bieg\u0142o\u015b\u0107.<\/span><\/li>\n<li style=\"font-weight: 400;\" aria-level=\"1\"><span style=\"font-weight: 400;\"><strong>Przygotuj dokumenty administracyjne<\/strong>: Upewnij si\u0119, \u017ce masz wszystkie niezb\u0119dne dokumenty na wyjazd, takie jak paszport, wiza, ubezpieczenie zdrowotne i umowa sta\u017cowa.<\/span><\/li>\n<li style=\"font-weight: 400;\" aria-level=\"1\"><span style=\"font-weight: 400;\"><strong>Zorganizuj zakwaterowanie:<\/strong> Znajd\u017a odpowiednie zakwaterowanie dostosowane do swoich potrzeb i bud\u017cetu przed wyjazdem. Akademiki uniwersyteckie mog\u0105 by\u0107 interesuj\u0105c\u0105 opcj\u0105, ale zawsze mo\u017cna poszuka\u0107 innych mo\u017cliwo\u015bci.<\/span><\/li>\n<\/ul>\n<p><span style=\"font-weight: 400;\">Podsumowuj\u0105c, sta\u017c Erasmus w zakresie produkcji zwierz\u0119cej to do\u015bwiadczenie r\u00f3wnie warto\u015bciowe zawodowo, jak i osobowo. Nie wahaj si\u0119 wi\u0119c i zanurz si\u0119 w tej wyj\u0105tkowej przygodzie, kt\u00f3ra pozwoli Ci rozwija\u0107 umiej\u0119tno\u015bci i poszerza\u0107 horyzonty.<\/span>[\/vc_column_text][\/vc_column_inner][vc_column_inner width=&#8221;1\/12&#8243;][\/vc_column_inner][vc_column_inner width=&#8221;4\/12&#8243;][vc_raw_html]JTNDZGl2JTIwc3R5bGUlM0QlMjJwYWRkaW5nJTNBJTIwMzBweCUzQmJhY2tncm91bmQtY29sb3IlM0ElMjAlMjNGNEY0RjQlM0IlMjIlM0UlMEElMjAlMjAlMjAlMjAlM0NoNCUzRU9ka3J5aiUyMHdzenlzdGtpZSUyMHNla3RvcnklMjBwcmFrdHlrJTNDJTJGaDQlM0UlMEElMjAlMjAlMjAlMjAlM0NwJTNFRXNwYW1vYiUyMHNwZWNqYWxpenVqZSUyMHNpJUM0JTk5JTIwdyUyMHBvbWFnYW5pdSUyMGdydXBvbSUyMHclMjBtb2JpbG5vJUM1JTlCY2klMjB3JTIwcmFtYWNoJTIwcHJvZ3JhbXUlMjBFcmFzbXVzJTIwJTJCLiUyMERvd2llZHolMjBzaSVDNCU5OSUyMG8lMjB3c3p5c3RraWNoJTIwc2VrdG9yYWNoJTIwcHJha3R5ayUyMEVyYXNtdXMlMjB3JTIwSGlzenBhbmlpJTIwemElMjBwb21vYyVDNCU4NSUyMGtpbGt1JTIwa2xpa25pJUM0JTk5JUM0JTg3LiUzQyUyRnAlM0UlMEElMjAlMjAlMjAlMjAlM0NhJTIwY2xhc3MlM0QlMjJ2Y19nZW5lcmFsJTIwdmNfYnRuMyUyMHZjX2J0bjMtc2l6ZS1tZCUyMHZjX2J0bjMtc2hhcGUtZGVmYXVsdCUyMHZjX2J0bjMtc3R5bGUtY3VzdG9tJTIwd3BiX2N1c3RvbV82Njg3YjI2ZjM5NDg4ZGRiYjg1ZGRiM2MxY2U4ZTExMSUyMGJ0biUyMiUyMHN0eWxlJTNEJTIyYmFja2dyb3VuZC1jb2xvciUzQSUyM2UyMDAwMCUzQiUyMGNvbG9yJTNBJTIzZmZmZmZmJTNCJTIwYmFja2dyb3VuZC1jb2xvciUzQSUyM2UyMDAwMCUzQiUyMGNvbG9yJTNBJTIzZmZmZmZmJTNCJTIyJTIwaHJlZiUzRCUyMmh0dHBzJTNBJTJGJTJGd3d3LmVzcGFtb2IuY29tJTJGcGwlMkZwcmFrdHlraS16YXdvZG93ZS1lcmFzbXVzJTJGJTIyJTIwdGl0bGUlM0QlMjJTZWt0b3J5JTIwc3RhJUM1JUJDb3dlJTIyJTIwdGFyZ2V0JTNEJTIyX2JsYW5rJTIyJTNFT2RrcnlqJTIwc2VrdG9yeSUzQyUyRmElM0UlMEElM0MlMkZkaXYlM0U=[\/vc_raw_html][\/vc_column_inner][\/vc_row_inner][\/vc_column][\/vc_row][vc_row full_width=&#8221;stretch_row&#8221; wrap_container=&#8221;yes&#8221; is_section=&#8221;yes&#8221; css=&#8221;.vc_custom_1706091755196{border-top-width: 0px !important;padding-top: 15px !important;padding-bottom: 15px !important;background-color: #f8f392 !important;}&#8221; conditional_render=&#8221;%5B%7B%22value_role%22%3A%22administrator%22%7D%5D&#8221;][vc_column][vc_row_inner css=&#8221;.vc_custom_1688548648248{background-color: #f8f392 !important;}&#8221;][vc_column_inner][vc_custom_heading text=&#8221;Popro\u015b o bezp\u0142atn\u0105 wycen\u0119&#8221; font_container=&#8221;tag:h2|text_align:center&#8221; use_theme_fonts=&#8221;yes&#8221;][vc_column_text]<\/p>\n<p style=\"text-align: justify;\">Masz pomys\u0142 na projekt Erasmus+ w Hiszpanii i szukasz zaufanej agencji, kt\u00f3ra Ci\u0119 wesprze?\u00a0<strong>Espamob<\/strong>\u2019 jest tutaj, aby Ci pom\u00f3c! Oferujemy bezp\u0142atn\u0105 i niezobowi\u0105zuj\u0105c\u0105 wycen\u0119, kt\u00f3ra pomo\u017ce Ci zarz\u0105dza\u0107 projektem mobilno\u015bci. Dzi\u0119ki naszemu do\u015bwiadczeniu i sieci firm partnerskich mo\u017cemy zaoferowa\u0107 spersonalizowane wsparcie, aby spe\u0142ni\u0107 Twoje specyficzne potrzeby. Skontaktuj si\u0119 z nami ju\u017c teraz, aby om\u00f3wi\u0107 sw\u00f3j projekt i otrzyma\u0107 bezp\u0142atn\u0105 wycen\u0119.<\/p>\n<p>[\/vc_column_text]<div id=\"modal-trg-txt-wrap-6345\" class=\"ult-modal-input-wrapper ult-adjust-bottom-margin    \" data-keypress-control=\"keypress-control-enable\" data-overlay-control=\"overlay-control-enable\"><style>\n\t\t\t\t\t.btn-modal.btn-id-69e79271e658a5-45602836:hover {\n\t\t\t\t\t\tbackground-color: #e20000 !important;\n\t\t\t\t\t}\n\t\t\t\t\t<\/style><button  data-ultimate-target='#modal-trg-txt-wrap-6345 .btn-modal'  data-responsive-json-new='{\"font-size\":\"\",\"line-height\":\"\"}'  style=\"background:#888888;border-color:#888888;color:#ffffff; \" data-class-id=\"content-69e79271e658a5-45602836\" class=\"btn-modal ult-responsive btn-primary btn-modal-md overlay-show ult-align-center btn-id-69e79271e658a5-45602836\" data-overlay-class=\"overlay-cornerbottomleft\">ZAM\u00d3W BEZP\u0141ATN\u0104 WYCEN\u0118<\/button><\/div>\n<div class=\"ult-overlay content-69e79271e658a5-45602836 \" data-class=\"content-69e79271e658a5-45602836\" id=\"button-click-overlay\" style=\"background:rgba(51,51,51,0.8); display:none;\">\n\t<div class=\"ult_modal ult-fade ult-medium\">\n\t\t<div id=\"ult-modal-wrap-9846\" class=\"ult_modal-content ult-hide\" style=\"border-style:solid;border-width:2px;border-radius:0px;border-color:#333333;\">\n\t\t\t<div class=\"ult_modal-header\" style=\"color:#333333;border-color:#333333;\">\n\t\t\t\t<h3  data-ultimate-target='#ult-modal-wrap-9846 .ult_modal-title'  data-responsive-json-new='{\"font-size\":\"\",\"line-height\":\"\"}'  class=\"ult_modal-title ult-responsive\">ZAM\u00d3W BEZP\u0141ATN\u0104 WYCEN\u0118<\/h3>\n\t\t\t<\/div>\n\t\t\t<div  data-ultimate-target='#ult-modal-wrap-9846 .ult_modal-body'  data-responsive-json-new='{\"font-size\":\"\",\"line-height\":\"\"}'  class=\"ult_modal-body ult-responsive ult-html\" style=\"\">\n\t\t\t[caldera_form id=&#8221;CF6149e02688efa&#8221;]\n\t\t\t<\/div>\n\t<\/div>\n\t<\/div>\n\t<div class=\"ult-overlay-close top-right\" style=\"width:80px;height:80px; \"><div class=\"ult-overlay-close-inside\">Close<\/div><\/div>\n<\/div>[\/vc_column_inner][\/vc_row_inner][\/vc_column][\/vc_row][vc_row wrap_container=&#8221;yes&#8221; css=&#8221;.vc_custom_1689256499740{margin-top: 15px !important;}&#8221; conditional_render=&#8221;%5B%7B%22value_role%22%3A%22administrator%22%7D%5D&#8221;][vc_column][vc_custom_heading text=&#8221;Cz\u0119sto zadawane pytania&#8221; font_container=&#8221;tag:h2|text_align:center|color:%23000000&#8243; use_theme_fonts=&#8221;yes&#8221;][vc_separator][vc_row_inner][vc_column_inner width=&#8221;7\/12&#8243;][vc_column_text]<\/p>\n<h3>Jakie s\u0105 korzy\u015bci wyboru Espamob do realizacji sta\u017cu Erasmus w dziedzinie produkcja zwierz\u0119ca?<\/h3>\n<p><span style=\"font-weight: 400;\">Interesem wyboru Espamob do realizacji sta\u017cu Erasmus w dziedzinie produkcji zwierz\u0119cej jest nasza specjalistyczna wiedza w tym obszarze. Posiadamy silne partnerstwa z przedsi\u0119biorstwami specjalizuj\u0105cymi si\u0119 w produkcji zwierz\u0119cej w Hiszpanii, co pozwala nam oferowa\u0107 wysokiej jako\u015bci mo\u017cliwo\u015bci sta\u017cowe dostosowane do Twoich potrzeb. Ponadto, nasz zesp\u00f3\u0142 b\u0119dzie Ci\u0119 wspiera\u0142 na ka\u017cdym etapie procesu, od tworzenia projektu po przyj\u0119cie na miejscu, zapewniaj\u0105c Ci satysfakcjonuj\u0105ce i udane do\u015bwiadczenie.<\/span><\/p>\n<h3>Jak Espamob pomaga grupom w znalezieniu finansowania na ich sta\u017c Erasmus w zakresie produkcja zwierz\u0119ca ?<\/h3>\n<p><span style=\"font-weight: 400;\">Espamob rozumie, \u017ce finansowanie mo\u017ce stanowi\u0107 przeszkod\u0119 dla niekt\u00f3rych grup, kt\u00f3re chc\u0105 odby\u0107 sta\u017c Erasmus w zakresie produkcji zwierz\u0119cej. Dlatego wspieramy Ci\u0119 w poszukiwaniach finansowania. Udost\u0119pnimy Ci informacje na temat r\u00f3\u017cnych dost\u0119pnych mo\u017cliwo\u015bci finansowania, takich jak stypendia Erasmus+ lub inne programy finansowania specyficzne dla dziedziny produkcji zwierz\u0119cej. Dodatkowo pomo\u017cemy Ci w przygotowaniu wniosk\u00f3w o finansowanie, dostarczaj\u0105c porad i zasob\u00f3w, aby zwi\u0119kszy\u0107 szanse na sukces.<\/span><\/p>\n<h3>Jak Espamob u\u0142atwia przyj\u0119cie grup w Hiszpanii na ich sta\u017c Erasmus w zakresie produkcja zwierz\u0119ca ?<\/h3>\n<p><span style=\"font-weight: 400;\">Espamob u\u0142atwia przyj\u0119cie grup w Hiszpanii, zajmuj\u0105c si\u0119 organizacj\u0105 logistyczn\u0105. Zajmujemy si\u0119 znalezieniem zakwaterowania dostosowanego do Twoich potrzeb i bud\u017cetu, czy to w akademiku, u rodziny goszcz\u0105cej czy w dzielonym mieszkaniu. Ponadto zapewnimy transfer z lotniska do miejsca zakwaterowania. W trakcie Twojego sta\u017cu pozostajemy do dyspozycji w razie potrzeby pomocy lub wsparcia. Naszym celem jest umo\u017cliwienie Ci skoncentrowania si\u0119 na do\u015bwiadczeniu sta\u017cu w produkcji zwierz\u0119cej, jednocze\u015bnie zapewniaj\u0105c komfortowe i bezpieczne przyj\u0119cie w Hiszpanii.<\/span>[\/vc_column_text][\/vc_column_inner][vc_column_inner width=&#8221;1\/12&#8243;][\/vc_column_inner][vc_column_inner width=&#8221;4\/12&#8243;][vc_single_image image=&#8221;15074&#8243; img_size=&#8221;full&#8221;][vc_column_text]<b>Dowiedz si\u0119 wi\u0119cej o r\u00f3\u017cnych miejscach przeznaczenia Erasmus+ w Hiszpanii:<\/b><\/p>\n<ul>\n<li style=\"font-weight: 400;\" aria-level=\"1\"><a href=\"https:\/\/espamob.com\/pl\/praktyki-zawodowe-erasmus\/rolnictwa-ogrodnictwie\/praktyki-erasmus-produkcja-roslin\/\"><span style=\"font-weight: 400;\">Sta\u017c Erasmus Produkcja ro\u015blin<\/span><\/a><\/li>\n<li style=\"font-weight: 400;\" aria-level=\"1\"><a href=\"https:\/\/espamob.com\/pl\/praktyki-zawodowe-erasmus\/rolnictwa-ogrodnictwie\/praktyki-erasmus-uprawa-warzyw\/\"><span style=\"font-weight: 400;\">Sta\u017c Erasmus Uprawa warzyw<\/span><\/a><\/li>\n<li style=\"font-weight: 400;\" aria-level=\"1\"><a href=\"https:\/\/espamob.com\/pl\/praktyki-zawodowe-erasmus\/rolnictwa-ogrodnictwie\/praktyki-erasmus-florystyki\/\"><span style=\"font-weight: 400;\">Sta\u017c Erasmus Florystyka\u00a0<\/span><\/a><\/li>\n<li style=\"font-weight: 400;\" aria-level=\"1\"><a href=\"https:\/\/espamob.com\/pl\/praktyki-zawodowe-erasmus\/rolnictwa-ogrodnictwie\/praktyki-erasmus-architektura-krajobrazu\/\"><span style=\"font-weight: 400;\">Sta\u017c Erasmus Architektura krajobrazu\u00a0<\/span><\/a><\/li>\n<li style=\"font-weight: 400;\" aria-level=\"1\"><a href=\"https:\/\/espamob.com\/pl\/praktyki-zawodowe-erasmus\/rolnictwa-ogrodnictwie\/praktyki-erasmus-mechanika\/\"><span style=\"font-weight: 400;\">Sta\u017c Erasmus Mechanika rolnicza<\/span><\/a><\/li>\n<li style=\"font-weight: 400;\" aria-level=\"1\"><a href=\"https:\/\/espamob.com\/pl\/praktyki-zawodowe-erasmus\/rolnictwa-ogrodnictwie\/praktyki-erasmus-hodowca-koni\/\"><span style=\"font-weight: 400;\">Sta\u017c Erasmus Hodowca koni<\/span><\/a><\/li>\n<li style=\"font-weight: 400;\" aria-level=\"1\"><a href=\"https:\/\/espamob.com\/pl\/praktyki-zawodowe-erasmus\/rolnictwa-ogrodnictwie\/praktyki-erasmus-kowalstwo\/\"><span style=\"font-weight: 400;\">Sta\u017c Erasmus Kowalstwo<\/span><\/a><\/li>\n<\/ul>\n<p>[\/vc_column_text][\/vc_column_inner][\/vc_row_inner][\/vc_column][\/vc_row]<\/p>\n<\/div>","protected":false},"excerpt":{"rendered":"<p>[vc_row css=&#8221;.vc_custom_1705948526936{margin-top: -20px !important;margin-bottom: 40px !important;background-image: url(https:\/\/espamob.com\/wp-content\/uploads\/2024\/01\/Produccion-animal.webp?id=22930) !important;}&#8221; conditional_render=&#8221;%5B%7B%22value_role%22%3A%22administrator%22%7D%5D&#8221;][vc_column css=&#8221;.vc_custom_1687965657482{padding-top: 30px !important;}&#8221; conditional_render=&#8221;%5B%7B%22value_role%22%3A%22administrator%22%7D%5D&#8221;][vc_empty_space height=&#8221;170&#8243;][vc_custom_heading text=&#8221;Praktyki Erasmus: Produkcja zwierz\u0119ca&#8221; font_container=&#8221;tag:h1|font_size:27|text_align:center|color:%23ffffff&#8221; use_theme_fonts=&#8221;yes&#8221; css=&#8221;.vc_custom_1706091377321{margin-bottom: 15px !important;background-color: rgba(136,136,136,0.29) !important;*background-color: rgb(136,136,136) !important;}&#8221; animation_type=&#8221;zoomIn&#8221;][vc_empty_space height=&#8221;40&#8243;][\/vc_column][\/vc_row][vc_row wrap_container=&#8221;yes&#8221; text_align=&#8221;justify&#8221;][vc_column text_align=&#8221;justify&#8221;][vc_column_text] Home Sektory sta\u017cowe Mobilno\u015b\u0107 w sektorze rolnictwa, architektury krajobrazu i je\u017adziectwa Praktyka zawodowa Erasmus: Produkcja zwierz\u0119ca [\/vc_column_text][vc_custom_heading text=&#8221;We\u017a udzia\u0142 w bogatym do\u015bwiadczeniu poprzez<\/p>\n","protected":false},"author":2,"featured_media":0,"parent":13168,"menu_order":0,"comment_status":"closed","ping_status":"closed","template":"","meta":{"footnotes":""},"class_list":["post-22956","page","type-page","status-publish","hentry"],"_links":{"self":[{"href":"https:\/\/espamob.com\/pl\/wp-json\/wp\/v2\/pages\/22956","targetHints":{"allow":["GET"]}}],"collection":[{"href":"https:\/\/espamob.com\/pl\/wp-json\/wp\/v2\/pages"}],"about":[{"href":"https:\/\/espamob.com\/pl\/wp-json\/wp\/v2\/types\/page"}],"author":[{"embeddable":true,"href":"https:\/\/espamob.com\/pl\/wp-json\/wp\/v2\/users\/2"}],"replies":[{"embeddable":true,"href":"https:\/\/espamob.com\/pl\/wp-json\/wp\/v2\/comments?post=22956"}],"version-history":[{"count":0,"href":"https:\/\/espamob.com\/pl\/wp-json\/wp\/v2\/pages\/22956\/revisions"}],"up":[{"embeddable":true,"href":"https:\/\/espamob.com\/pl\/wp-json\/wp\/v2\/pages\/13168"}],"wp:attachment":[{"href":"https:\/\/espamob.com\/pl\/wp-json\/wp\/v2\/media?parent=22956"}],"curies":[{"name":"wp","href":"https:\/\/api.w.org\/{rel}","templated":true}]}}