{"id":22765,"date":"2023-08-18T00:00:00","date_gmt":"2023-08-18T00:00:00","guid":{"rendered":"https:\/\/www.espamob.com\/praktyki-zawodowe-erasmus\/opieka-nad-osoba\/stage-erasmus-petite-enfance\/"},"modified":"2024-07-18T11:44:32","modified_gmt":"2024-07-18T11:44:32","slug":"praktyki-erasmus-wczesne-dziecinstwo","status":"publish","type":"page","link":"https:\/\/espamob.com\/pl\/praktyki-zawodowe-erasmus\/opieka-nad-osoba\/praktyki-erasmus-wczesne-dziecinstwo\/","title":{"rendered":"Stage Erasmus : Petite enfance"},"content":{"rendered":"<div class=\"wpb-content-wrapper\"><p>[vc_row css=&#8221;.vc_custom_1705342961713{margin-top: -20px !important;margin-bottom: 40px !important;background-image: url(https:\/\/espamob.com\/wp-content\/uploads\/2024\/01\/Primera-infancia.webp?id=22746) !important;}&#8221; conditional_render=&#8221;%5B%7B%22value_role%22%3A%22administrator%22%7D%5D&#8221;][vc_column css=&#8221;.vc_custom_1687965657482{padding-top: 30px !important;}&#8221; conditional_render=&#8221;%5B%7B%22value_role%22%3A%22administrator%22%7D%5D&#8221;][vc_empty_space height=&#8221;170&#8243;][vc_custom_heading text=&#8221;Praktyki Erasmus: Wczesne dzieci\u0144stwo&#8221; font_container=&#8221;tag:h1|font_size:27|text_align:center|color:%23ffffff&#8221; use_theme_fonts=&#8221;yes&#8221; css=&#8221;.vc_custom_1705521656378{margin-bottom: 15px !important;background-color: rgba(136,136,136,0.29) !important;*background-color: rgb(136,136,136) !important;}&#8221; animation_type=&#8221;zoomIn&#8221;][vc_empty_space height=&#8221;40&#8243;][\/vc_column][\/vc_row][vc_row wrap_container=&#8221;yes&#8221; text_align=&#8221;justify&#8221;][vc_column text_align=&#8221;justify&#8221;][vc_column_text]<\/p>\n<nav aria-label=\"breadcrumb\">\n<ol class=\"breadcrumb\">\n<li class=\"breadcrumb-item\"><a href=\"https:\/\/espamob.com\/pl\">Home<\/a><\/li>\n<li class=\"breadcrumb-item\"><a href=\"https:\/\/espamob.com\/pl\/praktyki-zawodowe-erasmus\">Sektory sta\u017cowe<\/a><\/li>\n<li class=\"breadcrumb-item active\" aria-current=\"page\"><a href=\"https:\/\/espamob.com\/pl\/praktyki-zawodowe-erasmus\/opieka-nad-osoba\/\">Mobilno\u015b\u0107 w sektorze us\u0142ug osobistych<\/a><\/li>\n<li class=\"breadcrumb-item active\" aria-current=\"page\">Praktyka zawodowa Erasmus: Wczesne dzieci\u0144stwo<\/li>\n<\/ol>\n<\/nav>\n<p>[\/vc_column_text][vc_custom_heading text=&#8221;Sta\u017c Erasmus w dziedzinie Edukacji wczesnoszkolnej: Wymiana i Nauka dla Przysz\u0142ych Profesjonalist\u00f3w<\/p>\n<p>&#8221; use_theme_fonts=&#8221;yes&#8221; css=&#8221;.vc_custom_1721302902879{margin-top: 20px !important;}&#8221;][vc_separator][vc_row_inner][vc_column_inner width=&#8221;7\/12&#8243;][vc_column_text]<span style=\"font-family: arial, sans-serif;\">Sektor wychowania wczesnoszkolnego jest w ci\u0105g\u0142ej transformacji, wymagaj\u0105c od profesjonalist\u00f3w sta\u0142ego dostosowywania si\u0119 do nowych metod pedagogicznych i zawsze zmieniaj\u0105cych si\u0119 potrzeb dzieci. Sta\u017c Erasmus w wychowaniu wczesnoszkolnym stanowi nieocenion\u0105 okazj\u0119 do rozwijania swoich umiej\u0119tno\u015bci i zdobycia mi\u0119dzynarodowego do\u015bwiadczenia.<\/span><\/p>\n<h2><span style=\"font-family: arial, sans-serif;\">Co to jest sta\u017c Erasmus w Wychowaniu wczesnoszkolnym?<\/span><\/h2>\n<p><span style=\"font-family: arial, sans-serif;\">Sta\u017c Erasmus w wychowaniu wczesnoszkolnym to okazja oferowana przez program Erasmus+ Unii Europejskiej, maj\u0105ca na celu wzbogacenie umiej\u0119tno\u015bci profesjonalist\u00f3w i student\u00f3w w dziedzinie edukacji i opieki nad ma\u0142ymi dzie\u0107mi. Ten sta\u017c pozwala uczestnikom na zdobycie do\u015bwiadczenia zawodowego za granic\u0105, w instytucjach specjalizuj\u0105cych si\u0119 w wychowaniu wczesnoszkolnym, takich jak \u017c\u0142obki, przedszkola i inne plac\u00f3wki edukacyjne.<\/span><\/p>\n<h3><span style=\"font-family: arial, sans-serif;\">Cele sta\u017cu Erasmus w dziedzinie edukacji wczesnoszkolnej<\/span><\/h3>\n<p><span style=\"font-family: arial, sans-serif;\">G\u0142\u00f3wne cele tego sta\u017cu Erasmus to:<\/span><\/p>\n<ul>\n<li><span style=\"font-family: arial, sans-serif;\">Promowanie wymiany dobrych praktyk mi\u0119dzy profesjonalistami w dziedzinie wychowania wczesnoszkolnego.<\/span><\/li>\n<li>Wzmocnienie wsp\u00f3\u0142pracy mi\u0119dzynarodowej w dziedzinie edukacji wczesnoszkolnej.<\/li>\n<li>Odkrywanie nowych podej\u015b\u0107 pedagogicznych i zapoznawanie si\u0119 z nowymi metodami.<\/li>\n<li>Zanurzenie si\u0119 w zr\u00f3\u017cnicowanych \u015brodowiskach edukacyjnych.<\/li>\n<\/ul>\n<h3><span style=\"font-family: arial, sans-serif;\">Finansowanie sta\u017cu Erasmus w edukacji wczesnoszkolnej<\/span><\/h3>\n<p><span style=\"font-family: arial, sans-serif;\">Bud\u017cet na sta\u017c Erasmus w edukacji wczesnoszkolnej jest finansowany przez program Erasmus+. Stypendium przyznawane instytucjom mo\u017ce si\u0119 r\u00f3\u017cni\u0107 w zale\u017cno\u015bci od kilku czynnik\u00f3w, takich jak kraj pochodzenia, kraj docelowy i czas trwania mobilno\u015bci. To same instytucje sk\u0142adaj\u0105 wnioski o stypendia na swoje projekty, aby pokry\u0107 zwi\u0105zane z nimi koszty.<\/span>[\/vc_column_text][\/vc_column_inner][vc_column_inner width=&#8221;1\/12&#8243;][\/vc_column_inner][vc_column_inner width=&#8221;4\/12&#8243;][vc_single_image image=&#8221;18281&#8243; img_size=&#8221;400*400&#8243; alignment=&#8221;right&#8221; style=&#8221;vc_box_rounded&#8221;][vc_btn title=&#8221;Zobacz wi\u0119cej&#8221; style=&#8221;custom&#8221; custom_background=&#8221;#e20000&#8243; custom_text=&#8221;#ffffff&#8221; align=&#8221;center&#8221; link=&#8221;url:https%3A%2F%2Fespamob.com%2Fpl%2Fkontakt-z-polskim-konsultantem|title:Kontakt|target:_blank&#8221;][vc_video link=&#8221;https:\/\/www.youtube.com\/watch?v=zXcmpSY-iHo&#8221; align=&#8221;center&#8221;][\/vc_column_inner][\/vc_row_inner][vc_custom_heading text=&#8221;Opinie na temat sta\u017cu Erasmus w Edukacji wczesnoszkolnej&#8221; font_container=&#8221;tag:h3|text_align:left&#8221; use_theme_fonts=&#8221;yes&#8221; css=&#8221;.vc_custom_1721302918644{margin-top: 20px !important;}&#8221;][vc_separator][vc_row_inner][vc_column_inner width=&#8221;7\/12&#8243;][vc_column_text]<span style=\"font-family: arial, sans-serif;\">Aby zilustrowa\u0107 mo\u017cliwo\u015bci oferowane przez sta\u017c Erasmus+ w Hiszpanii, przedstawiamy relacj\u0119 trzech francuskich uczennic specjalizuj\u0105cych si\u0119 w edukacji wczesnoszkolnej:<\/span><\/p>\n<h3><span style=\"font-family: arial, sans-serif;\">Profil uczennic<\/span><\/h3>\n<p><span style=\"font-family: arial, sans-serif;\">Poznajemy Oc\u00e9ane, Louise i Ma\u00eblysse, wszystkie trzy uczennice w liceum zawodowym o profilu Us\u0142ugi Spo\u0142eczne (fr. SAPAT)<\/span>. Dynamiczne i pasjonuj\u0105ce si\u0119 prac\u0105 z dzie\u0107mi, odby\u0142y sta\u017c w przedszkolu. Oto przegl\u0105d ich do\u015bwiadcze\u0144:<\/p>\n<h3><span style=\"font-family: arial, sans-serif;\">Miejsce sta\u017cu<\/span><\/h3>\n<p><span style=\"font-family: arial, sans-serif;\">W Barcelonie zesp\u00f3\u0142 Espamob umie\u015bci\u0142 te uczennice w przedszkolu na dwa tygodnie. Ta szko\u0142a by\u0142a gotowa je przyj\u0105\u0107, aby nauczy\u0107 je hiszpa\u0144skich praktyk pedagogicznych.<\/span><\/p>\n<h3><span style=\"font-family: arial, sans-serif;\">Zadania podczas sta\u017cu:<\/span><\/h3>\n<ul>\n<li><span style=\"font-family: arial, sans-serif;\">Pomoc nauczycielom w przygotowaniu i organizacji zaj\u0119\u0107 dydaktycznych.<\/span><\/li>\n<li>Zapewnienie dobrostanu dzieci.<\/li>\n<li>Udzia\u0142 w grach i zabawach z dzie\u0107mi.<\/li>\n<li>Pomoc dzieciom w rutynowych czynno\u015bciach higienicznych (mycie r\u0105k, szczotkowanie z\u0119b\u00f3w itp.).<\/li>\n<li>Pomoc w ubieraniu i rozbieraniu dzieci w razie potrzeby.<\/li>\n<\/ul>\n<h2><span style=\"font-family: arial, sans-serif;\">Korzy\u015bci ze sta\u017cu Erasmus w edukacji wczesnoszkolnej<\/span><\/h2>\n<p><span style=\"font-family: arial, sans-serif;\">Decyduj\u0105c si\u0119 na sta\u017c w Hiszpanii w ramach programu Erasmus+, mo\u017cna skorzysta\u0107 z wielu korzy\u015bci zawodowych i osobistych:<\/span><\/p>\n<ul>\n<li><span style=\"font-family: arial, sans-serif;\"><b>Nauka j\u0119zyka i kultury:<\/b> Studenci\/sta\u017cy\u015bci maj\u0105 mo\u017cliwo\u015b\u0107 praktykowania nowego j\u0119zyka i pog\u0142\u0119biania zrozumienia kultury innego \u015brodowiska i kraju.<\/span><\/li>\n<li><b style=\"font-family: arial, sans-serif;\">Ca\u0142kowite zanurzenie:<\/b><span style=\"font-family: arial, sans-serif;\"> Studenci\/sta\u017cy\u015bci korzystaj\u0105 z zupe\u0142nie innej praktyki za granic\u0105, gdzie styl \u017cycia i przebieg dnia r\u00f3\u017cni\u0105 si\u0119 w zale\u017cno\u015bci od kraju.\u00a0<\/span>W Hiszpanii b\u0119d\u0105 zaspokaja\u0107 potrzeby dzieci w spos\u00f3b inny ni\u017c praktykowany we Francji.<\/li>\n<li><b style=\"font-family: arial, sans-serif;\">Unikalne do\u015bwiadczenie za granic\u0105:<\/b><span style=\"font-family: arial, sans-serif;\">\u00a0Pozwala na wzmocnienie zdolno\u015bci adaptacyjnych i wyj\u015bcie ze strefy komfortu, te do\u015bwiadczenia sprzyjaj\u0105 dojrzewaniu i wzmacniaj\u0105 pewno\u015b\u0107 siebie.<\/span><\/li>\n<\/ul>\n<p>[\/vc_column_text][\/vc_column_inner][vc_column_inner width=&#8221;1\/12&#8243;][\/vc_column_inner][vc_column_inner width=&#8221;4\/12&#8243;][vc_raw_html]JTNDZGl2JTIwc3R5bGUlM0QlMjJwYWRkaW5nJTNBJTIwMzBweCUzQmJhY2tncm91bmQtY29sb3IlM0ElMjAlMjNGNEY0RjQlM0IlMjIlM0UlMEElMjAlMjAlMjAlMjAlM0NoNCUzRU9ka3J5aiUyMHdzenlzdGtpZSUyMHNla3RvcnklMjBwcmFrdHlrJTNDJTJGaDQlM0UlMEElMjAlMjAlMjAlMjAlM0NwJTNFRXNwYW1vYiUyMHNwZWNqYWxpenVqZSUyMHNpJUM0JTk5JTIwdyUyMHBvbWFnYW5pdSUyMGdydXBvbSUyMHclMjBtb2JpbG5vJUM1JTlCY2klMjB3JTIwcmFtYWNoJTIwcHJvZ3JhbXUlMjBFcmFzbXVzJTIwJTJCLiUyMERvd2llZHolMjBzaSVDNCU5OSUyMG8lMjB3c3p5c3RraWNoJTIwc2VrdG9yYWNoJTIwcHJha3R5ayUyMEVyYXNtdXMlMjB3JTIwSGlzenBhbmlpJTIwemElMjBwb21vYyVDNCU4NSUyMGtpbGt1JTIwa2xpa25pJUM0JTk5JUM0JTg3LiUzQyUyRnAlM0UlMEElMjAlMjAlMjAlMjAlM0NhJTIwY2xhc3MlM0QlMjJ2Y19nZW5lcmFsJTIwdmNfYnRuMyUyMHZjX2J0bjMtc2l6ZS1tZCUyMHZjX2J0bjMtc2hhcGUtZGVmYXVsdCUyMHZjX2J0bjMtc3R5bGUtY3VzdG9tJTIwd3BiX2N1c3RvbV82Njg3YjI2ZjM5NDg4ZGRiYjg1ZGRiM2MxY2U4ZTExMSUyMGJ0biUyMiUyMHN0eWxlJTNEJTIyYmFja2dyb3VuZC1jb2xvciUzQSUyM2UyMDAwMCUzQiUyMGNvbG9yJTNBJTIzZmZmZmZmJTNCJTIwYmFja2dyb3VuZC1jb2xvciUzQSUyM2UyMDAwMCUzQiUyMGNvbG9yJTNBJTIzZmZmZmZmJTNCJTIyJTIwaHJlZiUzRCUyMmh0dHBzJTNBJTJGJTJGd3d3LmVzcGFtb2IuY29tJTJGcGwlMkZwcmFrdHlraS16YXdvZG93ZS1lcmFzbXVzJTJGJTIyJTIwdGl0bGUlM0QlMjJTZWt0b3J5JTIwc3RhJUM1JUJDb3dlJTIyJTIwdGFyZ2V0JTNEJTIyX2JsYW5rJTIyJTNFT2RrcnlqJTIwc2VrdG9yeSUzQyUyRmElM0UlMEElM0MlMkZkaXYlM0U=[\/vc_raw_html][vc_custom_heading text=&#8221;Odkryj opinie uczestnik\u00f3w programu Erasmus +:&#8221; font_container=&#8221;tag:h3|text_align:left&#8221; use_theme_fonts=&#8221;yes&#8221; css=&#8221;.vc_custom_1705521758060{margin-top: 20px !important;}&#8221;][vc_separator][vc_video link=&#8221;https:\/\/www.youtube.com\/watch?v=u39dLh9GgdA&#8221; align=&#8221;center&#8221;][\/vc_column_inner][\/vc_row_inner][\/vc_column][\/vc_row][vc_row][vc_column][vc_column_text]<\/p>\n<p>[\/vc_column_text][\/vc_column][\/vc_row][vc_row full_width=&#8221;stretch_row&#8221; wrap_container=&#8221;yes&#8221; is_section=&#8221;yes&#8221; css=&#8221;.vc_custom_1705521772519{border-top-width: 0px !important;padding-top: 15px !important;padding-bottom: 15px !important;background-color: #f8f392 !important;}&#8221; conditional_render=&#8221;%5B%7B%22value_role%22%3A%22administrator%22%7D%5D&#8221;][vc_column][vc_row_inner css=&#8221;.vc_custom_1688548648248{background-color: #f8f392 !important;}&#8221;][vc_column_inner][vc_custom_heading text=&#8221;Popro\u015b o bezp\u0142atn\u0105 wycen\u0119&#8221; font_container=&#8221;tag:h2|text_align:center&#8221; use_theme_fonts=&#8221;yes&#8221;][vc_column_text]<\/p>\n<p style=\"text-align: justify;\">Masz pomys\u0142 na projekt Erasmus+ w Hiszpanii i szukasz zaufanej agencji, kt\u00f3ra Ci\u0119 wesprze?\u00a0<strong>Espamob<\/strong>\u2019 jest tutaj, aby Ci pom\u00f3c! Oferujemy bezp\u0142atn\u0105 i niezobowi\u0105zuj\u0105c\u0105 wycen\u0119, kt\u00f3ra pomo\u017ce Ci zarz\u0105dza\u0107 projektem mobilno\u015bci. Dzi\u0119ki naszemu do\u015bwiadczeniu i sieci firm partnerskich mo\u017cemy zaoferowa\u0107 spersonalizowane wsparcie, aby spe\u0142ni\u0107 Twoje specyficzne potrzeby. Skontaktuj si\u0119 z nami ju\u017c teraz, aby om\u00f3wi\u0107 sw\u00f3j projekt i otrzyma\u0107 bezp\u0142atn\u0105 wycen\u0119.<\/p>\n<p>[\/vc_column_text]<div id=\"modal-trg-txt-wrap-1220\" class=\"ult-modal-input-wrapper ult-adjust-bottom-margin    \" data-keypress-control=\"keypress-control-enable\" data-overlay-control=\"overlay-control-enable\"><style>\n\t\t\t\t\t.btn-modal.btn-id-69e7bf90aa6b97-92819504:hover {\n\t\t\t\t\t\tbackground-color: #e20000 !important;\n\t\t\t\t\t}\n\t\t\t\t\t<\/style><button  data-ultimate-target='#modal-trg-txt-wrap-1220 .btn-modal'  data-responsive-json-new='{\"font-size\":\"\",\"line-height\":\"\"}'  style=\"background:#888888;border-color:#888888;color:#ffffff; \" data-class-id=\"content-69e7bf90aa6b97-92819504\" class=\"btn-modal ult-responsive btn-primary btn-modal-md overlay-show ult-align-center btn-id-69e7bf90aa6b97-92819504\" data-overlay-class=\"overlay-cornerbottomleft\">ZAM\u00d3W BEZP\u0141ATN\u0104 WYCEN\u0118<\/button><\/div>\n<div class=\"ult-overlay content-69e7bf90aa6b97-92819504 \" data-class=\"content-69e7bf90aa6b97-92819504\" id=\"button-click-overlay\" style=\"background:rgba(51,51,51,0.8); display:none;\">\n\t<div class=\"ult_modal ult-fade ult-medium\">\n\t\t<div id=\"ult-modal-wrap-555\" class=\"ult_modal-content ult-hide\" style=\"border-style:solid;border-width:2px;border-radius:0px;border-color:#333333;\">\n\t\t\t<div class=\"ult_modal-header\" style=\"color:#333333;border-color:#333333;\">\n\t\t\t\t<h3  data-ultimate-target='#ult-modal-wrap-555 .ult_modal-title'  data-responsive-json-new='{\"font-size\":\"\",\"line-height\":\"\"}'  class=\"ult_modal-title ult-responsive\">ZAM\u00d3W BEZP\u0141ATN\u0104 WYCEN\u0118<\/h3>\n\t\t\t<\/div>\n\t\t\t<div  data-ultimate-target='#ult-modal-wrap-555 .ult_modal-body'  data-responsive-json-new='{\"font-size\":\"\",\"line-height\":\"\"}'  class=\"ult_modal-body ult-responsive ult-html\" style=\"\">\n\t\t\t<\/p>\n<p>[caldera_form id=&#8221;CF6149e02688efa&#8221;]<\/p>\n<p>\n\t\t\t<\/div>\n\t<\/div>\n\t<\/div>\n\t<div class=\"ult-overlay-close top-right\" style=\"width:80px;height:80px; \"><div class=\"ult-overlay-close-inside\">Close<\/div><\/div>\n<\/div>[\/vc_column_inner][\/vc_row_inner][\/vc_column][\/vc_row][vc_row wrap_container=&#8221;yes&#8221; css=&#8221;.vc_custom_1689256499740{margin-top: 15px !important;}&#8221; conditional_render=&#8221;%5B%7B%22value_role%22%3A%22administrator%22%7D%5D&#8221;][vc_column][vc_custom_heading text=&#8221;Cz\u0119sto zadawane pytania&#8221; font_container=&#8221;tag:h2|text_align:center|color:%23000000&#8243; use_theme_fonts=&#8221;yes&#8221;][vc_separator][vc_row_inner][vc_column_inner width=&#8221;7\/12&#8243;][vc_column_text]<\/p>\n<h3>Jakie s\u0105 korzy\u015bci z wyboru Espamob do realizacji sta\u017cu Erasmus w Wczesne dzieci\u0144stwoj?<\/h3>\n<p><span style=\"font-weight: 400;\">Wybieraj\u0105c Espamob do realizacji sta\u017cu Erasmus w w<\/span>czesne dzieci\u0144stwoj<span style=\"font-weight: 400;\">, korzystasz z do\u015bwiadczenia agencji specjalizuj\u0105cej si\u0119 we wsparciu grup w tej dziedzinie. Espamob pomaga w tworzeniu dostosowanego do Twoich potrzeb projektu, znajdowaniu odpowiednich \u017ar\u00f3de\u0142 finansowania oraz zapewnia przyj\u0119cie w wysokiej jako\u015bci plac\u00f3wkach edukacyjnych i firmach partnerskich. Ponadto Espamob zajmuje si\u0119 poszukiwaniem zakwaterowania na miejscu i organizacj\u0105 transportu z lotniska, aby zapewni\u0107 Ci beztroskie do\u015bwiadczenie.\u00a0<\/span><\/p>\n<h3>Jak Espamob pomaga w znalezieniu finansowania na sta\u017c Erasmus w <span style=\"font-weight: 400;\">w<\/span>czesne dzieci\u0144stwoj?<\/h3>\n<p><span style=\"font-weight: 400;\">Espamob dysponuje do\u015bwiadczonym zespo\u0142em ds. poszukiwania finansowania na sta\u017ce Erasmus. Agencja wspiera Ci\u0119 w przygotowywaniu wniosku o finansowanie oraz udziela wskaz\u00f3wek dotycz\u0105cych r\u00f3\u017cnych mo\u017cliwo\u015bci pozyskania \u015brodk\u00f3w, takich jak stypendia Erasmusa, dotacje Unii Europejskiej czy partnerstwa z firmami. Espamob podejmuje wszelkie dzia\u0142ania, aby pom\u00f3c Ci uzyska\u0107 niezb\u0119dne \u015brodki finansowe na realizacj\u0119 sta\u017cu.\u00a0<\/span><\/p>\n<h3>Jakie gwarancje oferuje Espamob na sta\u017c Erasmus w <span style=\"font-weight: 400;\">w<\/span>czesne dzieci\u0144stwoj?<\/h3>\n<p><span style=\"font-weight: 400;\">Espamob oferuje kilka gwarancji zapewniaj\u0105cych pomy\u015blny przebieg sta\u017cu Erasmus w dziedzinie edukacji wczesnoszkolnej. Agencja zobowi\u0105zuje si\u0119 towarzyszy\u0107 Ci od A do Z, zajmuj\u0105c si\u0119 wszystkimi aspektami logistycznymi Twojej mobilno\u015bci. Espamob wybiera zaufanych partner\u00f3w, takich jak uniwersytety i firmy specjalizuj\u0105ce si\u0119 w edukacji wczesnoszkolnej, aby zagwarantowa\u0107 Ci profesjonalne \u015brodowisko. Ponadto agencja zapewnia tak\u017ce monitoring Twojego sta\u017cu i pozostaje dost\u0119pna, aby odpowiada\u0107 na Twoje potrzeby i \u015bwiadczy\u0107 wsparcie przez ca\u0142e do\u015bwiadczenie.<\/span>[\/vc_column_text][\/vc_column_inner][vc_column_inner width=&#8221;1\/12&#8243;][\/vc_column_inner][vc_column_inner width=&#8221;4\/12&#8243;][vc_single_image image=&#8221;15074&#8243; img_size=&#8221;full&#8221;][vc_column_text]<b>Dowiedz si\u0119 wi\u0119cej o r\u00f3\u017cnych destynacjach Erasmus+ w Hiszpanii:<\/b><span style=\"font-weight: 400;\">\u00a0<\/span><\/p>\n<ul>\n<li style=\"font-weight: 400;\" aria-level=\"1\"><a href=\"https:\/\/espamob.com\/pl\/praktyki-zawodowe-erasmus\/opieka-nad-osoba\/praktyki-erasmus-opiekun-medyczny\/\"><span style=\"font-weight: 400;\">Praktyka Erasmus: Opiekun medyczny<\/span><\/a><\/li>\n<li style=\"font-weight: 400;\" aria-level=\"1\"><a href=\"https:\/\/espamob.com\/pl\/praktyki-zawodowe-erasmus\/opieka-nad-osoba\/praktyki-erasmus-pomoc-dla-osob-starszych\/\"><span style=\"font-weight: 400;\">Praktyka Erasmus: Pomoc dla os\u00f3b starszych<\/span><\/a><\/li>\n<li style=\"font-weight: 400;\" aria-level=\"1\"><a href=\"https:\/\/espamob.com\/pl\/praktyki-zawodowe-erasmus\/opieka-nad-osoba\/praktyki-erasmus-asystent-w-zlobku\/\"><span style=\"font-weight: 400;\">Praktyka Erasmus: Asystent w \u017c\u0142obku<\/span><\/a><\/li>\n<\/ul>\n<p>[\/vc_column_text][\/vc_column_inner][\/vc_row_inner][\/vc_column][\/vc_row]<\/p>\n<\/div>","protected":false},"excerpt":{"rendered":"<p>[vc_row css=&#8221;.vc_custom_1705342961713{margin-top: -20px !important;margin-bottom: 40px !important;background-image: url(https:\/\/espamob.com\/wp-content\/uploads\/2024\/01\/Primera-infancia.webp?id=22746) !important;}&#8221; conditional_render=&#8221;%5B%7B%22value_role%22%3A%22administrator%22%7D%5D&#8221;][vc_column css=&#8221;.vc_custom_1687965657482{padding-top: 30px !important;}&#8221; conditional_render=&#8221;%5B%7B%22value_role%22%3A%22administrator%22%7D%5D&#8221;][vc_empty_space height=&#8221;170&#8243;][vc_custom_heading text=&#8221;Praktyki Erasmus: Wczesne dzieci\u0144stwo&#8221; font_container=&#8221;tag:h1|font_size:27|text_align:center|color:%23ffffff&#8221; use_theme_fonts=&#8221;yes&#8221; css=&#8221;.vc_custom_1705521656378{margin-bottom: 15px !important;background-color: rgba(136,136,136,0.29) !important;*background-color: rgb(136,136,136) !important;}&#8221; animation_type=&#8221;zoomIn&#8221;][vc_empty_space height=&#8221;40&#8243;][\/vc_column][\/vc_row][vc_row wrap_container=&#8221;yes&#8221; text_align=&#8221;justify&#8221;][vc_column text_align=&#8221;justify&#8221;][vc_column_text] Home Sektory sta\u017cowe Mobilno\u015b\u0107 w sektorze us\u0142ug osobistych Praktyka zawodowa Erasmus: Wczesne dzieci\u0144stwo [\/vc_column_text][vc_custom_heading text=&#8221;Sta\u017c Erasmus w dziedzinie Edukacji wczesnoszkolnej: Wymiana i Nauka<\/p>\n","protected":false},"author":2,"featured_media":0,"parent":12818,"menu_order":0,"comment_status":"closed","ping_status":"closed","template":"","meta":{"footnotes":""},"class_list":["post-22765","page","type-page","status-publish","hentry"],"_links":{"self":[{"href":"https:\/\/espamob.com\/pl\/wp-json\/wp\/v2\/pages\/22765","targetHints":{"allow":["GET"]}}],"collection":[{"href":"https:\/\/espamob.com\/pl\/wp-json\/wp\/v2\/pages"}],"about":[{"href":"https:\/\/espamob.com\/pl\/wp-json\/wp\/v2\/types\/page"}],"author":[{"embeddable":true,"href":"https:\/\/espamob.com\/pl\/wp-json\/wp\/v2\/users\/2"}],"replies":[{"embeddable":true,"href":"https:\/\/espamob.com\/pl\/wp-json\/wp\/v2\/comments?post=22765"}],"version-history":[{"count":0,"href":"https:\/\/espamob.com\/pl\/wp-json\/wp\/v2\/pages\/22765\/revisions"}],"up":[{"embeddable":true,"href":"https:\/\/espamob.com\/pl\/wp-json\/wp\/v2\/pages\/12818"}],"wp:attachment":[{"href":"https:\/\/espamob.com\/pl\/wp-json\/wp\/v2\/media?parent=22765"}],"curies":[{"name":"wp","href":"https:\/\/api.w.org\/{rel}","templated":true}]}}