{"id":22761,"date":"2023-08-18T00:00:00","date_gmt":"2023-08-18T00:00:00","guid":{"rendered":"https:\/\/www.espamob.com\/praktyki-zawodowe-erasmus\/opieka-nad-osoba\/stage-erasmus-assistance-maternelle\/"},"modified":"2024-01-21T14:06:23","modified_gmt":"2024-01-21T14:06:23","slug":"praktyki-erasmus-asystent-w-zlobku","status":"publish","type":"page","link":"https:\/\/espamob.com\/pl\/praktyki-zawodowe-erasmus\/opieka-nad-osoba\/praktyki-erasmus-asystent-w-zlobku\/","title":{"rendered":"Stage Erasmus : Assistance maternelle"},"content":{"rendered":"<div class=\"wpb-content-wrapper\"><p>[vc_row css=&#8221;.vc_custom_1705342960376{margin-top: -20px !important;margin-bottom: 40px !important;background-image: url(https:\/\/espamob.com\/wp-content\/uploads\/2024\/01\/Asistencia-a-la-maternidad.webp?id=22741) !important;}&#8221; conditional_render=&#8221;%5B%7B%22value_role%22%3A%22administrator%22%7D%5D&#8221;][vc_column css=&#8221;.vc_custom_1687965657482{padding-top: 30px !important;}&#8221; conditional_render=&#8221;%5B%7B%22value_role%22%3A%22administrator%22%7D%5D&#8221;][vc_empty_space height=&#8221;170&#8243;][vc_custom_heading text=&#8221;Praktyka zawodowa Erasmus: Asystent w \u017c\u0142obku&#8221; font_container=&#8221;tag:h1|font_size:27|text_align:center|color:%23ffffff&#8221; use_theme_fonts=&#8221;yes&#8221; css=&#8221;.vc_custom_1705522244730{margin-bottom: 15px !important;background-color: rgba(136,136,136,0.29) !important;*background-color: rgb(136,136,136) !important;}&#8221; animation_type=&#8221;zoomIn&#8221;][vc_empty_space height=&#8221;40&#8243;][\/vc_column][\/vc_row][vc_row wrap_container=&#8221;yes&#8221; text_align=&#8221;justify&#8221;][vc_column text_align=&#8221;justify&#8221;][vc_column_text]<\/p>\n<nav aria-label=\"breadcrumb\">\n<ol class=\"breadcrumb\">\n<li class=\"breadcrumb-item\"><a href=\"https:\/\/espamob.com\/pl\">Home<\/a><\/li>\n<li class=\"breadcrumb-item\"><a href=\"https:\/\/espamob.com\/pl\/praktyki-zawodowe-erasmus\">Sektory sta\u017cowe<\/a><\/li>\n<li class=\"breadcrumb-item active\" aria-current=\"page\"><a href=\"https:\/\/espamob.com\/pl\/praktyki-zawodowe-erasmus\/opieka-nad-osoba\/\">Mobilno\u015b\u0107 w sektorze us\u0142ug osobistych<\/a><\/li>\n<li class=\"breadcrumb-item active\" aria-current=\"page\">Praktyka zawodowa Erasmus: Asystent w \u017c\u0142obku<\/li>\n<\/ol>\n<\/nav>\n<p>[\/vc_column_text][vc_custom_heading text=&#8221;Erasmus w roli asystenta w \u017c\u0142obku: bogate do\u015bwiadczenie&#8221; use_theme_fonts=&#8221;yes&#8221; css=&#8221;.vc_custom_1705522289078{margin-top: 20px !important;}&#8221;][vc_separator][vc_row_inner][vc_column_inner width=&#8221;7\/12&#8243;][vc_column_text]<span style=\"font-weight: 400;\">Program Erasmus jest znany z mo\u017cliwo\u015bci studiowania lub pracy za granic\u0105 dla student\u00f3w. Jedn\u0105 z opcji zdobycia do\u015bwiadczenia zawodowego w dziedzinie wczesnego dzieci\u0144stwa jest udzia\u0142 w <strong>programie Erasmus jako asystent w \u017c\u0142obku.<\/strong> Niniejszy artyku\u0142 przedstawia zadania i obowi\u0105zki oraz umiej\u0119tno\u015bci do rozwoju podczas tego sta\u017cu.<\/span><\/p>\n<h2>Obowi\u0105zki asystenta w \u017c\u0142obku<\/h2>\n<p><span style=\"font-weight: 400;\">Asystent w \u017c\u0142obku odgrywa wa\u017cn\u0105 rol\u0119 w rozwoju dzieci w wieku od 0 do 6 lat. Jego g\u0142\u00f3wne zadania to:<\/span><\/p>\n<ol>\n<li style=\"font-weight: 400;\" aria-level=\"1\"><span style=\"font-weight: 400;\">Przyjmowanie, nadzorowanie i opieka nad dzie\u0107mi.<\/span><\/li>\n<li style=\"font-weight: 400;\" aria-level=\"1\"><span style=\"font-weight: 400;\">Tworzenie bezpiecznego i dostosowanego do rozwoju \u015brodowiska dla dzieci.<\/span><\/li>\n<li style=\"font-weight: 400;\" aria-level=\"1\"><span style=\"font-weight: 400;\">Udzia\u0142 w pobudzaniu rozwoju psychoruchowego i emocjonalnego dzieci poprzez edukacyjne, zabawowe i kreatywne zaj\u0119cia.<\/span><\/li>\n<li style=\"font-weight: 400;\" aria-level=\"1\"><span style=\"font-weight: 400;\">Zapewnienie ich dobrobytu, w tym dbanie o higien\u0119 i \u017cywienie.<\/span><\/li>\n<li style=\"font-weight: 400;\" aria-level=\"1\"><span style=\"font-weight: 400;\">Wsp\u00f3\u0142praca z rodzicami i innymi profesjonalistami pracuj\u0105cymi z dzie\u0107mi (pedagodzy specjalni, psychologowie, itp.).<\/span><\/li>\n<\/ol>\n<p><span style=\"font-weight: 400;\">Nale\u017cy zaznaczy\u0107, \u017ce zadania asystenta w \u017c\u0142obku mog\u0105 si\u0119 r\u00f3\u017cni\u0107 w zale\u017cno\u015bci od kontekstu i specyfiki sta\u017cu Erasmusa. Niemniej jednak te obowi\u0105zki s\u0105 zazwyczaj wsp\u00f3lne dla opiekun\u00f3w do dzieci, niezale\u017cnie od kraju, w kt\u00f3rym odbywa si\u0119 sta\u017c.<\/span><\/p>\n<h2>Wymagane umiej\u0119tno\u015bci dla sta\u017cu jako asystent w \u017c\u0142obku<\/h2>\n<p><span style=\"font-weight: 400;\">Praktyki Erasmus jako asystent w \u017c\u0142obku wymagaj\u0105 posiadania szeregu umiej\u0119tno\u015bci i cech:<\/span><\/p>\n<ul>\n<li style=\"font-weight: 400;\" aria-level=\"1\"><span style=\"font-weight: 400;\"><strong>Troskliwo\u015b\u0107<\/strong>: opiekunka do dzieci musi by\u0107 w stanie zbudowa\u0107 bezpieczny zwi\u0105zek z dzie\u0107mi, oparty na zaufaniu i szacunku.\u00a0<\/span><\/li>\n<li style=\"font-weight: 400;\" aria-level=\"1\"><span style=\"font-weight: 400;\"><strong>Pedagogika<\/strong>: umiej\u0119tno\u015b\u0107 proponowania zaj\u0119\u0107 dostosowanych do potrzeb i poziomu rozwoju ka\u017cdego dziecka jest kluczowa. Sta\u017c umo\u017cliwi rozwini\u0119cie tej umiej\u0119tno\u015bci dzi\u0119ki r\u00f3\u017cnorodno\u015bci sytuacji.\u00a0<\/span><\/li>\n<li style=\"font-weight: 400;\" aria-level=\"1\"><span style=\"font-weight: 400;\"><strong>Elastyczno\u015b\u0107<\/strong>: wobec niespodziewanych sytuacji, opiekunka do dzieci musi umie\u0107 szybko i skutecznie reagowa\u0107, zachowuj\u0105c spok\u00f3j. Ta zdolno\u015b\u0107 b\u0119dzie szczeg\u00f3lnie wa\u017cna podczas sta\u017cu za granic\u0105.\u00a0<\/span><\/li>\n<li style=\"font-weight: 400;\" aria-level=\"1\"><span style=\"font-weight: 400;\"><strong>Komunikacja<\/strong>: wa\u017cne jest, aby m\u00f3c komunikowa\u0107 si\u0119 jasno i zrozumiale zar\u00f3wno z dzie\u0107mi, jak i ich rodzicami oraz innymi profesjonalistami zainteresowanymi dzie\u0107mi. Znajomo\u015b\u0107 j\u0119zyka kraju, w kt\u00f3rym odbywa si\u0119 sta\u017c, b\u0119dzie zatem kluczowa.<\/span><\/li>\n<\/ul>\n<h3>Praca w mi\u0119dzynarodowym kontek\u015bcie: korzy\u015bci ze sta\u017cu Erasmusa<\/h3>\n<p><span style=\"font-weight: 400;\">Uczestnictwo w sta\u017cu Erasmusa jako asystent w \u017c\u0142obku niesie ze sob\u0105 kilka istotnych korzy\u015bci:<\/span><\/p>\n<ol>\n<li style=\"font-weight: 400;\" aria-level=\"1\"><span style=\"font-weight: 400;\"><strong>Odkrywanie nowej kultury<\/strong>: zanurzenie si\u0119 w innym kraju pozwala poszerzy\u0107 horyzonty i wzbogaci\u0107 si\u0119 zar\u00f3wno pod wzgl\u0119dem osobistym, jak i zawodowym.<\/span><\/li>\n<li style=\"font-weight: 400;\" aria-level=\"1\"><span style=\"font-weight: 400;\"><strong>Poprawa umiej\u0119tno\u015bci j\u0119zykowych<\/strong>: codzienna praktyka j\u0119zyka kraju, w kt\u00f3rym odbywa si\u0119 sta\u017c, znacznie u\u0142atwia nauk\u0119 i opanowanie tego j\u0119zyka.<\/span><\/li>\n<li style=\"font-weight: 400;\" aria-level=\"1\"><span style=\"font-weight: 400;\"><strong>Rozwijanie sieci zawodowej:<\/strong> kontaktowanie si\u0119 z zagranicznymi profesjonalistami pozwala na wymian\u0119 do\u015bwiadcze\u0144 i nawi\u0105zywanie kontakt\u00f3w, kt\u00f3re mog\u0105 by\u0107 przydatne w przysz\u0142ej karierze.<\/span><\/li>\n<li style=\"font-weight: 400;\" aria-level=\"1\"><span style=\"font-weight: 400;\"><strong>Zdobycie do\u015bwiadczenia, cenionego przez pracodawc\u00f3w<\/strong>: sta\u017c za granic\u0105 jest cz\u0119sto postrzegany jako atut w CV, \u015bwiadcz\u0105cy o zdolno\u015bci adaptacji i otwarto\u015bci umys\u0142u.<\/span><\/li>\n<\/ol>\n<p>[\/vc_column_text][\/vc_column_inner][vc_column_inner width=&#8221;1\/12&#8243;][\/vc_column_inner][vc_column_inner width=&#8221;4\/12&#8243;][vc_single_image image=&#8221;18126&#8243; img_size=&#8221;400*400&#8243; alignment=&#8221;right&#8221; style=&#8221;vc_box_rounded&#8221;][vc_btn title=&#8221;Zobacz wi\u0119cej&#8221; style=&#8221;custom&#8221; custom_background=&#8221;#e20000&#8243; custom_text=&#8221;#ffffff&#8221; align=&#8221;center&#8221; link=&#8221;url:https%3A%2F%2Fespamob.com%2Fpl%2Fkontakt-z-polskim-konsultantem|title:Kontakt|target:_blank&#8221;][\/vc_column_inner][\/vc_row_inner][vc_custom_heading text=&#8221;Jak znale\u017a\u0107 praktyki Erasmus jako asystent w \u017c\u0142obku?&#8221; font_container=&#8221;tag:h3|text_align:left&#8221; use_theme_fonts=&#8221;yes&#8221; css=&#8221;.vc_custom_1705522440604{margin-top: 20px !important;}&#8221;][vc_separator][vc_row_inner][vc_column_inner width=&#8221;7\/12&#8243;][vc_column_text]<span style=\"font-weight: 400;\">Aby ubiega\u0107 si\u0119 o praktyki Erasmus jako asystent w \u017c\u0142obku, nale\u017cy podj\u0105\u0107 kilka krok\u00f3w:<\/span><\/p>\n<ol>\n<li style=\"font-weight: 400;\" aria-level=\"1\"><span style=\"font-weight: 400;\"><strong>Skontaktuj si\u0119 ze swoj\u0105 plac\u00f3wk\u0105 edukacyjn\u0105<\/strong>: szko\u0142y specjalizuj\u0105ce si\u0119 w edukacji wczesnoszkolnej mog\u0105 oferowa\u0107 partnerstwo z zagranicznymi instytucjami. Dlatego wa\u017cne jest, aby skonsultowa\u0107 si\u0119 z biurem ds. stosunk\u00f3w mi\u0119dzynarodowych.<\/span><\/li>\n<li style=\"font-weight: 400;\" aria-level=\"1\"><span style=\"font-weight: 400;\"><strong>Sprawd\u017a oferty na dedykowanych platformach<\/strong>: wiele stron internetowych gromadzi oferty sta\u017cy Erasmus w r\u00f3\u017cnych dziedzinach, w tym edukacji wczesnoszkolnej. Zaleca si\u0119 regularne sprawdzanie tych platform, aby nie przegapi\u0107 okazji.<\/span><\/li>\n<li style=\"font-weight: 400;\" aria-level=\"1\"><span style=\"font-weight: 400;\"><strong>Przygotuj swoje dokumenty aplikacyjne:<\/strong> wa\u017cne jest, aby starannie przygotowa\u0107 list motywacyjny i CV, skupiaj\u0105c si\u0119 na kompetencjach i do\u015bwiadczeniach zwi\u0105zanych z prac\u0105 jako opiekunka do dzieci.<\/span><\/li>\n<li style=\"font-weight: 400;\" aria-level=\"1\"><span style=\"font-weight: 400;\"><strong>Przygotuj si\u0119 do rozm\u00f3w kwalifikacyjnych<\/strong>: rozmowa, cz\u0119sto przeprowadzana za po\u015brednictwem wideokonferencji, pozwoli oceni\u0107 Tw\u00f3j poziom j\u0119zyka i oceni\u0107 motywacj\u0119 do odbycia sta\u017cu Erasmus.<\/span><\/li>\n<\/ol>\n<p><span style=\"font-weight: 400;\">W skr\u00f3cie, sta\u017c Erasmus jako asystent w \u017c\u0142obku to wzbogacaj\u0105ce do\u015bwiadczenie, kt\u00f3re pozwala zdoby\u0107 umiej\u0119tno\u015bci zawodowe, rozwija\u0107 elastyczno\u015b\u0107 i otwarto\u015b\u0107 umys\u0142u. Wa\u017cne jest odpowiednie przygotowanie si\u0119 przed rozpocz\u0119ciem, aby zmaksymalizowa\u0107 szanse powodzenia.<\/span>[\/vc_column_text][\/vc_column_inner][vc_column_inner width=&#8221;1\/12&#8243;][\/vc_column_inner][vc_column_inner width=&#8221;4\/12&#8243;][vc_raw_html]JTNDZGl2JTIwc3R5bGUlM0QlMjJwYWRkaW5nJTNBJTIwMzBweCUzQmJhY2tncm91bmQtY29sb3IlM0ElMjAlMjNGNEY0RjQlM0IlMjIlM0UlMEElMjAlMjAlMjAlMjAlM0NoNCUzRU9ka3J5aiUyMHdzenlzdGtpZSUyMHNla3RvcnklMjBwcmFrdHlrJTNDJTJGaDQlM0UlMEElMjAlMjAlMjAlMjAlM0NwJTNFRXNwYW1vYiUyMHNwZWNqYWxpenVqZSUyMHNpJUM0JTk5JTIwdyUyMHBvbWFnYW5pdSUyMGdydXBvbSUyMHclMjBtb2JpbG5vJUM1JTlCY2klMjB3JTIwcmFtYWNoJTIwcHJvZ3JhbXUlMjBFcmFzbXVzJTIwJTJCLiUyMERvd2llZHolMjBzaSVDNCU5OSUyMG8lMjB3c3p5c3RraWNoJTIwc2VrdG9yYWNoJTIwcHJha3R5ayUyMEVyYXNtdXMlMjB3JTIwSGlzenBhbmlpJTIwemElMjBwb21vYyVDNCU4NSUyMGtpbGt1JTIwa2xpa25pJUM0JTk5JUM0JTg3LiUzQyUyRnAlM0UlMEElMjAlMjAlMjAlMjAlM0NhJTIwY2xhc3MlM0QlMjJ2Y19nZW5lcmFsJTIwdmNfYnRuMyUyMHZjX2J0bjMtc2l6ZS1tZCUyMHZjX2J0bjMtc2hhcGUtZGVmYXVsdCUyMHZjX2J0bjMtc3R5bGUtY3VzdG9tJTIwd3BiX2N1c3RvbV82Njg3YjI2ZjM5NDg4ZGRiYjg1ZGRiM2MxY2U4ZTExMSUyMGJ0biUyMiUyMHN0eWxlJTNEJTIyYmFja2dyb3VuZC1jb2xvciUzQSUyM2UyMDAwMCUzQiUyMGNvbG9yJTNBJTIzZmZmZmZmJTNCJTIwYmFja2dyb3VuZC1jb2xvciUzQSUyM2UyMDAwMCUzQiUyMGNvbG9yJTNBJTIzZmZmZmZmJTNCJTIyJTIwaHJlZiUzRCUyMmh0dHBzJTNBJTJGJTJGd3d3LmVzcGFtb2IuY29tJTJGcGwlMkZwcmFrdHlraS16YXdvZG93ZS1lcmFzbXVzJTJGJTIyJTIwdGl0bGUlM0QlMjJTZWt0b3J5JTIwc3RhJUM1JUJDb3dlJTIyJTIwdGFyZ2V0JTNEJTIyX2JsYW5rJTIyJTNFT2RrcnlqJTIwc2VrdG9yeSUzQyUyRmElM0UlMEElM0MlMkZkaXYlM0U=[\/vc_raw_html][vc_custom_heading text=&#8221;Odkryj opinie uczestnik\u00f3w programu Erasmus +:&#8221; font_container=&#8221;tag:h3|text_align:left&#8221; use_theme_fonts=&#8221;yes&#8221; css=&#8221;.vc_custom_1705522498397{margin-top: 20px !important;}&#8221;][vc_separator][vc_video link=&#8221;https:\/\/www.youtube.com\/watch?v=Dx1jPHXroSQ&#8221; align=&#8221;center&#8221;][\/vc_column_inner][\/vc_row_inner][\/vc_column][\/vc_row][vc_row full_width=&#8221;stretch_row&#8221; wrap_container=&#8221;yes&#8221; is_section=&#8221;yes&#8221; css=&#8221;.vc_custom_1705522512052{border-top-width: 0px !important;padding-top: 15px !important;padding-bottom: 15px !important;background-color: #f8f392 !important;}&#8221; conditional_render=&#8221;%5B%7B%22value_role%22%3A%22administrator%22%7D%5D&#8221;][vc_column][vc_row_inner css=&#8221;.vc_custom_1688548648248{background-color: #f8f392 !important;}&#8221;][vc_column_inner][vc_custom_heading text=&#8221;Popro\u015b o bezp\u0142atn\u0105 wycen\u0119&#8221; font_container=&#8221;tag:h2|text_align:center&#8221; use_theme_fonts=&#8221;yes&#8221;][vc_column_text]<\/p>\n<p style=\"text-align: justify;\">Masz pomys\u0142 na projekt Erasmus+ w Hiszpanii i szukasz zaufanej agencji, kt\u00f3ra Ci\u0119 wesprze?\u00a0<strong>Espamob<\/strong>\u2019 jest tutaj, aby Ci pom\u00f3c! Oferujemy bezp\u0142atn\u0105 i niezobowi\u0105zuj\u0105c\u0105 wycen\u0119, kt\u00f3ra pomo\u017ce Ci zarz\u0105dza\u0107 projektem mobilno\u015bci. Dzi\u0119ki naszemu do\u015bwiadczeniu i sieci firm partnerskich mo\u017cemy zaoferowa\u0107 spersonalizowane wsparcie, aby spe\u0142ni\u0107 Twoje specyficzne potrzeby. Skontaktuj si\u0119 z nami ju\u017c teraz, aby om\u00f3wi\u0107 sw\u00f3j projekt i otrzyma\u0107 bezp\u0142atn\u0105 wycen\u0119.<\/p>\n<p>[\/vc_column_text]<div id=\"modal-trg-txt-wrap-4343\" class=\"ult-modal-input-wrapper ult-adjust-bottom-margin    \" data-keypress-control=\"keypress-control-enable\" data-overlay-control=\"overlay-control-enable\"><style>\n\t\t\t\t\t.btn-modal.btn-id-69e7a636b99af9-05337253:hover {\n\t\t\t\t\t\tbackground-color: #e20000 !important;\n\t\t\t\t\t}\n\t\t\t\t\t<\/style><button  data-ultimate-target='#modal-trg-txt-wrap-4343 .btn-modal'  data-responsive-json-new='{\"font-size\":\"\",\"line-height\":\"\"}'  style=\"background:#888888;border-color:#888888;color:#ffffff; \" data-class-id=\"content-69e7a636b99af9-05337253\" class=\"btn-modal ult-responsive btn-primary btn-modal-md overlay-show ult-align-center btn-id-69e7a636b99af9-05337253\" data-overlay-class=\"overlay-cornerbottomleft\">ZAM\u00d3W BEZP\u0141ATN\u0104 WYCEN\u0118<\/button><\/div>\n<div class=\"ult-overlay content-69e7a636b99af9-05337253 \" data-class=\"content-69e7a636b99af9-05337253\" id=\"button-click-overlay\" style=\"background:rgba(51,51,51,0.8); display:none;\">\n\t<div class=\"ult_modal ult-fade ult-medium\">\n\t\t<div id=\"ult-modal-wrap-365\" class=\"ult_modal-content ult-hide\" style=\"border-style:solid;border-width:2px;border-radius:0px;border-color:#333333;\">\n\t\t\t<div class=\"ult_modal-header\" style=\"color:#333333;border-color:#333333;\">\n\t\t\t\t<h3  data-ultimate-target='#ult-modal-wrap-365 .ult_modal-title'  data-responsive-json-new='{\"font-size\":\"\",\"line-height\":\"\"}'  class=\"ult_modal-title ult-responsive\">ZAM\u00d3W BEZP\u0141ATN\u0104 WYCEN\u0118<\/h3>\n\t\t\t<\/div>\n\t\t\t<div  data-ultimate-target='#ult-modal-wrap-365 .ult_modal-body'  data-responsive-json-new='{\"font-size\":\"\",\"line-height\":\"\"}'  class=\"ult_modal-body ult-responsive ult-html\" style=\"\">\n\t\t\t<\/p>\n<p>[caldera_form id=&#8221;CF6149e02688efa&#8221;]<\/p>\n<p>\n\t\t\t<\/div>\n\t<\/div>\n\t<\/div>\n\t<div class=\"ult-overlay-close top-right\" style=\"width:80px;height:80px; \"><div class=\"ult-overlay-close-inside\">Close<\/div><\/div>\n<\/div>[\/vc_column_inner][\/vc_row_inner][\/vc_column][\/vc_row][vc_row wrap_container=&#8221;yes&#8221; css=&#8221;.vc_custom_1689256499740{margin-top: 15px !important;}&#8221; conditional_render=&#8221;%5B%7B%22value_role%22%3A%22administrator%22%7D%5D&#8221;][vc_column][vc_custom_heading text=&#8221;Cz\u0119sto zadawane pytania&#8221; font_container=&#8221;tag:h2|text_align:center|color:%23000000&#8243; use_theme_fonts=&#8221;yes&#8221;][vc_separator][vc_row_inner][vc_column_inner width=&#8221;7\/12&#8243;][vc_column_text]<\/p>\n<h3>Jakie us\u0142ugi oferuje Espamob dla grup chc\u0105cych odby\u0107 sta\u017c Erasmus w Hiszpanii?<\/h3>\n<p><span style=\"font-weight: 400;\">\u00a0Espamob oferuje kompleksow\u0105 pomoc dla grup, kt\u00f3re chc\u0105 odby\u0107 sta\u017c Erasmus w Hiszpanii. Zarz\u0105dzaj\u0105 projektami od A do Z, pomagaj\u0105c w tworzeniu projektu, poszukiwaniu finansowania, przyj\u0119ciu w uniwersytetach i partneruj\u0105cych firmach, a tak\u017ce w znalezieniu zakwaterowania na miejscu oraz w odbiorze grup z lotniska.\u00a0<\/span><\/p>\n<h3>Jakie s\u0105 korzy\u015bci z korzystania z us\u0142ug Espamob przy realizacji sta\u017cu Erasmus w Hiszpanii?<\/h3>\n<p><span style=\"font-weight: 400;\">Korzystanie z us\u0142ug Espamob przy realizacji sta\u017cu Erasmus w Hiszpanii niesie za sob\u0105 wiele korzy\u015bci. Agencja zajmuje si\u0119 wszystkimi formalno\u015bciami administracyjnymi i logistycznymi, co pozwala grupom skoncentrowa\u0107 si\u0119 na swoim projekcie i do\u015bwiadczeniu za granic\u0105. Ponadto Espamob posiada sie\u0107 sprawdzonych i do\u015bwiadczonych partner\u00f3w, co gwarantuje wysokiej jako\u015bci do\u015bwiadczenie sta\u017cowe.\u00a0<\/span><\/p>\n<h3>Czy Espamob oferuje r\u00f3wnie\u017c pomoc dla sta\u017cy dla asystenta w \u017c\u0142obku?<\/h3>\n<p><span style=\"font-weight: 400;\">Tak, Espamob oferuje r\u00f3wnie\u017c pomoc dla sta\u017cy dla asystenta w \u017c\u0142obku. Agencja mo\u017ce pom\u00f3c grupom w znalezieniu partner\u00f3w biznesowych specjalizuj\u0105cych si\u0119 w tym obszarze, a tak\u017ce zorganizowa\u0107 przyj\u0119cie i wsparcie dla sta\u017cyst\u00f3w. Espamob dostosowuje si\u0119 do specyficznych potrzeb ka\u017cdej grupy i podejmuje wszelkie kroki, aby zapewni\u0107 wzbogacaj\u0105ce do\u015bwiadczenie sta\u017cowe zwi\u0105zane z opiek\u0105 nad dzie\u0107mi w Hiszpanii.<\/span>[\/vc_column_text][\/vc_column_inner][vc_column_inner width=&#8221;1\/12&#8243;][\/vc_column_inner][vc_column_inner width=&#8221;4\/12&#8243;][vc_single_image image=&#8221;15074&#8243; img_size=&#8221;full&#8221;][vc_column_text]<b>Dowiedz si\u0119 wi\u0119cej o r\u00f3\u017cnych destynacjach Erasmus+ w Hiszpanii:<\/b><span style=\"font-weight: 400;\">\u00a0<\/span><\/p>\n<ul>\n<li style=\"font-weight: 400;\" aria-level=\"1\"><a href=\"https:\/\/espamob.com\/pl\/praktyki-zawodowe-erasmus\/opieka-nad-osoba\/praktyki-erasmus-opiekun-medyczny\/\"><span style=\"font-weight: 400;\">Praktyka Erasmus: Opiekun medyczny<\/span><\/a><\/li>\n<li style=\"font-weight: 400;\" aria-level=\"1\"><a href=\"https:\/\/espamob.com\/pl\/praktyki-zawodowe-erasmus\/opieka-nad-osoba\/praktyki-erasmus-pomoc-dla-osob-starszych\/\"><span style=\"font-weight: 400;\">Praktyka Erasmus: Pomoc dla os\u00f3b starszych<\/span><\/a><\/li>\n<li style=\"font-weight: 400;\" aria-level=\"1\"><a href=\"https:\/\/espamob.com\/pl\/praktyki-zawodowe-erasmus\/opieka-nad-osoba\/praktyki-erasmus-wczesne-dziecinstwo\/\"><span style=\"font-weight: 400;\">Praktyka Erasmus: Edukacja wczesnoszkolna<\/span><\/a><\/li>\n<\/ul>\n<p>[\/vc_column_text][\/vc_column_inner][\/vc_row_inner][\/vc_column][\/vc_row]<\/p>\n<\/div>","protected":false},"excerpt":{"rendered":"<p>[vc_row css=&#8221;.vc_custom_1705342960376{margin-top: -20px !important;margin-bottom: 40px !important;background-image: url(https:\/\/espamob.com\/wp-content\/uploads\/2024\/01\/Asistencia-a-la-maternidad.webp?id=22741) !important;}&#8221; conditional_render=&#8221;%5B%7B%22value_role%22%3A%22administrator%22%7D%5D&#8221;][vc_column css=&#8221;.vc_custom_1687965657482{padding-top: 30px !important;}&#8221; conditional_render=&#8221;%5B%7B%22value_role%22%3A%22administrator%22%7D%5D&#8221;][vc_empty_space height=&#8221;170&#8243;][vc_custom_heading text=&#8221;Praktyka zawodowa Erasmus: Asystent w \u017c\u0142obku&#8221; font_container=&#8221;tag:h1|font_size:27|text_align:center|color:%23ffffff&#8221; use_theme_fonts=&#8221;yes&#8221; css=&#8221;.vc_custom_1705522244730{margin-bottom: 15px !important;background-color: rgba(136,136,136,0.29) !important;*background-color: rgb(136,136,136) !important;}&#8221; animation_type=&#8221;zoomIn&#8221;][vc_empty_space height=&#8221;40&#8243;][\/vc_column][\/vc_row][vc_row wrap_container=&#8221;yes&#8221; text_align=&#8221;justify&#8221;][vc_column text_align=&#8221;justify&#8221;][vc_column_text] Home Sektory sta\u017cowe Mobilno\u015b\u0107 w sektorze us\u0142ug osobistych Praktyka zawodowa Erasmus: Asystent w \u017c\u0142obku [\/vc_column_text][vc_custom_heading text=&#8221;Erasmus w roli asystenta w \u017c\u0142obku:<\/p>\n","protected":false},"author":2,"featured_media":0,"parent":12818,"menu_order":0,"comment_status":"closed","ping_status":"closed","template":"","meta":{"footnotes":""},"class_list":["post-22761","page","type-page","status-publish","hentry"],"_links":{"self":[{"href":"https:\/\/espamob.com\/pl\/wp-json\/wp\/v2\/pages\/22761","targetHints":{"allow":["GET"]}}],"collection":[{"href":"https:\/\/espamob.com\/pl\/wp-json\/wp\/v2\/pages"}],"about":[{"href":"https:\/\/espamob.com\/pl\/wp-json\/wp\/v2\/types\/page"}],"author":[{"embeddable":true,"href":"https:\/\/espamob.com\/pl\/wp-json\/wp\/v2\/users\/2"}],"replies":[{"embeddable":true,"href":"https:\/\/espamob.com\/pl\/wp-json\/wp\/v2\/comments?post=22761"}],"version-history":[{"count":0,"href":"https:\/\/espamob.com\/pl\/wp-json\/wp\/v2\/pages\/22761\/revisions"}],"up":[{"embeddable":true,"href":"https:\/\/espamob.com\/pl\/wp-json\/wp\/v2\/pages\/12818"}],"wp:attachment":[{"href":"https:\/\/espamob.com\/pl\/wp-json\/wp\/v2\/media?parent=22761"}],"curies":[{"name":"wp","href":"https:\/\/api.w.org\/{rel}","templated":true}]}}