{"id":22576,"date":"2023-08-14T00:00:00","date_gmt":"2023-08-14T00:00:00","guid":{"rendered":"https:\/\/www.espamob.com\/praktyki-zawodowe-erasmus\/btp\/stage-erasmus-plomberie\/"},"modified":"2024-03-04T22:46:29","modified_gmt":"2024-03-04T22:46:29","slug":"praktyki-erasmus-hydraulika","status":"publish","type":"page","link":"https:\/\/espamob.com\/pl\/praktyki-zawodowe-erasmus\/budowlanym\/praktyki-erasmus-hydraulika\/","title":{"rendered":"Stage Erasmus : Plomberie"},"content":{"rendered":"<div class=\"wpb-content-wrapper\"><p>[vc_row css=&#8221;.vc_custom_1705069641058{margin-top: -20px !important;margin-bottom: 40px !important;background-image: url(https:\/\/espamob.com\/wp-content\/uploads\/2024\/01\/Fontaneria.webp?id=22567) !important;}&#8221; conditional_render=&#8221;%5B%7B%22value_role%22%3A%22administrator%22%7D%5D&#8221;][vc_column css=&#8221;.vc_custom_1687965657482{padding-top: 30px !important;}&#8221; conditional_render=&#8221;%5B%7B%22value_role%22%3A%22administrator%22%7D%5D&#8221;][vc_empty_space height=&#8221;170&#8243;][vc_custom_heading text=&#8221;Praktyki Erasmus: Hydraulika&#8221; font_container=&#8221;tag:h1|font_size:27|text_align:center|color:%23ffffff&#8221; use_theme_fonts=&#8221;yes&#8221; css=&#8221;.vc_custom_1705077826859{margin-bottom: 15px !important;background-color: rgba(136,136,136,0.29) !important;*background-color: rgb(136,136,136) !important;}&#8221; animation_type=&#8221;zoomIn&#8221;][vc_empty_space height=&#8221;40&#8243;][\/vc_column][\/vc_row][vc_row wrap_container=&#8221;yes&#8221; text_align=&#8221;justify&#8221;][vc_column text_align=&#8221;justify&#8221;][vc_column_text]<\/p>\n<nav aria-label=\"breadcrumb\">\n<ol class=\"breadcrumb\">\n<li class=\"breadcrumb-item\"><a href=\"https:\/\/espamob.com\/pl\">Home<\/a><\/li>\n<li class=\"breadcrumb-item\"><a href=\"https:\/\/espamob.com\/pl\/praktyki-zawodowe-erasmus\">Sektory sta\u017cowe<\/a><\/li>\n<li class=\"breadcrumb-item active\" aria-current=\"page\"><a href=\"https:\/\/espamob.com\/pl\/praktyki-zawodowe-erasmus\/btp\/\">Mobilno\u015b\u0107 w sektorze budowlanym<\/a><\/li>\n<li class=\"breadcrumb-item active\" aria-current=\"page\">Praktyka zawodowa Erasmus: Hydraulika<\/li>\n<\/ol>\n<\/nav>\n<p>[\/vc_column_text][vc_custom_heading text=&#8221;Praktyka zawodowa Erasmus Hydraulika: Wzbogacaj\u0105ce do\u015bwiadczenie&#8221; use_theme_fonts=&#8221;yes&#8221; css=&#8221;.vc_custom_1705077858466{margin-top: 20px !important;}&#8221;][vc_separator][vc_row_inner][vc_column_inner width=&#8221;7\/12&#8243;][vc_column_text]<span style=\"font-weight: 400;\"><strong>Program Erasmus+ Hydraulika<\/strong> oferuje unikaln\u0105 okazj\u0119 uczniom i profesjonalistom z bran\u017cy hydraulicznej. Ten program umo\u017cliwia zdobycie nowych umiej\u0119tno\u015bci i odkrycie r\u00f3\u017cnych metod pracy, zag\u0142\u0119biaj\u0105c si\u0119 w serce pracy w budownictwie za granic\u0105. W tym artykule poznasz korzy\u015bci z tego niezwyk\u0142ego do\u015bwiadczenia i dowiesz si\u0119, jak zoptymalizowa\u0107 sw\u00f3j sta\u017c, aby czerpa\u0107 z niego maksymalne korzy\u015bci.<\/span><\/p>\n<h2>Wszechstronna i wysokiej jako\u015bci nauka<\/h2>\n<p><span style=\"font-weight: 400;\">Erasmus+ Hydraulika zapewnia uczestnikom wysokiej jako\u015bci szkolenie, umo\u017cliwiaj\u0105c zdobycie specjalistycznych umiej\u0119tno\u015bci w r\u00f3\u017cnych obszarach bran\u017cy hydraulicznej. W\u015br\u00f3d tych obszar\u00f3w znajduj\u0105 si\u0119 m.in.:<\/span><\/p>\n<ul>\n<li style=\"font-weight: 400;\" aria-level=\"1\"><span style=\"font-weight: 400;\"><strong>Instalacje sanitarne<\/strong>: monta\u017c i konserwacja rur, przy\u0142\u0105cza i urz\u0105dze\u0144 sanitarnych<\/span><\/li>\n<li style=\"font-weight: 400;\" aria-level=\"1\"><span style=\"font-weight: 400;\"><strong>Ogrzewanie<\/strong>: instalacja, regulacja i konserwacja system\u00f3w centralnego ogrzewania oraz urz\u0105dze\u0144 klimatyzacyjnych<\/span><\/li>\n<li style=\"font-weight: 400;\" aria-level=\"1\"><span style=\"font-weight: 400;\"><strong>Blacharstwo<\/strong>: praca z cynkiem i innymi metalami do produkcji rynien, rur spustowych i element\u00f3w pokrycia<\/span><\/li>\n<li style=\"font-weight: 400;\" aria-level=\"1\"><span style=\"font-weight: 400;\"><strong>Zarz\u0105dzanie wod\u0105<\/strong>: projektowanie, instalacja i konserwacja system\u00f3w zaopatrzenia, uzdatniania i odprowadzania wody<\/span><\/li>\n<\/ul>\n<p><span style=\"font-weight: 400;\">Sta\u017c umo\u017cliwia praktyczne zastosowanie zdobytej wiedzy pod okiem do\u015bwiadczonych profesjonalist\u00f3w.<\/span><\/p>\n<h2>Wzbogacaj\u0105ce do\u015bwiadczenie mi\u0119dzynarodowe<\/h2>\n<p><span style=\"font-weight: 400;\">Program Erasmus+ umo\u017cliwia uczestnikom odbycie sta\u017cu w firmie zlokalizowanej w jednym z kraj\u00f3w cz\u0142onkowskich Unii Europejskiej. To mi\u0119dzynarodowe do\u015bwiadczenie niesie ze sob\u0105 liczne korzy\u015bci:<\/span><\/p>\n<h3>Poznanie nowych metod pracy<\/h3>\n<p><span style=\"font-weight: 400;\">Sta\u017c za granic\u0105 to wyj\u0105tkowa okazja do poznania, w jaki spos\u00f3b bran\u017ca hydrauliczna funkcjonuje w innych krajach i otwarcia si\u0119 na nowe techniki pracy. Uczestnicy mog\u0105 nauczy\u0107 si\u0119 nowych metod i narz\u0119dzi, kt\u00f3re b\u0119d\u0105 mogli p\u00f3\u017aniej wykorzysta\u0107 w swojej karierze zawodowej.<\/span><\/p>\n<h3>Poprawa umiej\u0119tno\u015bci j\u0119zykowych<\/h3>\n<p><span style=\"font-weight: 400;\">Praca w obcym kraju zazwyczaj wi\u0105\u017ce si\u0119 z konieczno\u015bci\u0105 zaznajomienia si\u0119 z j\u0119zykiem innym ni\u017c j\u0119zyk ojczysty. Sta\u017c Erasmus+ Hydraulika to doskona\u0142a okazja do poprawy umiej\u0119tno\u015bci j\u0119zykowych, co stanowi cenny atut na rynku pracy.<\/span><\/p>\n<h3>Budowanie mi\u0119dzynarodowej sieci zawodowej<\/h3>\n<p><span style=\"font-weight: 400;\">Odbywaj\u0105c sta\u017c za granic\u0105, uczestnicy maj\u0105 okazj\u0119 spotka\u0107 profesjonalist\u00f3w z bran\u017cy hydraulicznej z r\u00f3\u017cnych cz\u0119\u015bci \u015bwiata. To pozwala na nawi\u0105zywanie kontakt\u00f3w i budowanie mi\u0119dzynarodowej sieci zawodowej, kt\u00f3ra mo\u017ce okaza\u0107 si\u0119 przydatna przez ca\u0142\u0105 karier\u0119 zawodow\u0105.<\/span>[\/vc_column_text][\/vc_column_inner][vc_column_inner width=&#8221;1\/12&#8243;][\/vc_column_inner][vc_column_inner width=&#8221;4\/12&#8243;][vc_single_image image=&#8221;18286&#8243; img_size=&#8221;400*400&#8243; alignment=&#8221;right&#8221; style=&#8221;vc_box_rounded&#8221;][vc_btn title=&#8221;Zobacz wi\u0119cej&#8221; style=&#8221;custom&#8221; custom_background=&#8221;#e20000&#8243; custom_text=&#8221;#ffffff&#8221; align=&#8221;center&#8221; link=&#8221;url:https%3A%2F%2Fespamob.com%2Fpl%2Fkontakt-z-polskim-konsultantem|title:Kontakt|target:_blank&#8221;][\/vc_column_inner][\/vc_row_inner][vc_custom_heading text=&#8221;Jak osi\u0105gn\u0105\u0107 sukces podczas sta\u017cu Erasmus+ Hydraulika?&#8221; font_container=&#8221;tag:h3|text_align:left&#8221; use_theme_fonts=&#8221;yes&#8221; css=&#8221;.vc_custom_1705077963291{margin-top: 20px !important;}&#8221;][vc_separator][vc_row_inner][vc_column_inner width=&#8221;7\/12&#8243;][vc_column_text]Aby jak najlepiej wykorzysta\u0107 to do\u015bwiadczenie, b\u0105d\u017acie aktywni i dobrze przygotowani. Oto kilka przydatnych wskaz\u00f3wek:<\/p>\n<p><strong>\u2022 Zbadaj firm\u0119 przyjmuj\u0105c\u0105:<\/strong> Dowiedz si\u0119 o ich g\u0142\u00f3wnych dzia\u0142aniach i projektach.<br \/>\n<strong>\u2022 Przygotuj si\u0119 do wyjazdu<\/strong>: Upewnij si\u0119, \u017ce masz wszystkie niezb\u0119dne dokumenty (paszport, wiza, umowa o praktyk\u0119 itp.) i zapoznaj si\u0119 z formalno\u015bciami do za\u0142atwienia przed przyjazdem do kraju przyjmuj\u0105cego.<br \/>\n<strong>\u2022 Dostosuj si\u0119 do lokalnej kultury<\/strong>: Ka\u017cdy kraj ma swoj\u0105 w\u0142asn\u0105 kultur\u0119 i specyfik\u0119. Dowiedz si\u0119 o lokalnych zwyczajach i b\u0105d\u017a otwarty na nowe sposoby \u017cycia i pracy.<br \/>\n<strong>\u2022 B\u0105d\u017a ciekawym i zmotywowanym:<\/strong> Nie wahaj si\u0119 zadawa\u0107 pyta\u0144, aby wykaza\u0107 zainteresowanie zawodem.<\/p>\n<p>Podsumowuj\u0105c, sta\u017c Erasmus w dziedzinie hydrauliki oferuje wyj\u0105tkow\u0105 okazj\u0119 dla student\u00f3w i profesjonalist\u00f3w w tej dziedzinie. Pozwala im zdoby\u0107 nowe umiej\u0119tno\u015bci, odkry\u0107 r\u00f3\u017cne podej\u015bcia do pracy i rozwija\u0107 sie\u0107 kontakt\u00f3w zawodowych na skal\u0119 mi\u0119dzynarodow\u0105. Aby jak najlepiej wykorzysta\u0107 to warto\u015bciowe do\u015bwiadczenie, konieczne s\u0105 dok\u0142adne przygotowania i ciekawa, zmotywowana postawa przez ca\u0142y okres sta\u017cu.<\/p>\n<p><strong><u>Powr\u00f3t do do\u015bwiadczenia Edouard i Wiktor:<\/u><\/strong><\/p>\n<p>Ci studenci sp\u0119dzili dwa tygodnie na sta\u017cu Erasmus+ w firmie hydraulicznej w Barcelonie, gdzie wykonywali r\u00f3\u017cne zadania, takie jak instalacja brodzika, klimatyzacji, bojlera i pod\u0142\u0105czanie wody. To do\u015bwiadczenie pozwoli\u0142o im odkry\u0107 nowe techniki i nauczy\u0107 si\u0119 nowego j\u0119zyka, wychodz\u0105c poza swoj\u0105 stref\u0119 komfortu. Podsumowuj\u0105c, ten sta\u017c by\u0142 bardzo warto\u015bciowy dla tych m\u0142odych os\u00f3b.[\/vc_column_text][\/vc_column_inner][vc_column_inner width=&#8221;1\/12&#8243;][\/vc_column_inner][vc_column_inner width=&#8221;4\/12&#8243;][vc_raw_html]JTNDZGl2JTIwc3R5bGUlM0QlMjJwYWRkaW5nJTNBJTIwMzBweCUzQmJhY2tncm91bmQtY29sb3IlM0ElMjAlMjNGNEY0RjQlM0IlMjIlM0UlMEElMjAlMjAlMjAlMjAlM0NoNCUzRU9ka3J5aiUyMHdzenlzdGtpZSUyMHNla3RvcnklMjBwcmFrdHlrJTNDJTJGaDQlM0UlMEElMjAlMjAlMjAlMjAlM0NwJTNFRXNwYW1vYiUyMHNwZWNqYWxpenVqZSUyMHNpJUM0JTk5JTIwdyUyMHBvbWFnYW5pdSUyMGdydXBvbSUyMHclMjBtb2JpbG5vJUM1JTlCY2klMjB3JTIwcmFtYWNoJTIwcHJvZ3JhbXUlMjBFcmFzbXVzJTIwJTJCLiUyMERvd2llZHolMjBzaSVDNCU5OSUyMG8lMjB3c3p5c3RraWNoJTIwc2VrdG9yYWNoJTIwcHJha3R5ayUyMEVyYXNtdXMlMjB3JTIwSGlzenBhbmlpJTIwemElMjBwb21vYyVDNCU4NSUyMGtpbGt1JTIwa2xpa25pJUM0JTk5JUM0JTg3LiUzQyUyRnAlM0UlMEElMjAlMjAlMjAlMjAlM0NhJTIwY2xhc3MlM0QlMjJ2Y19nZW5lcmFsJTIwdmNfYnRuMyUyMHZjX2J0bjMtc2l6ZS1tZCUyMHZjX2J0bjMtc2hhcGUtZGVmYXVsdCUyMHZjX2J0bjMtc3R5bGUtY3VzdG9tJTIwd3BiX2N1c3RvbV82Njg3YjI2ZjM5NDg4ZGRiYjg1ZGRiM2MxY2U4ZTExMSUyMGJ0biUyMiUyMHN0eWxlJTNEJTIyYmFja2dyb3VuZC1jb2xvciUzQSUyM2UyMDAwMCUzQiUyMGNvbG9yJTNBJTIzZmZmZmZmJTNCJTIwYmFja2dyb3VuZC1jb2xvciUzQSUyM2UyMDAwMCUzQiUyMGNvbG9yJTNBJTIzZmZmZmZmJTNCJTIyJTIwaHJlZiUzRCUyMmh0dHBzJTNBJTJGJTJGd3d3LmVzcGFtb2IuY29tJTJGcGwlMkZwcmFrdHlraS16YXdvZG93ZS1lcmFzbXVzJTJGJTIyJTIwdGl0bGUlM0QlMjJTZWt0b3J5JTIwc3RhJUM1JUJDb3dlJTIyJTIwdGFyZ2V0JTNEJTIyX2JsYW5rJTIyJTNFT2RrcnlqJTIwc2VrdG9yeSUzQyUyRmElM0UlMEElM0MlMkZkaXYlM0U=[\/vc_raw_html][vc_custom_heading text=&#8221;Odkryj opinie uczestnik\u00f3w programu Erasmus +:&#8221; font_container=&#8221;tag:h3|text_align:left&#8221; use_theme_fonts=&#8221;yes&#8221;][vc_video link=&#8221;https:\/\/www.youtube.com\/watch?v=Xp8mBRc69BU&#8221;][\/vc_column_inner][\/vc_row_inner][\/vc_column][\/vc_row][vc_row full_width=&#8221;stretch_row&#8221; wrap_container=&#8221;yes&#8221; is_section=&#8221;yes&#8221; css=&#8221;.vc_custom_1705078031343{border-top-width: 0px !important;padding-top: 15px !important;padding-bottom: 15px !important;background-color: #f8f392 !important;}&#8221; conditional_render=&#8221;%5B%7B%22value_role%22%3A%22administrator%22%7D%5D&#8221;][vc_column][vc_row_inner css=&#8221;.vc_custom_1688548648248{background-color: #f8f392 !important;}&#8221;][vc_column_inner][vc_custom_heading text=&#8221;Popro\u015b o bezp\u0142atn\u0105 wycen\u0119&#8221; font_container=&#8221;tag:h2|text_align:center&#8221; use_theme_fonts=&#8221;yes&#8221;][vc_column_text]<\/p>\n<p style=\"text-align: justify;\">Masz pomys\u0142 na projekt Erasmus+ w Hiszpanii i szukasz zaufanej agencji, kt\u00f3ra Ci\u0119 wesprze?\u00a0<strong>Espamob<\/strong>\u2019 jest tutaj, aby Ci pom\u00f3c! Oferujemy bezp\u0142atn\u0105 i niezobowi\u0105zuj\u0105c\u0105 wycen\u0119, kt\u00f3ra pomo\u017ce Ci zarz\u0105dza\u0107 projektem mobilno\u015bci. Dzi\u0119ki naszemu do\u015bwiadczeniu i sieci firm partnerskich mo\u017cemy zaoferowa\u0107 spersonalizowane wsparcie, aby spe\u0142ni\u0107 Twoje specyficzne potrzeby. Skontaktuj si\u0119 z nami ju\u017c teraz, aby om\u00f3wi\u0107 sw\u00f3j projekt i otrzyma\u0107 bezp\u0142atn\u0105 wycen\u0119.<\/p>\n<p>[\/vc_column_text]<div id=\"modal-trg-txt-wrap-1517\" class=\"ult-modal-input-wrapper ult-adjust-bottom-margin    \" data-keypress-control=\"keypress-control-enable\" data-overlay-control=\"overlay-control-enable\"><style>\n\t\t\t\t\t.btn-modal.btn-id-69e7af0f77cfa6-62009840:hover {\n\t\t\t\t\t\tbackground-color: #e20000 !important;\n\t\t\t\t\t}\n\t\t\t\t\t<\/style><button  data-ultimate-target='#modal-trg-txt-wrap-1517 .btn-modal'  data-responsive-json-new='{\"font-size\":\"\",\"line-height\":\"\"}'  style=\"background:#888888;border-color:#888888;color:#ffffff; \" data-class-id=\"content-69e7af0f77cfa6-62009840\" class=\"btn-modal ult-responsive btn-primary btn-modal-md overlay-show ult-align-center btn-id-69e7af0f77cfa6-62009840\" data-overlay-class=\"overlay-cornerbottomleft\">ZAM\u00d3W BEZP\u0141ATN\u0104 WYCEN\u0118<\/button><\/div>\n<div class=\"ult-overlay content-69e7af0f77cfa6-62009840 \" data-class=\"content-69e7af0f77cfa6-62009840\" id=\"button-click-overlay\" style=\"background:rgba(51,51,51,0.8); display:none;\">\n\t<div class=\"ult_modal ult-fade ult-medium\">\n\t\t<div id=\"ult-modal-wrap-1418\" class=\"ult_modal-content ult-hide\" style=\"border-style:solid;border-width:2px;border-radius:0px;border-color:#333333;\">\n\t\t\t<div class=\"ult_modal-header\" style=\"color:#333333;border-color:#333333;\">\n\t\t\t\t<h3  data-ultimate-target='#ult-modal-wrap-1418 .ult_modal-title'  data-responsive-json-new='{\"font-size\":\"\",\"line-height\":\"\"}'  class=\"ult_modal-title ult-responsive\">ZAM\u00d3W BEZP\u0141ATN\u0104 WYCEN\u0118<\/h3>\n\t\t\t<\/div>\n\t\t\t<div  data-ultimate-target='#ult-modal-wrap-1418 .ult_modal-body'  data-responsive-json-new='{\"font-size\":\"\",\"line-height\":\"\"}'  class=\"ult_modal-body ult-responsive ult-html\" style=\"\">\n\t\t\t<\/p>\n<p>[caldera_form id=&#8221;CF6149e02688efa&#8221;]<\/p>\n<p>\n\t\t\t<\/div>\n\t<\/div>\n\t<\/div>\n\t<div class=\"ult-overlay-close top-right\" style=\"width:80px;height:80px; \"><div class=\"ult-overlay-close-inside\">Close<\/div><\/div>\n<\/div>[\/vc_column_inner][\/vc_row_inner][\/vc_column][\/vc_row][vc_row wrap_container=&#8221;yes&#8221; css=&#8221;.vc_custom_1689256499740{margin-top: 15px !important;}&#8221; conditional_render=&#8221;%5B%7B%22value_role%22%3A%22administrator%22%7D%5D&#8221;][vc_column][vc_custom_heading text=&#8221;Pytania cz\u0119sto zadawane&#8221; font_container=&#8221;tag:h2|text_align:center|color:%23000000&#8243; use_theme_fonts=&#8221;yes&#8221;][vc_separator][vc_row_inner][vc_column_inner width=&#8221;7\/12&#8243;][vc_column_text]<\/p>\n<h3>Jakie s\u0105 korzy\u015bci z wyboru Espamob do realizacji sta\u017cu Erasmus z zakresu hydrauliki w Hiszpanii?<\/h3>\n<p><span style=\"font-weight: 400;\">Wybieraj\u0105c Espamob do odbycia sta\u017cu Erasmus z zakresu hydrauliki w Hiszpanii, korzystasz z licznych korzy\u015bci:\u00a0<\/span><\/p>\n<ul>\n<li style=\"font-weight: 400;\" aria-level=\"1\"><span style=\"font-weight: 400;\">Pe\u0142ne wsparcie w realizacji projektu od A do Z\u00a0<\/span><\/li>\n<li style=\"font-weight: 400;\" aria-level=\"1\"><span style=\"font-weight: 400;\">Pomoc w poszukiwaniu finansowania\u00a0<\/span><\/li>\n<li style=\"font-weight: 400;\" aria-level=\"1\"><span style=\"font-weight: 400;\">Personalizowane przyj\u0119cie w plac\u00f3wkach edukacyjnych i partneruj\u0105cych firmach\u00a0<\/span><\/li>\n<li style=\"font-weight: 400;\" aria-level=\"1\"><span style=\"font-weight: 400;\">Znalezienie i rezerwacja zakwaterowania na miejscu przez Espamob\u00a0<\/span><\/li>\n<li style=\"font-weight: 400;\" aria-level=\"1\"><span style=\"font-weight: 400;\">Odbi\u00f3r grup z lotniska i wsp\u00f3lny przejazd do miejsca zakwaterowania<\/span><\/li>\n<\/ul>\n<h3>Jak Espamob mo\u017ce mi pom\u00f3c znale\u017a\u0107 sta\u017c z zakresu hydrauliki w Hiszpanii w ramach programu Erasmus?<\/h3>\n<p><span style=\"font-weight: 400;\">Espamob dysponuje sieci\u0105 partnersk\u0105 obejmuj\u0105c\u0105 plac\u00f3wki edukacyjne i przedsi\u0119biorstwa w Hiszpanii, co pozwala pom\u00f3c w znalezieniu sta\u017cu z zakresu hydrauliki odpowiadaj\u0105cego Twoim oczekiwaniom w ramach programu Erasmus. Agencja zrobi wszystko, aby przedstawi\u0107 Ci oferty sta\u017cu zgodne z Twoim profilem i celami.<\/span><\/p>\n<h3>Jakie rodzaje zakwaterowania oferuje Espamob dla uczestnik\u00f3w sta\u017cu Erasmus z zakresu hydrauliki w Hiszpanii?<\/h3>\n<p><span style=\"font-weight: 400;\">Espamob oferuje r\u00f3\u017cne rodzaje zakwaterowania dostosowane do uczestnik\u00f3w sta\u017cu Erasmus z zakresu hydrauliki w Hiszpanii. Mo\u017cesz skorzysta\u0107 z zakwaterowania w akademiku, wsp\u00f3\u0142dzielonym mieszkaniu lub w rodzinie goszcz\u0105cej, w zale\u017cno\u015bci od Twoich preferencji i bud\u017cetu. Agencja zajmuje si\u0119 znalezieniem i rezerwacj\u0105 zakwaterowania, kt\u00f3re najlepiej spe\u0142ni Twoje potrzeby.<\/span>[\/vc_column_text][\/vc_column_inner][vc_column_inner width=&#8221;1\/12&#8243;][\/vc_column_inner][vc_column_inner width=&#8221;4\/12&#8243;][vc_single_image image=&#8221;15074&#8243; img_size=&#8221;full&#8221;][vc_column_text]<b>Dowiedz si\u0119 wi\u0119cej o r\u00f3\u017cnych miejscach Erasmus+ w Hiszpanii:\u00a0<\/b><\/p>\n<ul>\n<li><a href=\"https:\/\/espamob.com\/pl\/praktyki-zawodowe-erasmus\/budowlanym\/praktyki-erasmus-glazurnictwo\/\"><span style=\"font-weight: 400;\">Sta\u017c Erasmus Glazurnictwo<\/span><\/a><\/li>\n<li><a href=\"https:\/\/espamob.com\/pl\/praktyki-zawodowe-erasmus\/budowlanym\/praktyki-erasmus-murarstwo\/\"><span style=\"font-weight: 400;\">Sta\u017c Erasmus Murarstwo<\/span><\/a><\/li>\n<li><a href=\"https:\/\/espamob.com\/pl\/praktyki-zawodowe-erasmus\/budowlanym\/praktyki-erasmus-elektryka\/\"><span style=\"font-weight: 400;\">Sta\u017c Erasmus Elektryka<\/span><\/a><\/li>\n<li><a href=\"https:\/\/espamob.com\/pl\/praktyki-zawodowe-erasmus\/budowlanym\/praktyki-erasmus-malarstwo-budowlane\/\"><span style=\"font-weight: 400;\">Sta\u017c Erasmus Malarstwo Budowlane<\/span><\/a><\/li>\n<li><a href=\"https:\/\/espamob.com\/pl\/praktyki-zawodowe-erasmus\/budowlanym\/praktyki-erasmus-stolarstwo\/\"><span style=\"font-weight: 400;\">Sta\u017c Erasmus Stolarstwo\u00a0<\/span><\/a><\/li>\n<li><a href=\"https:\/\/espamob.com\/pl\/praktyki-zawodowe-erasmus\/budowlanym\/praktyki-erasmus-meblarstwo\/\"><span style=\"font-weight: 400;\">Sta\u017c Erasmus Meblarstwo<\/span><\/a><\/li>\n<\/ul>\n<p>[\/vc_column_text][\/vc_column_inner][\/vc_row_inner][\/vc_column][\/vc_row]<\/p>\n<\/div>","protected":false},"excerpt":{"rendered":"<p>[vc_row css=&#8221;.vc_custom_1705069641058{margin-top: -20px !important;margin-bottom: 40px !important;background-image: url(https:\/\/espamob.com\/wp-content\/uploads\/2024\/01\/Fontaneria.webp?id=22567) !important;}&#8221; conditional_render=&#8221;%5B%7B%22value_role%22%3A%22administrator%22%7D%5D&#8221;][vc_column css=&#8221;.vc_custom_1687965657482{padding-top: 30px !important;}&#8221; conditional_render=&#8221;%5B%7B%22value_role%22%3A%22administrator%22%7D%5D&#8221;][vc_empty_space height=&#8221;170&#8243;][vc_custom_heading text=&#8221;Praktyki Erasmus: Hydraulika&#8221; font_container=&#8221;tag:h1|font_size:27|text_align:center|color:%23ffffff&#8221; use_theme_fonts=&#8221;yes&#8221; css=&#8221;.vc_custom_1705077826859{margin-bottom: 15px !important;background-color: rgba(136,136,136,0.29) !important;*background-color: rgb(136,136,136) !important;}&#8221; animation_type=&#8221;zoomIn&#8221;][vc_empty_space height=&#8221;40&#8243;][\/vc_column][\/vc_row][vc_row wrap_container=&#8221;yes&#8221; text_align=&#8221;justify&#8221;][vc_column text_align=&#8221;justify&#8221;][vc_column_text] Home Sektory sta\u017cowe Mobilno\u015b\u0107 w sektorze budowlanym Praktyka zawodowa Erasmus: Hydraulika [\/vc_column_text][vc_custom_heading text=&#8221;Praktyka zawodowa Erasmus Hydraulika: Wzbogacaj\u0105ce do\u015bwiadczenie&#8221; use_theme_fonts=&#8221;yes&#8221; css=&#8221;.vc_custom_1705077858466{margin-top: 20px !important;}&#8221;][vc_separator][vc_row_inner][vc_column_inner width=&#8221;7\/12&#8243;][vc_column_text]Program Erasmus+<\/p>\n","protected":false},"author":2,"featured_media":0,"parent":13162,"menu_order":0,"comment_status":"closed","ping_status":"closed","template":"","meta":{"footnotes":""},"class_list":["post-22576","page","type-page","status-publish","hentry"],"_links":{"self":[{"href":"https:\/\/espamob.com\/pl\/wp-json\/wp\/v2\/pages\/22576","targetHints":{"allow":["GET"]}}],"collection":[{"href":"https:\/\/espamob.com\/pl\/wp-json\/wp\/v2\/pages"}],"about":[{"href":"https:\/\/espamob.com\/pl\/wp-json\/wp\/v2\/types\/page"}],"author":[{"embeddable":true,"href":"https:\/\/espamob.com\/pl\/wp-json\/wp\/v2\/users\/2"}],"replies":[{"embeddable":true,"href":"https:\/\/espamob.com\/pl\/wp-json\/wp\/v2\/comments?post=22576"}],"version-history":[{"count":0,"href":"https:\/\/espamob.com\/pl\/wp-json\/wp\/v2\/pages\/22576\/revisions"}],"up":[{"embeddable":true,"href":"https:\/\/espamob.com\/pl\/wp-json\/wp\/v2\/pages\/13162"}],"wp:attachment":[{"href":"https:\/\/espamob.com\/pl\/wp-json\/wp\/v2\/media?parent=22576"}],"curies":[{"name":"wp","href":"https:\/\/api.w.org\/{rel}","templated":true}]}}