{"id":22508,"date":"2023-08-14T00:00:00","date_gmt":"2023-08-14T00:00:00","guid":{"rendered":"https:\/\/www.espamob.com\/praktyki-zawodowe-erasmus\/btp\/stage-erasmus-ebenisterie\/"},"modified":"2024-03-04T22:45:49","modified_gmt":"2024-03-04T22:45:49","slug":"praktyki-erasmus-meblarstwo","status":"publish","type":"page","link":"https:\/\/espamob.com\/pl\/praktyki-zawodowe-erasmus\/budowlanym\/praktyki-erasmus-meblarstwo\/","title":{"rendered":"Stage Erasmus : Eb\u00e9nisterie"},"content":{"rendered":"<div class=\"wpb-content-wrapper\"><p>[vc_row css=&#8221;.vc_custom_1704997840750{margin-top: -20px !important;margin-bottom: 40px !important;background-image: url(https:\/\/espamob.com\/wp-content\/uploads\/2024\/01\/Ebanisteria.webp?id=22479) !important;}&#8221; conditional_render=&#8221;%5B%7B%22value_role%22%3A%22administrator%22%7D%5D&#8221;][vc_column css=&#8221;.vc_custom_1687965657482{padding-top: 30px !important;}&#8221; conditional_render=&#8221;%5B%7B%22value_role%22%3A%22administrator%22%7D%5D&#8221;][vc_empty_space height=&#8221;170&#8243;][vc_custom_heading text=&#8221;Praktyki Erasmus: Meblarstwo&#8221; font_container=&#8221;tag:h1|font_size:27|text_align:center|color:%23ffffff&#8221; use_theme_fonts=&#8221;yes&#8221; css=&#8221;.vc_custom_1705077030064{margin-bottom: 15px !important;background-color: rgba(136,136,136,0.29) !important;*background-color: rgb(136,136,136) !important;}&#8221; animation_type=&#8221;zoomIn&#8221;][vc_empty_space height=&#8221;40&#8243;][\/vc_column][\/vc_row][vc_row wrap_container=&#8221;yes&#8221; text_align=&#8221;justify&#8221;][vc_column text_align=&#8221;justify&#8221;][vc_column_text]<\/p>\n<nav aria-label=\"breadcrumb\">\n<ol class=\"breadcrumb\">\n<li class=\"breadcrumb-item\"><a href=\"https:\/\/espamob.com\/pl\">Home<\/a><\/li>\n<li class=\"breadcrumb-item\"><a href=\"https:\/\/espamob.com\/pl\/praktyki-zawodowe-erasmus\">Sektory sta\u017cowe<\/a><\/li>\n<li class=\"breadcrumb-item active\" aria-current=\"page\"><a href=\"https:\/\/espamob.com\/pl\/praktyki-zawodowe-erasmus\/btp\/\">Mobilno\u015b\u0107 w sektorze budowlanym<\/a><\/li>\n<li class=\"breadcrumb-item active\" aria-current=\"page\">Praktyka zawodowa Erasmus: Meblarstwo<\/li>\n<\/ol>\n<\/nav>\n<p>[\/vc_column_text][vc_custom_heading text=&#8221;Praktyki Erasmus: Meblarstwo &#8211; rozwijaj swoje umiej\u0119tno\u015bci stolarskie za granic\u0105&#8221; use_theme_fonts=&#8221;yes&#8221; css=&#8221;.vc_custom_1705077063606{margin-top: 20px !important;}&#8221;][vc_separator][vc_row_inner][vc_column_inner width=&#8221;7\/12&#8243;][vc_column_text]<span style=\"font-weight: 400;\">Program<strong> Erasmus+<\/strong> to doskona\u0142a okazja dla student\u00f3w z ca\u0142ego \u015bwiata, aby prze\u017cy\u0107 unikalne i inspiruj\u0105ce do\u015bwiadczenie. Dla tych, kt\u00f3rzy chc\u0105 specjalizowa\u0107 si\u0119 w tokarstwie,Praktyki Erasmus mog\u0105 stanowi\u0107 klucz do zdobycia nowych umiej\u0119tno\u015bci i poszerzenia wiedzy w tej dziedzinie. Niniejszy artyku\u0142 przedstawia r\u00f3\u017cne aspekty tej fascynuj\u0105cej przygody.\u00a0<\/span><\/p>\n<h2>Dlaczego warto wybra\u0107 Praktyki Erasmus: Meblarstwo?<\/h2>\n<p><span style=\"font-weight: 400;\">Wyb\u00f3r Erasmus Praktyki Stolarskiej niesie ze sob\u0105 kilka korzy\u015bci:\u00a0<\/span><\/p>\n<ul>\n<li style=\"font-weight: 400;\" aria-level=\"1\"><span style=\"font-weight: 400;\"><strong>Odkryj nowe techniki i metody pracy<\/strong>: ka\u017cdy kraj ma swoje w\u0142asne tradycje i metody w dziedzinie stolarstwa. Udzia\u0142 w Erasmus Praktyki Stolarskiej umo\u017cliwi Ci nauk\u0119 nowych technik i inspiracj\u0119 od lokalnych mistrz\u00f3w rzemios\u0142a.\u00a0<\/span><\/li>\n<li style=\"font-weight: 400;\" aria-level=\"1\"><span style=\"font-weight: 400;\"><strong>Rozwijaj swoj\u0105 sie\u0107 zawodow\u0105:<\/strong> praca za granic\u0105 da Ci szans\u0119 spotkania wielu profesjonalist\u00f3w z bran\u017cy, wymiany do\u015bwiadcze\u0144 i nawi\u0105zania trwa\u0142ych relacji, kt\u00f3re mog\u0105 Ci si\u0119 przyda\u0107 przez ca\u0142\u0105 karier\u0119.\u00a0<\/span><\/li>\n<li style=\"font-weight: 400;\" aria-level=\"1\"><span style=\"font-weight: 400;\"><strong>Popraw swoje umiej\u0119tno\u015bci j\u0119zykowe<\/strong>: opr\u00f3cz nauki specyficznych termin\u00f3w zwi\u0105zanych ze stolarstwem, b\u0119dziesz r\u00f3wnie\u017c praktykowa\u0107 j\u0119zyk lokalny, co b\u0119dzie cennym atutem na rynku pracy.\u00a0<\/span><\/li>\n<li style=\"font-weight: 400;\" aria-level=\"1\"><span style=\"font-weight: 400;\"><strong>Ciesz si\u0119 unikalnym do\u015bwiadczeniem kulturowym<\/strong>: \u017cycie i praca w innym kraju pozwoli Ci odkry\u0107 jego kultur\u0119, tradycje i styl \u017cycia. Mo\u017cesz w ten spos\u00f3b wzbogaci\u0107 si\u0119 zar\u00f3wno pod wzgl\u0119dem osobistym, jak i zawodowym.\u00a0<\/span><\/li>\n<\/ul>\n<h2>Jak znale\u017a\u0107 Erasmus Praktyki Meblarstwo?<\/h2>\n<p><span style=\"font-weight: 400;\">Aby znale\u017a\u0107 Erasmus Praktyki Meblarstwo, wykonaj nast\u0119puj\u0105ce kroki:<\/span><\/p>\n<ol>\n<li style=\"font-weight: 400;\" aria-level=\"1\"><span style=\"font-weight: 400;\"><strong>Sprawd\u017a w swojej plac\u00f3wce edukacyjnej<\/strong>: Twoja szko\u0142a lub uczelnia mo\u017ce mie\u0107 partnerstwa z zagranicznymi instytucjami oferuj\u0105cymi praktyki stolarskie. Pomog\u0105 Ci r\u00f3wnie\u017c w przygotowaniu dokument\u00f3w aplikacyjnych i skieruj\u0105 do odpowiednich organizacji.<\/span><\/li>\n<li style=\"font-weight: 400;\" aria-level=\"1\"><span style=\"font-weight: 400;\"><strong>Sprawd\u017a specjalistyczne strony internetowe:<\/strong> niekt\u00f3re strony internetowe zbieraj\u0105 oferty praktyk zagranicznych w r\u00f3\u017cnych dziedzinach, w tym w stolarstwie. Regularnie odwiedzaj je i sk\u0142adaj podania o praktyki odpowiadaj\u0105ce Twojemu profilowi.<\/span><\/li>\n<li style=\"font-weight: 400;\" aria-level=\"1\"><span style=\"font-weight: 400;\"><strong>Kontaktuj si\u0119 bezpo\u015brednio z firmami<\/strong>: je\u015bli masz na my\u015bli konkretn\u0105 firm\u0119, w kt\u00f3rej chcia\u0142by\u015b odby\u0107 praktyki, \u015bmia\u0142o si\u0119 z ni\u0105 skontaktuj. Powiedz o swoim zainteresowaniu i z\u0142o\u017c aplikacj\u0119.<\/span><\/li>\n<li style=\"font-weight: 400;\" aria-level=\"1\"><span style=\"font-weight: 400;\"><strong>Wykorzystaj spo\u0142eczno\u015bci zawodowe w mediach spo\u0142eczno\u015bciowych<\/strong>: platformy takie jak LinkedIn mog\u0105 by\u0107 pomocne w nawi\u0105zywaniu kontakt\u00f3w z profesjonalistami bran\u017cowymi lub w znalezieniu ofert praktyk og\u0142aszanych przez zagraniczne firmy.<\/span><\/li>\n<\/ol>\n<p>[\/vc_column_text][\/vc_column_inner][vc_column_inner width=&#8221;1\/12&#8243;][\/vc_column_inner][vc_column_inner width=&#8221;4\/12&#8243;][vc_single_image image=&#8221;18191&#8243; img_size=&#8221;400*400&#8243; alignment=&#8221;right&#8221; style=&#8221;vc_box_rounded&#8221;][vc_btn title=&#8221;Zobacz wi\u0119cej&#8221; style=&#8221;custom&#8221; custom_background=&#8221;#e20000&#8243; custom_text=&#8221;#ffffff&#8221; align=&#8221;center&#8221; link=&#8221;url:https%3A%2F%2Fespamob.com%2Fpl%2Fkontakt-z-polskim-konsultantem|title:Kontakt|target:_blank&#8221;][\/vc_column_inner][\/vc_row_inner][vc_custom_heading text=&#8221;Przygotuj swoj\u0105 aplikacj\u0119 na Erasmus Praktyki Meblarstwo&#8221; font_container=&#8221;tag:h3|text_align:left&#8221; use_theme_fonts=&#8221;yes&#8221; css=&#8221;.vc_custom_1705077179475{margin-top: 20px !important;}&#8221;][vc_separator][vc_row_inner][vc_column_inner width=&#8221;7\/12&#8243;][vc_column_text]<span style=\"font-weight: 400;\">Aby zwi\u0119kszy\u0107 swoje szanse podczas poszukiwania Erasmus Praktyki Stolarskiej, wa\u017cne jest odpowiednie przygotowanie aplikacji. Oto kilka porad, kt\u00f3re Ci pomog\u0105:\u00a0<\/span><\/p>\n<ul>\n<li style=\"font-weight: 400;\" aria-level=\"1\"><span style=\"font-weight: 400;\"><strong>Stw\u00f3rz odpowiednie CV:<\/strong> podkre\u015bl swoje umiej\u0119tno\u015bci stolarskie oraz do\u015bwiadczenie zawodowe lub pozaszkolne zwi\u0105zane z t\u0105 dziedzin\u0105. Nie zapomnij dostosowa\u0107 CV do kraju, do kt\u00f3rego sk\u0142adasz podanie (format, j\u0119zyk, itp.).\u00a0<\/span><\/li>\n<li style=\"font-weight: 400;\" aria-level=\"1\"><span style=\"font-weight: 400;\"><strong>Zadbaj o list motywacyjny<\/strong>: wyja\u015bnij, dlaczego chcesz odby\u0107 Erasmus Praktyki Stolarskie, jakie s\u0105 Twoje cele zawodowe i w jaki spos\u00f3b uwa\u017casz, \u017ce to do\u015bwiadczenie mo\u017ce Ci w nich pom\u00f3c. Upewnij si\u0119 r\u00f3wnie\u017c, \u017ce dostosowujesz list motywacyjny do firmy, do kt\u00f3rej sk\u0142adasz podanie.\u00a0<\/span><\/li>\n<li style=\"font-weight: 400;\" aria-level=\"1\"><span style=\"font-weight: 400;\"><strong>Przedstaw portfolio<\/strong>: je\u015bli to mo\u017cliwe, przygotuj portfolio swoich prac stolarskich, aby pokaza\u0107 swoje konkretn\u0105 wiedz\u0119 i umiej\u0119tno\u015bci. Mog\u0105 to by\u0107 zdj\u0119cia, filmy lub nawet plany projekt\u00f3w, nad kt\u00f3rymi pracowa\u0142e\u015b.\u00a0<\/span><\/li>\n<li style=\"font-weight: 400;\" aria-level=\"1\"><span style=\"font-weight: 400;\"><strong>Dostarcz referencje:<\/strong> je\u015bli ju\u017c odby\u0142e\u015b praktyki lub pracowa\u0142e\u015b w tej bran\u017cy, \u015bmia\u0142o dostarcz referencje, kt\u00f3re mog\u0105 potwierdzi\u0107 Twoj\u0105 rzetelno\u015b\u0107 i umiej\u0119tno\u015bci stolarskie.\u00a0<\/span><\/li>\n<\/ul>\n<h2>Maksymalne wykorzystanie Erasmus Praktyki Meblarstwo<\/h2>\n<p><span style=\"font-weight: 400;\">Po zdobyciu Erasmus Praktyki Stolarskiej wa\u017cne jest, aby w pe\u0142ni korzysta\u0107 z tego do\u015bwiadczenia. Oto kilka porad, kt\u00f3re pomog\u0105 Ci jak najlepiej wykorzysta\u0107 sw\u00f3j pobyt za granic\u0105:\u00a0<\/span><\/p>\n<ul>\n<li style=\"font-weight: 400;\" aria-level=\"1\"><span style=\"font-weight: 400;\"><strong>Szybko si\u0119 dostosuj:<\/strong> ju\u017c po przyje\u017adzie postaraj si\u0119 zapozna\u0107 z lokalnymi metodami pracy i szybko nauczy\u0107 si\u0119 specyficznych technik danego kraju.\u00a0<\/span><\/li>\n<li style=\"font-weight: 400;\" aria-level=\"1\"><span style=\"font-weight: 400;\"><strong>Dziel si\u0119 swoj\u0105 wiedz\u0105:<\/strong> nie wahaj si\u0119 dzieli\u0107 w\u0142asnymi technikami i umiej\u0119tno\u015bciami z zagranicznymi kolegami, aby wzajemnie si\u0119 uzupe\u0142nia\u0107 i rozwija\u0107 umiej\u0119tno\u015bci.\u00a0<\/span><\/li>\n<li style=\"font-weight: 400;\" aria-level=\"1\"><span style=\"font-weight: 400;\"><strong>Nie b\u00f3j si\u0119 zadawa\u0107 pyta\u0144<\/strong>: je\u015bli czego\u015b nie rozumiesz lub potrzebujesz pomocy, \u015bmia\u0142o pytaj swoich koleg\u00f3w lub mistrza praktyk. Zazwyczaj ch\u0119tnie pomog\u0105 i podziel\u0105 si\u0119 swoj\u0105 wiedz\u0105.\u00a0<\/span><\/li>\n<li style=\"font-weight: 400;\" aria-level=\"1\"><span style=\"font-weight: 400;\"><strong>Aktywnie uczestnicz w \u017cyciu lokalnym<\/strong>: bierz udzia\u0142 w wydarzeniach kulturalnych, warsztatach czy szkoleniach organizowanych przez Twoj\u0105 firm\u0119 lub miejscowo\u015b\u0107, w kt\u00f3rej przebywasz. To pozwoli Ci lepiej zrozumie\u0107 lokaln\u0105 kultur\u0119 i nawi\u0105za\u0107 kontakt z mieszka\u0144cami.\u00a0<\/span><\/li>\n<li style=\"font-weight: 400;\" aria-level=\"1\"><span style=\"font-weight: 400;\"><strong>Pozostawaj w kontakcie:<\/strong> utrzymuj relacje zawodowe i przyjacielskie, kt\u00f3re nawi\u0105za\u0142e\u015b podczas praktyk. Nigdy nie wiesz, kiedy te kontakty mog\u0105 okaza\u0107 si\u0119 przydatne w przysz\u0142o\u015bci.\u00a0<\/span><\/li>\n<\/ul>\n<p><span style=\"font-weight: 400;\">\u015aledz\u0105c te wskaz\u00f3wki, Twoje <strong>Erasmus Praktyki Meblarstow<\/strong> stan\u0105 si\u0119 satysfakcjonuj\u0105cym i niezapomnianym do\u015bwiadczeniem, kt\u00f3re pozwoli Ci rozwija\u0107 umiej\u0119tno\u015bci stolarskie, jednocze\u015bnie odkrywaj\u0105c now\u0105 kultur\u0119. Nie wahaj si\u0119 i ruszaj na t\u0119 niepowtarzaln\u0105 przygod\u0119!<\/span>[\/vc_column_text][\/vc_column_inner][vc_column_inner width=&#8221;1\/12&#8243;][\/vc_column_inner][vc_column_inner width=&#8221;4\/12&#8243;][vc_raw_html]JTNDZGl2JTIwc3R5bGUlM0QlMjJwYWRkaW5nJTNBJTIwMzBweCUzQmJhY2tncm91bmQtY29sb3IlM0ElMjAlMjNGNEY0RjQlM0IlMjIlM0UlMEElMjAlMjAlMjAlMjAlM0NoNCUzRU9ka3J5aiUyMHdzenlzdGtpZSUyMHNla3RvcnklMjBwcmFrdHlrJTNDJTJGaDQlM0UlMEElMjAlMjAlMjAlMjAlM0NwJTNFRXNwYW1vYiUyMHNwZWNqYWxpenVqZSUyMHNpJUM0JTk5JTIwdyUyMHBvbWFnYW5pdSUyMGdydXBvbSUyMHclMjBtb2JpbG5vJUM1JTlCY2klMjB3JTIwcmFtYWNoJTIwcHJvZ3JhbXUlMjBFcmFzbXVzJTIwJTJCLiUyMERvd2llZHolMjBzaSVDNCU5OSUyMG8lMjB3c3p5c3RraWNoJTIwc2VrdG9yYWNoJTIwcHJha3R5ayUyMEVyYXNtdXMlMjB3JTIwSGlzenBhbmlpJTIwemElMjBwb21vYyVDNCU4NSUyMGtpbGt1JTIwa2xpa25pJUM0JTk5JUM0JTg3LiUzQyUyRnAlM0UlMEElMjAlMjAlMjAlMjAlM0NhJTIwY2xhc3MlM0QlMjJ2Y19nZW5lcmFsJTIwdmNfYnRuMyUyMHZjX2J0bjMtc2l6ZS1tZCUyMHZjX2J0bjMtc2hhcGUtZGVmYXVsdCUyMHZjX2J0bjMtc3R5bGUtY3VzdG9tJTIwd3BiX2N1c3RvbV82Njg3YjI2ZjM5NDg4ZGRiYjg1ZGRiM2MxY2U4ZTExMSUyMGJ0biUyMiUyMHN0eWxlJTNEJTIyYmFja2dyb3VuZC1jb2xvciUzQSUyM2UyMDAwMCUzQiUyMGNvbG9yJTNBJTIzZmZmZmZmJTNCJTIwYmFja2dyb3VuZC1jb2xvciUzQSUyM2UyMDAwMCUzQiUyMGNvbG9yJTNBJTIzZmZmZmZmJTNCJTIyJTIwaHJlZiUzRCUyMmh0dHBzJTNBJTJGJTJGd3d3LmVzcGFtb2IuY29tJTJGcGwlMkZwcmFrdHlraS16YXdvZG93ZS1lcmFzbXVzJTJGJTIyJTIwdGl0bGUlM0QlMjJTZWt0b3J5JTIwc3RhJUM1JUJDb3dlJTIyJTIwdGFyZ2V0JTNEJTIyX2JsYW5rJTIyJTNFT2RrcnlqJTIwc2VrdG9yeSUzQyUyRmElM0UlMEElM0MlMkZkaXYlM0U=[\/vc_raw_html][\/vc_column_inner][\/vc_row_inner][\/vc_column][\/vc_row][vc_row full_width=&#8221;stretch_row&#8221; wrap_container=&#8221;yes&#8221; is_section=&#8221;yes&#8221; css=&#8221;.vc_custom_1705077299170{border-top-width: 0px !important;padding-top: 15px !important;padding-bottom: 15px !important;background-color: #f8f392 !important;}&#8221; conditional_render=&#8221;%5B%7B%22value_role%22%3A%22administrator%22%7D%5D&#8221;][vc_column][vc_row_inner css=&#8221;.vc_custom_1688548648248{background-color: #f8f392 !important;}&#8221;][vc_column_inner][vc_custom_heading text=&#8221;Popro\u015b o bezp\u0142atn\u0105 wycen\u0119&#8221; font_container=&#8221;tag:h2|text_align:center&#8221; use_theme_fonts=&#8221;yes&#8221;][vc_column_text]<\/p>\n<p style=\"text-align: justify;\">Masz pomys\u0142 na projekt Erasmus+ w Hiszpanii i szukasz zaufanej agencji, kt\u00f3ra Ci\u0119 wesprze?\u00a0<strong>Espamob<\/strong>\u2019 jest tutaj, aby Ci pom\u00f3c! Oferujemy bezp\u0142atn\u0105 i niezobowi\u0105zuj\u0105c\u0105 wycen\u0119, kt\u00f3ra pomo\u017ce Ci zarz\u0105dza\u0107 projektem mobilno\u015bci. Dzi\u0119ki naszemu do\u015bwiadczeniu i sieci firm partnerskich mo\u017cemy zaoferowa\u0107 spersonalizowane wsparcie, aby spe\u0142ni\u0107 Twoje specyficzne potrzeby. Skontaktuj si\u0119 z nami ju\u017c teraz, aby om\u00f3wi\u0107 sw\u00f3j projekt i otrzyma\u0107 bezp\u0142atn\u0105 wycen\u0119.<\/p>\n<p>[\/vc_column_text]<div id=\"modal-trg-txt-wrap-6000\" class=\"ult-modal-input-wrapper ult-adjust-bottom-margin    \" data-keypress-control=\"keypress-control-enable\" data-overlay-control=\"overlay-control-enable\"><style>\n\t\t\t\t\t.btn-modal.btn-id-69e7bab3533e92-82147582:hover {\n\t\t\t\t\t\tbackground-color: #e20000 !important;\n\t\t\t\t\t}\n\t\t\t\t\t<\/style><button  data-ultimate-target='#modal-trg-txt-wrap-6000 .btn-modal'  data-responsive-json-new='{\"font-size\":\"\",\"line-height\":\"\"}'  style=\"background:#888888;border-color:#888888;color:#ffffff; \" data-class-id=\"content-69e7bab3533e92-82147582\" class=\"btn-modal ult-responsive btn-primary btn-modal-md overlay-show ult-align-center btn-id-69e7bab3533e92-82147582\" data-overlay-class=\"overlay-cornerbottomleft\">ZAM\u00d3W BEZP\u0141ATN\u0104 WYCEN\u0118<\/button><\/div>\n<div class=\"ult-overlay content-69e7bab3533e92-82147582 \" data-class=\"content-69e7bab3533e92-82147582\" id=\"button-click-overlay\" style=\"background:rgba(51,51,51,0.8); display:none;\">\n\t<div class=\"ult_modal ult-fade ult-medium\">\n\t\t<div id=\"ult-modal-wrap-6372\" class=\"ult_modal-content ult-hide\" style=\"border-style:solid;border-width:2px;border-radius:0px;border-color:#333333;\">\n\t\t\t<div class=\"ult_modal-header\" style=\"color:#333333;border-color:#333333;\">\n\t\t\t\t<h3  data-ultimate-target='#ult-modal-wrap-6372 .ult_modal-title'  data-responsive-json-new='{\"font-size\":\"\",\"line-height\":\"\"}'  class=\"ult_modal-title ult-responsive\">ZAM\u00d3W BEZP\u0141ATN\u0104 WYCEN\u0118<\/h3>\n\t\t\t<\/div>\n\t\t\t<div  data-ultimate-target='#ult-modal-wrap-6372 .ult_modal-body'  data-responsive-json-new='{\"font-size\":\"\",\"line-height\":\"\"}'  class=\"ult_modal-body ult-responsive ult-html\" style=\"\">\n\t\t\t<\/p>\n<p>[caldera_form id=&#8221;CF6149e02688efa&#8221;]<\/p>\n<p>\n\t\t\t<\/div>\n\t<\/div>\n\t<\/div>\n\t<div class=\"ult-overlay-close top-right\" style=\"width:80px;height:80px; \"><div class=\"ult-overlay-close-inside\">Close<\/div><\/div>\n<\/div>[\/vc_column_inner][\/vc_row_inner][\/vc_column][\/vc_row][vc_row wrap_container=&#8221;yes&#8221; css=&#8221;.vc_custom_1689256499740{margin-top: 15px !important;}&#8221; conditional_render=&#8221;%5B%7B%22value_role%22%3A%22administrator%22%7D%5D&#8221;][vc_column][vc_custom_heading text=&#8221;Pytania cz\u0119sto zadawane&#8221; font_container=&#8221;tag:h2|text_align:center|color:%23000000&#8243; use_theme_fonts=&#8221;yes&#8221;][vc_separator][vc_row_inner][vc_column_inner width=&#8221;7\/12&#8243;][vc_column_text]<\/p>\n<h3>Jakie s\u0105 korzy\u015bci z wyboru Espamob na praktyki Erasmus w dziedzinie Ebanisterii?<\/h3>\n<p><span style=\"font-weight: 400;\">Korzy\u015bci z wyboru Espamob na praktyki Erasmus w dziedzinie Ebanisterii s\u0105 liczne. Po pierwsze, Espamob posiada specjalistyczn\u0105 wiedz\u0119 w tej konkretnej dziedzinie, co oznacza, \u017ce maj\u0105 silne partnerstwa z firmami i uniwersytetami specjalizuj\u0105cymi si\u0119 w ebanisterii w Hiszpanii. Zapewnia to uczestnikom sprzyjaj\u0105ce \u015brodowisko do nauki i rozwijania umiej\u0119tno\u015bci w tej dziedzinie. Ponadto Espamob zajmuje si\u0119 wszystkimi aspektami logistycznymi, takimi jak poszukiwanie finansowania, zarz\u0105dzanie zakwaterowaniem i odbi\u00f3r na lotnisku, co pozwala uczestnikom skupi\u0107 si\u0119 w pe\u0142ni na swoich praktykach.\u00a0<\/span><\/p>\n<h3>Jak Espamob wspiera grupy w tworzeniu ich projektu praktyk Erasmus w dziedzinie Ebanisterii?<\/h3>\n<p><span style=\"font-weight: 400;\">Espamob wspiera grupy w tworzeniu projektu praktyk Erasmus w dziedzinie Ebanisterii, dostarczaj\u0105c im cennych porad i zasob\u00f3w. Pomagaj\u0105 uczestnikom okre\u015bli\u0107 ich cele i sformu\u0142owa\u0107 projekt w spos\u00f3b klarowny i sp\u00f3jny. Ponadto Espamob udost\u0119pnia narz\u0119dzia i szablony dokument\u00f3w, aby u\u0142atwi\u0107 tworzenie projektu. S\u0105 r\u00f3wnie\u017c dost\u0119pni, aby odpowiedzie\u0107 na pytania i zapewni\u0107 wsparcie na ka\u017cdym etapie tworzenia projektu.\u00a0<\/span><\/p>\n<h3>Czy Espamob oferuje praktyki w dziedzinie Ebanisterii w partneruj\u0105cych firmach w Hiszpanii?<\/h3>\n<p><span style=\"font-weight: 400;\">Tak, Espamob oferuje praktyki w dziedzinie Ebanisterii w partneruj\u0105cych firmach w Hiszpanii. Dzi\u0119ki swojej sieci partner\u00f3w s\u0105 w stanie znale\u017a\u0107 okazje do praktyk w firmach specjalizuj\u0105cych si\u0119 w ebanisterii. Praktyki te pozwalaj\u0105 uczestnikom zdoby\u0107 praktyczne do\u015bwiadczenie i zastosowa\u0107 umiej\u0119tno\u015bci nabyte w ramach ich edukacji. Espamob dba o to, aby praktyki by\u0142y dostosowane do potrzeb i zainteresowa\u0144 uczestnik\u00f3w, aby maksymalizowa\u0107 ich do\u015bwiadczenie i nauk\u0119.<\/span>[\/vc_column_text][\/vc_column_inner][vc_column_inner width=&#8221;1\/12&#8243;][\/vc_column_inner][vc_column_inner width=&#8221;4\/12&#8243;][vc_single_image image=&#8221;15074&#8243; img_size=&#8221;full&#8221;][vc_column_text]<b>Dowiedz si\u0119 wi\u0119cej o r\u00f3\u017cnych miejscach Erasmus+ w Hiszpanii:\u00a0<\/b><\/p>\n<ul>\n<li><a href=\"https:\/\/espamob.com\/pl\/praktyki-zawodowe-erasmus\/budowlanym\/praktyki-erasmus-glazurnictwo\/\"><span style=\"font-weight: 400;\">Sta\u017c Erasmus Glazurnictwo<\/span><\/a><\/li>\n<li><a href=\"https:\/\/espamob.com\/pl\/praktyki-zawodowe-erasmus\/budowlanym\/praktyki-erasmus-murarstwo\/\"><span style=\"font-weight: 400;\">Sta\u017c Erasmus Murarstwo<\/span><\/a><\/li>\n<li><a href=\"https:\/\/espamob.com\/pl\/praktyki-zawodowe-erasmus\/budowlanym\/praktyki-erasmus-elektryka\/\"><span style=\"font-weight: 400;\">Sta\u017c Erasmus Elektryka<\/span><\/a><\/li>\n<li><a href=\"https:\/\/espamob.com\/pl\/praktyki-zawodowe-erasmus\/budowlanym\/praktyki-erasmus-malarstwo-budowlane\/\"><span style=\"font-weight: 400;\">Sta\u017c Erasmus Malarstwo Budowlane<\/span><\/a><\/li>\n<li><a href=\"https:\/\/espamob.com\/pl\/praktyki-zawodowe-erasmus\/budowlanym\/praktyki-erasmus-stolarstwo\/\"><span style=\"font-weight: 400;\">Sta\u017c Erasmus Stolarstwo\u00a0<\/span><\/a><\/li>\n<li><a href=\"https:\/\/espamob.com\/pl\/praktyki-zawodowe-erasmus\/budowlanym\/praktyki-erasmus-hydraulika\/\"><span style=\"font-weight: 400;\">Sta\u017c Erasmus Hydraulika<\/span><\/a><\/li>\n<\/ul>\n<p>[\/vc_column_text][\/vc_column_inner][\/vc_row_inner][\/vc_column][\/vc_row]<\/p>\n<\/div>","protected":false},"excerpt":{"rendered":"<p>[vc_row css=&#8221;.vc_custom_1704997840750{margin-top: -20px !important;margin-bottom: 40px !important;background-image: url(https:\/\/espamob.com\/wp-content\/uploads\/2024\/01\/Ebanisteria.webp?id=22479) !important;}&#8221; conditional_render=&#8221;%5B%7B%22value_role%22%3A%22administrator%22%7D%5D&#8221;][vc_column css=&#8221;.vc_custom_1687965657482{padding-top: 30px !important;}&#8221; conditional_render=&#8221;%5B%7B%22value_role%22%3A%22administrator%22%7D%5D&#8221;][vc_empty_space height=&#8221;170&#8243;][vc_custom_heading text=&#8221;Praktyki Erasmus: Meblarstwo&#8221; font_container=&#8221;tag:h1|font_size:27|text_align:center|color:%23ffffff&#8221; use_theme_fonts=&#8221;yes&#8221; css=&#8221;.vc_custom_1705077030064{margin-bottom: 15px !important;background-color: rgba(136,136,136,0.29) !important;*background-color: rgb(136,136,136) !important;}&#8221; animation_type=&#8221;zoomIn&#8221;][vc_empty_space height=&#8221;40&#8243;][\/vc_column][\/vc_row][vc_row wrap_container=&#8221;yes&#8221; text_align=&#8221;justify&#8221;][vc_column text_align=&#8221;justify&#8221;][vc_column_text] Home Sektory sta\u017cowe Mobilno\u015b\u0107 w sektorze budowlanym Praktyka zawodowa Erasmus: Meblarstwo [\/vc_column_text][vc_custom_heading text=&#8221;Praktyki Erasmus: Meblarstwo &#8211; rozwijaj swoje umiej\u0119tno\u015bci stolarskie za granic\u0105&#8221; use_theme_fonts=&#8221;yes&#8221; css=&#8221;.vc_custom_1705077063606{margin-top:<\/p>\n","protected":false},"author":2,"featured_media":0,"parent":13162,"menu_order":0,"comment_status":"closed","ping_status":"closed","template":"","meta":{"footnotes":""},"class_list":["post-22508","page","type-page","status-publish","hentry"],"_links":{"self":[{"href":"https:\/\/espamob.com\/pl\/wp-json\/wp\/v2\/pages\/22508","targetHints":{"allow":["GET"]}}],"collection":[{"href":"https:\/\/espamob.com\/pl\/wp-json\/wp\/v2\/pages"}],"about":[{"href":"https:\/\/espamob.com\/pl\/wp-json\/wp\/v2\/types\/page"}],"author":[{"embeddable":true,"href":"https:\/\/espamob.com\/pl\/wp-json\/wp\/v2\/users\/2"}],"replies":[{"embeddable":true,"href":"https:\/\/espamob.com\/pl\/wp-json\/wp\/v2\/comments?post=22508"}],"version-history":[{"count":0,"href":"https:\/\/espamob.com\/pl\/wp-json\/wp\/v2\/pages\/22508\/revisions"}],"up":[{"embeddable":true,"href":"https:\/\/espamob.com\/pl\/wp-json\/wp\/v2\/pages\/13162"}],"wp:attachment":[{"href":"https:\/\/espamob.com\/pl\/wp-json\/wp\/v2\/media?parent=22508"}],"curies":[{"name":"wp","href":"https:\/\/api.w.org\/{rel}","templated":true}]}}