{"id":22504,"date":"2023-08-14T00:00:00","date_gmt":"2023-08-14T00:00:00","guid":{"rendered":"https:\/\/www.espamob.com\/praktyki-zawodowe-erasmus\/btp\/stage-erasmus-menuiserie\/"},"modified":"2025-11-03T15:15:53","modified_gmt":"2025-11-03T15:15:53","slug":"praktyki-erasmus-stolarstwo","status":"publish","type":"page","link":"https:\/\/espamob.com\/pl\/praktyki-zawodowe-erasmus\/budowlanym\/praktyki-erasmus-stolarstwo\/","title":{"rendered":"Stage Erasmus : Menuiserie"},"content":{"rendered":"<div class=\"wpb-content-wrapper\"><p>[vc_row css=&#8221;.vc_custom_1704997815191{margin-top: -20px !important;margin-bottom: 40px !important;background-image: url(https:\/\/espamob.com\/wp-content\/uploads\/2024\/01\/Carpinteria.webp?id=22474) !important;}&#8221; conditional_render=&#8221;%5B%7B%22value_role%22%3A%22administrator%22%7D%5D&#8221;][vc_column css=&#8221;.vc_custom_1687965657482{padding-top: 30px !important;}&#8221; conditional_render=&#8221;%5B%7B%22value_role%22%3A%22administrator%22%7D%5D&#8221;][vc_empty_space height=&#8221;170&#8243;][vc_custom_heading text=&#8221;Praktyka zawodowa Erasmus : Stolarstwo&#8221; font_container=&#8221;tag:h1|font_size:27|text_align:center|color:%23ffffff&#8221; use_theme_fonts=&#8221;yes&#8221; css=&#8221;.vc_custom_1705069619842{margin-bottom: 15px !important;background-color: rgba(136,136,136,0.29) !important;*background-color: rgb(136,136,136) !important;}&#8221; animation_type=&#8221;zoomIn&#8221;][vc_empty_space height=&#8221;40&#8243;][\/vc_column][\/vc_row][vc_row wrap_container=&#8221;yes&#8221; text_align=&#8221;justify&#8221;][vc_column text_align=&#8221;justify&#8221;][vc_column_text]<\/p>\n<nav aria-label=\"breadcrumb\">\n<ol class=\"breadcrumb\">\n<li class=\"breadcrumb-item\"><a href=\"https:\/\/espamob.com\/pl\">Home<\/a><\/li>\n<li class=\"breadcrumb-item\"><a href=\"https:\/\/espamob.com\/pl\/praktyki-zawodowe-erasmus\">Sektory sta\u017cowe<\/a><\/li>\n<li class=\"breadcrumb-item active\" aria-current=\"page\"><a href=\"https:\/\/espamob.com\/pl\/praktyki-zawodowe-erasmus\/btp\/\">Mobilno\u015b\u0107 w sektorze budowlanym<\/a><\/li>\n<li class=\"breadcrumb-item active\" aria-current=\"page\">Praktyka zawodowa Erasmus: Stolarstwo<\/li>\n<\/ol>\n<\/nav>\n<p>[\/vc_column_text][vc_custom_heading text=&#8221;Erasmus w zakresie stolarstwa: Zwi\u0119ksz swoj\u0105 karier\u0119 dzi\u0119ki praktykom Erasmusa w stolarstwie&#8221; use_theme_fonts=&#8221;yes&#8221; css=&#8221;.vc_custom_1705069678860{margin-top: 20px !important;}&#8221;][vc_separator][vc_row_inner][vc_column_inner width=&#8221;7\/12&#8243;][vc_column_text]<span style=\"font-weight: 400;\">Chcesz rozwija\u0107 swoje umiej\u0119tno\u015bci techniczne i j\u0119zykowe w dziedzinie stolarstwo? Praktyka Erasmusa to doskona\u0142a okazja do zdobycia do\u015bwiadczenia zawodowego za granic\u0105, jednocze\u015bnie poznaj\u0105c now\u0105 kultur\u0119. W tym artykule przedstawiamy korzy\u015bci z praktyki Erasmusa w stolarstwie i jak do niej przyst\u0105pi\u0107.<\/span><\/p>\n<h2>Zalety praktyki Erasmusa w stolarstwo:<\/h2>\n<p><span style=\"font-weight: 400;\">Program Erasmus oferuje wiele korzy\u015bci studentom, kt\u00f3rzy chc\u0105 odby\u0107 praktyk\u0119 w swojej dziedzinie studi\u00f3w w europejskim przedsi\u0119biorstwie. Oto kilka g\u0142\u00f3wnych zalet:<\/span><\/p>\n<ul>\n<li style=\"font-weight: 400;\" aria-level=\"1\"><b>Rozwijanie umiej\u0119tno\u015bci zawodowych<\/b><span style=\"font-weight: 400;\">: Pracuj\u0105c w mi\u0119dzynarodowym otoczeniu, nauczysz si\u0119 nowych technik i metod pracy dostosowanych do lokalnego kontekstu. Wzbogacisz tym samym swoje CV i poprawisz perspektywy zatrudnienia w przysz\u0142o\u015bci.<\/span><\/li>\n<li style=\"font-weight: 400;\" aria-level=\"1\"><b>Poprawa umiej\u0119tno\u015bci j\u0119zykowych<\/b><span style=\"font-weight: 400;\">: Praktyka za granic\u0105 to doskona\u0142a okazja do praktyki i doskonalenia obcego j\u0119zyka. Ta umiej\u0119tno\u015b\u0107 jest bardzo poszukiwana przez pracodawc\u00f3w, zw\u0142aszcza w bran\u017cy budowlanej, gdzie komunikacja jest kluczowa dla pomy\u015blnego realizowania projekt\u00f3w.<\/span><\/li>\n<li style=\"font-weight: 400;\" aria-level=\"1\"><b>Poznanie nowej kultury<\/b><span style=\"font-weight: 400;\">: \u017bycie i praca w innym kraju pozwoli Ci w pe\u0142ni zanurzy\u0107 si\u0119 w jego kulturze i tradycjach. To z kolei sprzyja otwarto\u015bci umys\u0142u i adaptacyjno\u015bci, cechom bardzo cenionym na rynku pracy.<\/span><\/li>\n<li style=\"font-weight: 400;\" aria-level=\"1\"><b>Korzystanie z dotacji na mobilno\u015b\u0107<\/b><span style=\"font-weight: 400;\">: Program Erasmus przyznaje pomoc finansow\u0105, aby pokry\u0107 koszty zwi\u0105zane z pobytem (nocleg, transport, itp.). To znacz\u0105cy atut, pozwalaj\u0105cy w pe\u0142ni korzysta\u0107 z tego do\u015bwiadczenia bez martwienia si\u0119 o bud\u017cet.<\/span><\/li>\n<\/ul>\n<h2>Kroki do podj\u0119cia praktyki Erasmusa w stolarstwo:<\/h2>\n<p><span style=\"font-weight: 400;\">Aby wzi\u0105\u0107 udzia\u0142 w praktyce Erasmusa w dziedzinie stolarstwo, wa\u017cne jest, aby przej\u015b\u0107 przez kilka kluczowych krok\u00f3w:<\/span><\/p>\n<ol>\n<li style=\"font-weight: 400;\" aria-level=\"1\"><b>Poinformuj plac\u00f3wk\u0119 edukacyjn\u0105<\/b><span style=\"font-weight: 400;\">: Porozmawiaj o swoim projekcie praktyki za granic\u0105 ze swoj\u0105 szko\u0142\u0105 lub uczelni\u0105. Pomog\u0105 Ci znale\u017a\u0107 mo\u017cliwo\u015bci i przygotowa\u0107 swoj\u0105 aplikacj\u0119.<\/span><\/li>\n<li style=\"font-weight: 400;\" aria-level=\"1\"><b>Szukaj ofert praktyk:<\/b><span style=\"font-weight: 400;\"> Przeszukuj specjalistyczne platformy ofert praktyk za granic\u0105, a tak\u017ce firmy stolarskie posiadaj\u0105ce filie za granic\u0105. Nie wahaj si\u0119 sk\u0142ada\u0107 poda\u0144 nawet je\u015bli nie ma konkretnych ofert, poniewa\u017c niekt\u00f3re firmy mog\u0105 by\u0107 otwarte na przyj\u0119cie sta\u017cyst\u00f3w na \u017c\u0105danie.<\/span><\/li>\n<li style=\"font-weight: 400;\" aria-level=\"1\"><b>Sk\u0142adaj podania:<\/b><span style=\"font-weight: 400;\"> Przygotuj CV i list motywacyjny zgodnie z oczekiwaniami mi\u0119dzynarodowych pracodawc\u00f3w. Podkre\u015bl swoje umiej\u0119tno\u015bci techniczne i j\u0119zykowe, a tak\u017ce ch\u0119\u0107 nauki i adaptacji do nowego \u015brodowiska.<\/span><\/li>\n<li style=\"font-weight: 400;\" aria-level=\"1\"><b>Uzyskaj zgod\u0119 programu Erasmus<\/b><span style=\"font-weight: 400;\">: Gdy znajdziesz praktyk\u0119, skontaktuj si\u0119 z osob\u0105 odpowiedzialn\u0105 za program Erasmus w Twojej plac\u00f3wce, aby zatwierdzi\u0142 Twoj\u0105 aplikacj\u0119. Musisz wype\u0142ni\u0107 niezb\u0119dne dokumenty administracyjne, aby otrzyma\u0107 dotacj\u0119 na mobilno\u015b\u0107 i skorzysta\u0107 z korzy\u015bci programu.<\/span><\/li>\n<\/ol>\n<p>[\/vc_column_text][\/vc_column_inner][vc_column_inner width=&#8221;1\/12&#8243;][\/vc_column_inner][vc_column_inner width=&#8221;4\/12&#8243;][vc_single_image image=&#8221;18256&#8243; img_size=&#8221;400*400&#8243; alignment=&#8221;right&#8221; style=&#8221;vc_box_rounded&#8221;][vc_btn title=&#8221;Zobacz wi\u0119cej&#8221; style=&#8221;custom&#8221; custom_background=&#8221;#e20000&#8243; custom_text=&#8221;#ffffff&#8221; align=&#8221;center&#8221; link=&#8221;url:https%3A%2F%2Fespamob.com%2Fpl%2Fkontakt-z-polskim-konsultantem|title:Kontakt|target:_blank&#8221;][vc_video link=&#8221;https:\/\/youtube.com\/shorts\/sJcgebQJ1vQ&#8221; el_aspect=&#8221;916&#8243; align=&#8221;center&#8221;][\/vc_column_inner][\/vc_row_inner][vc_custom_heading text=&#8221;Przyk\u0142ad \u015bcie\u017cki praktyki w stolarstwo z programem Erasmus:&#8221; font_container=&#8221;tag:h3|text_align:left&#8221; use_theme_fonts=&#8221;yes&#8221; css=&#8221;.vc_custom_1705240927073{margin-top: 20px !important;}&#8221;][vc_separator][vc_row_inner][vc_column_inner width=&#8221;7\/12&#8243;][vc_column_text]Aby zilustrowa\u0107 mo\u017cliwo\u015bci oferowane przez praktyki Erasmus Plus z Espamob w Hiszpanii, oto konkretna opinie student\u00f3w specjalizuj\u0105cych si\u0119 w stolarstwie:<\/p>\n<h3>Profil studenta:<\/h3>\n<p>Mathis i Arthur, oboje maj\u0105 21 lat, s\u0105 w ostatniej klasie szko\u0142y zawodowej we Francji, specjalizuj\u0105 si\u0119 jako technicy stolarze-monta\u017cy\u015bci. Nap\u0119dzani ciekawo\u015bci\u0105, chc\u0105 pog\u0142\u0119bi\u0107 swoj\u0105 wiedz\u0119 i odkry\u0107 r\u00f3\u017cne umiej\u0119tno\u015bci na skal\u0119 mi\u0119dzynarodow\u0105, poza granicami Francji.<br \/>\nCi m\u0142odzi profesjonali\u015bci dziel\u0105 si\u0119 z nami swoj\u0105 przygod\u0105 i do\u015bwiadczeniami.<\/p>\n<h3>Cel praktyk:<\/h3>\n<p>W Barcelonie zesp\u00f3\u0142 Espamob zidentyfikowa\u0142 firm\u0119 specjalizuj\u0105c\u0105 si\u0119 w tej dziedzinie, b\u0119d\u0105c\u0105 punktem odniesienia w produkcji mebli z litego drewna na zam\u00f3wienie. Firma ta by\u0142a gotowa przyj\u0105\u0107 obu m\u0142odych ludzi na okres dw\u00f3ch tygodni, maj\u0105c na celu ich jak najlepsze szkolenie.<\/p>\n<h3>Zadania podczas praktyk:<\/h3>\n<p>\u00b7\u00a0\u00a0\u00a0\u00a0\u00a0\u00a0\u00a0\u00a0 Opracowywanie plan\u00f3w i szkic\u00f3w dla projekt\u00f3w renowacji.<br \/>\n\u00b7\u00a0\u00a0\u00a0\u00a0\u00a0\u00a0\u00a0\u00a0 Produkcja i monta\u017c mebli na zam\u00f3wienie (kuchnie, szafy, itp.).<br \/>\n\u00b7\u00a0\u00a0\u00a0\u00a0\u00a0\u00a0\u00a0\u00a0 Produkcja balustrad.<br \/>\n\u00b7\u00a0\u00a0\u00a0\u00a0\u00a0\u00a0\u00a0\u00a0 Monta\u017c luster.<br \/>\n\u00b7\u00a0\u00a0\u00a0\u00a0\u00a0\u00a0\u00a0\u00a0 Zapewnienie wyko\u0144czenia (ci\u0119cie, szlifowanie, lakierowanie, itp.).<br \/>\n\u00b7\u00a0\u00a0\u00a0\u00a0\u00a0\u00a0\u00a0\u00a0 Instalacja mebli u os\u00f3b prywatnych.<br \/>\n\u00b7\u00a0\u00a0\u00a0\u00a0\u00a0\u00a0\u00a0\u00a0 Operacje ci\u0119cia drewna.<br \/>\n\u00b7\u00a0\u00a0\u00a0\u00a0\u00a0\u00a0\u00a0\u00a0 Pomoc w zebraniach na placu budowy i komunikacja z klientami.<\/p>\n<h3><\/h3>\n<h3><\/h3>\n<h3>Wyniki praktyki:<\/h3>\n<p>Do\u015bwiadczenie pozwoli\u0142o Arthurowi i Mathisowi zanurzy\u0107 si\u0119 w hiszpa\u0144skim rzemio\u015ble, odkrywaj\u0105c nowe techniki i metody &#8211; \u017ar\u00f3d\u0142o wzbogacenia dla ich przysz\u0142ej \u015bcie\u017cki zawodowej. Praktyka za granic\u0105 przyczyni\u0142a si\u0119 tak\u017ce do wzmocnienia i poprawy ich umiej\u0119tno\u015bci j\u0119zykowych. Pomimo bariery j\u0119zykowej szybko uda\u0142o im si\u0119 nawi\u0105za\u0107 wi\u0119zi z zespo\u0142em. W rezultacie rozwijali nowe umiej\u0119tno\u015bci zar\u00f3wno w sferze zawodowej, jak i osobistej.<\/p>\n<p>[\/vc_column_text][\/vc_column_inner][vc_column_inner width=&#8221;1\/12&#8243;][\/vc_column_inner][vc_column_inner width=&#8221;4\/12&#8243;][vc_raw_html]JTNDZGl2JTIwc3R5bGUlM0QlMjJwYWRkaW5nJTNBJTIwMzBweCUzQmJhY2tncm91bmQtY29sb3IlM0ElMjAlMjNGNEY0RjQlM0IlMjIlM0UlMEElMjAlMjAlMjAlMjAlM0NoNCUzRU9ka3J5aiUyMHdzenlzdGtpZSUyMHNla3RvcnklMjBwcmFrdHlrJTNDJTJGaDQlM0UlMEElMjAlMjAlMjAlMjAlM0NwJTNFRXNwYW1vYiUyMHNwZWNqYWxpenVqZSUyMHNpJUM0JTk5JTIwdyUyMHBvbWFnYW5pdSUyMGdydXBvbSUyMHclMjBtb2JpbG5vJUM1JTlCY2klMjB3JTIwcmFtYWNoJTIwcHJvZ3JhbXUlMjBFcmFzbXVzJTIwJTJCLiUyMERvd2llZHolMjBzaSVDNCU5OSUyMG8lMjB3c3p5c3RraWNoJTIwc2VrdG9yYWNoJTIwcHJha3R5ayUyMEVyYXNtdXMlMjB3JTIwSGlzenBhbmlpJTIwemElMjBwb21vYyVDNCU4NSUyMGtpbGt1JTIwa2xpa25pJUM0JTk5JUM0JTg3LiUzQyUyRnAlM0UlMEElMjAlMjAlMjAlMjAlM0NhJTIwY2xhc3MlM0QlMjJ2Y19nZW5lcmFsJTIwdmNfYnRuMyUyMHZjX2J0bjMtc2l6ZS1tZCUyMHZjX2J0bjMtc2hhcGUtZGVmYXVsdCUyMHZjX2J0bjMtc3R5bGUtY3VzdG9tJTIwd3BiX2N1c3RvbV82Njg3YjI2ZjM5NDg4ZGRiYjg1ZGRiM2MxY2U4ZTExMSUyMGJ0biUyMiUyMHN0eWxlJTNEJTIyYmFja2dyb3VuZC1jb2xvciUzQSUyM2UyMDAwMCUzQiUyMGNvbG9yJTNBJTIzZmZmZmZmJTNCJTIwYmFja2dyb3VuZC1jb2xvciUzQSUyM2UyMDAwMCUzQiUyMGNvbG9yJTNBJTIzZmZmZmZmJTNCJTIyJTIwaHJlZiUzRCUyMmh0dHBzJTNBJTJGJTJGd3d3LmVzcGFtb2IuY29tJTJGcGwlMkZwcmFrdHlraS16YXdvZG93ZS1lcmFzbXVzJTJGJTIyJTIwdGl0bGUlM0QlMjJTZWt0b3J5JTIwc3RhJUM1JUJDb3dlJTIyJTIwdGFyZ2V0JTNEJTIyX2JsYW5rJTIyJTNFT2RrcnlqJTIwc2VrdG9yeSUzQyUyRmElM0UlMEElM0MlMkZkaXYlM0U=[\/vc_raw_html][vc_custom_heading text=&#8221;Odkryj opinie uczestnik\u00f3w programu Erasmus +:&#8221; font_container=&#8221;tag:h4|text_align:left&#8221; use_theme_fonts=&#8221;yes&#8221;][vc_separator][vc_column_text]<\/p>\n<blockquote class=\"instagram-media\" style=\"background: #FFF; border: 0; border-radius: 3px; box-shadow: 0 0 1px 0 rgba(0,0,0,0.5),0 1px 10px 0 rgba(0,0,0,0.15); margin: 1px; max-width: 540px; min-width: 326px; padding: 0; width: calc(100% - 2px);\" data-instgrm-permalink=\"https:\/\/www.instagram.com\/reel\/C2fitmUMexf\/?utm_source=ig_embed&amp;utm_campaign=loading\" data-instgrm-version=\"14\">\n<div style=\"padding: 16px;\">\n<p>&nbsp;<\/p>\n<div style=\"display: flex; flex-direction: row; align-items: center;\">\n<div style=\"background-color: #f4f4f4; border-radius: 50%; flex-grow: 0; height: 40px; margin-right: 14px; width: 40px;\"><\/div>\n<div style=\"display: flex; flex-direction: column; flex-grow: 1; justify-content: center;\">\n<div style=\"background-color: #f4f4f4; border-radius: 4px; flex-grow: 0; height: 14px; margin-bottom: 6px; width: 100px;\"><\/div>\n<div style=\"background-color: #f4f4f4; border-radius: 4px; flex-grow: 0; height: 14px; width: 60px;\"><\/div>\n<\/div>\n<\/div>\n<div style=\"padding: 19% 0;\"><\/div>\n<div style=\"display: block; height: 50px; margin: 0 auto 12px; width: 50px;\"><\/div>\n<div style=\"padding-top: 8px;\">\n<div style=\"color: #3897f0; font-family: Arial,sans-serif; font-size: 14px; font-style: normal; font-weight: 550; line-height: 18px;\">Ver esta publicaci\u00f3n en Instagram<\/div>\n<\/div>\n<div style=\"padding: 12.5% 0;\"><\/div>\n<div style=\"display: flex; flex-direction: row; margin-bottom: 14px; align-items: center;\">\n<div>\n<div style=\"background-color: #f4f4f4; border-radius: 50%; height: 12.5px; width: 12.5px; transform: translateX(0px) translateY(7px);\"><\/div>\n<div style=\"background-color: #f4f4f4; height: 12.5px; transform: rotate(-45deg) translateX(3px) translateY(1px); width: 12.5px; flex-grow: 0; margin-right: 14px; margin-left: 2px;\"><\/div>\n<div style=\"background-color: #f4f4f4; border-radius: 50%; height: 12.5px; width: 12.5px; transform: translateX(9px) translateY(-18px);\"><\/div>\n<\/div>\n<div style=\"margin-left: 8px;\">\n<div style=\"background-color: #f4f4f4; border-radius: 50%; flex-grow: 0; height: 20px; width: 20px;\"><\/div>\n<div style=\"width: 0; height: 0; border-top: 2px solid transparent; border-left: 6px solid #f4f4f4; border-bottom: 2px solid transparent; transform: translateX(16px) translateY(-4px) rotate(30deg);\"><\/div>\n<\/div>\n<div style=\"margin-left: auto;\">\n<div style=\"width: 0px; border-top: 8px solid #F4F4F4; border-right: 8px solid transparent; transform: translateY(16px);\"><\/div>\n<div style=\"background-color: #f4f4f4; flex-grow: 0; height: 12px; width: 16px; transform: translateY(-4px);\"><\/div>\n<div style=\"width: 0; height: 0; border-top: 8px solid #F4F4F4; border-left: 8px solid transparent; transform: translateY(-4px) translateX(8px);\"><\/div>\n<\/div>\n<\/div>\n<div style=\"display: flex; flex-direction: column; flex-grow: 1; justify-content: center; margin-bottom: 24px;\">\n<div style=\"background-color: #f4f4f4; border-radius: 4px; flex-grow: 0; height: 14px; margin-bottom: 6px; width: 224px;\"><\/div>\n<div style=\"background-color: #f4f4f4; border-radius: 4px; flex-grow: 0; height: 14px; width: 144px;\"><\/div>\n<\/div>\n<p>&nbsp;<\/p>\n<p style=\"color: #c9c8cd; font-family: Arial,sans-serif; font-size: 14px; line-height: 17px; margin-bottom: 0; margin-top: 8px; overflow: hidden; padding: 8px 0 7px; text-align: center; text-overflow: ellipsis; white-space: nowrap;\"><a style=\"color: #c9c8cd; font-family: Arial,sans-serif; font-size: 14px; font-style: normal; font-weight: normal; line-height: 17px; text-decoration: none;\" href=\"https:\/\/www.instagram.com\/reel\/C2fitmUMexf\/?utm_source=ig_embed&amp;utm_campaign=loading\" target=\"_blank\" rel=\"noopener\">Una publicaci\u00f3n compartida de ESPAMOB&#8217; &#8211; ERASMUS+ (@espamobspain)<\/a><\/p>\n<\/div>\n<\/blockquote>\n<p><script async src=\"\/\/www.instagram.com\/embed.js\"><\/script>[\/vc_column_text][\/vc_column_inner][\/vc_row_inner][\/vc_column][\/vc_row][vc_row full_width=&#8221;stretch_row&#8221; wrap_container=&#8221;yes&#8221; is_section=&#8221;yes&#8221; css=&#8221;.vc_custom_1705069960460{border-top-width: 0px !important;padding-top: 15px !important;padding-bottom: 15px !important;background-color: #f8f392 !important;}&#8221; conditional_render=&#8221;%5B%7B%22value_role%22%3A%22administrator%22%7D%5D&#8221;][vc_column][vc_row_inner css=&#8221;.vc_custom_1688548648248{background-color: #f8f392 !important;}&#8221;][vc_column_inner][vc_custom_heading text=&#8221;Popro\u015b o bezp\u0142atn\u0105 wycen\u0119&#8221; font_container=&#8221;tag:h2|text_align:center&#8221; use_theme_fonts=&#8221;yes&#8221;][vc_column_text]<\/p>\n<p style=\"text-align: justify;\">Masz pomys\u0142 na projekt Erasmus+ w Hiszpanii i szukasz zaufanej agencji, kt\u00f3ra Ci\u0119 wesprze?\u00a0<strong>Espamob<\/strong>\u2019 jest tutaj, aby Ci pom\u00f3c! Oferujemy bezp\u0142atn\u0105 i niezobowi\u0105zuj\u0105c\u0105 wycen\u0119, kt\u00f3ra pomo\u017ce Ci zarz\u0105dza\u0107 projektem mobilno\u015bci. Dzi\u0119ki naszemu do\u015bwiadczeniu i sieci firm partnerskich mo\u017cemy zaoferowa\u0107 spersonalizowane wsparcie, aby spe\u0142ni\u0107 Twoje specyficzne potrzeby. Skontaktuj si\u0119 z nami ju\u017c teraz, aby om\u00f3wi\u0107 sw\u00f3j projekt i otrzyma\u0107 bezp\u0142atn\u0105 wycen\u0119.<\/p>\n<p>[\/vc_column_text]<div id=\"modal-trg-txt-wrap-5877\" class=\"ult-modal-input-wrapper ult-adjust-bottom-margin    \" data-keypress-control=\"keypress-control-enable\" data-overlay-control=\"overlay-control-enable\"><style>\n\t\t\t\t\t.btn-modal.btn-id-69e7ce974d8b38-92335155:hover {\n\t\t\t\t\t\tbackground-color: #e20000 !important;\n\t\t\t\t\t}\n\t\t\t\t\t<\/style><button  data-ultimate-target='#modal-trg-txt-wrap-5877 .btn-modal'  data-responsive-json-new='{\"font-size\":\"\",\"line-height\":\"\"}'  style=\"background:#888888;border-color:#888888;color:#ffffff; \" data-class-id=\"content-69e7ce974d8b38-92335155\" class=\"btn-modal ult-responsive btn-primary btn-modal-md overlay-show ult-align-center btn-id-69e7ce974d8b38-92335155\" data-overlay-class=\"overlay-cornerbottomleft\">ZAM\u00d3W BEZP\u0141ATN\u0104 WYCEN\u0118<\/button><\/div>\n<div class=\"ult-overlay content-69e7ce974d8b38-92335155 \" data-class=\"content-69e7ce974d8b38-92335155\" id=\"button-click-overlay\" style=\"background:rgba(51,51,51,0.8); display:none;\">\n\t<div class=\"ult_modal ult-fade ult-medium\">\n\t\t<div id=\"ult-modal-wrap-4654\" class=\"ult_modal-content ult-hide\" style=\"border-style:solid;border-width:2px;border-radius:0px;border-color:#333333;\">\n\t\t\t<div class=\"ult_modal-header\" style=\"color:#333333;border-color:#333333;\">\n\t\t\t\t<h3  data-ultimate-target='#ult-modal-wrap-4654 .ult_modal-title'  data-responsive-json-new='{\"font-size\":\"\",\"line-height\":\"\"}'  class=\"ult_modal-title ult-responsive\">ZAM\u00d3W BEZP\u0141ATN\u0104 WYCEN\u0118<\/h3>\n\t\t\t<\/div>\n\t\t\t<div  data-ultimate-target='#ult-modal-wrap-4654 .ult_modal-body'  data-responsive-json-new='{\"font-size\":\"\",\"line-height\":\"\"}'  class=\"ult_modal-body ult-responsive ult-html\" style=\"\">\n\t\t\t<\/p>\n<p>[caldera_form id=&#8221;CF6149e02688efa&#8221;]<\/p>\n<p>\n\t\t\t<\/div>\n\t<\/div>\n\t<\/div>\n\t<div class=\"ult-overlay-close top-right\" style=\"width:80px;height:80px; \"><div class=\"ult-overlay-close-inside\">Close<\/div><\/div>\n<\/div>[\/vc_column_inner][\/vc_row_inner][\/vc_column][\/vc_row][vc_row wrap_container=&#8221;yes&#8221; css=&#8221;.vc_custom_1689256499740{margin-top: 15px !important;}&#8221; conditional_render=&#8221;%5B%7B%22value_role%22%3A%22administrator%22%7D%5D&#8221;][vc_column][vc_custom_heading text=&#8221;Cz\u0119sto zadawane pytania&#8221; font_container=&#8221;tag:h2|text_align:center|color:%23000000&#8243; use_theme_fonts=&#8221;yes&#8221;][vc_separator][vc_row_inner][vc_column_inner width=&#8221;7\/12&#8243;][vc_column_text]<\/p>\n<h3>Co oferuje Espamob jako wsparcie dla grupy chc\u0105cej odby\u0107 praktyki Erasmusa w stolarstwo w Hiszpanii?<\/h3>\n<p><span style=\"font-weight: 400;\">Espamob oferuje kompleksowe wsparcie dla grup pragn\u0105cych odby\u0107 praktyki Erasmusa w stolarstwo w Hiszpanii. Agencja zarz\u0105dza projektem od A do Z, pomagaj\u0105c w tworzeniu projektu, poszukiwaniu finansowania, przyj\u0119ciu w plac\u00f3wkach edukacyjnych i partneruj\u0105cych firmach na praktyki, a tak\u017ce w poszukiwaniu zakwaterowania na miejscu oraz odbiorze grup z lotniska.<\/span><\/p>\n<h3>Jakie s\u0105 korzy\u015bci z wyboru Espamob dla praktyk Erasmusa w stolarstwo w Hiszpanii?<\/h3>\n<p><span style=\"font-weight: 400;\">Wyb\u00f3r Espamob dla praktyk Erasmusa w stolarstwo w Hiszpanii niesie ze sob\u0105 kilka korzy\u015bci. Po pierwsze, agencja oferuje kompleksowe wsparcie, co pozwala grupom skoncentrowa\u0107 si\u0119 na swoim projekcie i korzysta\u0107 z pomocy na ka\u017cdym etapie. Ponadto Espamob posiada rozleg\u0142\u0105 sie\u0107 partner\u00f3w tj. plac\u00f3wek edukacyjnych i firm w Hiszpanii, co gwarantuje wysokiej jako\u015bci mo\u017cliwo\u015bci praktyk w dziedzinie stolarstwa. Wreszcie, agencja zajmuje si\u0119 tak\u017ce organizacj\u0105 praktyczn\u0105 pobytu, znajduj\u0105c odpowiednie zakwaterowanie i zapewniaj\u0105c transfer z lotniska.<\/span><\/p>\n<h3>Jak Espamob pomaga grupom w finansowaniu ich praktyk Erasmusa w stolarstwo w Hiszpanii?<\/h3>\n<p><span style=\"font-weight: 400;\">Espamob pomaga grupom w finansowaniu praktyk Erasmusa w stolarstwo w Hiszpanii, udzielaj\u0105c wsparcia w poszukiwaniu finansowania. Agencja udziela porad i dostarcza zasob\u00f3w do identyfikacji r\u00f3\u017cnych dost\u0119pnych \u017ar\u00f3de\u0142 finansowania, takich jak stypendia Erasmus+, dotacje krajowe lub regionalne, partnerstwa z firmami itp. Espamob mo\u017ce r\u00f3wnie\u017c pom\u00f3c w redagowaniu wniosk\u00f3w o finansowanie i przygotowywaniu ewentualnych rozm\u00f3w kwalifikacyjnych.<\/span>[\/vc_column_text][\/vc_column_inner][vc_column_inner width=&#8221;1\/12&#8243;][\/vc_column_inner][vc_column_inner width=&#8221;4\/12&#8243;][vc_single_image image=&#8221;15077&#8243; img_size=&#8221;full&#8221;][vc_column_text]<b>Dowiedz si\u0119 wi\u0119cej o r\u00f3\u017cnych miejscach Erasmus+ w Hiszpanii:\u00a0<\/b><\/p>\n<ul>\n<li><a href=\"https:\/\/espamob.com\/pl\/praktyki-zawodowe-erasmus\/budowlanym\/praktyki-erasmus-glazurnictwo\/\"><span style=\"font-weight: 400;\">Sta\u017c Erasmus Glazurnictwo<\/span><\/a><\/li>\n<li><a href=\"https:\/\/espamob.com\/pl\/praktyki-zawodowe-erasmus\/budowlanym\/praktyki-erasmus-murarstwo\/\"><span style=\"font-weight: 400;\">Sta\u017c Erasmus Murarstwo<\/span><\/a><\/li>\n<li><a href=\"https:\/\/espamob.com\/pl\/praktyki-zawodowe-erasmus\/budowlanym\/praktyki-erasmus-elektryka\/\"><span style=\"font-weight: 400;\">Sta\u017c Erasmus Elektryka<\/span><\/a><\/li>\n<li><a href=\"https:\/\/espamob.com\/pl\/praktyki-zawodowe-erasmus\/budowlanym\/praktyki-erasmus-malarstwo-budowlane\/\"><span style=\"font-weight: 400;\">Sta\u017c Erasmus Malarstwo Budowlane<\/span><\/a><\/li>\n<li><a href=\"https:\/\/espamob.com\/pl\/praktyki-zawodowe-erasmus\/budowlanym\/praktyki-erasmus-meblarstwo\/\"><span style=\"font-weight: 400;\">Sta\u017c Erasmus Tokarstwo artystyczne\u00a0<\/span><\/a><\/li>\n<li><a href=\"https:\/\/espamob.com\/pl\/praktyki-zawodowe-erasmus\/budowlanym\/praktyki-erasmus-hydraulika\/\"><span style=\"font-weight: 400;\">Sta\u017c Erasmus Hydraulika<\/span><\/a><\/li>\n<\/ul>\n<p>[\/vc_column_text][\/vc_column_inner][\/vc_row_inner][\/vc_column][\/vc_row]<\/p>\n<\/div>","protected":false},"excerpt":{"rendered":"<p>[vc_row css=&#8221;.vc_custom_1704997815191{margin-top: -20px !important;margin-bottom: 40px !important;background-image: url(https:\/\/espamob.com\/wp-content\/uploads\/2024\/01\/Carpinteria.webp?id=22474) !important;}&#8221; conditional_render=&#8221;%5B%7B%22value_role%22%3A%22administrator%22%7D%5D&#8221;][vc_column css=&#8221;.vc_custom_1687965657482{padding-top: 30px !important;}&#8221; conditional_render=&#8221;%5B%7B%22value_role%22%3A%22administrator%22%7D%5D&#8221;][vc_empty_space height=&#8221;170&#8243;][vc_custom_heading text=&#8221;Praktyka zawodowa Erasmus : Stolarstwo&#8221; font_container=&#8221;tag:h1|font_size:27|text_align:center|color:%23ffffff&#8221; use_theme_fonts=&#8221;yes&#8221; css=&#8221;.vc_custom_1705069619842{margin-bottom: 15px !important;background-color: rgba(136,136,136,0.29) !important;*background-color: rgb(136,136,136) !important;}&#8221; animation_type=&#8221;zoomIn&#8221;][vc_empty_space height=&#8221;40&#8243;][\/vc_column][\/vc_row][vc_row wrap_container=&#8221;yes&#8221; text_align=&#8221;justify&#8221;][vc_column text_align=&#8221;justify&#8221;][vc_column_text] Home Sektory sta\u017cowe Mobilno\u015b\u0107 w sektorze budowlanym Praktyka zawodowa Erasmus: Stolarstwo [\/vc_column_text][vc_custom_heading text=&#8221;Erasmus w zakresie stolarstwa: Zwi\u0119ksz swoj\u0105 karier\u0119 dzi\u0119ki praktykom Erasmusa<\/p>\n","protected":false},"author":2,"featured_media":0,"parent":13162,"menu_order":0,"comment_status":"closed","ping_status":"closed","template":"","meta":{"footnotes":""},"class_list":["post-22504","page","type-page","status-publish","hentry"],"_links":{"self":[{"href":"https:\/\/espamob.com\/pl\/wp-json\/wp\/v2\/pages\/22504","targetHints":{"allow":["GET"]}}],"collection":[{"href":"https:\/\/espamob.com\/pl\/wp-json\/wp\/v2\/pages"}],"about":[{"href":"https:\/\/espamob.com\/pl\/wp-json\/wp\/v2\/types\/page"}],"author":[{"embeddable":true,"href":"https:\/\/espamob.com\/pl\/wp-json\/wp\/v2\/users\/2"}],"replies":[{"embeddable":true,"href":"https:\/\/espamob.com\/pl\/wp-json\/wp\/v2\/comments?post=22504"}],"version-history":[{"count":0,"href":"https:\/\/espamob.com\/pl\/wp-json\/wp\/v2\/pages\/22504\/revisions"}],"up":[{"embeddable":true,"href":"https:\/\/espamob.com\/pl\/wp-json\/wp\/v2\/pages\/13162"}],"wp:attachment":[{"href":"https:\/\/espamob.com\/pl\/wp-json\/wp\/v2\/media?parent=22504"}],"curies":[{"name":"wp","href":"https:\/\/api.w.org\/{rel}","templated":true}]}}