{"id":22500,"date":"2023-08-14T00:00:00","date_gmt":"2023-08-14T00:00:00","guid":{"rendered":"https:\/\/www.espamob.com\/praktyki-zawodowe-erasmus\/btp\/stage-erasmus-peintre-en-batiment\/"},"modified":"2024-03-04T22:43:41","modified_gmt":"2024-03-04T22:43:41","slug":"praktyki-erasmus-malarstwo-budowlane","status":"publish","type":"page","link":"https:\/\/espamob.com\/pl\/praktyki-zawodowe-erasmus\/budowlanym\/praktyki-erasmus-malarstwo-budowlane\/","title":{"rendered":"Stage Erasmus : Peintre en b\u00e2timent"},"content":{"rendered":"<div class=\"wpb-content-wrapper\"><p>[vc_row css=&#8221;.vc_custom_1704997744585{margin-top: -20px !important;margin-bottom: 40px !important;background-image: url(https:\/\/espamob.com\/wp-content\/uploads\/2024\/01\/Pintura-para-edificios.webp?id=22468) !important;}&#8221; conditional_render=&#8221;%5B%7B%22value_role%22%3A%22administrator%22%7D%5D&#8221;][vc_column css=&#8221;.vc_custom_1687965657482{padding-top: 30px !important;}&#8221; conditional_render=&#8221;%5B%7B%22value_role%22%3A%22administrator%22%7D%5D&#8221;][vc_empty_space height=&#8221;170&#8243;][vc_custom_heading text=&#8221;Praktyki Erasmus: Malarstwo budowlane&#8221; font_container=&#8221;tag:h1|font_size:27|text_align:center|color:%23ffffff&#8221; use_theme_fonts=&#8221;yes&#8221; css=&#8221;.vc_custom_1705068734725{margin-bottom: 15px !important;background-color: rgba(136,136,136,0.29) !important;*background-color: rgb(136,136,136) !important;}&#8221; animation_type=&#8221;zoomIn&#8221;][vc_empty_space height=&#8221;40&#8243;][\/vc_column][\/vc_row][vc_row wrap_container=&#8221;yes&#8221; text_align=&#8221;justify&#8221;][vc_column text_align=&#8221;justify&#8221;][vc_column_text]<\/p>\n<nav aria-label=\"breadcrumb\">\n<ol class=\"breadcrumb\">\n<li class=\"breadcrumb-item\"><a href=\"https:\/\/espamob.com\/pl\">Home<\/a><\/li>\n<li class=\"breadcrumb-item\"><a href=\"https:\/\/espamob.com\/pl\/praktyki-zawodowe-erasmus\">Sektory sta\u017cowe<\/a><\/li>\n<li class=\"breadcrumb-item active\" aria-current=\"page\"><a href=\"https:\/\/espamob.com\/pl\/praktyki-zawodowe-erasmus\/btp\/\">Mobilno\u015b\u0107 w sektorze budowlanym<\/a><\/li>\n<li class=\"breadcrumb-item active\" aria-current=\"page\">Praktyka zawodowa Erasmus: Malarstwo budowlane<\/li>\n<\/ol>\n<\/nav>\n<p>[\/vc_column_text][vc_custom_heading text=&#8221;Rozwijaj swoj\u0105 karier\u0119 dzi\u0119ki praktykom Erasmus w dziedzinie malarstwa budowlanego&#8221; use_theme_fonts=&#8221;yes&#8221; css=&#8221;.vc_custom_1705068785774{margin-top: 20px !important;}&#8221;][vc_separator][vc_row_inner][vc_column_inner width=&#8221;7\/12&#8243;][vc_column_text]<span style=\"font-weight: 400;\">Program Erasmus to doskona\u0142a okazja dla uczni\u00f3w i m\u0142odych profesjonalist\u00f3w, kt\u00f3rzy chc\u0105 wzbogaci\u0107 swoj\u0105 \u015bcie\u017ck\u0119 zawodow\u0105 w dziedzinie malarstwa budowlanego. Bior\u0105c udzia\u0142 w <strong>praktykach Erasmus jako malarz budowlany<\/strong>, b\u0119dziesz m\u00f3g\u0142 rozwija\u0107 swoje umiej\u0119tno\u015bci, poznawa\u0107 nowe techniki i pracowa\u0107 w mi\u0119dzynarodowym otoczeniu. W tym artykule zbadamy r\u00f3\u017cne aspekty tego rodzaju praktyk oraz korzy\u015bci, jakie mog\u0105 przynie\u015b\u0107 tym, kt\u00f3rzy zdecyduj\u0105 si\u0119 z nich skorzysta\u0107.<\/span><\/p>\n<h2>Czym s\u0105 praktyki Erasmus jako malarstwo budowlane?<\/h2>\n<p><span style=\"font-weight: 400;\">Praktyki Erasmus jako malarstwo budowlane to do\u015bwiadczenie zawodowe realizowane w ramach programu Erasmus+, kt\u00f3ry umo\u017cliwia studentom i m\u0142odym absolwentom zdobycie do\u015bwiadczenia za granic\u0105 w swojej dziedzinie studi\u00f3w lub pracy. Ten rodzaj praktyk ma na celu <strong>specjalistyczne szkolenie profesjonalist\u00f3w w malarstwo budowlane<\/strong>, oferuj\u0105c im mo\u017cliwo\u015b\u0107 nauki nowych technik i metod pracy w europejskich przedsi\u0119biorstwach specjalizuj\u0105cych si\u0119 w tej dziedzinie.<\/span><\/p>\n<h3>Cele praktyk<\/h3>\n<p><span style=\"font-weight: 400;\">G\u0142\u00f3wnym celem praktyk Erasmus jako malarstwo budowlane jest zapewnienie uczestnikom okazji do <strong>zdobycia nowych umiej\u0119tno\u015bci i wiedzy<\/strong> w swojej dziedzinie. Ponadto ten rodzaj praktyk pozwala sta\u017cystom zanurzy\u0107 si\u0119 w innym \u015brodowisku zawodowym i kulturowym, co sprzyja ich zdolno\u015bci do <strong>adaptacji oraz otwarto\u015bci umys\u0142u<\/strong>.<\/span><\/p>\n<h2>Korzy\u015bci z praktyk Erasmus w bran\u017cy malarstwo budowlane<\/h2>\n<p><span style=\"font-weight: 400;\">Udzia\u0142 w praktykach Erasmus jako malarz budowlany niesie wiele korzy\u015bci dla uczestnik\u00f3w. Oto kilka powod\u00f3w, dla kt\u00f3rych warto rozwa\u017cy\u0107 t\u0119 mo\u017cliwo\u015b\u0107:\u00a0<\/span><\/p>\n<ul>\n<li style=\"font-weight: 400;\" aria-level=\"1\"><span style=\"font-weight: 400;\"><strong>Rozw\u00f3j umiej\u0119tno\u015bci technicznych<\/strong>: Pracuj\u0105c z profesjonalistami w dziedzinie malarstwa budowlanego, nauczysz si\u0119 nowych technik i metod pracy, kt\u00f3re mog\u0105 by\u0107 bardzo przydatne w twojej przysz\u0142ej karierze.\u00a0<\/span><\/li>\n<li style=\"font-weight: 400;\" aria-level=\"1\"><span style=\"font-weight: 400;\"><strong>Nauka nowych j\u0119zyk\u00f3w<\/strong>: Praktyki za granic\u0105 to doskona\u0142a okazja do nauki lub doskonalenia umiej\u0119tno\u015bci j\u0119zykowych, zw\u0142aszcza je\u015bli wybierzesz kraj, kt\u00f3rego j\u0119zyka jeszcze nie znasz.\u00a0<\/span><\/li>\n<li style=\"font-weight: 400;\" aria-level=\"1\"><span style=\"font-weight: 400;\"><strong>Wzmacnianie sieci zawodowej<\/strong>: Realizuj\u0105c praktyki Erasmus jako malarz budowlany, masz okazj\u0119 spotka\u0107 si\u0119 i pracowa\u0107 z profesjonalistami w tej dziedzinie, co mo\u017ce przyczyni\u0107 si\u0119 do rozwini\u0119cia Twojej sieci kontakt\u00f3w zawodowych i u\u0142atwi\u0107 przysz\u0142e wej\u015bcie na rynek pracy.\u00a0<\/span><\/li>\n<li style=\"font-weight: 400;\" aria-level=\"1\"><span style=\"font-weight: 400;\"><strong>Odkrywanie nowej kultury<\/strong>: \u017bycie i praca w innym kraju pozwoli Ci zapozna\u0107 si\u0119 z jego kultur\u0105, tradycjami i stylem \u017cycia. To do\u015bwiadczenie b\u0119dzie nie tylko wzbogacaj\u0105ce pod wzgl\u0119dem osobistym, ale tak\u017ce korzystne dla Twojej kariery, \u015bwiadcz\u0105c o Twojej zdolno\u015bci do adaptacji i elastyczno\u015bci.<\/span><\/li>\n<\/ul>\n<p>[\/vc_column_text][\/vc_column_inner][vc_column_inner width=&#8221;1\/12&#8243;][\/vc_column_inner][vc_column_inner width=&#8221;4\/12&#8243;][vc_single_image image=&#8221;18273&#8243; img_size=&#8221;400*400&#8243; alignment=&#8221;right&#8221; style=&#8221;vc_box_rounded&#8221;][vc_btn title=&#8221;Zobacz wi\u0119cej&#8221; style=&#8221;custom&#8221; custom_background=&#8221;#e20000&#8243; custom_text=&#8221;#ffffff&#8221; align=&#8221;center&#8221; link=&#8221;url:https%3A%2F%2Fespamob.com%2Fpl%2Fkontakt-z-polskim-konsultantem|title:Kontakt|target:_blank&#8221;][\/vc_column_inner][\/vc_row_inner][vc_custom_heading text=&#8221;Jak osi\u0105gn\u0105\u0107 sukces w praktyce Erasmus w zawodzie malarz budowlany?&#8221; font_container=&#8221;tag:h3|text_align:left&#8221; use_theme_fonts=&#8221;yes&#8221; css=&#8221;.vc_custom_1709199384292{margin-top: 20px !important;}&#8221;][vc_separator][vc_row_inner][vc_column_inner width=&#8221;7\/12&#8243;][vc_column_text]Aby jak najlepiej wykorzysta\u0107 t\u0119 do\u015bwiadczenie, nale\u017cy by\u0107 proaktywnym i dobrze przygotowanym. Oto kilka przydatnych wskaz\u00f3wek:<\/p>\n<ul>\n<li style=\"font-weight: 400;\"><strong>Dowiedz\u00a0si\u0119 wi\u0119cej na temat firmy przyjmuj\u0105cej:<\/strong>wa\u017cne jest, aby pozna\u0107 ich g\u0142\u00f3wne dzia\u0142ania i rodzaje plac\u00f3w budowlanych, na kt\u00f3rych pracuj\u0105.<\/li>\n<li><strong>Przygotuj si\u0119 do wyjazdu:<\/strong>upewnij si\u0119, \u017ce masz wszystkie niezb\u0119dne dokumenty (paszport, wiza, umowa sta\u017cowa itp.) i zapoznaj si\u0119 z procedurami, kt\u00f3re trzeba wykona\u0107 przed przyjazdem do kraju goszcz\u0105cego.<\/li>\n<li style=\"font-weight: 400;\"><strong>Dostosuj si\u0119 do lokalnej kultury:<\/strong>wykazuj si\u0119 otwarto\u015bci\u0105 umys\u0142u i rozmawiaj z lud\u017ami wok\u00f3\u0142 Ciebie. To pomo\u017ce Ci czu\u0107 si\u0119 bardziej komfortowo i dowiedzie\u0107 si\u0119 wi\u0119cej o kulturze kraju.<\/li>\n<li style=\"font-weight: 400;\"><strong>Poka\u017c ciekawo\u015b\u0107 i motywacj\u0119:<\/strong>je\u015bli masz jakie\u015b w\u0105tpliwo\u015bci lub chcesz dowiedzie\u0107 si\u0119 wi\u0119cej, nie wahaj si\u0119 pyta\u0107. To poka\u017ce Twoje zainteresowanie bran\u017c\u0105 i wzmocni zaufanie Twojego opiekuna do Ciebie.<\/li>\n<\/ul>\n<p style=\"font-weight: 400;\">Podsumowuj\u0105c, praktyka Erasmus w\u00a0\u00a0zawodzie malarz budowlany\u00a0to wyj\u0105tkowa okazja dla uczni\u00f3w. Oferuje ona szans\u0119 na zdobycie nowych umiej\u0119tno\u015bci, nauk\u0119 r\u00f3\u017cnych technik pracy i nawi\u0105zanie mi\u0119dzynarodowych kontakt\u00f3w zawodowych. Aby w pe\u0142ni korzysta\u0107 z tego bogatego do\u015bwiadczenia, konieczne s\u0105 staranne przygotowania i ciekawa, pe\u0142na motywacji postawa przez ca\u0142y sta\u017c.<\/p>\n<p style=\"font-weight: 400;\"><span style=\"text-decoration: underline;\">Ocena do\u015bwiadczenia Alexii:<\/span><\/p>\n<p style=\"font-weight: 400;\">Ta m\u0142oda francuska uczennica odby\u0142a dwutygodniowy sta\u017c w Barcelonie pod opiek\u0105 Carlosa, malarza budowlanego. Podczas jej pobytu, asystowa\u0142a swojemu mentorowi przy r\u00f3\u017cnych projektach, w tym przemalowywaniu sufit\u00f3w i \u015bcian w r\u00f3\u017cnych przestrzeniach budynku (salon, kuchnia, biuro, sypialnia, \u0142azienka&#8230;). To do\u015bwiadczenie w Hiszpanii zmusi\u0142o j\u0105 do wyj\u015bcia ze swojej strefy komfortu, co b\u0119dzie niezwykle pouczaj\u0105ce i korzystne dla jej przysz\u0142ej kariery zawodowej.<\/p>\n<p>[\/vc_column_text][\/vc_column_inner][vc_column_inner width=&#8221;1\/12&#8243;][\/vc_column_inner][vc_column_inner width=&#8221;4\/12&#8243;][vc_raw_html]JTNDZGl2JTIwc3R5bGUlM0QlMjJwYWRkaW5nJTNBJTIwMzBweCUzQmJhY2tncm91bmQtY29sb3IlM0ElMjAlMjNGNEY0RjQlM0IlMjIlM0UlMEElMjAlMjAlMjAlMjAlM0NoNCUzRU9ka3J5aiUyMHdzenlzdGtpZSUyMHNla3RvcnklMjBwcmFrdHlrJTNDJTJGaDQlM0UlMEElMjAlMjAlMjAlMjAlM0NwJTNFRXNwYW1vYiUyMHNwZWNqYWxpenVqZSUyMHNpJUM0JTk5JTIwdyUyMHBvbWFnYW5pdSUyMGdydXBvbSUyMHclMjBtb2JpbG5vJUM1JTlCY2klMjB3JTIwcmFtYWNoJTIwcHJvZ3JhbXUlMjBFcmFzbXVzJTIwJTJCLiUyMERvd2llZHolMjBzaSVDNCU5OSUyMG8lMjB3c3p5c3RraWNoJTIwc2VrdG9yYWNoJTIwcHJha3R5ayUyMEVyYXNtdXMlMjB3JTIwSGlzenBhbmlpJTIwemElMjBwb21vYyVDNCU4NSUyMGtpbGt1JTIwa2xpa25pJUM0JTk5JUM0JTg3LiUzQyUyRnAlM0UlMEElMjAlMjAlMjAlMjAlM0NhJTIwY2xhc3MlM0QlMjJ2Y19nZW5lcmFsJTIwdmNfYnRuMyUyMHZjX2J0bjMtc2l6ZS1tZCUyMHZjX2J0bjMtc2hhcGUtZGVmYXVsdCUyMHZjX2J0bjMtc3R5bGUtY3VzdG9tJTIwd3BiX2N1c3RvbV82Njg3YjI2ZjM5NDg4ZGRiYjg1ZGRiM2MxY2U4ZTExMSUyMGJ0biUyMiUyMHN0eWxlJTNEJTIyYmFja2dyb3VuZC1jb2xvciUzQSUyM2UyMDAwMCUzQiUyMGNvbG9yJTNBJTIzZmZmZmZmJTNCJTIwYmFja2dyb3VuZC1jb2xvciUzQSUyM2UyMDAwMCUzQiUyMGNvbG9yJTNBJTIzZmZmZmZmJTNCJTIyJTIwaHJlZiUzRCUyMmh0dHBzJTNBJTJGJTJGd3d3LmVzcGFtb2IuY29tJTJGcGwlMkZwcmFrdHlraS16YXdvZG93ZS1lcmFzbXVzJTJGJTIyJTIwdGl0bGUlM0QlMjJTZWt0b3J5JTIwc3RhJUM1JUJDb3dlJTIyJTIwdGFyZ2V0JTNEJTIyX2JsYW5rJTIyJTNFT2RrcnlqJTIwc2VrdG9yeSUzQyUyRmElM0UlMEElM0MlMkZkaXYlM0U=[\/vc_raw_html][vc_custom_heading text=&#8221;Odkryj opinie uczestnik\u00f3w programu Erasmus + :&#8221; font_container=&#8221;tag:h3|text_align:left&#8221; use_theme_fonts=&#8221;yes&#8221; css=&#8221;.vc_custom_1709024572825{margin-top: 20px !important;}&#8221;][vc_separator][vc_video link=&#8221;https:\/\/youtu.be\/ixkyCLZ6Jwk?si=6qERfi3ZI-NqRzv1&#8243; align=&#8221;center&#8221;][\/vc_column_inner][\/vc_row_inner][\/vc_column][\/vc_row][vc_row full_width=&#8221;stretch_row&#8221; wrap_container=&#8221;yes&#8221; is_section=&#8221;yes&#8221; css=&#8221;.vc_custom_1705069063701{border-top-width: 0px !important;padding-top: 15px !important;padding-bottom: 15px !important;background-color: #f8f392 !important;}&#8221; conditional_render=&#8221;%5B%7B%22value_role%22%3A%22administrator%22%7D%5D&#8221;][vc_column][vc_row_inner css=&#8221;.vc_custom_1688548648248{background-color: #f8f392 !important;}&#8221;][vc_column_inner][vc_custom_heading text=&#8221;Popro\u015b o bezp\u0142atn\u0105 wycen\u0119&#8221; font_container=&#8221;tag:h2|text_align:center&#8221; use_theme_fonts=&#8221;yes&#8221;][vc_column_text]<\/p>\n<p style=\"text-align: justify;\">Masz pomys\u0142 na projekt Erasmus+ w Hiszpanii i szukasz zaufanej agencji, kt\u00f3ra Ci\u0119 wesprze?\u00a0<strong>Espamob<\/strong>\u2019 jest tutaj, aby Ci pom\u00f3c! Oferujemy bezp\u0142atn\u0105 i niezobowi\u0105zuj\u0105c\u0105 wycen\u0119, kt\u00f3ra pomo\u017ce Ci zarz\u0105dza\u0107 projektem mobilno\u015bci. Dzi\u0119ki naszemu do\u015bwiadczeniu i sieci firm partnerskich mo\u017cemy zaoferowa\u0107 spersonalizowane wsparcie, aby spe\u0142ni\u0107 Twoje specyficzne potrzeby. Skontaktuj si\u0119 z nami ju\u017c teraz, aby om\u00f3wi\u0107 sw\u00f3j projekt i otrzyma\u0107 bezp\u0142atn\u0105 wycen\u0119.<\/p>\n<p>[\/vc_column_text]<div id=\"modal-trg-txt-wrap-5727\" class=\"ult-modal-input-wrapper ult-adjust-bottom-margin    \" data-keypress-control=\"keypress-control-enable\" data-overlay-control=\"overlay-control-enable\"><style>\n\t\t\t\t\t.btn-modal.btn-id-69e7e09a3ac849-30369348:hover {\n\t\t\t\t\t\tbackground-color: #e20000 !important;\n\t\t\t\t\t}\n\t\t\t\t\t<\/style><button  data-ultimate-target='#modal-trg-txt-wrap-5727 .btn-modal'  data-responsive-json-new='{\"font-size\":\"\",\"line-height\":\"\"}'  style=\"background:#888888;border-color:#888888;color:#ffffff; \" data-class-id=\"content-69e7e09a3ac849-30369348\" class=\"btn-modal ult-responsive btn-primary btn-modal-md overlay-show ult-align-center btn-id-69e7e09a3ac849-30369348\" data-overlay-class=\"overlay-cornerbottomleft\">ZAM\u00d3W BEZP\u0141ATN\u0104 WYCEN\u0118<\/button><\/div>\n<div class=\"ult-overlay content-69e7e09a3ac849-30369348 \" data-class=\"content-69e7e09a3ac849-30369348\" id=\"button-click-overlay\" style=\"background:rgba(51,51,51,0.8); display:none;\">\n\t<div class=\"ult_modal ult-fade ult-medium\">\n\t\t<div id=\"ult-modal-wrap-7743\" class=\"ult_modal-content ult-hide\" style=\"border-style:solid;border-width:2px;border-radius:0px;border-color:#333333;\">\n\t\t\t<div class=\"ult_modal-header\" style=\"color:#333333;border-color:#333333;\">\n\t\t\t\t<h3  data-ultimate-target='#ult-modal-wrap-7743 .ult_modal-title'  data-responsive-json-new='{\"font-size\":\"\",\"line-height\":\"\"}'  class=\"ult_modal-title ult-responsive\">ZAM\u00d3W BEZP\u0141ATN\u0104 WYCEN\u0118<\/h3>\n\t\t\t<\/div>\n\t\t\t<div  data-ultimate-target='#ult-modal-wrap-7743 .ult_modal-body'  data-responsive-json-new='{\"font-size\":\"\",\"line-height\":\"\"}'  class=\"ult_modal-body ult-responsive ult-html\" style=\"\">\n\t\t\t<\/p>\n<p>[caldera_form id=&#8221;CF6149e02688efa&#8221;]<\/p>\n<p>\n\t\t\t<\/div>\n\t<\/div>\n\t<\/div>\n\t<div class=\"ult-overlay-close top-right\" style=\"width:80px;height:80px; \"><div class=\"ult-overlay-close-inside\">Close<\/div><\/div>\n<\/div>[\/vc_column_inner][\/vc_row_inner][\/vc_column][\/vc_row][vc_row wrap_container=&#8221;yes&#8221; css=&#8221;.vc_custom_1689256499740{margin-top: 15px !important;}&#8221; conditional_render=&#8221;%5B%7B%22value_role%22%3A%22administrator%22%7D%5D&#8221;][vc_column][vc_custom_heading text=&#8221;Cz\u0119sto zadawane pytania&#8221; font_container=&#8221;tag:h2|text_align:center|color:%23000000&#8243; use_theme_fonts=&#8221;yes&#8221;][vc_separator][vc_row_inner][vc_column_inner width=&#8221;7\/12&#8243;][vc_column_text]<\/p>\n<h3>Jakie s\u0105 korzy\u015bci z wyboru Espamob do odbycia sta\u017cu Erasmus jako malarstwo budowlane?<\/h3>\n<p><span style=\"font-weight: 400;\">Wyb\u00f3r Espamob do odbycia sta\u017cu Erasmus jako malarstwo budowlane niesie ze sob\u0105 kilka korzy\u015bci. Po pierwsze, agencja Espamob posiada sie\u0107 lokalnych partner\u00f3w i plac\u00f3wek edukacyjnych w Hiszpanii, kt\u00f3re mog\u0105 zaoferowa\u0107 Ci mo\u017cliwo\u015bci sta\u017cu w tej konkretnej dziedzinie. Ponadto Espamob b\u0119dzie Ci\u0119 wspiera\u0107 w poszukiwaniu finansowania na Tw\u00f3j wyjazd i pomo\u017ce Ci znale\u017a\u0107 odpowiednie zakwaterowanie na miejscu. Na koniec, agencja zajmie si\u0119 Twoim przywitaniem na lotnisku i zapewni spersonalizowane wsparcie przez ca\u0142y okres pobytu.\u00a0<\/span><\/p>\n<h3>Jak Espamob mo\u017ce mi pom\u00f3c w finansowaniu mojego sta\u017cu Erasmus jako malarstwo budowlane?<\/h3>\n<p><span style=\"font-weight: 400;\">Espamob dysponuje zespo\u0142em specjalist\u00f3w ds. pozyskiwania finansowania dla projekt\u00f3w mobilno\u015bci. Agencja poprowadzi Ci\u0119 przez niezb\u0119dne kroki administracyjne w celu uzyskania stypendi\u00f3w lub dotacji na Tw\u00f3j sta\u017c Erasmus jako malarz budowlany. Ponadto Espamob mo\u017ce nawi\u0105za\u0107 dla Ciebie kontakt z partnerami biznesowymi, kt\u00f3rzy mog\u0105 by\u0107 zainteresowani Twoim profilem i gotowi do finansowego wsparcia Twojej mobilno\u015bci.\u00a0<\/span><\/p>\n<h3>Jakie s\u0105 mo\u017cliwo\u015bci sta\u017cu jako malarstwo budowlane oferowane przez Espamob w Hiszpanii?<\/h3>\n<p><span style=\"font-weight: 400;\">Espamob wsp\u00f3\u0142pracuje z blisko wsp\u00f3\u0142pracuj\u0105cymi przedsi\u0119biorstwami w Hiszpanii, kt\u00f3re mog\u0105 oferowa\u0107 mo\u017cliwo\u015bci sta\u017cu dla malarzy budowlanych. Sta\u017ce te mog\u0105 by\u0107 realizowane w firmach budowlanych, firmach remontowych lub firmach specjalizuj\u0105cych si\u0119 w malowaniu. Espamob postara si\u0119 znale\u017a\u0107 sta\u017c, kt\u00f3ry najlepiej odpowiada Twoim oczekiwaniom i planom zawodowym, uwzgl\u0119dniaj\u0105c Twoje umiej\u0119tno\u015bci i cele. <\/span>[\/vc_column_text][\/vc_column_inner][vc_column_inner width=&#8221;1\/12&#8243;][\/vc_column_inner][vc_column_inner width=&#8221;4\/12&#8243;][vc_single_image image=&#8221;15074&#8243; img_size=&#8221;full&#8221;][vc_column_text]<b>Dowiedz si\u0119 wi\u0119cej o r\u00f3\u017cnych miejscach Erasmus+ w Hiszpanii:\u00a0<\/b><\/p>\n<ul>\n<li><a href=\"https:\/\/espamob.com\/pl\/praktyki-zawodowe-erasmus\/budowlanym\/praktyki-erasmus-glazurnictwo\/\"><span style=\"font-weight: 400;\">Sta\u017c Erasmus Glazurnictwo<\/span><\/a><\/li>\n<li><a href=\"https:\/\/espamob.com\/pl\/praktyki-zawodowe-erasmus\/budowlanym\/praktyki-erasmus-murarstwo\/\"><span style=\"font-weight: 400;\">Sta\u017c Erasmus Murarstwo<\/span><\/a><\/li>\n<li><a href=\"https:\/\/espamob.com\/pl\/praktyki-zawodowe-erasmus\/budowlanym\/praktyki-erasmus-elektryka\/\"><span style=\"font-weight: 400;\">Sta\u017c Erasmus Elektryka<\/span><\/a><\/li>\n<li><a href=\"https:\/\/espamob.com\/pl\/praktyki-zawodowe-erasmus\/budowlanym\/praktyki-erasmus-stolarstwo\/\"><span style=\"font-weight: 400;\">Sta\u017c Erasmus Stolarstwo<\/span><\/a><\/li>\n<li><a href=\"https:\/\/espamob.com\/pl\/praktyki-zawodowe-erasmus\/budowlanym\/praktyki-erasmus-meblarstwo\/\"><span style=\"font-weight: 400;\">Sta\u017c Erasmus Tokarstwo artystyczne\u00a0<\/span><\/a><\/li>\n<li><a href=\"https:\/\/espamob.com\/pl\/praktyki-zawodowe-erasmus\/budowlanym\/praktyki-erasmus-hydraulika\/\"><span style=\"font-weight: 400;\">Sta\u017c Erasmus Hydraulika<\/span><\/a><\/li>\n<\/ul>\n<p>[\/vc_column_text][\/vc_column_inner][\/vc_row_inner][\/vc_column][\/vc_row]<\/p>\n<\/div>","protected":false},"excerpt":{"rendered":"<p>[vc_row css=&#8221;.vc_custom_1704997744585{margin-top: -20px !important;margin-bottom: 40px !important;background-image: url(https:\/\/espamob.com\/wp-content\/uploads\/2024\/01\/Pintura-para-edificios.webp?id=22468) !important;}&#8221; conditional_render=&#8221;%5B%7B%22value_role%22%3A%22administrator%22%7D%5D&#8221;][vc_column css=&#8221;.vc_custom_1687965657482{padding-top: 30px !important;}&#8221; conditional_render=&#8221;%5B%7B%22value_role%22%3A%22administrator%22%7D%5D&#8221;][vc_empty_space height=&#8221;170&#8243;][vc_custom_heading text=&#8221;Praktyki Erasmus: Malarstwo budowlane&#8221; font_container=&#8221;tag:h1|font_size:27|text_align:center|color:%23ffffff&#8221; use_theme_fonts=&#8221;yes&#8221; css=&#8221;.vc_custom_1705068734725{margin-bottom: 15px !important;background-color: rgba(136,136,136,0.29) !important;*background-color: rgb(136,136,136) !important;}&#8221; animation_type=&#8221;zoomIn&#8221;][vc_empty_space height=&#8221;40&#8243;][\/vc_column][\/vc_row][vc_row wrap_container=&#8221;yes&#8221; text_align=&#8221;justify&#8221;][vc_column text_align=&#8221;justify&#8221;][vc_column_text] Home Sektory sta\u017cowe Mobilno\u015b\u0107 w sektorze budowlanym Praktyka zawodowa Erasmus: Malarstwo budowlane [\/vc_column_text][vc_custom_heading text=&#8221;Rozwijaj swoj\u0105 karier\u0119 dzi\u0119ki praktykom Erasmus w dziedzinie malarstwa budowlanego&#8221;<\/p>\n","protected":false},"author":2,"featured_media":0,"parent":13162,"menu_order":0,"comment_status":"closed","ping_status":"closed","template":"","meta":{"footnotes":""},"class_list":["post-22500","page","type-page","status-publish","hentry"],"_links":{"self":[{"href":"https:\/\/espamob.com\/pl\/wp-json\/wp\/v2\/pages\/22500","targetHints":{"allow":["GET"]}}],"collection":[{"href":"https:\/\/espamob.com\/pl\/wp-json\/wp\/v2\/pages"}],"about":[{"href":"https:\/\/espamob.com\/pl\/wp-json\/wp\/v2\/types\/page"}],"author":[{"embeddable":true,"href":"https:\/\/espamob.com\/pl\/wp-json\/wp\/v2\/users\/2"}],"replies":[{"embeddable":true,"href":"https:\/\/espamob.com\/pl\/wp-json\/wp\/v2\/comments?post=22500"}],"version-history":[{"count":0,"href":"https:\/\/espamob.com\/pl\/wp-json\/wp\/v2\/pages\/22500\/revisions"}],"up":[{"embeddable":true,"href":"https:\/\/espamob.com\/pl\/wp-json\/wp\/v2\/pages\/13162"}],"wp:attachment":[{"href":"https:\/\/espamob.com\/pl\/wp-json\/wp\/v2\/media?parent=22500"}],"curies":[{"name":"wp","href":"https:\/\/api.w.org\/{rel}","templated":true}]}}