{"id":22492,"date":"2023-08-14T00:00:00","date_gmt":"2023-08-14T00:00:00","guid":{"rendered":"https:\/\/www.espamob.com\/praktyki-zawodowe-erasmus\/btp\/stage-erasmus-maconnerie\/"},"modified":"2024-03-04T22:41:09","modified_gmt":"2024-03-04T22:41:09","slug":"praktyki-erasmus-murarstwo","status":"publish","type":"page","link":"https:\/\/espamob.com\/pl\/praktyki-zawodowe-erasmus\/budowlanym\/praktyki-erasmus-murarstwo\/","title":{"rendered":"Stage Erasmus : Ma\u00e7onnerie"},"content":{"rendered":"<div class=\"wpb-content-wrapper\"><p>[vc_row css=&#8221;.vc_custom_1704997686865{margin-top: -20px !important;margin-bottom: 40px !important;background-image: url(https:\/\/espamob.com\/wp-content\/uploads\/2024\/01\/Mamposteria.webp?id=22456) !important;}&#8221; conditional_render=&#8221;%5B%7B%22value_role%22%3A%22administrator%22%7D%5D&#8221;][vc_column css=&#8221;.vc_custom_1687965657482{padding-top: 30px !important;}&#8221; conditional_render=&#8221;%5B%7B%22value_role%22%3A%22administrator%22%7D%5D&#8221;][vc_empty_space height=&#8221;170&#8243;][vc_custom_heading text=&#8221;Praktyki Erasmus+ w bran\u017cy murarskiej&#8221; font_container=&#8221;tag:h1|font_size:27|text_align:center|color:%23ffffff&#8221; use_theme_fonts=&#8221;yes&#8221; css=&#8221;.vc_custom_1705067382159{margin-bottom: 15px !important;background-color: rgba(136,136,136,0.29) !important;*background-color: rgb(136,136,136) !important;}&#8221; animation_type=&#8221;zoomIn&#8221;][vc_empty_space height=&#8221;40&#8243;][\/vc_column][\/vc_row][vc_row wrap_container=&#8221;yes&#8221; text_align=&#8221;justify&#8221;][vc_column text_align=&#8221;justify&#8221;][vc_column_text]<\/p>\n<nav aria-label=\"breadcrumb\">\n<ol class=\"breadcrumb\">\n<li class=\"breadcrumb-item\"><a href=\"https:\/\/espamob.com\/pl\">Home<\/a><\/li>\n<li class=\"breadcrumb-item\"><a href=\"https:\/\/espamob.com\/pl\/praktyki-zawodowe-erasmus\">Sektory sta\u017cowe<\/a><\/li>\n<li class=\"breadcrumb-item active\" aria-current=\"page\"><a href=\"https:\/\/espamob.com\/pl\/praktyki-zawodowe-erasmus\/btp\/\">Mobilno\u015b\u0107 w sektorze budowlanym<\/a><\/li>\n<li class=\"breadcrumb-item active\" aria-current=\"page\">Praktyka zawodowa Erasmus: Murarstwo<\/li>\n<\/ol>\n<\/nav>\n<p>[\/vc_column_text][vc_custom_heading text=&#8221;Erasmus+ w bran\u017cy murarskiej: Wzbogacaj\u0105ce do\u015bwiadczenie zawodowe&#8221; use_theme_fonts=&#8221;yes&#8221; css=&#8221;.vc_custom_1705067460321{margin-top: 20px !important;}&#8221;][vc_separator][vc_row_inner][vc_column_inner width=&#8221;7\/12&#8243;][vc_column_text]<span style=\"font-weight: 400;\">Jeste\u015b uczniem na kierunku murarstwo i szukasz mo\u017cliwo\u015bci mi\u0119dzynarodowego do\u015bwiadczenia? Erasmus+ w murarstwo to idealne rozwi\u0105zanie dla Ciebie! W tym artykule razem odkryjemy mo\u017cliwo\u015bci oferowane przez tego typu sta\u017c, a tak\u017ce zawody budowlane zwi\u0105zane z murarstwem.\u00a0<\/span><\/p>\n<h2>Program Erasmus+: Szanse dla m\u0142odych profesjonalist\u00f3w budowlanych<\/h2>\n<p><span style=\"font-weight: 400;\">Program Erasmus+ to europejska inicjatywa umo\u017cliwiaj\u0105ca studentom i m\u0142odym profesjonalistom odbycie praktyk za granic\u0105 w ramach swojej edukacji. Oferuje on szczeg\u00f3lnie okazj\u0119 do odbycia sta\u017cu w firmie zlokalizowanej w innym kraju europejskim, co stanowi rzeczywist\u0105 warto\u015b\u0107 dodan\u0105 na rynku pracy.\u00a0<\/span><\/p>\n<p><span style=\"font-weight: 400;\">Dla zawod\u00f3w zwi\u0105zanych z budownictwem, takich jak murarstwo, mo\u017ce to stanowi\u0107 unikaln\u0105 okazj\u0119 do nauki nowych technik i pog\u0142\u0119bienia umiej\u0119tno\u015bci, jednocze\u015bnie poznaj\u0105c now\u0105 kultur\u0119. <strong>Erasmus+ w murarstwo to zatem okazja do podniesienia kwalifikacji w sektorze budownictwa<\/strong>.\u00a0<\/span><\/p>\n<h3>Korzy\u015bci z zagranicznego sta\u017cu w <span style=\"font-weight: 400;\">murarstwo<\/span><\/h3>\n<p><span style=\"font-weight: 400;\">Odbycie sta\u017cu Erasmus w murarstwo niesie za sob\u0105 wiele korzy\u015bci:\u00a0<\/span><\/p>\n<ul>\n<li style=\"font-weight: 400;\" aria-level=\"1\"><span style=\"font-weight: 400;\"><strong>Odkrywanie nowych metod pracy<\/strong>: Ka\u017cdy kraj posiada swoje w\u0142asne specyfiki w zakresie budownictwa. Sta\u017c za granic\u0105 mo\u017ce pozwoli\u0107 Ci zapozna\u0107 si\u0119 z nowymi technikami i materia\u0142ami.\u00a0<\/span><\/li>\n<li style=\"font-weight: 400;\" aria-level=\"1\"><span style=\"font-weight: 400;\"><strong>Poprawa umiej\u0119tno\u015bci j\u0119zykowych<\/strong>: Znajomo\u015b\u0107 obcego j\u0119zyka to istotna zaleta dla murarzy szukaj\u0105cych mi\u0119dzynarodowych mo\u017cliwo\u015bci zawodowych. Sta\u017c Erasmus umo\u017cliwia Ci ca\u0142kowite zanurzenie si\u0119 w nowe \u015brodowisko, co sprzyja post\u0119powi w nauce j\u0119zyka.\u00a0<\/span><\/li>\n<li style=\"font-weight: 400;\" aria-level=\"1\"><span style=\"font-weight: 400;\"><strong>Rozszerzanie sieci zawodowej:<\/strong> Wyjazd za granic\u0119 to tak\u017ce okazja do spotkania profesjonalist\u00f3w z bran\u017cy budowlanej i wymiany do\u015bwiadcze\u0144. Solidna sie\u0107 kontakt\u00f3w mo\u017ce okaza\u0107 si\u0119 bardzo pomocna w poszukiwaniu przysz\u0142ej pracy.<\/span><\/li>\n<\/ul>\n<p>[\/vc_column_text][\/vc_column_inner][vc_column_inner width=&#8221;1\/12&#8243;][\/vc_column_inner][vc_column_inner width=&#8221;4\/12&#8243;][vc_single_image image=&#8221;18226&#8243; img_size=&#8221;400*400&#8243; alignment=&#8221;right&#8221; style=&#8221;vc_box_rounded&#8221;][vc_btn title=&#8221;Zobacz wi\u0119cej&#8221; style=&#8221;custom&#8221; custom_background=&#8221;#e20000&#8243; custom_text=&#8221;#ffffff&#8221; align=&#8221;center&#8221; link=&#8221;url:https%3A%2F%2Fespamob.com%2Fpl%2Fkontakt-z-polskim-konsultantem|title:Kontakt|target:_blank&#8221;][\/vc_column_inner][\/vc_row_inner][vc_custom_heading text=&#8221;Zawody w murarstwo: Zr\u00f3\u017cnicowany sektor&#8221; font_container=&#8221;tag:h3|text_align:left&#8221; use_theme_fonts=&#8221;yes&#8221; css=&#8221;.vc_custom_1705241584679{margin-top: 20px !important;}&#8221;][vc_separator][vc_row_inner][vc_column_inner width=&#8221;7\/12&#8243;][vc_column_text]<span style=\"font-weight: 400;\">Murarstwo obejmuje r\u00f3\u017cne zawody zwi\u0105zane z budow\u0105, renowacj\u0105 lub restauracj\u0105 budynk\u00f3w. W\u015br\u00f3d tych zawod\u00f3w znajduj\u0105 si\u0119 mi\u0119dzy innymi:\u00a0<\/span><\/p>\n<ul>\n<li style=\"font-weight: 400;\" aria-level=\"1\"><span style=\"font-weight: 400;\">Tradycyjny murarz: Ten profesjonalista wykonuje prace zwi\u0105zane z robotami zbrojonymi, takie jak budowa no\u015bnych \u015bcian, \u015bcian dzia\u0142owych lub pod\u0142\u00f3g. Zazwyczaj pracuje z materia\u0142ami takimi jak beton, ceg\u0142a czy kamie\u0144.\u00a0<\/span><\/li>\n<li style=\"font-weight: 400;\" aria-level=\"1\"><span style=\"font-weight: 400;\">Murarz dr\u00f3g i sieci: Specjalizuje si\u0119 w urbanistyce, pracuje nad budow\u0105 dr\u00f3g, chodnik\u00f3w czy kanalizacji, itp.<\/span><\/li>\n<li style=\"font-weight: 400;\" aria-level=\"1\"><span style=\"font-weight: 400;\">Kamieniarz: Ten rzemie\u015blnik zajmuje si\u0119 obr\u00f3bk\u0105 kamienia, aby przekszta\u0142ci\u0107 go w elementy architektoniczne lub dekoracyjne. Kamieniarz pracuje m.in. przy renowacji zabytk\u00f3w.\u00a0<\/span><\/li>\n<li style=\"font-weight: 400;\" aria-level=\"1\"><span style=\"font-weight: 400;\">Budowniczy \u017celbetu: Realizuje konstrukcje \u017celbetowe, takie jak belki, p\u0142yty czy kolumny, zgodnie z precyzyjnymi planami i za pomoc\u0105 specjalistycznego sprz\u0119tu.\u00a0<\/span><\/li>\n<\/ul>\n<h2>Wymagane umiej\u0119tno\u015bci do pracy w murarstwo<\/h2>\n<p><span style=\"font-weight: 400;\">Aby pracowa\u0107 w murarstwo, konieczne jest posiadanie pewnych umiej\u0119tno\u015bci:\u00a0<\/span><\/p>\n<ul>\n<li style=\"font-weight: 400;\" aria-level=\"1\"><span style=\"font-weight: 400;\"><strong>Rzetelno\u015b\u0107<\/strong>: Jako\u015b\u0107 i solidno\u015b\u0107 wykonywanych prac zale\u017cy od przestrzegania zasad sztuki i obowi\u0105zuj\u0105cych norm.\u00a0<\/span><\/li>\n<li style=\"font-weight: 400;\" aria-level=\"1\"><span style=\"font-weight: 400;\"><strong>Duch zespo\u0142owy:<\/strong> Murarze zazwyczaj pracuj\u0105 w zespole na placu budowy, wi\u0119c istotne jest umiej\u0119tne wsp\u00f3\u0142pracowanie z kolegami w celu skutecznego realizowania r\u00f3\u017cnych projekt\u00f3w.\u00a0<\/span><\/li>\n<li style=\"font-weight: 400;\" aria-level=\"1\"><span style=\"font-weight: 400;\"><strong>Polimorfizm<\/strong>: Ka\u017cdy plac budowy jest inny i czasami wymaga dostosowania si\u0119 do nowych technik czy materia\u0142\u00f3w. Ponadto, zawody zwi\u0105zane z murarstwem mog\u0105 wymaga\u0107 umiej\u0119tno\u015bci czytania plan\u00f3w, oblicze\u0144 czy rysunku technicznego.\u00a0<\/span><\/li>\n<li style=\"font-weight: 400;\" aria-level=\"1\"><span style=\"font-weight: 400;\"><strong>Odporno\u015b\u0107 fizyczna<\/strong>: Murarze cz\u0119sto pracuj\u0105 z ci\u0119\u017ckimi \u0142adunkami i pracuj\u0105 na wysoko\u015bci lub w niewygodnych pozycjach. Dlatego do wykonywania tych zawod\u00f3w wymagana jest dobra kondycja fizyczna.\u00a0<\/span><\/li>\n<\/ul>\n<h2>Wyb\u00f3r sta\u017cu Erasmus w murarstwo jako spos\u00f3b na wyr\u00f3\u017cnienie si\u0119 na rynku pracy<\/h2>\n<p><span style=\"font-weight: 400;\">Podsumowuj\u0105c, odbycie sta\u017cu Erasmus w murarstwo przynosi wiele korzy\u015bci dla student\u00f3w i m\u0142odych profesjonalist\u00f3w, kt\u00f3rzy chc\u0105 rozwija\u0107 swoje umiej\u0119tno\u015bci i zdoby\u0107 cenne do\u015bwiadczenie za granic\u0105. <strong>Ten rodzaj sta\u017cu pozwala nie tylko na popraw\u0119 umiej\u0119tno\u015bci technicznych i j\u0119zykowych, ale tak\u017ce na zbudowanie solidnej i zr\u00f3\u017cnicowanej sieci zawodowej<\/strong>. Nie wahaj si\u0119 wi\u0119c i skorzystaj z tej okazji, aby wyr\u00f3\u017cni\u0107 si\u0119 na rynku pracy w sektorze budownictwa!<\/span>[\/vc_column_text][\/vc_column_inner][vc_column_inner width=&#8221;1\/12&#8243;][\/vc_column_inner][vc_column_inner width=&#8221;4\/12&#8243;][vc_raw_html]JTNDZGl2JTIwc3R5bGUlM0QlMjJwYWRkaW5nJTNBJTIwMzBweCUzQmJhY2tncm91bmQtY29sb3IlM0ElMjAlMjNGNEY0RjQlM0IlMjIlM0UlMEElMjAlMjAlMjAlMjAlM0NoNCUzRU9ka3J5aiUyMHdzenlzdGtpZSUyMHNla3RvcnklMjBwcmFrdHlrJTNDJTJGaDQlM0UlMEElMjAlMjAlMjAlMjAlM0NwJTNFRXNwYW1vYiUyMHNwZWNqYWxpenVqZSUyMHNpJUM0JTk5JTIwdyUyMHBvbWFnYW5pdSUyMGdydXBvbSUyMHclMjBtb2JpbG5vJUM1JTlCY2klMjB3JTIwcmFtYWNoJTIwcHJvZ3JhbXUlMjBFcmFzbXVzJTIwJTJCLiUyMERvd2llZHolMjBzaSVDNCU5OSUyMG8lMjB3c3p5c3RraWNoJTIwc2VrdG9yYWNoJTIwcHJha3R5ayUyMEVyYXNtdXMlMjB3JTIwSGlzenBhbmlpJTIwemElMjBwb21vYyVDNCU4NSUyMGtpbGt1JTIwa2xpa25pJUM0JTk5JUM0JTg3LiUzQyUyRnAlM0UlMEElMjAlMjAlMjAlMjAlM0NhJTIwY2xhc3MlM0QlMjJ2Y19nZW5lcmFsJTIwdmNfYnRuMyUyMHZjX2J0bjMtc2l6ZS1tZCUyMHZjX2J0bjMtc2hhcGUtZGVmYXVsdCUyMHZjX2J0bjMtc3R5bGUtY3VzdG9tJTIwd3BiX2N1c3RvbV82Njg3YjI2ZjM5NDg4ZGRiYjg1ZGRiM2MxY2U4ZTExMSUyMGJ0biUyMiUyMHN0eWxlJTNEJTIyYmFja2dyb3VuZC1jb2xvciUzQSUyM2UyMDAwMCUzQiUyMGNvbG9yJTNBJTIzZmZmZmZmJTNCJTIwYmFja2dyb3VuZC1jb2xvciUzQSUyM2UyMDAwMCUzQiUyMGNvbG9yJTNBJTIzZmZmZmZmJTNCJTIyJTIwaHJlZiUzRCUyMmh0dHBzJTNBJTJGJTJGd3d3LmVzcGFtb2IuY29tJTJGcGwlMkZwcmFrdHlraS16YXdvZG93ZS1lcmFzbXVzJTJGJTIyJTIwdGl0bGUlM0QlMjJTZWt0b3J5JTIwc3RhJUM1JUJDb3dlJTIyJTIwdGFyZ2V0JTNEJTIyX2JsYW5rJTIyJTNFT2RrcnlqJTIwc2VrdG9yeSUzQyUyRmElM0UlMEElM0MlMkZkaXYlM0U=[\/vc_raw_html][\/vc_column_inner][\/vc_row_inner][\/vc_column][\/vc_row][vc_row full_width=&#8221;stretch_row&#8221; wrap_container=&#8221;yes&#8221; is_section=&#8221;yes&#8221; css=&#8221;.vc_custom_1705067672168{border-top-width: 0px !important;padding-top: 15px !important;padding-bottom: 15px !important;background-color: #f8f392 !important;}&#8221; conditional_render=&#8221;%5B%7B%22value_role%22%3A%22administrator%22%7D%5D&#8221;][vc_column][vc_row_inner css=&#8221;.vc_custom_1688548648248{background-color: #f8f392 !important;}&#8221;][vc_column_inner][vc_custom_heading text=&#8221;Popro\u015b o bezp\u0142atn\u0105 wycen\u0119&#8221; font_container=&#8221;tag:h2|text_align:center&#8221; use_theme_fonts=&#8221;yes&#8221;][vc_column_text]<\/p>\n<p style=\"text-align: justify;\">Masz pomys\u0142 na projekt Erasmus+ w Hiszpanii i szukasz zaufanej agencji, kt\u00f3ra Ci\u0119 wesprze?\u00a0<strong>Espamob<\/strong>\u2019 jest tutaj, aby Ci pom\u00f3c! Oferujemy bezp\u0142atn\u0105 i niezobowi\u0105zuj\u0105c\u0105 wycen\u0119, kt\u00f3ra pomo\u017ce Ci zarz\u0105dza\u0107 projektem mobilno\u015bci. Dzi\u0119ki naszemu do\u015bwiadczeniu i sieci firm partnerskich mo\u017cemy zaoferowa\u0107 spersonalizowane wsparcie, aby spe\u0142ni\u0107 Twoje specyficzne potrzeby. Skontaktuj si\u0119 z nami ju\u017c teraz, aby om\u00f3wi\u0107 sw\u00f3j projekt i otrzyma\u0107 bezp\u0142atn\u0105 wycen\u0119.<\/p>\n<p>[\/vc_column_text]<div id=\"modal-trg-txt-wrap-6913\" class=\"ult-modal-input-wrapper ult-adjust-bottom-margin    \" data-keypress-control=\"keypress-control-enable\" data-overlay-control=\"overlay-control-enable\"><style>\n\t\t\t\t\t.btn-modal.btn-id-69e7a9791841e5-91868350:hover {\n\t\t\t\t\t\tbackground-color: #e20000 !important;\n\t\t\t\t\t}\n\t\t\t\t\t<\/style><button  data-ultimate-target='#modal-trg-txt-wrap-6913 .btn-modal'  data-responsive-json-new='{\"font-size\":\"\",\"line-height\":\"\"}'  style=\"background:#888888;border-color:#888888;color:#ffffff; \" data-class-id=\"content-69e7a9791841e5-91868350\" class=\"btn-modal ult-responsive btn-primary btn-modal-md overlay-show ult-align-center btn-id-69e7a9791841e5-91868350\" data-overlay-class=\"overlay-cornerbottomleft\">ZAM\u00d3W BEZP\u0141ATN\u0104 WYCEN\u0118<\/button><\/div>\n<div class=\"ult-overlay content-69e7a9791841e5-91868350 \" data-class=\"content-69e7a9791841e5-91868350\" id=\"button-click-overlay\" style=\"background:rgba(51,51,51,0.8); display:none;\">\n\t<div class=\"ult_modal ult-fade ult-medium\">\n\t\t<div id=\"ult-modal-wrap-6906\" class=\"ult_modal-content ult-hide\" style=\"border-style:solid;border-width:2px;border-radius:0px;border-color:#333333;\">\n\t\t\t<div class=\"ult_modal-header\" style=\"color:#333333;border-color:#333333;\">\n\t\t\t\t<h3  data-ultimate-target='#ult-modal-wrap-6906 .ult_modal-title'  data-responsive-json-new='{\"font-size\":\"\",\"line-height\":\"\"}'  class=\"ult_modal-title ult-responsive\">ZAM\u00d3W BEZP\u0141ATN\u0104 WYCEN\u0118<\/h3>\n\t\t\t<\/div>\n\t\t\t<div  data-ultimate-target='#ult-modal-wrap-6906 .ult_modal-body'  data-responsive-json-new='{\"font-size\":\"\",\"line-height\":\"\"}'  class=\"ult_modal-body ult-responsive ult-html\" style=\"\">\n\t\t\t<\/p>\n<p>[caldera_form id=&#8221;CF6149e02688efa&#8221;]<\/p>\n<p>\n\t\t\t<\/div>\n\t<\/div>\n\t<\/div>\n\t<div class=\"ult-overlay-close top-right\" style=\"width:80px;height:80px; \"><div class=\"ult-overlay-close-inside\">Close<\/div><\/div>\n<\/div>[\/vc_column_inner][\/vc_row_inner][\/vc_column][\/vc_row][vc_row wrap_container=&#8221;yes&#8221; css=&#8221;.vc_custom_1689256499740{margin-top: 15px !important;}&#8221; conditional_render=&#8221;%5B%7B%22value_role%22%3A%22administrator%22%7D%5D&#8221;][vc_column][vc_custom_heading text=&#8221;Cz\u0119sto zadawane pytania&#8221; font_container=&#8221;tag:h2|text_align:center|color:%23000000&#8243; use_theme_fonts=&#8221;yes&#8221;][vc_separator][vc_row_inner][vc_column_inner width=&#8221;7\/12&#8243;][vc_column_text]<\/p>\n<h3>Jakie s\u0105 korzy\u015bci z wyboru Espamob do realizacji sta\u017cu Erasmus w murarstwo?<\/h3>\n<p><span style=\"font-weight: 400;\">Korzy\u015bci z wyboru Espamob do realizacji sta\u017cu Erasmus w bran\u017cy murarskiej s\u0105 liczne. Jako specjalistyczna agencja, Espamob posiada solidn\u0105 sie\u0107 partner\u00f3w w sektorze budownictwa w Hiszpanii, co u\u0142atwia znalezienie wysokiej jako\u015bci miejsc sta\u017cowych. Ponadto Espamob towarzyszy grupom we wszystkich etapach projektu, od stworzenia go po jego realizacj\u0119, co zapewnia p\u0142ynne i dobrze zorganizowane do\u015bwiadczenie sta\u017cu Erasmus.\u00a0<\/span><\/p>\n<h3>Jak Espamob pomaga grupom w znalezieniu finansowania dla ich sta\u017cu Erasmus w murarstwo?<\/h3>\n<p><span style=\"font-weight: 400;\">Espamob oferuje us\u0142ugi wsparcia w zakresie pozyskiwania finansowania dla sta\u017cy Erasmus w bran\u017cy murarskiej. Agencja udziela porad i udost\u0119pnia zasoby, aby pom\u00f3c grupom zidentyfikowa\u0107 r\u00f3\u017cne mo\u017cliwo\u015bci finansowania, czy to poprzez stypendia Erasmusa, krajowe czy regionalne dotacje, czy te\u017c wsp\u00f3\u0142prac\u0119 z firmami. Espamob r\u00f3wnie\u017c prowadzi grupy przez proces sk\u0142adania wniosk\u00f3w o finansowanie i pomaga im maksymalizowa\u0107 szanse na sukces.\u00a0<\/span><\/p>\n<h3>Jak Espamob organizuje przyj\u0119cie grupy praktykant\u00f3w w murarstwo?<\/h3>\n<p><span style=\"font-weight: 400;\">Espamob zajmuje si\u0119 przyj\u0119ciem grup sta\u017cyst\u00f3w w bran\u017cy murarskiej od ich przyjazdu do Hiszpanii. Agencja zajmuje si\u0119 rezerwacj\u0105 zakwaterowania dostosowanego do potrzeb grupy, czy to w akademiku, wsp\u00f3\u0142dzielonym mieszkaniu czy w rodzinie goszcz\u0105cej. Ponadto Espamob zapewnia transport z lotniska do miejsca zakwaterowania. Przez ca\u0142y okres sta\u017cu agencja pozostaje dost\u0119pna, aby odpowiedzie\u0107 na pytania i zapewni\u0107 wsparcie logistyczne sta\u017cystom.<\/span>[\/vc_column_text][\/vc_column_inner][vc_column_inner width=&#8221;1\/12&#8243;][\/vc_column_inner][vc_column_inner width=&#8221;4\/12&#8243;][vc_single_image image=&#8221;15074&#8243; img_size=&#8221;full&#8221;][vc_column_text]<b>Dowiedz si\u0119 wi\u0119cej o r\u00f3\u017cnych miejscach Erasmus+ w Hiszpanii:\u00a0<\/b><\/p>\n<ul>\n<li><a href=\"https:\/\/espamob.com\/pl\/praktyki-zawodowe-erasmus\/budowlanym\/praktyki-erasmus-glazurnictwo\/\"><span style=\"font-weight: 400;\">Sta\u017c Erasmus Glazurnictwo<\/span><\/a><\/li>\n<li><a href=\"https:\/\/espamob.com\/pl\/praktyki-zawodowe-erasmus\/budowlanym\/praktyki-erasmus-elektryka\/\"><span style=\"font-weight: 400;\">Sta\u017c Erasmus Elektryka<\/span><\/a><\/li>\n<li><a href=\"https:\/\/espamob.com\/pl\/praktyki-zawodowe-erasmus\/budowlanym\/praktyki-erasmus-malarstwo-budowlane\/\"><span style=\"font-weight: 400;\">Sta\u017c Erasmus Malarstwo budowlane\u00a0<\/span><\/a><\/li>\n<li><a href=\"https:\/\/espamob.com\/pl\/praktyki-zawodowe-erasmus\/budowlanym\/praktyki-erasmus-stolarstwo\/\"><span style=\"font-weight: 400;\">Sta\u017c Erasmus Stolarstwo<\/span><\/a><\/li>\n<li><a href=\"https:\/\/espamob.com\/pl\/praktyki-zawodowe-erasmus\/budowlanym\/praktyki-erasmus-meblarstwo\/\"><span style=\"font-weight: 400;\">Sta\u017c Erasmus Tokarstwo artystyczne\u00a0<\/span><\/a><\/li>\n<li><a href=\"https:\/\/espamob.com\/pl\/praktyki-zawodowe-erasmus\/budowlanym\/praktyki-erasmus-hydraulika\/\"><span style=\"font-weight: 400;\">Sta\u017c Erasmus Hydraulika<\/span><\/a><\/li>\n<\/ul>\n<p>[\/vc_column_text][\/vc_column_inner][\/vc_row_inner][\/vc_column][\/vc_row]<\/p>\n<\/div>","protected":false},"excerpt":{"rendered":"<p>[vc_row css=&#8221;.vc_custom_1704997686865{margin-top: -20px !important;margin-bottom: 40px !important;background-image: url(https:\/\/espamob.com\/wp-content\/uploads\/2024\/01\/Mamposteria.webp?id=22456) !important;}&#8221; conditional_render=&#8221;%5B%7B%22value_role%22%3A%22administrator%22%7D%5D&#8221;][vc_column css=&#8221;.vc_custom_1687965657482{padding-top: 30px !important;}&#8221; conditional_render=&#8221;%5B%7B%22value_role%22%3A%22administrator%22%7D%5D&#8221;][vc_empty_space height=&#8221;170&#8243;][vc_custom_heading text=&#8221;Praktyki Erasmus+ w bran\u017cy murarskiej&#8221; font_container=&#8221;tag:h1|font_size:27|text_align:center|color:%23ffffff&#8221; use_theme_fonts=&#8221;yes&#8221; css=&#8221;.vc_custom_1705067382159{margin-bottom: 15px !important;background-color: rgba(136,136,136,0.29) !important;*background-color: rgb(136,136,136) !important;}&#8221; animation_type=&#8221;zoomIn&#8221;][vc_empty_space height=&#8221;40&#8243;][\/vc_column][\/vc_row][vc_row wrap_container=&#8221;yes&#8221; text_align=&#8221;justify&#8221;][vc_column text_align=&#8221;justify&#8221;][vc_column_text] Home Sektory sta\u017cowe Mobilno\u015b\u0107 w sektorze budowlanym Praktyka zawodowa Erasmus: Murarstwo [\/vc_column_text][vc_custom_heading text=&#8221;Erasmus+ w bran\u017cy murarskiej: Wzbogacaj\u0105ce do\u015bwiadczenie zawodowe&#8221; use_theme_fonts=&#8221;yes&#8221; css=&#8221;.vc_custom_1705067460321{margin-top: 20px<\/p>\n","protected":false},"author":2,"featured_media":0,"parent":13162,"menu_order":0,"comment_status":"closed","ping_status":"closed","template":"","meta":{"footnotes":""},"class_list":["post-22492","page","type-page","status-publish","hentry"],"_links":{"self":[{"href":"https:\/\/espamob.com\/pl\/wp-json\/wp\/v2\/pages\/22492","targetHints":{"allow":["GET"]}}],"collection":[{"href":"https:\/\/espamob.com\/pl\/wp-json\/wp\/v2\/pages"}],"about":[{"href":"https:\/\/espamob.com\/pl\/wp-json\/wp\/v2\/types\/page"}],"author":[{"embeddable":true,"href":"https:\/\/espamob.com\/pl\/wp-json\/wp\/v2\/users\/2"}],"replies":[{"embeddable":true,"href":"https:\/\/espamob.com\/pl\/wp-json\/wp\/v2\/comments?post=22492"}],"version-history":[{"count":0,"href":"https:\/\/espamob.com\/pl\/wp-json\/wp\/v2\/pages\/22492\/revisions"}],"up":[{"embeddable":true,"href":"https:\/\/espamob.com\/pl\/wp-json\/wp\/v2\/pages\/13162"}],"wp:attachment":[{"href":"https:\/\/espamob.com\/pl\/wp-json\/wp\/v2\/media?parent=22492"}],"curies":[{"name":"wp","href":"https:\/\/api.w.org\/{rel}","templated":true}]}}