{"id":22231,"date":"2023-08-08T00:00:00","date_gmt":"2023-08-08T00:00:00","guid":{"rendered":"https:\/\/www.espamob.com\/praktyki-zawodowe-erasmus\/uslugi\/stage-erasmus-communication\/"},"modified":"2024-07-21T16:01:38","modified_gmt":"2024-07-21T16:01:38","slug":"praktyki-erasmus-komunikacja","status":"publish","type":"page","link":"https:\/\/espamob.com\/pl\/praktyki-zawodowe-erasmus\/uslugi\/praktyki-erasmus-komunikacja\/","title":{"rendered":"Stage Erasmus : Communication"},"content":{"rendered":"<div class=\"wpb-content-wrapper\"><p>[vc_row css=&#8221;.vc_custom_1703789335720{margin-top: -20px !important;margin-bottom: 40px !important;background-image: url(https:\/\/espamob.com\/wp-content\/uploads\/2023\/12\/Comunicacion.webp?id=22193) !important;}&#8221; conditional_render=&#8221;%5B%7B%22value_role%22%3A%22administrator%22%7D%5D&#8221;][vc_column css=&#8221;.vc_custom_1687965657482{padding-top: 30px !important;}&#8221; conditional_render=&#8221;%5B%7B%22value_role%22%3A%22administrator%22%7D%5D&#8221;][vc_empty_space height=&#8221;170&#8243;][vc_custom_heading text=&#8221;Praktyki Erasmus: Komunikacja&#8221; font_container=&#8221;tag:h1|font_size:27|text_align:center|color:%23ffffff&#8221; use_theme_fonts=&#8221;yes&#8221; css=&#8221;.vc_custom_1704738553737{margin-bottom: 15px !important;background-color: rgba(136,136,136,0.29) !important;*background-color: rgb(136,136,136) !important;}&#8221; animation_type=&#8221;zoomIn&#8221;][vc_empty_space height=&#8221;40&#8243;][\/vc_column][\/vc_row][vc_row wrap_container=&#8221;yes&#8221; text_align=&#8221;justify&#8221;][vc_column text_align=&#8221;justify&#8221;][vc_column_text]<\/p>\n<nav aria-label=\"breadcrumb\">\n<ol class=\"breadcrumb\">\n<li class=\"breadcrumb-item\"><a href=\"https:\/\/espamob.com\/pl\">Home<\/a><\/li>\n<li class=\"breadcrumb-item\"><a href=\"https:\/\/espamob.com\/pl\/praktyki-zawodowe-erasmus\">Sektory sta\u017cowe<\/a><\/li>\n<li class=\"breadcrumb-item active\" aria-current=\"page\"><a href=\"https:\/\/espamob.com\/pl\/praktyki-zawodowe-erasmus\/uslugi\/\">Mobilno\u015b\u0107 w sektorze us\u0142ug<\/a><\/li>\n<li class=\"breadcrumb-item active\" aria-current=\"page\">Praktyka zawodowa Erasmus: Komunikacja<\/li>\n<\/ol>\n<\/nav>\n<p>[\/vc_column_text][vc_custom_heading text=&#8221;Praktyki Erasmus w sektorze komunikacji: niepowtarzalne do\u015bwiadczenie, kt\u00f3rego nie mo\u017cna przegapi\u0107&#8221; use_theme_fonts=&#8221;yes&#8221; css=&#8221;.vc_custom_1704738589266{margin-top: 20px !important;}&#8221;][vc_separator][vc_row_inner][vc_column_inner width=&#8221;7\/12&#8243;][vc_column_text]<span style=\"font-weight: 400;\">Program <strong>Erasmus<\/strong> to wyj\u0105tkowa szansa dla student\u00f3w pragn\u0105cych wzbogaci\u0107 swoje umiej\u0119tno\u015bci i prze\u017cy\u0107 niezapomniane do\u015bwiadczenie za granic\u0105. Je\u015bli pasjonujesz si\u0119 komunikacj\u0105, istnieje wiele ofert sta\u017cy, kt\u00f3re pozwol\u0105 Ci rozwija\u0107 umiej\u0119tno\u015bci w tej dziedzinie, korzystaj\u0105c jednocze\u015bnie z korzy\u015bci programu Erasmus. W tym artykule podzielimy si\u0119 poradami dotycz\u0105cymi znalezienia idealnych praktyk Erasmus w dziedzinie komunikacji i przedstawimy g\u0142\u00f3wne zadania, kt\u00f3re b\u0119dziesz musia\u0142 wykona\u0107 podczas tego przedsi\u0119wzi\u0119cia.<\/span><\/p>\n<h2>Jak znale\u017a\u0107 praktyki Erasmus w dziedzinie Komunikacja?<\/h2>\n<p><span style=\"font-weight: 400;\">Znalezienie praktyk Erasmus w dziedzinie komunikacja nie zawsze jest \u0142atwe, ale dzi\u0119ki wytrwa\u0142o\u015bci i post\u0119powaniu zgodnie z naszymi wskaz\u00f3wkami, zwi\u0119kszysz swoje szanse na znalezienie idealnej okazji do realizacji projektu zawodowego.<\/span><\/p>\n<h3>Korzystaj z zasob\u00f3w swojej plac\u00f3wki edukacyjnej<\/h3>\n<p><span style=\"font-weight: 400;\">Na pocz\u0105tek sprawd\u017a oferty praktyk proponowane przez swoj\u0105 uczelni\u0119. Uniwersytety i szko\u0142y partnerskie w ramach programu Erasmus cz\u0119sto posiadaj\u0105 dedykowane us\u0142ugi sta\u017cowe za granic\u0105, kt\u00f3re mog\u0105 dostarczy\u0107 informacji na temat dost\u0119pnych mo\u017cliwo\u015bci i przedstawi\u0107 list\u0119 partner\u00f3w biznesowych. Je\u015bli to nie wystarcza, pomy\u015bl tak\u017ce o korzystaniu z platform online specjalizuj\u0105cych si\u0119 w ofertach sta\u017cy Erasmus, takich jak <strong>ErasmusIntern.org<\/strong>.<\/span><\/p>\n<h3>Wykorzystuj media spo\u0142eczno\u015bciowe i strony z ofertami pracy<\/h3>\n<p><span style=\"font-weight: 400;\">Profesjonalne portale spo\u0142eczno\u015bciowe, takie jak LinkedIn, to r\u00f3wnie\u017c doskona\u0142e \u017ar\u00f3d\u0142o ofert sta\u017cy za granic\u0105. Subskrybuj profile firm, kt\u00f3re Ci\u0119 interesuj\u0105, i do\u0142\u0105cz do grup skupiaj\u0105cych si\u0119 na sta\u017cach Erasmus, aby by\u0107 informowanym o najnowszych dost\u0119pnych mo\u017cliwo\u015bciach. Wreszcie, regularnie sprawdzaj og\u00f3lnodost\u0119pne i specjalistyczne strony z ofertami pracy w dziedzinie komunikacji, takie jak <strong>APEC<\/strong> czy <strong>Indeed<\/strong>, aby nie przegapi\u0107 \u017cadnych og\u0142osze\u0144.<\/span>[\/vc_column_text][\/vc_column_inner][vc_column_inner width=&#8221;1\/12&#8243;][\/vc_column_inner][vc_column_inner width=&#8221;4\/12&#8243;][vc_single_image image=&#8221;18181&#8243; img_size=&#8221;400*400&#8243; alignment=&#8221;right&#8221; style=&#8221;vc_box_rounded&#8221;][vc_btn title=&#8221;Zobacz wi\u0119cej&#8221; style=&#8221;custom&#8221; custom_background=&#8221;#e20000&#8243; custom_text=&#8221;#ffffff&#8221; align=&#8221;center&#8221; link=&#8221;url:https%3A%2F%2Fespamob.com%2Fpl%2Fkontakt-z-polskim-konsultantem|title:Kontakt|target:_blank&#8221;][vc_video link=&#8221;https:\/\/www.youtube.com\/watch?v=iAeYxCy66dQ&#8221; align=&#8221;center&#8221;][\/vc_column_inner][\/vc_row_inner][vc_custom_heading text=&#8221;Jakie umiej\u0119tno\u015bci rozwiniesz podczas praktyk Erasmus w dziedzinie komunikacji?&#8221; font_container=&#8221;tag:h3|text_align:left&#8221; use_theme_fonts=&#8221;yes&#8221; css=&#8221;.vc_custom_1704738698547{margin-top: 20px !important;}&#8221;][vc_separator][vc_row_inner][vc_column_inner width=&#8221;7\/12&#8243;][vc_column_text]<span style=\"font-weight: 400;\">Praktyki Erasmus w dziedzinie Komunikacja to doskona\u0142a okazja do rozwoju umiej\u0119tno\u015bci zawodowych i zdobycia nowej wiedzy. Oto kilka z g\u0142\u00f3wnych umiej\u0119tno\u015bci, kt\u00f3re b\u0119dziesz m\u00f3g\u0142 praktykowa\u0107 i rozwija\u0107 podczas tego do\u015bwiadczenia:\u00a0<\/span><\/p>\n<ul>\n<li style=\"font-weight: 400;\" aria-level=\"1\"><span style=\"font-weight: 400;\"><strong>Tworzenie tre\u015bci<\/strong>: pisanie artyku\u0142\u00f3w, komunikat\u00f3w prasowych, biuletyn\u00f3w lub post\u00f3w na platformach spo\u0142eczno\u015bciowych to codzienne zadania sta\u017cysty w dziedzinie komunikacji.\u00a0<\/span><\/li>\n<li style=\"font-weight: 400;\" aria-level=\"1\"><span style=\"font-weight: 400;\"><strong>Zarz\u0105dzanie projektem<\/strong>: organizacja i planowanie wydarze\u0144, koordynacja kampanii komunikacyjnych czy zarz\u0105dzanie projektami internetowymi to zadania, kt\u00f3re pomog\u0105 Ci rozwija\u0107 umiej\u0119tno\u015bci organizacyjne i zarz\u0105dcze.\u00a0<\/span><\/li>\n<li style=\"font-weight: 400;\" aria-level=\"1\"><span style=\"font-weight: 400;\"><strong>Relacje publiczne<\/strong>: nawi\u0105zywanie i utrzymywanie relacji z mediami, partnerami czy klientami jest kluczowe dla zapewnienia widoczno\u015bci i sukcesu przedsi\u0119biorstwa. Praktyki Erasmus w dziedzinie komunikacji da Ci okazj\u0119 do pracy nad tymi aspektami.<\/span><\/li>\n<\/ul>\n<h2>Jakie korzy\u015bci zyskasz z odbycia praktyk Erasmus w dziedzinie Komunikacja?<\/h2>\n<p><span style=\"font-weight: 400;\">Odbycie praktyk Erasmus w dziedzinie komunikacja niesie ze sob\u0105 wiele korzy\u015bci, kt\u00f3re b\u0119d\u0105 mia\u0142y pozytywny wp\u0142yw zar\u00f3wno na Twoj\u0105 karier\u0119, jak i \u017cycie osobiste:<\/span><\/p>\n<ol>\n<li style=\"font-weight: 400;\" aria-level=\"1\"><span style=\"font-weight: 400;\"><strong>Odkrycie nowej kultury<\/strong>: \u017cycie i praca za granic\u0105 pozwol\u0105 Ci zanurzy\u0107 si\u0119 w nowej kulturze i poszerzy\u0107 horyzonty.<\/span><\/li>\n<li style=\"font-weight: 400;\" aria-level=\"1\"><span style=\"font-weight: 400;\"><strong>Poprawa znajomo\u015bci j\u0119zyka<\/strong>: codzienne stawianie czo\u0142a obcemu j\u0119zykowi pozwoli Ci szybko si\u0119 rozwija\u0107 i zdoby\u0107 solidne umiej\u0119tno\u015bci j\u0119zykowe.<\/span><\/li>\n<li style=\"font-weight: 400;\" aria-level=\"1\"><span style=\"font-weight: 400;\"><strong>Rozbudowanie sieci zawodowej:<\/strong> praca w mi\u0119dzynarodowym kontek\u015bcie da Ci szans\u0119 nawi\u0105zania cennych kontakt\u00f3w na przysz\u0142o\u015b\u0107.<\/span><\/li>\n<li style=\"font-weight: 400;\" aria-level=\"1\"><span style=\"font-weight: 400;\"><strong>Odznaczenie si\u0119 na CV<\/strong>: do\u015bwiadczenie Erasmus dowodzi pracodawcom, \u017ce potrafisz si\u0119 dostosowa\u0107, masz otwarty umys\u0142 i pewn\u0105 samodzielno\u015b\u0107 \u2013 cechy poszukiwane przez pracodawc\u00f3w.<\/span><\/li>\n<\/ol>\n<p><span style=\"font-weight: 400;\">Tak wi\u0119c praktyki Erasmus w dziedzinie komunikacja to niepowtarzalna okazja do rozwijania umiej\u0119tno\u015bci podczas jednoczesnego prze\u017cywania wzbogacaj\u0105cego do\u015bwiadczenia za granic\u0105. Nie wahaj si\u0119 skorzysta\u0107 z naszych wskaz\u00f3wek, aby znale\u017a\u0107 idealne praktyki i przygotuj si\u0119 na niezapomnian\u0105 przygod\u0119!<\/span>[\/vc_column_text][\/vc_column_inner][vc_column_inner width=&#8221;1\/12&#8243;][\/vc_column_inner][vc_column_inner width=&#8221;4\/12&#8243;][vc_raw_html]JTNDZGl2JTIwc3R5bGUlM0QlMjJwYWRkaW5nJTNBJTIwMzBweCUzQmJhY2tncm91bmQtY29sb3IlM0ElMjAlMjNGNEY0RjQlM0IlMjIlM0UlMEElMjAlMjAlMjAlMjAlM0NoNCUzRU9ka3J5aiUyMHdzenlzdGtpZSUyMHNla3RvcnklMjBwcmFrdHlrJTNDJTJGaDQlM0UlMEElMjAlMjAlMjAlMjAlM0NwJTNFRXNwYW1vYiUyMHNwZWNqYWxpenVqZSUyMHNpJUM0JTk5JTIwdyUyMHBvbWFnYW5pdSUyMGdydXBvbSUyMHclMjBtb2JpbG5vJUM1JTlCY2klMjB3JTIwcmFtYWNoJTIwcHJvZ3JhbXUlMjBFcmFzbXVzJTIwJTJCLiUyMERvd2llZHolMjBzaSVDNCU5OSUyMG8lMjB3c3p5c3RraWNoJTIwc2VrdG9yYWNoJTIwcHJha3R5ayUyMEVyYXNtdXMlMjB3JTIwSGlzenBhbmlpJTIwemElMjBwb21vYyVDNCU4NSUyMGtpbGt1JTIwa2xpa25pJUM0JTk5JUM0JTg3LiUzQyUyRnAlM0UlMEElMjAlMjAlMjAlMjAlM0NhJTIwY2xhc3MlM0QlMjJ2Y19nZW5lcmFsJTIwdmNfYnRuMyUyMHZjX2J0bjMtc2l6ZS1tZCUyMHZjX2J0bjMtc2hhcGUtZGVmYXVsdCUyMHZjX2J0bjMtc3R5bGUtY3VzdG9tJTIwd3BiX2N1c3RvbV82Njg3YjI2ZjM5NDg4ZGRiYjg1ZGRiM2MxY2U4ZTExMSUyMGJ0biUyMiUyMHN0eWxlJTNEJTIyYmFja2dyb3VuZC1jb2xvciUzQSUyM2UyMDAwMCUzQiUyMGNvbG9yJTNBJTIzZmZmZmZmJTNCJTIwYmFja2dyb3VuZC1jb2xvciUzQSUyM2UyMDAwMCUzQiUyMGNvbG9yJTNBJTIzZmZmZmZmJTNCJTIyJTIwaHJlZiUzRCUyMmh0dHBzJTNBJTJGJTJGd3d3LmVzcGFtb2IuY29tJTJGcGwlMkZwcmFrdHlraS16YXdvZG93ZS1lcmFzbXVzJTJGJTIyJTIwdGl0bGUlM0QlMjJTZWt0b3J5JTIwc3RhJUM1JUJDb3dlJTIyJTIwdGFyZ2V0JTNEJTIyX2JsYW5rJTIyJTNFT2RrcnlqJTIwc2VrdG9yeSUzQyUyRmElM0UlMEElM0MlMkZkaXYlM0U=[\/vc_raw_html][vc_custom_heading text=&#8221;Odkryj opinie uczestnik\u00f3w programu Erasmus +:&#8221; font_container=&#8221;tag:h3|text_align:left&#8221; use_theme_fonts=&#8221;yes&#8221; css=&#8221;.vc_custom_1704738796544{margin-top: 20px !important;}&#8221;][vc_separator][vc_video link=&#8221;https:\/\/youtu.be\/ljvPjftunnk?si=HPoMLNi2Gn8X8D0y&#8221; align=&#8221;center&#8221;][\/vc_column_inner][\/vc_row_inner][\/vc_column][\/vc_row][vc_row full_width=&#8221;stretch_row&#8221; wrap_container=&#8221;yes&#8221; is_section=&#8221;yes&#8221; css=&#8221;.vc_custom_1704738816092{padding-top: 15px !important;padding-bottom: 15px !important;background-color: #f8f392 !important;}&#8221; conditional_render=&#8221;%5B%7B%22value_role%22%3A%22administrator%22%7D%5D&#8221;][vc_column][vc_row_inner css=&#8221;.vc_custom_1688548648248{background-color: #f8f392 !important;}&#8221;][vc_column_inner][vc_custom_heading text=&#8221;Popro\u015b o bezp\u0142atn\u0105 wycen\u0119&#8221; font_container=&#8221;tag:h2|text_align:center&#8221; use_theme_fonts=&#8221;yes&#8221;][vc_column_text]<\/p>\n<p style=\"text-align: justify;\">Masz pomys\u0142 na projekt Erasmus+ w Hiszpanii i szukasz zaufanej agencji, kt\u00f3ra Ci\u0119 wesprze?\u00a0<strong>Espamob<\/strong>\u2019 jest tutaj, aby Ci pom\u00f3c! Oferujemy bezp\u0142atn\u0105 i niezobowi\u0105zuj\u0105c\u0105 wycen\u0119, kt\u00f3ra pomo\u017ce Ci zarz\u0105dza\u0107 projektem mobilno\u015bci. Dzi\u0119ki naszemu do\u015bwiadczeniu i sieci firm partnerskich mo\u017cemy zaoferowa\u0107 spersonalizowane wsparcie, aby spe\u0142ni\u0107 Twoje specyficzne potrzeby. Skontaktuj si\u0119 z nami ju\u017c teraz, aby om\u00f3wi\u0107 sw\u00f3j projekt i otrzyma\u0107 bezp\u0142atn\u0105 wycen\u0119.<\/p>\n<p>[\/vc_column_text]<div id=\"modal-trg-txt-wrap-3983\" class=\"ult-modal-input-wrapper ult-adjust-bottom-margin    \" data-keypress-control=\"keypress-control-enable\" data-overlay-control=\"overlay-control-enable\"><style>\n\t\t\t\t\t.btn-modal.btn-id-69e818e78e1619-55842464:hover {\n\t\t\t\t\t\tbackground-color: #e20000 !important;\n\t\t\t\t\t}\n\t\t\t\t\t<\/style><button  data-ultimate-target='#modal-trg-txt-wrap-3983 .btn-modal'  data-responsive-json-new='{\"font-size\":\"\",\"line-height\":\"\"}'  style=\"background:#888888;border-color:#888888;color:#ffffff; \" data-class-id=\"content-69e818e78e1619-55842464\" class=\"btn-modal ult-responsive btn-primary btn-modal-md overlay-show ult-align-center btn-id-69e818e78e1619-55842464\" data-overlay-class=\"overlay-cornerbottomleft\">ZAM\u00d3W BEZP\u0141ATN\u0104 WYCEN\u0118<\/button><\/div>\n<div class=\"ult-overlay content-69e818e78e1619-55842464 \" data-class=\"content-69e818e78e1619-55842464\" id=\"button-click-overlay\" style=\"background:rgba(51,51,51,0.8); display:none;\">\n\t<div class=\"ult_modal ult-fade ult-medium\">\n\t\t<div id=\"ult-modal-wrap-2016\" class=\"ult_modal-content ult-hide\" style=\"border-style:solid;border-width:2px;border-radius:0px;border-color:#333333;\">\n\t\t\t<div class=\"ult_modal-header\" style=\"color:#333333;border-color:#333333;\">\n\t\t\t\t<h3  data-ultimate-target='#ult-modal-wrap-2016 .ult_modal-title'  data-responsive-json-new='{\"font-size\":\"\",\"line-height\":\"\"}'  class=\"ult_modal-title ult-responsive\">ZAM\u00d3W BEZP\u0141ATN\u0104 WYCEN\u0118<\/h3>\n\t\t\t<\/div>\n\t\t\t<div  data-ultimate-target='#ult-modal-wrap-2016 .ult_modal-body'  data-responsive-json-new='{\"font-size\":\"\",\"line-height\":\"\"}'  class=\"ult_modal-body ult-responsive ult-html\" style=\"\">\n\t\t\t<\/p>\n<p>[caldera_form id=&#8221;CF6149e02688efa&#8221;]<\/p>\n<p>\n\t\t\t<\/div>\n\t<\/div>\n\t<\/div>\n\t<div class=\"ult-overlay-close top-right\" style=\"width:80px;height:80px; \"><div class=\"ult-overlay-close-inside\">Close<\/div><\/div>\n<\/div>[\/vc_column_inner][\/vc_row_inner][\/vc_column][\/vc_row][vc_row wrap_container=&#8221;yes&#8221; css=&#8221;.vc_custom_1689256499740{margin-top: 15px !important;}&#8221; conditional_render=&#8221;%5B%7B%22value_role%22%3A%22administrator%22%7D%5D&#8221;][vc_column][vc_custom_heading text=&#8221;Pytania cz\u0119sto zadawane&#8221; font_container=&#8221;tag:h2|text_align:center|color:%23000000&#8243; use_theme_fonts=&#8221;yes&#8221;][vc_separator][vc_row_inner][vc_column_inner width=&#8221;7\/12&#8243;][vc_column_text]<\/p>\n<h3>Jakie wsparcie oferuje Espamob dla grup chc\u0105cych odby\u0107 praktyki Erasmus w Hiszpanii?<\/h3>\n<p><span style=\"font-weight: 400;\">Espamob oferuje kompleksowe wsparcie dla grup planuj\u0105cych odby\u0107 praktyki Erasmus w Hiszpanii. Agencja zarz\u0105dza projektami od A do Z, pomagaj\u0105c grupom w tworzeniu ich projektu, poszukiwaniu finansowania, organizuj\u0105c przyj\u0119cie na uniwersytetach i w partneruj\u0105cych firmach. Espamob zajmuje si\u0119 r\u00f3wnie\u017c znalezieniem zakwaterowania na miejscu oraz odbiorem grup z lotniska.<\/span><\/p>\n<h3>Jak Espamob pomaga grupom znale\u017a\u0107 finansowanie na praktyki Erasmus?<\/h3>\n<p><span style=\"font-weight: 400;\">Espamob oferuje cenn\u0105 pomoc grupom w poszukiwaniu finansowania na ich praktyki Erasmus. Agencja udziela porad i udost\u0119pnia zasoby do znalezienia dost\u0119pnych stypendi\u00f3w i dotacji na projekty mi\u0119dzynarodowej mobilno\u015bci. Espamob towarzyszy grupom w przygotowaniu wniosk\u00f3w o finansowanie i pomaga im w niezb\u0119dnych formalno\u015bciach administracyjnych.<\/span><\/p>\n<h3>Jakie s\u0105 korzy\u015bci z wyboru Espamob do organizacji praktyk Erasmus w Hiszpanii?<\/h3>\n<p><span style=\"font-weight: 400;\">Wyb\u00f3r Espamob do organizacji praktyk Erasmus w Hiszpanii niesie ze sob\u0105 liczne korzy\u015bci. Agencja oferuje kompleksowe i spersonalizowane wsparcie, zajmuj\u0105c si\u0119 wszystkimi logistycznymi aspektami projektu. Espamob posiada solidn\u0105 sie\u0107 partner\u00f3w szkolnych i firm, co gwarantuje wysokiej jako\u015bci praktyki. Ponadto agencja u\u0142atwia integracj\u0119 grup w ich nowym \u015brodowisku, zajmuj\u0105c si\u0119 znalezieniem zakwaterowania na miejscu oraz organizacj\u0105 odbioru na lotnisku.<\/span>[\/vc_column_text][\/vc_column_inner][vc_column_inner width=&#8221;1\/12&#8243;][\/vc_column_inner][vc_column_inner width=&#8221;4\/12&#8243;][vc_single_image image=&#8221;15074&#8243; img_size=&#8221;full&#8221;][vc_column_text]<strong>Dowiedz si\u0119 wi\u0119cej o r\u00f3\u017cnych miejscach Erasmus+ w Hiszpanii:\u00a0<\/strong><\/p>\n<ul>\n<li><a href=\"https:\/\/espamob.com\/pl\/praktyki-zawodowe-erasmus\/uslugi\/praktyki-erasmus-sprzedaz\/\"><span style=\"font-weight: 400;\">Praktyki Erasmus Sprzedaz <\/span><\/a><\/li>\n<li><a href=\"https:\/\/espamob.com\/pl\/praktyki-zawodowe-erasmus\/uslugi\/praktyki-erasmus-handel\/\"><span style=\"font-weight: 400;\">Praktyki Erasmus Handel<\/span><\/a><\/li>\n<li><a href=\"https:\/\/espamob.com\/pl\/praktyki-zawodowe-erasmus\/uslugi\/praktyki-erasmus-recepcja\/\"><span style=\"font-weight: 400;\">Praktyki Erasmus Recepja<\/span><\/a><\/li>\n<li><a href=\"https:\/\/espamob.com\/pl\/praktyki-zawodowe-erasmus\/uslugi\/praktyki-erasmus-zarzadzanie-administracja\/\"><span style=\"font-weight: 400;\">Praktyki Erasmus <\/span>Zarz\u0105dzanie i Administracja<\/a><\/li>\n<li><a href=\"https:\/\/espamob.com\/pl\/praktyki-zawodowe-erasmus\/uslugi\/praktyki-erasmus-marketing\/\"><span style=\"font-weight: 400;\">Praktyki Erasmus Marketing<\/span><\/a><\/li>\n<\/ul>\n<p>[\/vc_column_text][\/vc_column_inner][\/vc_row_inner][\/vc_column][\/vc_row]<\/p>\n<\/div>","protected":false},"excerpt":{"rendered":"<p>[vc_row css=&#8221;.vc_custom_1703789335720{margin-top: -20px !important;margin-bottom: 40px !important;background-image: url(https:\/\/espamob.com\/wp-content\/uploads\/2023\/12\/Comunicacion.webp?id=22193) !important;}&#8221; conditional_render=&#8221;%5B%7B%22value_role%22%3A%22administrator%22%7D%5D&#8221;][vc_column css=&#8221;.vc_custom_1687965657482{padding-top: 30px !important;}&#8221; conditional_render=&#8221;%5B%7B%22value_role%22%3A%22administrator%22%7D%5D&#8221;][vc_empty_space height=&#8221;170&#8243;][vc_custom_heading text=&#8221;Praktyki Erasmus: Komunikacja&#8221; font_container=&#8221;tag:h1|font_size:27|text_align:center|color:%23ffffff&#8221; use_theme_fonts=&#8221;yes&#8221; css=&#8221;.vc_custom_1704738553737{margin-bottom: 15px !important;background-color: rgba(136,136,136,0.29) !important;*background-color: rgb(136,136,136) !important;}&#8221; animation_type=&#8221;zoomIn&#8221;][vc_empty_space height=&#8221;40&#8243;][\/vc_column][\/vc_row][vc_row wrap_container=&#8221;yes&#8221; text_align=&#8221;justify&#8221;][vc_column text_align=&#8221;justify&#8221;][vc_column_text] Home Sektory sta\u017cowe Mobilno\u015b\u0107 w sektorze us\u0142ug Praktyka zawodowa Erasmus: Komunikacja [\/vc_column_text][vc_custom_heading text=&#8221;Praktyki Erasmus w sektorze komunikacji: niepowtarzalne do\u015bwiadczenie, kt\u00f3rego nie mo\u017cna przegapi\u0107&#8221; use_theme_fonts=&#8221;yes&#8221;<\/p>\n","protected":false},"author":2,"featured_media":0,"parent":12815,"menu_order":0,"comment_status":"closed","ping_status":"closed","template":"","meta":{"footnotes":""},"class_list":["post-22231","page","type-page","status-publish","hentry"],"_links":{"self":[{"href":"https:\/\/espamob.com\/pl\/wp-json\/wp\/v2\/pages\/22231","targetHints":{"allow":["GET"]}}],"collection":[{"href":"https:\/\/espamob.com\/pl\/wp-json\/wp\/v2\/pages"}],"about":[{"href":"https:\/\/espamob.com\/pl\/wp-json\/wp\/v2\/types\/page"}],"author":[{"embeddable":true,"href":"https:\/\/espamob.com\/pl\/wp-json\/wp\/v2\/users\/2"}],"replies":[{"embeddable":true,"href":"https:\/\/espamob.com\/pl\/wp-json\/wp\/v2\/comments?post=22231"}],"version-history":[{"count":0,"href":"https:\/\/espamob.com\/pl\/wp-json\/wp\/v2\/pages\/22231\/revisions"}],"up":[{"embeddable":true,"href":"https:\/\/espamob.com\/pl\/wp-json\/wp\/v2\/pages\/12815"}],"wp:attachment":[{"href":"https:\/\/espamob.com\/pl\/wp-json\/wp\/v2\/media?parent=22231"}],"curies":[{"name":"wp","href":"https:\/\/api.w.org\/{rel}","templated":true}]}}