{"id":22227,"date":"2023-08-08T00:00:00","date_gmt":"2023-08-08T00:00:00","guid":{"rendered":"https:\/\/www.espamob.com\/praktyki-zawodowe-erasmus\/uslugi\/stage-erasmus-marketing\/"},"modified":"2024-01-11T15:34:46","modified_gmt":"2024-01-11T15:34:46","slug":"praktyki-erasmus-marketing","status":"publish","type":"page","link":"https:\/\/espamob.com\/pl\/praktyki-zawodowe-erasmus\/uslugi\/praktyki-erasmus-marketing\/","title":{"rendered":"Stage Erasmus : Marketing"},"content":{"rendered":"<div class=\"wpb-content-wrapper\"><p>[vc_row css=&#8221;.vc_custom_1703789314099{margin-top: -20px !important;margin-bottom: 40px !important;background-image: url(https:\/\/espamob.com\/wp-content\/uploads\/2023\/12\/Marketing.webp?id=22198) !important;}&#8221; conditional_render=&#8221;%5B%7B%22value_role%22%3A%22administrator%22%7D%5D&#8221;][vc_column css=&#8221;.vc_custom_1687965657482{padding-top: 30px !important;}&#8221; conditional_render=&#8221;%5B%7B%22value_role%22%3A%22administrator%22%7D%5D&#8221;][vc_empty_space height=&#8221;170&#8243;][vc_custom_heading text=&#8221;Praktyki Erasmus : Marketing&#8221; font_container=&#8221;tag:h1|font_size:27|text_align:center|color:%23ffffff&#8221; use_theme_fonts=&#8221;yes&#8221; css=&#8221;.vc_custom_1704737569740{margin-bottom: 15px !important;background-color: rgba(136,136,136,0.29) !important;*background-color: rgb(136,136,136) !important;}&#8221; animation_type=&#8221;zoomIn&#8221;][vc_empty_space height=&#8221;40&#8243;][\/vc_column][\/vc_row][vc_row wrap_container=&#8221;yes&#8221; text_align=&#8221;justify&#8221;][vc_column text_align=&#8221;justify&#8221;][vc_column_text]<\/p>\n<nav aria-label=\"breadcrumb\">\n<ol class=\"breadcrumb\">\n<li class=\"breadcrumb-item\"><a href=\"https:\/\/espamob.com\/pl\">Home<\/a><\/li>\n<li class=\"breadcrumb-item\"><a href=\"https:\/\/espamob.com\/pl\/praktyki-zawodowe-erasmus\">Sektory sta\u017cowe<\/a><\/li>\n<li class=\"breadcrumb-item active\" aria-current=\"page\"><a href=\"https:\/\/espamob.com\/pl\/praktyki-zawodowe-erasmus\/uslugi\/\">Mobilno\u015b\u0107 w sektorze us\u0142ug<\/a><\/li>\n<li class=\"breadcrumb-item active\" aria-current=\"page\">Praktyka zawodowa Erasmus: Marketing<\/li>\n<\/ol>\n<\/nav>\n<p>[\/vc_column_text][vc_custom_heading text=&#8221;Praktyki Erasmus w sektorze Marketingu: do\u015bwiadczenie edukacyjne i wzbogacaj\u0105ce&#8221; use_theme_fonts=&#8221;yes&#8221; css=&#8221;.vc_custom_1704737669226{margin-top: 20px !important;}&#8221;][vc_separator][vc_row_inner][vc_column_inner width=&#8221;7\/12&#8243;][vc_column_text]<span style=\"font-weight: 400;\">W ramach swoich studi\u00f3w wielu student\u00f3w ma mo\u017cliwo\u015b\u0107 odbycia <strong>praktyk zagranicznych<\/strong> dzi\u0119ki programowi Erasmus. W\u015br\u00f3d dost\u0119pnych dziedzin aktywno\u015bci, <strong>marketing<\/strong> cieszy si\u0119 szczeg\u00f3lnym zainteresowaniem m\u0142odych talent\u00f3w, kt\u00f3rzy chc\u0105 rozwija\u0107 swoje umiej\u0119tno\u015bci zawodowe, jednocze\u015bnie zyskuj\u0105c unikalne do\u015bwiadczenie mi\u0119dzynarodowe. W tym artykule odkryj szczeg\u00f3\u0142y dotycz\u0105ce praktyk Erasmus w dziedzinie marketingu i korzy\u015bci, jakie mog\u0105 Ci przynie\u015b\u0107.<\/span><\/p>\n<h2>Czym s\u0105 praktyki Erasmus: Marketing?<\/h2>\n<p><span style=\"font-weight: 400;\"><strong>Praktyki Erasmus: Marketing<\/strong> to okres szkolenia zawodowego odbywany za granic\u0105 w dziedzinie marketingu. Pozwala studentom zapisanym na kierunki takie jak komunikacja, zarz\u0105dzanie czy mi\u0119dzynarodowy handel, zapozna\u0107 si\u0119 z praktykami marketingowymi zagranicznej firmy.<\/span><\/p>\n<h3>Cele praktyk<\/h3>\n<p><span style=\"font-weight: 400;\">Celem tego rodzaju praktyk jest:\u00a0<\/span><\/p>\n<ul>\n<li style=\"font-weight: 400;\" aria-level=\"1\"><span style=\"font-weight: 400;\"><strong>Rozwijanie<\/strong> umiej\u0119tno\u015bci technicznych i interpersonalnych zwi\u0105zanych z marketingiem;\u00a0<\/span><\/li>\n<li style=\"font-weight: 400;\" aria-level=\"1\"><span style=\"font-weight: 400;\"><strong>Zdobycie<\/strong> do\u015bwiadczenia zawodowego mi\u0119dzynarodowego;\u00a0<\/span><\/li>\n<li style=\"font-weight: 400;\" aria-level=\"1\"><span style=\"font-weight: 400;\"><strong>Poprawa<\/strong> znajomo\u015bci j\u0119zyk\u00f3w obcych;\u00a0<\/span><\/li>\n<li style=\"font-weight: 400;\" aria-level=\"1\"><span style=\"font-weight: 400;\"><strong>Promowanie<\/strong> otwarto\u015bci kulturowej i zrozumienia r\u00f3\u017cnic mi\u0119dzykulturowych.<\/span><\/li>\n<\/ul>\n<h3>Czas trwania praktyk<\/h3>\n<p><span style=\"font-weight: 400;\">Zazwyczaj <strong>czas trwania praktyk Erasmus w dziedzinie marketingu<\/strong> wynosi od kilku tygodni do kilku miesi\u0119cy. Minimalny okres jest zazwyczaj ustalany na dwa miesi\u0105ce, ale mo\u017ce by\u0107 przed\u0142u\u017cony w zale\u017cno\u015bci od potrzeb przedsi\u0119biorstwa i cel\u00f3w pedagogicznych okre\u015blonych przez plac\u00f3wk\u0119 edukacyjn\u0105.<\/span><\/p>\n<h2>Jak znale\u017a\u0107 praktyki Erasmus: Marketing<\/h2>\n<p><span style=\"font-weight: 400;\">Aby zdoby\u0107 praktyki w dziedzinie marketingu za granic\u0105, nale\u017cy przej\u015b\u0107 przez kilka etap\u00f3w:<\/span><\/p>\n<ol>\n<li style=\"font-weight: 400;\" aria-level=\"1\"><b>Wyb\u00f3r destynacji:<\/b><span style=\"font-weight: 400;\"> uwzgl\u0119dnij swoje preferencje kulturowe, j\u0119zykowe oraz renom\u0119 kraju pod wzgl\u0119dem mo\u017cliwo\u015bci zawodowych;<\/span><\/li>\n<li style=\"font-weight: 400;\" aria-level=\"1\"><b>Szukanie<\/b><span style=\"font-weight: 400;\"> ofert praktyk: skorzystaj z dedykowanych platform, profesjonalnych medi\u00f3w spo\u0142eczno\u015bciowych lub skontaktuj si\u0119 bezpo\u015brednio z firmami, kt\u00f3re mog\u0105 Ci\u0119 zainteresowa\u0107;<\/span><\/li>\n<li style=\"font-weight: 400;\" aria-level=\"1\"><b>Aplikowanie<\/b><span style=\"font-weight: 400;\"> na wybrane oferty, dostosowuj\u0105c CV i list motywacyjny do specyfiki kraju i firmy;<\/span><\/li>\n<li style=\"font-weight: 400;\" aria-level=\"1\"><b>Przygotowanie<\/b><span style=\"font-weight: 400;\"> do ewentualnych rozm\u00f3w kwalifikacyjnych i upewnienie si\u0119, \u017ce masz wszystkie niezb\u0119dne dokumenty do aplikacji (CV, list motywacyjny, portfolio itp.);<\/span><\/li>\n<li style=\"font-weight: 400;\" aria-level=\"1\"><b>Uzyskanie<\/b> zgody swojej plac\u00f3wki edukacyjnej oraz sprawdzenie warunk\u00f3w finansowania praktyk (stypendia Erasmus, lokalne dotacje itp.).<\/li>\n<\/ol>\n<p>[\/vc_column_text][\/vc_column_inner][vc_column_inner width=&#8221;1\/12&#8243;][\/vc_column_inner][vc_column_inner width=&#8221;4\/12&#8243;][vc_single_image image=&#8221;18241&#8243; img_size=&#8221;400*400&#8243; alignment=&#8221;right&#8221; style=&#8221;vc_box_rounded&#8221;][vc_btn title=&#8221;Zobacz wi\u0119cej&#8221; style=&#8221;custom&#8221; custom_background=&#8221;#e20000&#8243; custom_text=&#8221;#ffffff&#8221; align=&#8221;center&#8221; link=&#8221;url:https%3A%2F%2Fespamob.com%2Fpl%2Fkontakt-z-polskim-konsultantem|title:Kontakt|target:_blank&#8221;][\/vc_column_inner][\/vc_row_inner][vc_custom_heading text=&#8221;Zalety praktyk Erasmus: Marketing&#8221; font_container=&#8221;tag:h3|text_align:left&#8221; use_theme_fonts=&#8221;yes&#8221; css=&#8221;.vc_custom_1704737890884{margin-top: 20px !important;}&#8221;][vc_separator][vc_row_inner][vc_column_inner width=&#8221;7\/12&#8243;][vc_column_text]<span style=\"font-weight: 400;\">Odbycie praktyk za granic\u0105 w dziedzinie marketingu niesie za sob\u0105 liczne korzy\u015bci:\u00a0<\/span><\/p>\n<h3>Cenna wizja zawodowa<\/h3>\n<p><span style=\"font-weight: 400;\">Praktyki Erasmus: Marketing pozwalaj\u0105 zdoby\u0107 umiej\u0119tno\u015bci niezb\u0119dne dla przysz\u0142ej kariery, takie jak zarz\u0105dzanie projektami, opracowywanie strategii marketingowych czy analiza danych. Ponadto praca w zagranicznej firmie to doskona\u0142y spos\u00f3b, aby pokaza\u0107 swoj\u0105 zdolno\u015b\u0107 do dostosowywania si\u0119 i otwarto\u015bci umys\u0142u przysz\u0142ym pracodawcom.<\/span><\/p>\n<h3>Doskonalenie umiej\u0119tno\u015bci j\u0119zykowych<\/h3>\n<p><span style=\"font-weight: 400;\">Praktyki Erasmus: Marketing oferuj\u0105 r\u00f3wnie\u017c mo\u017cliwo\u015b\u0107 poprawy umiej\u0119tno\u015bci j\u0119zykowych. B\u0119dziesz codziennie praktykowa\u0107 j\u0119zyk kraju goszcz\u0105cego, zar\u00f3wno w mowie, jak i pi\u015bmie. To zanurzenie lingwistyczne b\u0119dzie cennym atutem na Twoim CV i u\u0142atwi wymian\u0119 z mi\u0119dzynarodowymi partnerami w \u015brodowisku zawodowym.\u00a0<\/span><\/p>\n<h3>Wzbogacenie kulturowe<\/h3>\n<p><span style=\"font-weight: 400;\">Poza aspektami zawodowymi i j\u0119zykowymi praktyki Erasmus: Marketing pozwol\u0105 Ci odkry\u0107 now\u0105 kultur\u0119 i nawi\u0105za\u0107 przyja\u017anie z osobami o r\u00f3\u017cnych do\u015bwiadczeniach. Spotkania te stanowi\u0107 b\u0119d\u0105 okazj\u0119 do wymiany do\u015bwiadcze\u0144 na temat specyfiki marketingu w ka\u017cdym kraju i precyzowania zrozumienia problematyki mi\u0119dzykulturowej.<\/span><\/p>\n<h2>Porady na sukces w praktykach Erasmus: Marketing<\/h2>\n<p><span style=\"font-weight: 400;\">Aby w pe\u0142ni skorzysta\u0107 z praktyk Erasmus: Marketing, zastosuj si\u0119 do kilku zalece\u0144:\u00a0<\/span><\/p>\n<ul>\n<li style=\"font-weight: 400;\" aria-level=\"1\"><span style=\"font-weight: 400;\"><strong>Szybko<\/strong> dostosuj si\u0119 do \u015brodowiska zawodowego i kulturowego kraju goszcz\u0105cego;\u00a0<\/span><\/li>\n<li style=\"font-weight: 400;\" aria-level=\"1\"><span style=\"font-weight: 400;\"><strong>Komunikuj<\/strong> si\u0119 jasno i efektywnie z kolegami i prze\u0142o\u017conymi;\u00a0<\/span><\/li>\n<li style=\"font-weight: 400;\" aria-level=\"1\"><span style=\"font-weight: 400;\"><strong>Wyka\u017c<\/strong> si\u0119 ciekawo\u015bci\u0105 i inicjatyw\u0105 w pracy;\u00a0<\/span><\/li>\n<li style=\"font-weight: 400;\" aria-level=\"1\"><span style=\"font-weight: 400;\"><strong>Dziel<\/strong> si\u0119 swoimi do\u015bwiadczeniami i wiedz\u0105 z innymi cz\u0142onkami zespo\u0142u;\u00a0<\/span><\/li>\n<li style=\"font-weight: 400;\" aria-level=\"1\"><span style=\"font-weight: 400;\"><strong>Wykorzystaj<\/strong> mo\u017cliwo\u015bci oferowane przez praktyki do rozwini\u0119cia swojej sieci zawodowej.<\/span><\/li>\n<\/ul>\n<p><span style=\"font-weight: 400;\">Podsumowuj\u0105c, praktyki Erasmus w dziedzinie marketingu to wyj\u0105tkowe do\u015bwiadczenie, kt\u00f3re pozwoli Ci rozwija\u0107 umiej\u0119tno\u015bci zawodowe, j\u0119zykowe i mi\u0119dzykulturowe, jednocze\u015bnie prze\u017cywaj\u0105c warto\u015bciow\u0105 przygod\u0119 mi\u0119dzynarodow\u0105. Nie wahaj si\u0119, we\u017a udzia\u0142 w tej przygodzie, je\u015bli chcesz przyspieszy\u0107 rozw\u00f3j swojej kariery!<\/span>[\/vc_column_text][\/vc_column_inner][vc_column_inner width=&#8221;1\/12&#8243;][\/vc_column_inner][vc_column_inner width=&#8221;4\/12&#8243;][vc_raw_html]JTNDZGl2JTIwc3R5bGUlM0QlMjJwYWRkaW5nJTNBJTIwMzBweCUzQmJhY2tncm91bmQtY29sb3IlM0ElMjAlMjNGNEY0RjQlM0IlMjIlM0UlMEElMjAlMjAlMjAlMjAlM0NoNCUzRU9ka3J5aiUyMHdzenlzdGtpZSUyMHNla3RvcnklMjBwcmFrdHlrJTNDJTJGaDQlM0UlMEElMjAlMjAlMjAlMjAlM0NwJTNFRXNwYW1vYiUyMHNwZWNqYWxpenVqZSUyMHNpJUM0JTk5JTIwdyUyMHBvbWFnYW5pdSUyMGdydXBvbSUyMHclMjBtb2JpbG5vJUM1JTlCY2klMjB3JTIwcmFtYWNoJTIwcHJvZ3JhbXUlMjBFcmFzbXVzJTIwJTJCLiUyMERvd2llZHolMjBzaSVDNCU5OSUyMG8lMjB3c3p5c3RraWNoJTIwc2VrdG9yYWNoJTIwcHJha3R5ayUyMEVyYXNtdXMlMjB3JTIwSGlzenBhbmlpJTIwemElMjBwb21vYyVDNCU4NSUyMGtpbGt1JTIwa2xpa25pJUM0JTk5JUM0JTg3LiUzQyUyRnAlM0UlMEElMjAlMjAlMjAlMjAlM0NhJTIwY2xhc3MlM0QlMjJ2Y19nZW5lcmFsJTIwdmNfYnRuMyUyMHZjX2J0bjMtc2l6ZS1tZCUyMHZjX2J0bjMtc2hhcGUtZGVmYXVsdCUyMHZjX2J0bjMtc3R5bGUtY3VzdG9tJTIwd3BiX2N1c3RvbV82Njg3YjI2ZjM5NDg4ZGRiYjg1ZGRiM2MxY2U4ZTExMSUyMGJ0biUyMiUyMHN0eWxlJTNEJTIyYmFja2dyb3VuZC1jb2xvciUzQSUyM2UyMDAwMCUzQiUyMGNvbG9yJTNBJTIzZmZmZmZmJTNCJTIwYmFja2dyb3VuZC1jb2xvciUzQSUyM2UyMDAwMCUzQiUyMGNvbG9yJTNBJTIzZmZmZmZmJTNCJTIyJTIwaHJlZiUzRCUyMmh0dHBzJTNBJTJGJTJGd3d3LmVzcGFtb2IuY29tJTJGcGwlMkZwcmFrdHlraS16YXdvZG93ZS1lcmFzbXVzJTJGJTIyJTIwdGl0bGUlM0QlMjJTZWt0b3J5JTIwc3RhJUM1JUJDb3dlJTIyJTIwdGFyZ2V0JTNEJTIyX2JsYW5rJTIyJTNFT2RrcnlqJTIwc2VrdG9yeSUzQyUyRmElM0UlMEElM0MlMkZkaXYlM0U=[\/vc_raw_html][\/vc_column_inner][\/vc_row_inner][\/vc_column][\/vc_row][vc_row full_width=&#8221;stretch_row&#8221; wrap_container=&#8221;yes&#8221; is_section=&#8221;yes&#8221; css=&#8221;.vc_custom_1704738012651{padding-top: 15px !important;padding-bottom: 15px !important;background-color: #f8f392 !important;}&#8221; conditional_render=&#8221;%5B%7B%22value_role%22%3A%22administrator%22%7D%5D&#8221;][vc_column][vc_row_inner css=&#8221;.vc_custom_1688548648248{background-color: #f8f392 !important;}&#8221;][vc_column_inner][vc_custom_heading text=&#8221;Popro\u015b o bezp\u0142atn\u0105 wycen\u0119&#8221; font_container=&#8221;tag:h2|text_align:center&#8221; use_theme_fonts=&#8221;yes&#8221;][vc_column_text]<\/p>\n<p style=\"text-align: justify;\">Masz pomys\u0142 na projekt Erasmus+ w Hiszpanii i szukasz zaufanej agencji, kt\u00f3ra Ci\u0119 wesprze?\u00a0<strong>Espamob<\/strong>\u2019 jest tutaj, aby Ci pom\u00f3c! Oferujemy bezp\u0142atn\u0105 i niezobowi\u0105zuj\u0105c\u0105 wycen\u0119, kt\u00f3ra pomo\u017ce Ci zarz\u0105dza\u0107 projektem mobilno\u015bci. Dzi\u0119ki naszemu do\u015bwiadczeniu i sieci firm partnerskich mo\u017cemy zaoferowa\u0107 spersonalizowane wsparcie, aby spe\u0142ni\u0107 Twoje specyficzne potrzeby. Skontaktuj si\u0119 z nami ju\u017c teraz, aby om\u00f3wi\u0107 sw\u00f3j projekt i otrzyma\u0107 bezp\u0142atn\u0105 wycen\u0119.<\/p>\n<p>[\/vc_column_text]<div id=\"modal-trg-txt-wrap-7969\" class=\"ult-modal-input-wrapper ult-adjust-bottom-margin    \" data-keypress-control=\"keypress-control-enable\" data-overlay-control=\"overlay-control-enable\"><style>\n\t\t\t\t\t.btn-modal.btn-id-69e81807f2a2e5-78388254:hover {\n\t\t\t\t\t\tbackground-color: #e20000 !important;\n\t\t\t\t\t}\n\t\t\t\t\t<\/style><button  data-ultimate-target='#modal-trg-txt-wrap-7969 .btn-modal'  data-responsive-json-new='{\"font-size\":\"\",\"line-height\":\"\"}'  style=\"background:#888888;border-color:#888888;color:#ffffff; \" data-class-id=\"content-69e81807f2a2e5-78388254\" class=\"btn-modal ult-responsive btn-primary btn-modal-md overlay-show ult-align-center btn-id-69e81807f2a2e5-78388254\" data-overlay-class=\"overlay-cornerbottomleft\">ZAM\u00d3W BEZP\u0141ATN\u0104 WYCEN\u0118<\/button><\/div>\n<div class=\"ult-overlay content-69e81807f2a2e5-78388254 \" data-class=\"content-69e81807f2a2e5-78388254\" id=\"button-click-overlay\" style=\"background:rgba(51,51,51,0.8); display:none;\">\n\t<div class=\"ult_modal ult-fade ult-medium\">\n\t\t<div id=\"ult-modal-wrap-8148\" class=\"ult_modal-content ult-hide\" style=\"border-style:solid;border-width:2px;border-radius:0px;border-color:#333333;\">\n\t\t\t<div class=\"ult_modal-header\" style=\"color:#333333;border-color:#333333;\">\n\t\t\t\t<h3  data-ultimate-target='#ult-modal-wrap-8148 .ult_modal-title'  data-responsive-json-new='{\"font-size\":\"\",\"line-height\":\"\"}'  class=\"ult_modal-title ult-responsive\">ZAM\u00d3W BEZP\u0141ATN\u0104 WYCEN\u0118<\/h3>\n\t\t\t<\/div>\n\t\t\t<div  data-ultimate-target='#ult-modal-wrap-8148 .ult_modal-body'  data-responsive-json-new='{\"font-size\":\"\",\"line-height\":\"\"}'  class=\"ult_modal-body ult-responsive ult-html\" style=\"\">\n\t\t\t<\/p>\n<p>[caldera_form id=&#8221;CF6149e02688efa&#8221;]<\/p>\n<p>\n\t\t\t<\/div>\n\t<\/div>\n\t<\/div>\n\t<div class=\"ult-overlay-close top-right\" style=\"width:80px;height:80px; \"><div class=\"ult-overlay-close-inside\">Close<\/div><\/div>\n<\/div>[\/vc_column_inner][\/vc_row_inner][\/vc_column][\/vc_row][vc_row wrap_container=&#8221;yes&#8221; css=&#8221;.vc_custom_1689256499740{margin-top: 15px !important;}&#8221; conditional_render=&#8221;%5B%7B%22value_role%22%3A%22administrator%22%7D%5D&#8221;][vc_column][vc_custom_heading text=&#8221;Pytania cz\u0119sto zadawane&#8221; font_container=&#8221;tag:h2|text_align:center|color:%23000000&#8243; use_theme_fonts=&#8221;yes&#8221;][vc_separator][vc_row_inner][vc_column_inner width=&#8221;7\/12&#8243;][vc_column_text]<\/p>\n<h3>Jakie s\u0105 korzy\u015bci z wyboru Espamob do odbycia praktyk Erasmus w dziedzinie marketingu?<\/h3>\n<p><span style=\"font-weight: 400;\">Wybieraj\u0105c Espamob na praktyki Erasmus z zakresu marketingu, korzystasz z ekspertyzy agencji specjalizuj\u0105cej si\u0119 we wsparciu grup mobilnych. Pomagamy w tworzeniu i finansowaniu projektu, oferuj\u0105c kompleksowe wsparcie na ka\u017cdym etapie pobytu w Hiszpanii. Ponadto mamy partnerstwa ze szko\u0142ami i firmami w dziedzinie marketingu, co pozwoli Ci na czerpanie z bogatego do\u015bwiadczenia zawodowego.<\/span><\/p>\n<h3>Jak Espamob znajduje zakwaterowanie dla grup odbywaj\u0105cych praktyki Erasmus?<\/h3>\n<p><span style=\"font-weight: 400;\">Espamob zajmuje si\u0119 znajdowaniem zakwaterowania dla grup odbywaj\u0105cych praktyki Erasmus w dziedzinie marketingu. Dysponujemy sieci\u0105 lokalnych partner\u00f3w, co pozwala nam zaproponowa\u0107 selekcj\u0119 zakwaterowa\u0144 dostosowanych do Twoich potrzeb i bud\u017cetu. Bez wzgl\u0119du na to, czy chcesz mieszka\u0107 w akademiku, wsp\u00f3\u0142dzielonym mieszkaniu czy u rodziny goszcz\u0105cej, zajmujemy si\u0119 znalezieniem dla Ciebie najlepszego rozwi\u0105zania.<\/span><\/p>\n<h3>Czy Espamob oferuje us\u0142ug\u0119 transferu z lotniska do zakwaterowania dla grup odbywaj\u0105cych praktyki Erasmus w dziedzinie marketingu?<\/h3>\n<p><span style=\"font-weight: 400;\">Tak, Espamob oferuje us\u0142ug\u0119 transferu z lotniska do miejsca zakwaterowania dla grup odbywaj\u0105cych praktyki Erasmus w dziedzinie marketingu. Organizujemy przyj\u0119cie na lotnisku i towarzyszymy Ci do zakwaterowania. Dzi\u0119ki temu nie musisz martwi\u0107 si\u0119 o przyjazd, a Tw\u00f3j pobyt zaczynasz w pe\u0142ni spokojnie.<\/span>[\/vc_column_text][\/vc_column_inner][vc_column_inner width=&#8221;1\/12&#8243;][\/vc_column_inner][vc_column_inner width=&#8221;4\/12&#8243;][vc_single_image image=&#8221;15074&#8243; img_size=&#8221;full&#8221;][vc_column_text]<strong>Dowiedz si\u0119 wi\u0119cej o r\u00f3\u017cnych miejscach Erasmus+ w Hiszpanii:\u00a0<\/strong><\/p>\n<ul>\n<li><a href=\"https:\/\/espamob.com\/pl\/praktyki-zawodowe-erasmus\/uslugi\/praktyki-erasmus-sprzedaz\/\"><span style=\"font-weight: 400;\">Praktyki Erasmus Sprzedaz <\/span><\/a><\/li>\n<li><a href=\"https:\/\/espamob.com\/pl\/praktyki-zawodowe-erasmus\/uslugi\/praktyki-erasmus-handel\/\"><span style=\"font-weight: 400;\">Praktyki Erasmus Handel<\/span><\/a><\/li>\n<li><a href=\"https:\/\/espamob.com\/pl\/praktyki-zawodowe-erasmus\/uslugi\/praktyki-erasmus-recepcja\/\"><span style=\"font-weight: 400;\">Praktyki Erasmus Recepja<\/span><\/a><\/li>\n<li><a href=\"https:\/\/espamob.com\/pl\/praktyki-zawodowe-erasmus\/uslugi\/praktyki-erasmus-zarzadzanie-administracja\/\"><span style=\"font-weight: 400;\"><span style=\"font-weight: 400;\">Praktyki Erasmus <\/span><\/span>Zarz\u0105dzanie i Administracja<\/a><\/li>\n<li><a href=\"https:\/\/espamob.com\/pl\/praktyki-zawodowe-erasmus\/uslugi\/praktyki-erasmus-komunikacja\/\"><span style=\"font-weight: 400;\">Praktyki Erasmus Komunikacja<\/span><\/a><\/li>\n<\/ul>\n<p>[\/vc_column_text][\/vc_column_inner][\/vc_row_inner][\/vc_column][\/vc_row]<\/p>\n<\/div>","protected":false},"excerpt":{"rendered":"<p>[vc_row css=&#8221;.vc_custom_1703789314099{margin-top: -20px !important;margin-bottom: 40px !important;background-image: url(https:\/\/espamob.com\/wp-content\/uploads\/2023\/12\/Marketing.webp?id=22198) !important;}&#8221; conditional_render=&#8221;%5B%7B%22value_role%22%3A%22administrator%22%7D%5D&#8221;][vc_column css=&#8221;.vc_custom_1687965657482{padding-top: 30px !important;}&#8221; conditional_render=&#8221;%5B%7B%22value_role%22%3A%22administrator%22%7D%5D&#8221;][vc_empty_space height=&#8221;170&#8243;][vc_custom_heading text=&#8221;Praktyki Erasmus : Marketing&#8221; font_container=&#8221;tag:h1|font_size:27|text_align:center|color:%23ffffff&#8221; use_theme_fonts=&#8221;yes&#8221; css=&#8221;.vc_custom_1704737569740{margin-bottom: 15px !important;background-color: rgba(136,136,136,0.29) !important;*background-color: rgb(136,136,136) !important;}&#8221; animation_type=&#8221;zoomIn&#8221;][vc_empty_space height=&#8221;40&#8243;][\/vc_column][\/vc_row][vc_row wrap_container=&#8221;yes&#8221; text_align=&#8221;justify&#8221;][vc_column text_align=&#8221;justify&#8221;][vc_column_text] Home Sektory sta\u017cowe Mobilno\u015b\u0107 w sektorze us\u0142ug Praktyka zawodowa Erasmus: Marketing [\/vc_column_text][vc_custom_heading text=&#8221;Praktyki Erasmus w sektorze Marketingu: do\u015bwiadczenie edukacyjne i wzbogacaj\u0105ce&#8221; use_theme_fonts=&#8221;yes&#8221; css=&#8221;.vc_custom_1704737669226{margin-top:<\/p>\n","protected":false},"author":2,"featured_media":0,"parent":12815,"menu_order":0,"comment_status":"closed","ping_status":"closed","template":"","meta":{"footnotes":""},"class_list":["post-22227","page","type-page","status-publish","hentry"],"_links":{"self":[{"href":"https:\/\/espamob.com\/pl\/wp-json\/wp\/v2\/pages\/22227","targetHints":{"allow":["GET"]}}],"collection":[{"href":"https:\/\/espamob.com\/pl\/wp-json\/wp\/v2\/pages"}],"about":[{"href":"https:\/\/espamob.com\/pl\/wp-json\/wp\/v2\/types\/page"}],"author":[{"embeddable":true,"href":"https:\/\/espamob.com\/pl\/wp-json\/wp\/v2\/users\/2"}],"replies":[{"embeddable":true,"href":"https:\/\/espamob.com\/pl\/wp-json\/wp\/v2\/comments?post=22227"}],"version-history":[{"count":0,"href":"https:\/\/espamob.com\/pl\/wp-json\/wp\/v2\/pages\/22227\/revisions"}],"up":[{"embeddable":true,"href":"https:\/\/espamob.com\/pl\/wp-json\/wp\/v2\/pages\/12815"}],"wp:attachment":[{"href":"https:\/\/espamob.com\/pl\/wp-json\/wp\/v2\/media?parent=22227"}],"curies":[{"name":"wp","href":"https:\/\/api.w.org\/{rel}","templated":true}]}}