{"id":22223,"date":"2023-08-08T00:00:00","date_gmt":"2023-08-08T00:00:00","guid":{"rendered":"https:\/\/www.espamob.com\/praktyki-zawodowe-erasmus\/uslugi\/stage-erasmus-gestion-administration\/"},"modified":"2024-01-10T11:35:29","modified_gmt":"2024-01-10T11:35:29","slug":"praktyki-erasmus-zarzadzanie-administracja","status":"publish","type":"page","link":"https:\/\/espamob.com\/pl\/praktyki-zawodowe-erasmus\/uslugi\/praktyki-erasmus-zarzadzanie-administracja\/","title":{"rendered":"Stage Erasmus : Gestion administration"},"content":{"rendered":"<div class=\"wpb-content-wrapper\"><p>[vc_row css=&#8221;.vc_custom_1703789293459{margin-top: -20px !important;margin-bottom: 40px !important;background-image: url(https:\/\/espamob.com\/wp-content\/uploads\/2023\/12\/Gestion-administrativa.webp?id=22173) !important;}&#8221; conditional_render=&#8221;%5B%7B%22value_role%22%3A%22administrator%22%7D%5D&#8221;][vc_column css=&#8221;.vc_custom_1687965657482{padding-top: 30px !important;}&#8221; conditional_render=&#8221;%5B%7B%22value_role%22%3A%22administrator%22%7D%5D&#8221;][vc_empty_space height=&#8221;170&#8243;][vc_custom_heading text=&#8221;Praktyki Erasmus: Zarz\u0105dzanie i Administracja&#8221; font_container=&#8221;tag:h1|font_size:27|text_align:center|color:%23ffffff&#8221; use_theme_fonts=&#8221;yes&#8221; css=&#8221;.vc_custom_1704736728899{margin-bottom: 15px !important;background-color: rgba(136,136,136,0.29) !important;*background-color: rgb(136,136,136) !important;}&#8221; animation_type=&#8221;zoomIn&#8221;][vc_empty_space height=&#8221;40&#8243;][\/vc_column][\/vc_row][vc_row wrap_container=&#8221;yes&#8221; text_align=&#8221;justify&#8221;][vc_column text_align=&#8221;justify&#8221;][vc_column_text]<\/p>\n<nav aria-label=\"breadcrumb\">\n<ol class=\"breadcrumb\">\n<li class=\"breadcrumb-item\"><a href=\"https:\/\/espamob.com\/pl\">Home<\/a><\/li>\n<li class=\"breadcrumb-item\"><a href=\"https:\/\/espamob.com\/pl\/praktyki-zawodowe-erasmus\">Sektory sta\u017cowe<\/a><\/li>\n<li class=\"breadcrumb-item active\" aria-current=\"page\"><a href=\"https:\/\/espamob.com\/pl\/praktyki-zawodowe-erasmus\/uslugi\/\">Mobilno\u015b\u0107 w sektorze us\u0142ug<\/a><\/li>\n<li class=\"breadcrumb-item active\" aria-current=\"page\">Praktyka zawodowa Erasmus: Zarz\u0105dzanie i Administracja<\/li>\n<\/ol>\n<\/nav>\n<p>[\/vc_column_text][vc_custom_heading text=&#8221;Praktyki Erasmus w dziedzinie zarz\u0105dzania i administracji: okazja do wykorzystania&#8221; use_theme_fonts=&#8221;yes&#8221; css=&#8221;.vc_custom_1704736767202{margin-top: 20px !important;}&#8221;][vc_separator][vc_row_inner][vc_column_inner width=&#8221;7\/12&#8243;][vc_column_text]<span style=\"font-weight: 400;\">Program Erasmus+ stanowi obecnie prawdziw\u0105 szans\u0119 dla m\u0142odych student\u00f3w i uczni\u00f3w pragn\u0105cych zdoby\u0107 nowe umiej\u0119tno\u015bci i do\u015bwiadczenie mi\u0119dzynarodowe. W\u015br\u00f3d obszar\u00f3w, kt\u00f3re korzystaj\u0105 z tej okazji, zarz\u0105dzanie i administracja zajmuj\u0105 wa\u017cne miejsce. Podr\u00f3\u017ce, odkrywanie innych kultur i nauka na miejscu to korzy\u015bci wynikaj\u0105ce z <strong>praktyk Erasmus w dziedzinie Zarz\u0105dzanie i Administracja.<\/strong><\/span><\/p>\n<h2>Czym s\u0105 praktyki Erasmus w Zarz\u0105dzanie i Administracja?<\/h2>\n<p><span style=\"font-weight: 400;\">Praktyki Erasmus w dziedzinie zarz\u0105dzania i administracji to do\u015bwiadczenie zawodowe realizowane w ramach europejskiego programu Erasmus+. Umo\u017cliwia studentom zarz\u0105dzania i administracji odbycie praktyk za granic\u0105 w firmie lub organizacji. Praktykanci maj\u0105 okazj\u0119 rozwija\u0107 swoje umiej\u0119tno\u015bci zawodowe i j\u0119zykowe, jednocze\u015bnie poznaj\u0105c now\u0105 kultur\u0119.<\/span><\/p>\n<h3>Dlaczego warto wybra\u0107 praktyki Erasmus w Zarz\u0105dzanie i Administracja?<\/h3>\n<ul>\n<li style=\"font-weight: 400;\" aria-level=\"1\"><b>Rozwijanie umiej\u0119tno\u015bci<\/b><span style=\"font-weight: 400;\">: Praktyki Erasmus w Zarz\u0105dzanie i Administracja daj\u0105 studentom mo\u017cliwo\u015b\u0107 rozwijania umiej\u0119tno\u015bci technicznych i interpersonalnych w mi\u0119dzynarodowym kontek\u015bcie.\u00a0<\/span><\/li>\n<li style=\"font-weight: 400;\" aria-level=\"1\"><b>Zwi\u0119kszenie atrakcyjno\u015bci na rynku pracy:<\/b><span style=\"font-weight: 400;\"> Odbycie praktyk za granic\u0105 z pewno\u015bci\u0105 zwi\u0119ksza atrakcyjno\u015b\u0107 CV i mo\u017ce u\u0142atwi\u0107 wej\u015bcie na rynek pracy.\u00a0<\/span><\/li>\n<li style=\"font-weight: 400;\" aria-level=\"1\"><b>Do\u015bwiadczenie unikalne:<\/b><span style=\"font-weight: 400;\"> \u017bycie za granic\u0105, zanurzenie si\u0119 w nowej kulturze i praca z kolegami z r\u00f3\u017cnych kraj\u00f3w pozwalaj\u0105 wzbogaci\u0107 osobist\u0105 i zawodow\u0105 \u015bcie\u017ck\u0119 \u017cyciow\u0105.\u00a0<\/span><\/li>\n<li style=\"font-weight: 400;\" aria-level=\"1\"><b>Nauka nowego j\u0119zyka<\/b><span style=\"font-weight: 400;\">: Pobyt za granic\u0105 to okazja do praktykowania i doskonalenia znajomo\u015bci j\u0119zyka obcego, co stanowi niezaprzeczaln\u0105 zalet\u0119 na rynku pracy.<\/span><\/li>\n<\/ul>\n<h2>Jak zdoby\u0107 praktyki Erasmus w Zarz\u0105dzanie i Administracja?<\/h2>\n<h3>Skonsultuj si\u0119 ze swoj\u0105 uczelni\u0105<\/h3>\n<p><span style=\"font-weight: 400;\">Pierwszym krokiem w poszukiwaniu praktyk Erasmus w Zarz\u0105dzanie i Administracja jest skonsultowanie si\u0119 ze swoj\u0105 szko\u0142\u0105 lub uczelni\u0105. Szko\u0142y i uniwersytety utrzymuj\u0105 kontakty z partnerami biznesowymi i organizacjami w r\u00f3\u017cnych krajach. Dlatego istnieje mo\u017cliwo\u015b\u0107, \u017ce b\u0119d\u0105 w stanie zaoferowa\u0107 oferty praktyk dostosowane do potrzeb i umiej\u0119tno\u015bci student\u00f3w.<\/span><\/p>\n<h3>Szukaj online<\/h3>\n<p><span style=\"font-weight: 400;\">Wiele platform online umo\u017cliwia przegl\u0105danie og\u0142osze\u0144 sta\u017cy za granic\u0105. G\u0142\u00f3wne strony do sprawdzenia to:\u00a0<\/span><\/p>\n<ul>\n<li style=\"font-weight: 400;\" aria-level=\"1\"><span style=\"font-weight: 400;\">Portal Europejskiej Mobilno\u015bci Zawodowej (EURES): to sie\u0107 skupiaj\u0105ca organizacje i instytucje europejskie dzia\u0142aj\u0105ce na rzecz u\u0142atwiania mobilno\u015bci zawodowej w Europie.\u00a0<\/span><\/li>\n<li style=\"font-weight: 400;\" aria-level=\"1\"><span style=\"font-weight: 400;\">Strony specjalizuj\u0105ce si\u0119 w sta\u017cach za granic\u0105, takie jak Internshipmapper czy Stages-Emplois.com.\u00a0<\/span><\/li>\n<li style=\"font-weight: 400;\" aria-level=\"1\"><span style=\"font-weight: 400;\">Spo\u0142eczno\u015bci zawodowe, takie jak LinkedIn czy Viadeo, pozwalaj\u0105ce \u015bledzi\u0107 aktualno\u015bci firm i przegl\u0105da\u0107 oferty sta\u017cy.<\/span><\/li>\n<\/ul>\n<h3>Buduj swoj\u0105 sie\u0107 kontakt\u00f3w<\/h3>\n<p><span style=\"font-weight: 400;\">Wa\u017cne jest, aby budowa\u0107 sie\u0107 zawodow\u0105, co u\u0142atwi poszukiwanie praktyk. Udzia\u0142 w forum, targach pracy lub wydarzeniach zwi\u0105zanych z zatrudnieniem i sta\u017cami mo\u017ce pom\u00f3c w nawi\u0105zywaniu kontakt\u00f3w z firmami i organizacjami, kt\u00f3re mog\u0105 by\u0107 zainteresowane przyj\u0119ciem sta\u017cyst\u00f3w.<\/span>[\/vc_column_text][\/vc_column_inner][vc_column_inner width=&#8221;1\/12&#8243;][\/vc_column_inner][vc_column_inner width=&#8221;4\/12&#8243;][vc_single_image image=&#8221;18206&#8243; img_size=&#8221;400*400&#8243; alignment=&#8221;right&#8221; style=&#8221;vc_box_rounded&#8221;][vc_btn title=&#8221;Zobacz wi\u0119cej&#8221; style=&#8221;custom&#8221; custom_background=&#8221;#e20000&#8243; custom_text=&#8221;#ffffff&#8221; align=&#8221;center&#8221; link=&#8221;url:https%3A%2F%2Fespamob.com%2Fpl%2Fkontakt-z-polskim-konsultantem|title:Kontakt|target:_blank&#8221;][\/vc_column_inner][\/vc_row_inner][vc_custom_heading text=&#8221;Procedury administracyjne przed wyjazdem na praktyki Erasmus w zarz\u0105dzaniu i administracji&#8221; font_container=&#8221;tag:h3|text_align:left&#8221; use_theme_fonts=&#8221;yes&#8221; css=&#8221;.vc_custom_1704736893094{margin-top: 20px !important;}&#8221;][vc_separator][vc_row_inner][vc_column_inner width=&#8221;7\/12&#8243;][vc_column_text]<\/p>\n<h3>Zorientuj si\u0119 na temat warunk\u00f3w kwalifikowalno\u015bci<\/h3>\n<p><span style=\"font-weight: 400;\">Aby skorzysta\u0107 z praktyk Erasmus w zarz\u0105dzaniu i administracji, trzeba by\u0107 zapisanym w szkole lub uczelni wy\u017cszej uczestnicz\u0105cej w programie Erasmus+ i studiowa\u0107 w dziedzinie zarz\u0105dzania i administracji. Ponadto wa\u017cne jest sprawdzenie warunk\u00f3w kwalifikowalno\u015bci specyficznych dla ka\u017cdego kraju, dotycz\u0105cych m.in. czasu trwania praktyk, minimalnego wieku czy konieczno\u015bci posiadania wizy lub zezwolenia na prac\u0119.<\/span><\/p>\n<h3>Zrealizuj formalno\u015bci administracyjne<\/h3>\n<p><span style=\"font-weight: 400;\">Znalezienie praktyk to tylko pocz\u0105tek. Nast\u0119pnie trzeba zrealizowa\u0107 konieczne formalno\u015bci administracyjne, w tym:<\/span><\/p>\n<ol>\n<li style=\"font-weight: 400;\" aria-level=\"1\"><span style=\"font-weight: 400;\">Podpisanie umowy o praktyki mi\u0119dzy praktykantem, instytucj\u0105 macierzyst\u0105 a przedsi\u0119biorstwem przyjmuj\u0105cym.<\/span><\/li>\n<li style=\"font-weight: 400;\" aria-level=\"1\"><span style=\"font-weight: 400;\">Z\u0142o\u017cenie wniosku o stypendium Erasmus+ w instytucji macierzystej po znalezieniu praktyk.<\/span><\/li>\n<li style=\"font-weight: 400;\" aria-level=\"1\"><span style=\"font-weight: 400;\">Wykupienie ubezpieczenia od odpowiedzialno\u015bci cywilnej, ubezpieczenia zdrowotnego i ubezpieczenia repatriacyjnego na czas trwania praktyk.<\/span><\/li>\n<\/ol>\n<p><span style=\"font-weight: 400;\">W skr\u00f3cie, odbycie praktyk Erasmus w zarz\u0105dzaniu i administracji to bogate do\u015bwiadczenie zar\u00f3wno pod wzgl\u0119dem zawodowym, jak i osobistym. Pozwala uczestnikom rozwija\u0107 swoje umiej\u0119tno\u015bci i zwi\u0119ksza\u0107 swoje szanse na zatrudnienie, jednocze\u015bnie do\u015bwiadczaj\u0105c wyj\u0105tkowej przygody za granic\u0105. Nie wahaj si\u0119 wi\u0119c i skorzystaj z tej okazji!<\/span>[\/vc_column_text][\/vc_column_inner][vc_column_inner width=&#8221;1\/12&#8243;][\/vc_column_inner][vc_column_inner width=&#8221;4\/12&#8243;][vc_raw_html]JTNDZGl2JTIwc3R5bGUlM0QlMjJwYWRkaW5nJTNBJTIwMzBweCUzQmJhY2tncm91bmQtY29sb3IlM0ElMjAlMjNGNEY0RjQlM0IlMjIlM0UlMEElMjAlMjAlMjAlMjAlM0NoNCUzRU9ka3J5aiUyMHdzenlzdGtpZSUyMHNla3RvcnklMjBwcmFrdHlrJTNDJTJGaDQlM0UlMEElMjAlMjAlMjAlMjAlM0NwJTNFRXNwYW1vYiUyMHNwZWNqYWxpenVqZSUyMHNpJUM0JTk5JTIwdyUyMHBvbWFnYW5pdSUyMGdydXBvbSUyMHclMjBtb2JpbG5vJUM1JTlCY2klMjB3JTIwcmFtYWNoJTIwcHJvZ3JhbXUlMjBFcmFzbXVzJTIwJTJCLiUyMERvd2llZHolMjBzaSVDNCU5OSUyMG8lMjB3c3p5c3RraWNoJTIwc2VrdG9yYWNoJTIwcHJha3R5ayUyMEVyYXNtdXMlMjB3JTIwSGlzenBhbmlpJTIwemElMjBwb21vYyVDNCU4NSUyMGtpbGt1JTIwa2xpa25pJUM0JTk5JUM0JTg3LiUzQyUyRnAlM0UlMEElMjAlMjAlMjAlMjAlM0NhJTIwY2xhc3MlM0QlMjJ2Y19nZW5lcmFsJTIwdmNfYnRuMyUyMHZjX2J0bjMtc2l6ZS1tZCUyMHZjX2J0bjMtc2hhcGUtZGVmYXVsdCUyMHZjX2J0bjMtc3R5bGUtY3VzdG9tJTIwd3BiX2N1c3RvbV82Njg3YjI2ZjM5NDg4ZGRiYjg1ZGRiM2MxY2U4ZTExMSUyMGJ0biUyMiUyMHN0eWxlJTNEJTIyYmFja2dyb3VuZC1jb2xvciUzQSUyM2UyMDAwMCUzQiUyMGNvbG9yJTNBJTIzZmZmZmZmJTNCJTIwYmFja2dyb3VuZC1jb2xvciUzQSUyM2UyMDAwMCUzQiUyMGNvbG9yJTNBJTIzZmZmZmZmJTNCJTIyJTIwaHJlZiUzRCUyMmh0dHBzJTNBJTJGJTJGd3d3LmVzcGFtb2IuY29tJTJGcGwlMkZwcmFrdHlraS16YXdvZG93ZS1lcmFzbXVzJTJGJTIyJTIwdGl0bGUlM0QlMjJTZWt0b3J5JTIwc3RhJUM1JUJDb3dlJTIyJTIwdGFyZ2V0JTNEJTIyX2JsYW5rJTIyJTNFT2RrcnlqJTIwc2VrdG9yeSUzQyUyRmElM0UlMEElM0MlMkZkaXYlM0U=[\/vc_raw_html][vc_custom_heading text=&#8221;Odkryj opinie uczestnik\u00f3w programu Erasmus +:&#8221; font_container=&#8221;tag:h3|text_align:left&#8221; use_theme_fonts=&#8221;yes&#8221; css=&#8221;.vc_custom_1704736960819{margin-top: 20px !important;}&#8221;][vc_separator][vc_video link=&#8221;https:\/\/youtu.be\/iAeYxCy66dQ&#8221; align=&#8221;center&#8221;][\/vc_column_inner][\/vc_row_inner][\/vc_column][\/vc_row][vc_row full_width=&#8221;stretch_row&#8221; wrap_container=&#8221;yes&#8221; is_section=&#8221;yes&#8221; css=&#8221;.vc_custom_1704736986870{padding-top: 15px !important;padding-bottom: 15px !important;background-color: #f8f392 !important;}&#8221; conditional_render=&#8221;%5B%7B%22value_role%22%3A%22administrator%22%7D%5D&#8221;][vc_column][vc_row_inner css=&#8221;.vc_custom_1688548648248{background-color: #f8f392 !important;}&#8221;][vc_column_inner][vc_custom_heading text=&#8221;Popro\u015b o bezp\u0142atn\u0105 wycen\u0119&#8221; font_container=&#8221;tag:h2|text_align:center&#8221; use_theme_fonts=&#8221;yes&#8221;][vc_column_text]<\/p>\n<p style=\"text-align: justify;\">Masz pomys\u0142 na projekt Erasmus+ w Hiszpanii i szukasz zaufanej agencji, kt\u00f3ra Ci\u0119 wesprze?\u00a0<strong>Espamob<\/strong>\u2019 jest tutaj, aby Ci pom\u00f3c! Oferujemy bezp\u0142atn\u0105 i niezobowi\u0105zuj\u0105c\u0105 wycen\u0119, kt\u00f3ra pomo\u017ce Ci zarz\u0105dza\u0107 projektem mobilno\u015bci. Dzi\u0119ki naszemu do\u015bwiadczeniu i sieci firm partnerskich mo\u017cemy zaoferowa\u0107 spersonalizowane wsparcie, aby spe\u0142ni\u0107 Twoje specyficzne potrzeby. Skontaktuj si\u0119 z nami ju\u017c teraz, aby om\u00f3wi\u0107 sw\u00f3j projekt i otrzyma\u0107 bezp\u0142atn\u0105 wycen\u0119.<\/p>\n<p>[\/vc_column_text]<div id=\"modal-trg-txt-wrap-8369\" class=\"ult-modal-input-wrapper ult-adjust-bottom-margin    \" data-keypress-control=\"keypress-control-enable\" data-overlay-control=\"overlay-control-enable\"><style>\n\t\t\t\t\t.btn-modal.btn-id-69e817e84f8320-11387310:hover {\n\t\t\t\t\t\tbackground-color: #e20000 !important;\n\t\t\t\t\t}\n\t\t\t\t\t<\/style><button  data-ultimate-target='#modal-trg-txt-wrap-8369 .btn-modal'  data-responsive-json-new='{\"font-size\":\"\",\"line-height\":\"\"}'  style=\"background:#888888;border-color:#888888;color:#ffffff; \" data-class-id=\"content-69e817e84f8320-11387310\" class=\"btn-modal ult-responsive btn-primary btn-modal-md overlay-show ult-align-center btn-id-69e817e84f8320-11387310\" data-overlay-class=\"overlay-cornerbottomleft\">ZAM\u00d3W BEZP\u0141ATN\u0104 WYCEN\u0118<\/button><\/div>\n<div class=\"ult-overlay content-69e817e84f8320-11387310 \" data-class=\"content-69e817e84f8320-11387310\" id=\"button-click-overlay\" style=\"background:rgba(51,51,51,0.8); display:none;\">\n\t<div class=\"ult_modal ult-fade ult-medium\">\n\t\t<div id=\"ult-modal-wrap-4366\" class=\"ult_modal-content ult-hide\" style=\"border-style:solid;border-width:2px;border-radius:0px;border-color:#333333;\">\n\t\t\t<div class=\"ult_modal-header\" style=\"color:#333333;border-color:#333333;\">\n\t\t\t\t<h3  data-ultimate-target='#ult-modal-wrap-4366 .ult_modal-title'  data-responsive-json-new='{\"font-size\":\"\",\"line-height\":\"\"}'  class=\"ult_modal-title ult-responsive\">ZAM\u00d3W BEZP\u0141ATN\u0104 WYCEN\u0118<\/h3>\n\t\t\t<\/div>\n\t\t\t<div  data-ultimate-target='#ult-modal-wrap-4366 .ult_modal-body'  data-responsive-json-new='{\"font-size\":\"\",\"line-height\":\"\"}'  class=\"ult_modal-body ult-responsive ult-html\" style=\"\">\n\t\t\t<\/p>\n<p>[caldera_form id=&#8221;CF6149e02688efa&#8221;]<\/p>\n<p>\n\t\t\t<\/div>\n\t<\/div>\n\t<\/div>\n\t<div class=\"ult-overlay-close top-right\" style=\"width:80px;height:80px; \"><div class=\"ult-overlay-close-inside\">Close<\/div><\/div>\n<\/div>[\/vc_column_inner][\/vc_row_inner][\/vc_column][\/vc_row][vc_row wrap_container=&#8221;yes&#8221; css=&#8221;.vc_custom_1689256499740{margin-top: 15px !important;}&#8221; conditional_render=&#8221;%5B%7B%22value_role%22%3A%22administrator%22%7D%5D&#8221;][vc_column][vc_custom_heading text=&#8221;Pytania cz\u0119sto zadawane&#8221; font_container=&#8221;tag:h2|text_align:center|color:%23000000&#8243; use_theme_fonts=&#8221;yes&#8221;][vc_separator][vc_row_inner][vc_column_inner width=&#8221;7\/12&#8243;][vc_column_text]<\/p>\n<h3>Jakie us\u0142ugi oferuje Espamob w ramach realizacji praktyk Erasmus w Hiszpanii?<\/h3>\n<p><span style=\"font-weight: 400;\">Espamob oferuje kompleksow\u0105 obs\u0142ug\u0119 projekt\u00f3w mobilno\u015bci Erasmus+ w Hiszpanii. Obejmuje to wsparcie w tworzeniu projektu, poszukiwaniu finansowania, przyj\u0119ciu w uniwersytetach\/szko\u0142ach i firmach partnerskich na potrzeby praktyk, poszukiwaniu zakwaterowania na miejscu oraz organizacji transfer\u00f3w z lotniska.\u00a0<\/span><\/p>\n<h3>W jaki spos\u00f3b Espamob mo\u017ce pom\u00f3c w pozyskaniu finansowania na praktyki Erasmus w Hiszpanii?<\/h3>\n<p><span style=\"font-weight: 400;\">Espamob posiada do\u015bwiadczenie w pozyskiwaniu finansowania na projekty mobilno\u015bci. Agencja mo\u017ce pom\u00f3c grupom zidentyfikowa\u0107 r\u00f3\u017cne \u017ar\u00f3d\u0142a finansowania, wspiera\u0107 w redagowaniu wniosk\u00f3w o dotacj\u0119 oraz towarzyszy\u0107 w koniecznych formalno\u015bciach administracyjnych zwi\u0105zanych z uzyskaniem finansowania.\u00a0<\/span><\/p>\n<h3>Jakie s\u0105 korzy\u015bci z korzystania z us\u0142ug Espamob w zakresie Zarz\u0105dzanie i Administracja praktykami Erasmus w Hiszpanii?<\/h3>\n<p><span style=\"font-weight: 400;\">Korzystanie z us\u0142ug Espamob w zakresie zarz\u0105dzania administracyjnego praktykami Erasmus w Hiszpanii niesie ze sob\u0105 liczne korzy\u015bci. Agencja posiada dog\u0142\u0119bn\u0105 wiedz\u0119 na temat programu Erasmus+ oraz procedur administracyjnych zwi\u0105zanych z mobilno\u015bci\u0105. To pozwala grupom zaoszcz\u0119dzi\u0107 czas i skorzysta\u0107 z indywidualnego wsparcia na ka\u017cdym etapie procesu. Ponadto Espamob nawi\u0105za\u0142o ju\u017c partnerstwa z uniwersytetami i przedsi\u0119biorstwami w Hiszpanii, co u\u0142atwia organizacj\u0119 praktyk i gwarantuje wysok\u0105 jako\u015b\u0107 do\u015bwiadczenia dla uczestnik\u00f3w.<\/span>[\/vc_column_text][\/vc_column_inner][vc_column_inner width=&#8221;1\/12&#8243;][\/vc_column_inner][vc_column_inner width=&#8221;4\/12&#8243;][vc_single_image image=&#8221;15074&#8243; img_size=&#8221;full&#8221;][vc_column_text]<strong>Dowiedz si\u0119 wi\u0119cej o r\u00f3\u017cnych miejscach Erasmus+ w Hiszpanii:\u00a0<\/strong><\/p>\n<ul>\n<li><a href=\"https:\/\/espamob.com\/pl\/praktyki-zawodowe-erasmus\/uslugi\/praktyki-erasmus-sprzedaz\/\"><span style=\"font-weight: 400;\">Praktyki Erasmus Sprzedaz <\/span><\/a><\/li>\n<li><a href=\"https:\/\/espamob.com\/pl\/praktyki-zawodowe-erasmus\/uslugi\/praktyki-erasmus-handel\/\"><span style=\"font-weight: 400;\">Praktyki Erasmus Handel<\/span><\/a><\/li>\n<li><a href=\"https:\/\/espamob.com\/pl\/praktyki-zawodowe-erasmus\/uslugi\/praktyki-erasmus-recepcja\/\"><span style=\"font-weight: 400;\">Praktyki Erasmus Recepja<\/span><\/a><\/li>\n<li><a href=\"https:\/\/espamob.com\/pl\/praktyki-zawodowe-erasmus\/uslugi\/praktyki-erasmus-marketing\/\"><span style=\"font-weight: 400;\">Praktyki Erasmus Marketing\u00a0<\/span><\/a><\/li>\n<li><a href=\"https:\/\/espamob.com\/pl\/praktyki-zawodowe-erasmus\/uslugi\/praktyki-erasmus-komunikacja\/\"><span style=\"font-weight: 400;\">Praktyki Erasmus Komunikacja<\/span><\/a><\/li>\n<\/ul>\n<p>[\/vc_column_text][\/vc_column_inner][\/vc_row_inner][\/vc_column][\/vc_row]<\/p>\n<\/div>","protected":false},"excerpt":{"rendered":"<p>[vc_row css=&#8221;.vc_custom_1703789293459{margin-top: -20px !important;margin-bottom: 40px !important;background-image: url(https:\/\/espamob.com\/wp-content\/uploads\/2023\/12\/Gestion-administrativa.webp?id=22173) !important;}&#8221; conditional_render=&#8221;%5B%7B%22value_role%22%3A%22administrator%22%7D%5D&#8221;][vc_column css=&#8221;.vc_custom_1687965657482{padding-top: 30px !important;}&#8221; conditional_render=&#8221;%5B%7B%22value_role%22%3A%22administrator%22%7D%5D&#8221;][vc_empty_space height=&#8221;170&#8243;][vc_custom_heading text=&#8221;Praktyki Erasmus: Zarz\u0105dzanie i Administracja&#8221; font_container=&#8221;tag:h1|font_size:27|text_align:center|color:%23ffffff&#8221; use_theme_fonts=&#8221;yes&#8221; css=&#8221;.vc_custom_1704736728899{margin-bottom: 15px !important;background-color: rgba(136,136,136,0.29) !important;*background-color: rgb(136,136,136) !important;}&#8221; animation_type=&#8221;zoomIn&#8221;][vc_empty_space height=&#8221;40&#8243;][\/vc_column][\/vc_row][vc_row wrap_container=&#8221;yes&#8221; text_align=&#8221;justify&#8221;][vc_column text_align=&#8221;justify&#8221;][vc_column_text] Home Sektory sta\u017cowe Mobilno\u015b\u0107 w sektorze us\u0142ug Praktyka zawodowa Erasmus: Zarz\u0105dzanie i Administracja [\/vc_column_text][vc_custom_heading text=&#8221;Praktyki Erasmus w dziedzinie zarz\u0105dzania i administracji: okazja<\/p>\n","protected":false},"author":2,"featured_media":0,"parent":12815,"menu_order":0,"comment_status":"closed","ping_status":"closed","template":"","meta":{"footnotes":""},"class_list":["post-22223","page","type-page","status-publish","hentry"],"_links":{"self":[{"href":"https:\/\/espamob.com\/pl\/wp-json\/wp\/v2\/pages\/22223","targetHints":{"allow":["GET"]}}],"collection":[{"href":"https:\/\/espamob.com\/pl\/wp-json\/wp\/v2\/pages"}],"about":[{"href":"https:\/\/espamob.com\/pl\/wp-json\/wp\/v2\/types\/page"}],"author":[{"embeddable":true,"href":"https:\/\/espamob.com\/pl\/wp-json\/wp\/v2\/users\/2"}],"replies":[{"embeddable":true,"href":"https:\/\/espamob.com\/pl\/wp-json\/wp\/v2\/comments?post=22223"}],"version-history":[{"count":0,"href":"https:\/\/espamob.com\/pl\/wp-json\/wp\/v2\/pages\/22223\/revisions"}],"up":[{"embeddable":true,"href":"https:\/\/espamob.com\/pl\/wp-json\/wp\/v2\/pages\/12815"}],"wp:attachment":[{"href":"https:\/\/espamob.com\/pl\/wp-json\/wp\/v2\/media?parent=22223"}],"curies":[{"name":"wp","href":"https:\/\/api.w.org\/{rel}","templated":true}]}}