{"id":22219,"date":"2023-08-08T00:00:00","date_gmt":"2023-08-08T00:00:00","guid":{"rendered":"https:\/\/www.espamob.com\/praktyki-zawodowe-erasmus\/uslugi\/stage-erasmus-accueil\/"},"modified":"2025-11-03T15:34:03","modified_gmt":"2025-11-03T15:34:03","slug":"praktyki-erasmus-recepcja","status":"publish","type":"page","link":"https:\/\/espamob.com\/pl\/praktyki-zawodowe-erasmus\/uslugi\/praktyki-erasmus-recepcja\/","title":{"rendered":"Stage Erasmus : Accueil"},"content":{"rendered":"<div class=\"wpb-content-wrapper\"><p>[vc_row css=&#8221;.vc_custom_1703789267760{margin-top: -20px !important;margin-bottom: 40px !important;background-image: url(https:\/\/espamob.com\/wp-content\/uploads\/2023\/12\/Recepcion.webp?id=22178) !important;}&#8221; conditional_render=&#8221;%5B%7B%22value_role%22%3A%22administrator%22%7D%5D&#8221;][vc_column css=&#8221;.vc_custom_1687965657482{padding-top: 30px !important;}&#8221; conditional_render=&#8221;%5B%7B%22value_role%22%3A%22administrator%22%7D%5D&#8221;][vc_empty_space height=&#8221;170&#8243;][vc_custom_heading text=&#8221;Praktyki Erasmus: Recepcja&#8221; font_container=&#8221;tag:h1|font_size:27|text_align:center|color:%23ffffff&#8221; use_theme_fonts=&#8221;yes&#8221; css=&#8221;.vc_custom_1704886229821{margin-bottom: 15px !important;background-color: rgba(136,136,136,0.29) !important;*background-color: rgb(136,136,136) !important;}&#8221; animation_type=&#8221;zoomIn&#8221;][vc_empty_space height=&#8221;40&#8243;][\/vc_column][\/vc_row][vc_row wrap_container=&#8221;yes&#8221; text_align=&#8221;justify&#8221;][vc_column text_align=&#8221;justify&#8221;][vc_column_text]<\/p>\n<nav aria-label=\"breadcrumb\">\n<ol class=\"breadcrumb\">\n<li class=\"breadcrumb-item\"><a href=\"https:\/\/espamob.com\/pl\">Home<\/a><\/li>\n<li class=\"breadcrumb-item\"><a href=\"https:\/\/espamob.com\/pl\/praktyki-zawodowe-erasmus\">Sektory sta\u017cowe<\/a><\/li>\n<li class=\"breadcrumb-item active\" aria-current=\"page\"><a href=\"https:\/\/espamob.com\/pl\/praktyki-zawodowe-erasmus\/uslugi\/\">Mobilno\u015b\u0107 w sektorze us\u0142ug<\/a><\/li>\n<li class=\"breadcrumb-item active\" aria-current=\"page\">Praktyka zawodowa Erasmus: Recepcja<\/li>\n<\/ol>\n<\/nav>\n<p>[\/vc_column_text][vc_custom_heading text=&#8221;Praktyki Erasmus Recepcja: Ostateczny przewodnik po wyj\u0105tkowym do\u015bwiadczeniu&#8221; use_theme_fonts=&#8221;yes&#8221; css=&#8221;.vc_custom_1704735777289{margin-top: 20px !important;}&#8221;][vc_separator][vc_row_inner][vc_column_inner width=&#8221;7\/12&#8243;][vc_column_text]<strong>Praktyki Erasmus: Recepcja<\/strong><span style=\"font-weight: 400;\"> to doskona\u0142y spos\u00f3b dla student\u00f3w, aby poszerzy\u0107 swoje horyzonty, poprawi\u0107 umiej\u0119tno\u015bci j\u0119zykowe i odkry\u0107 nowe kultury. Ten program oferuje niesamowite mo\u017cliwo\u015bci dla tych, kt\u00f3rzy chc\u0105 odby\u0107 praktyki za granic\u0105. W tym artykule przeanalizujemy r\u00f3\u017cne aspekty Praktyk Erasmus: <\/span><span style=\"font-weight: 400;\">Recepcja<\/span><span style=\"font-weight: 400;\">, w tym proces aplikacyjny, korzy\u015bci oferowane i wskaz\u00f3wki, jak w pe\u0142ni z nich skorzysta\u0107.\u00a0<\/span><\/p>\n<h2>Rozumienie funkcji Praktyk Erasmus: Recepcja<\/h2>\n<p><span style=\"font-weight: 400;\">Zanim zag\u0142\u0119bimy si\u0119 w konkretne szczeg\u00f3\u0142y programu, istotne jest zrozumienie, czym dok\u0142adnie s\u0105 Praktyki Erasmus w dziale <\/span><span style=\"font-weight: 400;\">Recepcja<\/span><span style=\"font-weight: 400;\">. To <strong>europejski program<\/strong>, kt\u00f3rego celem jest u\u0142atwienie mobilno\u015bci student\u00f3w w ramach Unii Europejskiej (UE) i Europejskiego Obszaru Gospodarczego (EOG), oferuj\u0105c im mo\u017cliwo\u015b\u0107 odbycia praktyk w firmie lub organizacji zlokalizowanej w innym kraju.\u00a0<\/span><\/p>\n<h3>Cele Praktyk Erasmus: Recepcja<\/h3>\n<p><span style=\"font-weight: 400;\">Program ma kilka g\u0142\u00f3wnych cel\u00f3w:\u00a0<\/span><\/p>\n<ul>\n<li style=\"font-weight: 400;\" aria-level=\"1\"><span style=\"font-weight: 400;\"><strong>Promowanie mobilno\u015bci:<\/strong> Praktyki Erasmus: <\/span><span style=\"font-weight: 400;\">Recepcja<\/span><span style=\"font-weight: 400;\"> zach\u0119ca student\u00f3w do podr\u00f3\u017cowania i pracy w innych krajach, co pozwala im odkry\u0107 nowe kultury i sposoby \u017cycia.\u00a0<\/span><\/li>\n<li style=\"font-weight: 400;\" aria-level=\"1\"><span style=\"font-weight: 400;\"><strong>Poprawa umiej\u0119tno\u015bci j\u0119zykowych:<\/strong> Studenci maj\u0105 okazj\u0119 poprawi\u0107 swoje umiej\u0119tno\u015bci j\u0119zykowe, pracuj\u0105c w \u015brodowisku, w kt\u00f3rym u\u017cywany jest inny j\u0119zyk.\u00a0<\/span><\/li>\n<li style=\"font-weight: 400;\" aria-level=\"1\"><span style=\"font-weight: 400;\"><strong>Wspieranie rozwoju zawodowego<\/strong>: Program daje studentom szans\u0119 zdobycia nowych umiej\u0119tno\u015bci i zapoznania si\u0119 z nowym sektorem, co mo\u017ce pom\u00f3c im w dalszej karierze zawodowej.\u00a0<\/span><\/li>\n<\/ul>\n<h2>Proces sk\u0142adania podania o Praktyki Erasmus: Recepcja<\/h2>\n<p><span style=\"font-weight: 400;\">Aby ubiega\u0107 si\u0119 o Praktyki Erasmus: <\/span><span style=\"font-weight: 400;\">Recepcja<\/span><span style=\"font-weight: 400;\">, musisz by\u0107 zapisany w szkole lub uczelni wy\u017cszej uczestnicz\u0105cej w programie. Oto kroki, kt\u00f3re nale\u017cy podj\u0105\u0107, aby z\u0142o\u017cy\u0107 swoje podanie:<\/span><\/p>\n<ol>\n<li style=\"font-weight: 400;\" aria-level=\"1\"><span style=\"font-weight: 400;\"><strong>Znajd\u017a praktyki:<\/strong> Najpierw musisz znale\u017a\u0107 firm\u0119 lub organizacj\u0119 zlokalizowan\u0105 w jednym z kraj\u00f3w uczestnicz\u0105cych w programie, kt\u00f3ra oferuje praktyki. Istnieje wiele portali i platform online, kt\u00f3re mog\u0105 u\u0142atwi\u0107 to zadanie.<\/span><\/li>\n<li style=\"font-weight: 400;\" aria-level=\"1\"><span style=\"font-weight: 400;\"><strong>Skontaktuj si\u0119 z Twoj\u0105 uczelni\u0105 macierzyst\u0105<\/strong>: Gdy ju\u017c znajdziesz miejsce praktyk, porozmawiaj o tym z Twoj\u0105 uczelni\u0105 macierzyst\u0105 aby uzyska\u0107 ich zgod\u0119 na udzia\u0142 w programie. Mog\u0105 dostarczy\u0107 wi\u0119cej informacji na temat procesu sk\u0142adania podania i wymaganych dokument\u00f3w.<\/span><\/li>\n<li style=\"font-weight: 400;\" aria-level=\"1\"><span style=\"font-weight: 400;\"><strong>Przygotuj swoje dokumenty aplikacyjne:<\/strong> Twoje dokumenty zazwyczaj powinny obejmowa\u0107 list motywacyjny, CV i kopi\u0119 karty studenckiej. Upewnij si\u0119, \u017ce dostarczasz wszystkie wymagane dokumenty i przestrzegasz termin\u00f3w wyznaczonych przez Twoj\u0105 uczelni\u0119.<\/span><\/li>\n<li style=\"font-weight: 400;\" aria-level=\"1\"><span style=\"font-weight: 400;\"><strong>Wy\u015blij swoje podanie<\/strong>: Gdy ju\u017c zbierzesz wszystkie wymagane dokumenty, prze\u015blij swoje podanie do swojej uczelni macierzystej. Przejrz\u0105 oni Twoj\u0105 pro\u015bb\u0119 i przeka\u017c\u0105 j\u0105 uczelni przyjmuj\u0105cej, je\u015bli zostanie zaakceptowana. <\/span><\/li>\n<\/ol>\n<p>[\/vc_column_text][\/vc_column_inner][vc_column_inner width=&#8221;1\/12&#8243;][\/vc_column_inner][vc_column_inner width=&#8221;4\/12&#8243;][vc_single_image image=&#8221;18096&#8243; img_size=&#8221;400*400&#8243; alignment=&#8221;right&#8221; style=&#8221;vc_box_rounded&#8221;][vc_btn title=&#8221;Zobacz wi\u0119cej&#8221; style=&#8221;custom&#8221; custom_background=&#8221;#e20000&#8243; custom_text=&#8221;#ffffff&#8221; align=&#8221;center&#8221; link=&#8221;url:https%3A%2F%2Fespamob.com%2Fpl%2Fkontakt-z-polskim-konsultantem|title:Kontakt|target:_blank&#8221;][vc_video link=&#8221;https:\/\/youtu.be\/asrbpf8IHe0&#8243; align=&#8221;center&#8221;][\/vc_column_inner][\/vc_row_inner][vc_custom_heading text=&#8221;Korzy\u015bci z uczestnictwa w Praktykach Erasmus: Recepcja&#8221; font_container=&#8221;tag:h3|text_align:left&#8221; use_theme_fonts=&#8221;yes&#8221; css=&#8221;.vc_custom_1704735917326{margin-top: 20px !important;}&#8221;][vc_separator][vc_row_inner][vc_column_inner width=&#8221;7\/12&#8243;][vc_column_text]<span style=\"font-weight: 400;\">Udzia\u0142 w Praktykach Erasmus: <\/span><span style=\"font-weight: 400;\">Recepcja<\/span><span style=\"font-weight: 400;\"> mo\u017ce przynie\u015b\u0107 wiele korzy\u015bci studentom:\u00a0<\/span><\/p>\n<ul>\n<li><span style=\"font-weight: 400;\"><strong> Odkrywanie nowych kultur:<\/strong> Przez odbywanie praktyk za granic\u0105 masz okazj\u0119 odkrywa\u0107 nowe kultury i tradycje, co mo\u017ce by\u0107 bardzo wzbogacaj\u0105ce osobowo.\u00a0<\/span><\/li>\n<li><span style=\"font-weight: 400;\"><strong> Poprawa umiej\u0119tno\u015bci j\u0119zykowych<\/strong>: Praca w kraju, gdzie u\u017cywany jest inny j\u0119zyk ni\u017c tw\u00f3j, pozwoli Ci znacznie poprawi\u0107 umiej\u0119tno\u015bci j\u0119zykowe. Prawdopodobnie zauwa\u017cysz znaczn\u0105 popraw\u0119 po czasie sp\u0119dzonym na codziennym komunikowaniu si\u0119 w nowym j\u0119zyku.\u00a0<\/span><\/li>\n<li><span style=\"font-weight: 400;\"><strong> Rozwini\u0119cie sieci zawodowej:<\/strong> Praktyki Erasmus: <\/span><span style=\"font-weight: 400;\">Recepcja<\/span><span style=\"font-weight: 400;\"> daje Ci okazj\u0119 do poznania nowych ludzi i nawi\u0105zania relacji zawodowych z osobami pracuj\u0105cymi w Twojej dziedzinie zainteresowa\u0144.\u00a0<\/span><\/li>\n<li><span style=\"font-weight: 400;\"><strong> Zdobycie nowych umiej\u0119tno\u015bci:<\/strong> Praktyki za granic\u0105 mog\u0105 r\u00f3wnie\u017c pom\u00f3c Ci rozwija\u0107 nowe umiej\u0119tno\u015bci i wiedz\u0119 specyficzn\u0105 dla Twojego obszaru studi\u00f3w, co mo\u017ce przynie\u015b\u0107 korzy\u015bci w Twojej przysz\u0142ej karierze.\u00a0<\/span><\/li>\n<\/ul>\n<h2>Porady na udane\u00a0 Praktyki Erasmus: Recepcja<\/h2>\n<p><span style=\"font-weight: 400;\">Aby w pe\u0142ni wykorzysta\u0107 swoje do\u015bwiadczenie z Praktyk Erasmus: <\/span><span style=\"font-weight: 400;\">Recepcja<\/span><span style=\"font-weight: 400;\">, przedstawiamy Ci\u00a0 kilka przydatnych wskaz\u00f3wek:\u00a0<\/span><\/p>\n<ul>\n<li><span style=\"font-weight: 400;\"><strong> Przygotuj si\u0119 z wyprzedzeniem:<\/strong> To kluczowe, aby zaplanowa\u0107 i zorganizowa\u0107 si\u0119 dobrze przed rozpocz\u0119ciem praktyk. Obejmuje to poszukiwanie zakwaterowania, przygotowanie niezb\u0119dnych dokument\u00f3w i ustalenie realistycznego bud\u017cetu na pokrycie wydatk\u00f3w podczas trwania praktyk.\u00a0<\/span><\/li>\n<li><span style=\"font-weight: 400;\"><strong> Dostosuj si\u0119 do lokalnej kultury<\/strong>: Staraj si\u0119 jak najbardziej zanurzy\u0107 si\u0119 w kulturze kraju, w kt\u00f3rym pracujesz, uczestnicz\u0105c w lokalnych wydarzeniach, pr\u00f3buj\u0105c lokalnej kuchni i ucz\u0105c si\u0119 zwyczaj\u00f3w i tradycji. To pomo\u017ce Ci lepiej zrozumie\u0107 i doceni\u0107 swoje do\u015bwiadczenie za granic\u0105.\u00a0<\/span><\/li>\n<li><span style=\"font-weight: 400;\"><strong> Nie zaniedbuj swojej pracy<\/strong>: Chocia\u017c mo\u017ce by\u0107 kusz\u0105ce po\u015bwi\u0119ci\u0107 ca\u0142y wolny czas na zwiedzanie nowego otoczenia, wa\u017cne jest, aby pozosta\u0107 skoncentrowanym na praktykach i da\u0107 z siebie wszystko. O wiele bardziej skorzystasz z tego do\u015bwiadczenia, je\u015bli w pe\u0142ni zaanga\u017cujesz si\u0119 w swoj\u0105 prac\u0119.\u00a0<\/span><\/li>\n<li><span style=\"font-weight: 400;\"><strong> Nawi\u0105\u017c kontakt z innymi studentami:<\/strong> Skorzystaj z okazji, aby poszerzy\u0107 swoj\u0105 sie\u0107 zawodow\u0105, spotykaj\u0105c si\u0119 z innymi studentami mi\u0119dzynarodowymi i dziel\u0105c si\u0119 swoimi do\u015bwiadczeniami. To r\u00f3wnie\u017c mo\u017ce pom\u00f3c Ci nawi\u0105za\u0107 przyja\u017anie, kt\u00f3re przetrwaj\u0105 d\u0142ugo po zako\u0144czeniu praktyk.<\/span><\/li>\n<\/ul>\n<p><span style=\"font-weight: 400;\">Podsumowuj\u0105c,\u00a0 Praktyki Erasmus: <\/span><span style=\"font-weight: 400;\">Recepcja<\/span><span style=\"font-weight: 400;\"> to fantastyczna okazja dla student\u00f3w chc\u0105cych poszerzy\u0107 swoje horyzonty i zdoby\u0107 nowe umiej\u0119tno\u015bci, odkrywaj\u0105c przy tym nowe kultury. Post\u0119puj\u0105c zgodnie z powy\u017cszymi wskaz\u00f3wkami, mo\u017cesz by\u0107 pewien, \u017ce prze\u017cyjesz satysfakcjonuj\u0105ce i niezapomniane do\u015bwiadczenie podczas swojego pobytu za granic\u0105.<\/span>[\/vc_column_text][\/vc_column_inner][vc_column_inner width=&#8221;1\/12&#8243;][\/vc_column_inner][vc_column_inner width=&#8221;4\/12&#8243;][vc_raw_html]JTNDZGl2JTIwc3R5bGUlM0QlMjJwYWRkaW5nJTNBJTIwMzBweCUzQmJhY2tncm91bmQtY29sb3IlM0ElMjAlMjNGNEY0RjQlM0IlMjIlM0UlMEElMjAlMjAlMjAlMjAlM0NoNCUzRU9ka3J5aiUyMHdzenlzdGtpZSUyMHNla3RvcnklMjBwcmFrdHlrJTNDJTJGaDQlM0UlMEElMjAlMjAlMjAlMjAlM0NwJTNFRXNwYW1vYiUyMHNwZWNqYWxpenVqZSUyMHNpJUM0JTk5JTIwdyUyMHBvbWFnYW5pdSUyMGdydXBvbSUyMHclMjBtb2JpbG5vJUM1JTlCY2klMjB3JTIwcmFtYWNoJTIwcHJvZ3JhbXUlMjBFcmFzbXVzJTIwJTJCLiUyMERvd2llZHolMjBzaSVDNCU5OSUyMG8lMjB3c3p5c3RraWNoJTIwc2VrdG9yYWNoJTIwcHJha3R5ayUyMEVyYXNtdXMlMjB3JTIwSGlzenBhbmlpJTIwemElMjBwb21vYyVDNCU4NSUyMGtpbGt1JTIwa2xpa25pJUM0JTk5JUM0JTg3LiUzQyUyRnAlM0UlMEElMjAlMjAlMjAlMjAlM0NhJTIwY2xhc3MlM0QlMjJ2Y19nZW5lcmFsJTIwdmNfYnRuMyUyMHZjX2J0bjMtc2l6ZS1tZCUyMHZjX2J0bjMtc2hhcGUtZGVmYXVsdCUyMHZjX2J0bjMtc3R5bGUtY3VzdG9tJTIwd3BiX2N1c3RvbV82Njg3YjI2ZjM5NDg4ZGRiYjg1ZGRiM2MxY2U4ZTExMSUyMGJ0biUyMiUyMHN0eWxlJTNEJTIyYmFja2dyb3VuZC1jb2xvciUzQSUyM2UyMDAwMCUzQiUyMGNvbG9yJTNBJTIzZmZmZmZmJTNCJTIwYmFja2dyb3VuZC1jb2xvciUzQSUyM2UyMDAwMCUzQiUyMGNvbG9yJTNBJTIzZmZmZmZmJTNCJTIyJTIwaHJlZiUzRCUyMmh0dHBzJTNBJTJGJTJGd3d3LmVzcGFtb2IuY29tJTJGcGwlMkZwcmFrdHlraS16YXdvZG93ZS1lcmFzbXVzJTJGJTIyJTIwdGl0bGUlM0QlMjJTZWt0b3J5JTIwc3RhJUM1JUJDb3dlJTIyJTIwdGFyZ2V0JTNEJTIyX2JsYW5rJTIyJTNFT2RrcnlqJTIwc2VrdG9yeSUzQyUyRmElM0UlMEElM0MlMkZkaXYlM0U=[\/vc_raw_html][vc_custom_heading text=&#8221;Odkryj opinie uczestnik\u00f3w programu Erasmus +:&#8221; font_container=&#8221;tag:h3|text_align:left&#8221; use_theme_fonts=&#8221;yes&#8221; css=&#8221;.vc_custom_1704736039758{margin-top: 20px !important;}&#8221;][vc_separator][vc_video link=&#8221;https:\/\/www.youtube.com\/watch?v=pnfhdKsvhkM&#8221; align=&#8221;center&#8221;][\/vc_column_inner][\/vc_row_inner][\/vc_column][\/vc_row][vc_row][vc_column][vc_column_text]<\/p>\n<p>[\/vc_column_text][\/vc_column][\/vc_row][vc_row full_width=&#8221;stretch_row&#8221; wrap_container=&#8221;yes&#8221; is_section=&#8221;yes&#8221; css=&#8221;.vc_custom_1704736567151{padding-top: 15px !important;padding-bottom: 15px !important;background-color: #f8f392 !important;}&#8221; conditional_render=&#8221;%5B%7B%22value_role%22%3A%22administrator%22%7D%5D&#8221;][vc_column][vc_row_inner css=&#8221;.vc_custom_1688548648248{background-color: #f8f392 !important;}&#8221;][vc_column_inner][vc_custom_heading text=&#8221;Popro\u015b o bezp\u0142atn\u0105 wycen\u0119&#8221; font_container=&#8221;tag:h2|text_align:center&#8221; use_theme_fonts=&#8221;yes&#8221;][vc_column_text]<\/p>\n<p style=\"text-align: justify;\">Masz pomys\u0142 na projekt Erasmus+ w Hiszpanii i szukasz zaufanej agencji, kt\u00f3ra Ci\u0119 wesprze?\u00a0<strong>Espamob<\/strong>\u2019 jest tutaj, aby Ci pom\u00f3c! Oferujemy bezp\u0142atn\u0105 i niezobowi\u0105zuj\u0105c\u0105 wycen\u0119, kt\u00f3ra pomo\u017ce Ci zarz\u0105dza\u0107 projektem mobilno\u015bci. Dzi\u0119ki naszemu do\u015bwiadczeniu i sieci firm partnerskich mo\u017cemy zaoferowa\u0107 spersonalizowane wsparcie, aby spe\u0142ni\u0107 Twoje specyficzne potrzeby. Skontaktuj si\u0119 z nami ju\u017c teraz, aby om\u00f3wi\u0107 sw\u00f3j projekt i otrzyma\u0107 bezp\u0142atn\u0105 wycen\u0119.<\/p>\n<p>[\/vc_column_text]<div id=\"modal-trg-txt-wrap-1230\" class=\"ult-modal-input-wrapper ult-adjust-bottom-margin    \" data-keypress-control=\"keypress-control-enable\" data-overlay-control=\"overlay-control-enable\"><style>\n\t\t\t\t\t.btn-modal.btn-id-69e81831951219-97098728:hover {\n\t\t\t\t\t\tbackground-color: #e20000 !important;\n\t\t\t\t\t}\n\t\t\t\t\t<\/style><button  data-ultimate-target='#modal-trg-txt-wrap-1230 .btn-modal'  data-responsive-json-new='{\"font-size\":\"\",\"line-height\":\"\"}'  style=\"background:#888888;border-color:#888888;color:#ffffff; \" data-class-id=\"content-69e81831951219-97098728\" class=\"btn-modal ult-responsive btn-primary btn-modal-md overlay-show ult-align-center btn-id-69e81831951219-97098728\" data-overlay-class=\"overlay-cornerbottomleft\">ZAM\u00d3W BEZP\u0141ATN\u0104 WYCEN\u0118<\/button><\/div>\n<div class=\"ult-overlay content-69e81831951219-97098728 \" data-class=\"content-69e81831951219-97098728\" id=\"button-click-overlay\" style=\"background:rgba(51,51,51,0.8); display:none;\">\n\t<div class=\"ult_modal ult-fade ult-medium\">\n\t\t<div id=\"ult-modal-wrap-1021\" class=\"ult_modal-content ult-hide\" style=\"border-style:solid;border-width:2px;border-radius:0px;border-color:#333333;\">\n\t\t\t<div class=\"ult_modal-header\" style=\"color:#333333;border-color:#333333;\">\n\t\t\t\t<h3  data-ultimate-target='#ult-modal-wrap-1021 .ult_modal-title'  data-responsive-json-new='{\"font-size\":\"\",\"line-height\":\"\"}'  class=\"ult_modal-title ult-responsive\">ZAM\u00d3W BEZP\u0141ATN\u0104 WYCEN\u0118<\/h3>\n\t\t\t<\/div>\n\t\t\t<div  data-ultimate-target='#ult-modal-wrap-1021 .ult_modal-body'  data-responsive-json-new='{\"font-size\":\"\",\"line-height\":\"\"}'  class=\"ult_modal-body ult-responsive ult-html\" style=\"\">\n\t\t\t<\/p>\n<p>[caldera_form id=&#8221;CF6149e02688efa&#8221;]<\/p>\n<p>\n\t\t\t<\/div>\n\t<\/div>\n\t<\/div>\n\t<div class=\"ult-overlay-close top-right\" style=\"width:80px;height:80px; \"><div class=\"ult-overlay-close-inside\">Close<\/div><\/div>\n<\/div>[\/vc_column_inner][\/vc_row_inner][\/vc_column][\/vc_row][vc_row wrap_container=&#8221;yes&#8221; css=&#8221;.vc_custom_1689256499740{margin-top: 15px !important;}&#8221; conditional_render=&#8221;%5B%7B%22value_role%22%3A%22administrator%22%7D%5D&#8221;][vc_column][vc_custom_heading text=&#8221;Pytania cz\u0119sto zadawane&#8221; font_container=&#8221;tag:h2|text_align:center|color:%23000000&#8243; use_theme_fonts=&#8221;yes&#8221;][vc_separator][vc_row_inner][vc_column_inner width=&#8221;7\/12&#8243;][vc_column_text]<\/p>\n<h3>Jakie us\u0142ugi oferuje Espamob dla grup, kt\u00f3re chc\u0105 odby\u0107 praktyki Erasmus w Hiszpanii?<\/h3>\n<p><span style=\"font-weight: 400;\">Espamob oferuje kompleksow\u0105 gam\u0119 us\u0142ug, aby towarzyszy\u0107 grupom w ich projekcie praktyk Erasmus w Hiszpanii. Obejmuje to tworzenie projektu, poszukiwanie finansowania, przyj\u0119cie w szko\u0142ach, uniwersytetach i partnerach biznesowych, szukanie zakwaterowania na miejscu oraz organizacj\u0119 transfer\u00f3w z lotniska.\u00a0<\/span><\/p>\n<h3>Jak Espamob pomaga grupom w pozyskiwaniu finansowania na ich praktyki Erasmus w Hiszpanii?<\/h3>\n<p><span style=\"font-weight: 400;\">Espamob posiada wiedz\u0119 specjalistyczn\u0105 w zakresie pozyskiwania finansowania na projekty mobilno\u015bci Erasmus. Agencja prowadzi grupy przez procesy administracyjne, pomaga w redagowaniu wniosk\u00f3w finansowych i kieruje je do najbardziej odpowiednich \u017ar\u00f3de\u0142 finansowania, takich jak stypendia Erasmus+ lub inne programy wspieraj\u0105ce mi\u0119dzynarodow\u0105 mobilno\u015b\u0107.\u00a0<\/span><\/p>\n<h3>Jakie s\u0105 korzy\u015bci z wyboru Espamob dla przyj\u0119cia w uniwersytetach i partnerach biznesowych w Hiszpanii?<\/h3>\n<p><span style=\"font-weight: 400;\">Espamob dysponuje solidn\u0105 sieci\u0105 partner\u00f3w w Hiszpanii, obejmuj\u0105c\u0105 uniwersytety i firmy gotowe do przyj\u0119cia praktykant\u00f3w Erasmusa. Agencja zapewnia, \u017ce grupy s\u0105 umieszczane w \u015brodowiskach odpowiadaj\u0105cych ich dziedzinie studi\u00f3w lub projektowi zawodowemu. To pozwala uczestnikom czerpa\u0107 korzy\u015bci ze wzbogacaj\u0105cego do\u015bwiadczenia i praktykowa\u0107 swoje umiej\u0119tno\u015bci w mi\u0119dzynarodowym kontek\u015bcie.<\/span>[\/vc_column_text][\/vc_column_inner][vc_column_inner width=&#8221;1\/12&#8243;][\/vc_column_inner][vc_column_inner width=&#8221;4\/12&#8243;][vc_single_image image=&#8221;15077&#8243; img_size=&#8221;full&#8221;][vc_column_text]<strong>Dowiedz si\u0119 wi\u0119cej o r\u00f3\u017cnych miejscach Erasmus+ w Hiszpanii:\u00a0<\/strong><\/p>\n<ul>\n<li style=\"list-style-type: none;\">\n<ul>\n<li><a href=\"https:\/\/espamob.com\/pl\/praktyki-zawodowe-erasmus\/uslugi\/praktyki-erasmus-sprzedaz\/\"><span style=\"font-weight: 400;\">Praktyki Erasmus Sprzedaz <\/span><\/a><\/li>\n<li><a href=\"https:\/\/espamob.com\/pl\/praktyki-zawodowe-erasmus\/uslugi\/praktyki-erasmus-handel\/\"><span style=\"font-weight: 400;\">Praktyki Erasmus Handel<\/span><\/a><\/li>\n<li><a href=\"https:\/\/espamob.com\/pl\/praktyki-zawodowe-erasmus\/uslugi\/praktyki-erasmus-zarzadzanie-administracja\/\"><span style=\"font-weight: 400;\">Praktyki Erasmus Zarz\u0105dzanie administracyjne\u00a0<\/span><\/a><\/li>\n<li><a href=\"https:\/\/espamob.com\/pl\/praktyki-zawodowe-erasmus\/uslugi\/praktyki-erasmus-marketing\/\"><span style=\"font-weight: 400;\">Praktyki Erasmus Marketing\u00a0<\/span><\/a><\/li>\n<li><a href=\"https:\/\/espamob.com\/pl\/praktyki-zawodowe-erasmus\/uslugi\/praktyki-erasmus-komunikacja\/\"><span style=\"font-weight: 400;\">Praktyki Erasmus Komunikacja<\/span><\/a><\/li>\n<\/ul>\n<\/li>\n<\/ul>\n<p>[\/vc_column_text][\/vc_column_inner][\/vc_row_inner][\/vc_column][\/vc_row]<\/p>\n<\/div>","protected":false},"excerpt":{"rendered":"<p>[vc_row css=&#8221;.vc_custom_1703789267760{margin-top: -20px !important;margin-bottom: 40px !important;background-image: url(https:\/\/espamob.com\/wp-content\/uploads\/2023\/12\/Recepcion.webp?id=22178) !important;}&#8221; conditional_render=&#8221;%5B%7B%22value_role%22%3A%22administrator%22%7D%5D&#8221;][vc_column css=&#8221;.vc_custom_1687965657482{padding-top: 30px !important;}&#8221; conditional_render=&#8221;%5B%7B%22value_role%22%3A%22administrator%22%7D%5D&#8221;][vc_empty_space height=&#8221;170&#8243;][vc_custom_heading text=&#8221;Praktyki Erasmus: Recepcja&#8221; font_container=&#8221;tag:h1|font_size:27|text_align:center|color:%23ffffff&#8221; use_theme_fonts=&#8221;yes&#8221; css=&#8221;.vc_custom_1704886229821{margin-bottom: 15px !important;background-color: rgba(136,136,136,0.29) !important;*background-color: rgb(136,136,136) !important;}&#8221; animation_type=&#8221;zoomIn&#8221;][vc_empty_space height=&#8221;40&#8243;][\/vc_column][\/vc_row][vc_row wrap_container=&#8221;yes&#8221; text_align=&#8221;justify&#8221;][vc_column text_align=&#8221;justify&#8221;][vc_column_text] Home Sektory sta\u017cowe Mobilno\u015b\u0107 w sektorze us\u0142ug Praktyka zawodowa Erasmus: Recepcja [\/vc_column_text][vc_custom_heading text=&#8221;Praktyki Erasmus Recepcja: Ostateczny przewodnik po wyj\u0105tkowym do\u015bwiadczeniu&#8221; use_theme_fonts=&#8221;yes&#8221; css=&#8221;.vc_custom_1704735777289{margin-top: 20px !important;}&#8221;][vc_separator][vc_row_inner][vc_column_inner<\/p>\n","protected":false},"author":2,"featured_media":0,"parent":12815,"menu_order":0,"comment_status":"closed","ping_status":"closed","template":"","meta":{"footnotes":""},"class_list":["post-22219","page","type-page","status-publish","hentry"],"_links":{"self":[{"href":"https:\/\/espamob.com\/pl\/wp-json\/wp\/v2\/pages\/22219","targetHints":{"allow":["GET"]}}],"collection":[{"href":"https:\/\/espamob.com\/pl\/wp-json\/wp\/v2\/pages"}],"about":[{"href":"https:\/\/espamob.com\/pl\/wp-json\/wp\/v2\/types\/page"}],"author":[{"embeddable":true,"href":"https:\/\/espamob.com\/pl\/wp-json\/wp\/v2\/users\/2"}],"replies":[{"embeddable":true,"href":"https:\/\/espamob.com\/pl\/wp-json\/wp\/v2\/comments?post=22219"}],"version-history":[{"count":0,"href":"https:\/\/espamob.com\/pl\/wp-json\/wp\/v2\/pages\/22219\/revisions"}],"up":[{"embeddable":true,"href":"https:\/\/espamob.com\/pl\/wp-json\/wp\/v2\/pages\/12815"}],"wp:attachment":[{"href":"https:\/\/espamob.com\/pl\/wp-json\/wp\/v2\/media?parent=22219"}],"curies":[{"name":"wp","href":"https:\/\/api.w.org\/{rel}","templated":true}]}}