{"id":21551,"date":"2023-08-04T00:00:00","date_gmt":"2023-08-04T00:00:00","guid":{"rendered":"https:\/\/www.espamob.com\/praktyki-zawodowe-erasmus\/metiers-bouche\/stage-erasmus-chocolaterie\/"},"modified":"2025-04-21T20:13:26","modified_gmt":"2025-04-21T20:13:26","slug":"praktyki-erasmus-czekoladowe","status":"publish","type":"page","link":"https:\/\/espamob.com\/pl\/praktyki-zawodowe-erasmus\/branzy-spozywczej\/praktyki-erasmus-czekoladowe\/","title":{"rendered":"Stage Erasmus : Chocolaterie"},"content":{"rendered":"<div class=\"wpb-content-wrapper\"><p>[vc_row css=&#8221;.vc_custom_1703413972593{margin-top: -20px !important;margin-bottom: 40px !important;background-image: url(https:\/\/espamob.com\/wp-content\/uploads\/2023\/12\/Chocolateria-Confiteria.webp?id=22139) !important;}&#8221; conditional_render=&#8221;%5B%7B%22value_role%22%3A%22administrator%22%7D%5D&#8221;][vc_column css=&#8221;.vc_custom_1687965657482{padding-top: 30px !important;}&#8221; conditional_render=&#8221;%5B%7B%22value_role%22%3A%22administrator%22%7D%5D&#8221;][vc_empty_space height=&#8221;170&#8243;][vc_custom_heading text=&#8221;Praktyki Erasmus: Wyroby czekoladowe i cukiernicze&#8221; font_container=&#8221;tag:h1|font_size:27|text_align:center|color:%23ffffff&#8221; use_theme_fonts=&#8221;yes&#8221; css=&#8221;.vc_custom_1702568297232{margin-bottom: 15px !important;background-color: rgba(136,136,136,0.29) !important;*background-color: rgb(136,136,136) !important;}&#8221; animation_type=&#8221;zoomIn&#8221;][vc_empty_space height=&#8221;40&#8243;][\/vc_column][\/vc_row][vc_row wrap_container=&#8221;yes&#8221; text_align=&#8221;justify&#8221;][vc_column text_align=&#8221;justify&#8221;][vc_column_text]<\/p>\n<nav aria-label=\"breadcrumb\">\n<ol class=\"breadcrumb\">\n<li class=\"breadcrumb-item\"><a href=\"https:\/\/espamob.com\/pl\">Home<\/a><\/li>\n<li class=\"breadcrumb-item\"><a href=\"https:\/\/espamob.com\/pl\/praktyki-zawodowe-erasmus\/\">Sektory sta\u017cowe<\/a><\/li>\n<li class=\"breadcrumb-item active\" aria-current=\"page\"><a href=\"https:\/\/espamob.com\/pl\/praktyki-zawodowe-erasmus\/branzy-spozywczej\/\">Mobilno\u015b\u0107 w bran\u017cy spo\u017cywczej<\/a><\/li>\n<li class=\"breadcrumb-item active\" aria-current=\"page\">Praktyka zawodowa Erasmus: <span style=\"font-weight: 400;\">Wyroby czekoladowe i cukiernicze<\/span><\/li>\n<\/ol>\n<\/nav>\n<p>[\/vc_column_text][vc_custom_heading text=&#8221;Uczy\u0144 swoj\u0105 pasj\u0119 do czekolady niezapomnianym do\u015bwiadczeniem dzi\u0119ki sta\u017cowi Erasmusa w dziedzinie wyrob\u00f3w czekoladowych&#8221; use_theme_fonts=&#8221;yes&#8221; css=&#8221;.vc_custom_1702568356844{margin-top: 20px !important;}&#8221;][vc_separator][vc_row_inner][vc_column_inner width=&#8221;7\/12&#8243;][vc_column_text]<b>Sta\u017c Erasmusa w to wyj\u0105tkowa<\/b><span style=\"font-weight: 400;\"> okazja dla student\u00f3w i praktykant\u00f3w, kt\u00f3rzy pragn\u0105 zdoby\u0107 warto\u015bciowe do\u015bwiadczenie zawodowe w tej pysznej dziedzinie. Ten europejski program, trwaj\u0105cy przez kilka miesi\u0119cy, pozwala nie tylko na poznanie technik produkcji czekolady, ale tak\u017ce kultur\u0119 i tradycje uczestnicz\u0105cych kraj\u00f3w. Zanurz si\u0119 z nami w tym smacznym \u015bwiecie i dowiedz si\u0119, jak zdoby\u0107 sta\u017c Erasmusa w dziedzinie wyrob\u00f3w czekoladowych.<\/span><\/p>\n<h2>Czym jest program Erasmus?<\/h2>\n<p><span style=\"font-weight: 400;\">Erasmus to <\/span><b>europejski program wymiany dla student\u00f3w i praktykant\u00f3w<\/b><span style=\"font-weight: 400;\">, utworzony w 1987 roku przez Uni\u0119 Europejsk\u0105. Jego celem jest promowanie mobilno\u015bci i wsp\u00f3\u0142pracy mi\u0119dzy instytucjami szkolnictwa wy\u017cszego a przedsi\u0119biorstwami. Program Erasmus daje m\u0142odym ludziom mo\u017cliwo\u015b\u0107 do\u015bwiadczenia zawodowego i mi\u0119dzykulturowego w innym kraju europejskim, obejmuj\u0105c r\u00f3\u017cne dziedziny, w tym bran\u017c\u0119 wyrob\u00f3w czekoladowych.<\/span><\/p>\n<h3>Dlaczego wybra\u0107 sta\u017c Erasmusa: <span style=\"font-weight: 400;\">Wyroby czekoladowe i cukiernicze<\/span><\/h3>\n<p><span style=\"font-weight: 400;\">Specjalista od wyrob\u00f3w czekoladowych to<\/span><b> zaw\u00f3d artystyczny i pe\u0142en pasji<\/b><span style=\"font-weight: 400;\">, gdzie kreatywno\u015b\u0107, kunszt i dyscyplina s\u0105 kluczowe. Sta\u017c Erasmusa w tej bran\u017cy umo\u017cliwia zdobycie cennego do\u015bwiadczenia mi\u0119dzynarodowego oraz rozwijanie umiej\u0119tno\u015bci technicznych i zawodowych w tej dziedzinie. Ponadto to do\u015bwiadczenie wzbogaca CV i pozwala wyr\u00f3\u017cni\u0107 si\u0119 na rynku pracy.<\/span><\/p>\n<h2>Kroki do zdobycia sta\u017cu Erasmusa: <span style=\"font-weight: 400;\">Wyroby czekoladowe i cukiernicze<\/span><\/h2>\n<p><span style=\"font-weight: 400;\">Aby wzi\u0105\u0107 udzia\u0142 w sta\u017cu Erasmusa w Czekoladowni, nale\u017cy przej\u015b\u0107 kilka kluczowych etap\u00f3w:<\/span><\/p>\n<ol>\n<li style=\"font-weight: 400;\" aria-level=\"1\"><b>Znalezienie miejsca przyj\u0119cia:<\/b><span style=\"font-weight: 400;\"> Mo\u017ce to by\u0107 firma, sklep lub pracownia rzemie\u015blnicza specjalizuj\u0105ca si\u0119 w produkcji czekolady. Poszukiwania mo\u017cna prowadzi\u0107 w\u015br\u00f3d partner\u00f3w programu Erasmus, za po\u015brednictwem sieci zawodowej lub dzi\u0119ki wskaz\u00f3wkom plac\u00f3wki edukacyjnej.<\/span><\/li>\n<li style=\"font-weight: 400;\" aria-level=\"1\"><b>Sprawdzenie warunk\u00f3w kwalifikacyjnych<\/b><span style=\"font-weight: 400;\">: Sta\u017c Erasmusa: <\/span><span style=\"font-weight: 400;\">Wyroby czekoladowe i cukiernicze<\/span><span style=\"font-weight: 400;\"> jest dost\u0119pny dla student\u00f3w i praktykant\u00f3w zapisanych w szkole wy\u017cszej, kt\u00f3rzy ju\u017c uko\u0144czyli rok studi\u00f3w. Nale\u017cy r\u00f3wnie\u017c sprawdzi\u0107, czy Twoja plac\u00f3wka edukacyjna i ta, do kt\u00f3rej si\u0119 ubiegasz, s\u0105 cz\u0142onkami programu Erasmus.<\/span><\/li>\n<li style=\"font-weight: 400;\" aria-level=\"1\"><b>Przygotowanie dokument\u00f3w aplikacyjnych<\/b><span style=\"font-weight: 400;\">: Dossier powinno zawiera\u0107 CV, list motywacyjny oraz dane dw\u00f3ch referent\u00f3w (nauczycieli lub pracodawc\u00f3w), kt\u00f3rzy mog\u0105 poleci\u0107 Twoje umiej\u0119tno\u015bci. Dossier zostanie przes\u0142ane do przyjmuj\u0105cej plac\u00f3wki, kt\u00f3ra oceni Twoj\u0105 kandydatur\u0119.<\/span><\/li>\n<li style=\"font-weight: 400;\" aria-level=\"1\"><b>Przygotowanie dokument\u00f3w administracyjnych<\/b><span style=\"font-weight: 400;\">: Po zaakceptowaniu sta\u017cu, b\u0119dzie trzeba przygotowa\u0107 dossier administracyjne, zawieraj\u0105ce m.in. umow\u0119 o sta\u017c i umow\u0119 szkoleniow\u0105 podpisane przez r\u00f3\u017cne strony.<\/span><\/li>\n<li style=\"font-weight: 400;\" aria-level=\"1\"><b>Organizacja pobytu<\/b>: Na koniec wa\u017cne jest zaplanowanie zakwaterowania, transportu i ubezpieczenia zdrowotnego na czas trwania sta\u017cu.<\/li>\n<\/ol>\n<p>[\/vc_column_text][\/vc_column_inner][vc_column_inner width=&#8221;1\/12&#8243;][\/vc_column_inner][vc_column_inner width=&#8221;4\/12&#8243;][vc_single_image image=&#8221;18171&#8243; img_size=&#8221;400*400&#8243; alignment=&#8221;right&#8221; style=&#8221;vc_box_rounded&#8221;][vc_btn title=&#8221;Zobacz wi\u0119cej&#8221; style=&#8221;custom&#8221; custom_background=&#8221;#e20000&#8243; custom_text=&#8221;#ffffff&#8221; align=&#8221;center&#8221; link=&#8221;url:https%3A%2F%2Fespamob.com%2Fpl%2Fkontakt-z-polskim-konsultantem|title:Kontakt|target:_blank&#8221;][vc_column_text]<iframe loading=\"lazy\" width=\"560\" height=\"315\" src=\"https:\/\/www.youtube.com\/embed\/YbPBIzvIuO4?si=eU2IFa5MGzscrg5z\" title=\"YouTube video player\" frameborder=\"0\" allow=\"accelerometer; autoplay; clipboard-write; encrypted-media; gyroscope; picture-in-picture; web-share\" referrerpolicy=\"strict-origin-when-cross-origin\" allowfullscreen><\/iframe>[\/vc_column_text][\/vc_column_inner][\/vc_row_inner][vc_custom_heading text=&#8221;Kierunki kszta\u0142cenia w dziedzinie czekolady zgodne z programem Erasmus&#8221; font_container=&#8221;tag:h3|text_align:left&#8221; use_theme_fonts=&#8221;yes&#8221; css=&#8221;.vc_custom_1702568596625{margin-top: 20px !important;}&#8221;][vc_separator][vc_row_inner][vc_column_inner width=&#8221;7\/12&#8243;][vc_column_text]<span style=\"font-weight: 400;\">Aby wzi\u0105\u0107 udzia\u0142 w sta\u017cu Erasmusa: <\/span><span style=\"font-weight: 400;\">Wyroby czekoladowe i cukiernicze<\/span><span style=\"font-weight: 400;\">, wa\u017cne jest, aby by\u0107 zapisanym na odpowiednim kierunku kszta\u0142cenia. Oto kilka przyk\u0142ad\u00f3w kompatybilnych formacji:\u00a0<\/span><\/p>\n<ul>\n<li><b>Certyfikat Umiej\u0119tno\u015bci z zakresu cukiernictwa, wyrob\u00f3w czekoladowych oraz lod\u00f3w<\/b><span style=\"font-weight: 400;\">: ta wszechstronna formacja pozwala na zdobycie umiej\u0119tno\u015bci technicznych w tworzeniu ciastek, czekolady, cukierk\u00f3w i lod\u00f3w.\u00a0<\/span><\/li>\n<li><b>Technik Piekarz-Cukiernik<\/b><span style=\"font-weight: 400;\">: ten dyplom oferuje specjalizacj\u0119 w piekarstwie i cukiernictwie, rozwijaj\u0105c jednocze\u015bnie umiej\u0119tno\u015bci zarz\u0105dzania i przedsi\u0119biorczo\u015bci.\u00a0<\/span><\/li>\n<li><b> Technik \u017bywno\u015bci o specjalizacji wyroby czekoladowe<\/b><span style=\"font-weight: 400;\">: dost\u0119pny po uko\u0144czeniu szko\u0142y \u015bredniej lub technicznej, ten dwuletni kurs oferuje specjalizacj\u0119 w bran\u017cy wyrob\u00f3w czekoladowych i umo\u017cliwia dost\u0119p do stanowisk kierowniczych.<\/span><\/li>\n<\/ul>\n<h2>Kraje europejskie, gdzie mo\u017cna odby\u0107 sta\u017c Erasmusa: <span style=\"font-weight: 400;\">Wyroby czekoladowe i cukiernicze<\/span><\/h2>\n<p><span style=\"font-weight: 400;\">Poniewa\u017c specjalista od wyrob\u00f3w czekoladowych to zaw\u00f3d o tradycjach si\u0119gaj\u0105cych wiek\u00f3w, niekt\u00f3re kraje s\u0105 szczeg\u00f3lnie znane z rzemios\u0142a w tej dziedzinie. Zatem sta\u017c Erasmusa w tej bran\u017cy mo\u017cna odby\u0107 w nast\u0119puj\u0105cych krajach:\u00a0<\/span><\/p>\n<ul>\n<li><b>Belgia<\/b><span style=\"font-weight: 400;\">, znana na ca\u0142ym \u015bwiecie ze swoich pralin i uznanych czekoladziarzy, takich jak Pierre Marcolini czy Neuhaus.\u00a0<\/span><\/li>\n<li><b>Francja<\/b><span style=\"font-weight: 400;\">, z jej mistrzami czekolady, takimi jak Patrick Roger czy Jean-Paul H\u00e9vin, kt\u00f3rzy doskonale \u0142\u0105cz\u0105 tradycj\u0119 z innowacj\u0105.\u00a0<\/span><\/li>\n<li><b>Szwajcaria<\/b><span style=\"font-weight: 400;\">, kolebka mlecznej czekolady i czekolady nadziewanej, dzi\u0119ki markom takim jak Lindt czy Toblerone.\u00a0<\/span><\/li>\n<li><b>W Wielkiej Brytanii<\/b><span style=\"font-weight: 400;\">, gdzie znajduje si\u0119 wielu innowacyjnych i kreatywnych czekoladnik\u00f3w, takich jak Rococo Chocolates czy Paul A. Young.<\/span><\/li>\n<\/ul>\n<p><span style=\"font-weight: 400;\">Podsumowuj\u0105c, sta\u017c Erasmusa: <\/span><span style=\"font-weight: 400;\">Wyroby czekoladowe i cukiernicze<\/span><span style=\"font-weight: 400;\"> to wyj\u0105tkowe do\u015bwiadczenie, kt\u00f3re pozwala na zdobycie umiej\u0119tno\u015bci u najlepszych rzemie\u015blnik\u00f3w oraz pog\u0142\u0119bienie pasji do czekolady, jednocze\u015bnie odkrywaj\u0105c r\u00f3\u017cne kultury i tradycje. Nie wahaj si\u0119 d\u0142u\u017cej i wyrusz w t\u0119 kulinarn\u0105 przygod\u0119!<\/span>[\/vc_column_text][\/vc_column_inner][vc_column_inner width=&#8221;1\/12&#8243;][\/vc_column_inner][vc_column_inner width=&#8221;4\/12&#8243;][vc_raw_html]JTNDZGl2JTIwc3R5bGUlM0QlMjJwYWRkaW5nJTNBJTIwMzBweCUzQmJhY2tncm91bmQtY29sb3IlM0ElMjAlMjNGNEY0RjQlM0IlMjIlM0UlMEElMjAlMjAlMjAlMjAlM0NoNCUzRU9ka3J5aiUyMHdzenlzdGtpZSUyMHNla3RvcnklMjBwcmFrdHlrJTNDJTJGaDQlM0UlMEElMjAlMjAlMjAlMjAlM0NwJTNFRXNwYW1vYiUyMHNwZWNqYWxpenVqZSUyMHNpJUM0JTk5JTIwdyUyMHBvbWFnYW5pdSUyMGdydXBvbSUyMHclMjBtb2JpbG5vJUM1JTlCY2klMjB3JTIwcmFtYWNoJTIwcHJvZ3JhbXUlMjBFcmFzbXVzJTIwJTJCLiUyMERvd2llZHolMjBzaSVDNCU5OSUyMG8lMjB3c3p5c3RraWNoJTIwc2VrdG9yYWNoJTIwcHJha3R5ayUyMEVyYXNtdXMlMjB3JTIwSGlzenBhbmlpJTIwemElMjBwb21vYyVDNCU4NSUyMGtpbGt1JTIwa2xpa25pJUM0JTk5JUM0JTg3LiUzQyUyRnAlM0UlMEElMjAlMjAlMjAlMjAlM0NhJTIwY2xhc3MlM0QlMjJ2Y19nZW5lcmFsJTIwdmNfYnRuMyUyMHZjX2J0bjMtc2l6ZS1tZCUyMHZjX2J0bjMtc2hhcGUtZGVmYXVsdCUyMHZjX2J0bjMtc3R5bGUtY3VzdG9tJTIwd3BiX2N1c3RvbV82Njg3YjI2ZjM5NDg4ZGRiYjg1ZGRiM2MxY2U4ZTExMSUyMGJ0biUyMiUyMHN0eWxlJTNEJTIyYmFja2dyb3VuZC1jb2xvciUzQSUyM2UyMDAwMCUzQiUyMGNvbG9yJTNBJTIzZmZmZmZmJTNCJTIwYmFja2dyb3VuZC1jb2xvciUzQSUyM2UyMDAwMCUzQiUyMGNvbG9yJTNBJTIzZmZmZmZmJTNCJTIyJTIwaHJlZiUzRCUyMmh0dHBzJTNBJTJGJTJGd3d3LmVzcGFtb2IuY29tJTJGcGwlMkZwcmFrdHlraS16YXdvZG93ZS1lcmFzbXVzJTJGJTIyJTIwdGl0bGUlM0QlMjJTZWt0b3J5JTIwc3RhJUM1JUJDb3dlJTIyJTIwdGFyZ2V0JTNEJTIyX2JsYW5rJTIyJTNFT2RrcnlqJTIwc2VrdG9yeSUzQyUyRmElM0UlMEElM0MlMkZkaXYlM0U=[\/vc_raw_html][\/vc_column_inner][\/vc_row_inner][\/vc_column][\/vc_row][vc_row full_width=&#8221;stretch_row&#8221; wrap_container=&#8221;yes&#8221; is_section=&#8221;yes&#8221; css=&#8221;.vc_custom_1702568856422{padding-top: 15px !important;padding-bottom: 15px !important;background-color: #f8f392 !important;}&#8221; conditional_render=&#8221;%5B%7B%22value_role%22%3A%22administrator%22%7D%5D&#8221;][vc_column][vc_row_inner css=&#8221;.vc_custom_1688548648248{background-color: #f8f392 !important;}&#8221;][vc_column_inner][vc_custom_heading text=&#8221;Popro\u015b o bezp\u0142atn\u0105 wycen\u0119&#8221; font_container=&#8221;tag:h2|text_align:center&#8221; use_theme_fonts=&#8221;yes&#8221;][vc_column_text]<\/p>\n<p style=\"text-align: justify;\">Masz pomys\u0142 na projekt Erasmus+ w Hiszpanii i szukasz zaufanej agencji, kt\u00f3ra Ci\u0119 wesprze?\u00a0<strong>Espamob<\/strong>\u2019 jest tutaj, aby Ci pom\u00f3c! Oferujemy bezp\u0142atn\u0105 i niezobowi\u0105zuj\u0105c\u0105 wycen\u0119, kt\u00f3ra pomo\u017ce Ci zarz\u0105dza\u0107 projektem mobilno\u015bci. Dzi\u0119ki naszemu do\u015bwiadczeniu i sieci firm partnerskich mo\u017cemy zaoferowa\u0107 spersonalizowane wsparcie, aby spe\u0142ni\u0107 Twoje specyficzne potrzeby. Skontaktuj si\u0119 z nami ju\u017c teraz, aby om\u00f3wi\u0107 sw\u00f3j projekt i otrzyma\u0107 bezp\u0142atn\u0105 wycen\u0119.<\/p>\n<p>[\/vc_column_text]<div id=\"modal-trg-txt-wrap-9887\" class=\"ult-modal-input-wrapper ult-adjust-bottom-margin    \" data-keypress-control=\"keypress-control-enable\" data-overlay-control=\"overlay-control-enable\"><style>\n\t\t\t\t\t.btn-modal.btn-id-69e7812669f116-58897294:hover {\n\t\t\t\t\t\tbackground-color: #e20000 !important;\n\t\t\t\t\t}\n\t\t\t\t\t<\/style><button  data-ultimate-target='#modal-trg-txt-wrap-9887 .btn-modal'  data-responsive-json-new='{\"font-size\":\"\",\"line-height\":\"\"}'  style=\"background:#888888;border-color:#888888;color:#ffffff; \" data-class-id=\"content-69e7812669f116-58897294\" class=\"btn-modal ult-responsive btn-primary btn-modal-md overlay-show ult-align-center btn-id-69e7812669f116-58897294\" data-overlay-class=\"overlay-cornerbottomleft\">ZAM\u00d3W BEZP\u0141ATN\u0104 WYCEN\u0118<\/button><\/div>\n<div class=\"ult-overlay content-69e7812669f116-58897294 \" data-class=\"content-69e7812669f116-58897294\" id=\"button-click-overlay\" style=\"background:rgba(51,51,51,0.8); display:none;\">\n\t<div class=\"ult_modal ult-fade ult-medium\">\n\t\t<div id=\"ult-modal-wrap-4407\" class=\"ult_modal-content ult-hide\" style=\"border-style:solid;border-width:2px;border-radius:0px;border-color:#333333;\">\n\t\t\t<div class=\"ult_modal-header\" style=\"color:#333333;border-color:#333333;\">\n\t\t\t\t<h3  data-ultimate-target='#ult-modal-wrap-4407 .ult_modal-title'  data-responsive-json-new='{\"font-size\":\"\",\"line-height\":\"\"}'  class=\"ult_modal-title ult-responsive\">ZAM\u00d3W BEZP\u0141ATN\u0104 WYCEN\u0118<\/h3>\n\t\t\t<\/div>\n\t\t\t<div  data-ultimate-target='#ult-modal-wrap-4407 .ult_modal-body'  data-responsive-json-new='{\"font-size\":\"\",\"line-height\":\"\"}'  class=\"ult_modal-body ult-responsive ult-html\" style=\"\">\n\t\t\t<\/p>\n<p>[caldera_form id=&#8221;CF6149e02688efa&#8221;]<\/p>\n<p>\n\t\t\t<\/div>\n\t<\/div>\n\t<\/div>\n\t<div class=\"ult-overlay-close top-right\" style=\"width:80px;height:80px; \"><div class=\"ult-overlay-close-inside\">Close<\/div><\/div>\n<\/div>[\/vc_column_inner][\/vc_row_inner][\/vc_column][\/vc_row][vc_row wrap_container=&#8221;yes&#8221; css=&#8221;.vc_custom_1689256499740{margin-top: 15px !important;}&#8221; conditional_render=&#8221;%5B%7B%22value_role%22%3A%22administrator%22%7D%5D&#8221;][vc_column][vc_custom_heading text=&#8221;Pytania cz\u0119sto zadawane&#8221; font_container=&#8221;tag:h2|text_align:center|color:%23000000&#8243; use_theme_fonts=&#8221;yes&#8221;][vc_separator][vc_row_inner][vc_column_inner width=&#8221;7\/12&#8243;][vc_column_text]<\/p>\n<h3>Jakie us\u0142ugi oferuje Espamob w ramach sta\u017cy Erasmusa w Hiszpanii?<span style=\"font-weight: 400;\">\u00a0<\/span><\/h3>\n<p><span style=\"font-weight: 400;\">Espamob oferuje kompleksow\u0105 gam\u0119 us\u0142ug dla sta\u017cy Erasmusa w Hiszpanii. Pomagaj\u0105 w tworzeniu projektu, poszukiwaniu finansowania, przyj\u0119ciu na uniwersytetach i w partneruj\u0105cych firmach, znalezieniu zakwaterowania na miejscu oraz organizacji transferu z lotniska.<\/span><\/p>\n<h3>Jak Espamob mo\u017ce pom\u00f3c w realizacji sta\u017cu Erasmusa w dziedzinie czekolady w Hiszpanii?<span style=\"font-weight: 400;\">\u00a0<\/span><\/h3>\n<p><span style=\"font-weight: 400;\">Espamob dysponuje obszern\u0105 sieci\u0105 partner\u00f3w w Hiszpanii, w tym w sektorze czekolady. Mog\u0105 pom\u00f3c w znalezieniu partner\u00f3w biznesowych specjalizuj\u0105cych si\u0119 w produkcji czekolady, gdzie mo\u017cna odby\u0107 sta\u017c Erasmusa. Przewodnicz\u0105 r\u00f3wnie\u017c przez wszystkie etapy procesu, pocz\u0105wszy od stworzenia projektu po przyj\u0119cie w firmie.<\/span><\/p>\n<h3>Jakie s\u0105 korzy\u015bci z wyboru Espamob do realizacji sta\u017cu Erasmusa w Hiszpanii?<span style=\"font-weight: 400;\">\u00a0<\/span><\/h3>\n<p><span style=\"font-weight: 400;\">Wybieraj\u0105c Espamob do realizacji sta\u017cu Erasmusa w Hiszpanii, korzystasz z kompleksowego i spersonalizowanego wsparcia. Ich do\u015bwiadczenie w zarz\u0105dzaniu projektami Erasmusa zapewnia bezproblemowe do\u015bwiadczenie. Ponadto, ich szeroka sie\u0107 partner\u00f3w pozwala znale\u017a\u0107 mo\u017cliwo\u015bci sta\u017cu w konkretnych dziedzinach, takich jak czekolada, i korzysta\u0107 z lokalnego wsparcia przez ca\u0142y okres pobytu.<\/span>[\/vc_column_text][\/vc_column_inner][vc_column_inner width=&#8221;1\/12&#8243;][\/vc_column_inner][vc_column_inner width=&#8221;4\/12&#8243;][vc_single_image image=&#8221;15074&#8243; img_size=&#8221;full&#8221;][vc_column_text]<b>Dowiedz si\u0119 wi\u0119cej o r\u00f3\u017cnych destynacjach Erasmusa + w Hiszpanii: <\/b><\/p>\n<ul>\n<li><a href=\"https:\/\/espamob.com\/pl\/praktyki-zawodowe-erasmus\/branzy-spozywczej\/praktyki-erasmus-rzeznictwo\/\"><span style=\"font-weight: 400;\"><span style=\"font-weight: 400;\">Praktyka zawodowa Erasmus: <\/span><\/span>Rze\u017anictwo<\/a><\/li>\n<li><a href=\"https:\/\/espamob.com\/pl\/praktyki-zawodowe-erasmus\/branzy-spozywczej\/praktyki-erasmus-wedliniarstwo\/\"><span style=\"font-weight: 400;\">Praktyka zawodowa Erasmus: <\/span>W\u0119dliniarstwo<\/a><\/li>\n<li><a href=\"https:\/\/espamob.com\/pl\/praktyki-zawodowe-erasmus\/branzy-spozywczej\/praktyki-erasmus-sommelier\/\"><span style=\"font-weight: 400;\">Praktyka zawodowa Erasmus: <\/span>Sommelier<\/a><\/li>\n<li><a href=\"https:\/\/espamob.com\/pl\/praktyki-zawodowe-erasmus\/branzy-spozywczej\/praktyki-erasmus-rybolowstwo\/\"><span style=\"font-weight: 400;\">Praktyka zawodowa Erasmus: <\/span>Rybo\u0142\u00f3wstwo<\/a><\/li>\n<li><a href=\"https:\/\/espamob.com\/pl\/praktyki-zawodowe-erasmus\/branzy-spozywczej\/praktyki-erasmus-piekarnictwo\/\"><span style=\"font-weight: 400;\">Praktyka zawodowa Erasmus: <\/span>Piekarnictwo<\/a><\/li>\n<li><a href=\"https:\/\/espamob.com\/pl\/praktyki-zawodowe-erasmus\/branzy-spozywczej\/praktyki-erasmus-cukiernictwo\/\"><span style=\"font-weight: 400;\">Praktyka zawodowa Erasmus: <\/span>Cukiernictwo<\/a><\/li>\n<li><a href=\"https:\/\/espamob.com\/pl\/praktyki-zawodowe-erasmus\/branzy-spozywczej\/praktyki-erasmus-lodziarstwo\/\"><span style=\"font-weight: 400;\">Praktyka zawodowa Erasmus: Lodziarstwo<\/span><\/a><\/li>\n<li><a href=\"https:\/\/espamob.com\/pl\/praktyki-zawodowe-erasmus\/branzy-spozywczej\/praktyki-erasmus-gotowanie\/\"><span style=\"font-weight: 400;\">Praktyka zawodowa Erasmus: Gastronomia<\/span><\/a><\/li>\n<\/ul>\n<p>[\/vc_column_text][\/vc_column_inner][\/vc_row_inner][\/vc_column][\/vc_row]<\/p>\n<\/div>","protected":false},"excerpt":{"rendered":"<p>[vc_row css=&#8221;.vc_custom_1703413972593{margin-top: -20px !important;margin-bottom: 40px !important;background-image: url(https:\/\/espamob.com\/wp-content\/uploads\/2023\/12\/Chocolateria-Confiteria.webp?id=22139) !important;}&#8221; conditional_render=&#8221;%5B%7B%22value_role%22%3A%22administrator%22%7D%5D&#8221;][vc_column css=&#8221;.vc_custom_1687965657482{padding-top: 30px !important;}&#8221; conditional_render=&#8221;%5B%7B%22value_role%22%3A%22administrator%22%7D%5D&#8221;][vc_empty_space height=&#8221;170&#8243;][vc_custom_heading text=&#8221;Praktyki Erasmus: Wyroby czekoladowe i cukiernicze&#8221; font_container=&#8221;tag:h1|font_size:27|text_align:center|color:%23ffffff&#8221; use_theme_fonts=&#8221;yes&#8221; css=&#8221;.vc_custom_1702568297232{margin-bottom: 15px !important;background-color: rgba(136,136,136,0.29) !important;*background-color: rgb(136,136,136) !important;}&#8221; animation_type=&#8221;zoomIn&#8221;][vc_empty_space height=&#8221;40&#8243;][\/vc_column][\/vc_row][vc_row wrap_container=&#8221;yes&#8221; text_align=&#8221;justify&#8221;][vc_column text_align=&#8221;justify&#8221;][vc_column_text] Home Sektory sta\u017cowe Mobilno\u015b\u0107 w bran\u017cy spo\u017cywczej Praktyka zawodowa Erasmus: Wyroby czekoladowe i cukiernicze [\/vc_column_text][vc_custom_heading text=&#8221;Uczy\u0144 swoj\u0105 pasj\u0119 do czekolady niezapomnianym<\/p>\n","protected":false},"author":2,"featured_media":0,"parent":13104,"menu_order":0,"comment_status":"closed","ping_status":"closed","template":"","meta":{"footnotes":""},"class_list":["post-21551","page","type-page","status-publish","hentry"],"_links":{"self":[{"href":"https:\/\/espamob.com\/pl\/wp-json\/wp\/v2\/pages\/21551","targetHints":{"allow":["GET"]}}],"collection":[{"href":"https:\/\/espamob.com\/pl\/wp-json\/wp\/v2\/pages"}],"about":[{"href":"https:\/\/espamob.com\/pl\/wp-json\/wp\/v2\/types\/page"}],"author":[{"embeddable":true,"href":"https:\/\/espamob.com\/pl\/wp-json\/wp\/v2\/users\/2"}],"replies":[{"embeddable":true,"href":"https:\/\/espamob.com\/pl\/wp-json\/wp\/v2\/comments?post=21551"}],"version-history":[{"count":0,"href":"https:\/\/espamob.com\/pl\/wp-json\/wp\/v2\/pages\/21551\/revisions"}],"up":[{"embeddable":true,"href":"https:\/\/espamob.com\/pl\/wp-json\/wp\/v2\/pages\/13104"}],"wp:attachment":[{"href":"https:\/\/espamob.com\/pl\/wp-json\/wp\/v2\/media?parent=21551"}],"curies":[{"name":"wp","href":"https:\/\/api.w.org\/{rel}","templated":true}]}}