{"id":21543,"date":"2023-08-04T00:00:00","date_gmt":"2023-08-04T00:00:00","guid":{"rendered":"https:\/\/www.espamob.com\/praktyki-zawodowe-erasmus\/metiers-bouche\/stage-erasmus-boulangerie\/"},"modified":"2025-11-03T15:19:53","modified_gmt":"2025-11-03T15:19:53","slug":"praktyki-erasmus-piekarnictwo","status":"publish","type":"page","link":"https:\/\/espamob.com\/pl\/praktyki-zawodowe-erasmus\/branzy-spozywczej\/praktyki-erasmus-piekarnictwo\/","title":{"rendered":"Stage Erasmus : Boulangerie"},"content":{"rendered":"<div class=\"wpb-content-wrapper\"><p>[vc_row css=&#8221;.vc_custom_1703413721459{margin-top: -20px !important;margin-bottom: 40px !important;background-image: url(https:\/\/espamob.com\/wp-content\/uploads\/2023\/12\/Panaderia.webp?id=22116) !important;}&#8221; conditional_render=&#8221;%5B%7B%22value_role%22%3A%22administrator%22%7D%5D&#8221;][vc_column css=&#8221;.vc_custom_1687965657482{padding-top: 30px !important;}&#8221; conditional_render=&#8221;%5B%7B%22value_role%22%3A%22administrator%22%7D%5D&#8221;][vc_empty_space height=&#8221;170&#8243;][vc_custom_heading text=&#8221;Praktyka zawodowa Erasmus : Piekarnictwo&#8221; font_container=&#8221;tag:h1|font_size:27|text_align:center|color:%23ffffff&#8221; use_theme_fonts=&#8221;yes&#8221; css=&#8221;.vc_custom_1702567742343{margin-bottom: 15px !important;background-color: rgba(136,136,136,0.29) !important;*background-color: rgb(136,136,136) !important;}&#8221; animation_type=&#8221;zoomIn&#8221;][vc_empty_space height=&#8221;40&#8243;][\/vc_column][\/vc_row][vc_row wrap_container=&#8221;yes&#8221; text_align=&#8221;justify&#8221;][vc_column text_align=&#8221;justify&#8221;][vc_column_text]<\/p>\n<nav aria-label=\"breadcrumb\">\n<ol class=\"breadcrumb\">\n<li class=\"breadcrumb-item\"><a href=\"https:\/\/espamob.com\/pl\">Home<\/a><\/li>\n<li class=\"breadcrumb-item\"><a href=\"https:\/\/espamob.com\/pl\/praktyki-zawodowe-erasmus\">Sektory sta\u017cowe<\/a><\/li>\n<li class=\"breadcrumb-item active\" aria-current=\"page\"><a href=\"https:\/\/espamob.com\/pl\/praktyki-zawodowe-erasmus\/branzy-spozywczej\">Mobilno\u015b\u0107 w bran\u017cy spo\u017cywczej<\/a><\/li>\n<li class=\"breadcrumb-item active\" aria-current=\"page\">Praktyka zawodowa Erasmus: Piekarnictwo<\/li>\n<\/ol>\n<\/nav>\n<p>[\/vc_column_text][vc_custom_heading text=&#8221;Odkryj mo\u017cliwo\u015bci oferowane przez program Erasmus w zakresie piekarnictwa&#8221; use_theme_fonts=&#8221;yes&#8221; css=&#8221;.vc_custom_1702567806494{margin-top: 20px !important;}&#8221;][vc_separator][vc_row_inner][vc_column_inner width=&#8221;7\/12&#8243;][vc_column_text]<\/p>\n<h3>Kroki do udzia\u0142u w programie Erasmus w zakresie piekarnictwa<\/h3>\n<p><span style=\"font-weight: 400;\">Aby skorzysta\u0107 z programu Erasmus w zakresie piekarnictwa, nale\u017cy przej\u015b\u0107 przez kilka krok\u00f3w:<\/span><\/p>\n<ol>\n<li style=\"font-weight: 400;\" aria-level=\"1\"><span style=\"font-weight: 400;\">By\u0107 zarejestrowanym jako praktykant w plac\u00f3wce kszta\u0142cenia zawodowego.<\/span><\/li>\n<li style=\"font-weight: 400;\" aria-level=\"1\"><span style=\"font-weight: 400;\">Wybra\u0107 kraj i firm\u0119, w kt\u00f3rej chcesz odby\u0107 praktyki. Nie wahaj si\u0119 zasi\u0119gn\u0105\u0107 porady w swoim o\u015brodku szkoleniowym, aby znale\u017a\u0107 firm\u0119 najlepiej odpowiadaj\u0105c\u0105 Twoim oczekiwaniom.<\/span><\/li>\n<li style=\"font-weight: 400;\" aria-level=\"1\"><span style=\"font-weight: 400;\">Przygotowa\u0107 aplikacj\u0119, zawieraj\u0105c\u0105 niezb\u0119dne dokumenty, takie jak CV, list motywacyjny i dane kontaktowe firmy, w kt\u00f3rej chcesz odby\u0107 praktyki.<\/span><\/li>\n<li style=\"font-weight: 400;\" aria-level=\"1\"><span style=\"font-weight: 400;\">Przes\u0142a\u0107 aplikacj\u0119 do swojego o\u015brodka szkoleniowego, kt\u00f3ry przeka\u017ce Twoje zg\u0142oszenie do Agencji Erasmus+.<\/span><\/li>\n<li style=\"font-weight: 400;\" aria-level=\"1\"><span style=\"font-weight: 400;\">Je\u015bli Twoja aplikacja zostanie zaakceptowana, otrzymasz umow\u0119 o praktyki oraz praktyczne informacje dotycz\u0105ce pobytu (zakwaterowanie, transport, itp.).<\/span><\/li>\n<\/ol>\n<h3>Finansowanie praktyk Erasmus w zakresie piekarnictwa<\/h3>\n<p><span style=\"font-weight: 400;\">Wa\u017cne jest, aby zauwa\u017cy\u0107, \u017ce program Erasmus w zakresie piekarnictwa jest finansowany w wysoko\u015bci 70% przez Uni\u0119 Europejsk\u0105. Pozosta\u0142e koszty mog\u0105 by\u0107 pokryte przez samego praktykanta lub przez jego o\u015brodek szkoleniowy, zgodnie z warunkami ustalonymi podczas podpisywania umowy o praktykach.<\/span><\/p>\n<h4>Wydatki pokrywane przez UE<\/h4>\n<p><span style=\"font-weight: 400;\">Unia Europejska finansuje cz\u0119\u015b\u0107 programu Erasmus w zakresie piekarnictwa, w szczeg\u00f3lno\u015bci:\u00a0<\/span><\/p>\n<ul>\n<li><span style=\"font-weight: 400;\"> Koszty transportu (tam i z powrotem) mi\u0119dzy Twoim krajem a krajem przyjmuj\u0105cym.\u00a0<\/span><\/li>\n<li><span style=\"font-weight: 400;\"> Miesi\u0119czn\u0105 dotacj\u0119 na pokrycie koszt\u00f3w zakwaterowania, wy\u017cywienia i transportu na miejscu.\u00a0<\/span><\/li>\n<li><span style=\"font-weight: 400;\"> Ubezpieczenie zdrowotne, od wypadk\u00f3w przy pracy i odpowiedzialno\u015bci cywilnej na czas trwania praktyk.<\/span><\/li>\n<\/ul>\n<h4>Wydatki do pokrycia przez praktykanta<\/h4>\n<p><span style=\"font-weight: 400;\">Wa\u017cne jest, aby dok\u0142adnie dowiedzie\u0107 si\u0119 o kosztach, jakie b\u0119dziesz musia\u0142 ponie\u015b\u0107 jako praktykant, takie jak:\u00a0<\/span><\/p>\n<ul>\n<li><span style=\"font-weight: 400;\"> Koszty zwi\u0105zane z wiz\u0105 i ewentualnymi szczepieniami (je\u015bli konieczne).\u00a0<\/span><\/li>\n<li><span style=\"font-weight: 400;\"> Koszty zakwaterowania i wy\u017cywienia nieobj\u0119te miesi\u0119czn\u0105 dotacj\u0105 od UE.\u00a0<\/span><\/li>\n<li><span style=\"font-weight: 400;\"> Wydatki osobiste i rozrywka na miejscu.\u00a0<\/span><\/li>\n<\/ul>\n<p><span style=\"font-weight: 400;\">W skr\u00f3cie, praktyki Erasmus w zakresie piekarnictwa stanowi\u0105 wyj\u0105tkow\u0105 okazj\u0119 dla praktykant\u00f3w do rozwijania swoich umiej\u0119tno\u015bci w mi\u0119dzynarodowym \u015brodowisku, jednocze\u015bnie poznaj\u0105c nowe kultury. Warto wi\u0119c skonsultowa\u0107 si\u0119 z o\u015brodkiem szkoleniowym i odpowiednio si\u0119 przygotowa\u0107, aby w pe\u0142ni cieszy\u0107 si\u0119 tym wzbogacaj\u0105cym do\u015bwiadczeniem.<\/span>[\/vc_column_text][\/vc_column_inner][vc_column_inner width=&#8221;1\/12&#8243;][\/vc_column_inner][vc_column_inner width=&#8221;4\/12&#8243;][vc_single_image image=&#8221;18151&#8243; img_size=&#8221;400*400&#8243; alignment=&#8221;right&#8221; style=&#8221;vc_box_rounded&#8221;][vc_btn title=&#8221;Zobacz wi\u0119cej&#8221; style=&#8221;custom&#8221; custom_background=&#8221;#e20000&#8243; custom_text=&#8221;#ffffff&#8221; align=&#8221;center&#8221; link=&#8221;url:https%3A%2F%2Fespamob.com%2Fpl%2Fkontakt-z-polskim-konsultantem|title:Kontakt|target:_blank&#8221;][vc_video link=&#8221;https:\/\/youtube.com\/shorts\/haHTTsMfR7g?si=lB38WvKUZTF0ZyOx&#8221; el_aspect=&#8221;916&#8243; align=&#8221;center&#8221;][\/vc_column_inner][\/vc_row_inner][vc_custom_heading text=&#8221;Przyk\u0142ad sta\u017cu w piekarni w ramach programu Erasmus&#8221; font_container=&#8221;tag:h3|text_align:left&#8221; use_theme_fonts=&#8221;yes&#8221; css=&#8221;.vc_custom_1709025507425{margin-top: 20px !important;}&#8221;][vc_separator][vc_row_inner][vc_column_inner width=&#8221;7\/12&#8243;][vc_column_text]<\/p>\n<p style=\"font-weight: 400;\">Sta\u017c Erasmus w piekarni oferuje kilka korzy\u015bci dla praktykant\u00f3w:<\/p>\n<ul>\n<li><strong>Nabycie nowych umiej\u0119tno\u015bci:<\/strong>pracuj\u0105c z uznanymi profesjonalistami w swoim kraju, praktykuj\u0105cy mog\u0105 nauczy\u0107 si\u0119 nowych technik i metod charakterystycznych dla ka\u017cdego kraju.<\/li>\n<li><strong>Promowanie zatrudnienia<\/strong>: wykonuj\u0105c ten sta\u017c, praktykuj\u0105cy wzbogacaj\u0105 swoje CV i zwi\u0119kszaj\u0105 szanse na znalezienie pracy w bran\u017cy piekarniczej, zar\u00f3wno w swoim kraju jak i za granic\u0105.<\/li>\n<li><strong>Odkrycie nowej kultury:<\/strong>wyjazd na sta\u017c za granic\u0119 daje mo\u017cliwo\u015b\u0107 nauki nowego j\u0119zyka i zanurzenia si\u0119 w innej kulturze. Sprzyja to nie tylko rozwojowi umiej\u0119tno\u015bci osobistych i spo\u0142ecznych, ale r\u00f3wnie\u017c bardziej og\u00f3lnemu zrozumieniu \u015bwiata.<\/li>\n<\/ul>\n<p>Oto konkretny przyk\u0142ad uczni\u00f3w ilustruj\u0105cy\u00a0mo\u017cliwo\u015bci oferowane przez sta\u017c Erasmus Plus w hiszpa\u0144skiej piekarni:<\/p>\n<h3>Profil studenta:<\/h3>\n<p>Camille i Yohan, dw\u00f3ch m\u0142odych praktykant\u00f3w pierwszego roku Brevet Professionnel (BP) w piekarni, pracuje w tej bran\u017cy r\u00f3wnolegle ze swoimi studiami od pi\u0119ciu lat we Francji.<\/p>\n<p>Zaznajomieni z francusk\u0105 metod\u0105, ich pobyt w Hiszpanii ma na celu odkrycie umiej\u0119tno\u015bci kultury innej ni\u017c ich w\u0142asna.<\/p>\n<h3>Cel praktyk:<\/h3>\n<p>Udaj\u0105c si\u0119 do Barcelony, aby wzi\u0105\u0107 udzia\u0142 w tym do\u015bwiadczeniu, zgodnie z pro\u015bb\u0105 swojej szko\u0142y, Espamob zrobi\u0142 wszystko, co w jego mocy, aby znale\u017a\u0107 piekarni\u0119, kt\u00f3ra by\u0142aby gotowa go\u015bci\u0107 tych m\u0142odych ludzi przez dwa tygodnie. Cele? Dostosowa\u0107 si\u0119 do nowego \u015brodowiska pracy, komunikowa\u0107 si\u0119 w j\u0119zyku hiszpa\u0144skim i szkoli\u0107 si\u0119.<\/p>\n<h3>Zadania podczas praktyk:<\/h3>\n<ul>\n<li>Wykonanie ciasta do chleba<\/li>\n<li>Wyrabianie, formowanie, piecz\u0119towanie<\/li>\n<li>Przygotowanie r\u00f3\u017cnych ciast: cha\u0142ka dro\u017cd\u017cowa, focaccia, tradycyjna&#8230;<\/li>\n<li>U\u017cycie narz\u0119dzi i maszyn piekarniczych: piec, maszyna do wyrabiania ciasta&#8230;<\/li>\n<li>Przygotowanie i \u015bledzenie przepis\u00f3w<\/li>\n<\/ul>\n<h3>Wyniki praktyki:<\/h3>\n<p>Ten zagraniczny sta\u017c umo\u017cliwi\u0142 Camille i Yohanowi ca\u0142kowite zanurzenie si\u0119 w kraju i kulturze hiszpa\u0144skiej, katalo\u0144skiej. Nauczyli si\u0119 tam nowych technik, odkryli styl \u017cycia, kt\u00f3ry bardzo im si\u0119 spodoba\u0142, na tyle, \u017ce zacz\u0119li rozwa\u017ca\u0107 pozostanie tam na sta\u0142e. Dla tych dw\u00f3ch praktykant\u00f3w by\u0142o to wyj\u0105tkowe do\u015bwiadczenie, zar\u00f3wno osobiste, jak i zawodowe, kt\u00f3rego na pewno\u00a0szybko\u00a0nie zapomn\u0105.[\/vc_column_text][\/vc_column_inner][vc_column_inner width=&#8221;1\/12&#8243;][\/vc_column_inner][vc_column_inner width=&#8221;4\/12&#8243;][vc_raw_html]JTNDZGl2JTIwc3R5bGUlM0QlMjJwYWRkaW5nJTNBJTIwMzBweCUzQmJhY2tncm91bmQtY29sb3IlM0ElMjAlMjNGNEY0RjQlM0IlMjIlM0UlMEElMjAlMjAlMjAlMjAlM0NoNCUzRU9ka3J5aiUyMHdzenlzdGtpZSUyMHNla3RvcnklMjBwcmFrdHlrJTNDJTJGaDQlM0UlMEElMjAlMjAlMjAlMjAlM0NwJTNFRXNwYW1vYiUyMHNwZWNqYWxpenVqZSUyMHNpJUM0JTk5JTIwdyUyMHBvbWFnYW5pdSUyMGdydXBvbSUyMHclMjBtb2JpbG5vJUM1JTlCY2klMjB3JTIwcmFtYWNoJTIwcHJvZ3JhbXUlMjBFcmFzbXVzJTIwJTJCLiUyMERvd2llZHolMjBzaSVDNCU5OSUyMG8lMjB3c3p5c3RraWNoJTIwc2VrdG9yYWNoJTIwcHJha3R5ayUyMEVyYXNtdXMlMjB3JTIwSGlzenBhbmlpJTIwemElMjBwb21vYyVDNCU4NSUyMGtpbGt1JTIwa2xpa25pJUM0JTk5JUM0JTg3LiUzQyUyRnAlM0UlMEElMjAlMjAlMjAlMjAlM0NhJTIwY2xhc3MlM0QlMjJ2Y19nZW5lcmFsJTIwdmNfYnRuMyUyMHZjX2J0bjMtc2l6ZS1tZCUyMHZjX2J0bjMtc2hhcGUtZGVmYXVsdCUyMHZjX2J0bjMtc3R5bGUtY3VzdG9tJTIwd3BiX2N1c3RvbV82Njg3YjI2ZjM5NDg4ZGRiYjg1ZGRiM2MxY2U4ZTExMSUyMGJ0biUyMiUyMHN0eWxlJTNEJTIyYmFja2dyb3VuZC1jb2xvciUzQSUyM2UyMDAwMCUzQiUyMGNvbG9yJTNBJTIzZmZmZmZmJTNCJTIwYmFja2dyb3VuZC1jb2xvciUzQSUyM2UyMDAwMCUzQiUyMGNvbG9yJTNBJTIzZmZmZmZmJTNCJTIyJTIwaHJlZiUzRCUyMmh0dHBzJTNBJTJGJTJGd3d3LmVzcGFtb2IuY29tJTJGcGwlMkZwcmFrdHlraS16YXdvZG93ZS1lcmFzbXVzJTJGJTIyJTIwdGl0bGUlM0QlMjJTZWt0b3J5JTIwc3RhJUM1JUJDb3dlJTIyJTIwdGFyZ2V0JTNEJTIyX2JsYW5rJTIyJTNFT2RrcnlqJTIwc2VrdG9yeSUzQyUyRmElM0UlMEElM0MlMkZkaXYlM0U=[\/vc_raw_html][vc_custom_heading text=&#8221;Odkryj opinie uczestnik\u00f3w programu Erasmus +:&#8221; font_container=&#8221;tag:h3|text_align:left&#8221; use_theme_fonts=&#8221;yes&#8221; css=&#8221;.vc_custom_1702568062351{margin-top: 20px !important;}&#8221;][vc_separator][vc_column_text]<\/p>\n<blockquote class=\"instagram-media\" style=\"background: #FFF; border: 0; border-radius: 3px; box-shadow: 0 0 1px 0 rgba(0,0,0,0.5),0 1px 10px 0 rgba(0,0,0,0.15); margin: 1px; max-width: 540px; min-width: 326px; padding: 0; width: calc(100% - 2px);\" data-instgrm-permalink=\"https:\/\/www.instagram.com\/reel\/C3no82vsS2Q\/?utm_source=ig_embed&amp;utm_campaign=loading\" data-instgrm-version=\"14\">\n<div style=\"padding: 16px;\">\n<p>&nbsp;<\/p>\n<div style=\"display: flex; flex-direction: row; align-items: center;\">\n<div style=\"background-color: #f4f4f4; border-radius: 50%; flex-grow: 0; height: 40px; margin-right: 14px; width: 40px;\"><\/div>\n<div style=\"display: flex; flex-direction: column; flex-grow: 1; justify-content: center;\">\n<div style=\"background-color: #f4f4f4; border-radius: 4px; flex-grow: 0; height: 14px; margin-bottom: 6px; width: 100px;\"><\/div>\n<div style=\"background-color: #f4f4f4; border-radius: 4px; flex-grow: 0; height: 14px; width: 60px;\"><\/div>\n<\/div>\n<\/div>\n<div style=\"padding: 19% 0;\"><\/div>\n<div style=\"display: block; height: 50px; margin: 0 auto 12px; width: 50px;\"><\/div>\n<div style=\"padding-top: 8px;\">\n<div style=\"color: #3897f0; font-family: Arial,sans-serif; font-size: 14px; font-style: normal; font-weight: 550; line-height: 18px;\">Ver esta publicaci\u00f3n en Instagram<\/div>\n<\/div>\n<div style=\"padding: 12.5% 0;\"><\/div>\n<div style=\"display: flex; flex-direction: row; margin-bottom: 14px; align-items: center;\">\n<div>\n<div style=\"background-color: #f4f4f4; border-radius: 50%; height: 12.5px; width: 12.5px; transform: translateX(0px) translateY(7px);\"><\/div>\n<div style=\"background-color: #f4f4f4; height: 12.5px; transform: rotate(-45deg) translateX(3px) translateY(1px); width: 12.5px; flex-grow: 0; margin-right: 14px; margin-left: 2px;\"><\/div>\n<div style=\"background-color: #f4f4f4; border-radius: 50%; height: 12.5px; width: 12.5px; transform: translateX(9px) translateY(-18px);\"><\/div>\n<\/div>\n<div style=\"margin-left: 8px;\">\n<div style=\"background-color: #f4f4f4; border-radius: 50%; flex-grow: 0; height: 20px; width: 20px;\"><\/div>\n<div style=\"width: 0; height: 0; border-top: 2px solid transparent; border-left: 6px solid #f4f4f4; border-bottom: 2px solid transparent; transform: translateX(16px) translateY(-4px) rotate(30deg);\"><\/div>\n<\/div>\n<div style=\"margin-left: auto;\">\n<div style=\"width: 0px; border-top: 8px solid #F4F4F4; border-right: 8px solid transparent; transform: translateY(16px);\"><\/div>\n<div style=\"background-color: #f4f4f4; flex-grow: 0; height: 12px; width: 16px; transform: translateY(-4px);\"><\/div>\n<div style=\"width: 0; height: 0; border-top: 8px solid #F4F4F4; border-left: 8px solid transparent; transform: translateY(-4px) translateX(8px);\"><\/div>\n<\/div>\n<\/div>\n<div style=\"display: flex; flex-direction: column; flex-grow: 1; justify-content: center; margin-bottom: 24px;\">\n<div style=\"background-color: #f4f4f4; border-radius: 4px; flex-grow: 0; height: 14px; margin-bottom: 6px; width: 224px;\"><\/div>\n<div style=\"background-color: #f4f4f4; border-radius: 4px; flex-grow: 0; height: 14px; width: 144px;\"><\/div>\n<\/div>\n<p>&nbsp;<\/p>\n<p style=\"color: #c9c8cd; font-family: Arial,sans-serif; font-size: 14px; line-height: 17px; margin-bottom: 0; margin-top: 8px; overflow: hidden; padding: 8px 0 7px; text-align: center; text-overflow: ellipsis; white-space: nowrap;\"><a style=\"color: #c9c8cd; font-family: Arial,sans-serif; font-size: 14px; font-style: normal; font-weight: normal; line-height: 17px; text-decoration: none;\" href=\"https:\/\/www.instagram.com\/reel\/C3no82vsS2Q\/?utm_source=ig_embed&amp;utm_campaign=loading\" target=\"_blank\" rel=\"noopener\">Una publicaci\u00f3n compartida de ESPAMOB&#8217; &#8211; ERASMUS+ (@espamobspain)<\/a><\/p>\n<\/div>\n<\/blockquote>\n<p><script async src=\"\/\/www.instagram.com\/embed.js\"><\/script>[\/vc_column_text][\/vc_column_inner][\/vc_row_inner][\/vc_column][\/vc_row][vc_row][vc_column][vc_column_text]<\/p>\n<p>[\/vc_column_text][\/vc_column][\/vc_row][vc_row full_width=&#8221;stretch_row&#8221; wrap_container=&#8221;yes&#8221; is_section=&#8221;yes&#8221; css=&#8221;.vc_custom_1688548809334{margin-top: 20px !important;border-top-width: 0px !important;background-color: #f8f392 !important;}&#8221; conditional_render=&#8221;%5B%7B%22value_role%22%3A%22administrator%22%7D%5D&#8221;][vc_column][vc_row_inner css=&#8221;.vc_custom_1688548648248{background-color: #f8f392 !important;}&#8221;][vc_column_inner][vc_custom_heading text=&#8221;Popro\u015b o bezp\u0142atn\u0105 wycen\u0119&#8221; font_container=&#8221;tag:h2|text_align:center&#8221; use_theme_fonts=&#8221;yes&#8221;][vc_column_text]<\/p>\n<p style=\"text-align: justify;\">Masz pomys\u0142 na projekt Erasmus+ w Hiszpanii i szukasz zaufanej agencji, kt\u00f3ra Ci\u0119 wesprze?\u00a0<strong>Espamob<\/strong>\u2019 jest tutaj, aby Ci pom\u00f3c! Oferujemy bezp\u0142atn\u0105 i niezobowi\u0105zuj\u0105c\u0105 wycen\u0119, kt\u00f3ra pomo\u017ce Ci zarz\u0105dza\u0107 projektem mobilno\u015bci. Dzi\u0119ki naszemu do\u015bwiadczeniu i sieci firm partnerskich mo\u017cemy zaoferowa\u0107 spersonalizowane wsparcie, aby spe\u0142ni\u0107 Twoje specyficzne potrzeby. Skontaktuj si\u0119 z nami ju\u017c teraz, aby om\u00f3wi\u0107 sw\u00f3j projekt i otrzyma\u0107 bezp\u0142atn\u0105 wycen\u0119.<\/p>\n<p>[\/vc_column_text]<div id=\"modal-trg-txt-wrap-7622\" class=\"ult-modal-input-wrapper ult-adjust-bottom-margin    \" data-keypress-control=\"keypress-control-enable\" data-overlay-control=\"overlay-control-enable\"><style>\n\t\t\t\t\t.btn-modal.btn-id-69e784bf1af0e1-65974580:hover {\n\t\t\t\t\t\tbackground-color: #e20000 !important;\n\t\t\t\t\t}\n\t\t\t\t\t<\/style><button  data-ultimate-target='#modal-trg-txt-wrap-7622 .btn-modal'  data-responsive-json-new='{\"font-size\":\"\",\"line-height\":\"\"}'  style=\"background:#888888;border-color:#888888;color:#ffffff; \" data-class-id=\"content-69e784bf1af0e1-65974580\" class=\"btn-modal ult-responsive btn-primary btn-modal-md overlay-show ult-align-center btn-id-69e784bf1af0e1-65974580\" data-overlay-class=\"overlay-cornerbottomleft\">ZAM\u00d3W BEZP\u0141ATN\u0104 WYCEN\u0118<\/button><\/div>\n<div class=\"ult-overlay content-69e784bf1af0e1-65974580 \" data-class=\"content-69e784bf1af0e1-65974580\" id=\"button-click-overlay\" style=\"background:rgba(51,51,51,0.8); display:none;\">\n\t<div class=\"ult_modal ult-fade ult-medium\">\n\t\t<div id=\"ult-modal-wrap-3054\" class=\"ult_modal-content ult-hide\" style=\"border-style:solid;border-width:2px;border-radius:0px;border-color:#333333;\">\n\t\t\t<div class=\"ult_modal-header\" style=\"color:#333333;border-color:#333333;\">\n\t\t\t\t<h3  data-ultimate-target='#ult-modal-wrap-3054 .ult_modal-title'  data-responsive-json-new='{\"font-size\":\"\",\"line-height\":\"\"}'  class=\"ult_modal-title ult-responsive\">ZAM\u00d3W BEZP\u0141ATN\u0104 WYCEN\u0118<\/h3>\n\t\t\t<\/div>\n\t\t\t<div  data-ultimate-target='#ult-modal-wrap-3054 .ult_modal-body'  data-responsive-json-new='{\"font-size\":\"\",\"line-height\":\"\"}'  class=\"ult_modal-body ult-responsive ult-html\" style=\"\">\n\t\t\t<\/p>\n<p>[caldera_form id=&#8221;CF6149e02688efa&#8221;]<\/p>\n<p>\n\t\t\t<\/div>\n\t<\/div>\n\t<\/div>\n\t<div class=\"ult-overlay-close top-right\" style=\"width:80px;height:80px; \"><div class=\"ult-overlay-close-inside\">Close<\/div><\/div>\n<\/div>[\/vc_column_inner][\/vc_row_inner][\/vc_column][\/vc_row][vc_row wrap_container=&#8221;yes&#8221; css=&#8221;.vc_custom_1689256499740{margin-top: 15px !important;}&#8221; conditional_render=&#8221;%5B%7B%22value_role%22%3A%22administrator%22%7D%5D&#8221;][vc_column][vc_custom_heading text=&#8221;Pytania cz\u0119sto zadawane&#8221; font_container=&#8221;tag:h2|text_align:center|color:%23000000&#8243; use_theme_fonts=&#8221;yes&#8221;][vc_separator][vc_row_inner][vc_column_inner width=&#8221;7\/12&#8243;][vc_column_text]<\/p>\n<h3>Jakie s\u0105 korzy\u015bci z wyboru Espamob do realizacji sta\u017cu Erasmus w piekarnictwo w Hiszpanii?<span style=\"font-weight: 400;\">\u00a0<\/span><\/h3>\n<p><span style=\"font-weight: 400;\">Wybieraj\u0105c Espamob na swoje Erasmusowe praktyki w piekarnictwie w Hiszpanii, korzystasz z ekspertyzy naszej agencji w prowadzeniu grup w tej konkretnej dziedzinie. Posiadamy silne partnerstwa ze szko\u0142ami i firmami specjalizuj\u0105cymi si\u0119 w piekarnictwie w Hiszpanii, co gwarantuje ci wzbogacaj\u0105c\u0105 i profesjonaln\u0105 praktyk\u0119. Ponadto zajmujemy si\u0119 wszystkimi aspektami logistycznymi, takimi jak pozyskiwanie finansowania, przyj\u0119cie na miejscu oraz wyszukiwanie zakwaterowania dostosowanego do twoich potrzeb.\u00a0<\/span><\/p>\n<h3>Jak Espamob mo\u017ce mi pom\u00f3c w znalezieniu finansowania na m\u00f3j sta\u017c Erasmus w piekarnictwo w Hiszpanii?<span style=\"font-weight: 400;\">\u00a0<\/span><\/h3>\n<p><span style=\"font-weight: 400;\">Espamob posiada zesp\u00f3\u0142 dedykowany do poszukiwania finansowania dla projekt\u00f3w mobilno\u015bci Erasmusa. Pomagamy w przygotowaniu wniosku o finansowanie i udzielamy wsparcia w r\u00f3\u017cnych sprawach administracyjnych do za\u0142atwienia. Ponadto wsp\u00f3\u0142pracujemy z organizacjami i firmami, kt\u00f3re mog\u0105 wesprze\u0107 finansowo tw\u00f3j projekt. Naszym celem jest pomoc w uzyskaniu niezb\u0119dnych \u015brodk\u00f3w na realizacj\u0119 twojego sta\u017cu Erasmus w piekarnictwie w Hiszpanii.\u00a0<\/span><\/p>\n<h3>Jak Espamob zapewnia przyj\u0119cie grup w piekarnictwo podczas sta\u017cu Erasmus w Hiszpanii?<span style=\"font-weight: 400;\">\u00a0<\/span><\/h3>\n<p><span style=\"font-weight: 400;\">Espamob zajmuje si\u0119 wszystkimi aspektami logistycznymi twojego sta\u017cu Erasmus w Hiszpanii, w tym przyj\u0119ciem na miejscu. \u015acis\u0142a wsp\u00f3\u0142praca z naszymi partnerami uniwersyteckimi i zawodowymi gwarantuje Ci ciep\u0142e przyj\u0119cie dostosowane do twoich potrzeb. Organizujemy r\u00f3wnie\u017c transport z lotniska do miejsca sta\u017cu i zapewniamy, \u017ce dysponujesz komfortowym i dobrze po\u0142o\u017conym zakwaterowaniem. Naszym celem jest umo\u017cliwienie Ci skupienia si\u0119 na swoim do\u015bwiadczeniu zawodowym oraz poczucie wsparcia i profesjonalnego nadzoru przez ca\u0142y okres pobytu w Hiszpanii.<\/span>[\/vc_column_text][\/vc_column_inner][vc_column_inner width=&#8221;1\/12&#8243;][\/vc_column_inner][vc_column_inner width=&#8221;4\/12&#8243;][vc_single_image image=&#8221;15077&#8243; img_size=&#8221;full&#8221;][vc_column_text]<b>Dowiedz si\u0119 wi\u0119cej o r\u00f3\u017cnych destynacjach Erasmus + w Hiszpanii: <\/b><\/p>\n<ul>\n<li><a href=\"https:\/\/espamob.com\/pl\/praktyki-zawodowe-erasmus\/branzy-spozywczej\/praktyki-erasmus-rzeznictwo\"><span style=\"font-weight: 400;\"><span style=\"font-weight: 400;\">Praktyka zawodowa Erasmus: <\/span><\/span>Rze\u017anictwo<\/a><\/li>\n<li><a href=\"https:\/\/espamob.com\/pl\/praktyki-zawodowe-erasmus\/branzy-spozywczej\/praktyki-erasmus-wedliniarstwo\"><span style=\"font-weight: 400;\">Praktyka zawodowa Erasmus: <\/span>W\u0119dliniarstwo<\/a><\/li>\n<li><a href=\"https:\/\/espamob.com\/pl\/praktyki-zawodowe-erasmus\/branzy-spozywczej\/praktyki-erasmus-sommelier\"><span style=\"font-weight: 400;\">Praktyka zawodowa Erasmus: <\/span>Sommelier<\/a><\/li>\n<li><a href=\"https:\/\/espamob.com\/pl\/praktyki-zawodowe-erasmus\/branzy-spozywczej\/praktyki-erasmus-rybolowstwo\"><span style=\"font-weight: 400;\">Praktyka zawodowa Erasmus: <\/span>Rybo\u0142\u00f3wstwo<\/a><\/li>\n<li><a href=\"https:\/\/espamob.com\/pl\/praktyki-zawodowe-erasmus\/branzy-spozywczej\/praktyki-erasmus-cukiernictwo\"><span style=\"font-weight: 400;\">Praktyka zawodowa Erasmus: Cukiernictwo<\/span><\/a><\/li>\n<li><a href=\"https:\/\/espamob.com\/pl\/praktyki-zawodowe-erasmus\/branzy-spozywczej\/praktyki-erasmus-czekoladowe\"><span style=\"font-weight: 400;\">Praktyka zawodowa Erasmus: Wyroby czekoladowe i cukiernicze<\/span><\/a><\/li>\n<li><a href=\"https:\/\/espamob.com\/pl\/praktyki-zawodowe-erasmus\/branzy-spozywczej\/praktyki-erasmus-lodziarstwo\"><span style=\"font-weight: 400;\">Praktyka zawodowa Erasmus: Lodziarstwo<\/span><\/a><\/li>\n<li><a href=\"https:\/\/espamob.com\/pl\/praktyki-zawodowe-erasmus\/branzy-spozywczej\/praktyki-erasmus-gotowanie\"><span style=\"font-weight: 400;\">Praktyka zawodowa Erasmus: Gastronomia<\/span><\/a><\/li>\n<\/ul>\n<p>[\/vc_column_text][\/vc_column_inner][\/vc_row_inner][\/vc_column][\/vc_row]<\/p>\n<\/div>","protected":false},"excerpt":{"rendered":"<p>[vc_row css=&#8221;.vc_custom_1703413721459{margin-top: -20px !important;margin-bottom: 40px !important;background-image: url(https:\/\/espamob.com\/wp-content\/uploads\/2023\/12\/Panaderia.webp?id=22116) !important;}&#8221; conditional_render=&#8221;%5B%7B%22value_role%22%3A%22administrator%22%7D%5D&#8221;][vc_column css=&#8221;.vc_custom_1687965657482{padding-top: 30px !important;}&#8221; conditional_render=&#8221;%5B%7B%22value_role%22%3A%22administrator%22%7D%5D&#8221;][vc_empty_space height=&#8221;170&#8243;][vc_custom_heading text=&#8221;Praktyka zawodowa Erasmus : Piekarnictwo&#8221; font_container=&#8221;tag:h1|font_size:27|text_align:center|color:%23ffffff&#8221; use_theme_fonts=&#8221;yes&#8221; css=&#8221;.vc_custom_1702567742343{margin-bottom: 15px !important;background-color: rgba(136,136,136,0.29) !important;*background-color: rgb(136,136,136) !important;}&#8221; animation_type=&#8221;zoomIn&#8221;][vc_empty_space height=&#8221;40&#8243;][\/vc_column][\/vc_row][vc_row wrap_container=&#8221;yes&#8221; text_align=&#8221;justify&#8221;][vc_column text_align=&#8221;justify&#8221;][vc_column_text] Home Sektory sta\u017cowe Mobilno\u015b\u0107 w bran\u017cy spo\u017cywczej Praktyka zawodowa Erasmus: Piekarnictwo [\/vc_column_text][vc_custom_heading text=&#8221;Odkryj mo\u017cliwo\u015bci oferowane przez program Erasmus w zakresie piekarnictwa&#8221; use_theme_fonts=&#8221;yes&#8221;<\/p>\n","protected":false},"author":2,"featured_media":0,"parent":13104,"menu_order":0,"comment_status":"closed","ping_status":"closed","template":"","meta":{"footnotes":""},"class_list":["post-21543","page","type-page","status-publish","hentry"],"_links":{"self":[{"href":"https:\/\/espamob.com\/pl\/wp-json\/wp\/v2\/pages\/21543","targetHints":{"allow":["GET"]}}],"collection":[{"href":"https:\/\/espamob.com\/pl\/wp-json\/wp\/v2\/pages"}],"about":[{"href":"https:\/\/espamob.com\/pl\/wp-json\/wp\/v2\/types\/page"}],"author":[{"embeddable":true,"href":"https:\/\/espamob.com\/pl\/wp-json\/wp\/v2\/users\/2"}],"replies":[{"embeddable":true,"href":"https:\/\/espamob.com\/pl\/wp-json\/wp\/v2\/comments?post=21543"}],"version-history":[{"count":0,"href":"https:\/\/espamob.com\/pl\/wp-json\/wp\/v2\/pages\/21543\/revisions"}],"up":[{"embeddable":true,"href":"https:\/\/espamob.com\/pl\/wp-json\/wp\/v2\/pages\/13104"}],"wp:attachment":[{"href":"https:\/\/espamob.com\/pl\/wp-json\/wp\/v2\/media?parent=21543"}],"curies":[{"name":"wp","href":"https:\/\/api.w.org\/{rel}","templated":true}]}}