{"id":21539,"date":"2023-07-13T14:41:12","date_gmt":"2023-07-13T14:41:12","guid":{"rendered":"https:\/\/www.espamob.com\/praktyki-zawodowe-erasmus\/metiers-bouche\/stage-erasmus-poissonnerie\/"},"modified":"2023-12-24T10:26:39","modified_gmt":"2023-12-24T10:26:39","slug":"praktyki-erasmus-rybolowstwo","status":"publish","type":"page","link":"https:\/\/espamob.com\/pl\/praktyki-zawodowe-erasmus\/branzy-spozywczej\/praktyki-erasmus-rybolowstwo\/","title":{"rendered":"Stage Erasmus &#8211; Poissonnerie"},"content":{"rendered":"<div class=\"wpb-content-wrapper\"><p>[vc_row css=&#8221;.vc_custom_1703413587595{margin-top: -20px !important;margin-bottom: 40px !important;background-image: url(https:\/\/espamob.com\/wp-content\/uploads\/2023\/12\/Pescaderia.webp?id=22103) !important;}&#8221; conditional_render=&#8221;%5B%7B%22value_role%22%3A%22administrator%22%7D%5D&#8221;][vc_column css=&#8221;.vc_custom_1687965657482{padding-top: 30px !important;}&#8221; conditional_render=&#8221;%5B%7B%22value_role%22%3A%22administrator%22%7D%5D&#8221;][vc_empty_space height=&#8221;170&#8243;][vc_custom_heading text=&#8221;Praktyka zawodowa Erasmus: Rybo\u0142\u00f3wstwo&#8221; font_container=&#8221;tag:h1|font_size:27|text_align:center|color:%23ffffff&#8221; use_theme_fonts=&#8221;yes&#8221; css=&#8221;.vc_custom_1702566959799{margin-bottom: 15px !important;background-color: rgba(136,136,136,0.29) !important;*background-color: rgb(136,136,136) !important;}&#8221; animation_type=&#8221;zoomIn&#8221;][vc_empty_space height=&#8221;40&#8243;][\/vc_column][\/vc_row][vc_row wrap_container=&#8221;yes&#8221; text_align=&#8221;justify&#8221;][vc_column text_align=&#8221;justify&#8221;][vc_column_text]<\/p>\n<nav aria-label=\"breadcrumb\">\n<ol class=\"breadcrumb\">\n<li class=\"breadcrumb-item\"><a href=\"https:\/\/espamob.com\/pl\">Home<\/a><\/li>\n<li class=\"breadcrumb-item\"><a href=\"https:\/\/espamob.com\/pl\/praktyki-zawodowe-erasmus\">Sektory sta\u017cowe<\/a><\/li>\n<li class=\"breadcrumb-item active\" aria-current=\"page\"><a href=\"https:\/\/espamob.com\/pl\/praktyki-zawodowe-erasmus\/branzy-spozywczej\">Mobilno\u015b\u0107 w bran\u017cy spo\u017cywczej<\/a><\/li>\n<li class=\"breadcrumb-item active\" aria-current=\"page\">Praktyka zawodowa Erasmus: Rybo\u0142\u00f3wstwo<\/li>\n<\/ol>\n<\/nav>\n<p>[\/vc_column_text][vc_custom_heading text=&#8221;Praktyki Erasmus w rybo\u0142\u00f3wstwie: unikalne do\u015bwiadczenie dla przysz\u0142ych profesjonalist\u00f3w&#8221; use_theme_fonts=&#8221;yes&#8221; css=&#8221;.vc_custom_1702566998205{margin-top: 20px !important;}&#8221;][vc_separator][vc_row_inner][vc_column_inner width=&#8221;7\/12&#8243;][vc_column_text]<span style=\"font-weight: 400;\">W ramach szkolenia zawodowego lub studi\u00f3w wy\u017cszych <\/span><b>odbycie sta\u017cu za granic\u0105<\/b><span style=\"font-weight: 400;\"> to warto\u015bciowe do\u015bwiadczenie, kt\u00f3re pozwala rozwija\u0107 nowe umiej\u0119tno\u015bci i zdobywa\u0107 istotne do\u015bwiadczenie. Europejski program Erasmus+ oferuje studentom i praktykantom mo\u017cliwo\u015b\u0107 odbycia sta\u017cu zawodowego w r\u00f3\u017cnych sektorach dzia\u0142alno\u015bci, jednocze\u015bnie korzystaj\u0105c z wsparcia finansowego. Jedn\u0105 z wielu dost\u0119pnych opcji jest mo\u017cliwo\u015b\u0107 odbycia sta\u017cu Erasmus w rybo\u0142\u00f3wstwie, oryginalny wyb\u00f3r, kt\u00f3ry niesie ze sob\u0105 wiele korzy\u015bci dla przysz\u0142ych profesjonalist\u00f3w w tej bran\u017cy.<\/span><\/p>\n<h2>Zawody zwi\u0105zane z rybo\u0142\u00f3wstwem: sektor bogaty w mo\u017cliwo\u015bci<\/h2>\n<p><span style=\"font-weight: 400;\">\u015awiat rybo\u0142\u00f3wstwa obejmuje szerok\u0105 gam\u0119 zawod\u00f3w, pocz\u0105wszy od prostego pracownika sklepu po stanowiska kierownicze, takie jak kierownik dzia\u0142u czy kierownik zaopatrzenia. Bran\u017ca ta oferuje szeroki zakres mo\u017cliwo\u015bci zawodowych z interesuj\u0105cymi perspektywami rozwoju. Sektor rybo\u0142\u00f3wstwa obejmuje r\u00f3wnie\u017c dzia\u0142alno\u015b\u0107 zwi\u0105zana z przetwarzaniem i dystrybucj\u0105 produkt\u00f3w morskich.\u00a0<\/span><\/p>\n<h3>Kilka kluczowych zawod\u00f3w w sektorze<span style=\"font-weight: 400;\">\u00a0<\/span><\/h3>\n<ul>\n<li><b>Rybak<\/b><span style=\"font-weight: 400;\">: zajmuje si\u0119 g\u0142\u00f3wnie przygotowywaniem i sprzeda\u017c\u0105 ryb, skorupiak\u00f3w i innych produkt\u00f3w morza. Mo\u017ce pracowa\u0107 w sklepie, na targu lub w handlu detalicznym.\u00a0<\/span><\/li>\n<li><b> Specjalista od ma\u0142\u017cy i skorupiak\u00f3w<\/b><span style=\"font-weight: 400;\">, otwiera ostrygi i przygotowuje tace owoc\u00f3w morza do sprzeda\u017cy lub konsumpcji na miejscu. <\/span><\/li>\n<li><b>Kucharz specjalizuj\u0105cy si\u0119 w produktach morza:<\/b> oferuje r\u00f3\u017cnorodne dania gotowe z ryb i owoc\u00f3w morza, cz\u0119sto przygotowane wed\u0142ug lokalnych i tradycyjnych receptur. Mo\u017ce prowadzi\u0107 dzia\u0142alno\u015b\u0107 w sklepie, w restauracji lub jako kucharz eventowy.<\/li>\n<\/ul>\n<p>[\/vc_column_text][\/vc_column_inner][vc_column_inner width=&#8221;1\/12&#8243;][\/vc_column_inner][vc_column_inner width=&#8221;4\/12&#8243;][vc_single_image image=&#8221;18291&#8243; img_size=&#8221;400*400&#8243; alignment=&#8221;right&#8221; style=&#8221;vc_box_rounded&#8221;][vc_btn title=&#8221;Zobacz wi\u0119cej&#8221; style=&#8221;custom&#8221; custom_background=&#8221;#e20000&#8243; custom_text=&#8221;#ffffff&#8221; align=&#8221;center&#8221; link=&#8221;url:https%3A%2F%2Fespamob.com%2Fpl%2Fkontakt-z-polskim-konsultantem|title:Kontakt|target:_blank&#8221;][\/vc_column_inner][\/vc_row_inner][vc_custom_heading text=&#8221;Dlaczego warto wybra\u0107 sta\u017c Erasmus w rybo\u0142\u00f3wstwie?&#8221; font_container=&#8221;tag:h3|text_align:left&#8221; use_theme_fonts=&#8221;yes&#8221; css=&#8221;.vc_custom_1702567199206{margin-top: 20px !important;}&#8221;][vc_separator][vc_row_inner][vc_column_inner width=&#8221;7\/12&#8243;][vc_column_text]<span style=\"font-weight: 400;\">Odbycie sta\u017cu Erasmus w rybo\u0142\u00f3wstwie niesie ze sob\u0105 kilka korzy\u015bci dla student\u00f3w, kt\u00f3rzy chc\u0105 szkoli\u0107 si\u0119 w zawodach z tego sektora. Faktycznie, tego rodzaju sta\u017c pozwala:<\/span><\/p>\n<ol>\n<li style=\"font-weight: 400;\" aria-level=\"1\"><b>Odkrywa\u0107 nowe techniki:<\/b><span style=\"font-weight: 400;\"> ka\u017cdy kraj ma swoje w\u0142asne metody i umiej\u0119tno\u015bci w zakresie przygotowywania i sprzeda\u017cy produkt\u00f3w morskich. Sta\u017c za granic\u0105 daje zatem mo\u017cliwo\u015b\u0107 zawodowego wzbogacenia si\u0119 i nauki nowych technik pracy.<\/span><\/li>\n<li style=\"font-weight: 400;\" aria-level=\"1\"><b>Rozszerza\u0107 umiej\u0119tno\u015bci j\u0119zykowe<\/b><span style=\"font-weight: 400;\">: opanowanie jednego lub kilku j\u0119zyk\u00f3w obcych to niezaprzeczalna zaleta w \u015bwiecie zawodowym. Sta\u017c Erasmus+ przyczynia si\u0119 do poprawy umiej\u0119tno\u015bci j\u0119zykowych oraz rozwijania kompetencji mi\u0119dzykulturowych.<\/span><\/li>\n<li style=\"font-weight: 400;\" aria-level=\"1\"><b>Wzmacnia\u0107 CV<\/b><span style=\"font-weight: 400;\">: wymienienie do\u015bwiadczenia sta\u017cowego za granic\u0105 w dziedzinie rybo\u0142\u00f3wstwa stanowi zdecydowan\u0105 przewag\u0119 dla przysz\u0142ych poszukiwaczy pracy. Faktycznie, dowodzi to zdolno\u015bci adaptacji i otwarto\u015bci, kt\u00f3re s\u0105 cenione przez pracodawc\u00f3w.<\/span><\/li>\n<\/ol>\n<h2>Programy Erasmus+ zwi\u0105zane z mobilno\u015bci\u0105 zawodow\u0105<\/h2>\n<p><span style=\"font-weight: 400;\">Europejski program Erasmus+ finansuje projekty mobilno\u015bci dla student\u00f3w, praktykant\u00f3w i m\u0142odych pracownik\u00f3w, kt\u00f3rzy chc\u0105 zdoby\u0107 do\u015bwiadczenie zawodowe za granic\u0105. Istnieje kilka program\u00f3w umo\u017cliwiaj\u0105cych odbycie sta\u017cu w rybo\u0142\u00f3wstwie:\u00a0<\/span><\/p>\n<ul>\n<li><b> Erasmus+ studia<\/b><span style=\"font-weight: 400;\">: przeznaczony dla student\u00f3w zapisanych w instytucji szkolnictwa wy\u017cszego, program ten umo\u017cliwia odbycie sta\u017cu zawodowego trwaj\u0105cego od dw\u00f3ch do dwunastu miesi\u0119cy.<\/span><\/li>\n<li><b> Erasmus+ praktyki zawodowe<\/b><span style=\"font-weight: 400;\">: oferuje mo\u017cliwo\u015b\u0107 praktykowania dla praktykant\u00f3w w przedsi\u0119biorstwach za granic\u0105 przez okres od dw\u00f3ch tygodni do sze\u015bciu miesi\u0119cy.\u00a0<\/span><\/li>\n<li><b>ErasmusPro<\/b><span style=\"font-weight: 400;\">: ten program jest dedykowany m\u0142odym uczestnikom kszta\u0142cenia zawodowego pocz\u0105tkowego (\u015bwiadectwo uko\u0144czenia nauki zawodu, technikum\u2026). Oferuje sta\u017ce d\u0142ugoterminowe, trwaj\u0105ce od trzech do sze\u015bciu miesi\u0119cy.<\/span><\/li>\n<\/ul>\n<h3>Jak znale\u017a\u0107 sta\u017c Erasmus w rybo\u0142\u00f3wstwie?<\/h3>\n<p><span style=\"font-weight: 400;\">Aby znale\u017a\u0107 sta\u017c Erasmus w rybo\u0142\u00f3wstwie, zaleca si\u0119 skontaktowanie z w\u0142asn\u0105 instytucj\u0105 edukacyjn\u0105, kt\u00f3ra b\u0119dzie mog\u0142a udzieli\u0107 informacji na temat istniej\u0105cych partnerstw i koniecznych krok\u00f3w do podj\u0119cia. Profesjonalne sieci i platformy internetowe specjalizuj\u0105ce si\u0119 w poszukiwaniu sta\u017cy za granic\u0105 mog\u0105 r\u00f3wnie\u017c by\u0107 doskona\u0142ymi narz\u0119dziami do znalezienia ofert odpowiadaj\u0105cych oczekiwaniom.\u00a0<\/span><\/p>\n<p><span style=\"font-weight: 400;\">Og\u00f3lnie rzecz bior\u0105c, odbycie<\/span><b> sta\u017cu Erasmus w rybo\u0142\u00f3wstwie<\/b><span style=\"font-weight: 400;\"> stanowi wyj\u0105tkow\u0105 okazj\u0119 dla przysz\u0142ych profesjonalist\u00f3w tego sektora do nauki zawodu, poznania nowych technik pracy i rozwini\u0119cia umiej\u0119tno\u015bci j\u0119zykowych, jednocze\u015bnie prze\u017cywaj\u0105c niezapomniane do\u015bwiadczenie za granic\u0105.<\/span>[\/vc_column_text][\/vc_column_inner][vc_column_inner width=&#8221;1\/12&#8243;][\/vc_column_inner][vc_column_inner width=&#8221;4\/12&#8243;][vc_raw_html]JTNDZGl2JTIwc3R5bGUlM0QlMjJwYWRkaW5nJTNBJTIwMzBweCUzQmJhY2tncm91bmQtY29sb3IlM0ElMjAlMjNGNEY0RjQlM0IlMjIlM0UlMEElMjAlMjAlMjAlMjAlM0NoNCUzRU9ka3J5aiUyMHdzenlzdGtpZSUyMHNla3RvcnklMjBwcmFrdHlrJTNDJTJGaDQlM0UlMEElMjAlMjAlMjAlMjAlM0NwJTNFRXNwYW1vYiUyMHNwZWNqYWxpenVqZSUyMHNpJUM0JTk5JTIwdyUyMHBvbWFnYW5pdSUyMGdydXBvbSUyMHclMjBtb2JpbG5vJUM1JTlCY2klMjB3JTIwcmFtYWNoJTIwcHJvZ3JhbXUlMjBFcmFzbXVzJTIwJTJCLiUyMERvd2llZHolMjBzaSVDNCU5OSUyMG8lMjB3c3p5c3RraWNoJTIwc2VrdG9yYWNoJTIwcHJha3R5ayUyMEVyYXNtdXMlMjB3JTIwSGlzenBhbmlpJTIwemElMjBwb21vYyVDNCU4NSUyMGtpbGt1JTIwa2xpa25pJUM0JTk5JUM0JTg3LiUzQyUyRnAlM0UlMEElMjAlMjAlMjAlMjAlM0NhJTIwY2xhc3MlM0QlMjJ2Y19nZW5lcmFsJTIwdmNfYnRuMyUyMHZjX2J0bjMtc2l6ZS1tZCUyMHZjX2J0bjMtc2hhcGUtZGVmYXVsdCUyMHZjX2J0bjMtc3R5bGUtY3VzdG9tJTIwd3BiX2N1c3RvbV82Njg3YjI2ZjM5NDg4ZGRiYjg1ZGRiM2MxY2U4ZTExMSUyMGJ0biUyMiUyMHN0eWxlJTNEJTIyYmFja2dyb3VuZC1jb2xvciUzQSUyM2UyMDAwMCUzQiUyMGNvbG9yJTNBJTIzZmZmZmZmJTNCJTIwYmFja2dyb3VuZC1jb2xvciUzQSUyM2UyMDAwMCUzQiUyMGNvbG9yJTNBJTIzZmZmZmZmJTNCJTIyJTIwaHJlZiUzRCUyMmh0dHBzJTNBJTJGJTJGd3d3LmVzcGFtb2IuY29tJTJGcGwlMkZwcmFrdHlraS16YXdvZG93ZS1lcmFzbXVzJTJGJTIyJTIwdGl0bGUlM0QlMjJTZWt0b3J5JTIwc3RhJUM1JUJDb3dlJTIyJTIwdGFyZ2V0JTNEJTIyX2JsYW5rJTIyJTNFT2RrcnlqJTIwc2VrdG9yeSUzQyUyRmElM0UlMEElM0MlMkZkaXYlM0U=[\/vc_raw_html][vc_custom_heading text=&#8221;Odkryj opinie uczestnik\u00f3w programu Erasmus +:&#8221; font_container=&#8221;tag:h3|text_align:left&#8221; use_theme_fonts=&#8221;yes&#8221; css=&#8221;.vc_custom_1702567360279{margin-top: 20px !important;}&#8221;][vc_separator][vc_video link=&#8221;https:\/\/www.youtube.com\/watch?v=qdSTZpUC0ks&amp;t=12s&amp;ab_channel=Espamob%27-EuropeanMobilityProgram&#8221; align=&#8221;center&#8221;][\/vc_column_inner][\/vc_row_inner][\/vc_column][\/vc_row][vc_row full_width=&#8221;stretch_row&#8221; wrap_container=&#8221;yes&#8221; is_section=&#8221;yes&#8221; css=&#8221;.vc_custom_1702567375427{padding-top: 15px !important;padding-bottom: 15px !important;background-color: #f8f392 !important;}&#8221; conditional_render=&#8221;%5B%7B%22value_role%22%3A%22administrator%22%7D%5D&#8221;][vc_column][vc_row_inner css=&#8221;.vc_custom_1688548648248{background-color: #f8f392 !important;}&#8221;][vc_column_inner][vc_custom_heading text=&#8221;Popro\u015b o bezp\u0142atn\u0105 wycen\u0119&#8221; font_container=&#8221;tag:h2|text_align:center&#8221; use_theme_fonts=&#8221;yes&#8221;][vc_column_text]<\/p>\n<p style=\"text-align: justify;\">Masz pomys\u0142 na projekt Erasmus+ w Hiszpanii i szukasz zaufanej agencji, kt\u00f3ra Ci\u0119 wesprze?\u00a0<strong>Espamob<\/strong>\u2019 jest tutaj, aby Ci pom\u00f3c! Oferujemy bezp\u0142atn\u0105 i niezobowi\u0105zuj\u0105c\u0105 wycen\u0119, kt\u00f3ra pomo\u017ce Ci zarz\u0105dza\u0107 projektem mobilno\u015bci. Dzi\u0119ki naszemu do\u015bwiadczeniu i sieci firm partnerskich mo\u017cemy zaoferowa\u0107 spersonalizowane wsparcie, aby spe\u0142ni\u0107 Twoje specyficzne potrzeby. Skontaktuj si\u0119 z nami ju\u017c teraz, aby om\u00f3wi\u0107 sw\u00f3j projekt i otrzyma\u0107 bezp\u0142atn\u0105 wycen\u0119.<\/p>\n<p>[\/vc_column_text]<div id=\"modal-trg-txt-wrap-2678\" class=\"ult-modal-input-wrapper ult-adjust-bottom-margin    \" data-keypress-control=\"keypress-control-enable\" data-overlay-control=\"overlay-control-enable\"><style>\n\t\t\t\t\t.btn-modal.btn-id-69e7a9c66b9560-28720020:hover {\n\t\t\t\t\t\tbackground-color: #e20000 !important;\n\t\t\t\t\t}\n\t\t\t\t\t<\/style><button  data-ultimate-target='#modal-trg-txt-wrap-2678 .btn-modal'  data-responsive-json-new='{\"font-size\":\"\",\"line-height\":\"\"}'  style=\"background:#888888;border-color:#888888;color:#ffffff; \" data-class-id=\"content-69e7a9c66b9560-28720020\" class=\"btn-modal ult-responsive btn-primary btn-modal-md overlay-show ult-align-center btn-id-69e7a9c66b9560-28720020\" data-overlay-class=\"overlay-cornerbottomleft\">ZAM\u00d3W BEZP\u0141ATN\u0104 WYCEN\u0118<\/button><\/div>\n<div class=\"ult-overlay content-69e7a9c66b9560-28720020 \" data-class=\"content-69e7a9c66b9560-28720020\" id=\"button-click-overlay\" style=\"background:rgba(51,51,51,0.8); display:none;\">\n\t<div class=\"ult_modal ult-fade ult-medium\">\n\t\t<div id=\"ult-modal-wrap-8915\" class=\"ult_modal-content ult-hide\" style=\"border-style:solid;border-width:2px;border-radius:0px;border-color:#333333;\">\n\t\t\t<div class=\"ult_modal-header\" style=\"color:#333333;border-color:#333333;\">\n\t\t\t\t<h3  data-ultimate-target='#ult-modal-wrap-8915 .ult_modal-title'  data-responsive-json-new='{\"font-size\":\"\",\"line-height\":\"\"}'  class=\"ult_modal-title ult-responsive\">ZAM\u00d3W BEZP\u0141ATN\u0104 WYCEN\u0118<\/h3>\n\t\t\t<\/div>\n\t\t\t<div  data-ultimate-target='#ult-modal-wrap-8915 .ult_modal-body'  data-responsive-json-new='{\"font-size\":\"\",\"line-height\":\"\"}'  class=\"ult_modal-body ult-responsive ult-html\" style=\"\">\n\t\t\t<\/p>\n<p>[caldera_form id=&#8221;CF6149e02688efa&#8221;]<\/p>\n<p>\n\t\t\t<\/div>\n\t<\/div>\n\t<\/div>\n\t<div class=\"ult-overlay-close top-right\" style=\"width:80px;height:80px; \"><div class=\"ult-overlay-close-inside\">Close<\/div><\/div>\n<\/div>[\/vc_column_inner][\/vc_row_inner][\/vc_column][\/vc_row][vc_row wrap_container=&#8221;yes&#8221; css=&#8221;.vc_custom_1689256499740{margin-top: 15px !important;}&#8221; conditional_render=&#8221;%5B%7B%22value_role%22%3A%22administrator%22%7D%5D&#8221;][vc_column][vc_custom_heading text=&#8221;Pytania cz\u0119sto zadawane&#8221; font_container=&#8221;tag:h2|text_align:center|color:%23000000&#8243; use_theme_fonts=&#8221;yes&#8221;][vc_separator][vc_row_inner][vc_column_inner width=&#8221;7\/12&#8243;][vc_column_text]<\/p>\n<h3>Jakie us\u0142ugi oferuje Espamob w ramach sta\u017cy Erasmus w Hiszpanii?<span style=\"font-weight: 400;\">\u00a0<\/span><\/h3>\n<p><span style=\"font-weight: 400;\">Espamob oferuje kompleksow\u0105 obs\u0142ug\u0119 projekt\u00f3w mobilno\u015bci Erasmus w Hiszpanii. Obejmuje to wsparcie w tworzeniu projektu, poszukiwanie finansowania, przyjmowanie na uniwersytetach i w partneruj\u0105cych firmach podczas sta\u017cy, poszukiwanie zakwaterowania na miejscu i organizacj\u0119 transfer\u00f3w z lotniska.\u00a0<\/span><\/p>\n<h3>W jaki spos\u00f3b Espamob mo\u017ce pom\u00f3c grupom planuj\u0105cym sta\u017c Erasmus w Hiszpanii w rybolowstwo?<span style=\"font-weight: 400;\">\u00a0<\/span><\/h3>\n<p><span style=\"font-weight: 400;\">Espamob posiada sie\u0107 partner\u00f3w w Hiszpanii, w tym w dziedzinie rybo\u0142\u00f3wstwa. Agencja mo\u017ce wi\u0119c u\u0142atwi\u0107 poszukiwanie sta\u017cy w tej konkretnej dziedzinie i towarzyszy\u0107 grupom w ich przyj\u0119ciu przez specjalistyczne firmy partnerskie zajmuj\u0105ce si\u0119 rybo\u0142\u00f3wstwem. Jakie s\u0105 korzy\u015bci p\u0142yn\u0105ce z korzystania z us\u0142ug Espamob przy organizacji sta\u017cu\u00a0<\/span><\/p>\n<h3>Erasmus w Hiszpanii w rybolowstwo?<span style=\"font-weight: 400;\">\u00a0<\/span><\/h3>\n<p><span style=\"font-weight: 400;\">Wybieraj\u0105c Espamob, grupy korzystaj\u0105 z ekspertyzy w zakresie organizacji sta\u017cy Erasmus w Hiszpanii. Agencja zajmuje si\u0119 wszystkimi sprawami administracyjnymi, poszukiwaniem finansowania i logistyk\u0105 na miejscu, co pozwala uczestnikom skoncentrowa\u0107 si\u0119 w pe\u0142ni na swoim do\u015bwiadczeniu w rybo\u0142\u00f3wstwie. Ponadto, sie\u0107 partner\u00f3w Espamob u\u0142atwia poszukiwanie sta\u017cy w tej konkretnej dziedzinie, oferuj\u0105c uczestnikom unikalne mo\u017cliwo\u015bci.<\/span>[\/vc_column_text][\/vc_column_inner][vc_column_inner width=&#8221;1\/12&#8243;][\/vc_column_inner][vc_column_inner width=&#8221;4\/12&#8243;][vc_single_image image=&#8221;15074&#8243; img_size=&#8221;full&#8221;][vc_column_text]<b>Dowiedz si\u0119 wi\u0119cej o r\u00f3\u017cnych destynacjach Erasmus+ w Hiszpanii:<\/b><\/p>\n<ul>\n<li><a href=\"https:\/\/espamob.com\/pl\/praktyki-zawodowe-erasmus\/branzy-spozywczej\/praktyki-erasmus-rzeznictwo\"><span style=\"font-weight: 400;\"><span style=\"font-weight: 400;\">Praktyka zawodowa Erasmus: <\/span><\/span>Rze\u017anictwo<\/a><\/li>\n<li><a href=\"https:\/\/espamob.com\/pl\/praktyki-zawodowe-erasmus\/branzy-spozywczej\/praktyki-erasmus-wedliniarstwo\"><span style=\"font-weight: 400;\">Praktyka zawodowa Erasmus: <\/span>W\u0119dliniarstwo<\/a><\/li>\n<li><a href=\"https:\/\/espamob.com\/pl\/praktyki-zawodowe-erasmus\/branzy-spozywczej\/praktyki-erasmus-sommelier\"><span style=\"font-weight: 400;\">Praktyka zawodowa Erasmus: <\/span>Sommelier<\/a><\/li>\n<li><a href=\"https:\/\/espamob.com\/pl\/praktyki-zawodowe-erasmus\/branzy-spozywczej\/praktyki-erasmus-piekarnictwo\"><span style=\"font-weight: 400;\">Praktyka zawodowa Erasmus: Piekarnictwo<\/span><\/a><\/li>\n<li><a href=\"https:\/\/espamob.com\/pl\/praktyki-zawodowe-erasmus\/branzy-spozywczej\/praktyki-erasmus-cukiernictwo\"><span style=\"font-weight: 400;\">Praktyka zawodowa Erasmus: Cukiernictwo<\/span><\/a><\/li>\n<li><a href=\"https:\/\/espamob.com\/pl\/praktyki-zawodowe-erasmus\/branzy-spozywczej\/praktyki-erasmus-czekoladowe\"><span style=\"font-weight: 400;\">Praktyka zawodowa Erasmus: Wyroby czekoladowe i cukiernicze<\/span><\/a><\/li>\n<li><a href=\"https:\/\/espamob.com\/pl\/praktyki-zawodowe-erasmus\/branzy-spozywczej\/praktyki-erasmus-lodziarstwo\"><span style=\"font-weight: 400;\">Praktyka zawodowa Erasmus: Lodziarstwo<\/span><\/a><\/li>\n<li><a href=\"https:\/\/espamob.com\/pl\/praktyki-zawodowe-erasmus\/branzy-spozywczej\/praktyki-erasmus-gotowanie\"><span style=\"font-weight: 400;\">Praktyka zawodowa Erasmus: Gastronomia<\/span><\/a><\/li>\n<\/ul>\n<p>[\/vc_column_text][\/vc_column_inner][\/vc_row_inner][\/vc_column][\/vc_row]<\/p>\n<\/div>","protected":false},"excerpt":{"rendered":"<p>[vc_row css=&#8221;.vc_custom_1703413587595{margin-top: -20px !important;margin-bottom: 40px !important;background-image: url(https:\/\/espamob.com\/wp-content\/uploads\/2023\/12\/Pescaderia.webp?id=22103) !important;}&#8221; conditional_render=&#8221;%5B%7B%22value_role%22%3A%22administrator%22%7D%5D&#8221;][vc_column css=&#8221;.vc_custom_1687965657482{padding-top: 30px !important;}&#8221; conditional_render=&#8221;%5B%7B%22value_role%22%3A%22administrator%22%7D%5D&#8221;][vc_empty_space height=&#8221;170&#8243;][vc_custom_heading text=&#8221;Praktyka zawodowa Erasmus: Rybo\u0142\u00f3wstwo&#8221; font_container=&#8221;tag:h1|font_size:27|text_align:center|color:%23ffffff&#8221; use_theme_fonts=&#8221;yes&#8221; css=&#8221;.vc_custom_1702566959799{margin-bottom: 15px !important;background-color: rgba(136,136,136,0.29) !important;*background-color: rgb(136,136,136) !important;}&#8221; animation_type=&#8221;zoomIn&#8221;][vc_empty_space height=&#8221;40&#8243;][\/vc_column][\/vc_row][vc_row wrap_container=&#8221;yes&#8221; text_align=&#8221;justify&#8221;][vc_column text_align=&#8221;justify&#8221;][vc_column_text] Home Sektory sta\u017cowe Mobilno\u015b\u0107 w bran\u017cy spo\u017cywczej Praktyka zawodowa Erasmus: Rybo\u0142\u00f3wstwo [\/vc_column_text][vc_custom_heading text=&#8221;Praktyki Erasmus w rybo\u0142\u00f3wstwie: unikalne do\u015bwiadczenie dla przysz\u0142ych profesjonalist\u00f3w&#8221; use_theme_fonts=&#8221;yes&#8221; css=&#8221;.vc_custom_1702566998205{margin-top:<\/p>\n","protected":false},"author":2,"featured_media":0,"parent":13104,"menu_order":0,"comment_status":"closed","ping_status":"closed","template":"","meta":{"footnotes":""},"class_list":["post-21539","page","type-page","status-publish","hentry"],"_links":{"self":[{"href":"https:\/\/espamob.com\/pl\/wp-json\/wp\/v2\/pages\/21539","targetHints":{"allow":["GET"]}}],"collection":[{"href":"https:\/\/espamob.com\/pl\/wp-json\/wp\/v2\/pages"}],"about":[{"href":"https:\/\/espamob.com\/pl\/wp-json\/wp\/v2\/types\/page"}],"author":[{"embeddable":true,"href":"https:\/\/espamob.com\/pl\/wp-json\/wp\/v2\/users\/2"}],"replies":[{"embeddable":true,"href":"https:\/\/espamob.com\/pl\/wp-json\/wp\/v2\/comments?post=21539"}],"version-history":[{"count":0,"href":"https:\/\/espamob.com\/pl\/wp-json\/wp\/v2\/pages\/21539\/revisions"}],"up":[{"embeddable":true,"href":"https:\/\/espamob.com\/pl\/wp-json\/wp\/v2\/pages\/13104"}],"wp:attachment":[{"href":"https:\/\/espamob.com\/pl\/wp-json\/wp\/v2\/media?parent=21539"}],"curies":[{"name":"wp","href":"https:\/\/api.w.org\/{rel}","templated":true}]}}