{"id":21535,"date":"2023-08-04T00:00:00","date_gmt":"2023-08-04T00:00:00","guid":{"rendered":"https:\/\/www.espamob.com\/praktyki-zawodowe-erasmus\/metiers-bouche\/stage-erasmus-sommelier\/"},"modified":"2023-12-24T10:24:05","modified_gmt":"2023-12-24T10:24:05","slug":"praktyki-erasmus-sommelier","status":"publish","type":"page","link":"https:\/\/espamob.com\/pl\/praktyki-zawodowe-erasmus\/branzy-spozywczej\/praktyki-erasmus-sommelier\/","title":{"rendered":"Stage Erasmus : Sommelier"},"content":{"rendered":"<div class=\"wpb-content-wrapper\"><p>[vc_row css=&#8221;.vc_custom_1703413423863{margin-top: -20px !important;margin-bottom: 40px !important;background-image: url(https:\/\/espamob.com\/wp-content\/uploads\/2023\/12\/Camarero-de-vinos-Bodeguero.webp?id=22089) !important;}&#8221; conditional_render=&#8221;%5B%7B%22value_role%22%3A%22administrator%22%7D%5D&#8221;][vc_column css=&#8221;.vc_custom_1687965657482{padding-top: 30px !important;}&#8221; conditional_render=&#8221;%5B%7B%22value_role%22%3A%22administrator%22%7D%5D&#8221;][vc_empty_space height=&#8221;170&#8243;][vc_custom_heading text=&#8221;Praktyki zawodowa Erasmus : Sommelier&#8221; font_container=&#8221;tag:h1|font_size:27|text_align:center|color:%23ffffff&#8221; use_theme_fonts=&#8221;yes&#8221; css=&#8221;.vc_custom_1702566208773{margin-bottom: 15px !important;background-color: rgba(136,136,136,0.29) !important;*background-color: rgb(136,136,136) !important;}&#8221; animation_type=&#8221;zoomIn&#8221;][vc_empty_space height=&#8221;40&#8243;][\/vc_column][\/vc_row][vc_row wrap_container=&#8221;yes&#8221; text_align=&#8221;justify&#8221;][vc_column text_align=&#8221;justify&#8221;][vc_column_text]<\/p>\n<nav aria-label=\"breadcrumb\">\n<ol class=\"breadcrumb\">\n<li class=\"breadcrumb-item\"><a href=\"https:\/\/espamob.com\/pl\">Home<\/a><\/li>\n<li class=\"breadcrumb-item\"><a href=\"https:\/\/espamob.com\/pl\/praktyki-zawodowe-erasmus\">Sektory sta\u017cowe<\/a><\/li>\n<li class=\"breadcrumb-item active\" aria-current=\"page\"><a href=\"https:\/\/espamob.com\/pl\/praktyki-zawodowe-erasmus\/branzy-spozywczej\">Mobilno\u015b\u0107 w bran\u017cy spo\u017cywczej<\/a><\/li>\n<li class=\"breadcrumb-item active\" aria-current=\"page\">Praktyka zawodowa Erasmus: Sommelier<\/li>\n<\/ol>\n<\/nav>\n<p>[\/vc_column_text][vc_custom_heading text=&#8221;Praktyki Erasmus Sommelier: unikalne do\u015bwiadczenie dla przysz\u0142ych profesjonalist\u00f3w w dziedzinie wina&#8221; use_theme_fonts=&#8221;yes&#8221; css=&#8221;.vc_custom_1702566217301{margin-top: 20px !important;}&#8221;][vc_separator][vc_row_inner][vc_column_inner width=&#8221;7\/12&#8243;][vc_column_text]<b>Praktyki Erasmus Sommelier<\/b><span style=\"font-weight: 400;\"> to jedna z ofert programu Erasmus+, pozwalaj\u0105ca studentom i m\u0142odym specjalistom zdoby\u0107 mi\u0119dzynarodowe do\u015bwiadczenie w dziedzinie sommelierki. To szkolenie nie tylko daje okazj\u0119 do nauki i doskonalenia umiej\u0119tno\u015bci pod okiem uznanych profesjonalist\u00f3w, ale tak\u017ce do odkrywania nowych kultur i nawi\u0105zywania cennych kontakt\u00f3w na przysz\u0142\u0105 \u015bcie\u017ck\u0119 zawodow\u0105.<\/span><\/p>\n<h2>Istota praktyk Erasmus Sommelier<\/h2>\n<p><span style=\"font-weight: 400;\">Praktyki Erasmus Sommelier s\u0105 skierowane do os\u00f3b <\/span><b>ucz\u0105cych si\u0119 sommelierki, enologii lub gastronomii, <\/b><span style=\"font-weight: 400;\">kt\u00f3re chc\u0105 poszerzy\u0107 swoje umiej\u0119tno\u015bci i zdoby\u0107 do\u015bwiadczenie zawodowe za granic\u0105. Dzi\u0119ki programowi Erasmus+, uczestnicy otrzymuj\u0105 stypendium, kt\u00f3re pozwala sfinansowa\u0107 ich pobyt i w pe\u0142ni skorzysta\u0107 z przebywania w innym kraju europejskim.<\/span><\/p>\n<h3>Cele praktyk<\/h3>\n<p><span style=\"font-weight: 400;\">G\u0142\u00f3wnym celem praktyk Erasmus Sommelier jest umo\u017cliwienie sta\u017cystom rozwijania i pog\u0142\u0119biania swojej wiedzy w dziedzinie sommelierki, jednocze\u015bnie poznaj\u0105c specyfik\u0119 winiarsk\u0105 i kulturow\u0105 kraju przyjmuj\u0105cego. Poza umiej\u0119tno\u015bciami technicznymi zwi\u0105zanymi z degustacj\u0105, selekcj\u0105 i obs\u0142ug\u0105 win, uczestnicy b\u0119d\u0105 pracowa\u0107 w wielokulturowym \u015brodowisku i wsp\u00f3\u0142pracowa\u0107 z kolegami o r\u00f3\u017cnych narodowo\u015bciach.<\/span><\/p>\n<h3>Korzy\u015bci dla sta\u017cyst\u00f3w<\/h3>\n<p><span style=\"font-weight: 400;\">Opr\u00f3cz zdobywania zawodowych umiej\u0119tno\u015bci sommelierskich, praktyki Erasmus Sommelier oferuj\u0105 uczestnikom wiele korzy\u015bci:\u00a0<\/span><\/p>\n<ul>\n<li><b>Odkrywanie nowej kultury<\/b><span style=\"font-weight: 400;\">: \u017cycie i praca w innym kraju pozwala otworzy\u0107 si\u0119 na nowe tradycje, zwyczaje i mentalno\u015bci. To bogate do\u015bwiadczenie zar\u00f3wno pod wzgl\u0119dem osobistym, jak i zawodowym.\u00a0<\/span><\/li>\n<li><b> Poprawa umiej\u0119tno\u015bci j\u0119zykowych:<\/b><span style=\"font-weight: 400;\"> codzienna praktyka obcego j\u0119zyka podczas sta\u017cu jest istotna dla rozwijania umiej\u0119tno\u015bci m\u00f3wienia i pisania oraz zrozumienia mi\u0119dzykulturowego.\u00a0<\/span><\/li>\n<li><b> Wzmocnienie sieci zawodowej<\/b><span style=\"font-weight: 400;\">: pracuj\u0105c z mi\u0119dzynarodowymi kolegami i partnerami, sta\u017cy\u015bci maj\u0105 okazj\u0119 nawi\u0105zywania kontakt\u00f3w i tworzenia cennego katalogu adresowego na przysz\u0142\u0105 karier\u0119.<\/span><\/li>\n<\/ul>\n<h2>Znajd\u017a odpowiedni\u0105 praktyk\u0119 Erasmus+ Sommelier<\/h2>\n<p><span style=\"font-weight: 400;\">Aby w pe\u0142ni skorzysta\u0107 z tej wyj\u0105tkowej okazji, wa\u017cne jest dok\u0142adne wybranie stage&#8217;u miejsca praktyk zgodnie z oczekiwaniami i celami zawodowymi. Oto kilka wskaz\u00f3wek, jak znale\u017a\u0107 najlepsze miejsce dla siebie:<\/span><\/p>\n<h3>Pozyskaj informacje o mo\u017cliwo\u015bciach oferowanych przez swoj\u0105 plac\u00f3wk\u0119<\/h3>\n<p><span style=\"font-weight: 400;\">Pierwszym krokiem jest skonsultowanie si\u0119 ze swoj\u0105 plac\u00f3wk\u0105 edukacyjn\u0105 (szko\u0142\u0105 sommelierki, uniwersytetem itp.), aby dowiedzie\u0107 si\u0119 o partnerstwach i specjalizacjach oferowanych w ramach programu Erasmus+. Niekt\u00f3re plac\u00f3wki s\u0105 bardziej skoncentrowane na szkoleniu sommelier\u00f3w pracuj\u0105cych w sektorze gastronomicznym, podczas gdy inne skupiaj\u0105 si\u0119 bardziej na handlu lub produkcji wina.<\/span><\/p>\n<h3>Szukaj praktyk w\u015br\u00f3d partner\u00f3w biznesowych<\/h3>\n<p><span style=\"font-weight: 400;\">Program Erasmus+ wsp\u00f3\u0142pracuje z wieloma <\/span><b>partnerami biznesowymi<\/b><span style=\"font-weight: 400;\">, pocz\u0105wszy od renomowanych marek wina po ma\u0142e, rodzinne gospodarstwa. Nie wahaj si\u0119 przeszuka\u0107 ich stron internetowych lub medi\u00f3w spo\u0142eczno\u015bciowych, aby znale\u017a\u0107 te, kt\u00f3re najlepiej odpowiadaj\u0105 twoim aspiracjom zawodowym i osobistym.<\/span><\/p>\n<h3>Skontaktuj si\u0119 z by\u0142ymi uczestnikami<\/h3>\n<p><span style=\"font-weight: 400;\">Aby uzyska\u0107 konkretn\u0105 opini\u0119 i m\u0105dre rady, nie ma nic lepszego ni\u017c rozmowa z osobami, kt\u00f3re ju\u017c odby\u0142y praktyki Erasmus Sommelier. Mog\u0105 dostarczy\u0107 cennych informacji na temat jako\u015bci przyj\u0119cia, warunk\u00f3w pracy, mo\u017cliwo\u015bci nauki i wyzwa\u0144, kt\u00f3re napotkali podczas swojego pobytu.<\/span>[\/vc_column_text][\/vc_column_inner][vc_column_inner width=&#8221;1\/12&#8243;][\/vc_column_inner][vc_column_inner width=&#8221;4\/12&#8243;][vc_single_image image=&#8221;18326&#8243; img_size=&#8221;400*400&#8243; alignment=&#8221;right&#8221; style=&#8221;vc_box_rounded&#8221;][vc_btn title=&#8221;Zobacz wi\u0119cej&#8221; style=&#8221;custom&#8221; custom_background=&#8221;#e20000&#8243; custom_text=&#8221;#ffffff&#8221; align=&#8221;center&#8221; link=&#8221;url:https%3A%2F%2Fespamob.com%2Fpl%2Fkontakt-z-polskim-konsultantem|title:Kontakt|target:_blank&#8221;][\/vc_column_inner][\/vc_row_inner][vc_custom_heading text=&#8221;Przygotuj si\u0119 do wyjazdu na praktyki Erasmus Sommelier&#8221; font_container=&#8221;tag:h3|text_align:left&#8221; use_theme_fonts=&#8221;yes&#8221; css=&#8221;.vc_custom_1702566459365{margin-top: 20px !important;}&#8221;][vc_separator][vc_row_inner][vc_column_inner width=&#8221;7\/12&#8243;][vc_column_text]<span style=\"font-weight: 400;\">Po wyborze destynacji i potwierdzeniu przydzia\u0142u wa\u017cne jest odpowiednie przygotowanie si\u0119 do wyjazdu, aby w pe\u0142ni korzysta\u0107 z tego do\u015bwiadczenia. Oto kilka kluczowych krok\u00f3w, kt\u00f3rych nie mo\u017cna zaniedba\u0107:<\/span><\/p>\n<ol>\n<li style=\"font-weight: 400;\" aria-level=\"1\"><b>Zbierz niezb\u0119dne dokumenty<\/b><span style=\"font-weight: 400;\">: upewnij si\u0119, \u017ce masz wa\u017cny paszport lub dow\u00f3d osobisty oraz za\u0142atw wszystkie formalno\u015bci administracyjne zwi\u0105zane z programem Erasmus+ (umowa o sta\u017c, umowa o stypendium itp.).<\/span><\/li>\n<li style=\"font-weight: 400;\" aria-level=\"1\"><b>Zorganizuj zakwaterowanie i transport:<\/b><span style=\"font-weight: 400;\"> dowiedz si\u0119 o mo\u017cliwo\u015bciach zakwaterowania w miejscu, w kt\u00f3rym b\u0119dziesz odbywa\u0107 praktyki, i zarezerwuj je z wyprzedzeniem. Sprawd\u017a r\u00f3wnie\u017c warunki transportu, aby dotrze\u0107 na miejsce i porusza\u0107 si\u0119 podczas pobytu.<\/span><\/li>\n<li style=\"font-weight: 400;\" aria-level=\"1\"><b>Zapoznaj si\u0119 z j\u0119zykiem i kultur\u0105 kraju przyjmuj\u0105cego<\/b><span style=\"font-weight: 400;\">: dla u\u0142atwienia integracji zaleca si\u0119 zdobycie podstawowego zrozumienia lokalnego j\u0119zyka i zapoznanie si\u0119 ze specyfik\u0105 kultury (kody spo\u0142eczne, tradycje kulinarne itp.).<\/span><\/li>\n<li style=\"font-weight: 400;\" aria-level=\"1\"><b>Antycypowa\u0107 aspekty finansowe<\/b><span style=\"font-weight: 400;\">: chocia\u017c stypendium Erasmus+ pokrywa cz\u0119\u015b\u0107 koszt\u00f3w zwi\u0105zanych z twoim sta\u017cem, nie zapomnij zaplanowa\u0107 bud\u017cetu na pokrycie wydatk\u00f3w osobistych (jedzenie, rozrywka, itp.). Rozs\u0105dne jest tak\u017ce wykupienie odpowiedniego ubezpieczenia zdrowotnego dostosowanego do twojej sytuacji.<\/span><\/li>\n<\/ol>\n<p><span style=\"font-weight: 400;\">Podsumowuj\u0105c, sta\u017c Erasmus Sommelier to doskona\u0142a okazja do rozwoju umiej\u0119tno\u015bci zawodowych przy jednoczesnym bogaceniu si\u0119 do\u015bwiadczeniem na p\u0142aszczy\u017anie osobistej. Z dobrym przygotowaniem i wyborem dostosowanym do twoich aspiracji, ta mi\u0119dzynarodowa przygoda z pewno\u015bci\u0105 przyniesie korzy\u015bci dla twojej przysz\u0142ej kariery.<\/span>[\/vc_column_text][\/vc_column_inner][vc_column_inner width=&#8221;1\/12&#8243;][\/vc_column_inner][vc_column_inner width=&#8221;4\/12&#8243;][vc_raw_html]JTNDZGl2JTIwc3R5bGUlM0QlMjJwYWRkaW5nJTNBJTIwMzBweCUzQmJhY2tncm91bmQtY29sb3IlM0ElMjAlMjNGNEY0RjQlM0IlMjIlM0UlMEElMjAlMjAlMjAlMjAlM0NoNCUzRU9ka3J5aiUyMHdzenlzdGtpZSUyMHNla3RvcnklMjBwcmFrdHlrJTNDJTJGaDQlM0UlMEElMjAlMjAlMjAlMjAlM0NwJTNFRXNwYW1vYiUyMHNwZWNqYWxpenVqZSUyMHNpJUM0JTk5JTIwdyUyMHBvbWFnYW5pdSUyMGdydXBvbSUyMHclMjBtb2JpbG5vJUM1JTlCY2klMjB3JTIwcmFtYWNoJTIwcHJvZ3JhbXUlMjBFcmFzbXVzJTIwJTJCLiUyMERvd2llZHolMjBzaSVDNCU5OSUyMG8lMjB3c3p5c3RraWNoJTIwc2VrdG9yYWNoJTIwcHJha3R5ayUyMEVyYXNtdXMlMjB3JTIwSGlzenBhbmlpJTIwemElMjBwb21vYyVDNCU4NSUyMGtpbGt1JTIwa2xpa25pJUM0JTk5JUM0JTg3LiUzQyUyRnAlM0UlMEElMjAlMjAlMjAlMjAlM0NhJTIwY2xhc3MlM0QlMjJ2Y19nZW5lcmFsJTIwdmNfYnRuMyUyMHZjX2J0bjMtc2l6ZS1tZCUyMHZjX2J0bjMtc2hhcGUtZGVmYXVsdCUyMHZjX2J0bjMtc3R5bGUtY3VzdG9tJTIwd3BiX2N1c3RvbV82Njg3YjI2ZjM5NDg4ZGRiYjg1ZGRiM2MxY2U4ZTExMSUyMGJ0biUyMiUyMHN0eWxlJTNEJTIyYmFja2dyb3VuZC1jb2xvciUzQSUyM2UyMDAwMCUzQiUyMGNvbG9yJTNBJTIzZmZmZmZmJTNCJTIwYmFja2dyb3VuZC1jb2xvciUzQSUyM2UyMDAwMCUzQiUyMGNvbG9yJTNBJTIzZmZmZmZmJTNCJTIyJTIwaHJlZiUzRCUyMmh0dHBzJTNBJTJGJTJGd3d3LmVzcGFtb2IuY29tJTJGcGwlMkZwcmFrdHlraS16YXdvZG93ZS1lcmFzbXVzJTJGJTIyJTIwdGl0bGUlM0QlMjJTZWt0b3J5JTIwc3RhJUM1JUJDb3dlJTIyJTIwdGFyZ2V0JTNEJTIyX2JsYW5rJTIyJTNFT2RrcnlqJTIwc2VrdG9yeSUzQyUyRmElM0UlMEElM0MlMkZkaXYlM0U=[\/vc_raw_html][vc_custom_heading text=&#8221;Odkryj opinie uczestnik\u00f3w programu Erasmus +:&#8221; font_container=&#8221;tag:h3|text_align:left&#8221; use_theme_fonts=&#8221;yes&#8221; css=&#8221;.vc_custom_1702566549389{margin-top: 20px !important;}&#8221;][vc_separator][vc_video link=&#8221;https:\/\/youtu.be\/UaZKB-VQQOw&#8221; align=&#8221;center&#8221;][\/vc_column_inner][\/vc_row_inner][\/vc_column][\/vc_row][vc_row][vc_column][vc_column_text]<\/p>\n<p>[\/vc_column_text][\/vc_column][\/vc_row][vc_row full_width=&#8221;stretch_row&#8221; wrap_container=&#8221;yes&#8221; is_section=&#8221;yes&#8221; css=&#8221;.vc_custom_1702566622338{padding-top: 15px !important;padding-bottom: 15px !important;background-color: #f8f392 !important;}&#8221; conditional_render=&#8221;%5B%7B%22value_role%22%3A%22administrator%22%7D%5D&#8221;][vc_column][vc_row_inner css=&#8221;.vc_custom_1688548648248{background-color: #f8f392 !important;}&#8221;][vc_column_inner][vc_custom_heading text=&#8221;Popro\u015b o bezp\u0142atn\u0105 wycen\u0119&#8221; font_container=&#8221;tag:h2|text_align:center&#8221; use_theme_fonts=&#8221;yes&#8221;][vc_column_text]<\/p>\n<p style=\"text-align: justify;\">Masz pomys\u0142 na projekt Erasmus+ w Hiszpanii i szukasz zaufanej agencji, kt\u00f3ra Ci\u0119 wesprze?\u00a0<strong>Espamob<\/strong>\u2019 jest tutaj, aby Ci pom\u00f3c! Oferujemy bezp\u0142atn\u0105 i niezobowi\u0105zuj\u0105c\u0105 wycen\u0119, kt\u00f3ra pomo\u017ce Ci zarz\u0105dza\u0107 projektem mobilno\u015bci. Dzi\u0119ki naszemu do\u015bwiadczeniu i sieci firm partnerskich mo\u017cemy zaoferowa\u0107 spersonalizowane wsparcie, aby spe\u0142ni\u0107 Twoje specyficzne potrzeby. Skontaktuj si\u0119 z nami ju\u017c teraz, aby om\u00f3wi\u0107 sw\u00f3j projekt i otrzyma\u0107 bezp\u0142atn\u0105 wycen\u0119.<\/p>\n<p>[\/vc_column_text]<div id=\"modal-trg-txt-wrap-8810\" class=\"ult-modal-input-wrapper ult-adjust-bottom-margin    \" data-keypress-control=\"keypress-control-enable\" data-overlay-control=\"overlay-control-enable\"><style>\n\t\t\t\t\t.btn-modal.btn-id-69e7beb64b2e23-30270609:hover {\n\t\t\t\t\t\tbackground-color: #e20000 !important;\n\t\t\t\t\t}\n\t\t\t\t\t<\/style><button  data-ultimate-target='#modal-trg-txt-wrap-8810 .btn-modal'  data-responsive-json-new='{\"font-size\":\"\",\"line-height\":\"\"}'  style=\"background:#888888;border-color:#888888;color:#ffffff; \" data-class-id=\"content-69e7beb64b2e23-30270609\" class=\"btn-modal ult-responsive btn-primary btn-modal-md overlay-show ult-align-center btn-id-69e7beb64b2e23-30270609\" data-overlay-class=\"overlay-cornerbottomleft\">ZAM\u00d3W BEZP\u0141ATN\u0104 WYCEN\u0118<\/button><\/div>\n<div class=\"ult-overlay content-69e7beb64b2e23-30270609 \" data-class=\"content-69e7beb64b2e23-30270609\" id=\"button-click-overlay\" style=\"background:rgba(51,51,51,0.8); display:none;\">\n\t<div class=\"ult_modal ult-fade ult-medium\">\n\t\t<div id=\"ult-modal-wrap-4667\" class=\"ult_modal-content ult-hide\" style=\"border-style:solid;border-width:2px;border-radius:0px;border-color:#333333;\">\n\t\t\t<div class=\"ult_modal-header\" style=\"color:#333333;border-color:#333333;\">\n\t\t\t\t<h3  data-ultimate-target='#ult-modal-wrap-4667 .ult_modal-title'  data-responsive-json-new='{\"font-size\":\"\",\"line-height\":\"\"}'  class=\"ult_modal-title ult-responsive\">ZAM\u00d3W BEZP\u0141ATN\u0104 WYCEN\u0118<\/h3>\n\t\t\t<\/div>\n\t\t\t<div  data-ultimate-target='#ult-modal-wrap-4667 .ult_modal-body'  data-responsive-json-new='{\"font-size\":\"\",\"line-height\":\"\"}'  class=\"ult_modal-body ult-responsive ult-html\" style=\"\">\n\t\t\t<\/p>\n<p>[caldera_form id=&#8221;CF6149e02688efa&#8221;]<\/p>\n<p>\n\t\t\t<\/div>\n\t<\/div>\n\t<\/div>\n\t<div class=\"ult-overlay-close top-right\" style=\"width:80px;height:80px; \"><div class=\"ult-overlay-close-inside\">Close<\/div><\/div>\n<\/div>[\/vc_column_inner][\/vc_row_inner][\/vc_column][\/vc_row][vc_row wrap_container=&#8221;yes&#8221; css=&#8221;.vc_custom_1689256499740{margin-top: 15px !important;}&#8221; conditional_render=&#8221;%5B%7B%22value_role%22%3A%22administrator%22%7D%5D&#8221;][vc_column][vc_custom_heading text=&#8221;Pytania cz\u0119sto zadawane&#8221; font_container=&#8221;tag:h2|text_align:center|color:%23000000&#8243; use_theme_fonts=&#8221;yes&#8221;][vc_separator][vc_row_inner][vc_column_inner width=&#8221;7\/12&#8243;][vc_column_text]<\/p>\n<h3>Jakie s\u0105 korzy\u015bci z odbywania sta\u017cu Erasmus Sommelier z Espamob?<\/h3>\n<p><span style=\"font-weight: 400;\">Odbywanie sta\u017cu Erasmus Sommelier z Espamob niesie ze sob\u0105 liczne korzy\u015bci. Po pierwsze, Espamob specjalizuje si\u0119 w bezzw\u0142ocznej pomocy grupom planuj\u0105cym mobilno\u015b\u0107 Erasmus w Hiszpanii, co oznacza, \u017ce maj\u0105 du\u017c\u0105 wiedz\u0119 w tej dziedzinie. Ponadto Espamob zajmuje si\u0119 wszystkimi etapami projektu, od tworzenia po poszukiwanie finansowania, obejmuj\u0105c wsp\u00f3\u0142prac\u0119 z partnerami biznesowymi. Wybieraj\u0105c Espamob, korzystasz tak\u017ce z us\u0142ugi poszukiwania zakwaterowania na miejscu i transfer\u00f3w z lotniska, co znacznie u\u0142atwia tw\u00f3j pobyt.<\/span><\/p>\n<h3>Jak Espamob pomaga w znalezieniu sta\u017cu Erasmus Sommelier w Hiszpanii?<span style=\"font-weight: 400;\">\u00a0<\/span><\/h3>\n<p><span style=\"font-weight: 400;\">Espamob dok\u0142ada wszelkich stara\u0144, aby pom\u00f3c Ci znale\u017a\u0107 sta\u017c Erasmus Sommelier w Hiszpanii. Dysponuj\u0105 szerok\u0105 sieci\u0105 partner\u00f3w, w tym szk\u00f3\u0142 i firm specjalizuj\u0105cych si\u0119 w dziedzinie sommelierki. Dzi\u0119ki swojej wiedzy i znajomo\u015bci rynku s\u0105 w stanie skierowa\u0107 Ci\u0119 ku najlepszym mo\u017cliwo\u015bciom sta\u017cu. Ponadto Espamob towarzyszy Ci we wszystkich kwestiach administracyjnych zwi\u0105zanych z poszukiwaniem sta\u017cu, co pozwala ci skoncentrowa\u0107 si\u0119 na swoim projekcie zawodowym.<\/span><\/p>\n<h3>Jaka jest rola Espamob podczas sta\u017cu Erasmus Sommelier w Hiszpanii?<\/h3>\n<p><span style=\"font-weight: 400;\">Podczas sta\u017cu Erasmus Sommelier w Hiszpanii Espamob odgrywa kluczow\u0105 rol\u0119 w twoim wsparciu. Pozostaj\u0105 z Tob\u0105 w regularnym kontakcie przez ca\u0142y okres pobytu, dbaj\u0105c o to, aby wszystko przebiega\u0142o zgodnie z planem. Espamob jest r\u00f3wnie\u017c dost\u0119pny, aby odpowiedzie\u0107 na wszystkie Twoje pytania i pom\u00f3c w razie potrzeby. Dbaj\u0105 o to, aby\u015b zosta\u0142 dobrze przyj\u0119ty w firmie partnerskiej, i sprawdzaj\u0105, czy masz komfortowe zakwaterowanie na miejscu. W skr\u00f3cie, Espamob jest tutaj, aby Ci\u0119 wspiera\u0107 i prowadzi\u0107 przez ca\u0142e do\u015bwiadczenie sta\u017cu Erasmus Sommelier w Hiszpanii.<\/span>[\/vc_column_text][\/vc_column_inner][vc_column_inner width=&#8221;1\/12&#8243;][\/vc_column_inner][vc_column_inner width=&#8221;4\/12&#8243;][vc_single_image image=&#8221;15074&#8243; img_size=&#8221;full&#8221;][vc_column_text]<b>Poznaj r\u00f3\u017cne destynacje Erasmus + w Hiszpanii: <\/b><\/p>\n<ul>\n<li><a href=\"https:\/\/espamob.com\/pl\/praktyki-zawodowe-erasmus\/branzy-spozywczej\/praktyki-erasmus-rzeznictwo\"><span style=\"font-weight: 400;\"><span style=\"font-weight: 400;\">Praktyka zawodowa Erasmus: <\/span><\/span>Rze\u017anictwo<\/a><\/li>\n<li><a href=\"https:\/\/espamob.com\/pl\/praktyki-zawodowe-erasmus\/branzy-spozywczej\/praktyki-erasmus-wedliniarstwo\"><span style=\"font-weight: 400;\">Praktyka zawodowa Erasmus: <\/span>W\u0119dliniarstwo<\/a><\/li>\n<li><a href=\"https:\/\/espamob.com\/pl\/praktyki-zawodowe-erasmus\/branzy-spozywczej\/praktyki-erasmus-rybolowstwo\"><span style=\"font-weight: 400;\">Praktyka zawodowa Erasmus: Rybo\u0142\u00f3wstwo<\/span><\/a><\/li>\n<li><a href=\"https:\/\/espamob.com\/pl\/praktyki-zawodowe-erasmus\/branzy-spozywczej\/praktyki-erasmus-piekarnictwo\"><span style=\"font-weight: 400;\">Praktyka zawodowa Erasmus: Piekarnictwo<\/span><\/a><\/li>\n<li><a href=\"https:\/\/espamob.com\/pl\/praktyki-zawodowe-erasmus\/branzy-spozywczej\/praktyki-erasmus-cukiernictwo\"><span style=\"font-weight: 400;\">Praktyka zawodowa Erasmus: Cukiernictwo<\/span><\/a><\/li>\n<li><a href=\"https:\/\/espamob.com\/pl\/praktyki-zawodowe-erasmus\/branzy-spozywczej\/praktyki-erasmus-czekoladowe\"><span style=\"font-weight: 400;\">Praktyka zawodowa Erasmus: Wyroby czekoladowe i cukiernicze<\/span><\/a><\/li>\n<li><a href=\"https:\/\/espamob.com\/pl\/praktyki-zawodowe-erasmus\/branzy-spozywczej\/praktyki-erasmus-lodziarstwo\"><span style=\"font-weight: 400;\">Praktyka zawodowa Erasmus: Lodziarstwo<\/span><\/a><\/li>\n<li><a href=\"https:\/\/espamob.com\/pl\/praktyki-zawodowe-erasmus\/branzy-spozywczej\/praktyki-erasmus-gotowanie\"><span style=\"font-weight: 400;\">Praktyka zawodowa Erasmus: Gastronomia<\/span><\/a><\/li>\n<\/ul>\n<p>[\/vc_column_text][\/vc_column_inner][\/vc_row_inner][\/vc_column][\/vc_row]<\/p>\n<\/div>","protected":false},"excerpt":{"rendered":"<p>[vc_row css=&#8221;.vc_custom_1703413423863{margin-top: -20px !important;margin-bottom: 40px !important;background-image: url(https:\/\/espamob.com\/wp-content\/uploads\/2023\/12\/Camarero-de-vinos-Bodeguero.webp?id=22089) !important;}&#8221; conditional_render=&#8221;%5B%7B%22value_role%22%3A%22administrator%22%7D%5D&#8221;][vc_column css=&#8221;.vc_custom_1687965657482{padding-top: 30px !important;}&#8221; conditional_render=&#8221;%5B%7B%22value_role%22%3A%22administrator%22%7D%5D&#8221;][vc_empty_space height=&#8221;170&#8243;][vc_custom_heading text=&#8221;Praktyki zawodowa Erasmus : Sommelier&#8221; font_container=&#8221;tag:h1|font_size:27|text_align:center|color:%23ffffff&#8221; use_theme_fonts=&#8221;yes&#8221; css=&#8221;.vc_custom_1702566208773{margin-bottom: 15px !important;background-color: rgba(136,136,136,0.29) !important;*background-color: rgb(136,136,136) !important;}&#8221; animation_type=&#8221;zoomIn&#8221;][vc_empty_space height=&#8221;40&#8243;][\/vc_column][\/vc_row][vc_row wrap_container=&#8221;yes&#8221; text_align=&#8221;justify&#8221;][vc_column text_align=&#8221;justify&#8221;][vc_column_text] Home Sektory sta\u017cowe Mobilno\u015b\u0107 w bran\u017cy spo\u017cywczej Praktyka zawodowa Erasmus: Sommelier [\/vc_column_text][vc_custom_heading text=&#8221;Praktyki Erasmus Sommelier: unikalne do\u015bwiadczenie dla przysz\u0142ych profesjonalist\u00f3w w dziedzinie<\/p>\n","protected":false},"author":2,"featured_media":0,"parent":13104,"menu_order":0,"comment_status":"closed","ping_status":"closed","template":"","meta":{"footnotes":""},"class_list":["post-21535","page","type-page","status-publish","hentry"],"_links":{"self":[{"href":"https:\/\/espamob.com\/pl\/wp-json\/wp\/v2\/pages\/21535","targetHints":{"allow":["GET"]}}],"collection":[{"href":"https:\/\/espamob.com\/pl\/wp-json\/wp\/v2\/pages"}],"about":[{"href":"https:\/\/espamob.com\/pl\/wp-json\/wp\/v2\/types\/page"}],"author":[{"embeddable":true,"href":"https:\/\/espamob.com\/pl\/wp-json\/wp\/v2\/users\/2"}],"replies":[{"embeddable":true,"href":"https:\/\/espamob.com\/pl\/wp-json\/wp\/v2\/comments?post=21535"}],"version-history":[{"count":0,"href":"https:\/\/espamob.com\/pl\/wp-json\/wp\/v2\/pages\/21535\/revisions"}],"up":[{"embeddable":true,"href":"https:\/\/espamob.com\/pl\/wp-json\/wp\/v2\/pages\/13104"}],"wp:attachment":[{"href":"https:\/\/espamob.com\/pl\/wp-json\/wp\/v2\/media?parent=21535"}],"curies":[{"name":"wp","href":"https:\/\/api.w.org\/{rel}","templated":true}]}}