{"id":21531,"date":"2023-08-04T00:00:00","date_gmt":"2023-08-04T00:00:00","guid":{"rendered":"https:\/\/www.espamob.com\/praktyki-zawodowe-erasmus\/metiers-bouche\/stage-erasmus-charcuterie\/"},"modified":"2023-12-20T16:31:45","modified_gmt":"2023-12-20T16:31:45","slug":"praktyki-erasmus-wedliniarstwo","status":"publish","type":"page","link":"https:\/\/espamob.com\/pl\/praktyki-zawodowe-erasmus\/branzy-spozywczej\/praktyki-erasmus-wedliniarstwo\/","title":{"rendered":"Stage Erasmus : Charcuterie"},"content":{"rendered":"<div class=\"wpb-content-wrapper\"><p>[vc_row css=&#8221;.vc_custom_1703089886532{margin-top: -20px !important;margin-bottom: 40px !important;background-image: url(https:\/\/espamob.com\/wp-content\/uploads\/2023\/12\/Carniceria.webp?id=22078) !important;}&#8221; conditional_render=&#8221;%5B%7B%22value_role%22%3A%22administrator%22%7D%5D&#8221;][vc_column css=&#8221;.vc_custom_1687965657482{padding-top: 30px !important;}&#8221; conditional_render=&#8221;%5B%7B%22value_role%22%3A%22administrator%22%7D%5D&#8221;][vc_empty_space height=&#8221;170&#8243;][vc_custom_heading text=&#8221;Praktyka zawodowa Erasmus: W\u0119dliniarstwo&#8221; font_container=&#8221;tag:h1|font_size:27|text_align:center|color:%23ffffff&#8221; use_theme_fonts=&#8221;yes&#8221; css=&#8221;.vc_custom_1702912815278{margin-bottom: 15px !important;background-color: rgba(136,136,136,0.29) !important;*background-color: rgb(136,136,136) !important;}&#8221; animation_type=&#8221;zoomIn&#8221;][vc_empty_space height=&#8221;40&#8243;][\/vc_column][\/vc_row][vc_row wrap_container=&#8221;yes&#8221; text_align=&#8221;justify&#8221;][vc_column text_align=&#8221;justify&#8221;][vc_column_text]<\/p>\n<nav aria-label=\"breadcrumb\">\n<ol class=\"breadcrumb\">\n<li class=\"breadcrumb-item\"><a href=\"https:\/\/espamob.com\/pl\">Home<\/a><\/li>\n<li class=\"breadcrumb-item\"><a href=\"https:\/\/espamob.com\/pl\/praktyki-zawodowe-erasmus\">Sektory sta\u017cowe<\/a><\/li>\n<li class=\"breadcrumb-item active\" aria-current=\"page\"><a href=\"https:\/\/espamob.com\/pl\/praktyki-zawodowe-erasmus\/branzy-spozywczej\">Mobilno\u015b\u0107 w bran\u017cy spo\u017cywczej<\/a><\/li>\n<li class=\"breadcrumb-item active\" aria-current=\"page\">Praktyka zawodowa Erasmus: W\u0119dliniarstwo<\/li>\n<\/ol>\n<\/nav>\n<p>[\/vc_column_text][vc_custom_heading text=&#8221;Praktyka zawodowa Erasmus W\u0119dliniarstwo: niezapomniane do\u015bwiadczenie dla student\u00f3w&#8221; use_theme_fonts=&#8221;yes&#8221; css=&#8221;.vc_custom_1702565123772{margin-top: 20px !important;}&#8221;][vc_separator][vc_row_inner][vc_column_inner width=&#8221;7\/12&#8243;][vc_column_text]<b>Praktyka zawodowa Erasmus to wyj\u0105tkowa<\/b><span style=\"font-weight: 400;\"> okazja dla student\u00f3w rze\u017anictwa, w\u0119dliniarstwa lub gastronomii, aby cieszy\u0107 si\u0119 wzbogacaj\u0105cym mi\u0119dzynarodowym do\u015bwiadczeniem. Program ten umo\u017cliwia m\u0142odym profesjonalistom zdobywanie nowych umiej\u0119tno\u015bci i rozwijanie sieci kontakt\u00f3w zawodowych przy jednoczesnym odkrywaniu nowej kultury.<\/span><\/p>\n<h2>Czym s\u0105 praktyki zawodowe Erasmus Charcuterie?<\/h2>\n<p><span style=\"font-weight: 400;\">Sta\u017c zawodowy Erasmus W\u0119dliniarstwo to europejski program wymiany, kt\u00f3ry oferuje studentom i m\u0142odym profesjonalistom z bran\u017cy <\/span><b>mi\u0119snej, w\u0119dliniarskiej i gastronomicznej<\/b><span style=\"font-weight: 400;\"> mo\u017cliwo\u015b\u0107 odbycia sta\u017cu zawodowego za granic\u0105. Jest to wyj\u0105tkowa okazja, aby uczy\u0107 si\u0119 od do\u015bwiadczonych profesjonalist\u00f3w w r\u00f3\u017cnych krajach cz\u0142onkowskich Unii Europejskiej.<\/span><\/p>\n<h3>Cele sta\u017cu zawodowego Erasmus: W\u0119dliniarstwo<\/h3>\n<p><span style=\"font-weight: 400;\">Program ten ma kilka cel\u00f3w:<\/span><\/p>\n<ul>\n<li><span style=\"font-weight: 400;\">Umo\u017cliwienie studentom zapoznania si\u0119 z r\u00f3\u017cnymi technikami i know-how w rze\u017anictwie, w\u0119dliniarstwie i gastronomii.<\/span><\/li>\n<li>Wzmocnienie umiej\u0119tno\u015bci j\u0119zykowych i mi\u0119dzykulturowych uczestnik\u00f3w.<\/li>\n<li>Rozwijanie mi\u0119dzynarodowej sieci kontakt\u00f3w zawodowych, kt\u00f3ra b\u0119dzie przydatna w ca\u0142ej karierze zawodowej uczni\u00f3w.<\/li>\n<li>Promowanie mobilno\u015bci praktykant\u00f3w i profesjonalist\u00f3w w sektorze rze\u017anictwa, w\u0119dliniarstwa i gastronomii.<\/li>\n<\/ul>\n<h2>Warunki uczestnictwa<\/h2>\n<p><span style=\"font-weight: 400;\">Aby wzi\u0105\u0107 udzia\u0142 w sta\u017cu zawodowym Erasmus, nale\u017cy spe\u0142ni\u0107 okre\u015blone warunki:<\/span><\/p>\n<ol>\n<li><span style=\"font-weight: 400;\">By\u0107 studentem lub praktykantem w sektorze rze\u017anictwa, w\u0119dliniarstwa lub gastronomii.<\/span><\/li>\n<li><span style=\"font-weight: 400;\">By\u0107 w wieku od 18 do 30 lat.<\/span><\/li>\n<li><span style=\"font-weight: 400;\">By\u0107 uczniem szko\u0142y lub firmy bior\u0105cej udzia\u0142 w programie Erasmus+.<\/span><\/li>\n<li><span style=\"font-weight: 400;\">Posiada\u0107 wystarczaj\u0105cy poziom znajomo\u015bci j\u0119zyka kraju przyjmuj\u0105cego (zazwyczaj jest to j\u0119zyk angielski).<\/span><\/li>\n<\/ol>\n<h3>Czas trwania i organizacja praktyki<\/h3>\n<p><span style=\"font-weight: 400;\">Czas trwania sta\u017cu r\u00f3\u017cni si\u0119 w zale\u017cno\u015bci od potrzeb i dost\u0119pno\u015bci ka\u017cdego uczestnika, ale powinien wynosi\u0107 od <\/span><b>2 tygodni do 12 miesi\u0119cy<\/b><span style=\"font-weight: 400;\">. W tym okresie sta\u017cy\u015bci b\u0119d\u0105 pracowa\u0107 w firmie specjalizuj\u0105cej si\u0119 w rze\u017anictwie, w\u0119dliniarstwie lub gastronomii, gdzie b\u0119d\u0105 mogli wykorzysta\u0107 swoj\u0105 wiedz\u0119 w praktyce i rozwin\u0105\u0107 nowe umiej\u0119tno\u015bci.<\/span><\/p>\n<h2>Finansowanie i wsparcie dla uczestnik\u00f3w<\/h2>\n<p><span style=\"font-weight: 400;\">Program Erasmus+ oferuje uczestnikom wsparcie finansowe na pokrycie cz\u0119\u015bci koszt\u00f3w zwi\u0105zanych z pobytem. Dofinansowanie to obejmuje:<\/span><\/p>\n<ul>\n<li><span style=\"font-weight: 400;\">Dofinansowanie koszt\u00f3w podr\u00f3\u017cy i pobytu za granic\u0105.<\/span><\/li>\n<li>Miesi\u0119czny dodatek na pokrycie koszt\u00f3w utrzymania (zakwaterowanie, wy\u017cywienie itp.).<\/li>\n<\/ul>\n<p><span style=\"font-weight: 400;\">Sta\u017cy\u015bci korzystaj\u0105 r\u00f3wnie\u017c ze wsparcia w planowaniu kariery. S\u0105 nadzorowani przez opiekuna w firmie przyjmuj\u0105cej i otrzymuj\u0105 wsparcie od swojej instytucji macierzystej przez ca\u0142y czas trwania sta\u017cu.<\/span>[\/vc_column_text][\/vc_column_inner][vc_column_inner width=&#8221;1\/12&#8243;][\/vc_column_inner][vc_column_inner width=&#8221;4\/12&#8243;][vc_single_image image=&#8221;18166&#8243; img_size=&#8221;400*400&#8243; alignment=&#8221;right&#8221; style=&#8221;vc_box_rounded&#8221;][vc_btn title=&#8221;Zobacz wi\u0119cej&#8221; style=&#8221;custom&#8221; custom_background=&#8221;#e20000&#8243; custom_text=&#8221;#ffffff&#8221; align=&#8221;center&#8221; link=&#8221;url:https%3A%2F%2Fespamob.com%2Fpl%2Fkontakt-z-polskim-konsultantem|title:Kontakt|target:_blank&#8221;][\/vc_column_inner][\/vc_row_inner][vc_custom_heading text=&#8221;Korzy\u015bci ze sta\u017cu zawodowego Erasmus Charcuterie&#8221; font_container=&#8221;tag:h3|text_align:left&#8221; use_theme_fonts=&#8221;yes&#8221; css=&#8221;.vc_custom_1702565620390{margin-top: 20px !important;}&#8221;][vc_separator][vc_row_inner][vc_column_inner width=&#8221;7\/12&#8243;][vc_column_text]<span style=\"font-weight: 400;\">Udzia\u0142 w tym programie oferuje wiele korzy\u015bci, zar\u00f3wno zawodowych, jak i osobistych:<\/span><\/p>\n<ul>\n<li><b>Zdobycie mi\u0119dzynarodowego do\u015bwiadczenia zawodowego,<\/b><span style=\"font-weight: 400;\"> kt\u00f3re jest cenione na rynku pracy.<\/span><\/li>\n<li><b>Rozwijanie umiej\u0119tno\u015bci technicznych i j\u0119zykowych<\/b>, kt\u00f3re s\u0105 niezb\u0119dne do odniesienia sukcesu w sektorze rze\u017aniczym, garma\u017ceryjnym i gastronomicznym.<\/li>\n<li><b>Odkryj now\u0105 kultur\u0119<\/b> i otw\u00f3rz si\u0119 na nowe perspektywy.<\/li>\n<li><b>Zbuduj profesjonaln\u0105 sie\u0107<\/b>, kt\u00f3ra b\u0119dzie przydatna przez ca\u0142\u0105 karier\u0119.<\/li>\n<\/ul>\n<h2>Opinie by\u0142ych uczestnik\u00f3w<\/h2>\n<p><span style=\"font-weight: 400;\">Wielu naszych student\u00f3w ma za sob\u0105 to wyj\u0105tkowe do\u015bwiadczenie i wysz\u0142o z niego znacznie silniejszymi osobami. Oto kilka opinii by\u0142ych uczestnik\u00f3w:<\/span><\/p>\n<blockquote>\n<p><span style=\"font-weight: 400;\">&#8222;Sta\u017c zawodowy Erasmus Charcuterie pozwoli\u0142 mi odkry\u0107 nowe techniki pracy i poprawi\u0107 umiej\u0119tno\u015bci w moim zawodzie. Mog\u0142em r\u00f3wnie\u017c poprawi\u0107 sw\u00f3j angielski i pozna\u0107 niezapomnianych ludzi&#8221;. &#8211; Pierre, 23 lata, Francja<\/span><\/p>\n<p><span style=\"font-weight: 400;\">&#8222;M\u00f3j sta\u017c we W\u0142oszech by\u0142 niesamowitym do\u015bwiadczeniem! Dowiedzia\u0142em si\u0119 wiele o w\u0142oskich w\u0119dlinach i wr\u00f3ci\u0142em do domu z mn\u00f3stwem pomys\u0142\u00f3w na rozw\u00f3j mojej przysz\u0142ej dzia\u0142alno\u015bci. Polecam ten program ka\u017cdemu studentowi z tego sektora! &#8211; Marta, 25 lat, Hiszpania<\/span><\/p>\n<\/blockquote>\n<p><span style=\"font-weight: 400;\">Podsumowuj\u0105c, praktyka zawodowa Erasmus Charcuterie to okazja, kt\u00f3rej nie mo\u017cna przegapi\u0107 dla student\u00f3w rze\u017anictwa, w\u0119dliniarstwa lub gastronomii, kt\u00f3rzy chc\u0105 wzbogaci\u0107 swoj\u0105 \u015bcie\u017ck\u0119 kariery i cieszy\u0107 si\u0119 wyj\u0105tkowym mi\u0119dzynarodowym do\u015bwiadczeniem.<\/span>[\/vc_column_text][\/vc_column_inner][vc_column_inner width=&#8221;1\/12&#8243;][\/vc_column_inner][vc_column_inner width=&#8221;4\/12&#8243;][vc_raw_html]JTNDZGl2JTIwc3R5bGUlM0QlMjJwYWRkaW5nJTNBJTIwMzBweCUzQmJhY2tncm91bmQtY29sb3IlM0ElMjAlMjNGNEY0RjQlM0IlMjIlM0UlMEElMjAlMjAlMjAlMjAlM0NoNCUzRU9ka3J5aiUyMHdzenlzdGtpZSUyMHNla3RvcnklMjBwcmFrdHlrJTNDJTJGaDQlM0UlMEElMjAlMjAlMjAlMjAlM0NwJTNFRXNwYW1vYiUyMHNwZWNqYWxpenVqZSUyMHNpJUM0JTk5JTIwdyUyMHBvbWFnYW5pdSUyMGdydXBvbSUyMHclMjBtb2JpbG5vJUM1JTlCY2klMjB3JTIwcmFtYWNoJTIwcHJvZ3JhbXUlMjBFcmFzbXVzJTIwJTJCLiUyMERvd2llZHolMjBzaSVDNCU5OSUyMG8lMjB3c3p5c3RraWNoJTIwc2VrdG9yYWNoJTIwcHJha3R5ayUyMEVyYXNtdXMlMjB3JTIwSGlzenBhbmlpJTIwemElMjBwb21vYyVDNCU4NSUyMGtpbGt1JTIwa2xpa25pJUM0JTk5JUM0JTg3LiUzQyUyRnAlM0UlMEElMjAlMjAlMjAlMjAlM0NhJTIwY2xhc3MlM0QlMjJ2Y19nZW5lcmFsJTIwdmNfYnRuMyUyMHZjX2J0bjMtc2l6ZS1tZCUyMHZjX2J0bjMtc2hhcGUtZGVmYXVsdCUyMHZjX2J0bjMtc3R5bGUtY3VzdG9tJTIwd3BiX2N1c3RvbV82Njg3YjI2ZjM5NDg4ZGRiYjg1ZGRiM2MxY2U4ZTExMSUyMGJ0biUyMiUyMHN0eWxlJTNEJTIyYmFja2dyb3VuZC1jb2xvciUzQSUyM2UyMDAwMCUzQiUyMGNvbG9yJTNBJTIzZmZmZmZmJTNCJTIwYmFja2dyb3VuZC1jb2xvciUzQSUyM2UyMDAwMCUzQiUyMGNvbG9yJTNBJTIzZmZmZmZmJTNCJTIyJTIwaHJlZiUzRCUyMmh0dHBzJTNBJTJGJTJGd3d3LmVzcGFtb2IuY29tJTJGcGwlMkZwcmFrdHlraS16YXdvZG93ZS1lcmFzbXVzJTJGJTIyJTIwdGl0bGUlM0QlMjJTZWt0b3J5JTIwc3RhJUM1JUJDb3dlJTIyJTIwdGFyZ2V0JTNEJTIyX2JsYW5rJTIyJTNFT2RrcnlqJTIwc2VrdG9yeSUzQyUyRmElM0UlMEElM0MlMkZkaXYlM0U=[\/vc_raw_html][\/vc_column_inner][\/vc_row_inner][\/vc_column][\/vc_row][vc_row full_width=&#8221;stretch_row&#8221; wrap_container=&#8221;yes&#8221; is_section=&#8221;yes&#8221; css=&#8221;.vc_custom_1702565905865{padding-top: 15px !important;padding-bottom: 15px !important;background-color: #f8f392 !important;}&#8221; conditional_render=&#8221;%5B%7B%22value_role%22%3A%22administrator%22%7D%5D&#8221;][vc_column][vc_row_inner css=&#8221;.vc_custom_1688548648248{background-color: #f8f392 !important;}&#8221;][vc_column_inner][vc_custom_heading text=&#8221;Popro\u015b o bezp\u0142atn\u0105 wycen\u0119&#8221; font_container=&#8221;tag:h2|text_align:center&#8221; use_theme_fonts=&#8221;yes&#8221;][vc_column_text]<\/p>\n<p style=\"text-align: justify;\">Masz pomys\u0142 na projekt Erasmus+ w Hiszpanii i szukasz zaufanej agencji, kt\u00f3ra Ci\u0119 wesprze?\u00a0<strong>Espamob<\/strong>\u2019 jest tutaj, aby Ci pom\u00f3c! Oferujemy bezp\u0142atn\u0105 i niezobowi\u0105zuj\u0105c\u0105 wycen\u0119, kt\u00f3ra pomo\u017ce Ci zarz\u0105dza\u0107 projektem mobilno\u015bci. Dzi\u0119ki naszemu do\u015bwiadczeniu i sieci firm partnerskich mo\u017cemy zaoferowa\u0107 spersonalizowane wsparcie, aby spe\u0142ni\u0107 Twoje specyficzne potrzeby. Skontaktuj si\u0119 z nami ju\u017c teraz, aby om\u00f3wi\u0107 sw\u00f3j projekt i otrzyma\u0107 bezp\u0142atn\u0105 wycen\u0119.<\/p>\n<p>[\/vc_column_text]<div id=\"modal-trg-txt-wrap-5296\" class=\"ult-modal-input-wrapper ult-adjust-bottom-margin    \" data-keypress-control=\"keypress-control-enable\" data-overlay-control=\"overlay-control-enable\"><style>\n\t\t\t\t\t.btn-modal.btn-id-69e78811b42875-01743344:hover {\n\t\t\t\t\t\tbackground-color: #e20000 !important;\n\t\t\t\t\t}\n\t\t\t\t\t<\/style><button  data-ultimate-target='#modal-trg-txt-wrap-5296 .btn-modal'  data-responsive-json-new='{\"font-size\":\"\",\"line-height\":\"\"}'  style=\"background:#888888;border-color:#888888;color:#ffffff; \" data-class-id=\"content-69e78811b42875-01743344\" class=\"btn-modal ult-responsive btn-primary btn-modal-md overlay-show ult-align-center btn-id-69e78811b42875-01743344\" data-overlay-class=\"overlay-cornerbottomleft\">ZAM\u00d3W BEZP\u0141ATN\u0104 WYCEN\u0118<\/button><\/div>\n<div class=\"ult-overlay content-69e78811b42875-01743344 \" data-class=\"content-69e78811b42875-01743344\" id=\"button-click-overlay\" style=\"background:rgba(51,51,51,0.8); display:none;\">\n\t<div class=\"ult_modal ult-fade ult-medium\">\n\t\t<div id=\"ult-modal-wrap-8275\" class=\"ult_modal-content ult-hide\" style=\"border-style:solid;border-width:2px;border-radius:0px;border-color:#333333;\">\n\t\t\t<div class=\"ult_modal-header\" style=\"color:#333333;border-color:#333333;\">\n\t\t\t\t<h3  data-ultimate-target='#ult-modal-wrap-8275 .ult_modal-title'  data-responsive-json-new='{\"font-size\":\"\",\"line-height\":\"\"}'  class=\"ult_modal-title ult-responsive\">ZAM\u00d3W BEZP\u0141ATN\u0104 WYCEN\u0118<\/h3>\n\t\t\t<\/div>\n\t\t\t<div  data-ultimate-target='#ult-modal-wrap-8275 .ult_modal-body'  data-responsive-json-new='{\"font-size\":\"\",\"line-height\":\"\"}'  class=\"ult_modal-body ult-responsive ult-html\" style=\"\">\n\t\t\t<\/p>\n<p>[caldera_form id=&#8221;CF6149e02688efa&#8221;]<\/p>\n<p>\n\t\t\t<\/div>\n\t<\/div>\n\t<\/div>\n\t<div class=\"ult-overlay-close top-right\" style=\"width:80px;height:80px; \"><div class=\"ult-overlay-close-inside\">Close<\/div><\/div>\n<\/div>[\/vc_column_inner][\/vc_row_inner][\/vc_column][\/vc_row][vc_row wrap_container=&#8221;yes&#8221; css=&#8221;.vc_custom_1689256499740{margin-top: 15px !important;}&#8221; conditional_render=&#8221;%5B%7B%22value_role%22%3A%22administrator%22%7D%5D&#8221;][vc_column][vc_custom_heading text=&#8221;Cz\u0119sto zadawane pytania&#8221; font_container=&#8221;tag:h2|text_align:center|color:%23000000&#8243; use_theme_fonts=&#8221;yes&#8221;][vc_separator][vc_row_inner][vc_column_inner width=&#8221;7\/12&#8243;][vc_column_text]<\/p>\n<h3>Jakie us\u0142ugi oferuje Espamob w ramach praktyk Erasmus w Hiszpanii w sektorze w\u0119dliniarskim?<\/h3>\n<p><span style=\"font-weight: 400;\">Espamob oferuje pe\u0142en zakres us\u0142ug zwi\u0105zanych z praktykami Erasmus w sektorze w\u0119dliniarskim w Hiszpanii. Obejmuje to wsparcie w tworzeniu projektu, znalezieniu finansowania, przyjmowaniu student\u00f3w na uniwersytetach i w firmach partnerskich specjalizuj\u0105cych si\u0119 w produkcji w\u0119dlin oraz znalezieniu i rezerwacji odpowiedniego zakwaterowania.<\/span><\/p>\n<h3>W jaki spos\u00f3b Espamob mo\u017ce pom\u00f3c w sfinansowaniu sta\u017cu Erasmus w sektorze w\u0119dliniarskim w Hiszpanii?<\/h3>\n<p><span style=\"font-weight: 400;\">Espamob ma do\u015bwiadczenie w znajdowaniu funduszy na sta\u017ce w ramach programu Erasmus. Agencja mo\u017ce przeprowadzi\u0107 Ci\u0119 przez proces uzyskiwania grant\u00f3w lub dotacji na sfinansowanie planowanego sta\u017cu w sektorze w\u0119dliniarskim w Hiszpanii. Mo\u017ce r\u00f3wnie\u017c pom\u00f3c w przygotowaniu szczeg\u00f3\u0142owego bud\u017cetu i znalezieniu potencjalnych partner\u00f3w finansowych.<\/span><\/p>\n<h3>Czy Espamob zajmuje si\u0119 odbiorem z lotniska w przypadku praktyk Erasmus w Hiszpanii w sektorze w\u0119dliniarskim?<\/h3>\n<p><span style=\"font-weight: 400;\">Tak, Espamob przyjmuje r\u00f3wnie\u017c grupy na lotnisku, gdy przylatuj\u0105 do Hiszpanii na sta\u017c Erasmus w sektorze w\u0119dliniarskim. Agencja odbiera uczestnik\u00f3w po przylocie i odwozi ich do miejsca zakwaterowania. Dzi\u0119ki temu sta\u017cy\u015bci otrzymuj\u0105 ciep\u0142e powitanie i mog\u0105 spokojnie rozpocz\u0105\u0107 swoje do\u015bwiadczenie.<\/span>[\/vc_column_text][\/vc_column_inner][vc_column_inner width=&#8221;1\/12&#8243;][\/vc_column_inner][vc_column_inner width=&#8221;4\/12&#8243;][vc_single_image image=&#8221;15074&#8243; img_size=&#8221;full&#8221;][vc_column_text]<b>Dowiedz si\u0119 wi\u0119cej o r\u00f3\u017cnych kierunkach Erasmus + w Hiszpanii:<\/b><\/p>\n<ul>\n<li><a href=\"https:\/\/espamob.com\/pl\/praktyki-zawodowe-erasmus\/branzy-spozywczej\/praktyki-erasmus-rzeznictwo\"><span style=\"font-weight: 400;\"><span style=\"font-weight: 400;\">Praktyka zawodowa Erasmus: <\/span><\/span>Rze\u017anictwo<\/a><\/li>\n<li><a href=\"https:\/\/espamob.com\/pl\/praktyki-zawodowe-erasmus\/branzy-spozywczej\/praktyki-erasmus-sommelier\"><span style=\"font-weight: 400;\">Praktyka zawodowa Erasmus: Sommelier<\/span><\/a><\/li>\n<li><a href=\"https:\/\/espamob.com\/pl\/praktyki-zawodowe-erasmus\/branzy-spozywczej\/praktyki-erasmus-rybolowstwo\"><span style=\"font-weight: 400;\">Praktyka zawodowa Erasmus: Rybo\u0142\u00f3wstwo<\/span><\/a><\/li>\n<li><a href=\"https:\/\/espamob.com\/pl\/praktyki-zawodowe-erasmus\/branzy-spozywczej\/praktyki-erasmus-piekarnictwo\"><span style=\"font-weight: 400;\">Praktyka zawodowa Erasmus: Piekarnictwo<\/span><\/a><\/li>\n<li><a href=\"https:\/\/espamob.com\/pl\/praktyki-zawodowe-erasmus\/branzy-spozywczej\/praktyki-erasmus-cukiernictwo\"><span style=\"font-weight: 400;\">Praktyka zawodowa Erasmus: Cukiernictwo<\/span><\/a><\/li>\n<li><a href=\"https:\/\/espamob.com\/pl\/praktyki-zawodowe-erasmus\/branzy-spozywczej\/praktyki-erasmus-czekoladowe\"><span style=\"font-weight: 400;\">Praktyka zawodowa Erasmus: Wyroby czekoladowe i cukiernicze<\/span><\/a><\/li>\n<li><a href=\"https:\/\/espamob.com\/pl\/praktyki-zawodowe-erasmus\/branzy-spozywczej\/praktyki-erasmus-lodziarstwo\"><span style=\"font-weight: 400;\">Praktyka zawodowa Erasmus: Lodziarstwo<\/span><\/a><\/li>\n<li><a href=\"https:\/\/espamob.com\/pl\/praktyki-zawodowe-erasmus\/branzy-spozywczej\/praktyki-erasmus-gotowanie\"><span style=\"font-weight: 400;\">Praktyka zawodowa Erasmus: Gastronomia<\/span><\/a><\/li>\n<\/ul>\n<p>[\/vc_column_text][\/vc_column_inner][\/vc_row_inner][\/vc_column][\/vc_row]<\/p>\n<\/div>","protected":false},"excerpt":{"rendered":"<p>[vc_row css=&#8221;.vc_custom_1703089886532{margin-top: -20px !important;margin-bottom: 40px !important;background-image: url(https:\/\/espamob.com\/wp-content\/uploads\/2023\/12\/Carniceria.webp?id=22078) !important;}&#8221; conditional_render=&#8221;%5B%7B%22value_role%22%3A%22administrator%22%7D%5D&#8221;][vc_column css=&#8221;.vc_custom_1687965657482{padding-top: 30px !important;}&#8221; conditional_render=&#8221;%5B%7B%22value_role%22%3A%22administrator%22%7D%5D&#8221;][vc_empty_space height=&#8221;170&#8243;][vc_custom_heading text=&#8221;Praktyka zawodowa Erasmus: W\u0119dliniarstwo&#8221; font_container=&#8221;tag:h1|font_size:27|text_align:center|color:%23ffffff&#8221; use_theme_fonts=&#8221;yes&#8221; css=&#8221;.vc_custom_1702912815278{margin-bottom: 15px !important;background-color: rgba(136,136,136,0.29) !important;*background-color: rgb(136,136,136) !important;}&#8221; animation_type=&#8221;zoomIn&#8221;][vc_empty_space height=&#8221;40&#8243;][\/vc_column][\/vc_row][vc_row wrap_container=&#8221;yes&#8221; text_align=&#8221;justify&#8221;][vc_column text_align=&#8221;justify&#8221;][vc_column_text] Home Sektory sta\u017cowe Mobilno\u015b\u0107 w bran\u017cy spo\u017cywczej Praktyka zawodowa Erasmus: W\u0119dliniarstwo [\/vc_column_text][vc_custom_heading text=&#8221;Praktyka zawodowa Erasmus W\u0119dliniarstwo: niezapomniane do\u015bwiadczenie dla student\u00f3w&#8221; use_theme_fonts=&#8221;yes&#8221; css=&#8221;.vc_custom_1702565123772{margin-top: 20px<\/p>\n","protected":false},"author":2,"featured_media":0,"parent":13104,"menu_order":0,"comment_status":"closed","ping_status":"closed","template":"","meta":{"footnotes":""},"class_list":["post-21531","page","type-page","status-publish","hentry"],"_links":{"self":[{"href":"https:\/\/espamob.com\/pl\/wp-json\/wp\/v2\/pages\/21531","targetHints":{"allow":["GET"]}}],"collection":[{"href":"https:\/\/espamob.com\/pl\/wp-json\/wp\/v2\/pages"}],"about":[{"href":"https:\/\/espamob.com\/pl\/wp-json\/wp\/v2\/types\/page"}],"author":[{"embeddable":true,"href":"https:\/\/espamob.com\/pl\/wp-json\/wp\/v2\/users\/2"}],"replies":[{"embeddable":true,"href":"https:\/\/espamob.com\/pl\/wp-json\/wp\/v2\/comments?post=21531"}],"version-history":[{"count":0,"href":"https:\/\/espamob.com\/pl\/wp-json\/wp\/v2\/pages\/21531\/revisions"}],"up":[{"embeddable":true,"href":"https:\/\/espamob.com\/pl\/wp-json\/wp\/v2\/pages\/13104"}],"wp:attachment":[{"href":"https:\/\/espamob.com\/pl\/wp-json\/wp\/v2\/media?parent=21531"}],"curies":[{"name":"wp","href":"https:\/\/api.w.org\/{rel}","templated":true}]}}