{"id":21527,"date":"2023-08-04T00:00:00","date_gmt":"2023-08-04T00:00:00","guid":{"rendered":"https:\/\/www.espamob.com\/praktyki-zawodowe-erasmus\/metiers-bouche\/stage-erasmus-boucherie\/"},"modified":"2025-07-28T06:29:16","modified_gmt":"2025-07-28T06:29:16","slug":"praktyki-erasmus-rzeznictwo","status":"publish","type":"page","link":"https:\/\/espamob.com\/pl\/praktyki-zawodowe-erasmus\/branzy-spozywczej\/praktyki-erasmus-rzeznictwo\/","title":{"rendered":"Stage Erasmus : Boucherie"},"content":{"rendered":"<div class=\"wpb-content-wrapper\"><p>[vc_row css=&#8221;.vc_custom_1701370513706{margin-top: -20px !important;margin-bottom: 40px !important;background-image: url(https:\/\/espamob.com\/wp-content\/uploads\/2023\/11\/Profesiones-culinarias.webp?id=21208) !important;}&#8221; conditional_render=&#8221;%5B%7B%22value_role%22%3A%22administrator%22%7D%5D&#8221;][vc_column css=&#8221;.vc_custom_1687965657482{padding-top: 30px !important;}&#8221; conditional_render=&#8221;%5B%7B%22value_role%22%3A%22administrator%22%7D%5D&#8221;][vc_empty_space height=&#8221;170&#8243;][vc_custom_heading text=&#8221;Praktyka zawodowa Erasmus: Rze\u017anictwo&#8221; font_container=&#8221;tag:h1|font_size:27|text_align:center|color:%23ffffff&#8221; use_theme_fonts=&#8221;yes&#8221; css=&#8221;.vc_custom_1702911844933{margin-bottom: 15px !important;background-color: rgba(136,136,136,0.29) !important;*background-color: rgb(136,136,136) !important;}&#8221; animation_type=&#8221;zoomIn&#8221;][vc_empty_space height=&#8221;40&#8243;][\/vc_column][\/vc_row][vc_row wrap_container=&#8221;yes&#8221; text_align=&#8221;justify&#8221;][vc_column text_align=&#8221;justify&#8221;][vc_column_text]<\/p>\n<nav aria-label=\"breadcrumb\">\n<ol class=\"breadcrumb\">\n<li class=\"breadcrumb-item\"><a href=\"https:\/\/espamob.com\/pl\">Home<\/a><\/li>\n<li class=\"breadcrumb-item\"><a href=\"https:\/\/espamob.com\/pl\/praktyki-zawodowe-erasmus\/\">Sektory sta\u017cowe<\/a><\/li>\n<li class=\"breadcrumb-item active\" aria-current=\"page\"><a href=\"https:\/\/espamob.com\/pl\/praktyki-zawodowe-erasmus\/branzy-spozywczej\/\">Mobilno\u015b\u0107 w bran\u017cy spo\u017cywczej<\/a><\/li>\n<li class=\"breadcrumb-item active\" aria-current=\"page\">Praktyka zawodowa Erasmus: Rze\u017anictwo<\/li>\n<\/ol>\n<\/nav>\n<p>[\/vc_column_text][vc_custom_heading text=&#8221;Praktyka zawodowa Erasmus w sektorze rze\u017anictwa: wzbogacaj\u0105ce do\u015bwiadczenie&#8221; use_theme_fonts=&#8221;yes&#8221; css=&#8221;.vc_custom_1702564096754{margin-top: 20px !important;}&#8221;][vc_separator][vc_row_inner][vc_column_inner width=&#8221;7\/12&#8243;][vc_column_text]<b>Praktyka zawodowa Erasmus w rze\u017anictwo <\/b><span style=\"font-weight: 400;\">to doskona\u0142a okazja dla m\u0142odych praktykant\u00f3w do rozwijania swoich umiej\u0119tno\u015bci i poszerzania horyzont\u00f3w zawodowych. Dzi\u0119ki programowi Erasmus studenci mog\u0105 odby\u0107 sta\u017c za granic\u0105 w bran\u017cy rze\u017aniczej, skorzysta\u0107 z wysokiej jako\u015bci szkole\u0144 i odkry\u0107 nowe praktyki zawodowe.<\/span><\/p>\n<h2>Dlaczego warto wybra\u0107 praktyki Erasmus w rze\u017anictwo ?<\/h2>\n<p><span style=\"font-weight: 400;\">Sektor rze\u017anictwa stale si\u0119 rozwija i wymaga wykwalifikowanych specjalist\u00f3w. Praktyka Erasmusa w bran\u017cy rze\u017aniczej umo\u017cliwia praktykantom :<\/span><\/p>\n<ul>\n<li><span style=\"font-weight: 400;\">zdobycie mi\u0119dzynarodowego do\u015bwiadczenia zawodowego<\/span><\/li>\n<li>rozwija\u0107 swoje umiej\u0119tno\u015bci j\u0119zykowe<\/li>\n<li>dostosowa\u0107 si\u0119 do nowego \u015brodowiska pracy,<\/li>\n<li>zapoznanie si\u0119 z r\u00f3\u017cnymi technikami rozbioru i przygotowania mi\u0119sa.<\/li>\n<\/ul>\n<p><span style=\"font-weight: 400;\">Ten rodzaj sta\u017cu oferuje r\u00f3wnie\u017c mo\u017cliwo\u015b\u0107 nawi\u0105zania kontakt\u00f3w z profesjonalistami z bran\u017cy i poszerzenia sieci kontakt\u00f3w zawodowych.<\/span><\/p>\n<h2>Korzy\u015bci p\u0142yn\u0105ce z programu Erasmus<\/h2>\n<p><span style=\"font-weight: 400;\">Program Erasmus oferuje szereg korzy\u015bci studentom pragn\u0105cym odby\u0107 praktyk\u0119 zawodow\u0105 w bran\u017cy rze\u017aniczej:<\/span><\/p>\n<ol>\n<li><b>Stypendium mobilno\u015bci:<\/b><span style=\"font-weight: 400;\"> aby pom\u00f3c studentom sfinansowa\u0107 pobyt za granic\u0105, program Erasmus przyznaje stypendia mobilno\u015bci. Kwota stypendium r\u00f3\u017cni si\u0119 w zale\u017cno\u015bci od kraju docelowego i d\u0142ugo\u015bci sta\u017cu.<\/span><\/li>\n<li><b>Uznanie akademickie<\/b><span style=\"font-weight: 400;\">: praktyki w ramach programu Erasmus s\u0105 uznawane za cz\u0119\u015b\u0107 studi\u00f3w i mog\u0105 by\u0107 potwierdzone punktami ECTS (Europejski System Transferu Punkt\u00f3w).<\/span><\/li>\n<li><b>Wsparcie logistyczne i administracyjne<\/b><span style=\"font-weight: 400;\">: instytucje wysy\u0142aj\u0105ce i przyjmuj\u0105ce oraz krajowe agencje programu Erasmus pomagaj\u0105 studentom przygotowa\u0107 si\u0119 do pobytu (znalezienie zakwaterowania, rejestracja itp.).<\/span><\/li>\n<li><b>Ubezpieczenie<\/b>: studenci odbywaj\u0105cy praktyki w ramach programu Erasmus s\u0105 obj\u0119ci ubezpieczeniem zdrowotnym, wypadkowym i od odpowiedzialno\u015bci cywilnej.<\/li>\n<\/ol>\n<p>[\/vc_column_text][\/vc_column_inner][vc_column_inner width=&#8221;1\/12&#8243;][\/vc_column_inner][vc_column_inner width=&#8221;4\/12&#8243;][vc_single_image image=&#8221;18146&#8243; img_size=&#8221;400*400&#8243; alignment=&#8221;right&#8221; style=&#8221;vc_box_rounded&#8221;][vc_btn title=&#8221;Zobacz wi\u0119cej&#8221; style=&#8221;custom&#8221; custom_background=&#8221;#e20000&#8243; custom_text=&#8221;#ffffff&#8221; align=&#8221;center&#8221; link=&#8221;url:https%3A%2F%2Fespamob.com%2Fpl%2Fkontakt-z-polskim-konsultantem|title:Kontakt|target:_blank&#8221;][\/vc_column_inner][\/vc_row_inner][vc_custom_heading text=&#8221;Kilka przyk\u0142ad\u00f3w praktyk Erasmus w rze\u017anictwie&#8221; font_container=&#8221;tag:h3|text_align:left&#8221; use_theme_fonts=&#8221;yes&#8221; css=&#8221;.vc_custom_1702564223243{margin-top: 20px !important;}&#8221;][vc_separator][vc_row_inner][vc_column_inner width=&#8221;7\/12&#8243;][vc_column_text]<span style=\"font-weight: 400;\">Istnieje wiele r\u00f3\u017cnych miejsc docelowych dla praktyk Erasmus w rze\u017anictwie. Oto kilka przyk\u0142ad\u00f3w praktyk zrealizowanych przez praktykant\u00f3w:<\/span><\/p>\n<h3>Sta\u017c w Smokin&#8217; Butcher w Ashbourne, Irlandia<\/h3>\n<p><span style=\"font-weight: 400;\">Ten tradycyjny sklep mi\u0119sny w Ashbourne w Irlandii oferuje praktyki zawodowe studentom, kt\u00f3rzy chc\u0105 specjalizowa\u0107 si\u0119 w technikach w\u0119dzenia mi\u0119sa. Praktykanci maj\u0105 mo\u017cliwo\u015b\u0107 poznania r\u00f3\u017cnych metod w\u0119dzenia, pracy z lokalnymi produktami i odkrywania specjalno\u015bci irlandzkiego rze\u017anictwa.<\/span><\/p>\n<h3>Praktyki we francuskim sklepie mi\u0119snym w Londynie, Wielka Brytania<\/h3>\n<p><span style=\"font-weight: 400;\">Wielu francuskich rze\u017anik\u00f3w w Londynie oferuje praktyki zawodowe studentom, kt\u00f3rzy chc\u0105 pozna\u0107 bran\u017c\u0119 rze\u017anicz\u0105 w kontek\u015bcie mi\u0119dzynarodowym. Praktykanci maj\u0105 mo\u017cliwo\u015b\u0107 zapoznania si\u0119 z technikami rozbioru i przygotowywania mi\u0119sa charakterystycznymi dla francuskiej bran\u017cy rze\u017aniczej, jednocze\u015bnie rozwijaj\u0105c swoje umiej\u0119tno\u015bci j\u0119zykowe.<\/span><\/p>\n<h3>Praktyka zawodowa w zak\u0142adzie mi\u0119snym specjalizuj\u0105cym si\u0119 w egzotycznych mi\u0119sach w Hiszpanii<\/h3>\n<p><span style=\"font-weight: 400;\">Studenci, kt\u00f3rzy chc\u0105 nauczy\u0107 si\u0119 krojenia i przygotowywania egzotycznych mi\u0119s, mog\u0105 odby\u0107 praktyki w hiszpa\u0144skim sklepie mi\u0119snym. Praktykanci ucz\u0105 si\u0119, jak pracowa\u0107 z produktami takimi jak kangur, krokodyl i stru\u015b, a tak\u017ce odkrywaj\u0105 nowe smaki i metody gotowania.<\/span><\/p>\n<h2>Jak znale\u017a\u0107 praktyk\u0119 Erasmusa w rze\u017anictwo ?<\/h2>\n<p><span style=\"font-weight: 400;\">Aby znale\u017a\u0107 praktyk\u0119 Erasmusa w rze\u017anictwie, zalecamy :<\/span><\/p>\n<ol>\n<li><span style=\"font-weight: 400;\"> zasi\u0119gn\u0105\u0107 informacji w plac\u00f3wce szkoleniowej (CFA, szko\u0142a zawodowa itp.), kt\u00f3ra zazwyczaj posiada dzia\u0142 zajmuj\u0105cy si\u0119 praktykami zawodowymi i mobilno\u015bci\u0105 mi\u0119dzynarodow\u0105,<\/span><\/li>\n<li><span style=\"font-weight: 400;\"> zapoznanie si\u0119 z ofertami praktyk na portalu <\/span><b>Erasmus Intern Traineeship Portal<\/b><span style=\"font-weight: 400;\">,<\/span><\/li>\n<li><span style=\"font-weight: 400;\"> korzysta\u0107 z profesjonalnych sieci spo\u0142eczno\u015bciowych w celu nawi\u0105zania kontaktu z firmami i organizacjami, kt\u00f3re mog\u0105 przyj\u0105\u0107 sta\u017cyst\u00f3w,<\/span><\/li>\n<li><span style=\"font-weight: 400;\"> szuka\u0107 pomocy w krajowych agencjach Erasmusa i stowarzyszeniach studenckich zaanga\u017cowanych w program.<\/span><\/li>\n<\/ol>\n<p><span style=\"font-weight: 400;\">Podsumowuj\u0105c, sta\u017c Erasmusa w bran\u017cy rze\u017aniczej jest wzbogacaj\u0105cym do\u015bwiadczeniem, zar\u00f3wno zawodowym, jak i osobistym. Dzi\u0119ki programowi Erasmus praktykanci maj\u0105 mo\u017cliwo\u015b\u0107 rozwijania swoich umiej\u0119tno\u015bci i poszerzania horyzont\u00f3w poprzez odkrywanie nowych praktyk zawodowych za granic\u0105.<\/span>[\/vc_column_text][\/vc_column_inner][vc_column_inner width=&#8221;1\/12&#8243;][\/vc_column_inner][vc_column_inner width=&#8221;4\/12&#8243;][vc_raw_html]JTNDZGl2JTIwc3R5bGUlM0QlMjJwYWRkaW5nJTNBJTIwMzBweCUzQmJhY2tncm91bmQtY29sb3IlM0ElMjAlMjNGNEY0RjQlM0IlMjIlM0UlMEElMjAlMjAlMjAlMjAlM0NoNCUzRU9ka3J5aiUyMHdzenlzdGtpZSUyMHNla3RvcnklMjBwcmFrdHlrJTNDJTJGaDQlM0UlMEElMjAlMjAlMjAlMjAlM0NwJTNFRXNwYW1vYiUyMHNwZWNqYWxpenVqZSUyMHNpJUM0JTk5JTIwdyUyMHBvbWFnYW5pdSUyMGdydXBvbSUyMHclMjBtb2JpbG5vJUM1JTlCY2klMjB3JTIwcmFtYWNoJTIwcHJvZ3JhbXUlMjBFcmFzbXVzJTIwJTJCLiUyMERvd2llZHolMjBzaSVDNCU5OSUyMG8lMjB3c3p5c3RraWNoJTIwc2VrdG9yYWNoJTIwcHJha3R5ayUyMEVyYXNtdXMlMjB3JTIwSGlzenBhbmlpJTIwemElMjBwb21vYyVDNCU4NSUyMGtpbGt1JTIwa2xpa25pJUM0JTk5JUM0JTg3LiUzQyUyRnAlM0UlMEElMjAlMjAlMjAlMjAlM0NhJTIwY2xhc3MlM0QlMjJ2Y19nZW5lcmFsJTIwdmNfYnRuMyUyMHZjX2J0bjMtc2l6ZS1tZCUyMHZjX2J0bjMtc2hhcGUtZGVmYXVsdCUyMHZjX2J0bjMtc3R5bGUtY3VzdG9tJTIwd3BiX2N1c3RvbV82Njg3YjI2ZjM5NDg4ZGRiYjg1ZGRiM2MxY2U4ZTExMSUyMGJ0biUyMiUyMHN0eWxlJTNEJTIyYmFja2dyb3VuZC1jb2xvciUzQSUyM2UyMDAwMCUzQiUyMGNvbG9yJTNBJTIzZmZmZmZmJTNCJTIwYmFja2dyb3VuZC1jb2xvciUzQSUyM2UyMDAwMCUzQiUyMGNvbG9yJTNBJTIzZmZmZmZmJTNCJTIyJTIwaHJlZiUzRCUyMmh0dHBzJTNBJTJGJTJGd3d3LmVzcGFtb2IuY29tJTJGcGwlMkZwcmFrdHlraS16YXdvZG93ZS1lcmFzbXVzJTJGJTIyJTIwdGl0bGUlM0QlMjJTZWt0b3J5JTIwc3RhJUM1JUJDb3dlJTIyJTIwdGFyZ2V0JTNEJTIyX2JsYW5rJTIyJTNFT2RrcnlqJTIwc2VrdG9yeSUzQyUyRmElM0UlMEElM0MlMkZkaXYlM0U=[\/vc_raw_html][vc_custom_heading text=&#8221;Odkryj opinie uczestnik\u00f3w programu Erasmus +:&#8221; font_container=&#8221;tag:h3|text_align:left&#8221; use_theme_fonts=&#8221;yes&#8221; css=&#8221;.vc_custom_1702564563764{margin-top: 20px !important;}&#8221;][vc_separator][vc_column_text]<iframe loading=\"lazy\" width=\"560\" height=\"315\" src=\"https:\/\/www.youtube.com\/embed\/9eZJp7qP9s0?si=dvK8OSDkr2NmffjQ\" title=\"YouTube video player\" frameborder=\"0\" allow=\"accelerometer; autoplay; clipboard-write; encrypted-media; gyroscope; picture-in-picture; web-share\" referrerpolicy=\"strict-origin-when-cross-origin\" allowfullscreen><\/iframe>[\/vc_column_text][\/vc_column_inner][\/vc_row_inner][\/vc_column][\/vc_row][vc_row][vc_column][vc_column_text]<\/p>\n<p>[\/vc_column_text][\/vc_column][\/vc_row][vc_row full_width=&#8221;stretch_row&#8221; wrap_container=&#8221;yes&#8221; is_section=&#8221;yes&#8221; css=&#8221;.vc_custom_1702564659161{padding-top: 15px !important;padding-bottom: 15px !important;background-color: #f8f392 !important;}&#8221; conditional_render=&#8221;%5B%7B%22value_role%22%3A%22administrator%22%7D%5D&#8221;][vc_column][vc_row_inner css=&#8221;.vc_custom_1688548648248{background-color: #f8f392 !important;}&#8221;][vc_column_inner][vc_custom_heading text=&#8221;Popro\u015b o bezp\u0142atn\u0105 wycen\u0119&#8221; font_container=&#8221;tag:h2|text_align:center&#8221; use_theme_fonts=&#8221;yes&#8221;][vc_column_text]<\/p>\n<p style=\"text-align: justify;\">Masz pomys\u0142 na projekt Erasmus+ w Hiszpanii i szukasz zaufanej agencji, kt\u00f3ra Ci\u0119 wesprze?\u00a0<strong>Espamob<\/strong>\u2019 jest tutaj, aby Ci pom\u00f3c! Oferujemy bezp\u0142atn\u0105 i niezobowi\u0105zuj\u0105c\u0105 wycen\u0119, kt\u00f3ra pomo\u017ce Ci zarz\u0105dza\u0107 projektem mobilno\u015bci. Dzi\u0119ki naszemu do\u015bwiadczeniu i sieci firm partnerskich mo\u017cemy zaoferowa\u0107 spersonalizowane wsparcie, aby spe\u0142ni\u0107 Twoje specyficzne potrzeby. Skontaktuj si\u0119 z nami ju\u017c teraz, aby om\u00f3wi\u0107 sw\u00f3j projekt i otrzyma\u0107 bezp\u0142atn\u0105 wycen\u0119.<\/p>\n<p>[\/vc_column_text]<div id=\"modal-trg-txt-wrap-8500\" class=\"ult-modal-input-wrapper ult-adjust-bottom-margin    \" data-keypress-control=\"keypress-control-enable\" data-overlay-control=\"overlay-control-enable\"><style>\n\t\t\t\t\t.btn-modal.btn-id-69e799128be159-78546773:hover {\n\t\t\t\t\t\tbackground-color: #e20000 !important;\n\t\t\t\t\t}\n\t\t\t\t\t<\/style><button  data-ultimate-target='#modal-trg-txt-wrap-8500 .btn-modal'  data-responsive-json-new='{\"font-size\":\"\",\"line-height\":\"\"}'  style=\"background:#888888;border-color:#888888;color:#ffffff; \" data-class-id=\"content-69e799128be159-78546773\" class=\"btn-modal ult-responsive btn-primary btn-modal-md overlay-show ult-align-center btn-id-69e799128be159-78546773\" data-overlay-class=\"overlay-cornerbottomleft\">ZAM\u00d3W BEZP\u0141ATN\u0104 WYCEN\u0118<\/button><\/div>\n<div class=\"ult-overlay content-69e799128be159-78546773 \" data-class=\"content-69e799128be159-78546773\" id=\"button-click-overlay\" style=\"background:rgba(51,51,51,0.8); display:none;\">\n\t<div class=\"ult_modal ult-fade ult-medium\">\n\t\t<div id=\"ult-modal-wrap-1672\" class=\"ult_modal-content ult-hide\" style=\"border-style:solid;border-width:2px;border-radius:0px;border-color:#333333;\">\n\t\t\t<div class=\"ult_modal-header\" style=\"color:#333333;border-color:#333333;\">\n\t\t\t\t<h3  data-ultimate-target='#ult-modal-wrap-1672 .ult_modal-title'  data-responsive-json-new='{\"font-size\":\"\",\"line-height\":\"\"}'  class=\"ult_modal-title ult-responsive\">ZAM\u00d3W BEZP\u0141ATN\u0104 WYCEN\u0118<\/h3>\n\t\t\t<\/div>\n\t\t\t<div  data-ultimate-target='#ult-modal-wrap-1672 .ult_modal-body'  data-responsive-json-new='{\"font-size\":\"\",\"line-height\":\"\"}'  class=\"ult_modal-body ult-responsive ult-html\" style=\"\">\n\t\t\t<\/p>\n<p>[caldera_form id=&#8221;CF6149e02688efa&#8221;]<\/p>\n<p>\n\t\t\t<\/div>\n\t<\/div>\n\t<\/div>\n\t<div class=\"ult-overlay-close top-right\" style=\"width:80px;height:80px; \"><div class=\"ult-overlay-close-inside\">Close<\/div><\/div>\n<\/div>[\/vc_column_inner][\/vc_row_inner][\/vc_column][\/vc_row][vc_row wrap_container=&#8221;yes&#8221; css=&#8221;.vc_custom_1689256499740{margin-top: 15px !important;}&#8221; conditional_render=&#8221;%5B%7B%22value_role%22%3A%22administrator%22%7D%5D&#8221;][vc_column][vc_custom_heading text=&#8221;Cz\u0119sto zadawane pytania&#8221; font_container=&#8221;tag:h2|text_align:center|color:%23000000&#8243; use_theme_fonts=&#8221;yes&#8221;][vc_separator][vc_row_inner][vc_column_inner width=&#8221;7\/12&#8243;][vc_column_text]<\/p>\n<h3>Jakie s\u0105 zalety korzystania z us\u0142ug Espamob w celu realizacji praktyki Erasmus w Hiszpanii?<\/h3>\n<p><span style=\"font-weight: 400;\">Zalet\u0105 korzystania z Espamob w celu odbycia praktyki zawodowej Erasmus w Hiszpanii jest to, \u017ce agencja zarz\u0105dza Twoim projektem od A do Z. Pomo\u017ce Ci stworzy\u0107 projekt, znale\u017a\u0107 finansowanie i powita Ci\u0119 na partnerskich uniwersytetach i w firmach, w kt\u00f3rych odb\u0119dziesz praktyk\u0119. Co wi\u0119cej, Espamob zajmie si\u0119 znalezieniem lokalnego zakwaterowania i odbiorem Twojej grupy z lotniska, zapewniaj\u0105c Ci bezproblemowe do\u015bwiadczenie i ca\u0142kowite zanurzenie si\u0119 w hiszpa\u0144skiej kulturze.<\/span><\/p>\n<h3>Jakie kroki musz\u0119 podj\u0105\u0107, aby skorzysta\u0107 ze wsparcia Espamob podczas praktyki Erasmus w Hiszpanii?<\/h3>\n<p><span style=\"font-weight: 400;\">Aby skorzysta\u0107 ze wsparcia Espamob na praktyki Erasmus w Hiszpanii, musisz najpierw skontaktowa\u0107 si\u0119 z agencj\u0105 i opowiedzie\u0107 o swoim projekcie. Nast\u0119pnie agencja przeprowadzi Ci\u0119 przez kolejne kroki, w szczeg\u00f3lno\u015bci dotycz\u0105ce tworzenia projektu i ubiegania si\u0119 o finansowanie. Po zatwierdzeniu projektu Espamob b\u0119dzie wspiera\u0107 Ci\u0119 przez ca\u0142y okres mobilno\u015bci, pomagaj\u0105c w znalezieniu zakwaterowania, organizuj\u0105c przyjazd na uniwersytety i do firm partnerskich oraz zapewniaj\u0105c transport z lotniska.<\/span><\/p>\n<h3>Czy Espamob oferuje praktyki w rze\u017anictwo w ramach programu Erasmus w Hiszpanii?<\/h3>\n<p><span style=\"font-weight: 400;\">Tak, Espamob oferuje praktyki w r\u00f3\u017cnych dziedzinach, w tym w rze\u017anictwie, w ramach programu Erasmus w Hiszpanii. Agencja posiada sie\u0107 partner\u00f3w w Hiszpanii, co umo\u017cliwia jej znalezienie firm z r\u00f3\u017cnych sektor\u00f3w. Kiedy ubiegasz si\u0119 o wsparcie, mo\u017cesz okre\u015bli\u0107 swoje zainteresowanie sta\u017cem w rze\u017anictwie, a Espamob do\u0142o\u017cy wszelkich stara\u0144, aby znale\u017a\u0107 firm\u0119 partnersk\u0105 spe\u0142niaj\u0105c\u0105 Twoje wymagania.<\/span>[\/vc_column_text][\/vc_column_inner][vc_column_inner width=&#8221;1\/12&#8243;][\/vc_column_inner][vc_column_inner width=&#8221;4\/12&#8243;][vc_single_image image=&#8221;15074&#8243; img_size=&#8221;full&#8221;][vc_column_text]<b>Dowiedz si\u0119 wi\u0119cej o r\u00f3\u017cnych kierunkach Erasmus + w Hiszpanii:<\/b><\/p>\n<ul>\n<li><a href=\"https:\/\/espamob.com\/pl\/praktyki-zawodowe-erasmus\/branzy-spozywczej\/praktyki-erasmus-wedliniarstwo\/\"><span style=\"font-weight: 400;\"><span style=\"font-weight: 400;\">Praktyka zawodowa Erasmus: <\/span><\/span>W\u0119dliniarstwo<\/a><\/li>\n<li><a href=\"https:\/\/espamob.com\/pl\/praktyki-zawodowe-erasmus\/branzy-spozywczej\/praktyki-erasmus-sommelier\/\"><span style=\"font-weight: 400;\">Praktyka zawodowa Erasmus: Sommelier<\/span><\/a><\/li>\n<li><a href=\"https:\/\/espamob.com\/pl\/praktyki-zawodowe-erasmus\/branzy-spozywczej\/praktyki-erasmus-rybolowstwo\/\"><span style=\"font-weight: 400;\">Praktyka zawodowa Erasmus: Rybo\u0142\u00f3wstwo<\/span><\/a><\/li>\n<li><a href=\"https:\/\/espamob.com\/pl\/praktyki-zawodowe-erasmus\/branzy-spozywczej\/praktyki-erasmus-piekarnictwo\/\"><span style=\"font-weight: 400;\">Praktyka zawodowa Erasmus: Piekarnictwo<\/span><\/a><\/li>\n<li><a href=\"https:\/\/espamob.com\/pl\/praktyki-zawodowe-erasmus\/branzy-spozywczej\/praktyki-erasmus-cukiernictwo\/\"><span style=\"font-weight: 400;\">Praktyka zawodowa Erasmus: Cukiernictwo<\/span><\/a><\/li>\n<li><a href=\"https:\/\/espamob.com\/pl\/praktyki-zawodowe-erasmus\/branzy-spozywczej\/praktyki-erasmus-czekoladowe\/\"><span style=\"font-weight: 400;\">Praktyka zawodowa Erasmus: Wyroby czekoladowe i cukiernicze<\/span><\/a><\/li>\n<li><a href=\"https:\/\/espamob.com\/pl\/praktyki-zawodowe-erasmus\/branzy-spozywczej\/praktyki-erasmus-lodziarstwo\/\"><span style=\"font-weight: 400;\">Praktyka zawodowa Erasmus: Lodziarstwo<\/span><\/a><\/li>\n<li><a href=\"https:\/\/espamob.com\/pl\/praktyki-zawodowe-erasmus\/branzy-spozywczej\/praktyki-erasmus-gotowanie\/\"><span style=\"font-weight: 400;\">Praktyka zawodowa Erasmus: Gastronomia<\/span><\/a><\/li>\n<\/ul>\n<p>[\/vc_column_text][\/vc_column_inner][\/vc_row_inner][\/vc_column][\/vc_row]<\/p>\n<\/div>","protected":false},"excerpt":{"rendered":"<p>[vc_row css=&#8221;.vc_custom_1701370513706{margin-top: -20px !important;margin-bottom: 40px !important;background-image: url(https:\/\/espamob.com\/wp-content\/uploads\/2023\/11\/Profesiones-culinarias.webp?id=21208) !important;}&#8221; conditional_render=&#8221;%5B%7B%22value_role%22%3A%22administrator%22%7D%5D&#8221;][vc_column css=&#8221;.vc_custom_1687965657482{padding-top: 30px !important;}&#8221; conditional_render=&#8221;%5B%7B%22value_role%22%3A%22administrator%22%7D%5D&#8221;][vc_empty_space height=&#8221;170&#8243;][vc_custom_heading text=&#8221;Praktyka zawodowa Erasmus: Rze\u017anictwo&#8221; font_container=&#8221;tag:h1|font_size:27|text_align:center|color:%23ffffff&#8221; use_theme_fonts=&#8221;yes&#8221; css=&#8221;.vc_custom_1702911844933{margin-bottom: 15px !important;background-color: rgba(136,136,136,0.29) !important;*background-color: rgb(136,136,136) !important;}&#8221; animation_type=&#8221;zoomIn&#8221;][vc_empty_space height=&#8221;40&#8243;][\/vc_column][\/vc_row][vc_row wrap_container=&#8221;yes&#8221; text_align=&#8221;justify&#8221;][vc_column text_align=&#8221;justify&#8221;][vc_column_text] Home Sektory sta\u017cowe Mobilno\u015b\u0107 w bran\u017cy spo\u017cywczej Praktyka zawodowa Erasmus: Rze\u017anictwo [\/vc_column_text][vc_custom_heading text=&#8221;Praktyka zawodowa Erasmus w sektorze rze\u017anictwa: wzbogacaj\u0105ce do\u015bwiadczenie&#8221; use_theme_fonts=&#8221;yes&#8221; css=&#8221;.vc_custom_1702564096754{margin-top: 20px<\/p>\n","protected":false},"author":2,"featured_media":0,"parent":13104,"menu_order":0,"comment_status":"closed","ping_status":"closed","template":"","meta":{"footnotes":""},"class_list":["post-21527","page","type-page","status-publish","hentry"],"_links":{"self":[{"href":"https:\/\/espamob.com\/pl\/wp-json\/wp\/v2\/pages\/21527","targetHints":{"allow":["GET"]}}],"collection":[{"href":"https:\/\/espamob.com\/pl\/wp-json\/wp\/v2\/pages"}],"about":[{"href":"https:\/\/espamob.com\/pl\/wp-json\/wp\/v2\/types\/page"}],"author":[{"embeddable":true,"href":"https:\/\/espamob.com\/pl\/wp-json\/wp\/v2\/users\/2"}],"replies":[{"embeddable":true,"href":"https:\/\/espamob.com\/pl\/wp-json\/wp\/v2\/comments?post=21527"}],"version-history":[{"count":0,"href":"https:\/\/espamob.com\/pl\/wp-json\/wp\/v2\/pages\/21527\/revisions"}],"up":[{"embeddable":true,"href":"https:\/\/espamob.com\/pl\/wp-json\/wp\/v2\/pages\/13104"}],"wp:attachment":[{"href":"https:\/\/espamob.com\/pl\/wp-json\/wp\/v2\/media?parent=21527"}],"curies":[{"name":"wp","href":"https:\/\/api.w.org\/{rel}","templated":true}]}}