{"id":19013,"date":"2023-05-08T14:02:31","date_gmt":"2023-05-08T14:02:31","guid":{"rendered":"https:\/\/www.espamob.com\/les-mobilites-des-enseignants-erasmusplus\/"},"modified":"2023-11-07T14:41:39","modified_gmt":"2023-11-07T14:41:39","slug":"mobilnosc-nauczycieli-erasmus-plus","status":"publish","type":"page","link":"https:\/\/espamob.com\/pl\/mobilnosc-nauczycieli-erasmus-plus\/","title":{"rendered":"Mobilno\u015b\u0107 nauczycieli Erasmus Plus"},"content":{"rendered":"<div class=\"wpb-content-wrapper\"><p>[vc_row css=&#8221;.vc_custom_1699200655512{margin-top: -20px !important;background-image: url(https:\/\/espamob.com\/wp-content\/uploads\/2023\/11\/Mobilnosc-nauczycieli-ksztalcenia.jpg?id=19621) !important;background-position: center !important;background-repeat: no-repeat !important;background-size: cover !important;}&#8221; conditional_render=&#8221;%5B%7B%22value_role%22%3A%22administrator%22%7D%5D&#8221;][vc_column][vc_empty_space height=&#8221;240&#8243;][vc_custom_heading text=&#8221;Mobilno\u015b\u0107 nauczycieli kszta\u0142cenia zawodowego w ramach programu Erasmus Plus&#8221; font_container=&#8221;tag:h1|font_size:27|text_align:center|color:%23ffffff&#8221; use_theme_fonts=&#8221;yes&#8221; css=&#8221;.vc_custom_1699015494054{margin-bottom: 15px !important;background-color: rgba(136,136,136,0.29) !important;*background-color: rgb(136,136,136) !important;}&#8221;][vc_empty_space height=&#8221;60&#8243;][\/vc_column][\/vc_row][vc_row wrap_container=&#8221;yes&#8221; text_align=&#8221;justify&#8221;][vc_column text_align=&#8221;justify&#8221;][vc_empty_space height=&#8221;50&#8243;][vc_custom_heading text=&#8221;Mobilno\u015b\u0107 dydaktyczna w ramach programu Erasmus+&#8221; use_theme_fonts=&#8221;yes&#8221; css=&#8221;.vc_custom_1698769433945{margin-top: 20px !important;}&#8221;][vc_custom_heading text=&#8221;Czym s\u0105 wyjazdy nauczycieli w ramach programu Erasmus+?&#8221; font_container=&#8221;tag:h3|text_align:justify&#8221; use_theme_fonts=&#8221;yes&#8221; css=&#8221;.vc_custom_1698769442897{margin-top: 20px !important;}&#8221;][vc_row_inner][vc_column_inner width=&#8221;7\/12&#8243;][vc_column_text]Mobilno\u015b\u0107 nauczycieli w ramach programu Erasmus+ umo\u017cliwia organizacj\u0119 pobyt\u00f3w w kraju cz\u0142onkowskim programu, kt\u00f3rych celem jest wymiana umiej\u0119tno\u015bci i wiedzy, metod i\/lub narz\u0119dzi.<\/p>\n<p><strong>Mobilno\u015b\u0107 nauczycieli i Erasmus Plus <\/strong>realizowane s\u0105 w ramach europejskiego projektu edukacyjnego. Erasmus Plus oferuje nauczycielom lub osobom pracuj\u0105cym w sektorze edukacji mo\u017cliwo\u015b\u0107 wyjazdu do kraj\u00f3w europejskich w celu zdobycia nowego do\u015bwiadczenia. <strong>Celem programu<\/strong> jest zach\u0119cenie plac\u00f3wek o\u015bwiatowych do prowadzenia wymian transgranicznych i realizacji projekt\u00f3w mobilno\u015bciowych.<\/p>\n<p>Dzi\u0119ki tej pomocy europejskiej nauczyciele i kadra edukacyjna mog\u0105 korzysta\u0107 z r\u00f3\u017cnych mo\u017cliwo\u015bci mobilno\u015bci, takich jak szkolenia, wymiana dobrych praktyk, sta\u017ce zawodowe, a nawet misje dydaktyczne za granic\u0105.<\/p>\n<p>To do\u015bwiadczenie pozwala dostosowa\u0107 si\u0119 do nowych metod nauczania, odby\u0107 szkolenia, odkry\u0107 nowe metody pracy lub udoskonali\u0107 swoje umiej\u0119tno\u015bci j\u0119zykowe.[\/vc_column_text][\/vc_column_inner][vc_column_inner width=&#8221;1\/12&#8243;][\/vc_column_inner][vc_column_inner width=&#8221;4\/12&#8243;][vc_single_image image=&#8221;16408&#8243; img_size=&#8221;400*200&#8243; alignment=&#8221;right&#8221; style=&#8221;vc_box_rounded&#8221;][\/vc_column_inner][\/vc_row_inner][vc_custom_heading text=&#8221;Kto mo\u017ce skorzysta\u0107 z programu Erasmus +?&#8221; font_container=&#8221;tag:h3|text_align:right&#8221; use_theme_fonts=&#8221;yes&#8221; css=&#8221;.vc_custom_1698769478697{margin-top: 20px !important;}&#8221;][vc_row_inner][vc_column_inner width=&#8221;4\/12&#8243;][vc_single_image image=&#8221;16418&#8243; img_size=&#8221;400*200&#8243; style=&#8221;vc_box_rounded&#8221;][\/vc_column_inner][vc_column_inner width=&#8221;1\/12&#8243;][\/vc_column_inner][vc_column_inner width=&#8221;7\/12&#8243;][vc_column_text]Programy mobilno\u015bci dydaktycznej Erasmus Plus przeznaczone s\u0105 dla ca\u0142ej kadry dydaktycznej. Oto lista zawod\u00f3w, kt\u00f3re kwalifikuj\u0105 si\u0119 do stypendium mobilno\u015bciowego Erasmus Plus:<\/p>\n<ol>\n<li>Nauczyciele szk\u00f3\u0142 podstawowych, \u015brednich i wy\u017cszych<\/li>\n<li>Liderzy szk\u00f3\u0142<\/li>\n<li>Dyrektorzy szk\u00f3\u0142 lub pracownicy kieruj\u0105cy szko\u0142\u0105<\/li>\n<li>Inspektorzy<\/li>\n<li>Nauczyciele z sektora zawodowego<\/li>\n<\/ol>\n<p>Jedynym warunkiem jest to, aby pobyt mia\u0142 cel edukacyjny, wymiany wiedzy lub szkoleniowy.[\/vc_column_text][\/vc_column_inner][\/vc_row_inner][vc_custom_heading text=&#8221;Dlaczego warto liczy\u0107 na wsparcie Espamob\u2019?&#8221; font_container=&#8221;tag:h3|text_align:justify&#8221; use_theme_fonts=&#8221;yes&#8221; css=&#8221;.vc_custom_1698769509665{margin-top: 20px !important;}&#8221;][vc_row_inner][vc_column_inner width=&#8221;7\/12&#8243;][vc_column_text]<\/p>\n<p style=\"text-align: center;\"><strong>Jeste\u015b nauczycielem i chcia\u0142by\u015b zdoby\u0107 nowe umiej\u0119tno\u015bci i wiedz\u0119?<\/strong><\/p>\n<p>Mobilno\u015b\u0107 Erasmus + jest stworzona dla Ciebie! Z <strong>Espamob&#8217;<\/strong> zorganizujesz sw\u00f3j pobyt w Hiszpanii i skorzystasz z wyj\u0105tkowego do\u015bwiadczenia, ucz\u0105c si\u0119 innowacyjnych metod i narz\u0119dzi. Do\u0142\u0105cz ju\u017c teraz do spo\u0142eczno\u015bci nauczycieli, kt\u00f3rzy wybrali Erasmus + ze wzgl\u0119du na sw\u00f3j rozw\u00f3j zawodowy.<\/p>\n<p>Daj sobie szans\u0119 na szkolenie jako nauczyciel w <strong>Hiszpanii<\/strong>! Dzi\u0119ki <strong>Espamob<\/strong>&#8217; skorzystaj z okresu obserwacji lub we\u017a udzia\u0142 w zorganizowanym kursie z zakresu edukacji. Skorzystaj z praktycznego i wzbogacaj\u0105cego do\u015bwiadczenia, kt\u00f3re pomo\u017ce Ci w rozwoju zawodowym. Zarejestruj si\u0119 teraz, aby pozna\u0107 nasze oferty mobilno\u015bci w ramach programu <strong>Erasmus +<\/strong>.[\/vc_column_text][\/vc_column_inner][vc_column_inner width=&#8221;1\/12&#8243;][\/vc_column_inner][vc_column_inner width=&#8221;4\/12&#8243;][vc_single_image image=&#8221;17098&#8243; img_size=&#8221;400*200&#8243; alignment=&#8221;right&#8221; style=&#8221;vc_box_rounded&#8221;][vc_btn title=&#8221;Kontaktuj\u0119 si\u0119 z espamob&#8221; style=&#8221;custom&#8221; custom_background=&#8221;#e20000&#8243; custom_text=&#8221;#ffffff&#8221; align=&#8221;center&#8221; link=&#8221;url:https%3A%2F%2Fespamob.com%2Fpl%2Fkontakt-z-polskim-konsultantem|title:Kontakt|target:_blank&#8221;][\/vc_column_inner][\/vc_row_inner][vc_empty_space][\/vc_column][\/vc_row][vc_row full_width=&#8221;stretch_row&#8221; css=&#8221;.vc_custom_1688536136507{margin-bottom: 20px !important;background-color: #f9f892 !important;}&#8221; conditional_render=&#8221;%5B%7B%22value_role%22%3A%22administrator%22%7D%5D&#8221;][vc_column][vc_row_inner][vc_column_inner][vc_empty_space height=&#8221;50&#8243;][vc_custom_heading text=&#8221;Popro\u015b o bezp\u0142atn\u0105 wycen\u0119&#8221; font_container=&#8221;tag:h2|text_align:center&#8221; use_theme_fonts=&#8221;yes&#8221;][vc_column_text]Masz pomys\u0142 na projekt Erasmus+ w Hiszpanii i szukasz zaufanej agencji, kt\u00f3ra Ci\u0119 wesprze? <strong>Espamob<\/strong>&#8217; jest tutaj, aby Ci pom\u00f3c! Oferujemy bezp\u0142atn\u0105 i niezobowi\u0105zuj\u0105c\u0105 wycen\u0119, kt\u00f3ra pomo\u017ce Ci zarz\u0105dza\u0107 projektem mobilno\u015bci. Dzi\u0119ki naszemu do\u015bwiadczeniu i sieci firm partnerskich mo\u017cemy zaoferowa\u0107 spersonalizowane wsparcie, aby spe\u0142ni\u0107 Twoje specyficzne potrzeby. Skontaktuj si\u0119 z nami ju\u017c teraz, aby om\u00f3wi\u0107 sw\u00f3j projekt i otrzyma\u0107 bezp\u0142atn\u0105 wycen\u0119.[\/vc_column_text]<div id=\"modal-trg-txt-wrap-6099\" class=\"ult-modal-input-wrapper ult-adjust-bottom-margin    \" data-keypress-control=\"keypress-control-enable\" data-overlay-control=\"overlay-control-enable\"><style>\n\t\t\t\t\t.btn-modal.btn-id-69e75020557487-12510915:hover {\n\t\t\t\t\t\tbackground-color: #e20000 !important;\n\t\t\t\t\t}\n\t\t\t\t\t<\/style><button  data-ultimate-target='#modal-trg-txt-wrap-6099 .btn-modal'  data-responsive-json-new='{\"font-size\":\"\",\"line-height\":\"\"}'  style=\"background:#888888;border-color:#888888;color:#ffffff; \" data-class-id=\"content-69e75020557487-12510915\" class=\"btn-modal ult-responsive btn-primary btn-modal-md overlay-show ult-align-center btn-id-69e75020557487-12510915\" data-overlay-class=\"overlay-cornerbottomleft\">ZAM\u00d3W BEZP\u0141ATN\u0104 WYCEN\u0118<\/button><\/div>\n<div class=\"ult-overlay content-69e75020557487-12510915 \" data-class=\"content-69e75020557487-12510915\" id=\"button-click-overlay\" style=\"background:rgba(51,51,51,0.8); display:none;\">\n\t<div class=\"ult_modal ult-fade ult-medium\">\n\t\t<div id=\"ult-modal-wrap-7039\" class=\"ult_modal-content ult-hide\" style=\"border-style:solid;border-width:2px;border-radius:0px;border-color:#333333;\">\n\t\t\t<div class=\"ult_modal-header\" style=\"color:#333333;border-color:#333333;\">\n\t\t\t\t<h3  data-ultimate-target='#ult-modal-wrap-7039 .ult_modal-title'  data-responsive-json-new='{\"font-size\":\"\",\"line-height\":\"\"}'  class=\"ult_modal-title ult-responsive\">ZAM\u00d3W BEZP\u0141ATN\u0104 WYCEN\u0118<\/h3>\n\t\t\t<\/div>\n\t\t\t<div  data-ultimate-target='#ult-modal-wrap-7039 .ult_modal-body'  data-responsive-json-new='{\"font-size\":\"\",\"line-height\":\"\"}'  class=\"ult_modal-body ult-responsive ult-html\" style=\"\">\n\t\t\t[caldera_form id=&#8221;CF6149e02688efa&#8221;]\n\t\t\t<\/div>\n\t<\/div>\n\t<\/div>\n\t<div class=\"ult-overlay-close top-right\" style=\"width:80px;height:80px; \"><div class=\"ult-overlay-close-inside\">Close<\/div><\/div>\n<\/div>[\/vc_column_inner][\/vc_row_inner][\/vc_column][\/vc_row][vc_row][vc_column width=&#8221;7\/12&#8243;][vc_custom_heading text=&#8221;Odkryj nasze rozwi\u0105zania w zakresie mobilno\u015bci dla nauczycieli&#8221; font_container=&#8221;tag:h3|text_align:justify&#8221; use_theme_fonts=&#8221;yes&#8221; css=&#8221;.vc_custom_1698769596809{margin-top: 20px !important;}&#8221;][vc_column_text]W <strong>Espamob<\/strong>&#8217; jeste\u015bmy tutaj, aby pom\u00f3c Ci zorganizowa\u0107 Twoje projekty mobilno\u015bci zawodowej w Hiszpanii. Dajemy Ci szans\u0119 skupi\u0107 si\u0119 na rozwoju zawodowym i osobistym. Dzi\u0119ki programowi Erasmus Plus masz do dyspozycji r\u00f3\u017cne mo\u017cliwo\u015bci:<\/p>\n<ol>\n<li>Mobilno\u015bci<strong> Job Shadowing <\/strong>w firmach w celu zdobycia nowych umiej\u0119tno\u015bci praktycznych.<\/li>\n<li><a href=\"https:\/\/espamob.com\/pl\/praktyki-zawodowe-erasmus\"><strong>Sta\u017ce<\/strong> <\/a>rozwijaj\u0105ce umiej\u0119tno\u015bci zawodowe.<\/li>\n<li><strong> Spotkania z profesjonalistami<\/strong> w celu om\u00f3wienia z ekspertami w Twojej bran\u017cy.<\/li>\n<li><strong>Kursy j\u0119zykowe<\/strong> poprawiaj\u0105ce poziom j\u0119zyka i u\u0142atwiaj\u0105ce komunikacj\u0119.<\/li>\n<li><strong>R\u00f3\u017cne kursy szkoleniowe<\/strong>, kt\u00f3re pozwol\u0105 Ci wyszkoli\u0107 Ci\u0119 i specjalizowa\u0107 si\u0119 w okre\u015blonej dziedzinie.<\/li>\n<\/ol>\n<p>Zale\u017cy nam na zapewnieniu Ci profesjonalnej mobilno\u015bci w Hiszpanii dostosowanej do Twoich potrzeb i aspiracji. Nie wahaj si\u0119 i <a href=\"https:\/\/espamob.com\/pl\/kontakt-z-polskim-konsultantem\">skontaktuj<\/a> si\u0119 z nami, a Tw\u00f3j projekt stanie si\u0119 rzeczywisto\u015bci\u0105![\/vc_column_text][\/vc_column][vc_column width=&#8221;1\/12&#8243;][\/vc_column][vc_column width=&#8221;4\/12&#8243;][vc_empty_space][vc_images_carousel images=&#8221;7658,7602,7598,7618,7670,11991,17121,17095&#8243; img_size=&#8221;400*400&#8243; onclick=&#8221;custom_link&#8221; custom_links_target=&#8221;_blank&#8221; speed=&#8221;1000&#8243; slides_per_view=&#8221;2&#8243; autoplay=&#8221;yes&#8221; wrap=&#8221;yes&#8221; custom_links=&#8221;#E-8_aHR0cHMlM0ElMkYlMkZ3d3cuZXNwYW1vYi5jb20lMkZmciUyRnNlY3RldXItc3RhZ2UtZW50cmVwcmlzZS1lcmFzbXVzcGx1cyUyRg==&#8221;][vc_btn title=&#8221;Odkryj nasze sektory sta\u017cowe!&#8221; style=&#8221;custom&#8221; custom_background=&#8221;#e20000&#8243; custom_text=&#8221;#ffffff&#8221; align=&#8221;center&#8221; link=&#8221;url:https%3A%2F%2Fespamob.com%2Fpl%2Fpraktyki-zawodowe-erasmus|title:Sektory%20praktyk|target:_blank&#8221;][\/vc_column][\/vc_row][vc_row full_width=&#8221;stretch_row&#8221; wrap_container=&#8221;yes&#8221; is_section=&#8221;yes&#8221; css=&#8221;.vc_custom_1684857344078{margin-top: 20px !important;}&#8221;][vc_column width=&#8221;7\/12&#8243;][vc_column_text]<a href=\"https:\/\/erasmus-plus.ec.europa.eu\/pl\/programme-guide\/part-b\/key-action-1\/key-action-1-learning-mobility-of-individuals\" target=\"_blank\" rel=\"noopener\">ERASMUS+ KA1 <\/a><a href=\"https:\/\/espamob.com\/fr\/erasmus-plus-cest-quoi\/#1623062319727-78868d96-caba\">PROGRAM<\/a>[\/vc_column_text][vc_custom_heading text=&#8221;MOBILNO\u015a\u0106 UCZNI\u00d3W&#8221; font_container=&#8221;tag:h2|text_align:center&#8221; use_theme_fonts=&#8221;yes&#8221;][vc_column_text]Zaoferuj grupie m\u0142odych ludzi niezapomniane wra\u017cenia dzi\u0119ki stypendium Erasmus+, organizuj\u0105c mobilno\u015b\u0107 zawodow\u0105 za granic\u0105 z Espamob, Twoj\u0105 agencj\u0105 referencyjn\u0105 w Hiszpanii. Jeste\u015bmy tutaj, aby pom\u00f3c Ci zaplanowa\u0107 i przeprowadzi\u0107 projekt mobilno\u015bci, oferuj\u0105c spersonalizowan\u0105 wiedz\u0119 i rozwi\u0105zania, kt\u00f3re zapewni\u0105 powodzenie Twojego programu.[\/vc_column_text][vc_btn title=&#8221;WI\u0118CEJ INFORMACJI&#8221; style=&#8221;custom&#8221; custom_background=&#8221;#e20000&#8243; custom_text=&#8221;#ffffff&#8221; align=&#8221;center&#8221; link=&#8221;url:https%3A%2F%2Fespamob.com%2Fpl%2Fpraktyki-erasmus-plus-uczniowie-i-praktykanci|title:Mobilnosc%20dla%20student%C3%B3w&#8221;][\/vc_column][vc_column width=&#8221;5\/12&#8243;][vc_single_image image=&#8221;19401&#8243; img_size=&#8221;full&#8221; style=&#8221;vc_box_rounded&#8221; animation_type=&#8221;zoomIn&#8221;][\/vc_column][\/vc_row][vc_row wrap_container=&#8221;yes&#8221;][vc_column][vc_empty_space height=&#8221;60&#8243;][vc_custom_heading text=&#8221;Cz\u0119sto zadawane pytania dotycz\u0105ce mobilno\u015bci nauczycieli w ramach programu Erasmus+&#8221; font_container=&#8221;tag:h2|text_align:center|color:%23000000&#8243; use_theme_fonts=&#8221;yes&#8221;][vc_separator][vc_row_inner][vc_column_inner width=&#8221;2\/3&#8243;][vc_custom_heading text=&#8221;Dlaczego warto wzi\u0105\u0107 udzia\u0142 w mobilno\u015bci Erasmus plus jako nauczyciel?&#8221; font_container=&#8221;tag:h3|text_align:justify&#8221; use_theme_fonts=&#8221;yes&#8221;][vc_column_text]<\/p>\n<p style=\"text-align: justify;\"><a href=\"https:\/\/erasmus-plus.ec.europa.eu\/pl\/opportunities\/opportunities-for-individuals\/training-opportunities-for-staff\" target=\"_blank\" rel=\"noopener\">Mobilno\u015b\u0107 Erasmus + dla nauczycieli <\/a>oferuje mo\u017cliwo\u015b\u0107 rozwoju ich umiej\u0119tno\u015bci zawodowych i wymiany w celu doskonalenia wszystkich umiej\u0119tno\u015bci j\u0119zykowych i mi\u0119dzykulturowych.<\/p>\n<p>Mobilno\u015b\u0107 nauczycieli w ramach programu Erasmus+ umo\u017cliwia:<\/p>\n<ol>\n<li>Dla kadry nauczycielskiej &#8211; pe\u0142nienia misji dydaktycznej w europejskim o\u015brodku edukacyjnym.<\/li>\n<li>Dla kadry pedagogicznej &#8211; odbycie szkolenia w szkole lub innej plac\u00f3wce o\u015bwiatowej.<\/li>\n<\/ol>\n<p>[\/vc_column_text][vc_custom_heading text=&#8221;Jak zorganizowa\u0107 mobilno\u015b\u0107 Erasmus + dla Nauczycieli?&#8221; font_container=&#8221;tag:h3|text_align:justify&#8221; use_theme_fonts=&#8221;yes&#8221; css=&#8221;.vc_custom_1698769882200{margin-top: -20px !important;}&#8221;][vc_column_text]Aby zorganizowa\u0107 mobilno\u015b\u0107 Erasmus+ z Espamob\u2019, po prostu skontaktuj si\u0119 z nasz\u0105 agencj\u0105, aby\u015bmy mogli zaoferowa\u0107 Ci bezp\u0142atn\u0105, spersonalizowan\u0105 wycen\u0119 opart\u0105 na Twoich potrzebach i oczekiwaniach. Nasza organizacja pozwoli Ci zaplanowa\u0107 cele, czas trwania, finansowanie i idealn\u0105 struktur\u0119 odbioru Twojego projektu.[\/vc_column_text][vc_custom_heading text=&#8221;Dlaczego zrealizowa\u0107 mobilno\u015b\u0107 Erasmus + w Hiszpanii?&#8221; font_container=&#8221;tag:h3|text_align:justify&#8221; use_theme_fonts=&#8221;yes&#8221; css=&#8221;.vc_custom_1698769896250{margin-top: -10px !important;}&#8221;][vc_column_text]Hiszpania jest jednym z 33 kraj\u00f3w uczestnicz\u0105cych w programie Erasmus+.<\/p>\n<p>Udzia\u0142 w mobilno\u015bci Erasmus+ w Hiszpanii zapewni do\u015bwiadczenie za granic\u0105, kt\u00f3re wzbogaci umiej\u0119tno\u015bci zawodowe i osobiste uczestnik\u00f3w. Ponadto Hiszpania jest preferowanym kierunkiem dla os\u00f3b poszukuj\u0105cych mobilno\u015bci mi\u0119dzynarodowej.[\/vc_column_text][vc_custom_heading text=&#8221;Jakie s\u0105 warunki udzia\u0142u w mobilno\u015bciach dydaktycznych?&#8221; font_container=&#8221;tag:h3|text_align:justify&#8221; use_theme_fonts=&#8221;yes&#8221; css=&#8221;.vc_custom_1698769923578{margin-top: -10px !important;}&#8221;][vc_column_text]Jedynym warunkiem dost\u0119pu do europejskiej pomocy w ramach mobilno\u015b\u0107 nauczycieli jest to, aby celem projektu by\u0142o uczenie si\u0119, szkolenie lub wymiana wiedzy.<\/p>\n<p>Ponadto beneficjenci musz\u0105 nale\u017ce\u0107 do kadry nauczycielskiej publicznej lub prywatnej plac\u00f3wki szkolnej (nauczyciele, pracownicy administracyjni, kadra kierownicza).[\/vc_column_text][vc_custom_heading text=&#8221;Jak d\u0142ugo trwa mobilno\u015b\u0107 Erasmus+ dla nauczycieli?&#8221; font_container=&#8221;tag:h3|text_align:justify&#8221; use_theme_fonts=&#8221;yes&#8221; css=&#8221;.vc_custom_1698769953265{margin-top: -10px !important;}&#8221;][vc_column_text]Czas trwania do\u015bwiadczenia Erasmus+ zale\u017cy od wybranego projektu. Mo\u017ce to by\u0107 od kilku dni do kilku miesi\u0119cy.<\/p>\n<p>Nie ma obowi\u0105zkowego czasu trwania; Jednak\u017ce w zale\u017cno\u015bci od wybranego kraju, zasadne mo\u017ce okaza\u0107 si\u0119 pozostanie w szkole na kilka tygodni w ci\u0105gu roku szkolnego. Nasza agencja Espamob\u2019 mo\u017ce pom\u00f3c Ci okre\u015bli\u0107 odpowiedni czas trwania Twojego pobytu w ramach mobilno\u015bci Erasmus Plus.[\/vc_column_text][\/vc_column_inner][vc_column_inner width=&#8221;1\/3&#8243;][vc_single_image image=&#8221;15074&#8243; img_size=&#8221;full&#8221;][\/vc_column_inner][\/vc_row_inner][\/vc_column][\/vc_row][vc_row full_width=&#8221;stretch_row&#8221; wrap_container=&#8221;yes&#8221; is_section=&#8221;yes&#8221; css=&#8221;.vc_custom_1684857374728{margin-bottom: -10px !important;}&#8221;][vc_column][vc_custom_heading text=&#8221;Informacje zwrotne&#8221; font_container=&#8221;tag:h2|text_align:center&#8221; use_theme_fonts=&#8221;yes&#8221;][vc_separator][vc_row_inner][vc_column_inner width=&#8221;1\/2&#8243;][vc_video link=&#8221;https:\/\/youtu.be\/e-gNzNoV1GY?si=95_Ok49ll0uzdVyK&#8221;][\/vc_column_inner][vc_column_inner width=&#8221;1\/2&#8243;][vc_custom_heading text=&#8221;Sektory praktyk Erasmus Plus&#8221; font_container=&#8221;tag:h3|text_align:center&#8221; use_theme_fonts=&#8221;yes&#8221;][vc_column_text]<\/p>\n<p style=\"text-align: justify;\">Poznaj kilka z wielu oferowanych przez nas sektor\u00f3w praktyk na mobilno\u015bci. Posiadamy szeroki wachlarz firm z wielu specjalizacji, w kt\u00f3rych uczniowie mog\u0105 poszerza\u0107 swoj\u0105 wiedz\u0119 i dowiadywa\u0107 si\u0119 nowych rzeczy, a lokalni pracodawcy ch\u0119tnie dziel\u0105 si\u0119 swoim do\u015bwiadczeniem z uczestnikami.<\/p>\n<p>[\/vc_column_text][vc_empty_space][vc_empty_space][vc_btn title=&#8221;Zobacz wi\u0119cej&#8221; style=&#8221;custom&#8221; custom_background=&#8221;#e20000&#8243; custom_text=&#8221;#ffffff&#8221; align=&#8221;center&#8221; link=&#8221;url:https%3A%2F%2Fwww.youtube.com%2Fchannel%2FUCYbzctjjUIpDPx1KyWQtzKA|title:Youtube%20Espamob|target:_blank&#8221; css=&#8221;.vc_custom_1699368076137{margin-top: -5px !important;}&#8221;][\/vc_column_inner][\/vc_row_inner][vc_separator css=&#8221;.vc_custom_1682525908504{margin-top: 30px !important;margin-bottom: 15px !important;}&#8221;][vc_column_text]<\/p>\n<div align=\"center\"><video style=\"width: 100%; height: 300px;\" autoplay=\"autoplay\" loop=\"loop\" muted=\"\" controls=\"controls\" width=\"300\" height=\"150\"><br \/><source src=\"https:\/\/espamob.com\/wp-content\/uploads\/2016\/12\/entradilla_espamob.mp4\" type=\"video\/mp4\" \/><br \/><\/video><\/div>\n<p>&nbsp;<\/p>\n<p>[\/vc_column_text][\/vc_column][\/vc_row]<\/p>\n<\/div>","protected":false},"excerpt":{"rendered":"<p>[vc_row css=&#8221;.vc_custom_1699200655512{margin-top: -20px !important;background-image: url(https:\/\/espamob.com\/wp-content\/uploads\/2023\/11\/Mobilnosc-nauczycieli-ksztalcenia.jpg?id=19621) !important;background-position: center !important;background-repeat: no-repeat !important;background-size: cover !important;}&#8221; conditional_render=&#8221;%5B%7B%22value_role%22%3A%22administrator%22%7D%5D&#8221;][vc_column][vc_empty_space height=&#8221;240&#8243;][vc_custom_heading text=&#8221;Mobilno\u015b\u0107 nauczycieli kszta\u0142cenia zawodowego w ramach programu Erasmus Plus&#8221; font_container=&#8221;tag:h1|font_size:27|text_align:center|color:%23ffffff&#8221; use_theme_fonts=&#8221;yes&#8221; css=&#8221;.vc_custom_1699015494054{margin-bottom: 15px !important;background-color: rgba(136,136,136,0.29) !important;*background-color: rgb(136,136,136) !important;}&#8221;][vc_empty_space height=&#8221;60&#8243;][\/vc_column][\/vc_row][vc_row wrap_container=&#8221;yes&#8221; text_align=&#8221;justify&#8221;][vc_column text_align=&#8221;justify&#8221;][vc_empty_space height=&#8221;50&#8243;][vc_custom_heading text=&#8221;Mobilno\u015b\u0107 dydaktyczna w ramach programu Erasmus+&#8221; use_theme_fonts=&#8221;yes&#8221; css=&#8221;.vc_custom_1698769433945{margin-top: 20px !important;}&#8221;][vc_custom_heading text=&#8221;Czym s\u0105 wyjazdy nauczycieli w ramach programu Erasmus+?&#8221;<\/p>\n","protected":false},"author":1,"featured_media":16313,"parent":0,"menu_order":0,"comment_status":"closed","ping_status":"closed","template":"","meta":{"footnotes":""},"class_list":["post-19013","page","type-page","status-publish","has-post-thumbnail","hentry"],"_links":{"self":[{"href":"https:\/\/espamob.com\/pl\/wp-json\/wp\/v2\/pages\/19013","targetHints":{"allow":["GET"]}}],"collection":[{"href":"https:\/\/espamob.com\/pl\/wp-json\/wp\/v2\/pages"}],"about":[{"href":"https:\/\/espamob.com\/pl\/wp-json\/wp\/v2\/types\/page"}],"author":[{"embeddable":true,"href":"https:\/\/espamob.com\/pl\/wp-json\/wp\/v2\/users\/1"}],"replies":[{"embeddable":true,"href":"https:\/\/espamob.com\/pl\/wp-json\/wp\/v2\/comments?post=19013"}],"version-history":[{"count":0,"href":"https:\/\/espamob.com\/pl\/wp-json\/wp\/v2\/pages\/19013\/revisions"}],"wp:featuredmedia":[{"embeddable":true,"href":"https:\/\/espamob.com\/pl\/wp-json\/wp\/v2\/media\/16313"}],"wp:attachment":[{"href":"https:\/\/espamob.com\/pl\/wp-json\/wp\/v2\/media?parent=19013"}],"curies":[{"name":"wp","href":"https:\/\/api.w.org\/{rel}","templated":true}]}}