{"id":19001,"date":"2023-05-15T15:50:31","date_gmt":"2023-05-15T15:50:31","guid":{"rendered":"https:\/\/www.espamob.com\/stage-erasmus-plus-etudiants-et-apprentis\/"},"modified":"2023-11-07T15:30:35","modified_gmt":"2023-11-07T15:30:35","slug":"praktyki-erasmus-plus-uczniowie-i-praktykanci","status":"publish","type":"page","link":"https:\/\/espamob.com\/pl\/praktyki-erasmus-plus-uczniowie-i-praktykanci\/","title":{"rendered":"Praktyki Erasmus Plus: uczniowie i praktykanci"},"content":{"rendered":"<div class=\"wpb-content-wrapper\"><p>[vc_row css=&#8221;.vc_custom_1699200613413{margin-top: -20px !important;background-image: url(https:\/\/espamob.com\/wp-content\/uploads\/2023\/11\/Praktyki-Erasmus-Plus-uczniowie-i-praktykanci.jpg?id=19615) !important;background-position: 0 0 !important;background-repeat: no-repeat !important;}&#8221; conditional_render=&#8221;%5B%7B%22value_role%22%3A%22administrator%22%7D%5D&#8221;][vc_column][vc_empty_space height=&#8221;220&#8243;][vc_custom_heading text=&#8221;Praktyki Erasmus Plus: uczniowie i praktykanci&#8221; font_container=&#8221;tag:h1|font_size:27|text_align:center|color:%23ffffff&#8221; use_theme_fonts=&#8221;yes&#8221; css=&#8221;.vc_custom_1699016039042{margin-bottom: 15px !important;background-color: rgba(136,136,136,0.3) !important;*background-color: rgb(136,136,136) !important;}&#8221;][vc_empty_space height=&#8221;20&#8243;][\/vc_column][\/vc_row][vc_row wrap_container=&#8221;yes&#8221; text_align=&#8221;justify&#8221;][vc_column text_align=&#8221;justify&#8221;][vc_empty_space height=&#8221;50&#8243;][vc_custom_heading text=&#8221;Sta\u017ce dla praktykant\u00f3w i student\u00f3w: Zrealizuj sw\u00f3j projekt Erasmus Plus z Espamob\u2019!&#8221; use_theme_fonts=&#8221;yes&#8221; css=&#8221;.vc_custom_1698768877611{margin-top: 20px !important;}&#8221;][vc_separator][vc_row_inner][vc_column_inner width=&#8221;7\/12&#8243;][vc_column_text]Otrzyma\u0142e\u015b stypendium i chcia\u0142by\u015b zorganizowa\u0107 sta\u017c w ramach programu Erasmus Plus dla grupy praktykant\u00f3w lub student\u00f3w?<\/p>\n<p>Odbycie sta\u017cu zagranicznego w ramach programu Erasmus Plus to niesamowita szansa na wzbogacenie do\u015bwiadcze\u0144 i odkrycie nowych kraj\u00f3w. W Espamob\u2019 jeste\u015bmy tutaj, aby wspiera\u0107 Ci\u0119 na ka\u017cdym kroku.<\/p>\n<p>Od definicji projektu i wykonalno\u015bci po monitorowanie mobilno\u015bci na miejscu, nasz zesp\u00f3\u0142 dba o pe\u0142n\u0105 organizacj\u0119 Twojego programu.<\/p>\n<p>Aby Tw\u00f3j projekt przebieg\u0142 pomy\u015blnie, Espamob jest odpowiedzialny za:<\/p>\n<ol>\n<li>Wyszukanie firm dla praktykant\u00f3w<\/li>\n<li>Kalkulacja finansowania i ubezpieczenia (Erasmus + ubezpieczenie i ubezpieczenie szkolne)<\/li>\n<li>Zarz\u0105dzanie logistyk\u0105, w tym zakwaterowaniem i transportem na miejscu.<\/li>\n<li>wszystkie niezb\u0119dne procedury administracyjne w Hiszpanii<\/li>\n<\/ol>\n<p>Naszym celem jest zaoferowanie Ci do\u015bwiadczenia dostosowanego do Twoich potrzeb, faworyzuj\u0105c sie\u0107 starannie wybranych firm.[\/vc_column_text][\/vc_column_inner][vc_column_inner width=&#8221;1\/12&#8243;][\/vc_column_inner][vc_column_inner width=&#8221;4\/12&#8243;][vc_single_image image=&#8221;17124&#8243; img_size=&#8221;400*200&#8243; alignment=&#8221;right&#8221; style=&#8221;vc_box_rounded&#8221;][vc_btn title=&#8221;WI\u0118CEJ&#8221; style=&#8221;custom&#8221; custom_background=&#8221;#e20000&#8243; custom_text=&#8221;#ffffff&#8221; align=&#8221;center&#8221; link=&#8221;url:https%3A%2F%2Fespamob.com%2Fpl%2Fkontakt-z-polskim-konsultantem|title:Kontakt|target:_blank&#8221;][\/vc_column_inner][\/vc_row_inner][vc_custom_heading text=&#8221;Erasmus Plus uczniowie i praktykanci&#8221; font_container=&#8221;tag:h3|text_align:left&#8221; use_theme_fonts=&#8221;yes&#8221; css=&#8221;.vc_custom_1698768949211{margin-top: 20px !important;}&#8221;][vc_row_inner][vc_column_inner width=&#8221;4\/12&#8243;][vc_single_image image=&#8221;17130&#8243; img_size=&#8221;400*200&#8243; style=&#8221;vc_box_rounded&#8221;][vc_btn title=&#8221;Odkryj nasze us\u0142ugi&#8221; style=&#8221;custom&#8221; custom_background=&#8221;#e20000&#8243; custom_text=&#8221;#ffffff&#8221; align=&#8221;center&#8221; link=&#8221;url:https%3A%2F%2Fespamob.com%2Fpl%2Fetapy-mobilnosci-erasmus|title:Etapy%20mobilnosci|target:_blank&#8221;][\/vc_column_inner][vc_column_inner width=&#8221;1\/12&#8243;][\/vc_column_inner][vc_column_inner width=&#8221;7\/12&#8243;][vc_column_text]W <strong>Espamob<\/strong> jeste\u015bmy tutaj, aby poprowadzi\u0107 Ci\u0119 w projekcie Erasmus Plus i zapewni\u0107 wzbogacaj\u0105ce do\u015bwiadczenie studentom lub sta\u017cystom w Twojej plac\u00f3wce.<\/p>\n<p>Rozumiemy wyzwania i pytania jakie masz i jeste\u015bmy tutaj, aby pom\u00f3c odpowiedzie\u0107 na nie wszystkie. Dzi\u0119ki naszemu do\u015bwiadczeniu i zaanga\u017cowaniu mo\u017cemy stworzy\u0107 program \u201eszyty na miar\u0119\u201d, kt\u00f3ry b\u0119dzie odpowiada\u0142 Twoim konkretnym potrzebom.<\/p>\n<p>Naszym celem jest zapewnienie Ci pe\u0142nego i spersonalizowanego wsparcia podczas sta\u017cu w ramach programu Erasmus Plus.<\/p>\n<p>Wsp\u00f3\u0142pracujemy z Tob\u0105, aby okre\u015bli\u0107 Twoje cele i preferencje, a tak\u017ce dok\u0142adamy wszelkich stara\u0144, aby zapewni\u0107 Ci najlepsze opcje sta\u017cu.<\/p>\n<p>Niezale\u017cnie od tego, czy chodzi o doskonalenie umiej\u0119tno\u015bci zawodowych Twoich student\u00f3w i sta\u017cyst\u00f3w, czy o odkrywanie nowych dziedzin lub odkrywanie nowych kultur, nasza agencja jest po to, aby pom\u00f3c Ci osi\u0105gn\u0105\u0107 Twoje za\u0142o\u017cenia.<\/p>\n<p>Dzi\u0119ki Espamob\u2019 b\u0119dziesz cieszy\u0107 si\u0119 sta\u0142ym wsparciem, zar\u00f3wno w poszukiwaniu sta\u017cy, organizacji logistycznej, zakwaterowania, jak i w innych aspektach Twojej mobilno\u015bci. B\u0119dziemy tam na ka\u017cdym kroku, upewniaj\u0105c si\u0119, \u017ce czujesz si\u0119 wspierany i oferuj\u0105c cenne porady i zasoby.<\/p>\n<p>Zaufaj naszemu zespo\u0142owi profesjonalist\u00f3w, kt\u00f3ry zorganizuje Twoj\u0105 mobilno\u015b\u0107 sta\u017cow\u0105 w ramach programu Erasmus Plus i ciesz si\u0119 wzbogacaj\u0105cym i niezapomnianym do\u015bwiadczeniem.<\/p>\n<p>Skontaktuj si\u0119 z nami ju\u017c dzi\u015b i pozw\u00f3l nam towarzyszy\u0107 Ci w tej ekscytuj\u0105cej przygodzie![\/vc_column_text][\/vc_column_inner][\/vc_row_inner][vc_empty_space][vc_custom_heading text=&#8221;9 podstawowych pyta\u0144, kt\u00f3re pomog\u0105 Ci przygotowa\u0107 si\u0119 do mobilno\u015bci.&#8221; font_container=&#8221;tag:h3|text_align:left&#8221; use_theme_fonts=&#8221;yes&#8221; css=&#8221;.vc_custom_1698769030648{margin-top: 20px !important;}&#8221;][vc_row_inner][vc_column_inner width=&#8221;7\/12&#8243;][vc_column_text]W ramach naszego wsparcia dla Twojego projektu mobilno\u015bci rozumiemy znaczenie pomocy w odpowiednim przygotowaniu si\u0119 do do\u015bwiadczenia.<\/p>\n<p>Poni\u017cej pozostawiamy Ci list\u0119 podstawowych aspekt\u00f3w, kt\u00f3re nale\u017cy wzi\u0105\u0107 pod uwag\u0119 przed rozpocz\u0119ciem organizacji mobilno\u015bci w ramach programu <a href=\"https:\/\/erasmus-plus.ec.europa.eu\/pl\" target=\"_blank\" rel=\"noopener\">Erasmus +<\/a> :<\/p>\n<ol>\n<li>Z jakiej specjalizacji\/zawodu s\u0105 uczniowie?<\/li>\n<li>Ile maj\u0105 lat?<\/li>\n<li>Kiedy planujesz organizacj\u0119 mobilno\u015bci w programie Erasmus+?<\/li>\n<li>Jaki jest przewidywany czas trwania Twojego projektu?<\/li>\n<li>Ilu nauczycieli b\u0119dzie obecnych, aby nadzorowa\u0107 grup\u0119?<\/li>\n<li>Czy chcia\u0142by\u015b skorzysta\u0107 z us\u0142ugi transferu lotniskowego w obie strony?<\/li>\n<li>Czy potrzebujesz transportu publicznego?<\/li>\n<li>Czy chcia\u0142by\u015b wzi\u0105\u0107 udzia\u0142 w konkretnych wydarzeniach kulturalnych?<\/li>\n<li>Jaki rodzaj zakwaterowania preferujesz?<\/li>\n<\/ol>\n<p><strong>Espamob\u2019 <\/strong>zaprasza Ci\u0119 r\u00f3wnie\u017c do szczeg\u00f3\u0142owego zapoznania si\u0119 z <a href=\"https:\/\/espamob.com\/pl\/etapy-mobilnosci-erasmus\"><u>etapami mobilno\u015bci w ramach programu Erasmus +<\/u><\/a>[\/vc_column_text][\/vc_column_inner][vc_column_inner width=&#8221;1\/12&#8243;][\/vc_column_inner][vc_column_inner width=&#8221;4\/12&#8243;][vc_images_carousel images=&#8221;7658,7614,7602,7598,7610,7618,7670,12266,12074,11991&#8243; img_size=&#8221;400*400&#8243; onclick=&#8221;custom_link&#8221; custom_links_target=&#8221;_blank&#8221; speed=&#8221;1000&#8243; slides_per_view=&#8221;2&#8243; autoplay=&#8221;yes&#8221; wrap=&#8221;yes&#8221; custom_links=&#8221;#E-8_aHR0cHMlM0ElMkYlMkZ3d3cuZXNwYW1vYi5jb20lMkZmciUyRnNlY3RldXItc3RhZ2UtZW50cmVwcmlzZS1lcmFzbXVzcGx1cyUyRg==&#8221;][vc_btn title=&#8221;Odkryj sektory sta\u017cy&#8221; style=&#8221;custom&#8221; custom_background=&#8221;#e20000&#8243; custom_text=&#8221;#ffffff&#8221; align=&#8221;center&#8221; link=&#8221;url:https%3A%2F%2Fespamob.com%2Fpl%2Fpraktyki-zawodowe-erasmus%2F|title:Sektory%20praktyk|target:_blank&#8221;][\/vc_column_inner][\/vc_row_inner][\/vc_column][\/vc_row][vc_row full_width=&#8221;stretch_row&#8221; wrap_container=&#8221;yes&#8221; is_section=&#8221;yes&#8221; css=&#8221;.vc_custom_1688548809334{margin-top: 20px !important;border-top-width: 0px !important;background-color: #f8f392 !important;}&#8221; conditional_render=&#8221;%5B%7B%22value_role%22%3A%22administrator%22%7D%5D&#8221;][vc_column][vc_row_inner css=&#8221;.vc_custom_1688548648248{background-color: #f8f392 !important;}&#8221;][vc_column_inner][vc_custom_heading text=&#8221;Popro\u015b o bezp\u0142atn\u0105 wycen\u0119&#8221; font_container=&#8221;tag:h2|text_align:center&#8221; use_theme_fonts=&#8221;yes&#8221;][vc_column_text]Masz pomys\u0142 na projekt Erasmus+ w Hiszpanii i szukasz zaufanej agencji, kt\u00f3ra Ci\u0119 wesprze? <strong>Espamob<\/strong>&#8217; jest tutaj, aby Ci pom\u00f3c! Oferujemy bezp\u0142atn\u0105 i niezobowi\u0105zuj\u0105c\u0105 wycen\u0119, kt\u00f3ra pomo\u017ce Ci zarz\u0105dza\u0107 projektem mobilno\u015bci. Dzi\u0119ki naszemu do\u015bwiadczeniu i sieci firm partnerskich mo\u017cemy zaoferowa\u0107 spersonalizowane wsparcie, aby spe\u0142ni\u0107 Twoje specyficzne potrzeby. Skontaktuj si\u0119 z nami ju\u017c teraz, aby om\u00f3wi\u0107 sw\u00f3j projekt i otrzyma\u0107 bezp\u0142atn\u0105 wycen\u0119.[\/vc_column_text]<div id=\"modal-trg-txt-wrap-8813\" class=\"ult-modal-input-wrapper ult-adjust-bottom-margin    \" data-keypress-control=\"keypress-control-enable\" data-overlay-control=\"overlay-control-enable\"><style>\n\t\t\t\t\t.btn-modal.btn-id-69e76489df73c9-89890885:hover {\n\t\t\t\t\t\tbackground-color: #e20000 !important;\n\t\t\t\t\t}\n\t\t\t\t\t<\/style><button  data-ultimate-target='#modal-trg-txt-wrap-8813 .btn-modal'  data-responsive-json-new='{\"font-size\":\"\",\"line-height\":\"\"}'  style=\"background:#888888;border-color:#888888;color:#ffffff; \" data-class-id=\"content-69e76489df73c9-89890885\" class=\"btn-modal ult-responsive btn-primary btn-modal-md overlay-show ult-align-center btn-id-69e76489df73c9-89890885\" data-overlay-class=\"overlay-cornerbottomleft\">ZAM\u00d3W BEZP\u0141ATN\u0104 WYCEN\u0118<\/button><\/div>\n<div class=\"ult-overlay content-69e76489df73c9-89890885 \" data-class=\"content-69e76489df73c9-89890885\" id=\"button-click-overlay\" style=\"background:rgba(51,51,51,0.8); display:none;\">\n\t<div class=\"ult_modal ult-fade ult-medium\">\n\t\t<div id=\"ult-modal-wrap-6416\" class=\"ult_modal-content ult-hide\" style=\"border-style:solid;border-width:2px;border-radius:0px;border-color:#333333;\">\n\t\t\t<div class=\"ult_modal-header\" style=\"color:#333333;border-color:#333333;\">\n\t\t\t\t<h3  data-ultimate-target='#ult-modal-wrap-6416 .ult_modal-title'  data-responsive-json-new='{\"font-size\":\"\",\"line-height\":\"\"}'  class=\"ult_modal-title ult-responsive\">ZAM\u00d3W BEZP\u0141ATN\u0104 WYCEN\u0118<\/h3>\n\t\t\t<\/div>\n\t\t\t<div  data-ultimate-target='#ult-modal-wrap-6416 .ult_modal-body'  data-responsive-json-new='{\"font-size\":\"\",\"line-height\":\"\"}'  class=\"ult_modal-body ult-responsive ult-html\" style=\"\">\n\t\t\t<\/p>\n<p>[caldera_form id=&#8221;CF6149e02688efa&#8221;]<\/p>\n<p>\n\t\t\t<\/div>\n\t<\/div>\n\t<\/div>\n\t<div class=\"ult-overlay-close top-right\" style=\"width:80px;height:80px; \"><div class=\"ult-overlay-close-inside\">Close<\/div><\/div>\n<\/div>[\/vc_column_inner][\/vc_row_inner][\/vc_column][\/vc_row][vc_row full_width=&#8221;stretch_row&#8221; wrap_container=&#8221;yes&#8221; is_section=&#8221;yes&#8221; css=&#8221;.vc_custom_1688548008128{margin-top: 0px !important;}&#8221; conditional_render=&#8221;%5B%7B%22value_role%22%3A%22administrator%22%7D%5D&#8221;][vc_column][vc_row_inner][vc_column_inner width=&#8221;1\/2&#8243;][vc_column_text]<a href=\"https:\/\/erasmus-plus.ec.europa.eu\/pl\/programme-guide\/part-b\/key-action-2\" target=\"_blank\" rel=\"noopener\">ERASMUS+ KA2 PROGRAM<\/a>[\/vc_column_text][vc_custom_heading text=&#8221;MOBILNO\u015a\u0106 NAUCZYCIELI&#8221; font_container=&#8221;tag:h2|text_align:center&#8221; use_theme_fonts=&#8221;yes&#8221;][vc_column_text]Jeste\u015b <strong>nauczycielem<\/strong> i chcia\u0142by\u015b zdoby\u0107 nowe umiej\u0119tno\u015bci i wiedz\u0119? Mobilno\u015b\u0107 Erasmus + jest stworzona dla Ciebie! Z <strong>Espamob&#8217;<\/strong> zorganizujesz sw\u00f3j pobyt w Hiszpanii i skorzystasz z wyj\u0105tkowego do\u015bwiadczenia, ucz\u0105c si\u0119 innowacyjnych metod i narz\u0119dzi. Do\u0142\u0105cz ju\u017c teraz do spo\u0142eczno\u015bci nauczycieli, kt\u00f3rzy wybrali Erasmus + ze wzgl\u0119du na sw\u00f3j rozw\u00f3j zawodowy.[\/vc_column_text][vc_btn title=&#8221;WI\u0118CEJ&#8221; style=&#8221;custom&#8221; custom_background=&#8221;#e20000&#8243; custom_text=&#8221;#ffffff&#8221; align=&#8221;center&#8221; link=&#8221;url:https%3A%2F%2Fespamob.com%2Fpl%2Fmobilnosc-nauczycieli-erasmus-plus|title:Mobilnosc%20dla%20nauczcieli&#8221;][\/vc_column_inner][vc_column_inner width=&#8221;1\/2&#8243;][vc_single_image image=&#8221;19427&#8243; img_size=&#8221;full&#8221; style=&#8221;vc_box_rounded&#8221; animation_type=&#8221;zoomIn&#8221;][\/vc_column_inner][\/vc_row_inner][\/vc_column][\/vc_row][vc_row wrap_container=&#8221;yes&#8221;][vc_column][vc_empty_space height=&#8221;60&#8243;][vc_custom_heading text=&#8221;Cz\u0119sto zadawane pytania&#8221; font_container=&#8221;tag:h2|text_align:center|color:%23000000&#8243; use_theme_fonts=&#8221;yes&#8221;][vc_separator][vc_row_inner][vc_column_inner width=&#8221;2\/3&#8243;][vc_custom_heading text=&#8221;Czym jest program Erasmus + i w jaki spos\u00f3b wspiera on praktyki zawodowe w krajach europejskich?&#8221; font_container=&#8221;tag:h3|text_align:left&#8221; use_theme_fonts=&#8221;yes&#8221;][vc_column_text]Program Erasmus+ to inicjatywa Unii Europejskiej wspieraj\u0105ca edukacj\u0119, szkolenia, m\u0142odzie\u017c i sport w Europie.<\/p>\n<p>Zapewnia on studentom, sta\u017cystom, pracownikom o\u015bwiaty i innym osobom mo\u017cliwo\u015b\u0107 zdobycia do\u015bwiadczenia za granic\u0105, w szczeg\u00f3lno\u015bci poprzez sta\u017ce w r\u00f3\u017cnych krajach europejskich.<\/p>\n<p>Erasmus+ we Francji wspiera r\u00f3\u017cnorodne projekty w r\u00f3\u017cnych sektorach. Obejmuj\u0105 one wymiany m\u0142odzie\u017cy, strategiczne partnerstwa mi\u0119dzy organizacjami, sta\u017ce zawodowe dla student\u00f3w i m\u0142odych pracownik\u00f3w oraz wiele innych.[\/vc_column_text][vc_custom_heading text=&#8221;Jakie kryteria musz\u0105 spe\u0142ni\u0107 studenci, kt\u00f3rzy chc\u0105 wzi\u0105\u0107 udzia\u0142 w programie mobilno\u015bci Erasmus+?&#8221; font_container=&#8221;tag:h3|text_align:left&#8221; use_theme_fonts=&#8221;yes&#8221;][vc_column_text]<\/p>\n<p style=\"text-align: justify;\">Aby kwalifikowa\u0107 si\u0119 do udzia\u0142u w praktykach zawodowych za granic\u0105 w ramach programu Erasmus+, musisz by\u0107 zapisany do instytucji edukacyjnej i studiowa\u0107 w celu uzyskania uznanych kwalifikacji nauczycielskich.<\/p>\n<p>[\/vc_column_text][vc_custom_heading text=&#8221;Jak mog\u0119 zaplanowa\u0107 praktyk\u0119 Erasmus plus dla student\u00f3w\/praktykant\u00f3w z Espamob?&#8221; font_container=&#8221;tag:h3|text_align:left&#8221; use_theme_fonts=&#8221;yes&#8221; css=&#8221;.vc_custom_1698769333014{margin-top: -20px !important;}&#8221;][vc_column_text]Aby zorganizowa\u0107 program mobilno\u015bci Erasmus+ dla grup student\u00f3w lub praktykant\u00f3w z Espamob, wystarczy skontaktowa\u0107 si\u0119 z nami w celu uzyskania spersonalizowanej oferty dostosowanej do konkretnych potrzeb.<\/p>\n<p>Wsp\u00f3lnie okre\u015blimy czas trwania, daty, finansowanie i zarys projektu. Pomo\u017cemy r\u00f3wnie\u017c okre\u015bli\u0107 kwot\u0119 stypendium Erasmus + na studenta, kt\u00f3ra zale\u017cy od kilku czynnik\u00f3w (d\u0142ugo\u015b\u0107 sta\u017cu, koszty utrzymania w kraju przyjmuj\u0105cym i koszty podr\u00f3\u017cy).[\/vc_column_text][vc_custom_heading text=&#8221;Jakie s\u0105 zalety wyboru mobilno\u015bci Erasmus+ w Hiszpanii z Espamob?&#8221; font_container=&#8221;tag:h3|text_align:left&#8221; use_theme_fonts=&#8221;yes&#8221; css=&#8221;.vc_custom_1698769361385{margin-top: -10px !important;}&#8221;][vc_column_text]Wyb\u00f3r udzia\u0142u w programie mobilno\u015bci Erasmus+ w Hiszpanii oferuje wzbogacaj\u0105ce do\u015bwiadczenie za granic\u0105, sprzyjaj\u0105ce rozwojowi umiej\u0119tno\u015bci zawodowych i osobistych uczestnik\u00f3w.<\/p>\n<p>Program Erasmus+ promuje zatrudnienie, zapewniaj\u0105c cenne do\u015bwiadczenie zawodowe w kontek\u015bcie europejskim. Praktyki umo\u017cliwiaj\u0105 uczestnikom zdobycie konkretnych umiej\u0119tno\u015bci, doskonalenie j\u0119zyka obcego i zrozumienie kultury kraju przyjmuj\u0105cego. Wszystkie te umiej\u0119tno\u015bci s\u0105 wysoko cenione przez pracodawc\u00f3w.<\/p>\n<p>Co wi\u0119cej, Hiszpania jest preferowanym wyborem w\u015br\u00f3d kraj\u00f3w europejskich dla tych, kt\u00f3rzy aspiruj\u0105 do mi\u0119dzynarodowej mobilno\u015bci zawodowej, ze wzgl\u0119du na jako\u015b\u0107 \u017cycia, jak\u0105 oferuje i doskona\u0142o\u015b\u0107 swoich firm.[\/vc_column_text][\/vc_column_inner][vc_column_inner width=&#8221;1\/3&#8243;][vc_single_image image=&#8221;15074&#8243; img_size=&#8221;full&#8221;][\/vc_column_inner][\/vc_row_inner][\/vc_column][\/vc_row][vc_row full_width=&#8221;stretch_row&#8221; wrap_container=&#8221;yes&#8221; css=&#8221;.vc_custom_1688548457446{margin-bottom: -11px !important;background-color: #f4f4f4 !important;}&#8221; conditional_render=&#8221;%5B%7B%22value_role%22%3A%22administrator%22%7D%5D&#8221;][vc_column][vc_empty_space height=&#8221;50&#8243;][vc_custom_heading text=&#8221;Informacja zwrotna&#8221; font_container=&#8221;tag:h2|text_align:center&#8221; use_theme_fonts=&#8221;yes&#8221;][vc_separator color=&#8221;white&#8221; css=&#8221;.vc_custom_1659374596508{margin-top: -10px !important;}&#8221;][vc_empty_space height=&#8221;60&#8243;]<div class=\"mgl_tubelab mgl_tubelab_container mgl_tubelab_template_default\" data-mgl-tubelab-parameters=\"type=playlist&value=PLLGrER9ieWtBvtd3jbaFSHCKHYMIeoItQ&user=&channel_id=&count=4&cols=4&mode=lightbox&template=default&display=title&pagination=true&size=medium&video_id=&playlists=all&mini=0\">\n\t<div class=\"mgl_tubelab mgl_tubelab_content mgl_tubelab_content-cols4\">\n\t<\/div>\n\t\t\t<div class=\"mgl_tubelab_pagination\">\n\t\t\t<div class=\"mgl_tubelab_pagination_item mgl_tubelab_pagination_item_prev\">\n\t\t\t\t<a href=\"#\" class=\"mgl_tubelab_pagination_prev\">Previous page<\/a>\n\t\t\t<\/div>\n\t\t\t<div class=\"mgl_tubelab_pagination_item mgl_tubelab_pagination_item_next\">\n\t\t\t\t<a href=\"#\" class=\"mgl_tubelab_pagination_next\">Next page<\/a>\n\t\t\t<\/div>\n\t\t<\/div>\n\t<\/div>[vc_empty_space][\/vc_column][\/vc_row]<\/p>\n<\/div>","protected":false},"excerpt":{"rendered":"<p>[vc_row css=&#8221;.vc_custom_1699200613413{margin-top: -20px !important;background-image: url(https:\/\/espamob.com\/wp-content\/uploads\/2023\/11\/Praktyki-Erasmus-Plus-uczniowie-i-praktykanci.jpg?id=19615) !important;background-position: 0 0 !important;background-repeat: no-repeat !important;}&#8221; conditional_render=&#8221;%5B%7B%22value_role%22%3A%22administrator%22%7D%5D&#8221;][vc_column][vc_empty_space height=&#8221;220&#8243;][vc_custom_heading text=&#8221;Praktyki Erasmus Plus: uczniowie i praktykanci&#8221; font_container=&#8221;tag:h1|font_size:27|text_align:center|color:%23ffffff&#8221; use_theme_fonts=&#8221;yes&#8221; css=&#8221;.vc_custom_1699016039042{margin-bottom: 15px !important;background-color: rgba(136,136,136,0.3) !important;*background-color: rgb(136,136,136) !important;}&#8221;][vc_empty_space height=&#8221;20&#8243;][\/vc_column][\/vc_row][vc_row wrap_container=&#8221;yes&#8221; text_align=&#8221;justify&#8221;][vc_column text_align=&#8221;justify&#8221;][vc_empty_space height=&#8221;50&#8243;][vc_custom_heading text=&#8221;Sta\u017ce dla praktykant\u00f3w i student\u00f3w: Zrealizuj sw\u00f3j projekt Erasmus Plus z Espamob\u2019!&#8221; use_theme_fonts=&#8221;yes&#8221; css=&#8221;.vc_custom_1698768877611{margin-top: 20px !important;}&#8221;][vc_separator][vc_row_inner][vc_column_inner width=&#8221;7\/12&#8243;][vc_column_text]Otrzyma\u0142e\u015b stypendium i chcia\u0142by\u015b zorganizowa\u0107 sta\u017c<\/p>\n","protected":false},"author":2,"featured_media":16441,"parent":0,"menu_order":0,"comment_status":"closed","ping_status":"closed","template":"","meta":{"footnotes":""},"class_list":["post-19001","page","type-page","status-publish","has-post-thumbnail","hentry"],"_links":{"self":[{"href":"https:\/\/espamob.com\/pl\/wp-json\/wp\/v2\/pages\/19001","targetHints":{"allow":["GET"]}}],"collection":[{"href":"https:\/\/espamob.com\/pl\/wp-json\/wp\/v2\/pages"}],"about":[{"href":"https:\/\/espamob.com\/pl\/wp-json\/wp\/v2\/types\/page"}],"author":[{"embeddable":true,"href":"https:\/\/espamob.com\/pl\/wp-json\/wp\/v2\/users\/2"}],"replies":[{"embeddable":true,"href":"https:\/\/espamob.com\/pl\/wp-json\/wp\/v2\/comments?post=19001"}],"version-history":[{"count":0,"href":"https:\/\/espamob.com\/pl\/wp-json\/wp\/v2\/pages\/19001\/revisions"}],"wp:featuredmedia":[{"embeddable":true,"href":"https:\/\/espamob.com\/pl\/wp-json\/wp\/v2\/media\/16441"}],"wp:attachment":[{"href":"https:\/\/espamob.com\/pl\/wp-json\/wp\/v2\/media?parent=19001"}],"curies":[{"name":"wp","href":"https:\/\/api.w.org\/{rel}","templated":true}]}}