{"id":14214,"date":"2022-07-06T18:25:35","date_gmt":"2022-07-06T18:25:35","guid":{"rendered":"https:\/\/www.espamob.com\/projekt-erasmus-w-hiszpanii\/barcelona\/"},"modified":"2023-11-28T15:04:31","modified_gmt":"2023-11-28T15:04:31","slug":"barcelona","status":"publish","type":"page","link":"https:\/\/espamob.com\/pl\/projekt-erasmus-w-hiszpanii\/barcelona\/","title":{"rendered":"PL- BARCELONA"},"content":{"rendered":"<div class=\"wpb-content-wrapper\"><p>[vc_row css=&#8221;.vc_custom_1700590061382{margin-top: -20px !important;background-image: url(https:\/\/espamob.com\/wp-content\/uploads\/2023\/11\/Explore-Barcelonie.webp?id=20780) !important;background-position: center !important;background-repeat: no-repeat !important;background-size: cover !important;}&#8221; conditional_render=&#8221;%5B%7B%22value_role%22%3A%22administrator%22%7D%5D&#8221;][vc_column][vc_empty_space height=&#8221;220&#8243;][vc_custom_heading text=&#8221;Sta\u017c i mobilno\u015b\u0107 Erasmus Plus w Barcelonie, Katalonii&#8221; font_container=&#8221;tag:h1|font_size:27|text_align:center|color:%23ffffff&#8221; use_theme_fonts=&#8221;yes&#8221; el_class=&#8221;h1blancocentro&#8221; css=&#8221;.vc_custom_1700589357534{background-color: rgba(136,136,136,0.3) !important;*background-color: rgb(136,136,136) !important;}&#8221;][vc_empty_space height=&#8221;15&#8243;][\/vc_column][\/vc_row][vc_row][vc_column][vc_empty_space][vc_column_text]<\/p>\n<ol class=\"breadcrumb\">\n<li class=\"breadcrumb-item\"><a href=\"https:\/\/espamob.com\/pl\">Home<\/a><\/li>\n<li class=\"breadcrumb-item\"><a href=\"https:\/\/espamob.com\/pl\/projekt-erasmus-w-hiszpanii\">Erasmus Plus sta\u017c w Hiszpanii<\/a><\/li>\n<li class=\"breadcrumb-item active\" aria-current=\"page\">Erasmus Plus sta\u017c w Barcelonie<\/li>\n<\/ol>\n<p>[\/vc_column_text][vc_custom_heading text=&#8221;Odkryj mo\u017cliwo\u015bci mobilno\u015bci i praktyk w ramach programu Erasmus Plus w Barcelonie!&#8221; font_container=&#8221;tag:h2|text_align:center&#8221; use_theme_fonts=&#8221;yes&#8221;][vc_column_text]Barcelona, popularna destynacja dla student\u00f3w i praktykant\u00f3w, oferuje dynamiczne \u015brodowisko sprzyjaj\u0105ce naukom. Dzi\u0119ki programowi Erasmus Plus, maj\u0105 mo\u017cliwo\u015b\u0107 odbywania warto\u015bciowych sta\u017cy, wzmacniaj\u0105cych ich umiej\u0119tno\u015bci zawodowe. Studenci zyskaj\u0105 dost\u0119p do r\u00f3\u017cnych sektor\u00f3w i firm w Barcelonie, co stwarza szereg mo\u017cliwo\u015bci sta\u017cowych w r\u00f3\u017cnych dziedzinach.<\/p>\n<p>Przez udzia\u0142 w praktykach w Barcelonie dzi\u0119ki Erasmus+, zdob\u0119d\u0105 cenn\u0105 praktyk\u0119 zawodow\u0105, odkryj\u0105 hiszpa\u0144sk\u0105 kultur\u0119, doskonal\u0105c j\u0119zyk, oraz zanurz\u0105 si\u0119 w codziennym \u017cyciu tego pi\u0119knego miasta nad Morzem \u015ar\u00f3dziemnym.<\/p>\n<p>W Espamob jeste\u015bmy, aby Was wesprze\u0107 w organizacji<a href=\"https:\/\/espamob.com\/pl\/projekt-erasmus-w-hiszpanii\"> mobilno\u015bci Erasmus Plus w Hiszpanii<\/a>. Dzi\u0119ki naszym spersonalizowanym us\u0142ugom i starannej opiece znajdziemy idealne miejsce na praktyki, zapewniaj\u0105c udane do\u015bwiadczenie. Skontaktuj si\u0119 z nami i przygotuj si\u0119 na niezapomniane do\u015bwiadczenie w Barcelonie dzi\u0119ki ErasmusPlus![\/vc_column_text][vc_row_inner][vc_column_inner width=&#8221;1\/2&#8243;][vc_btn title=&#8221;Sektory sta\u017cowe&#8221; style=&#8221;custom&#8221; custom_background=&#8221;#e3001a&#8221; custom_text=&#8221;#ffffff&#8221; shape=&#8221;rounded&#8221; size=&#8221;lg&#8221; align=&#8221;center&#8221; link=&#8221;url:https%3A%2F%2Fespamob.com%2Fpl%2Fpraktyki-zawodowe-erasmus|title:Sektory%20sta%C5%BCowe&#8221;][\/vc_column_inner][vc_column_inner width=&#8221;1\/2&#8243;][vc_btn title=&#8221;Skontaktuj si\u0119 z nami !&#8221; style=&#8221;custom&#8221; custom_background=&#8221;#e3001a&#8221; custom_text=&#8221;#ffffff&#8221; shape=&#8221;rounded&#8221; size=&#8221;lg&#8221; align=&#8221;center&#8221; link=&#8221;url:https%3A%2F%2Fespamob.com%2Fpl%2Fkontakt-z-polskim-konsultantem|title:Kontakt&#8221;][\/vc_column_inner][\/vc_row_inner][\/vc_column][\/vc_row][vc_row wrap_container=&#8221;yes&#8221; is_section=&#8221;yes&#8221; section_skin=&#8221;parallax&#8221; remove_margin_top=&#8221;yes&#8221; remove_margin_bottom=&#8221;yes&#8221; remove_padding_bottom=&#8221;yes&#8221; remove_border=&#8221;yes&#8221; el_id=&#8221;destino&#8221;][vc_column][vc_custom_heading text=&#8221;Dlaczego zdecydowa\u0107 si\u0119 na mobilno\u015b\u0107 w Barcelonie&#8221; font_container=&#8221;tag:h2|text_align:center&#8221; use_theme_fonts=&#8221;yes&#8221;][vc_row_inner][vc_column_inner width=&#8221;1\/3&#8243;]<div class=\"aio-icon-component    style_1\"><div id=\"Info-box-wrap-2184\" class=\"aio-icon-box default-icon\" style=\"\"  ><div class=\"aio-icon-default\"><div class=\"ult-just-icon-wrapper  \"><div class=\"align-icon\" style=\"text-align:center;\">\n<div class=\"aio-icon none \"  style=\"color:#e2001a;font-size:44px;display:inline-block;\">\n\t<i class=\"Defaults-user\"><\/i>\n<\/div><\/div><\/div><\/div><div class=\"aio-icon-header\" ><h3 class=\"aio-icon-title ult-responsive\"  data-ultimate-target='#Info-box-wrap-2184 .aio-icon-title'  data-responsive-json-new='{\"font-size\":\"desktop:20px;\",\"line-height\":\"\"}'  style=\"\">Tejidos econ\u00f3micos<\/h3><\/div> <!-- header --><div class=\"aio-icon-description ult-responsive\"  data-ultimate-target='#Info-box-wrap-2184 .aio-icon-description'  data-responsive-json-new='{\"font-size\":\"\",\"line-height\":\"\"}'  style=\"\"><\/p>\n<p style=\"text-align: justify;\"><a href=\"https:\/\/erasmus-plus.ec.europa.eu\/pl\" target=\"_blank\" rel=\"noopener\"><strong>ERASMUS PLUS<\/strong><\/a> w Barcelonie : jest uwa\u017cana za drugie co do wielko\u015bci miasto w Hiszpanii, z populacj\u0105 1,62 miliona mieszka\u0144c\u00f3w. Jest to bardzo dynamiczne i kosmopolityczne miasto, kt\u00f3re przyci\u0105gnie Ci\u0119 i zaoferuje r\u00f3\u017cne sektory biznesowe odpowiednie dla sta\u017cyst\u00f3w i praktykant\u00f3w, kt\u00f3rzy przyje\u017cd\u017caj\u0105 do Barcelony, aby zdoby\u0107 nowe i satysfakcjonuj\u0105ce do\u015bwiadczenie. W rzeczywisto\u015bci ma unikalny kapita\u0142 ludzki, co pozwoli uczniom odkrywa\u0107 i uczy\u0107 si\u0119 nowej kultury.<\/p>\n<p><\/div> <!-- description --><\/div> <!-- aio-icon-box --><\/div> <!-- aio-icon-component -->[\/vc_column_inner][vc_column_inner width=&#8221;1\/3&#8243;]<div class=\"aio-icon-component    style_1\"><div id=\"Info-box-wrap-2097\" class=\"aio-icon-box default-icon\" style=\"\"  ><div class=\"aio-icon-default\"><div class=\"ult-just-icon-wrapper  \"><div class=\"align-icon\" style=\"text-align:center;\">\n<div class=\"aio-icon none \"  style=\"color:#e2001a;font-size:44px;display:inline-block;\">\n\t<i class=\"Defaults-globe\"><\/i>\n<\/div><\/div><\/div><\/div><div class=\"aio-icon-header\" ><h3 class=\"aio-icon-title ult-responsive\"  data-ultimate-target='#Info-box-wrap-2097 .aio-icon-title'  data-responsive-json-new='{\"font-size\":\"desktop:20px;\",\"line-height\":\"\"}'  style=\"\">Aspekt logistyczny<\/h3><\/div> <!-- header --><div class=\"aio-icon-description ult-responsive\"  data-ultimate-target='#Info-box-wrap-2097 .aio-icon-description'  data-responsive-json-new='{\"font-size\":\"\",\"line-height\":\"\"}'  style=\"\"><\/p>\n<p style=\"text-align: justify;\">Espamob zobowi\u0105zuje si\u0119 do zorganizowania Twojej mobilno\u015bci od A do Z. Oferuj\u0105c Ci ciep\u0142e i wyj\u0105tkowe powitanie w Barcelonie, zesp\u00f3\u0142 b\u0119dzie w stanie zaproponowa\u0107 r\u00f3\u017cne opcje zakwaterowania, a tak\u017ce transport publiczny, tak aby najlepiej odpowiada\u0142y Twoim potrzebom. <a href=\"https:\/\/www.barcelonaturisme.com\/wv3\/en\/page\/38\/tourist-information-points.html\" target=\"_blank\" rel=\"noopener\">Barcelona<\/a> to miasto pe\u0142ne miejsc do odkrycia, dlatego zrobimy wszystko, co w naszej mocy, aby\u015b nie zgubi\u0142 si\u0119 po przyje\u017adzie, towarzysz\u0105c Ci przez ca\u0142y czas.<\/p>\n<p><\/div> <!-- description --><\/div> <!-- aio-icon-box --><\/div> <!-- aio-icon-component -->[\/vc_column_inner][vc_column_inner width=&#8221;1\/3&#8243;]<div class=\"aio-icon-component    style_1\"><div id=\"Info-box-wrap-2599\" class=\"aio-icon-box default-icon\" style=\"\"  ><div class=\"aio-icon-default\"><div class=\"ult-just-icon-wrapper  \"><div class=\"align-icon\" style=\"text-align:center;\">\n<div class=\"aio-icon none \"  style=\"color:#e2001a;font-size:44px;display:inline-block;\">\n\t<i class=\"Defaults-sun-o\"><\/i>\n<\/div><\/div><\/div><\/div><div class=\"aio-icon-header\" ><h3 class=\"aio-icon-title ult-responsive\"  data-ultimate-target='#Info-box-wrap-2599 .aio-icon-title'  data-responsive-json-new='{\"font-size\":\"desktop:20px;\",\"line-height\":\"\"}'  style=\"\">\u015brodowisko i klimat<\/h3><\/div> <!-- header --><div class=\"aio-icon-description ult-responsive\"  data-ultimate-target='#Info-box-wrap-2599 .aio-icon-description'  data-responsive-json-new='{\"font-size\":\"\",\"line-height\":\"\"}'  style=\"\"><\/p>\n<p style=\"text-align: justify;\">\u015ar\u00f3dziemnomorski klimat Barcelony jest bardzo przyjemny i pozwoli w pe\u0142ni cieszy\u0107 si\u0119 miastem. W rzeczywisto\u015bci, mi\u0119dzy morzem a g\u00f3rami, jej krajobrazy s\u0105 zr\u00f3\u017cnicowane i stanowi\u0105 jeden z wielu atut\u00f3w stolicy Katalonii. Po\u0142o\u017cenie geograficzne <a href=\"https:\/\/pl.wikipedia.org\/wiki\/Barcelona\" target=\"_blank\" rel=\"noopener\">Barcelony<\/a> sprawia, \u017ce \u200b\u200bjest ona bardzo atrakcyjna dla grup student\u00f3w, kt\u00f3rzy przyje\u017cd\u017caj\u0105 na pobyt w ramach programu Erasmus plus.<\/p>\n<p><\/div> <!-- description --><\/div> <!-- aio-icon-box --><\/div> <!-- aio-icon-component -->[\/vc_column_inner][\/vc_row_inner][vc_row_inner][vc_column_inner width=&#8221;1\/3&#8243;]<div class=\"aio-icon-component    style_1\"><div id=\"Info-box-wrap-6774\" class=\"aio-icon-box default-icon\" style=\"\"  ><div class=\"aio-icon-default\"><div class=\"ult-just-icon-wrapper  \"><div class=\"align-icon\" style=\"text-align:center;\">\n<div class=\"aio-icon none \"  style=\"color:#e2001a;font-size:44px;display:inline-block;\">\n\t<i class=\"Defaults-building-o\"><\/i>\n<\/div><\/div><\/div><\/div><div class=\"aio-icon-header\" ><h3 class=\"aio-icon-title ult-responsive\"  data-ultimate-target='#Info-box-wrap-6774 .aio-icon-title'  data-responsive-json-new='{\"font-size\":\"desktop:20px;\",\"line-height\":\"\"}'  style=\"\">Miejsca zainteresowania<\/h3><\/div> <!-- header --><div class=\"aio-icon-description ult-responsive\"  data-ultimate-target='#Info-box-wrap-6774 .aio-icon-description'  data-responsive-json-new='{\"font-size\":\"\",\"line-height\":\"\"}'  style=\"\"><\/p>\n<p class=\"text-align-justify\" style=\"text-align: justify;\">To wspania\u0142e i przyjazne miasto pozwoli Twojej grupie cieszy\u0107 si\u0119 wyj\u0105tkowym do\u015bwiadczeniem, jednocze\u015bnie odkrywaj\u0105c swoj\u0105 architektur\u0119, bardzo obecn\u0105 w jej to\u017csamo\u015bci wizualnej. Barcelona jest bardzo odpowiednim miastem dla du\u017cych grup i pozwoli Ci odkry\u0107 niezwyk\u0142e miejsca, takie jak <a href=\"https:\/\/sagradafamilia.org\/en\/home\" target=\"_blank\" rel=\"noopener\">Sagrada Familia<\/a>, Casa Batll\u00f3 i wiele innych dzie\u0142 architektonicznych Gaudiego.<\/p>\n<p><\/div> <!-- description --><\/div> <!-- aio-icon-box --><\/div> <!-- aio-icon-component -->[\/vc_column_inner][vc_column_inner width=&#8221;1\/3&#8243;]<div class=\"aio-icon-component    style_1\"><div id=\"Info-box-wrap-2814\" class=\"aio-icon-box default-icon\" style=\"\"  ><div class=\"aio-icon-default\"><div class=\"ult-just-icon-wrapper  \"><div class=\"align-icon\" style=\"text-align:center;\">\n<div class=\"aio-icon none \"  style=\"color:#e2001a;font-size:44px;display:inline-block;\">\n\t<i class=\"Defaults-language\"><\/i>\n<\/div><\/div><\/div><\/div><div class=\"aio-icon-header\" ><h3 class=\"aio-icon-title ult-responsive\"  data-ultimate-target='#Info-box-wrap-2814 .aio-icon-title'  data-responsive-json-new='{\"font-size\":\"desktop:20px;\",\"line-height\":\"\"}'  style=\"\">J\u0119zyki<\/h3><\/div> <!-- header --><div class=\"aio-icon-description ult-responsive\"  data-ultimate-target='#Info-box-wrap-2814 .aio-icon-description'  data-responsive-json-new='{\"font-size\":\"\",\"line-height\":\"\"}'  style=\"\"><\/p>\n<p class=\"text-align-justify\" style=\"text-align: justify;\">Barcelona to miasto wielokulturowe. J\u0119zykami urz\u0119dowymi s\u0105 hiszpa\u0144ski i katalo\u0144ski, ale mo\u017cna te\u017c uczy\u0107 si\u0119 innych j\u0119zyk\u00f3w, takich jak angielski. Barcelona ma szerok\u0105 gam\u0119 j\u0119zyk\u00f3w ze wzgl\u0119du na sw\u00f3j mi\u0119dzynarodowy charakter. Istnieje wiele opcji sta\u017cy w r\u00f3\u017cnych j\u0119zykach, kt\u00f3re odpowiadaj\u0105 Twoim potrzebom podczas mobilno\u015bci.<\/p>\n<p><\/div> <!-- description --><\/div> <!-- aio-icon-box --><\/div> <!-- aio-icon-component -->[\/vc_column_inner][vc_column_inner width=&#8221;1\/3&#8243;]<div class=\"aio-icon-component    style_1\"><div id=\"Info-box-wrap-2312\" class=\"aio-icon-box default-icon\" style=\"\"  ><div class=\"aio-icon-default\"><div class=\"ult-just-icon-wrapper  \"><div class=\"align-icon\" style=\"text-align:center;\">\n<div class=\"aio-icon none \"  style=\"color:#e2001a;font-size:44px;display:inline-block;\">\n\t<i class=\"Defaults-slideshare\"><\/i>\n<\/div><\/div><\/div><\/div><div class=\"aio-icon-header\" ><h3 class=\"aio-icon-title ult-responsive\"  data-ultimate-target='#Info-box-wrap-2312 .aio-icon-title'  data-responsive-json-new='{\"font-size\":\"desktop:20px;\",\"line-height\":\"\"}'  style=\"\">Popularne festiwale<\/h3><\/div> <!-- header --><div class=\"aio-icon-description ult-responsive\"  data-ultimate-target='#Info-box-wrap-2312 .aio-icon-description'  data-responsive-json-new='{\"font-size\":\"\",\"line-height\":\"\"}'  style=\"\"><\/p>\n<p class=\"text-align-justify\" style=\"text-align: justify;\">\u015awi\u0105teczna atmosfera jest r\u00f3wnie\u017c charakterystyczna dla Barcelony. Katalonia s\u0142ynie z wielu festiwali i uroczysto\u015bci przez ca\u0142y rok. Do najbardziej znanych nale\u017c\u0105 Sant Joan i La Merc\u00e9. Podczas wi\u0119kszo\u015bci uroczysto\u015bci mo\u017cna podziwia\u0107 parady, fajerwerki i wiele wi\u0119cej.<\/p>\n<p><\/div> <!-- description --><\/div> <!-- aio-icon-box --><\/div> <!-- aio-icon-component -->[\/vc_column_inner][\/vc_row_inner]<div id=\"modal-trg-txt-wrap-5682\" class=\"ult-modal-input-wrapper ult-adjust-bottom-margin    \" data-keypress-control=\"keypress-control-enable\" data-overlay-control=\"overlay-control-enable\"><button  data-ultimate-target='#modal-trg-txt-wrap-5682 .btn-modal'  data-responsive-json-new='{\"font-size\":\"\",\"line-height\":\"\"}'  style=\"background:#555555;border-color:#555555;color:#FFFFFF; \" data-class-id=\"content-69e8c0de20f139-73346661\" class=\"btn-modal ult-responsive btn-primary btn-modal-lg overlay-show ult-align-center btn-id-69e8c0de20f139-73346661\" data-overlay-class=\"overlay-cornerbottomleft\">Bud\u017cet projektu<\/button><\/div>\n<div class=\"ult-overlay content-69e8c0de20f139-73346661 \" data-class=\"content-69e8c0de20f139-73346661\" id=\"button-click-overlay\" style=\"background:rgba(51,51,51,0.8); display:none;\">\n\t<div class=\"ult_modal ult-fade ult-medium\">\n\t\t<div id=\"ult-modal-wrap-7199\" class=\"ult_modal-content ult-hide\" style=\"border-style:solid;border-width:2px;border-radius:0px;border-color:#333333;\">\n\t\t\t<div class=\"ult_modal-header\" style=\"color:#333333;border-color:#333333;\">\n\t\t\t\t<div class=\"modal-icon\"><i class=\"Defaults-envelope-o\"><\/i><\/div><h3  data-ultimate-target='#ult-modal-wrap-7199 .ult_modal-title'  data-responsive-json-new='{\"font-size\":\"\",\"line-height\":\"\"}'  class=\"ult_modal-title ult-responsive\">Bud\u017cet projektu<\/h3>\n\t\t\t<\/div>\n\t\t\t<div  data-ultimate-target='#ult-modal-wrap-7199 .ult_modal-body'  data-responsive-json-new='{\"font-size\":\"\",\"line-height\":\"\"}'  class=\"ult_modal-body ult-responsive ult-html\" style=\"\">\n\t\t\t<\/p>\n<p>[caldera_form id=&#8221;CF6149c7d1c4417&#8243;]<\/p>\n<p>\n\t\t\t<\/div>\n\t<\/div>\n\t<\/div>\n\t<div class=\"ult-overlay-close top-right\" style=\" \"><div class=\"ult-overlay-close-inside\">Close<\/div><\/div>\n<\/div>[\/vc_column][\/vc_row][vc_row full_width=&#8221;stretch_row&#8221; wrap_container=&#8221;yes&#8221; is_section=&#8221;yes&#8221; section_skin=&#8221;parallax&#8221; remove_margin_top=&#8221;yes&#8221; remove_margin_bottom=&#8221;yes&#8221; remove_padding_bottom=&#8221;yes&#8221; el_id=&#8221;informacion&#8221; css=&#8221;.vc_custom_1657354823619{margin-bottom: -35px !important;background-color: #f4f4f4 !important;}&#8221;][vc_column][vc_custom_heading text=&#8221;Najcz\u0119\u015bciej zadawane pytania dotycz\u0105ce mobilno\u015bci sta\u017cy Erasmus w Barcelonie&#8221; font_container=&#8221;tag:h2|text_align:center&#8221; use_theme_fonts=&#8221;yes&#8221;][vc_row_inner][vc_column_inner width=&#8221;2\/3&#8243;][vc_custom_heading text=&#8221;Co przyniesie Ci praktyka Erasmus plus w Barcelonie?&#8221; font_container=&#8221;tag:h3|font_size:18|text_align:left&#8221; use_theme_fonts=&#8221;yes&#8221; css=&#8221;.vc_custom_1701180685207{margin-bottom: 15px !important;}&#8221;][vc_column_text css=&#8221;.vc_custom_1701183825750{margin-top: -10px !important;}&#8221;]<\/p>\n<p style=\"text-align: justify;\"><span style=\"font-weight: 400;\">Barcelona to wielokulturowe miasto, kt\u00f3re <a href=\"https:\/\/espamob.com\/pl\/praktyki-zawodowe-erasmus\">oferuje wiele mo\u017cliwo\u015bci odbycia sta\u017cu w r\u00f3\u017cnych sektorach<\/a>, od turystyki po technologi\u0119. Dzi\u0119ki sta\u017cowi dostosowanemu do Twoich potrzeb i zainteresowa\u0144 b\u0119dziesz m\u00f3g\u0142 nie tylko zdoby\u0107 unikalne do\u015bwiadczenie, ale tak\u017ce odkry\u0107 inn\u0105 ekscytuj\u0105c\u0105 kultur\u0119 i spos\u00f3b \u017cycia.<\/span><\/p>\n<p>[\/vc_column_text][vc_custom_heading text=&#8221;Dlaczego warto odby\u0107 praktyk\u0119 Erasmus Plus w Barcelonie?&#8221; font_container=&#8221;tag:h3|font_size:18|text_align:left&#8221; use_theme_fonts=&#8221;yes&#8221; css=&#8221;.vc_custom_1701180706952{margin-bottom: 15px !important;}&#8221;][vc_column_text css=&#8221;.vc_custom_1701180716551{margin-top: -10px !important;}&#8221;]<\/p>\n<p style=\"text-align: justify;\"><span style=\"font-weight: 400;\">Praktyka zawodowa Erasmus Plus w Barcelonie to idealna okazja dla wielu student\u00f3w, kt\u00f3rzy chc\u0105 doda\u0107 nowe do\u015bwiadczenie do swojego CV na przysz\u0142o\u015b\u0107, ale tak\u017ce zdoby\u0107 nowe umiej\u0119tno\u015bci zawodowe.<\/span><\/p>\n<p>[\/vc_column_text][vc_custom_heading text=&#8221;Jak wygl\u0105da proces wyjazdu na praktyki w Barcelonie?&#8221; font_container=&#8221;tag:h3|font_size:18|text_align:left&#8221; use_theme_fonts=&#8221;yes&#8221; css=&#8221;.vc_custom_1701180726664{margin-bottom: 15px !important;}&#8221;][vc_column_text css=&#8221;.vc_custom_1701183867781{margin-top: -10px !important;}&#8221;]<\/p>\n<p style=\"text-align: justify;\"><span style=\"font-weight: 400;\">Jak wygl\u0105da <a href=\"https:\/\/espamob.com\/pl\/etapy-mobilnosci-erasmus\">proces wyjazdu na praktyk\u0119 w Barcelonie<\/a> w ramach programu Erasmus Plus z Espamob? To naprawd\u0119 proste! Wszystko, co musisz zrobi\u0107, to skontaktowa\u0107 si\u0119 z nami w celu wyceny, okre\u015blaj\u0105c swoje wymagania. Je\u015bli zaakceptujesz nasz\u0105 ofert\u0119, zajmiemy si\u0119 wszystkim, od planowania po realizacj\u0119, wspieraj\u0105c Ci\u0119 na ka\u017cdym kroku.<\/span><\/p>\n<p>[\/vc_column_text][\/vc_column_inner][vc_column_inner width=&#8221;1\/3&#8243;][vc_single_image image=&#8221;13373&#8243; img_size=&#8221;300&#215;300&#8243; alignment=&#8221;center&#8221; title=&#8221;Erasmus plus Barcelona&#8221;][vc_column_text]<b>Dowiedz si\u0119 wi\u0119cej o r\u00f3\u017cnych miejscach docelowych programu Erasmus Plus w Hiszpanii:<\/b><\/p>\n<ul>\n<li><a href=\"https:\/\/espamob.com\/pl\/projekt-erasmus-w-hiszpanii\/baleary\">Praktyki zawodowe Erasmus Plus na Balearach<\/a><\/li>\n<li><a href=\"https:\/\/espamob.com\/pl\/projekt-erasmus-w-hiszpanii\/wyspy-kanaryjskie\">Praktyka zawodowa Erasmus Plus na Wyspach Kanaryjskich<\/a><\/li>\n<li><a href=\"https:\/\/espamob.com\/pl\/projekt-erasmus-w-hiszpanii\/barcelona\">Praktyka zawodowa Erasmus Plus w Walencja<\/a><\/li>\n<\/ul>\n<p>[\/vc_column_text][\/vc_column_inner][\/vc_row_inner][vc_btn title=&#8221;SKONTAKTUJ SI\u0118 Z NAMI !&#8221; style=&#8221;custom&#8221; custom_background=&#8221;#e3001a&#8221; custom_text=&#8221;#ffffff&#8221; shape=&#8221;rounded&#8221; size=&#8221;lg&#8221; align=&#8221;center&#8221; link=&#8221;url:https%3A%2F%2Fespamob.com%2Fpl%2Fkontakt-z-polskim-konsultantem%2F|rel:nofollow&#8221;][\/vc_column][\/vc_row]<\/p>\n<\/div>","protected":false},"excerpt":{"rendered":"<p>[vc_row css=&#8221;.vc_custom_1700590061382{margin-top: -20px !important;background-image: url(https:\/\/espamob.com\/wp-content\/uploads\/2023\/11\/Explore-Barcelonie.webp?id=20780) !important;background-position: center !important;background-repeat: no-repeat !important;background-size: cover !important;}&#8221; conditional_render=&#8221;%5B%7B%22value_role%22%3A%22administrator%22%7D%5D&#8221;][vc_column][vc_empty_space height=&#8221;220&#8243;][vc_custom_heading text=&#8221;Sta\u017c i mobilno\u015b\u0107 Erasmus Plus w Barcelonie, Katalonii&#8221; font_container=&#8221;tag:h1|font_size:27|text_align:center|color:%23ffffff&#8221; use_theme_fonts=&#8221;yes&#8221; el_class=&#8221;h1blancocentro&#8221; css=&#8221;.vc_custom_1700589357534{background-color: rgba(136,136,136,0.3) !important;*background-color: rgb(136,136,136) !important;}&#8221;][vc_empty_space height=&#8221;15&#8243;][\/vc_column][\/vc_row][vc_row][vc_column][vc_empty_space][vc_column_text] Home Erasmus Plus sta\u017c w Hiszpanii Erasmus Plus sta\u017c w Barcelonie [\/vc_column_text][vc_custom_heading text=&#8221;Odkryj mo\u017cliwo\u015bci mobilno\u015bci i praktyk w ramach programu Erasmus Plus w Barcelonie!&#8221;<\/p>\n","protected":false},"author":1,"featured_media":0,"parent":8465,"menu_order":0,"comment_status":"closed","ping_status":"closed","template":"","meta":{"footnotes":""},"class_list":["post-14214","page","type-page","status-publish","hentry"],"_links":{"self":[{"href":"https:\/\/espamob.com\/pl\/wp-json\/wp\/v2\/pages\/14214","targetHints":{"allow":["GET"]}}],"collection":[{"href":"https:\/\/espamob.com\/pl\/wp-json\/wp\/v2\/pages"}],"about":[{"href":"https:\/\/espamob.com\/pl\/wp-json\/wp\/v2\/types\/page"}],"author":[{"embeddable":true,"href":"https:\/\/espamob.com\/pl\/wp-json\/wp\/v2\/users\/1"}],"replies":[{"embeddable":true,"href":"https:\/\/espamob.com\/pl\/wp-json\/wp\/v2\/comments?post=14214"}],"version-history":[{"count":0,"href":"https:\/\/espamob.com\/pl\/wp-json\/wp\/v2\/pages\/14214\/revisions"}],"up":[{"embeddable":true,"href":"https:\/\/espamob.com\/pl\/wp-json\/wp\/v2\/pages\/8465"}],"wp:attachment":[{"href":"https:\/\/espamob.com\/pl\/wp-json\/wp\/v2\/media?parent=14214"}],"curies":[{"name":"wp","href":"https:\/\/api.w.org\/{rel}","templated":true}]}}