{"id":12815,"date":"2021-11-24T10:28:33","date_gmt":"2021-11-24T10:28:33","guid":{"rendered":"https:\/\/www.espamob.com\/tertiaire\/"},"modified":"2024-01-10T11:41:52","modified_gmt":"2024-01-10T11:41:52","slug":"uslugi","status":"publish","type":"page","link":"https:\/\/espamob.com\/pl\/praktyki-zawodowe-erasmus\/uslugi\/","title":{"rendered":"PL &#8211; stage erasmusplus metiers tertiaire"},"content":{"rendered":"<div class=\"wpb-content-wrapper\"><p>[vc_row css=&#8221;.vc_custom_1701370962809{margin-top: -20px !important;margin-bottom: 40px !important;background-image: url(https:\/\/espamob.com\/wp-content\/uploads\/2023\/11\/Profesiones-de-servicios.webp?id=21255) !important;}&#8221; conditional_render=&#8221;%5B%7B%22value_role%22%3A%22administrator%22%7D%5D&#8221;][vc_column css=&#8221;.vc_custom_1687965657482{padding-top: 30px !important;}&#8221; conditional_render=&#8221;%5B%7B%22value_role%22%3A%22administrator%22%7D%5D&#8221;][vc_empty_space height=&#8221;170&#8243;][vc_custom_heading text=&#8221;Mobilno\u015b\u0107 Erasmus Plus w sektorze us\u0142ug&#8221; font_container=&#8221;tag:h1|font_size:27|text_align:center|color:%23ffffff&#8221; use_theme_fonts=&#8221;yes&#8221; css=&#8221;.vc_custom_1701534625113{margin-bottom: 15px !important;background-color: rgba(136,136,136,0.29) !important;*background-color: rgb(136,136,136) !important;}&#8221; animation_type=&#8221;zoomIn&#8221;][vc_empty_space height=&#8221;40&#8243;][\/vc_column][\/vc_row][vc_row conditional_render=&#8221;%5B%7B%22value_role%22%3A%22administrator%22%7D%5D&#8221;][vc_column][vc_column_text]<\/p>\n<nav aria-label=\"breadcrumb\">\n<ol class=\"breadcrumb\">\n<li class=\"breadcrumb-item\"><a href=\"https:\/\/espamob.com\/pl\/\">Strona g\u0142\u00f3wna<\/a><\/li>\n<li class=\"breadcrumb-item\"><a href=\"https:\/\/espamob.com\/pl\/praktyki-zawodowe-erasmus\">Sta\u017ce w przedsi\u0119biorstwie<\/a><\/li>\n<li class=\"breadcrumb-item active\" aria-current=\"page\">Mobilno\u015b\u0107 w sektorze us\u0142ug<\/li>\n<\/ol>\n<\/nav>\n<p>[\/vc_column_text][vc_custom_heading text=&#8221;Dowiedz si\u0119 o mo\u017cliwo\u015bciach w sektorze us\u0142ug&#8221; font_container=&#8221;tag:h2|text_align:center&#8221; use_theme_fonts=&#8221;yes&#8221;][vc_separator]<div class=\"aio-icon-component    style_1\"><div id=\"Info-box-wrap-2239\" class=\"aio-icon-box top-icon\" style=\"\"  ><div class=\"aio-icon-description ult-responsive\"  data-ultimate-target='#Info-box-wrap-2239 .aio-icon-description'  data-responsive-json-new='{\"font-size\":\"\",\"line-height\":\"\"}'  style=\"\"><\/p>\n<p class=\"text-align-justify\" style=\"font-weight: 400; text-align: justify; text-justify: inter-word;\">Sektor ten obejmuje r\u00f3\u017cnorodne zawody zwi\u0105zane ze sprzeda\u017c\u0105, handlem, recepcj\u0105, zarz\u0105dzaniem, administracj\u0105, marketingiem i komunikacj\u0105, a wraz z post\u0119puj\u0105c\u0105 ewolucj\u0105 coraz bardziej si\u0119 unowocze\u015bnia.<\/p>\n<p><\/div> <!-- description --><\/div> <!-- aio-icon-box --><\/div> <!-- aio-icon-component -->[\/vc_column][\/vc_row][vc_row css=&#8221;.vc_custom_1636631874200{padding-bottom: 5% !important;}&#8221;][vc_column width=&#8221;1\/3&#8243;]<div class=\"aio-icon-component    style_1\"><div id=\"Info-box-wrap-6606\" class=\"aio-icon-box default-icon\" style=\"\"  ><div class=\"aio-icon-default\"><div class=\"ult-just-icon-wrapper  \"><div class=\"align-icon\" style=\"text-align:center;\">\n<div class=\"aio-icon none \"  style=\"color:#333;font-size:44px;display:inline-block;\">\n\t<i class=\"Defaults-tag\"><\/i>\n<\/div><\/div><\/div><\/div><div class=\"aio-icon-header\" ><h3 class=\"aio-icon-title ult-responsive\"  data-ultimate-target='#Info-box-wrap-6606 .aio-icon-title'  data-responsive-json-new='{\"font-size\":\"\",\"line-height\":\"\"}'  style=\"\">Sprzeda\u017c<\/h3><\/div> <!-- header --><div class=\"aio-icon-description ult-responsive\"  data-ultimate-target='#Info-box-wrap-6606 .aio-icon-description'  data-responsive-json-new='{\"font-size\":\"\",\"line-height\":\"\"}'  style=\"\"><\/p>\n<p class=\"text-align-justify\" style=\"font-weight: 400; text-align: justify; text-justify: inter-word;\">Sprzedawca\/czyni przyjmuje i doradza klientom. Pobiera tak\u017ce op\u0142at\u0119, dostarcza klientowi informacji i rejestruje sprzeda\u017c z ca\u0142ego dnia. Sta\u017c zagraniczny pozwoli praktykantom na poznanie nowych technik sprzeda\u017cy w j\u0119zyku obcym.<\/p>\n<p><\/div> <!-- description --><\/div> <!-- aio-icon-box --><\/div> <!-- aio-icon-component -->[vc_column_text]<a href=\"https:\/\/espamob.com\/pl\/praktyki-zawodowe-erasmus\/uslugi\/praktyki-erasmus-sprzedaz\/\"><span style=\"font-weight: 400;\">\u2192 Odkryj praktyki w dziale sprzeda\u017cy<\/span><\/a>[\/vc_column_text][\/vc_column][vc_column width=&#8221;1\/3&#8243;]<div class=\"aio-icon-component    style_1\"><div id=\"Info-box-wrap-1753\" class=\"aio-icon-box default-icon\" style=\"\"  ><div class=\"aio-icon-default\"><div class=\"ult-just-icon-wrapper  \"><div class=\"align-icon\" style=\"text-align:center;\">\n<div class=\"aio-icon none \"  style=\"color:#333;font-size:44px;display:inline-block;\">\n\t<i class=\"Defaults-shopping-cart\"><\/i>\n<\/div><\/div><\/div><\/div><div class=\"aio-icon-header\" ><h3 class=\"aio-icon-title ult-responsive\"  data-ultimate-target='#Info-box-wrap-1753 .aio-icon-title'  data-responsive-json-new='{\"font-size\":\"\",\"line-height\":\"\"}'  style=\"\">Handel<\/h3><\/div> <!-- header --><div class=\"aio-icon-description ult-responsive\"  data-ultimate-target='#Info-box-wrap-1753 .aio-icon-description'  data-responsive-json-new='{\"font-size\":\"\",\"line-height\":\"\"}'  style=\"\"><\/p>\n<p class=\"text-align-justify\" style=\"font-weight: 400; text-align: justify; text-justify: inter-word;\">Sprzedawca\/czyni odpowiada za rozw\u00f3j sprzeda\u017cy firmy poprzez r\u00f3\u017cne metody pozyskiwania nowych klient\u00f3w i utrzymywania relacji z obecnymi. Sta\u017c za granic\u0105 umo\u017cliwia praktykom zdobycie do\u015bwiadczenia w nowych technikach sprzeda\u017cowych.<\/p>\n<p><\/div> <!-- description --><\/div> <!-- aio-icon-box --><\/div> <!-- aio-icon-component -->[vc_column_text]<a href=\"https:\/\/espamob.com\/pl\/praktyki-zawodowe-erasmus\/uslugi\/praktyki-erasmus-handel\/\"><span style=\"font-weight: 400;\">\u2192 Odkryj praktyki w <\/span><span style=\"font-weight: 400;\">dziedzinie handlu<\/span><\/a>[\/vc_column_text][\/vc_column][vc_column width=&#8221;1\/3&#8243;]<div class=\"aio-icon-component    style_1\"><div id=\"Info-box-wrap-1996\" class=\"aio-icon-box default-icon\" style=\"\"  ><div class=\"aio-icon-default\"><div class=\"ult-just-icon-wrapper  \"><div class=\"align-icon\" style=\"text-align:center;\">\n<div class=\"aio-icon none \"  style=\"color:#333;font-size:44px;display:inline-block;\">\n\t<i class=\"Defaults-comments\"><\/i>\n<\/div><\/div><\/div><\/div><div class=\"aio-icon-header\" ><h3 class=\"aio-icon-title ult-responsive\"  data-ultimate-target='#Info-box-wrap-1996 .aio-icon-title'  data-responsive-json-new='{\"font-size\":\"\",\"line-height\":\"\"}'  style=\"\">Recepcja<\/h3><\/div> <!-- header --><div class=\"aio-icon-description ult-responsive\"  data-ultimate-target='#Info-box-wrap-1996 .aio-icon-description'  data-responsive-json-new='{\"font-size\":\"\",\"line-height\":\"\"}'  style=\"\"><\/p>\n<p class=\"text-align-justify\" style=\"font-weight: 400; text-align: justify; text-justify: inter-word;\">Recepcjonistka\/ta jest w sta\u0142ym kontakcie z klientami, odpowiadaj\u0105c za ich przyjmowanie i informowanie. Musi zawsze dawa\u0107 jak najlepszy wizerunek firmy. Sta\u017c pozwoli praktykantom rozwin\u0105\u0107 nowe umiej\u0119tno\u015bci w j\u0119zyku obcym.<\/p>\n<p><\/div> <!-- description --><\/div> <!-- aio-icon-box --><\/div> <!-- aio-icon-component -->[vc_column_text]<a href=\"https:\/\/espamob.com\/pl\/praktyki-zawodowe-erasmus\/uslugi\/praktyki-erasmus-recepcja\/\"><span style=\"font-weight: 400;\">\u2192 Odkryj praktyki w obs\u0142udze klienta<\/span><\/a>[\/vc_column_text][\/vc_column][\/vc_row][vc_row css=&#8221;.vc_custom_1636631916236{padding-bottom: 5% !important;}&#8221;][vc_column width=&#8221;1\/3&#8243;]<div class=\"aio-icon-component    style_1\"><div id=\"Info-box-wrap-6227\" class=\"aio-icon-box default-icon\" style=\"\"  ><div class=\"aio-icon-default\"><div class=\"ult-just-icon-wrapper  \"><div class=\"align-icon\" style=\"text-align:center;\">\n<div class=\"aio-icon none \"  style=\"color:#333;font-size:44px;display:inline-block;\">\n\t<i class=\"Defaults-money\"><\/i>\n<\/div><\/div><\/div><\/div><div class=\"aio-icon-header\" ><h3 class=\"aio-icon-title ult-responsive\"  data-ultimate-target='#Info-box-wrap-6227 .aio-icon-title'  data-responsive-json-new='{\"font-size\":\"\",\"line-height\":\"\"}'  style=\"\">Zarz\u0105dzanie i administracja<\/h3><\/div> <!-- header --><div class=\"aio-icon-description ult-responsive\"  data-ultimate-target='#Info-box-wrap-6227 .aio-icon-description'  data-responsive-json-new='{\"font-size\":\"\",\"line-height\":\"\"}'  style=\"\"><\/p>\n<p class=\"text-align-justify\" style=\"font-weight: 400; text-align: justify; text-justify: inter-word;\">Pracownik\/czka zajmuje si\u0119 wszystkimi sprawami administracyjnymi w firmach, stowarzyszeniach czy samorz\u0105dach, takimi jak dokumentacja zwi\u0105zana z zarz\u0105dzaniem komercyjnym. Sta\u017c zagraniczny pozwoli m\u0142odym ludziom rozwija\u0107 nowe techniki zawodu.<\/p>\n<p><\/div> <!-- description --><\/div> <!-- aio-icon-box --><\/div> <!-- aio-icon-component -->[vc_column_text]<a href=\"https:\/\/espamob.com\/pl\/praktyki-zawodowe-erasmus\/uslugi\/praktyki-erasmus-zarzadzanie-administracja\/\"><span style=\"font-weight: 400;\">\u2192 Odkryj praktyki w zarz\u0105dzaniu i administracji<\/span><\/a>[\/vc_column_text][\/vc_column][vc_column width=&#8221;1\/3&#8243;]<div class=\"aio-icon-component    style_1\"><div id=\"Info-box-wrap-8935\" class=\"aio-icon-box default-icon\" style=\"\"  ><div class=\"aio-icon-default\"><div class=\"ult-just-icon-wrapper  \"><div class=\"align-icon\" style=\"text-align:center;\">\n<div class=\"aio-icon none \"  style=\"color:#333;font-size:44px;display:inline-block;\">\n\t<i class=\"Defaults-bullhorn\"><\/i>\n<\/div><\/div><\/div><\/div><div class=\"aio-icon-header\" ><h3 class=\"aio-icon-title ult-responsive\"  data-ultimate-target='#Info-box-wrap-8935 .aio-icon-title'  data-responsive-json-new='{\"font-size\":\"\",\"line-height\":\"\"}'  style=\"\">Marketing<\/h3><\/div> <!-- header --><div class=\"aio-icon-description ult-responsive\"  data-ultimate-target='#Info-box-wrap-8935 .aio-icon-description'  data-responsive-json-new='{\"font-size\":\"\",\"line-height\":\"\"}'  style=\"\"><\/p>\n<p class=\"text-align-justify\" style=\"font-weight: 400; text-align: justify; text-justify: inter-word;\">Pracownik\/czka wdro\u017cy konkretn\u0105 strategi\u0119 promocji produktu Twojej firmy. Wcze\u015bniej musz\u0105 zosta\u0107 przeprowadzone badania marketingowe, aby lepiej zrozumie\u0107 rynek. Sta\u017c za granic\u0105 pozwoli m\u0142odym ludziom rozwin\u0105\u0107 nowe umiej\u0119tno\u015bci marketingowe.<\/p>\n<p><\/div> <!-- description --><\/div> <!-- aio-icon-box --><\/div> <!-- aio-icon-component -->[vc_column_text]<a href=\"https:\/\/espamob.com\/pl\/praktyki-zawodowe-erasmus\/uslugi\/praktyki-erasmus-marketing\/\"><span style=\"font-weight: 400;\">\u2192 Odkryj praktyki w dziedzinie marketingu<\/span><\/a>[\/vc_column_text][\/vc_column][vc_column width=&#8221;1\/3&#8243;]<div class=\"aio-icon-component    style_1\"><div id=\"Info-box-wrap-7361\" class=\"aio-icon-box default-icon\" style=\"\"  ><div class=\"aio-icon-default\"><div class=\"ult-just-icon-wrapper  \"><div class=\"align-icon\" style=\"text-align:center;\">\n<div class=\"aio-icon none \"  style=\"color:#333;font-size:44px;display:inline-block;\">\n\t<i class=\"Defaults-comments-o\"><\/i>\n<\/div><\/div><\/div><\/div><div class=\"aio-icon-header\" ><h3 class=\"aio-icon-title ult-responsive\"  data-ultimate-target='#Info-box-wrap-7361 .aio-icon-title'  data-responsive-json-new='{\"font-size\":\"\",\"line-height\":\"\"}'  style=\"\">Komunikacja<\/h3><\/div> <!-- header --><div class=\"aio-icon-description ult-responsive\"  data-ultimate-target='#Info-box-wrap-7361 .aio-icon-description'  data-responsive-json-new='{\"font-size\":\"\",\"line-height\":\"\"}'  style=\"\"><\/p>\n<p class=\"text-align-justify\" style=\"font-weight: 400; text-align: justify; text-justify: inter-word;\">Sektor ten wymaga wielu kompetencji, takich jak organizacja, kreatywno\u015b\u0107 i umiej\u0119tno\u015bci interpersonalne. Profesjonalista musi by\u0107 w stanie dotrze\u0107 do wszystkich odbiorc\u00f3w i umie\u0107 dobrze pisa\u0107. Sta\u017c umo\u017cliwi praktykantowi\/tce zdobycie nowych umiej\u0119tno\u015bci za granic\u0105.<\/p>\n<p><\/div> <!-- description --><\/div> <!-- aio-icon-box --><\/div> <!-- aio-icon-component -->[vc_column_text]<a href=\"https:\/\/espamob.com\/pl\/praktyki-zawodowe-erasmus\/uslugi\/praktyki-erasmus-komunikacja\/\"><span style=\"font-weight: 400;\">\u2192 Odkryj praktyki w <\/span><span style=\"font-weight: 400;\">dziedzinie komunikacji<\/span><\/a>[\/vc_column_text][\/vc_column][\/vc_row][vc_row][vc_column][vc_empty_space height=&#8221;10px&#8221;][\/vc_column][\/vc_row][vc_row css=&#8221;.vc_custom_1636631982137{padding-bottom: 3% !important;}&#8221;][vc_column width=&#8221;1\/3&#8243;][\/vc_column][vc_column width=&#8221;1\/3&#8243;]<div id=\"modal-trg-txt-wrap-1714\" class=\"ult-modal-input-wrapper ult-adjust-bottom-margin    \" data-keypress-control=\"keypress-control-enable\" data-overlay-control=\"overlay-control-enable\"><button  data-ultimate-target='#modal-trg-txt-wrap-1714 .btn-modal'  data-responsive-json-new='{\"font-size\":\"\",\"line-height\":\"\"}'  style=\"background:#333333;border-color:#333333;color:#ffffff; \" data-class-id=\"content-69e8004e4cfa00-06192917\" class=\"btn-modal ult-responsive btn-primary btn-modal-lg overlay-show-genie ult-align-center btn-id-69e8004e4cfa00-06192917\" >Wycena w mniej ni\u017c 5 minut<\/button><\/div>\n<div class=\"ult-overlay overlay-genie content-69e8004e4cfa00-06192917 \" style=\"display:none\" data-class=\"content-69e8004e4cfa00-06192917\" data-steps=\"m 701.56545,809.01175 35.16718,0 0,19.68384 -35.16718,0 z;m 698.9986,728.03569 41.23353,0 -3.41953,77.8735 -34.98557,0 z;m 687.08153,513.78234 53.1506,0 C 738.0505,683.9161 737.86917,503.34193 737.27015,806 l -35.90067,0 c -7.82727,-276.34892 -2.06916,-72.79261 -14.28795,-292.21766 z;m 403.87105,257.94772 566.31246,2.93091 C 923.38284,513.78233 738.73561,372.23931 737.27015,806 l -35.90067,0 C 701.32034,404.49318 455.17312,480.07689 403.87105,257.94772 z;M 51.871052,165.94772 1362.1835,168.87863 C 1171.3828,653.78233 738.73561,372.23931 737.27015,806 l -35.90067,0 C 701.32034,404.49318 31.173122,513.78234 51.871052,165.94772 z;m 52,26 1364,4 c -12.8007,666.9037 -273.2644,483.78234 -322.7299,776 l -633.90062,0 C 359.32034,432.49318 -6.6979288,733.83462 52,26 z;m 0,0 1439.999975,0 0,805.99999 -1439.999975,0 z\">\n\t<svg xmlns=\"http:\/\/www.w3.org\/2000\/svg\" width=\"100%\" height=\"100%\" viewBox=\"0 0 1440 806\" preserveAspectRatio=\"none\">\n\t\t\t\t\t\t\t<path class=\"overlay-path\" d=\"m 701.56545,809.01175 35.16718,0 0,19.68384 -35.16718,0 z\" style=\"fill:rgba(51,51,51,0.8);\"\/>\n\t\t\t\t\t\t<\/svg>\n\t<div class=\"ult_modal ult-fade ult-medium\">\n\t\t<div id=\"ult-modal-wrap-3794\" class=\"ult_modal-content ult-hide\" style=\"border-style:solid;border-width:2px;border-radius:0px;border-color:#333333;\">\n\t\t\t<div class=\"ult_modal-header\" style=\"color:#333333;border-color:#333333;\">\n\t\t\t\t<div class=\"modal-icon\"><i class=\"Defaults-envelope-o\"><\/i><\/div><h3  data-ultimate-target='#ult-modal-wrap-3794 .ult_modal-title'  data-responsive-json-new='{\"font-size\":\"\",\"line-height\":\"\"}'  class=\"ult_modal-title ult-responsive\">Bud\u017cet Twojego projektu<\/h3>\n\t\t\t<\/div>\n\t\t\t<div  data-ultimate-target='#ult-modal-wrap-3794 .ult_modal-body'  data-responsive-json-new='{\"font-size\":\"\",\"line-height\":\"\"}'  class=\"ult_modal-body ult-responsive ult-html\" style=\"\">\n\t\t\t<\/p>\n<p>[caldera_form id=&#8221;CF6149e02688efa&#8221;]<\/p>\n<p>\n\t\t\t<\/div>\n\t<\/div>\n\t<\/div>\n\t<div class=\"ult-overlay-close top-right\" style=\" \"><div class=\"ult-overlay-close-inside\">Close<\/div><\/div>\n<\/div>[\/vc_column][vc_column width=&#8221;1\/3&#8243;][\/vc_column][\/vc_row][vc_row][vc_column css=&#8221;.vc_custom_1636634852301{padding-bottom: 3% !important;}&#8221;]<div class=\"mgl_tubelab mgl_tubelab_container mgl_tubelab_template_default\" data-mgl-tubelab-parameters=\"type=playlist&value=PLLGrER9ieWtA32I7mddfI7UuFU91w6OtN&user=&channel_id=&count=4&cols=4&mode=lightbox&template=default&display=title&pagination=true&size=medium&video_id=&playlists=all&mini=0\">\n\t<div class=\"mgl_tubelab mgl_tubelab_content mgl_tubelab_content-cols4\">\n\t<\/div>\n\t\t\t<div class=\"mgl_tubelab_pagination\">\n\t\t\t<div class=\"mgl_tubelab_pagination_item mgl_tubelab_pagination_item_prev\">\n\t\t\t\t<a href=\"#\" class=\"mgl_tubelab_pagination_prev\">Previous page<\/a>\n\t\t\t<\/div>\n\t\t\t<div class=\"mgl_tubelab_pagination_item mgl_tubelab_pagination_item_next\">\n\t\t\t\t<a href=\"#\" class=\"mgl_tubelab_pagination_next\">Next page<\/a>\n\t\t\t<\/div>\n\t\t<\/div>\n\t<\/div>[\/vc_column][\/vc_row][vc_row full_width=&#8221;stretch_row&#8221; css=&#8221;.vc_custom_1701172033534{padding-top: 15px !important;padding-bottom: 15px !important;background-color: #f8f893 !important;}&#8221; conditional_render=&#8221;%5B%7B%22value_role%22%3A%22administrator%22%7D%5D&#8221;][vc_column][vc_custom_heading text=&#8221;Masz pytania dotycz\u0105ce sta\u017cu w programie Erasmus Plus?&#8221; font_container=&#8221;tag:h2|text_align:center&#8221; google_fonts=&#8221;font_family:Open%20Sans%3A300%2C300italic%2Cregular%2Citalic%2C600%2C600italic%2C700%2C700italic%2C800%2C800italic|font_style:300%20light%20regular%3A300%3Anormal&#8221;][vc_column_text]W Espamob wybieramy naszych partner\u00f3w, aby zaoferowa\u0107 im wiele sta\u017cy w r\u00f3\u017cnych sektorach. Skorzystaj ze spersonalizowanego wsparcia, aby jak najlepiej przygotowa\u0107 si\u0119 na mobilno\u015b\u0107 w Hiszpanii.<\/p>\n<p>Nie czekaj d\u0142u\u017cej, skontaktuj si\u0119 z ekspertem Espamob ju\u017c teraz i zr\u00f3b pierwszy krok w kierunku udanego do\u015bwiadczenia w programie Erasmus+![\/vc_column_text][vc_btn title=&#8221;Kontakt z nami&#8221; style=&#8221;custom&#8221; custom_background=&#8221;#e3001a&#8221; custom_text=&#8221;#ffffff&#8221; shape=&#8221;rounded&#8221; align=&#8221;center&#8221; link=&#8221;url:https%3A%2F%2Fespamob.com%2Fpl%2Fkontakt-z-polskim-konsultantem|title:Kontakt&#8221;][\/vc_column][\/vc_row][vc_row][vc_column][vc_custom_heading text=&#8221;Najcz\u0119\u015bciej zadawane pytania dotycz\u0105ce sta\u017cy w sektorze us\u0142ug&#8221; font_container=&#8221;tag:h2|text_align:center|color:%23cd6155&#8243; use_theme_fonts=&#8221;yes&#8221;][vc_separator][\/vc_column][\/vc_row][vc_row][vc_column width=&#8221;2\/3&#8243;][vc_custom_heading text=&#8221;Dlaczego odby\u0107 sta\u017c za granic\u0105 w sektorze us\u0142ug ?&#8221; font_container=&#8221;tag:h3|text_align:justify|color:%23cd6155&#8243; use_theme_fonts=&#8221;yes&#8221;][vc_column_text]<\/p>\n<p class=\"text-align-justify\" style=\"font-weight: 400; text-align: justify; text-justify: inter-word;\">Odbycie sta\u017cu za granic\u0105 pozwoli praktykantom przede wszystkim odkry\u0107 nowe techniki i metody pracy charakterystyczne dla danego kraju. Dodatkowo, b\u0119dzie to cenne do\u015bwiadczenie, idealne do zamieszczenia w CV.<\/p>\n<p>[\/vc_column_text][vc_custom_heading text=&#8221;Czy mo\u017cna wyjecha\u0107 za granic\u0119 w ramach mobilno\u015bci, nawet je\u015bli nie zna si\u0119 dobrze j\u0119zyka kraju przyjmuj\u0105cego ?&#8221; font_container=&#8221;tag:h3|text_align:justify|color:%23cd6155&#8243; use_theme_fonts=&#8221;yes&#8221;][vc_column_text]<\/p>\n<p class=\"text-align-justify\" style=\"font-weight: 400; text-align: justify; text-justify: inter-word;\">Nie wszyscy praktykanci\/tki, kt\u00f3rzy\/re przyje\u017cd\u017caj\u0105 na sta\u017c za granic\u0119 z Espamob, doskonale pos\u0142uguj\u0105 si\u0119 j\u0119zykiem kraju przyjmuj\u0105cego. To wcale nie musi oznacza\u0107, \u017ce \u200b\u200bmobilno\u015b\u0107 si\u0119 nie powiedzie. To w\u0142a\u015bnie do\u015bwiadczenie pomo\u017ce Ci odkry\u0107 nowy j\u0119zyk i prac\u0119, kt\u00f3r\u0105 lubisz, w innym kraju.<\/p>\n<p>[\/vc_column_text][vc_custom_heading text=&#8221;Jaki jest minimalny i maksymalny czas trwania mobilno\u015bci w sektorze us\u0142ug ?&#8221; font_container=&#8221;tag:h3|text_align:justify|color:%23cd6155&#8243; use_theme_fonts=&#8221;yes&#8221;][vc_column_text]<\/p>\n<p class=\"text-align-justify\" style=\"font-weight: 400; text-align: justify; text-justify: inter-word;\">Minimalny czas trwania mobilno\u015bci w sektorze us\u0142ug to dwa tygodnie. Praktyki trwaj\u0105 zazwyczaj od dw\u00f3ch do czterech tygodni, ale nie zawsze. Organizujemy r\u00f3wnie\u017c d\u0142u\u017csze wyjazdy, nawet do sze\u015bciu miesi\u0119cy.<\/p>\n<p><script type=\"application\/ld+json\">{\"@context\":\"https:\/\/schema.org\",\"@type\":\"FAQPage\",\"mainEntity\":[{\"@type\":\"Question\",\"name\":\"Dlaczego odby\u0107 sta\u017c za granic\u0105 w sektorze us\u0142ug ?\",\"acceptedAnswer\":{\"@type\":\"Answer\",\"text\":\"Odbycie sta\u017cu za granic\u0105 pozwoli praktykantom przede wszystkim odkry\u0107 nowe techniki i metody pracy charakterystyczne dla danego kraju. Dodatkowo, b\u0119dzie to cenne do\u015bwiadczenie, idealne do zamieszczenia w CV.\"}},{\"@type\":\"Question\",\"name\":\"Czy mo\u017cna wyjecha\u0107 za granic\u0119 w ramach mobilno\u015bci, nawet je\u015bli nie zna si\u0119 dobrze j\u0119zyka kraju przyjmuj\u0105cego ?\",\"acceptedAnswer\":{\"@type\":\"Answer\",\"text\":\"Nie wszyscy praktykanci\/tki, kt\u00f3rzy\/re przyje\u017cd\u017caj\u0105 na sta\u017c za granic\u0119 z Espamob, doskonale pos\u0142uguj\u0105 si\u0119 j\u0119zykiem kraju przyjmuj\u0105cego. To wcale nie musi oznacza\u0107, \u017ce \u200b\u200bmobilno\u015b\u0107 si\u0119 nie powiedzie. To w\u0142a\u015bnie do\u015bwiadczenie pomo\u017ce Ci odkry\u0107 nowy j\u0119zyk i prac\u0119, kt\u00f3r\u0105 lubisz, w innym kraju.\"}},{\"@type\":\"Question\",\"name\":\"Jaki jest minimalny i maksymalny czas trwania mobilno\u015bci w sektorze us\u0142ug ?\",\"acceptedAnswer\":{\"@type\":\"Answer\",\"text\":\"Minimalny czas trwania mobilno\u015bci w sektorze us\u0142ug to dwa tygodnie. Praktyki trwaj\u0105 zazwyczaj od dw\u00f3ch do czterech tygodni, ale nie zawsze. Organizujemy r\u00f3wnie\u017c d\u0142u\u017csze wyjazdy, nawet do sze\u015bciu miesi\u0119cy.\"}}]}<\/script>[\/vc_column_text][\/vc_column][vc_column width=&#8221;1\/3&#8243;][vc_single_image image=&#8221;12000&#8243; img_size=&#8221;400&#215;600&#8243; alignment=&#8221;center&#8221;][\/vc_column][\/vc_row]<\/p>\n<\/div>","protected":false},"excerpt":{"rendered":"<p>[vc_row css=&#8221;.vc_custom_1701370962809{margin-top: -20px !important;margin-bottom: 40px !important;background-image: url(https:\/\/espamob.com\/wp-content\/uploads\/2023\/11\/Profesiones-de-servicios.webp?id=21255) !important;}&#8221; conditional_render=&#8221;%5B%7B%22value_role%22%3A%22administrator%22%7D%5D&#8221;][vc_column css=&#8221;.vc_custom_1687965657482{padding-top: 30px !important;}&#8221; conditional_render=&#8221;%5B%7B%22value_role%22%3A%22administrator%22%7D%5D&#8221;][vc_empty_space height=&#8221;170&#8243;][vc_custom_heading text=&#8221;Mobilno\u015b\u0107 Erasmus Plus w sektorze us\u0142ug&#8221; font_container=&#8221;tag:h1|font_size:27|text_align:center|color:%23ffffff&#8221; use_theme_fonts=&#8221;yes&#8221; css=&#8221;.vc_custom_1701534625113{margin-bottom: 15px !important;background-color: rgba(136,136,136,0.29) !important;*background-color: rgb(136,136,136) !important;}&#8221; animation_type=&#8221;zoomIn&#8221;][vc_empty_space height=&#8221;40&#8243;][\/vc_column][\/vc_row][vc_row conditional_render=&#8221;%5B%7B%22value_role%22%3A%22administrator%22%7D%5D&#8221;][vc_column][vc_column_text] Strona g\u0142\u00f3wna Sta\u017ce w przedsi\u0119biorstwie Mobilno\u015b\u0107 w sektorze us\u0142ug [\/vc_column_text][vc_custom_heading text=&#8221;Dowiedz si\u0119 o mo\u017cliwo\u015bciach w sektorze us\u0142ug&#8221; font_container=&#8221;tag:h2|text_align:center&#8221; use_theme_fonts=&#8221;yes&#8221;][vc_separator][\/vc_column][\/vc_row][vc_row css=&#8221;.vc_custom_1636631874200{padding-bottom: 5% !important;}&#8221;][vc_column width=&#8221;1\/3&#8243;][vc_column_text]\u2192<\/p>\n","protected":false},"author":2,"featured_media":0,"parent":13099,"menu_order":0,"comment_status":"closed","ping_status":"closed","template":"","meta":{"footnotes":""},"class_list":["post-12815","page","type-page","status-publish","hentry"],"_links":{"self":[{"href":"https:\/\/espamob.com\/pl\/wp-json\/wp\/v2\/pages\/12815","targetHints":{"allow":["GET"]}}],"collection":[{"href":"https:\/\/espamob.com\/pl\/wp-json\/wp\/v2\/pages"}],"about":[{"href":"https:\/\/espamob.com\/pl\/wp-json\/wp\/v2\/types\/page"}],"author":[{"embeddable":true,"href":"https:\/\/espamob.com\/pl\/wp-json\/wp\/v2\/users\/2"}],"replies":[{"embeddable":true,"href":"https:\/\/espamob.com\/pl\/wp-json\/wp\/v2\/comments?post=12815"}],"version-history":[{"count":0,"href":"https:\/\/espamob.com\/pl\/wp-json\/wp\/v2\/pages\/12815\/revisions"}],"up":[{"embeddable":true,"href":"https:\/\/espamob.com\/pl\/wp-json\/wp\/v2\/pages\/13099"}],"wp:attachment":[{"href":"https:\/\/espamob.com\/pl\/wp-json\/wp\/v2\/media?parent=12815"}],"curies":[{"name":"wp","href":"https:\/\/api.w.org\/{rel}","templated":true}]}}