{"id":12770,"date":"2021-11-24T10:49:30","date_gmt":"2021-11-24T10:49:30","guid":{"rendered":"https:\/\/www.espamob.com\/hotellerie-restauration\/"},"modified":"2024-03-04T23:02:35","modified_gmt":"2024-03-04T23:02:35","slug":"hotelarstwo-gastronomia","status":"publish","type":"page","link":"https:\/\/espamob.com\/pl\/praktyki-zawodowe-erasmus\/hotelarstwo-gastronomia\/","title":{"rendered":"PL &#8211; stage erasmusplus metiers de lhotellerie et restauration"},"content":{"rendered":"<div class=\"wpb-content-wrapper\"><p>[vc_row css=&#8221;.vc_custom_1701371060640{margin-top: -20px !important;margin-bottom: 40px !important;background-image: url(https:\/\/espamob.com\/wp-content\/uploads\/2023\/11\/Hosteleria-y-restauracion.webp?id=21275) !important;}&#8221; conditional_render=&#8221;%5B%7B%22value_role%22%3A%22administrator%22%7D%5D&#8221;][vc_column css=&#8221;.vc_custom_1687965657482{padding-top: 30px !important;}&#8221; conditional_render=&#8221;%5B%7B%22value_role%22%3A%22administrator%22%7D%5D&#8221;][vc_empty_space height=&#8221;170&#8243;][vc_custom_heading text=&#8221;Mobilno\u015b\u0107 Erasmus Plus w sektorze hotelarskim&#8221; font_container=&#8221;tag:h1|font_size:27|text_align:center|color:%23ffffff&#8221; use_theme_fonts=&#8221;yes&#8221; css=&#8221;.vc_custom_1701537234241{margin-bottom: 15px !important;background-color: rgba(136,136,136,0.29) !important;*background-color: rgb(136,136,136) !important;}&#8221; animation_type=&#8221;zoomIn&#8221;][vc_empty_space height=&#8221;40&#8243;][\/vc_column][\/vc_row][vc_row conditional_render=&#8221;%5B%7B%22value_role%22%3A%22administrator%22%7D%5D&#8221;][vc_column][vc_raw_html]JTNDbmF2JTIwYXJpYS1sYWJlbCUzRCUyMmJyZWFkY3J1bWIlMjIlM0UlMEElMjAlMjAlM0NvbCUyMGNsYXNzJTNEJTIyYnJlYWRjcnVtYiUyMiUzRSUwQSUyMCUyMCUyMCUyMCUzQ2xpJTIwY2xhc3MlM0QlMjJicmVhZGNydW1iLWl0ZW0lMjIlM0UlM0NhJTIwaHJlZiUzRCUyMmh0dHBzJTNBJTJGJTJGd3d3LmVzcGFtb2IuY29tJTJGcGwlMkYlMjIlM0VTdHJvbmElMjBnJUM1JTgyJUMzJUIzd25hJTNDJTJGYSUzRSUzQyUyRmxpJTNFJTBBJTIwJTIwJTIwJTIwJTNDbGklMjBjbGFzcyUzRCUyMmJyZWFkY3J1bWItaXRlbSUyMiUzRSUzQ2ElMjBocmVmJTNEJTIyaHR0cHMlM0ElMkYlMkZ3d3cuZXNwYW1vYi5jb20lMkZwbCUyRnByYWt0eWtpLXphd29kb3dlLWVyYXNtdXMlMkYlMjIlM0VTdGElQzUlQkNlJTIwdyUyMHByemVkc2klQzQlOTliaW9yc3R3aWUlM0MlMkZhJTNFJTNDJTJGbGklM0UlMEElMjAlMjAlMjAlMjAlM0NsaSUyMGNsYXNzJTNEJTIyYnJlYWRjcnVtYi1pdGVtJTIwYWN0aXZlJTIyJTIwYXJpYS1jdXJyZW50JTNEJTIycGFnZSUyMiUzRU1vYmlsbm8lQzUlOUIlQzQlODclMjB3JTIwc2VrdG9yemUlMjBob3RlbGFyc2tpbSUzQyUyRmxpJTNFJTBBJTIwJTIwJTNDJTJGb2wlM0UlMEElM0MlMkZuYXYlM0U=[\/vc_raw_html][vc_custom_heading text=&#8221;Odkryj mo\u017cliwo\u015bci sektora hotelarsko-restauracyjnego&#8221; font_container=&#8221;tag:h2|text_align:center&#8221; use_theme_fonts=&#8221;yes&#8221;][vc_separator]<div class=\"aio-icon-component    style_1\"><div id=\"Info-box-wrap-9952\" class=\"aio-icon-box top-icon\" style=\"\"  ><div class=\"aio-icon-description ult-responsive\"  data-ultimate-target='#Info-box-wrap-9952 .aio-icon-description'  data-responsive-json-new='{\"font-size\":\"\",\"line-height\":\"\"}'  style=\"\"><\/p>\n<p class=\"text-align-justify\" style=\"font-weight: 400; text-align: justify; text-justify: inter-word;\">Ten szeroki sektor obejmuje r\u00f3\u017cnorodne zawody zwi\u0105zane z kuchni\u0105, obs\u0142ug\u0105, cateringiem i recepcj\u0105 oraz profesje takie, jak, barman i sommelier. Ka\u017cda z tych rozleg\u0142ych dziedzin ma swoje w\u0142asne cechy charakterystyczne.<\/p>\n<p><\/div> <!-- description --><\/div> <!-- aio-icon-box --><\/div> <!-- aio-icon-component -->[\/vc_column][\/vc_row][vc_row css=&#8221;.vc_custom_1636631874200{padding-bottom: 5% !important;}&#8221;][vc_column width=&#8221;1\/3&#8243;]<div class=\"aio-icon-component    style_1\"><div id=\"Info-box-wrap-2653\" class=\"aio-icon-box default-icon\" style=\"\"  ><div class=\"aio-icon-default\"><div class=\"ult-just-icon-wrapper  \"><div class=\"align-icon\" style=\"text-align:center;\">\n<div class=\"aio-icon none \"  style=\"color:#333;font-size:44px;display:inline-block;\">\n\t<i class=\"Defaults-fire\"><\/i>\n<\/div><\/div><\/div><\/div><div class=\"aio-icon-header\" ><h3 class=\"aio-icon-title ult-responsive\"  data-ultimate-target='#Info-box-wrap-2653 .aio-icon-title'  data-responsive-json-new='{\"font-size\":\"\",\"line-height\":\"\"}'  style=\"\">Kuchnia<\/h3><\/div> <!-- header --><div class=\"aio-icon-description ult-responsive\"  data-ultimate-target='#Info-box-wrap-2653 .aio-icon-description'  data-responsive-json-new='{\"font-size\":\"\",\"line-height\":\"\"}'  style=\"\"><\/p>\n<p class=\"text-align-justify\" style=\"font-weight: 400; text-align: justify; text-justify: inter-word;\">Rol\u0105 kucharza\/rki jest sporz\u0105dzanie i wydawanie potraw lub przygotowywanie przyj\u0119\u0107 z uwzgl\u0119dnieniem potrzeb klient\u00f3w. Sta\u017c zagraniczny pozwoli m\u0142odym praktykantom rozwija\u0107 nowe techniki kulinarne typowe dla kraju goszcz\u0105cego.<\/p>\n<p><\/div> <!-- description --><\/div> <!-- aio-icon-box --><\/div> <!-- aio-icon-component -->[vc_column_text]<a href=\"https:\/\/espamob.com\/pl\/praktyki-zawodowe-erasmus\/branzy-spozywczej\/praktyki-erasmus-gotowanie\">\u2192 Dowiedz si\u0119 wi\u0119cej o kursie wyroby gotowania<\/a>[\/vc_column_text][\/vc_column][vc_column width=&#8221;1\/3&#8243;]<div class=\"aio-icon-component    style_1\"><div id=\"Info-box-wrap-7828\" class=\"aio-icon-box default-icon\" style=\"\"  ><div class=\"aio-icon-default\"><div class=\"ult-just-icon-wrapper  \"><div class=\"align-icon\" style=\"text-align:center;\">\n<div class=\"aio-icon-img \" style=\"font-size:42px;display:inline-block;\" >\n\t<img decoding=\"async\" class=\"img-icon\" alt=\"null\" src=\"https:\/\/espamob.com\/wp-content\/uploads\/2021\/11\/Service-and-catering.png\"\/>\n<\/div><\/div><\/div><\/div><div class=\"aio-icon-header\" ><h3 class=\"aio-icon-title ult-responsive\"  data-ultimate-target='#Info-box-wrap-7828 .aio-icon-title'  data-responsive-json-new='{\"font-size\":\"\",\"line-height\":\"\"}'  style=\"\">Obs\u0142uga i catering<\/h3><\/div> <!-- header --><div class=\"aio-icon-description ult-responsive\"  data-ultimate-target='#Info-box-wrap-7828 .aio-icon-description'  data-responsive-json-new='{\"font-size\":\"\",\"line-height\":\"\"}'  style=\"\"><\/p>\n<p class=\"text-align-justify\" style=\"font-weight: 400; text-align: justify; text-justify: inter-word;\">Sta\u017cysta\/tka b\u0119dzie odpowiedzialny\/a za serwowanie da\u0144, przyjmowanie klient\u00f3w, nakrywanie sto\u0142\u00f3w i odbieranie zam\u00f3wie\u0144. Sta\u017c zagraniczny w tej dziedzinie umo\u017cliwi m\u0142odym praktykantom poznanie nowych technik obs\u0142ugi w j\u0119zyku obcym.<\/p>\n<p><\/div> <!-- description --><\/div> <!-- aio-icon-box --><\/div> <!-- aio-icon-component -->[vc_column_text]<a href=\"https:\/\/espamob.com\/pl\/praktyki-zawodowe-erasmus\/hotelarstwo-gastronomia\/praktyki-erasmus-gastronomia\/\">\u2192<span style=\"font-weight: 400;\">\u00a0Odkryj sta\u017c w obszarze obs\u0142ugi i gastronomia<\/span><\/a>[\/vc_column_text][\/vc_column][vc_column width=&#8221;1\/3&#8243;]<div class=\"aio-icon-component    style_1\"><div id=\"Info-box-wrap-1875\" class=\"aio-icon-box default-icon\" style=\"\"  ><div class=\"aio-icon-default\"><div class=\"ult-just-icon-wrapper  \"><div class=\"align-icon\" style=\"text-align:center;\">\n<div class=\"aio-icon none \"  style=\"color:#333;font-size:44px;display:inline-block;\">\n\t<i class=\"Defaults-comments\"><\/i>\n<\/div><\/div><\/div><\/div><div class=\"aio-icon-header\" ><h3 class=\"aio-icon-title ult-responsive\"  data-ultimate-target='#Info-box-wrap-1875 .aio-icon-title'  data-responsive-json-new='{\"font-size\":\"\",\"line-height\":\"\"}'  style=\"\">Przyjmowanie go\u015bci i recepcja<\/h3><\/div> <!-- header --><div class=\"aio-icon-description ult-responsive\"  data-ultimate-target='#Info-box-wrap-1875 .aio-icon-description'  data-responsive-json-new='{\"font-size\":\"\",\"line-height\":\"\"}'  style=\"\"><\/p>\n<p class=\"text-align-justify\" style=\"font-weight: 400; text-align: justify; text-justify: inter-word;\">Recepcjonista\/tka hotelu lub restauracji b\u0119dzie mia\u0142\/a sta\u0142y kontakt z klientami. To on\/a b\u0119dzie odpowiada\u0107 za ich przyjmowanie i doradztwo. Sta\u017c w tym zakresie pozwoli praktykantowi\/tce rozwin\u0105\u0107 nowe umiej\u0119tno\u015bci w j\u0119zyku obcym.<\/p>\n<p><\/div> <!-- description --><\/div> <!-- aio-icon-box --><\/div> <!-- aio-icon-component -->[vc_column_text]<a href=\"https:\/\/espamob.com\/pl\/praktyki-zawodowe-erasmus\/hotelarstwo-gastronomia\/praktyki-erasmus-recepcji\/\">\u2192<span style=\"font-weight: 400;\"> Odkryj sta\u017c w dziale obs\u0142ugi i restauracji<\/span><\/a>[\/vc_column_text][\/vc_column][\/vc_row][vc_row css=&#8221;.vc_custom_1636631916236{padding-bottom: 5% !important;}&#8221;][vc_column width=&#8221;1\/2&#8243;]<div class=\"aio-icon-component    style_1\"><div id=\"Info-box-wrap-3730\" class=\"aio-icon-box default-icon\" style=\"\"  ><div class=\"aio-icon-default\"><div class=\"ult-just-icon-wrapper  \"><div class=\"align-icon\" style=\"text-align:center;\">\n<div class=\"aio-icon none \"  style=\"color:#333;font-size:44px;display:inline-block;\">\n\t<i class=\"Defaults-beer\"><\/i>\n<\/div><\/div><\/div><\/div><div class=\"aio-icon-header\" ><h3 class=\"aio-icon-title ult-responsive\"  data-ultimate-target='#Info-box-wrap-3730 .aio-icon-title'  data-responsive-json-new='{\"font-size\":\"\",\"line-height\":\"\"}'  style=\"\">Barman<\/h3><\/div> <!-- header --><div class=\"aio-icon-description ult-responsive\"  data-ultimate-target='#Info-box-wrap-3730 .aio-icon-description'  data-responsive-json-new='{\"font-size\":\"\",\"line-height\":\"\"}'  style=\"\"><\/p>\n<p class=\"text-align-justify\" style=\"font-weight: 400; text-align: justify; text-justify: inter-word;\">Zadaniem barmana\/ki jest przygotowywanie napoj\u00f3w, podawanie ich kelnerom na sali lub klientom. Poznaj wszystkie przepisy na drinki na wyci\u0105gni\u0119cie r\u0119ki. Sta\u017c pozwoli praktykantowi na poznanie nowych technik i receptur koktajli w obcym kraju.<\/p>\n<p><\/div> <!-- description --><\/div> <!-- aio-icon-box --><\/div> <!-- aio-icon-component -->[vc_column_text]<a href=\"https:\/\/espamob.com\/pl\/praktyki-zawodowe-erasmus\/hotelarstwo-gastronomia\/praktyki-erasmus-barman\/\">\u2192<span style=\"font-weight: 400;\"> Odkryj sta\u017c barmana<\/span><\/a>[\/vc_column_text][\/vc_column][vc_column width=&#8221;1\/2&#8243;]<div class=\"aio-icon-component    style_1\"><div id=\"Info-box-wrap-6541\" class=\"aio-icon-box default-icon\" style=\"\"  ><div class=\"aio-icon-default\"><div class=\"ult-just-icon-wrapper  \"><div class=\"align-icon\" style=\"text-align:center;\">\n<div class=\"aio-icon none \"  style=\"color:#333;font-size:44px;display:inline-block;\">\n\t<i class=\"Defaults-eye\"><\/i>\n<\/div><\/div><\/div><\/div><div class=\"aio-icon-header\" ><h3 class=\"aio-icon-title ult-responsive\"  data-ultimate-target='#Info-box-wrap-6541 .aio-icon-title'  data-responsive-json-new='{\"font-size\":\"\",\"line-height\":\"\"}'  style=\"\">Kelner sommelier<\/h3><\/div> <!-- header --><div class=\"aio-icon-description ult-responsive\"  data-ultimate-target='#Info-box-wrap-6541 .aio-icon-description'  data-responsive-json-new='{\"font-size\":\"\",\"line-height\":\"\"}'  style=\"\"><\/p>\n<p class=\"text-align-justify\" style=\"font-weight: 400; text-align: justify; text-justify: inter-word;\">G\u0142\u00f3wnym zadaniem sommeliera jest dbanie o piwnic\u0119 win restauracji i jej zapasy. Celem jest stworzenie oryginalnej karty win. Sta\u017c zagraniczny pozwoli Ci rozwin\u0105\u0107 nowe techniki typowe dla kraju goszcz\u0105cego oraz pozna\u0107 nowy j\u0119zyk.<\/p>\n<p><\/div> <!-- description --><\/div> <!-- aio-icon-box --><\/div> <!-- aio-icon-component -->[vc_column_text]<a href=\"https:\/\/espamob.com\/pl\/praktyki-zawodowe-erasmus\/branzy-spozywczej\/praktyki-erasmus-sommelier\">\u2192 Dowiedz si\u0119 wi\u0119cej o kursie sommelierski<\/a>[\/vc_column_text][\/vc_column][\/vc_row][vc_row][vc_column][vc_empty_space height=&#8221;10px&#8221;][\/vc_column][\/vc_row][vc_row css=&#8221;.vc_custom_1636631982137{padding-bottom: 3% !important;}&#8221;][vc_column width=&#8221;1\/3&#8243;][\/vc_column][vc_column width=&#8221;1\/3&#8243;]<div id=\"modal-trg-txt-wrap-7065\" class=\"ult-modal-input-wrapper ult-adjust-bottom-margin    \" data-keypress-control=\"keypress-control-enable\" data-overlay-control=\"overlay-control-enable\"><button  data-ultimate-target='#modal-trg-txt-wrap-7065 .btn-modal'  data-responsive-json-new='{\"font-size\":\"\",\"line-height\":\"\"}'  style=\"background:#333333;border-color:#333333;color:#ffffff; \" data-class-id=\"content-69e77b63b01461-92198699\" class=\"btn-modal ult-responsive btn-primary btn-modal-lg overlay-show-genie ult-align-center btn-id-69e77b63b01461-92198699\" >Wycena w mniej ni\u017c 5 minut<\/button><\/div>\n<div class=\"ult-overlay overlay-genie content-69e77b63b01461-92198699 \" style=\"display:none\" data-class=\"content-69e77b63b01461-92198699\" data-steps=\"m 701.56545,809.01175 35.16718,0 0,19.68384 -35.16718,0 z;m 698.9986,728.03569 41.23353,0 -3.41953,77.8735 -34.98557,0 z;m 687.08153,513.78234 53.1506,0 C 738.0505,683.9161 737.86917,503.34193 737.27015,806 l -35.90067,0 c -7.82727,-276.34892 -2.06916,-72.79261 -14.28795,-292.21766 z;m 403.87105,257.94772 566.31246,2.93091 C 923.38284,513.78233 738.73561,372.23931 737.27015,806 l -35.90067,0 C 701.32034,404.49318 455.17312,480.07689 403.87105,257.94772 z;M 51.871052,165.94772 1362.1835,168.87863 C 1171.3828,653.78233 738.73561,372.23931 737.27015,806 l -35.90067,0 C 701.32034,404.49318 31.173122,513.78234 51.871052,165.94772 z;m 52,26 1364,4 c -12.8007,666.9037 -273.2644,483.78234 -322.7299,776 l -633.90062,0 C 359.32034,432.49318 -6.6979288,733.83462 52,26 z;m 0,0 1439.999975,0 0,805.99999 -1439.999975,0 z\">\n\t<svg xmlns=\"http:\/\/www.w3.org\/2000\/svg\" width=\"100%\" height=\"100%\" viewBox=\"0 0 1440 806\" preserveAspectRatio=\"none\">\n\t\t\t\t\t\t\t<path class=\"overlay-path\" d=\"m 701.56545,809.01175 35.16718,0 0,19.68384 -35.16718,0 z\" style=\"fill:rgba(51,51,51,0.8);\"\/>\n\t\t\t\t\t\t<\/svg>\n\t<div class=\"ult_modal ult-fade ult-medium\">\n\t\t<div id=\"ult-modal-wrap-3020\" class=\"ult_modal-content ult-hide\" style=\"border-style:solid;border-width:2px;border-radius:0px;border-color:#333333;\">\n\t\t\t<div class=\"ult_modal-header\" style=\"color:#333333;border-color:#333333;\">\n\t\t\t\t<div class=\"modal-icon\"><i class=\"Defaults-envelope-o\"><\/i><\/div><h3  data-ultimate-target='#ult-modal-wrap-3020 .ult_modal-title'  data-responsive-json-new='{\"font-size\":\"\",\"line-height\":\"\"}'  class=\"ult_modal-title ult-responsive\">Bud\u017cet Twojego projektu<\/h3>\n\t\t\t<\/div>\n\t\t\t<div  data-ultimate-target='#ult-modal-wrap-3020 .ult_modal-body'  data-responsive-json-new='{\"font-size\":\"\",\"line-height\":\"\"}'  class=\"ult_modal-body ult-responsive ult-html\" style=\"\">\n\t\t\t<\/p>\n<p>[caldera_form id=&#8221;CF6149e02688efa&#8221;]<\/p>\n<p>\n\t\t\t<\/div>\n\t<\/div>\n\t<\/div>\n\t<div class=\"ult-overlay-close top-right\" style=\" \"><div class=\"ult-overlay-close-inside\">Close<\/div><\/div>\n<\/div>[\/vc_column][vc_column width=&#8221;1\/3&#8243;][\/vc_column][\/vc_row][vc_row][vc_column css=&#8221;.vc_custom_1636634852301{padding-bottom: 3% !important;}&#8221;]<div class=\"mgl_tubelab mgl_tubelab_container mgl_tubelab_template_default\" data-mgl-tubelab-parameters=\"type=playlist&value=PLLGrER9ieWtA32I7mddfI7UuFU91w6OtN&user=&channel_id=&count=4&cols=4&mode=lightbox&template=default&display=title&pagination=true&size=medium&video_id=&playlists=all&mini=0\">\n\t<div class=\"mgl_tubelab mgl_tubelab_content mgl_tubelab_content-cols4\">\n\t<\/div>\n\t\t\t<div class=\"mgl_tubelab_pagination\">\n\t\t\t<div class=\"mgl_tubelab_pagination_item mgl_tubelab_pagination_item_prev\">\n\t\t\t\t<a href=\"#\" class=\"mgl_tubelab_pagination_prev\">Previous page<\/a>\n\t\t\t<\/div>\n\t\t\t<div class=\"mgl_tubelab_pagination_item mgl_tubelab_pagination_item_next\">\n\t\t\t\t<a href=\"#\" class=\"mgl_tubelab_pagination_next\">Next page<\/a>\n\t\t\t<\/div>\n\t\t<\/div>\n\t<\/div>[vc_empty_space height=&#8221;10px&#8221;][vc_btn title=&#8221;Skontaktuj si\u0119 z nami&#8221; size=&#8221;lg&#8221; align=&#8221;center&#8221; link=&#8221;url:https%3A%2F%2Fespamob.com%2Fpl%2Fkontakt-z-polskim-konsultantem%2F|||&#8221;][\/vc_column][\/vc_row][vc_row full_width=&#8221;stretch_row&#8221; css=&#8221;.vc_custom_1701176523996{padding-top: 15px !important;padding-bottom: 15px !important;background-color: #f8f893 !important;}&#8221; conditional_render=&#8221;%5B%7B%22value_role%22%3A%22administrator%22%7D%5D&#8221;][vc_column][vc_custom_heading text=&#8221;Masz pytania dotycz\u0105ce sta\u017cu w programie Erasmus Plus?&#8221; font_container=&#8221;tag:h2|text_align:center&#8221; google_fonts=&#8221;font_family:Open%20Sans%3A300%2C300italic%2Cregular%2Citalic%2C600%2C600italic%2C700%2C700italic%2C800%2C800italic|font_style:300%20light%20regular%3A300%3Anormal&#8221;][vc_column_text]W Espamob wybieramy naszych partner\u00f3w, aby zaoferowa\u0107 im wiele sta\u017cy w r\u00f3\u017cnych sektorach. Skorzystaj ze spersonalizowanego wsparcia, aby jak najlepiej przygotowa\u0107 si\u0119 na mobilno\u015b\u0107 w Hiszpanii.<\/p>\n<p>Nie czekaj d\u0142u\u017cej, skontaktuj si\u0119 z ekspertem Espamob ju\u017c teraz i zr\u00f3b pierwszy krok w kierunku udanego do\u015bwiadczenia w programie Erasmus+![\/vc_column_text][vc_btn title=&#8221;Kontakt z nami&#8221; style=&#8221;custom&#8221; custom_background=&#8221;#e3001a&#8221; custom_text=&#8221;#ffffff&#8221; shape=&#8221;rounded&#8221; align=&#8221;center&#8221; link=&#8221;url:https%3A%2F%2Fespamob.com%2Fpl%2Fkontakt-z-polskim-konsultantem|title:Kontakt&#8221;][\/vc_column][\/vc_row][vc_row][vc_column][vc_custom_heading text=&#8221;Najcz\u0119\u015bciej zadawane pytania dotycz\u0105ce sta\u017cy w bran\u017cy hotelarskiej&#8221; font_container=&#8221;tag:h2|text_align:center|color:%23cd6155&#8243; use_theme_fonts=&#8221;yes&#8221;][vc_separator][\/vc_column][\/vc_row][vc_row][vc_column width=&#8221;2\/3&#8243;][vc_custom_heading text=&#8221;Dlaczego sta\u017c za granic\u0105 w bran\u017cy hotelarskiej ?&#8221; font_container=&#8221;tag:h3|text_align:justify|color:%23cd6155&#8243; use_theme_fonts=&#8221;yes&#8221;][vc_column_text]<\/p>\n<p class=\"text-align-justify\" style=\"font-weight: 400; text-align: justify; text-justify: inter-word;\">Odbycie sta\u017cu za granic\u0105 pozwoli praktykantom przede wszystkim odkry\u0107 nowe techniki i metody pracy charakterystyczne dla danego kraju. Dodatkowo, b\u0119dzie to cenne do\u015bwiadczenie, idealne do zamieszczenia w CV.<\/p>\n<p>[\/vc_column_text][vc_custom_heading text=&#8221;Czy mo\u017cna wyjecha\u0107 za granic\u0119 w ramach mobilno\u015bci, nawet je\u015bli nie zna si\u0119 dobrze j\u0119zyka kraju przyjmuj\u0105cego ?&#8221; font_container=&#8221;tag:h3|text_align:justify|color:%23cd6155&#8243; use_theme_fonts=&#8221;yes&#8221;][vc_column_text]<\/p>\n<p class=\"text-align-justify\" style=\"font-weight: 400; text-align: justify; text-justify: inter-word;\">Nie wszyscy praktykanci\/tki, kt\u00f3rzy\/re przyje\u017cd\u017caj\u0105 na sta\u017c za granic\u0119 z Espamob, doskonale pos\u0142uguj\u0105 si\u0119 j\u0119zykiem kraju przyjmuj\u0105cego. To wcale nie musi oznacza\u0107, \u017ce \u200b\u200bmobilno\u015b\u0107 si\u0119 nie powiedzie. To w\u0142a\u015bnie do\u015bwiadczenie pomo\u017ce Ci odkry\u0107 nowy j\u0119zyk i prac\u0119, kt\u00f3r\u0105 lubisz, w innym kraju.<\/p>\n<p>[\/vc_column_text][vc_custom_heading text=&#8221;Jaki jest minimalny i maksymalny czas trwania mobilno\u015bci w bran\u017cy hotelarskiej ?&#8221; font_container=&#8221;tag:h3|text_align:justify|color:%23cd6155&#8243; use_theme_fonts=&#8221;yes&#8221;][vc_column_text]<\/p>\n<p class=\"text-align-justify\" style=\"font-weight: 400; text-align: justify; text-justify: inter-word;\">Minimalny czas trwania mobilno\u015bci w sektorze hotelarskim wynosi dwa tygodnie. Praktyki trwaj\u0105 zazwyczaj od dw\u00f3ch do czterech tygodni, ale nie zawsze. Organizujemy r\u00f3wnie\u017c d\u0142u\u017csze wyjazdy, nawet do sze\u015bciu miesi\u0119cy.<\/p>\n<p><script type=\"application\/ld+json\">{\"@context\":\"https:\/\/schema.org\",\"@type\":\"FAQPage\",\"mainEntity\":[{\"@type\":\"Question\",\"name\":\"Dlaczego sta\u017c za granic\u0105 w bran\u017cy hotelarskiej ?\",\"acceptedAnswer\":{\"@type\":\"Answer\",\"text\":\"Odbycie sta\u017cu za granic\u0105 pozwoli praktykantom przede wszystkim odkry\u0107 nowe techniki i metody pracy charakterystyczne dla danego kraju. Dodatkowo, b\u0119dzie to cenne do\u015bwiadczenie, idealne do zamieszczenia w CV.\"}},{\"@type\":\"Question\",\"name\":\"Czy mo\u017cna wyjecha\u0107 za granic\u0119 w ramach mobilno\u015bci, nawet je\u015bli nie zna si\u0119 dobrze j\u0119zyka kraju przyjmuj\u0105cego ?\",\"acceptedAnswer\":{\"@type\":\"Answer\",\"text\":\"Nie wszyscy praktykanci\/tki, kt\u00f3rzy\/re przyje\u017cd\u017caj\u0105 na sta\u017c za granic\u0119 z Espamob, doskonale pos\u0142uguj\u0105 si\u0119 j\u0119zykiem kraju przyjmuj\u0105cego. To wcale nie musi oznacza\u0107, \u017ce \u200b\u200bmobilno\u015b\u0107 si\u0119 nie powiedzie. To w\u0142a\u015bnie do\u015bwiadczenie pomo\u017ce Ci odkry\u0107 nowy j\u0119zyk i prac\u0119, kt\u00f3r\u0105 lubisz, w innym kraju.\"}},{\"@type\":\"Question\",\"name\":\"Jaki jest minimalny i maksymalny czas trwania mobilno\u015bci w bran\u017cy hotelarskiej ?\",\"acceptedAnswer\":{\"@type\":\"Answer\",\"text\":\"Minimalny czas trwania mobilno\u015bci w sektorze hotelarskim wynosi dwa tygodnie. Praktyki trwaj\u0105 zazwyczaj od dw\u00f3ch do czterech tygodni, ale nie zawsze. Organizujemy r\u00f3wnie\u017c d\u0142u\u017csze wyjazdy, nawet do sze\u015bciu miesi\u0119cy.\"}}]}<\/script>[\/vc_column_text][\/vc_column][vc_column width=&#8221;1\/3&#8243;][vc_single_image image=&#8221;12017&#8243; img_size=&#8221;400&#215;600&#8243; alignment=&#8221;center&#8221;][\/vc_column][\/vc_row]<\/p>\n<\/div>","protected":false},"excerpt":{"rendered":"<p>[vc_row css=&#8221;.vc_custom_1701371060640{margin-top: -20px !important;margin-bottom: 40px !important;background-image: url(https:\/\/espamob.com\/wp-content\/uploads\/2023\/11\/Hosteleria-y-restauracion.webp?id=21275) !important;}&#8221; conditional_render=&#8221;%5B%7B%22value_role%22%3A%22administrator%22%7D%5D&#8221;][vc_column css=&#8221;.vc_custom_1687965657482{padding-top: 30px !important;}&#8221; conditional_render=&#8221;%5B%7B%22value_role%22%3A%22administrator%22%7D%5D&#8221;][vc_empty_space height=&#8221;170&#8243;][vc_custom_heading text=&#8221;Mobilno\u015b\u0107 Erasmus Plus w sektorze hotelarskim&#8221; font_container=&#8221;tag:h1|font_size:27|text_align:center|color:%23ffffff&#8221; use_theme_fonts=&#8221;yes&#8221; css=&#8221;.vc_custom_1701537234241{margin-bottom: 15px !important;background-color: rgba(136,136,136,0.29) !important;*background-color: rgb(136,136,136) !important;}&#8221; animation_type=&#8221;zoomIn&#8221;][vc_empty_space height=&#8221;40&#8243;][\/vc_column][\/vc_row][vc_row conditional_render=&#8221;%5B%7B%22value_role%22%3A%22administrator%22%7D%5D&#8221;][vc_column][vc_raw_html]JTNDbmF2JTIwYXJpYS1sYWJlbCUzRCUyMmJyZWFkY3J1bWIlMjIlM0UlMEElMjAlMjAlM0NvbCUyMGNsYXNzJTNEJTIyYnJlYWRjcnVtYiUyMiUzRSUwQSUyMCUyMCUyMCUyMCUzQ2xpJTIwY2xhc3MlM0QlMjJicmVhZGNydW1iLWl0ZW0lMjIlM0UlM0NhJTIwaHJlZiUzRCUyMmh0dHBzJTNBJTJGJTJGd3d3LmVzcGFtb2IuY29tJTJGcGwlMkYlMjIlM0VTdHJvbmElMjBnJUM1JTgyJUMzJUIzd25hJTNDJTJGYSUzRSUzQyUyRmxpJTNFJTBBJTIwJTIwJTIwJTIwJTNDbGklMjBjbGFzcyUzRCUyMmJyZWFkY3J1bWItaXRlbSUyMiUzRSUzQ2ElMjBocmVmJTNEJTIyaHR0cHMlM0ElMkYlMkZ3d3cuZXNwYW1vYi5jb20lMkZwbCUyRnByYWt0eWtpLXphd29kb3dlLWVyYXNtdXMlMkYlMjIlM0VTdGElQzUlQkNlJTIwdyUyMHByemVkc2klQzQlOTliaW9yc3R3aWUlM0MlMkZhJTNFJTNDJTJGbGklM0UlMEElMjAlMjAlMjAlMjAlM0NsaSUyMGNsYXNzJTNEJTIyYnJlYWRjcnVtYi1pdGVtJTIwYWN0aXZlJTIyJTIwYXJpYS1jdXJyZW50JTNEJTIycGFnZSUyMiUzRU1vYmlsbm8lQzUlOUIlQzQlODclMjB3JTIwc2VrdG9yemUlMjBob3RlbGFyc2tpbSUzQyUyRmxpJTNFJTBBJTIwJTIwJTNDJTJGb2wlM0UlMEElM0MlMkZuYXYlM0U=[\/vc_raw_html][vc_custom_heading text=&#8221;Odkryj mo\u017cliwo\u015bci sektora hotelarsko-restauracyjnego&#8221; font_container=&#8221;tag:h2|text_align:center&#8221; use_theme_fonts=&#8221;yes&#8221;][vc_separator][\/vc_column][\/vc_row][vc_row css=&#8221;.vc_custom_1636631874200{padding-bottom: 5% !important;}&#8221;][vc_column width=&#8221;1\/3&#8243;][vc_column_text]\u2192 Dowiedz si\u0119 wi\u0119cej o kursie wyroby gotowania[\/vc_column_text][\/vc_column][vc_column width=&#8221;1\/3&#8243;][vc_column_text]\u2192\u00a0Odkryj sta\u017c w obszarze obs\u0142ugi i<\/p>\n","protected":false},"author":2,"featured_media":0,"parent":13099,"menu_order":0,"comment_status":"closed","ping_status":"closed","template":"","meta":{"footnotes":""},"class_list":["post-12770","page","type-page","status-publish","hentry"],"_links":{"self":[{"href":"https:\/\/espamob.com\/pl\/wp-json\/wp\/v2\/pages\/12770","targetHints":{"allow":["GET"]}}],"collection":[{"href":"https:\/\/espamob.com\/pl\/wp-json\/wp\/v2\/pages"}],"about":[{"href":"https:\/\/espamob.com\/pl\/wp-json\/wp\/v2\/types\/page"}],"author":[{"embeddable":true,"href":"https:\/\/espamob.com\/pl\/wp-json\/wp\/v2\/users\/2"}],"replies":[{"embeddable":true,"href":"https:\/\/espamob.com\/pl\/wp-json\/wp\/v2\/comments?post=12770"}],"version-history":[{"count":0,"href":"https:\/\/espamob.com\/pl\/wp-json\/wp\/v2\/pages\/12770\/revisions"}],"up":[{"embeddable":true,"href":"https:\/\/espamob.com\/pl\/wp-json\/wp\/v2\/pages\/13099"}],"wp:attachment":[{"href":"https:\/\/espamob.com\/pl\/wp-json\/wp\/v2\/media?parent=12770"}],"curies":[{"name":"wp","href":"https:\/\/api.w.org\/{rel}","templated":true}]}}