{"id":11430,"date":"2021-10-22T10:44:20","date_gmt":"2021-10-22T10:44:20","guid":{"rendered":"https:\/\/www.espamob.com\/offre-relation-entreprises-erasmus\/"},"modified":"2023-06-16T05:58:31","modified_gmt":"2023-06-16T05:58:31","slug":"offre-relation-entreprises-erasmus","status":"publish","type":"page","link":"https:\/\/espamob.com\/pl\/offre-relation-entreprises-erasmus\/","title":{"rendered":"OFFRE RELATION ENTREPRISES ERASMUS +"},"content":{"rendered":"<div class=\"wpb-content-wrapper\"><p>[vc_row][vc_column][vc_custom_heading text=&#8221;OFERTA ERASMUS + RELACJA Z FIRMAMI&#8221; font_container=&#8221;tag:h1|text_align:center&#8221; use_theme_fonts=&#8221;yes&#8221; css=&#8221;.vc_custom_1634903786766{padding-top: 2% !important;}&#8221;][vc_separator][vc_row_inner][vc_column_inner][vc_empty_space][\/vc_column_inner][\/vc_row_inner][vc_custom_heading text=&#8221;Kontekst przedsi\u0119biorstwa&#8221; font_container=&#8221;tag:h2|text_align:left|color:%23e30019&#8243;][vc_column_text css=&#8221;.vc_custom_1634903894328{padding-left: 6% !important;}&#8221;]<span style=\"color: #999999;\" data-darkreader-inline-color=\"\">Espamob\u2019 jest organizacj\u0105 partnersk\u0105 europejskich mobilno\u015bci Erasmus+. Przyjmujemy i koordynujemy<br \/>\nprojekty Erasmus+ ze wszystkich kraj\u00f3w europejskich, zapewniaj\u0105c wykwalifikowan\u0105 obs\u0142ug\u0119 i udan\u0105<br \/>\nmobilno\u015b\u0107.<\/span><\/p>\n<p><span style=\"color: #999999;\" data-darkreader-inline-color=\"\">W naszej agencji b\u0119dziesz musia\u0142\/a wykorzysta\u0107 swoje umiej\u0119tno\u015bci, aby rozwija\u0107 najlepsze relacje z naszymi firmami partnerskimi oraz pozyskiwa\u0107 nowych partner\u00f3w. Nasze biura znajduj\u0105 si\u0119 w biznesowej dzielnicy Barcelony, 200 metr\u00f3w od morza. Z przyjemno\u015bci\u0105 powitamy Ci\u0119 w naszym wielokulturowym zespole, je\u015bli spe\u0142nisz wszystkie nasze kryteria!<\/span><\/p>\n<p><span style=\"color: #999999;\" data-darkreader-inline-color=\"\">Na to stanowisko powierzone b\u0119d\u0105 Ci r\u00f3\u017cne rodzaje zada\u0144:<\/span>[\/vc_column_text][vc_custom_heading text=&#8221;Misja sta\u017cu&#8221; font_container=&#8221;tag:h2|text_align:left|color:%23e30019&#8243;][vc_row_inner][vc_column_inner][vc_custom_heading text=&#8221;Poszukiwanie nowej wsp\u00f3\u0142pracy&#8221; font_container=&#8221;tag:h3|text_align:left&#8221; css=&#8221;.vc_custom_1634903906184{padding-left: 6% !important;}&#8221;][vc_column_text css=&#8221;.vc_custom_1634904039339{padding-left: 8% !important;}&#8221;]<span style=\"color: #999999;\" data-darkreader-inline-color=\"\">Twoim g\u0142\u00f3wnym zadaniem b\u0119dzie poszukiwanie nowych mo\u017cliwo\u015bci wsp\u00f3\u0142pracy z firmami w celu poszerzenia kontakt\u00f3w Espamob\u2019, a tym samym rozwoju sektor\u00f3w dzia\u0142alno\u015bci proponowanych studentom i instytucjom. Zadania dotycz\u0105ce poszukiwania nowych firm partnerskich b\u0119d\u0105 zr\u00f3\u017cnicowane:<\/span><\/p>\n<ul>\n<li><span style=\"color: #999999;\" data-darkreader-inline-color=\"\">poszukiwanie potencjalnych przedsi\u0119biorstw<\/span><\/li>\n<li><span style=\"color: #999999;\" data-darkreader-inline-color=\"\">inteligentna prospekcja<\/span><\/li>\n<li><span style=\"color: #999999;\" data-darkreader-inline-color=\"\">nawi\u0105zywanie strategicznej wsp\u00f3\u0142pracy z r\u00f3\u017cnymi sektorami (firmami, stowarzyszeniami&#8230;)<\/span><\/li>\n<li><span style=\"color: #999999;\" data-darkreader-inline-color=\"\">kontaktowanie si\u0119 z firmami mailowo, telefonicznie&#8230;<\/span><\/li>\n<li><span style=\"color: #999999;\" data-darkreader-inline-color=\"\">wizytacje w firmach<\/span><\/li>\n<li><span style=\"color: #999999;\" data-darkreader-inline-color=\"\">prezentowanie naszych us\u0142ug i projekt\u00f3w<\/span><\/li>\n<li><span style=\"color: #999999;\" data-darkreader-inline-color=\"\">nawi\u0105zywanie wsp\u00f3\u0142pracy z firmami partnerskimi<\/span><\/li>\n<li><span style=\"color: #999999;\" data-darkreader-inline-color=\"\">optymalizacja relacji z klientem<\/span><\/li>\n<\/ul>\n<p><span style=\"color: #999999;\" data-darkreader-inline-color=\"\">Dzi\u0119ki naszemu wielokulturowemu zespo\u0142owi nauczysz si\u0119 tworzy\u0107 prawdziwe relacje handlowe z naszymi firmami partnerskimi, aby osi\u0105ga\u0107 wewn\u0119trzne cele. Twoje zaanga\u017cowanie b\u0119dzie niezb\u0119dne do realizacji przysz\u0142ych projekt\u00f3w.<\/span>[\/vc_column_text][vc_custom_heading text=&#8221;Logistyka&#8221; font_container=&#8221;tag:h3|text_align:left&#8221; css=&#8221;.vc_custom_1634904109075{padding-left: 6% !important;}&#8221;][vc_column_text css=&#8221;.vc_custom_1634904094729{padding-left: 8% !important;}&#8221;]<span style=\"color: #999999;\" data-darkreader-inline-color=\"\">Organizacja projekt\u00f3w mobilno\u015bci z instytucjami i firmami partnerskimi to zadanie wymagaj\u0105ce wielu rozwi\u0105za\u0144 logistycznych i organizacji. Zadania dotycz\u0105ce logistyki wewn\u0119trznej b\u0119d\u0105 zr\u00f3\u017cnicowane:<\/span><\/p>\n<ul>\n<li><span style=\"color: #999999;\" data-darkreader-inline-color=\"\">definiowanie cel\u00f3w wewn\u0119trznych, ale tak\u017ce cel\u00f3w zwi\u0105zanych z projektami i partnerami<\/span><\/li>\n<li><span style=\"color: #999999;\" data-darkreader-inline-color=\"\">organizacja harmonogram\u00f3w mobilno\u015bci<\/span><\/li>\n<li><span style=\"color: #999999;\" data-darkreader-inline-color=\"\">przestrzeganie termin\u00f3w<\/span><\/li>\n<li><span style=\"color: #999999;\" data-darkreader-inline-color=\"\">cykliczne spotkania z zespo\u0142em w celu zapewnienia sprawnego przebiegu projekt\u00f3w<\/span><\/li>\n<\/ul>\n<p>[\/vc_column_text][vc_custom_heading text=&#8221;Monitorowanie rozwoju projektu&#8221; font_container=&#8221;tag:h3|text_align:left&#8221; css=&#8221;.vc_custom_1634904119225{padding-left: 6% !important;}&#8221;][vc_column_text css=&#8221;.vc_custom_1634904182976{padding-left: 8% !important;}&#8221;]<span style=\"color: #999999;\" data-darkreader-inline-color=\"\">Espamob&#8217; d\u0105\u017cy do spe\u0142nienia wymaga\u0144 partner\u00f3w dzi\u0119ki wiedzy, kwalifikacjom i wysokiej jako\u015bci us\u0142ug. Nasz profesjonalizm tkwi przede wszystkim w sta\u0142ej obserwacji projektu. Misje, kt\u00f3re zostan\u0105 Ci powierzone w ramach monitorowania projektu, s\u0105 bardzo r\u00f3\u017cnorodne:<\/span><\/p>\n<ul>\n<li><span style=\"color: #999999;\" data-darkreader-inline-color=\"\">przyjmowanie grup<\/span><\/li>\n<li><span style=\"color: #999999;\" data-darkreader-inline-color=\"\">wizyty w firmach<\/span><\/li>\n<li><span style=\"color: #999999;\" data-darkreader-inline-color=\"\">udzia\u0142 w ewaluacjach<\/span><\/li>\n<li><span style=\"color: #999999;\" data-darkreader-inline-color=\"\">sta\u0142y kontakt z firmami<\/span><\/li>\n<li><span style=\"color: #999999;\" data-darkreader-inline-color=\"\">zapewnienie p\u0142ynnego przebiegu do\u015bwiadcze\u0144 zawodowych z uczestnikami<\/span><\/li>\n<\/ul>\n<p>[\/vc_column_text][\/vc_column_inner][\/vc_row_inner][vc_custom_heading text=&#8221;Poszukiwany profil<br \/>\n&#8221; font_container=&#8221;tag:h2|text_align:left|color:%23e30019&#8243;][vc_column_text css=&#8221;.vc_custom_1634904232324{padding-left: 6% !important;}&#8221;]<span style=\"color: #999999;\" data-darkreader-inline-color=\"\">Na to stanowisko poszukujemy studenta\/tki studi\u00f3w magisterskich lub niedawnego absolwenta\/tki szko\u0142y biznesu lub sprzeda\u017cy. Do aplikowania na to stanowisko wymagane jest wcze\u015bniejsze do\u015bwiadczenie w sprzeda\u017cy. Musi to by\u0107 osoba zmotywowana, wszechstronna i niezale\u017cna &#8211; szukamy kogo\u015b wyj\u0105tkowego.<\/span><\/p>\n<p><span style=\"color: #999999;\" data-darkreader-inline-color=\"\">Wymagamy r\u00f3\u017cnych typ\u00f3w umiej\u0119tno\u015bci:<\/span>[\/vc_column_text][vc_row_inner][vc_column_inner][vc_custom_heading text=&#8221;Umiej\u0119tno\u015bci techniczne&#8221; font_container=&#8221;tag:h3|text_align:left&#8221; css=&#8221;.vc_custom_1634904243154{padding-left: 6% !important;}&#8221;][vc_column_text css=&#8221;.vc_custom_1634904298494{padding-left: 8% !important;}&#8221;]<\/p>\n<ul>\n<li><span style=\"color: #999999;\" data-darkreader-inline-color=\"\">Pakiet Office<\/span><\/li>\n<li><span style=\"color: #999999;\" data-darkreader-inline-color=\"\">Hiszpa\u0144ski poziom C1, Angielski poziom B2<\/span><\/li>\n<li><span style=\"color: #999999;\" data-darkreader-inline-color=\"\">Francuski i Katalo\u0144ski to plus<\/span><\/li>\n<\/ul>\n<p>[\/vc_column_text][vc_custom_heading text=&#8221;Umiej\u0119tno\u015bci funkcjonalne&#8221; font_container=&#8221;tag:h3|text_align:left&#8221; css=&#8221;.vc_custom_1634904252518{padding-left: 6% !important;}&#8221;][vc_column_text css=&#8221;.vc_custom_1634904355425{padding-left: 8% !important;}&#8221;]<\/p>\n<ul>\n<li><span style=\"color: #999999;\" data-darkreader-inline-color=\"\">Doskona\u0142y zmys\u0142 organizacji i negocjacji<\/span><\/li>\n<li><span style=\"color: #999999;\" data-darkreader-inline-color=\"\">Duch handlowca<\/span><\/li>\n<li><span style=\"color: #999999;\" data-darkreader-inline-color=\"\">Wizja strategiczna<\/span><\/li>\n<li><span style=\"color: #999999;\" data-darkreader-inline-color=\"\">Optymalizacja czasu<\/span><\/li>\n<li><span style=\"color: #999999;\" data-darkreader-inline-color=\"\">Du\u017ca niezale\u017cno\u015b\u0107<\/span><\/li>\n<\/ul>\n<p>[\/vc_column_text][\/vc_column_inner][\/vc_row_inner][vc_row_inner][vc_column_inner width=&#8221;1\/3&#8243;][\/vc_column_inner][vc_column_inner width=&#8221;1\/3&#8243;]\n<div class=\"wpcf7 no-js\" id=\"wpcf7-f11333-o1\" lang=\"en-US\" dir=\"ltr\" data-wpcf7-id=\"11333\">\n<div class=\"screen-reader-response\"><p role=\"status\" aria-live=\"polite\" aria-atomic=\"true\"><\/p> <ul><\/ul><\/div>\n<form action=\"\/pl\/wp-json\/wp\/v2\/pages\/11430#wpcf7-f11333-o1\" method=\"post\" class=\"wpcf7-form init\" aria-label=\"Contact form\" enctype=\"multipart\/form-data\" novalidate=\"novalidate\" data-status=\"init\">\n<fieldset class=\"hidden-fields-container\"><input type=\"hidden\" name=\"_wpcf7\" value=\"11333\" \/><input type=\"hidden\" name=\"_wpcf7_version\" value=\"6.1.5\" \/><input type=\"hidden\" name=\"_wpcf7_locale\" value=\"en_US\" \/><input type=\"hidden\" name=\"_wpcf7_unit_tag\" value=\"wpcf7-f11333-o1\" \/><input type=\"hidden\" name=\"_wpcf7_container_post\" value=\"0\" \/><input type=\"hidden\" name=\"_wpcf7_posted_data_hash\" value=\"\" \/><input type=\"hidden\" name=\"_wpcf7_recaptcha_response\" value=\"\" \/>\n<\/fieldset>\n<label >Tw\u00f3j \u017cyciorys : \n<span class=\"wpcf7-form-control-wrap\" data-name=\"file-863\"><input size=\"40\" class=\"wpcf7-form-control wpcf7-file wpcf7-validates-as-required\" accept=\".pdf\" aria-required=\"true\" aria-invalid=\"false\" type=\"file\" name=\"file-863\" \/><\/span><label>\n<input class=\"wpcf7-form-control wpcf7-submit has-spinner\" type=\"submit\" value=\"Prze\u015blij\" \/><div class=\"wpcf7-response-output\" aria-hidden=\"true\"><\/div>\n<\/form>\n<\/div>\n[\/vc_column_inner][vc_column_inner width=&#8221;1\/3&#8243;][vc_btn title=&#8221;Pobierz ofert\u0119 w formacie pdf&#8221; size=&#8221;lg&#8221; align=&#8221;center&#8221; link=&#8221;url:https%3A%2F%2Fespamob.com%2Fwp-content%2Fuploads%2F2021%2F10%2FOFFRE-RELATION-ENTREPRISES-ERASMUS-PL.pdf|||&#8221;][\/vc_column_inner][\/vc_row_inner][\/vc_column][\/vc_row]<\/p>\n<\/div>","protected":false},"excerpt":{"rendered":"<p>[vc_row][vc_column][vc_custom_heading text=&#8221;OFERTA ERASMUS + RELACJA Z FIRMAMI&#8221; font_container=&#8221;tag:h1|text_align:center&#8221; use_theme_fonts=&#8221;yes&#8221; css=&#8221;.vc_custom_1634903786766{padding-top: 2% !important;}&#8221;][vc_separator][vc_row_inner][vc_column_inner][vc_empty_space][\/vc_column_inner][\/vc_row_inner][vc_custom_heading text=&#8221;Kontekst przedsi\u0119biorstwa&#8221; font_container=&#8221;tag:h2|text_align:left|color:%23e30019&#8243;][vc_column_text css=&#8221;.vc_custom_1634903894328{padding-left: 6% !important;}&#8221;]Espamob\u2019 jest organizacj\u0105 partnersk\u0105 europejskich mobilno\u015bci Erasmus+. Przyjmujemy i koordynujemy projekty Erasmus+ ze wszystkich kraj\u00f3w europejskich, zapewniaj\u0105c wykwalifikowan\u0105 obs\u0142ug\u0119 i udan\u0105 mobilno\u015b\u0107. W naszej agencji b\u0119dziesz musia\u0142\/a wykorzysta\u0107 swoje umiej\u0119tno\u015bci, aby rozwija\u0107 najlepsze relacje z naszymi firmami partnerskimi<\/p>\n","protected":false},"author":2,"featured_media":0,"parent":0,"menu_order":0,"comment_status":"closed","ping_status":"closed","template":"","meta":{"footnotes":""},"class_list":["post-11430","page","type-page","status-publish","hentry"],"_links":{"self":[{"href":"https:\/\/espamob.com\/pl\/wp-json\/wp\/v2\/pages\/11430","targetHints":{"allow":["GET"]}}],"collection":[{"href":"https:\/\/espamob.com\/pl\/wp-json\/wp\/v2\/pages"}],"about":[{"href":"https:\/\/espamob.com\/pl\/wp-json\/wp\/v2\/types\/page"}],"author":[{"embeddable":true,"href":"https:\/\/espamob.com\/pl\/wp-json\/wp\/v2\/users\/2"}],"replies":[{"embeddable":true,"href":"https:\/\/espamob.com\/pl\/wp-json\/wp\/v2\/comments?post=11430"}],"version-history":[{"count":0,"href":"https:\/\/espamob.com\/pl\/wp-json\/wp\/v2\/pages\/11430\/revisions"}],"wp:attachment":[{"href":"https:\/\/espamob.com\/pl\/wp-json\/wp\/v2\/media?parent=11430"}],"curies":[{"name":"wp","href":"https:\/\/api.w.org\/{rel}","templated":true}]}}