{"id":11365,"date":"2021-10-21T12:03:24","date_gmt":"2021-10-21T12:03:24","guid":{"rendered":"https:\/\/www.espamob.com\/offres-de-stage-mkt-et-communication-espamob\/"},"modified":"2023-06-16T05:58:11","modified_gmt":"2023-06-16T05:58:11","slug":"offres-de-stage-mkt-et-communication-espamob","status":"publish","type":"page","link":"https:\/\/espamob.com\/pl\/offres-de-stage-mkt-et-communication-espamob\/","title":{"rendered":"OFFRES DE STAGE MKT ET COMMUNICATION ESPAMOB"},"content":{"rendered":"<div class=\"wpb-content-wrapper\"><p>[vc_row][vc_column][vc_custom_heading text=&#8221;Marketing cyfrowy\/komunikacia i koordynacia projektow&#8221; font_container=&#8221;tag:h1|text_align:center&#8221; use_theme_fonts=&#8221;yes&#8221; css=&#8221;.vc_custom_1634827962740{padding-top: 2% !important;}&#8221;][vc_separator][vc_video link=&#8221;https:\/\/www.youtube.com\/watch?v=nnLvkDAqiQ4&amp;ab_channel=Espamob%27-EuropeanMobilityProgram&#8221; el_width=&#8221;60&#8243; align=&#8221;center&#8221;][vc_row_inner][vc_column_inner][vc_empty_space][\/vc_column_inner][\/vc_row_inner][vc_custom_heading text=&#8221;Kontekst przedsi\u0119biorstwa&#8221; font_container=&#8221;tag:h2|text_align:left|color:%23e30019&#8243;][vc_column_text css=&#8221;.vc_custom_1634828080465{padding-left: 6% !important;}&#8221;]<span style=\"color: #999999;\" data-darkreader-inline-color=\"\">Espamob\u2019 jest organizacj\u0105 <strong>partnersk\u0105<\/strong> europejskich mobilno\u015bci Erasmus+. Przyjmujemy i koordynujemy projekty Erasmus+ ze wszystkich kraj\u00f3w europejskich, zapewniaj\u0105c wykwalifikowan\u0105 obs\u0142ug\u0119 i <strong>udan\u0105 mobilno\u015b\u0107<\/strong>.<\/span><\/p>\n<p><span style=\"color: #999999;\" data-darkreader-inline-color=\"\">W naszej firmie b\u0119dziesz musia\u0142 wykorzysta\u0107 swoje umiej\u0119tno\u015bci, aby zwi\u0119kszy\u0107 widoczno\u015b\u0107 i popularno\u015b\u0107 <\/span><\/p>\n<p><span style=\"color: #999999;\" data-darkreader-inline-color=\"\">Espamob\u2019 na rynku. Nasze biura znajduj\u0105 si\u0119 w biznesowej dzielnicy Barcelony, 200 metr\u00f3w od morza. Z przyjemno\u015bci\u0105 powitamy Ci\u0119 w naszym mi\u0119dzynarodowym zespole, je\u015bli spe\u0142nisz wszystkie nasze kryteria!W dziedzinie komunikacji i arketingu naszej firmy zostan\u0105 Ci powierzone r\u00f3\u017cnego rodzaju zadania:<\/span><\/p>\n<div id=\"simple-translate\">\n<div>\n<div class=\"simple-translate-button isShow\" style=\"background-image: url('moz-extension:\/\/e70d48cc-1379-4f58-afbb-4e126b80ad3d\/icons\/512.png'); height: 22px; width: 22px; top: 69px; left: 812px;\"><\/div>\n<div class=\"simple-translate-panel \" style=\"width: 300px; height: 200px; top: 0px; left: 0px; font-size: 13px; background-color: #181818;\">\n<div class=\"simple-translate-result-wrapper\" style=\"overflow: hidden;\">\n<div class=\"simple-translate-move\" draggable=\"true\"><\/div>\n<div class=\"simple-translate-result-contents\">\n<p class=\"simple-translate-candidate\" dir=\"auto\" style=\"color: #aaaaaa;\">\n<\/div>\n<\/div>\n<\/div>\n<\/div>\n<\/div>\n<p>[\/vc_column_text][vc_custom_heading text=&#8221;Misja sta\u017cu&#8221; font_container=&#8221;tag:h2|text_align:left|color:%23e30019&#8243;][vc_row_inner][vc_column_inner][vc_custom_heading text=&#8221;Marketing cyfrowy :&#8221; font_container=&#8221;tag:h3|text_align:left|color:%23000000&#8243; css=&#8221;.vc_custom_1634828093056{padding-left: 6% !important;}&#8221;][vc_column_text css=&#8221;.vc_custom_1634828225474{padding-left: 8% !important;}&#8221;]<span style=\"color: #999999;\" data-darkreader-inline-color=\"\">Marketing cyfrowy w Espamob&#8217; obejmuje kilka rodzaj\u00f3w misji. Od serwis\u00f3w spo\u0142eczno\u015bciowych, poprzez edycj\u0119 wideo, po kampanie mailingowe; cele, kt\u00f3re zostan\u0105 Ci wyznaczone, b\u0119d\u0105 zr\u00f3\u017cnicowane:<\/span><\/p>\n<ul>\n<li><span style=\"color: #999999;\" data-darkreader-inline-color=\"\">Zarz\u0105dzanie i rozw\u00f3j medi\u00f3w spo\u0142eczno\u015bciowych<\/span><\/li>\n<li><span style=\"color: #999999;\" data-darkreader-inline-color=\"\">Projekt kalendarza publikacji<\/span><\/li>\n<li><span style=\"color: #999999;\" data-darkreader-inline-color=\"\">Zarz\u0105dzanie grupami w serwisach spo\u0142eczno\u015bciowych<\/span><\/li>\n<li><span style=\"color: #999999;\" data-darkreader-inline-color=\"\">Komunikacja zewn\u0119trzna poprzez mailingi<\/span><span style=\"color: #999999;\" data-darkreader-inline-color=\"\">(planowanie, pisanie, projektowanie, zarz\u0105dzanie baz\u0105 danych, analiza wynik\u00f3w i retencja)<\/span><\/li>\n<li><span style=\"color: #999999;\" data-darkreader-inline-color=\"\">Tworzenie i edycja film\u00f3w YouTube<\/span><\/li>\n<li><span style=\"color: #999999;\" data-darkreader-inline-color=\"\">Tworzenie tre\u015bci internetowych<\/span><\/li>\n<li><span style=\"color: #999999;\" data-darkreader-inline-color=\"\">Zarz\u0105dzanie artyku\u0142ami WordPress<\/span><\/li>\n<li><span style=\"color: #999999;\" data-darkreader-inline-color=\"\">Optymalizacja SEO<\/span><\/li>\n<\/ul>\n<p>[\/vc_column_text][vc_custom_heading text=&#8221;Planowanie i koordynacja mobilno\u015bci :&#8221; font_container=&#8221;tag:h3|text_align:left|color:%23000000&#8243; css=&#8221;.vc_custom_1634828103875{padding-left: 6% !important;}&#8221;][vc_column_text css=&#8221;.vc_custom_1634828352701{padding-left: 8% !important;}&#8221;]<span style=\"color: #999999;\" data-darkreader-inline-color=\"\">Espamob&#8217; d\u0105\u017cy do spe\u0142nienia wymaga\u0144 partner\u00f3w dzi\u0119ki swojemu do\u015bwiadczeniu w organizacji mobilno\u015bci. Podczas sta\u017cu w naszej firmie b\u0119d\u0105 Ci powierzone r\u00f3\u017cne zadania odno\u015bnie planowania mobilno\u015bci:<\/span><\/p>\n<ul>\n<li><span style=\"color: #999999;\" data-darkreader-inline-color=\"\"><strong>Relacje<\/strong> z r\u00f3\u017cnymi dostawcami<\/span><\/li>\n<li><span style=\"color: #999999;\" data-darkreader-inline-color=\"\">Inteligentna <strong>prospekcja<\/strong><\/span><\/li>\n<li><span style=\"color: #999999;\" data-darkreader-inline-color=\"\"><strong>Prezentacja<\/strong> us\u0142ugi i negocjacje handlowe<\/span><\/li>\n<li><span style=\"color: #999999;\" data-darkreader-inline-color=\"\"><strong>Przyjmowanie<\/strong> grup<\/span><\/li>\n<li><span style=\"color: #999999;\" data-darkreader-inline-color=\"\"><strong>Towarzyszenie<\/strong> uczestnikom mobilno\u015bci w ich pierwszym dniu w firmie<\/span><\/li>\n<li><span style=\"color: #999999;\" data-darkreader-inline-color=\"\"><strong>Tworzenie<\/strong> pakiet\u00f3w powitalnych<\/span><\/li>\n<li><span style=\"color: #999999;\" data-darkreader-inline-color=\"\"><strong>Sporz\u0105dzanie<\/strong> ofert i um\u00f3w handlowych<\/span><\/li>\n<\/ul>\n<div id=\"simple-translate\">\n<div>\n<div class=\"simple-translate-button isShow\" style=\"background-image: url('moz-extension:\/\/e70d48cc-1379-4f58-afbb-4e126b80ad3d\/icons\/512.png'); height: 22px; width: 22px; top: 141px; left: 77px;\"><\/div>\n<div class=\"simple-translate-panel \" style=\"width: 300px; height: 200px; top: 0px; left: 0px; font-size: 13px; background-color: #181818;\">\n<div class=\"simple-translate-result-wrapper\" style=\"overflow: hidden;\">\n<div class=\"simple-translate-move\" draggable=\"true\"><\/div>\n<div class=\"simple-translate-result-contents\">\n<p class=\"simple-translate-candidate\" dir=\"auto\" style=\"color: #aaaaaa;\">\n<\/div>\n<\/div>\n<\/div>\n<\/div>\n<\/div>\n<p>[\/vc_column_text][\/vc_column_inner][\/vc_row_inner][vc_custom_heading text=&#8221;Poszukiwany profil :&#8221; font_container=&#8221;tag:h2|text_align:left|color:%23e30019&#8243;][vc_column_text css=&#8221;.vc_custom_1634828429473{padding-left: 8% !important;}&#8221;]<span style=\"color: #999999;\" data-darkreader-inline-color=\"\">Na ten sta\u017c poszukujemy studenta\/tki w szkole <strong>biznesu<\/strong> lub komunikacji i <strong>marketingu cyfrowego<\/strong>. Wcze\u015bniejsze do\u015bwiadczenie b\u0119dzie plusem. Musi to by\u0107 osoba zmotywowana, wszechstronna i niezale\u017cna- szukamy kogo\u015b <strong>wyj\u0105tkowego<\/strong>.<\/span><\/p>\n<p><span style=\"color: #999999;\" data-darkreader-inline-color=\"\">Wymaganych b\u0119dzie kilka typ\u00f3w umiej\u0119tno\u015bci:<\/span>[\/vc_column_text][vc_row_inner][vc_column_inner][vc_custom_heading text=&#8221;Umiej\u0119tno\u015bci techniczne :<br \/>\n&#8221; font_container=&#8221;tag:h3|text_align:left&#8221; css=&#8221;.vc_custom_1634828441212{padding-left: 6% !important;}&#8221;][vc_column_text css=&#8221;.vc_custom_1634828514681{padding-left: 8% !important;}&#8221;]<\/p>\n<ul>\n<li><span style=\"color: #999999;\" data-darkreader-inline-color=\"\">WordPress<\/span><\/li>\n<li><span style=\"color: #999999;\" data-darkreader-inline-color=\"\">Adobe Suite, Canva, Mailshimp<\/span><\/li>\n<li><span style=\"color: #999999;\" data-darkreader-inline-color=\"\">Oprogramowanie do edycji wideo<\/span><\/li>\n<li><span style=\"color: #999999;\" data-darkreader-inline-color=\"\">Bezb\u0142\u0119dna pisownia<\/span><\/li>\n<li><span style=\"color: #999999;\" data-darkreader-inline-color=\"\">T\u0142umaczenie artyku\u0142\u00f3w<\/span><\/li>\n<li><span style=\"color: #999999;\" data-darkreader-inline-color=\"\">J\u0119zyk francuski, hiszpa\u0144ski i angielski na poziomie B2-C<\/span><\/li>\n<\/ul>\n<p>[\/vc_column_text][vc_custom_heading text=&#8221;Umiej\u0119tno\u015bci funkcjonalne :&#8221; font_container=&#8221;tag:h3|text_align:left&#8221; css=&#8221;.vc_custom_1634828450760{padding-left: 6% !important;}&#8221;][vc_column_text css=&#8221;.vc_custom_1634828589255{padding-left: 8% !important;}&#8221;]<\/p>\n<ul>\n<li><span style=\"color: #999999;\" data-darkreader-inline-color=\"\">osoba zmotywowana<\/span><\/li>\n<li><span style=\"color: #999999;\" data-darkreader-inline-color=\"\">przyjazna i u\u015bmiechni\u0119ta<\/span><\/li>\n<li><span style=\"color: #999999;\" data-darkreader-inline-color=\"\">niezale\u017cna<\/span><\/li>\n<li><span style=\"color: #999999;\" data-darkreader-inline-color=\"\">o silnej inicjatywie<\/span><\/li>\n<\/ul>\n<p>[\/vc_column_text][\/vc_column_inner][\/vc_row_inner][\/vc_column][\/vc_row][vc_row][vc_column width=&#8221;1\/3&#8243;][\/vc_column][vc_column width=&#8221;1\/3&#8243;]\n<div class=\"wpcf7 no-js\" id=\"wpcf7-f11331-o1\" lang=\"en-US\" dir=\"ltr\" data-wpcf7-id=\"11331\">\n<div class=\"screen-reader-response\"><p role=\"status\" aria-live=\"polite\" aria-atomic=\"true\"><\/p> <ul><\/ul><\/div>\n<form action=\"\/pl\/wp-json\/wp\/v2\/pages\/11365#wpcf7-f11331-o1\" method=\"post\" class=\"wpcf7-form init\" aria-label=\"Contact form\" enctype=\"multipart\/form-data\" novalidate=\"novalidate\" data-status=\"init\">\n<fieldset class=\"hidden-fields-container\"><input type=\"hidden\" name=\"_wpcf7\" value=\"11331\" \/><input type=\"hidden\" name=\"_wpcf7_version\" value=\"6.1.5\" \/><input type=\"hidden\" name=\"_wpcf7_locale\" value=\"en_US\" \/><input type=\"hidden\" name=\"_wpcf7_unit_tag\" value=\"wpcf7-f11331-o1\" \/><input type=\"hidden\" name=\"_wpcf7_container_post\" value=\"0\" \/><input type=\"hidden\" name=\"_wpcf7_posted_data_hash\" value=\"\" \/><input type=\"hidden\" name=\"_wpcf7_recaptcha_response\" value=\"\" \/>\n<\/fieldset>\n<label >Tw\u00f3j \u017cyciorys: \n<span class=\"wpcf7-form-control-wrap\" data-name=\"file-863\"><input size=\"40\" class=\"wpcf7-form-control wpcf7-file wpcf7-validates-as-required\" accept=\".pdf\" aria-required=\"true\" aria-invalid=\"false\" type=\"file\" name=\"file-863\" \/><\/span><label>\n<input class=\"wpcf7-form-control wpcf7-submit has-spinner\" type=\"submit\" value=\"Prze\u015blij\" \/><div class=\"wpcf7-response-output\" aria-hidden=\"true\"><\/div>\n<\/form>\n<\/div>\n[\/vc_column][vc_column width=&#8221;1\/3&#8243;][vc_btn title=&#8221;Pobierz ofert\u0119 w pdf&#8221; size=&#8221;lg&#8221; align=&#8221;center&#8221; link=&#8221;url:https%3A%2F%2Fespamob.com%2Fwp-content%2Fuploads%2F2021%2F10%2FDigital-marketing-communication-and-project-coordination-PL.pdf|||&#8221;][\/vc_column][\/vc_row]<\/p>\n<\/div>","protected":false},"excerpt":{"rendered":"<p>[vc_row][vc_column][vc_custom_heading text=&#8221;Marketing cyfrowy\/komunikacia i koordynacia projektow&#8221; font_container=&#8221;tag:h1|text_align:center&#8221; use_theme_fonts=&#8221;yes&#8221; css=&#8221;.vc_custom_1634827962740{padding-top: 2% !important;}&#8221;][vc_separator][vc_video link=&#8221;https:\/\/www.youtube.com\/watch?v=nnLvkDAqiQ4&amp;ab_channel=Espamob%27-EuropeanMobilityProgram&#8221; el_width=&#8221;60&#8243; align=&#8221;center&#8221;][vc_row_inner][vc_column_inner][vc_empty_space][\/vc_column_inner][\/vc_row_inner][vc_custom_heading text=&#8221;Kontekst przedsi\u0119biorstwa&#8221; font_container=&#8221;tag:h2|text_align:left|color:%23e30019&#8243;][vc_column_text css=&#8221;.vc_custom_1634828080465{padding-left: 6% !important;}&#8221;]Espamob\u2019 jest organizacj\u0105 partnersk\u0105 europejskich mobilno\u015bci Erasmus+. Przyjmujemy i koordynujemy projekty Erasmus+ ze wszystkich kraj\u00f3w europejskich, zapewniaj\u0105c wykwalifikowan\u0105 obs\u0142ug\u0119 i udan\u0105 mobilno\u015b\u0107. W naszej firmie b\u0119dziesz musia\u0142 wykorzysta\u0107 swoje umiej\u0119tno\u015bci, aby zwi\u0119kszy\u0107 widoczno\u015b\u0107 i popularno\u015b\u0107 Espamob\u2019<\/p>\n","protected":false},"author":2,"featured_media":0,"parent":0,"menu_order":0,"comment_status":"closed","ping_status":"closed","template":"","meta":{"footnotes":""},"class_list":["post-11365","page","type-page","status-publish","hentry"],"_links":{"self":[{"href":"https:\/\/espamob.com\/pl\/wp-json\/wp\/v2\/pages\/11365","targetHints":{"allow":["GET"]}}],"collection":[{"href":"https:\/\/espamob.com\/pl\/wp-json\/wp\/v2\/pages"}],"about":[{"href":"https:\/\/espamob.com\/pl\/wp-json\/wp\/v2\/types\/page"}],"author":[{"embeddable":true,"href":"https:\/\/espamob.com\/pl\/wp-json\/wp\/v2\/users\/2"}],"replies":[{"embeddable":true,"href":"https:\/\/espamob.com\/pl\/wp-json\/wp\/v2\/comments?post=11365"}],"version-history":[{"count":0,"href":"https:\/\/espamob.com\/pl\/wp-json\/wp\/v2\/pages\/11365\/revisions"}],"wp:attachment":[{"href":"https:\/\/espamob.com\/pl\/wp-json\/wp\/v2\/media?parent=11365"}],"curies":[{"name":"wp","href":"https:\/\/api.w.org\/{rel}","templated":true}]}}