{"id":8976,"date":"2016-12-22T09:23:07","date_gmt":"2016-12-22T09:23:07","guid":{"rendered":"https:\/\/www.espamob.com\/politica-de-privacidad\/"},"modified":"2023-06-16T05:57:51","modified_gmt":"2023-06-16T05:57:51","slug":"politica-de-privacidad","status":"publish","type":"page","link":"https:\/\/espamob.com\/it\/politica-de-privacidad\/","title":{"rendered":"Pol\u00edtica de privacidad"},"content":{"rendered":"<div class=\"wpb-content-wrapper\"><p>[vc_row][vc_column][vc_custom_heading text=&#8221;Privacy Policy&#8221; font_container=&#8221;tag:h1|text_align:left&#8221; use_theme_fonts=&#8221;yes&#8221;][vc_separator][vc_column_text]<\/p>\n<p class=\"p1\">I siti web di Espamob.com (collettivamente per \u201cEspamob.com\u201d nel seguente documento) si riferiscono ai siti subordinati di Espamob.com\/eu, Espamob.com\/fr, Espamob.com\/it, Espamob.com\/pl,<span class=\"Apple-converted-space\">\u00a0 <\/span>Espamob.com\/de, e relativi domini e sottodomini.<\/p>\n<p>\u00a0[\/vc_column_text][\/vc_column][\/vc_row][vc_row][vc_column][vc_custom_heading text=&#8221;Visitatori del Sito Web&#8221; use_theme_fonts=&#8221;yes&#8221;][vc_separator][vc_column_text]<\/p>\n<p class=\"p1\" style=\"text-align: justify;\">Come la maggior parte degli operatori di siti Web, Espamob.com raccoglie informazioni non identificative personali. Ci\u00f2 che pi\u00f9 ci sta a cuore \u00e8 analizzare e riportare come e quanto il nostro sito web sia<span class=\"Apple-converted-space\">\u00a0 <\/span>utilizzato. La lingua preferita, il sito di riferimento e la data e l&#8217;ora di ogni richiesta di visitatore sono tra i vari criteri di cui Espamob si serve per continuare a migliorare il proprio sito web. Lo scopo di Espamob.com nella raccolta di informazioni di identificazione non personale \u00e8 capire meglio come i visitatori di Espamob.com utilizzano il suo sito web. Di tanto in tanto, Espamob.com pu\u00f2 rilasciare informazioni non identificative personali nell&#8217;aggregato, ad esempio, pubblicando un rapporto sulle tendenze nell&#8217;utilizzo del proprio sito.<\/p>\n<p class=\"p1\" style=\"text-align: justify;\">Espamob.com raccoglie anche informazioni potenzialmente identificative personali come indirizzi IP (Internet Protocol). Espamob.com non utilizza tali informazioni per identificare i propri visitatori e non divulga tali informazioni, se non nelle stesse circostanze in cui utilizza e divulga informazioni di identificazione personale, come descritto di seguito.<\/p>\n<p>[\/vc_column_text][\/vc_column][\/vc_row][vc_row][vc_column][vc_custom_heading text=&#8221;Raccolta di informazioni di identificazione personale&#8221; use_theme_fonts=&#8221;yes&#8221;][vc_separator][vc_column_text]<\/p>\n<p style=\"text-align: justify;\"><span style=\"font-weight: 400;\">Alcuni visitatori di Espamob.com scelgono di interagire attraverso modi che ci permettono di raccogliere informazioni di identificazione personale. La quantit\u00e0 e il tipo di informazioni che Espamob.com raccoglie dipende dalla natura dell&#8217;interazione. Ad esempio, chiediamo ai visitatori che utilizzano i nostri forum di fornire un nome utente e un indirizzo email. In ogni caso, Espamob.com raccoglie tali informazioni solo nella misura necessaria o appropriata per soddisfare lo scopo dell&#8217;interazione del visitatore con il sito web. Espamob.com non divulga informazioni di identificazione personale diverse da quelle descritte. I visitatori possono sempre rifiutarsi di fornire informazioni personali, con l&#8217;avvertenza che potrebbe impedire loro di impegnarsi in determinate attivit\u00e0 legate al sito web.<\/span><\/p>\n<p>\u00a0[\/vc_column_text][\/vc_column][\/vc_row][vc_row][vc_column][vc_custom_heading text=&#8221;Un insieme di statistiche&#8221; use_theme_fonts=&#8221;yes&#8221;][vc_separator][vc_column_text]<\/p>\n<p style=\"text-align: justify;\"><span style=\"font-weight: 400;\">Espamob.com pu\u00f2 raccogliere statistiche sul comportamento dei visitatori dei suoi siti web. Ad esempio, Espamob.com pu\u00f2 rivelare quanti download ha ottenuto una determinata versione, o dire quali sono i plugin pi\u00f9 popolari basati sui controlli di api.Espamob.com, un servizio web utilizzato dalle installazioni Espamob per verificare la presenza di nuove versioni e plugin. Tuttavia, il sito web non divulga informazioni di identificazione personale diverse da quelle descritte.<\/span><\/p>\n<p>\u00a0[\/vc_column_text][\/vc_column][\/vc_row][vc_row][vc_column][vc_custom_heading text=&#8221;Protezione della Raccolta di Informazioni Personali &#8221; use_theme_fonts=&#8221;yes&#8221;][vc_separator][vc_column_text]<\/p>\n<p style=\"text-align: justify;\"><span style=\"font-weight: 400;\">Espamob.com rivela informazioni potenzialmente identificative personali e identificative personali solo a quelle dei suoi dipendenti, appaltatori e organizzazioni affiliate che (i) hanno bisogno di conoscere tali informazioni per processarle per conto di Espamob.com o per fornire servizi disponibili su Espamob.com e (ii) che hanno accettato di non rivelarlo ad altri.<br \/>\nAlcuni di questi dipendenti, appaltatori e organizzazioni affiliate possono trovarsi al di fuori del proprio Paese; usando Espamob.com, acconsenti al trasferimento di tali informazioni anche loro.<br \/>\nEspamob.com non affitter\u00e0 n\u00e9 vender\u00e0 potenziali informazioni personali e informazioni identificative personali a nessuno; fatta eccezione per i suoi dipendenti, appaltatori e organizzazioni affiliate, come descritto sopra. Espamob.com rivela informazioni potenzialmente personali di identificazione personale e di identificazione personale solo quando richiesto dalla legge, o quando Espamob.com ritiene in buona fede che la divulgazione sia ragionevolmente necessario per proteggere la propriet\u00e0 o i diritti di Espamob.com, di terze parti o del pubblico in generale. Se sei un utente registrato di un sito web Espamob.com e hai fornito il tuo indirizzo email, Espamob.com potrebbe occasionalmente inviarti un&#8217;email per informarti sulle nuove funzionalit\u00e0, sollecitare il tuo feedback o semplicemente aggiornarti su ci\u00f2 che sta succedendo con Espamob.com e i nostri prodotti. Utilizziamo principalmente il nostro blog per comunicare questo tipo di informazioni, quindi ci aspettiamo di mantenere questo tipo di email al minimo sindacale ove non possibile comunicare altrimenti. Se ci invii una richiesta (ad esempio tramite un&#8217;e-mail di supporto o tramite uno dei nostri meccanismi di feedback), ci riserviamo il diritto di pubblicarla per aiutarci a chiarire o rispondere alla tua richiesta o per aiutarci a supportare altri utenti. Espamob.com prende tutte le misure ragionevolmente necessarie per proteggere contro l&#8217;accesso non autorizzato, l&#8217;uso, l&#8217;alterazione o la distruzione di informazioni potenzialmente identificative e di identificazione personale.<\/span><\/p>\n<p>\u00a0[\/vc_column_text][\/vc_column][\/vc_row][vc_row][vc_column][vc_custom_heading text=&#8221;Cookies&#8221; use_theme_fonts=&#8221;yes&#8221;][vc_separator][vc_column_text]<\/p>\n<p style=\"text-align: justify;\"><span style=\"font-weight: 400;\">Un cookie \u00e8 una stringa di informazioni che un sito Web memorizza sul computer di un visitatore e che il browser del visitatore fornisce al sito Web ogni volta che il visitatore torna. Espamob.com utilizza i cookie per aiutare Espamob.com a identificare e monitorare i visitatori, il loro utilizzo di Espamob.com e le loro preferenze di accesso al sito Web. I visitatori di Espamob.com che non desiderano che i cookie vengano inseriti nei loro computer devono impostare il browser in modo da rifiutare i cookie prima di utilizzare i siti web di Espamob.com, con l&#8217;inconveniente che alcune funzionalit\u00e0 dei siti Web di Espamob.com potrebbero non funzionare correttamente senza l&#8217;ausilio di cookie.<\/span><\/p>\n<p>\u00a0[\/vc_column_text][\/vc_column][\/vc_row][vc_row][vc_column][vc_custom_heading text=&#8221;Modifiche all\u2019informativa sulla Privacy&#8221; use_theme_fonts=&#8221;yes&#8221;][vc_separator][vc_column_text]<\/p>\n<p style=\"text-align: justify;\"><span style=\"font-weight: 400;\">Sebbene la maggior parte delle modifiche possa essere di secondaria importanza, Espamob.com pu\u00f2 modificare la sua Informativa sulla privacy di volta in volta, e si mantiene l\u2019esclusiva discrezione. Espamob.com incoraggia i visitatori a controllare frequentemente questa pagina per eventuali modifiche alla sua Informativa sulla privacy. L&#8217;uso continuato di questo sito dopo qualsiasi modifica alla presente Informativa sulla privacy costituir\u00e0 l&#8217;accettazione di tale modifica.<\/span><\/p>\n<p>\u00a0[\/vc_column_text][\/vc_column][\/vc_row]<\/p>\n<\/div>","protected":false},"excerpt":{"rendered":"<p>[vc_row][vc_column][vc_custom_heading text=&#8221;Privacy Policy&#8221; font_container=&#8221;tag:h1|text_align:left&#8221; use_theme_fonts=&#8221;yes&#8221;][vc_separator][vc_column_text] I siti web di Espamob.com (collettivamente per \u201cEspamob.com\u201d nel seguente documento) si riferiscono ai siti subordinati di Espamob.com\/eu, Espamob.com\/fr, Espamob.com\/it, Espamob.com\/pl,\u00a0 Espamob.com\/de, e relativi domini e sottodomini. \u00a0[\/vc_column_text][\/vc_column][\/vc_row][vc_row][vc_column][vc_custom_heading text=&#8221;Visitatori del Sito Web&#8221; use_theme_fonts=&#8221;yes&#8221;][vc_separator][vc_column_text] Come la maggior parte degli operatori di siti Web, Espamob.com raccoglie informazioni non identificative personali. Ci\u00f2 che<\/p>\n","protected":false},"author":1,"featured_media":0,"parent":0,"menu_order":0,"comment_status":"closed","ping_status":"closed","template":"","meta":{"footnotes":""},"class_list":["post-8976","page","type-page","status-publish","hentry"],"_links":{"self":[{"href":"https:\/\/espamob.com\/it\/wp-json\/wp\/v2\/pages\/8976","targetHints":{"allow":["GET"]}}],"collection":[{"href":"https:\/\/espamob.com\/it\/wp-json\/wp\/v2\/pages"}],"about":[{"href":"https:\/\/espamob.com\/it\/wp-json\/wp\/v2\/types\/page"}],"author":[{"embeddable":true,"href":"https:\/\/espamob.com\/it\/wp-json\/wp\/v2\/users\/1"}],"replies":[{"embeddable":true,"href":"https:\/\/espamob.com\/it\/wp-json\/wp\/v2\/comments?post=8976"}],"version-history":[{"count":0,"href":"https:\/\/espamob.com\/it\/wp-json\/wp\/v2\/pages\/8976\/revisions"}],"wp:attachment":[{"href":"https:\/\/espamob.com\/it\/wp-json\/wp\/v2\/media?parent=8976"}],"curies":[{"name":"wp","href":"https:\/\/api.w.org\/{rel}","templated":true}]}}