{"id":8971,"date":"2016-12-07T11:28:19","date_gmt":"2016-12-07T11:28:19","guid":{"rendered":"https:\/\/www.espamob.com\/practicas-de-movilidad-en-espana\/"},"modified":"2023-11-21T16:13:21","modified_gmt":"2023-11-21T16:13:21","slug":"spagna","status":"publish","type":"page","link":"https:\/\/espamob.com\/it\/spagna\/","title":{"rendered":"Spagna"},"content":{"rendered":"<div class=\"wpb-content-wrapper\"><p>[vc_row css=&#8221;.vc_custom_1700411672483{margin-top: -20px !important;background-image: url(https:\/\/espamob.com\/wp-content\/uploads\/2023\/11\/Spagna-1.webp?id=20543) !important;background-position: center !important;background-repeat: no-repeat !important;background-size: cover !important;}&#8221; conditional_render=&#8221;%5B%7B%22value_role%22%3A%22administrator%22%7D%5D&#8221;][vc_column][vc_empty_space height=&#8221;220&#8243;][vc_custom_heading text=&#8221;Spagna: 1\u00b0 destinazione per i tirocini Erasmus Plus&#8221; font_container=&#8221;tag:h1|font_size:27|text_align:center|color:%23ffffff&#8221; use_theme_fonts=&#8221;yes&#8221; el_class=&#8221;h1blancocentro&#8221; css=&#8221;.vc_custom_1700495702523{background-color: rgba(136,136,136,0.3) !important;*background-color: rgb(136,136,136) !important;}&#8221;][vc_empty_space height=&#8221;15&#8243;][\/vc_column][\/vc_row][vc_row awb_type=&#8221;image&#8221; awb_stretch=&#8221;1&#8243; css=&#8221;.vc_custom_1637858238286{margin-top: -20px !important;}&#8221;][vc_column][vc_empty_space height=&#8221;40&#8243;][vc_wp_text]<\/p>\n<nav aria-label=\"breadcrumb\">\n<ol class=\"breadcrumb\">\n<li class=\"breadcrumb-item\"><a href=\"https:\/\/espamob.com\/it\/\">Home<\/a><\/li>\n<li class=\"breadcrumb-item active\" aria-current=\"page\">Tirocini formativi in Spagna<\/li>\n<\/ol>\n<\/nav>\n<p>[\/vc_wp_text][\/vc_column][\/vc_row][vc_row][vc_column width=&#8221;2\/3&#8243;][vc_custom_heading text=&#8221;Erasmus Plus in Spagna: le 4 destinazioni pi\u00f9 incredibili&#8221; use_theme_fonts=&#8221;yes&#8221; css=&#8221;.vc_custom_1700495733971{margin-bottom: 15px !important;}&#8221;][vc_separator][vc_column_text]<a href=\"https:\/\/www.spain.info\/it\" target=\"_blank\" rel=\"noopener\">Spagna<\/a>: grazie al suo dinamismo, \u00e8 diventata uno dei protagonisti dei programmi di mobilit\u00e0 europei e un vero e proprio paradiso culturale, essenziale per i programmi di mobilit\u00e0 europea Erasmus Plus.<\/p>\n<p>La sua lingua Don Chisciotte \u00e8 la seconda pi\u00f9 parlata al mondo e la terza pi\u00f9 parlata nel mondo degli affari. Con il suo clima mediterraneo e la sua capacit\u00e0 turistica, la Spagna offre ai partecipanti l&#8217;opportunit\u00e0 di sfruttare la modernit\u00e0 e l&#8217;autenticit\u00e0 delle sue infrastrutture nelle regioni mediterranee.<\/p>\n<p>Grazie all&#8217;esperienza di <a href=\"https:\/\/www.ies-consulting.com\/it\" target=\"_blank\" rel=\"noopener\">IES Consulting Group<\/a>, che dal 2005 ha sviluppato un&#8217;ampia rete di aziende partner per i tirocini finanziati dai programmi Erasmus Plus, Espamob&#8217; offre oggi tutti gli strumenti necessari per realizzare progetti di mobilit\u00e0. Diamo ai partecipanti l&#8217;opportunit\u00e0 di acquisire nuove competenze professionali e personali.<\/p>\n<p>Venite a scoprire la Spagna, questo affascinante Paese europeo, ed esplorate le nostre eccezionali destinazioni per la vostra mobilit\u00e0. Se volete migliorare le vostre competenze professionali, sviluppare la vostra rete internazionale o semplicemente vivere un&#8217;esperienza culturale unica, la Spagna \u00e8 la destinazione ideale per la vostra mobilit\u00e0 Erasmus plus. Con Espamob&#8217;, vi offriamo un&#8217;esperienza di tirocinio su misura, adatta alle vostre esigenze e aspirazioni. <a href=\"https:\/\/espamob.com\/it\/contacto-con-nuestro-equipo-de-movilidad\">Contattateci<\/a> subito per saperne di pi\u00f9 sulle nostre destinazioni di stage in Spagna e iniziate a pianificare il vostro indimenticabile viaggio di stage.[\/vc_column_text][vc_row_inner][vc_column_inner width=&#8221;1\/2&#8243;]<div id=\"modal-trg-txt-wrap-5212\" class=\"ult-modal-input-wrapper ult-adjust-bottom-margin    \" data-keypress-control=\"keypress-control-enable\" data-overlay-control=\"overlay-control-enable\"><button  data-ultimate-target='#modal-trg-txt-wrap-5212 .btn-modal'  data-responsive-json-new='{\"font-size\":\"\",\"line-height\":\"\"}'  style=\"background:#e2001a;border-color:#e2001a;color:#FFFFFF; \" data-class-id=\"content-69e8225510a562-62715783\" class=\"btn-modal ult-responsive btn-primary btn-modal-md overlay-show ult-align-center btn-id-69e8225510a562-62715783\" data-overlay-class=\"overlay-cornerbottomleft\">Richiedi un preventivo gratuito<\/button><\/div>\n<div class=\"ult-overlay content-69e8225510a562-62715783 \" data-class=\"content-69e8225510a562-62715783\" id=\"button-click-overlay\" style=\"background:rgba(51,51,51,0.8); display:none;\">\n\t<div class=\"ult_modal ult-fade ult-medium\">\n\t\t<div id=\"ult-modal-wrap-9079\" class=\"ult_modal-content ult-hide\" style=\"border-style:solid;border-width:2px;border-radius:0px;border-color:#333333;\">\n\t\t\t<div class=\"ult_modal-header\" style=\"color:#333333;border-color:#333333;\">\n\t\t\t\t<h3  data-ultimate-target='#ult-modal-wrap-9079 .ult_modal-title'  data-responsive-json-new='{\"font-size\":\"\",\"line-height\":\"\"}'  class=\"ult_modal-title ult-responsive\">Richiedi un preventivo gratuito<\/h3>\n\t\t\t<\/div>\n\t\t\t<div  data-ultimate-target='#ult-modal-wrap-9079 .ult_modal-body'  data-responsive-json-new='{\"font-size\":\"\",\"line-height\":\"\"}'  class=\"ult_modal-body ult-responsive ult-html\" style=\"\">\n\t\t\t<\/p>\n<p>[caldera_form id=&#8221;CF61499d9470acd&#8221;]<\/p>\n<p>\n\t\t\t<\/div>\n\t<\/div>\n\t<\/div>\n\t<div class=\"ult-overlay-close top-right\" style=\"width:80px;height:80px; \"><div class=\"ult-overlay-close-inside\">Close<\/div><\/div>\n<\/div>[\/vc_column_inner][vc_column_inner width=&#8221;1\/2&#8243;][vc_btn title=&#8221;Contatta un esperto&#8221; style=&#8221;custom&#8221; custom_background=&#8221;#e2001a&#8221; custom_text=&#8221;#ffffff&#8221; size=&#8221;lg&#8221; align=&#8221;center&#8221; link=&#8221;url:https%3A%2F%2Fespamob.com%2Fit%2Fcontacto-con-nuestro-equipo-de-movilidad|title:Contacto&#8221;][\/vc_column_inner][\/vc_row_inner][\/vc_column][vc_column width=&#8221;1\/3&#8243;][vc_custom_heading text=&#8221;Barcellona&#8221; use_theme_fonts=&#8221;yes&#8221; css=&#8221;.vc_custom_1546591730084{margin-bottom: 15px !important;}&#8221;][vc_separator][vc_column_text]<a href=\"https:\/\/espamob.com\/it\/spagna\/barcellona\">Barcellona<\/a> \u00e8 una delle principali destinazioni per gli studenti Erasmus Plus alla ricerca di un&#8217;esperienza di tirocinio indimenticabile. Espamob&#8217; \u00e8 specializzata nell&#8217;organizzazione di tirocini Erasmus Plus su misura a Barcellona, offrendo un&#8217;<a href=\"https:\/\/espamob.com\/it\/settori-stage-aziende-erasmusplus\">ampia scelta di settori di tirocinio<\/a>, dalle industrie creative all&#8217;alta tecnologia, dal turismo al commercio e alla finanza.<\/p>\n<p>Lavoriamo a stretto contatto con i nostri partner locali per offrirvi un&#8217;esperienza di tirocinio unica, adatta alle vostre esigenze e aspirazioni di carriera. Che vogliate migliorare il vostro spagnolo, sviluppare le vostre competenze professionali o immergervi in una cultura diversa, il nostro team di esperti vi supporter\u00e0 in ogni fase del vostro tirocinio Erasmus Plus a Barcellona. <a href=\"https:\/\/espamob.com\/it\/contacto-con-nuestro-equipo-de-movilidad\">Contattateci<\/a> subito per iniziare il vostro entusiasmante tirocinio a Barcellona.[\/vc_column_text][\/vc_column][\/vc_row][vc_row][vc_column][vc_custom_heading text=&#8221;Stage e mobilit\u00e0 Erasmus a Barcellona&#8221; use_theme_fonts=&#8221;yes&#8221; css=&#8221;.vc_custom_1700495873419{margin-bottom: 15px !important;}&#8221;][vc_separator][vc_row_inner][vc_column_inner width=&#8221;1\/2&#8243;][vc_single_image image=&#8221;7752&#8243; img_size=&#8221;560&#215;240&#8243;][\/vc_column_inner][vc_column_inner width=&#8221;1\/2&#8243;][vc_column_text]La Catalogna \u00e8 una regione autonoma spagnola che si estende su una superficie di circa 32.000 km\u00b2 e confina a nord con il confine francese e la citt\u00e0 di Andorra, a est con il mare Mediterraneo, a sud con il confine regionale di Valencia e a ovest con il confine regionale di Aragon.<\/p>\n<p>Barcellona, con oltre 1,6 milioni di abitanti, \u00e8 la seconda citt\u00e0 pi\u00f9 grande della Spagna e una destinazione popolare per i tirocini Erasmus Plus in Spagna.<\/p>\n<p>La citt\u00e0 \u00e8 rinomata per il suo fiorente settore industriale, oltre che per l&#8217;edilizia, i servizi e il turismo. Questi settori sono la principale fonte di reddito di Barcellona e la rendono una destinazione ideale per il vostro tirocinio Erasmus Plus in Spagna.<\/p>\n<p>Lingue locali: spagnolo e catalano[\/vc_column_text][vc_btn title=&#8221;Per saperne di pi\u00f9&#8221; style=&#8221;custom&#8221; custom_background=&#8221;#e3001a&#8221; custom_text=&#8221;#ffffff&#8221; shape=&#8221;rounded&#8221; align=&#8221;left&#8221; link=&#8221;url:https%3A%2F%2Fespamob.com%2Fit%2Fspagna%2Fbarcellona%2F&#8221;][\/vc_column_inner][\/vc_row_inner][\/vc_column][\/vc_row][vc_row][vc_column][vc_custom_heading text=&#8221;Stage e mobilit\u00e0 Erasmus a Valencia&#8221; google_fonts=&#8221;font_family:Open%20Sans%3A300%2C300italic%2Cregular%2Citalic%2C600%2C600italic%2C700%2C700italic%2C800%2C800italic|font_style:300%20light%20regular%3A300%3Anormal&#8221;][vc_separator][vc_row_inner][vc_column_inner width=&#8221;1\/2&#8243;][vc_single_image image=&#8221;17232&#8243; img_size=&#8221;560&#215;240&#8243;][\/vc_column_inner][vc_column_inner width=&#8221;1\/2&#8243;][vc_column_text]La Comunit\u00e0 Valenciana \u00e8 una regione autonoma spagnola che copre una superficie di circa 23 mila km\u00b2. Confina a nord con la Catalogna, a est con il Mare Mediterraneo, a sud con la regione di Murcia e a ovest con le regioni di Castilla-La Mancha e Aragon. \u00c8 composta da tre province: Alicante, Castell\u00f3n e Valencia, quest&#8217;ultima sede della capitale della regione, la citt\u00e0 di Valencia.<\/p>\n<p>La Comunit\u00e0 Valenciana ha una popolazione di poco superiore ai 5.000.000 di abitanti. L&#8217;agricoltura, in particolare la produzione di agrumi, l&#8217;industria, i servizi e il turismo sono le principali fonti economiche della regione, che \u00e8 quindi una destinazione popolare per i vostri stage in Spagna.<\/p>\n<p>Lingue locali: spagnolo e valenciano[\/vc_column_text][vc_btn title=&#8221;Per saperne di pi\u00f9&#8221; style=&#8221;custom&#8221; custom_background=&#8221;#e3001a&#8221; custom_text=&#8221;#ffffff&#8221; shape=&#8221;rounded&#8221; align=&#8221;left&#8221; link=&#8221;url:https%3A%2F%2Fespamob.com%2Fit%2Fspagna%2Fvalencia|title:Valencia&#8221;][\/vc_column_inner][\/vc_row_inner][\/vc_column][\/vc_row][vc_row][vc_column][vc_custom_heading text=&#8221;Stage e mobilit\u00e0 Erasmus nelle Isole Baleari&#8221; use_theme_fonts=&#8221;yes&#8221; css=&#8221;.vc_custom_1700495886187{margin-bottom: 15px !important;}&#8221;][vc_separator][vc_row_inner][vc_column_inner width=&#8221;1\/2&#8243;][vc_single_image image=&#8221;7748&#8243; img_size=&#8221;560&#215;240&#8243;][\/vc_column_inner][vc_column_inner width=&#8221;1\/2&#8243;][vc_column_text]<\/p>\n<p style=\"text-align: justify;\">Piccolo paradiso turistico, situato nel cuore del Mar Mediterraneo &#8211; l&#8217;arcipelago delle Baleari \u00e8 composto da cinque isole: Maiorca, Ibiza, Minorca, Formentera e Cabrera. Questo arcipelago \u00e8 la destinazione perfetta per i programmi di mobilit\u00e0 europei relativi al settore tur\u00edstico, alberghiero ed enogastronomico. L&#8217;industria della zona \u00e8 focalizzata su tessuti, pelle e calzature. La vicinanza fra le isole rende questa destinazione un luogo ideale e paradisiaco per i progetti di mobilit\u00e0 europea.<\/p>\n<p style=\"text-align: justify;\">Lingue locali: spagnolo<\/p>\n<p style=\"text-align: justify;\">Lingue popolari: inglese e tedesco<\/p>\n<p>[\/vc_column_text][vc_btn title=&#8221;Per saperne di pi\u00f9&#8221; style=&#8221;custom&#8221; custom_background=&#8221;#e3001a&#8221; custom_text=&#8221;#ffffff&#8221; shape=&#8221;rounded&#8221; align=&#8221;left&#8221; link=&#8221;url:https%3A%2F%2Fespamob.com%2Fit%2Fspagna%2Fisole-baleari%2F&#8221;][\/vc_column_inner][\/vc_row_inner][\/vc_column][\/vc_row][vc_row][vc_column][vc_custom_heading text=&#8221;Tirocinio e mobilit\u00e0 Erasmus nelle Isole Canarie&#8221; use_theme_fonts=&#8221;yes&#8221; css=&#8221;.vc_custom_1700495894891{margin-bottom: 15px !important;}&#8221;][vc_separator][vc_row_inner][vc_column_inner width=&#8221;1\/2&#8243;][vc_single_image image=&#8221;7744&#8243; img_size=&#8221;560&#215;240&#8243;][\/vc_column_inner][vc_column_inner width=&#8221;1\/2&#8243;][vc_column_text]<\/p>\n<p style=\"text-align: justify;\">Le Isole Canarie sono un arcipelago formato da sette isole nella parte occidentale dell&#8217;Europa meridionale, situate nell&#8217;Oceano Atlantico: El Hierro, La Gomera, La Palma, Tenerife, Fuerteventura, Gran Canaria e Lanzarote. Essendo un vero paradiso turistico, l&#8217;arcipelago delle Isole Canarie \u00e8 una destinazione idilliaca e attraente per progetti di mobilit\u00e0 europea nel mondo dell&#8217;ospitalit\u00e0 e del turismo.<\/p>\n<p style=\"text-align: justify;\">Lingue locali: spagnolo.<\/p>\n<p style=\"text-align: justify;\">Lingue popolari: italiano inglese e tedesco<\/p>\n<p>[\/vc_column_text][vc_btn title=&#8221;Per saperne di pi\u00f9&#8221; style=&#8221;custom&#8221; custom_background=&#8221;#e3001a&#8221; custom_text=&#8221;#ffffff&#8221; shape=&#8221;rounded&#8221; align=&#8221;left&#8221; link=&#8221;url:https%3A%2F%2Fespamob.com%2Fit%2Fspagna%2Fislas-canarias%2F&#8221;][\/vc_column_inner][\/vc_row_inner][\/vc_column][\/vc_row][vc_row full_width=&#8221;stretch_row&#8221; css=&#8221;.vc_custom_1700067253407{padding-top: 50px !important;padding-bottom: 50px !important;background-color: #f8f893 !important;}&#8221; conditional_render=&#8221;%5B%7B%22value_role%22%3A%22administrator%22%7D%5D&#8221;][vc_column][vc_custom_heading text=&#8221;Richiedi un preventivo gratuito&#8221; font_container=&#8221;tag:h2|text_align:center&#8221; google_fonts=&#8221;font_family:Open%20Sans%3A300%2C300italic%2Cregular%2Citalic%2C600%2C600italic%2C700%2C700italic%2C800%2C800italic|font_style:300%20light%20regular%3A300%3Anormal&#8221;][vc_column_text]Hai un&#8217;idea per un progetto Erasmus+ in Spagna e cerchi un partner fidato che ti supporti? Espamob\u2019 \u00e8 qui per aiutarti! Ti offriamo un preventivo gratuito e senza impegno per aiutarti a gestire il tuo progetto di mobilit\u00e0. Grazie alla nostra competenza e alla nostra rete di aziende partner, siamo in grado di offrirvi un supporto personalizzato per soddisfare le vostre specifiche esigenze. Contattaci ora per discutere del tuo progetto e ottenere il tuo preventivo gratuito.[\/vc_column_text]<div id=\"modal-trg-txt-wrap-4122\" class=\"ult-modal-input-wrapper ult-adjust-bottom-margin    \" data-keypress-control=\"keypress-control-enable\" data-overlay-control=\"overlay-control-enable\"><style>\n\t\t\t\t\t.btn-modal.btn-id-69e8225510b3f4-46956965:hover {\n\t\t\t\t\t\tbackground-color: #e20000 !important;\n\t\t\t\t\t}\n\t\t\t\t\t<\/style><button  data-ultimate-target='#modal-trg-txt-wrap-4122 .btn-modal'  data-responsive-json-new='{\"font-size\":\"\",\"line-height\":\"\"}'  style=\"background:#888888;border-color:#888888;color:#ffffff; \" data-class-id=\"content-69e8225510b3f4-46956965\" class=\"btn-modal ult-responsive btn-primary btn-modal-md overlay-show ult-align-center btn-id-69e8225510b3f4-46956965\" data-overlay-class=\"overlay-cornerbottomleft\">RICHIEDI PREVENTIVO GRATUITO<\/button><\/div>\n<div class=\"ult-overlay content-69e8225510b3f4-46956965 \" data-class=\"content-69e8225510b3f4-46956965\" id=\"button-click-overlay\" style=\"background:rgba(51,51,51,0.8); display:none;\">\n\t<div class=\"ult_modal ult-fade ult-medium\">\n\t\t<div id=\"ult-modal-wrap-5669\" class=\"ult_modal-content ult-hide\" style=\"border-style:solid;border-width:2px;border-radius:0px;border-color:#333333;\">\n\t\t\t<div class=\"ult_modal-header\" style=\"color:#333333;border-color:#333333;\">\n\t\t\t\t<h3  data-ultimate-target='#ult-modal-wrap-5669 .ult_modal-title'  data-responsive-json-new='{\"font-size\":\"\",\"line-height\":\"\"}'  class=\"ult_modal-title ult-responsive\">RICHIEDI PREVENTIVO GRATUITO<\/h3>\n\t\t\t<\/div>\n\t\t\t<div  data-ultimate-target='#ult-modal-wrap-5669 .ult_modal-body'  data-responsive-json-new='{\"font-size\":\"\",\"line-height\":\"\"}'  class=\"ult_modal-body ult-responsive ult-html\" style=\"\">\n\t\t\t<\/p>\n<p>[caldera_form id=&#8221;CF61499d9470acd&#8221;]<\/p>\n<p>\n\t\t\t<\/div>\n\t<\/div>\n\t<\/div>\n\t<div class=\"ult-overlay-close top-right\" style=\"width:80px;height:80px; \"><div class=\"ult-overlay-close-inside\">Close<\/div><\/div>\n<\/div>[\/vc_column][\/vc_row][vc_row][vc_column][vc_custom_heading text=&#8221;Domande frequenti sui tirocini in Spagna&#8221; use_theme_fonts=&#8221;yes&#8221; css=&#8221;.vc_custom_1700495907507{margin-bottom: 15px !important;}&#8221;][vc_separator][vc_toggle title=&#8221;Che cos&#8217;\u00e8 un tirocinio Erasmus Plus in Spagna?&#8221; css=&#8221;.vc_custom_1700495924209{background-color: #ffffff !important;}&#8221;]Il tirocinio Erasmus Plus in Spagna \u00e8 un&#8217;opportunit\u00e0 offerta agli studenti dall&#8217;Unione Europea per svolgere parte dei loro studi o della loro formazione professionale in un Paese straniero. Si tratta di un programma di scambio universitario che promuove l&#8217;internazionalizzazione dell&#8217;istruzione. Ogni anno, molte citt\u00e0 spagnole accolgono migliaia di giovani nell&#8217;ambito di uno scambio europeo.[\/vc_toggle][vc_toggle title=&#8221;Come posso organizzare un tirocinio Erasmus Plus per i miei studenti?&#8221;]Come insegnanti, potete collaborare con la vostra scuola e le universit\u00e0 partner in Spagna per organizzare un tirocinio Erasmus Plus. Ci\u00f2 pu\u00f2 comportare il coordinamento di corsi, progetti di ricerca e altri aspetti della formazione accademica.<\/p>\n<p>Potete contattare uno dei nostri esperti Espamob, che vi aiuter\u00e0 nella gestione di questo progetto Erasmus Plus.[\/vc_toggle][vc_toggle title=&#8221;Quanto costa un tirocinio Erasmus Plus in Spagna?&#8221;]Il costo di un tirocinio Erasmus Plus pu\u00f2 variare in base a diversi fattori, tra cui la citt\u00e0 di destinazione, la durata del soggiorno e lo stile di vita dello studente. Tuttavia, gli studenti possono beneficiare di borse di studio come la borsa di studio Erasmus Plus per contribuire alla copertura dei costi.<\/p>\n<p>L&#8217;importo della borsa Erasmus Plus dipende da una serie di fattori, tra cui il costo della vita nel Paese di destinazione, la durata del soggiorno e il livello di studio dello studente.<\/p>\n<p>Contattateci per maggiori informazioni.[\/vc_toggle][vc_toggle title=&#8221;Quali sono i vantaggi di un tirocinio Erasmus Plus in Spagna per i miei studenti?&#8221;]Un tirocinio Erasmus Plus in Spagna offre agli studenti un&#8217;opportunit\u00e0 unica di vivere e studiare in un altro Paese europeo, migliorare le proprie competenze linguistiche, familiarizzare con una nuova cultura e sviluppare una prospettiva internazionale nel proprio campo di studio o di formazione.[\/vc_toggle][vc_empty_space][\/vc_column][\/vc_row][vc_row][vc_column][vc_single_image image=&#8221;15599&#8243; img_size=&#8221;full&#8221; alignment=&#8221;center&#8221; animation_delay=&#8221;100&#8243; animation_type=&#8221;rollIn&#8221; el_class=&#8221;.imagenyourerasmus&#8221; css=&#8221;.vc_custom_1688481968167{margin-top: -15px !important;margin-bottom: -15px !important;}&#8221;][\/vc_column][\/vc_row]<\/p>\n<\/div>","protected":false},"excerpt":{"rendered":"<p>[vc_row css=&#8221;.vc_custom_1700411672483{margin-top: -20px !important;background-image: url(https:\/\/espamob.com\/wp-content\/uploads\/2023\/11\/Spagna-1.webp?id=20543) !important;background-position: center !important;background-repeat: no-repeat !important;background-size: cover !important;}&#8221; conditional_render=&#8221;%5B%7B%22value_role%22%3A%22administrator%22%7D%5D&#8221;][vc_column][vc_empty_space height=&#8221;220&#8243;][vc_custom_heading text=&#8221;Spagna: 1\u00b0 destinazione per i tirocini Erasmus Plus&#8221; font_container=&#8221;tag:h1|font_size:27|text_align:center|color:%23ffffff&#8221; use_theme_fonts=&#8221;yes&#8221; el_class=&#8221;h1blancocentro&#8221; css=&#8221;.vc_custom_1700495702523{background-color: rgba(136,136,136,0.3) !important;*background-color: rgb(136,136,136) !important;}&#8221;][vc_empty_space height=&#8221;15&#8243;][\/vc_column][\/vc_row][vc_row awb_type=&#8221;image&#8221; awb_stretch=&#8221;1&#8243; css=&#8221;.vc_custom_1637858238286{margin-top: -20px !important;}&#8221;][vc_column][vc_empty_space height=&#8221;40&#8243;][vc_wp_text] Home Tirocini formativi in Spagna [\/vc_wp_text][\/vc_column][\/vc_row][vc_row][vc_column width=&#8221;2\/3&#8243;][vc_custom_heading text=&#8221;Erasmus Plus in Spagna: le 4 destinazioni pi\u00f9 incredibili&#8221; use_theme_fonts=&#8221;yes&#8221; css=&#8221;.vc_custom_1700495733971{margin-bottom:<\/p>\n","protected":false},"author":1,"featured_media":0,"parent":0,"menu_order":0,"comment_status":"closed","ping_status":"closed","template":"","meta":{"footnotes":""},"class_list":["post-8971","page","type-page","status-publish","hentry"],"_links":{"self":[{"href":"https:\/\/espamob.com\/it\/wp-json\/wp\/v2\/pages\/8971","targetHints":{"allow":["GET"]}}],"collection":[{"href":"https:\/\/espamob.com\/it\/wp-json\/wp\/v2\/pages"}],"about":[{"href":"https:\/\/espamob.com\/it\/wp-json\/wp\/v2\/types\/page"}],"author":[{"embeddable":true,"href":"https:\/\/espamob.com\/it\/wp-json\/wp\/v2\/users\/1"}],"replies":[{"embeddable":true,"href":"https:\/\/espamob.com\/it\/wp-json\/wp\/v2\/comments?post=8971"}],"version-history":[{"count":0,"href":"https:\/\/espamob.com\/it\/wp-json\/wp\/v2\/pages\/8971\/revisions"}],"wp:attachment":[{"href":"https:\/\/espamob.com\/it\/wp-json\/wp\/v2\/media?parent=8971"}],"curies":[{"name":"wp","href":"https:\/\/api.w.org\/{rel}","templated":true}]}}