{"id":8969,"date":"2016-12-15T09:11:11","date_gmt":"2016-12-15T09:11:11","guid":{"rendered":"https:\/\/www.espamob.com\/contacto-con-nuestro-equipo-de-movilidad\/"},"modified":"2023-11-12T15:44:18","modified_gmt":"2023-11-12T15:44:18","slug":"contacto-con-nuestro-equipo-de-movilidad","status":"publish","type":"page","link":"https:\/\/espamob.com\/it\/contacto-con-nuestro-equipo-de-movilidad\/","title":{"rendered":"Contacto"},"content":{"rendered":"<div class=\"wpb-content-wrapper\"><p>[vc_row css=&#8221;.vc_custom_1699553248798{margin-top: -20px !important;background-image: url(https:\/\/espamob.com\/wp-content\/uploads\/2023\/11\/contact_it.png?id=20126) !important;background-position: center !important;background-repeat: no-repeat !important;background-size: cover !important;}&#8221; conditional_render=&#8221;%5B%7B%22value_role%22%3A%22administrator%22%7D%5D&#8221;][vc_column][vc_empty_space height=&#8221;180&#8243;][vc_custom_heading text=&#8221;Esperto in Mobilit\u00e0 Erasmus Plus: contatta subito il nostro team!&#8221; font_container=&#8221;tag:h1|font_size:27|text_align:right&#8221; use_theme_fonts=&#8221;yes&#8221; css=&#8221;.vc_custom_1699459578648{margin-bottom: 15px !important;}&#8221;][vc_empty_space height=&#8221;60&#8243;][\/vc_column][\/vc_row][vc_row full_width=&#8221;stretch_row&#8221; css=&#8221;.vc_custom_1685374857070{margin-top: 25px !important;margin-bottom: 0px !important;}&#8221; conditional_render=&#8221;%5B%7B%22value_role%22%3A%22administrator%22%7D%5D&#8221;][vc_column width=&#8221;5\/12&#8243;][vc_custom_heading text=&#8221;Un team di esperti in Erasmus Plus Mobilit\u00e0: contattaci subito.&#8221; use_theme_fonts=&#8221;yes&#8221;][vc_column_text]Esperto in Mobilit\u00e0 Erasmus Plus: Per qualsiasi domanda o richiesta di informazioni non esitate a contattarci. Il nostro team di professionisti multilingue, con sede a Barcellona, \u200b\u200b\u00e8 specializzato in programmi di mobilit\u00e0 europea, in particolare la mobilit\u00e0 Erasmus Plus.<\/p>\n<p>Siamo qui per aiutarti a organizzare e realizzare la tua mobilit\u00e0 in Spagna, sia per apprendisti, studenti o formatori. Grazie ai forti rapporti con i nostri fornitori di servizi, siamo in grado di offrirvi reattivit\u00e0 e flessibilit\u00e0 ottimali per rispondere a tutte le vostre esigenze e domande.<\/p>\n<p>Puoi contattarci telefonicamente, via email o semplicemente compilando il modulo di contatto sottostante. Il nostro team sar\u00e0 felice di risponderti il \u200b\u200bprima possibile.<\/p>\n<p>Non aspettare oltre, contattaci subito per beneficiare della nostra esperienza e rendere la tua esperienza di mobilit\u00e0 in Spagna un successo![\/vc_column_text][vc_separator border_width=&#8221;2&#8243; gradient=&#8221;yes&#8221; css=&#8221;.vc_custom_1631791915056{padding-left: 20px !important;}&#8221;][vc_empty_space][vc_row_inner][vc_column_inner width=&#8221;1\/2&#8243;]<div class=\"aio-icon-component    style_1\"><div id=\"Info-box-wrap-2982\" class=\"aio-icon-box left-icon\" style=\"\"  ><div class=\"aio-icon-left\"><div class=\"ult-just-icon-wrapper  \"><div class=\"align-icon\" style=\"text-align:center;\">\n<div class=\"aio-icon circle \"  style=\"color:#333;background:#ffffff;font-size:32px;display:inline-block;\">\n\t<i class=\"Defaults-phone\"><\/i>\n<\/div><\/div><\/div><\/div><div class=\"aio-ibd-block\"><div class=\"aio-icon-header\" ><h3 class=\"aio-icon-title ult-responsive\"  data-ultimate-target='#Info-box-wrap-2982 .aio-icon-title'  data-responsive-json-new='{\"font-size\":\"\",\"line-height\":\"\"}'  style=\"\">Telefono Spagna<\/h3><\/div> <!-- header --><div class=\"aio-icon-description ult-responsive\"  data-ultimate-target='#Info-box-wrap-2982 .aio-icon-description'  data-responsive-json-new='{\"font-size\":\"\",\"line-height\":\"\"}'  style=\"\">(+34) 931 780 015<\/div> <!-- description --><\/div> <!-- aio-ibd-block --><\/div> <!-- aio-icon-box --><\/div> <!-- aio-icon-component -->[\/vc_column_inner][vc_column_inner width=&#8221;1\/2&#8243; css=&#8221;.vc_custom_1637670023870{padding-bottom: 5% !important;}&#8221;]<div class=\"aio-icon-component    style_1\"><div id=\"Info-box-wrap-2234\" class=\"aio-icon-box left-icon\" style=\"\"  ><div class=\"aio-icon-left\"><div class=\"ult-just-icon-wrapper  \"><div class=\"align-icon\" style=\"text-align:center;\">\n<div class=\"aio-icon circle \"  style=\"color:#333;background:#ffffff;font-size:32px;display:inline-block;\">\n\t<i class=\"Defaults-at\"><\/i>\n<\/div><\/div><\/div><\/div><div class=\"aio-ibd-block\"><div class=\"aio-icon-header\" ><h3 class=\"aio-icon-title ult-responsive\"  data-ultimate-target='#Info-box-wrap-2234 .aio-icon-title'  data-responsive-json-new='{\"font-size\":\"\",\"line-height\":\"\"}'  style=\"\">Email<\/h3><\/div> <!-- header --><div class=\"aio-icon-description ult-responsive\"  data-ultimate-target='#Info-box-wrap-2234 .aio-icon-description'  data-responsive-json-new='{\"font-size\":\"\",\"line-height\":\"\"}'  style=\"\">contact@espamob.com<\/div> <!-- description --><\/div> <!-- aio-ibd-block --><\/div> <!-- aio-icon-box --><\/div> <!-- aio-icon-component -->[\/vc_column_inner][\/vc_row_inner][vc_row_inner][vc_column_inner][vc_single_image image=&#8221;15599&#8243; img_size=&#8221;full&#8221; alignment=&#8221;center&#8221; animation_delay=&#8221;100&#8243; animation_type=&#8221;rollIn&#8221; el_class=&#8221;.imagenyourerasmus&#8221; css=&#8221;.vc_custom_1683233783999{margin-top: -15px !important;margin-bottom: -15px !important;}&#8221;][\/vc_column_inner][\/vc_row_inner][\/vc_column][vc_column width=&#8221;7\/12&#8243;][vc_custom_heading text=&#8221;Indirizzo e contatto&#8221; use_theme_fonts=&#8221;yes&#8221;]\n<div class=\"wpcf7 no-js\" id=\"wpcf7-f9099-o1\" lang=\"en-US\" dir=\"ltr\" data-wpcf7-id=\"9099\">\n<div class=\"screen-reader-response\"><p role=\"status\" aria-live=\"polite\" aria-atomic=\"true\"><\/p> <ul><\/ul><\/div>\n<form action=\"\/it\/wp-json\/wp\/v2\/pages\/8969#wpcf7-f9099-o1\" method=\"post\" class=\"wpcf7-form init\" aria-label=\"Contact form\" novalidate=\"novalidate\" data-status=\"init\">\n<fieldset class=\"hidden-fields-container\"><input type=\"hidden\" name=\"_wpcf7\" value=\"9099\" \/><input type=\"hidden\" name=\"_wpcf7_version\" value=\"6.1.5\" \/><input type=\"hidden\" name=\"_wpcf7_locale\" value=\"en_US\" \/><input type=\"hidden\" name=\"_wpcf7_unit_tag\" value=\"wpcf7-f9099-o1\" \/><input type=\"hidden\" name=\"_wpcf7_container_post\" value=\"0\" \/><input type=\"hidden\" name=\"_wpcf7_posted_data_hash\" value=\"\" \/><input type=\"hidden\" name=\"_wpcf7_recaptcha_response\" value=\"\" \/>\n<\/fieldset>\n<strong>Nome (Obligatorio)<\/strong><span class=\"wpcf7-form-control-wrap\" data-name=\"text-582\"><input size=\"40\" maxlength=\"400\" class=\"wpcf7-form-control wpcf7-text wpcf7-validates-as-required formulaire\" aria-required=\"true\" aria-invalid=\"false\" value=\"\" type=\"text\" name=\"text-582\" \/><\/span>\n\n\n<strong>Email (Obligatorio)<\/strong><span class=\"wpcf7-form-control-wrap\" data-name=\"email-483\"><input size=\"40\" maxlength=\"400\" class=\"wpcf7-form-control wpcf7-email wpcf7-validates-as-required wpcf7-text wpcf7-validates-as-email formulaire\" aria-required=\"true\" aria-invalid=\"false\" value=\"\" type=\"email\" name=\"email-483\" \/><\/span>\n\n\n<strong>Nome della struttura (Obbligatorio)<\/strong><span class=\"wpcf7-form-control-wrap\" data-name=\"text-297\"><input size=\"40\" maxlength=\"400\" class=\"wpcf7-form-control wpcf7-text wpcf7-validates-as-required formulaire\" aria-required=\"true\" aria-invalid=\"false\" value=\"\" type=\"text\" name=\"text-297\" \/><\/span>\n\n<strong>Numero di telefono (Opzionale)<\/strong><span class=\"wpcf7-form-control-wrap\" data-name=\"tel-198\"><input size=\"40\" maxlength=\"400\" class=\"wpcf7-form-control wpcf7-tel wpcf7-text wpcf7-validates-as-tel formulaire\" aria-invalid=\"false\" value=\"\" type=\"tel\" name=\"tel-198\" \/><\/span>\n\n<strong>Messaggio<\/strong><span class=\"wpcf7-form-control-wrap\" data-name=\"textarea-454\"><textarea cols=\"40\" rows=\"10\" maxlength=\"2000\" class=\"wpcf7-form-control wpcf7-textarea formulaire\" aria-invalid=\"false\" name=\"textarea-454\"><\/textarea><\/span>\n\n<input class=\"wpcf7-form-control wpcf7-submit has-spinner formulaire\" type=\"submit\" value=\"Invia\" \/><div class=\"wpcf7-response-output\" aria-hidden=\"true\"><\/div>\n<\/form>\n<\/div>\n[\/vc_column][\/vc_row][vc_row full_width=&#8221;stretch_row&#8221; is_section=&#8221;yes&#8221; css=&#8221;.vc_custom_1685107547183{margin-bottom: 50px !important;}&#8221;][vc_column width=&#8221;1\/3&#8243;]<div data-id=\"mpc_icon_column-5669e78a25e2ab4\" class=\"mpc-icon-column mpc-init mpc-parent-hover mpc-transition mpc-icon-column--style_1 mpc-align--center \" ><div data-id=\"mpc_icon-9969e78a25e2b06\" class=\"mpc-icon mpc-init mpc-transition mpc-effect-none mpc-icon-hover \"><div class=\"mpc-icon-wrap\"><i class=\"mpc-icon-part mpc-regular mpc-transition  etl etl-browser\"><\/i><i class=\"mpc-icon-part mpc-hover mpc-transition  etl etl-browser\"><\/i><\/div><\/div><div class=\"mpc-icon-column__content-wrap\"><div class=\"mpc-icon-column__content\"><h3 class=\"mpc-icon-column__heading mpc-typography--mpc_preset_20 mpc-transition\">Richiesta preventivo<\/h3><div class=\"mpc-icon-column__description mpc-typography--mpc_preset_1 mpc-transition\"><p>Richiedi subito un preventivo !<\/p>\n<\/div><\/div><\/div><\/div>[vc_empty_space height=&#8221;10&#8243;][vc_btn title=&#8221;PREVENTIVO GRATUITO&#8221; style=&#8221;custom&#8221; custom_background=&#8221;#e3001a&#8221; custom_text=&#8221;#ffffff&#8221; shape=&#8221;rounded&#8221; size=&#8221;lg&#8221; align=&#8221;center&#8221; skin=&#8221;primary&#8221; link=&#8221;url:%23&#8243; el_id=&#8221;abrirmodalbox&#8221; el_class=&#8221;colorrojoespamob&#8221;]<div id=\"modal-trg-txt-wrap-4138\" class=\"ult-modal-input-wrapper ult-adjust-bottom-margin    \" data-keypress-control=\"keypress-control-enable\" data-overlay-control=\"overlay-control-enable\"><span data-class-id=\"content-69e78a25e2c711-88938012\"><\/span>\n\t\t\t\t<script type=\"text\/javascript\">\n\t\t\t\t(function($){\n\t\t\t\t\t$(document).ready(function(){\n\t\t\t\t\t\tvar selector = \"#abrirmodalbox\";\n\t\t\t\t\t\t$(selector).addClass(\"custom-ult-modal overlay-show-genie\");\n\t\t\t\t\t\t$(selector).attr(\"data-class-id\", \"content-69e78a25e2c711-88938012\");\n\t\t\t\t\t\t$(selector).attr(\"data-overlay-class\", \"overlay-show-genie\");\n\t\t\t\t\t\t$(selector).attr(\"data-keypress-control\", \"keypress-control-enable\");\n\t\t\t\t\t\t$(selector).attr(\"data-overlay-control\", \"overlay-control-enable\");\n\t\t\t\t\t});\n\t\t\t\t})(jQuery);\n\t\t\t\t<\/script><\/div>\n<div class=\"ult-overlay overlay-genie content-69e78a25e2c711-88938012 \" style=\"display:none\" data-class=\"content-69e78a25e2c711-88938012\" data-steps=\"m 701.56545,809.01175 35.16718,0 0,19.68384 -35.16718,0 z;m 698.9986,728.03569 41.23353,0 -3.41953,77.8735 -34.98557,0 z;m 687.08153,513.78234 53.1506,0 C 738.0505,683.9161 737.86917,503.34193 737.27015,806 l -35.90067,0 c -7.82727,-276.34892 -2.06916,-72.79261 -14.28795,-292.21766 z;m 403.87105,257.94772 566.31246,2.93091 C 923.38284,513.78233 738.73561,372.23931 737.27015,806 l -35.90067,0 C 701.32034,404.49318 455.17312,480.07689 403.87105,257.94772 z;M 51.871052,165.94772 1362.1835,168.87863 C 1171.3828,653.78233 738.73561,372.23931 737.27015,806 l -35.90067,0 C 701.32034,404.49318 31.173122,513.78234 51.871052,165.94772 z;m 52,26 1364,4 c -12.8007,666.9037 -273.2644,483.78234 -322.7299,776 l -633.90062,0 C 359.32034,432.49318 -6.6979288,733.83462 52,26 z;m 0,0 1439.999975,0 0,805.99999 -1439.999975,0 z\">\n\t<svg xmlns=\"http:\/\/www.w3.org\/2000\/svg\" width=\"100%\" height=\"100%\" viewBox=\"0 0 1440 806\" preserveAspectRatio=\"none\">\n\t\t\t\t\t\t\t<path class=\"overlay-path\" d=\"m 701.56545,809.01175 35.16718,0 0,19.68384 -35.16718,0 z\" style=\"fill:rgba(119,119,119,0.8);\"\/>\n\t\t\t\t\t\t<\/svg>\n\t<div class=\"ult_modal ult-fade ult-medium\">\n\t\t<div id=\"ult-modal-wrap-7543\" class=\"ult_modal-content ult-hide\" style=\"border-style:solid;border-width:2px;border-radius:0px;border-color:#333333;\">\n\t\t\t<div class=\"ult_modal-header\" style=\"color:#333333;border-color:#333333;\">\n\t\t\t\t<div class=\"modal-icon\"><i class=\"Defaults-envelope-o\"><\/i><\/div><h3  data-ultimate-target='#ult-modal-wrap-7543 .ult_modal-title'  data-responsive-json-new='{\"font-size\":\"\",\"line-height\":\"\"}'  class=\"ult_modal-title ult-responsive\">PREVENTIVO PER IL VOSTRO PROGETTO<\/h3>\n\t\t\t<\/div>\n\t\t\t<div  data-ultimate-target='#ult-modal-wrap-7543 .ult_modal-body'  data-responsive-json-new='{\"font-size\":\"\",\"line-height\":\"\"}'  class=\"ult_modal-body ult-responsive ult-html\" style=\"\">\n\t\t\t<\/p>\n<p>[caldera_form id=&#8221;CF61499d9470acd&#8221;]<\/p>\n<p>\n\t\t\t<\/div>\n\t<\/div>\n\t<\/div>\n\t<div class=\"ult-overlay-close top-right\" style=\"width:80px;height:80px; \"><div class=\"ult-overlay-close-inside\">Close<\/div><\/div>\n<\/div>[\/vc_column][vc_column width=&#8221;1\/3&#8243;]<div data-id=\"mpc_icon_column-8769e78a25e2d30\" class=\"mpc-icon-column mpc-init mpc-parent-hover mpc-transition mpc-icon-column--style_1 mpc-align--center \" ><div data-id=\"mpc_icon-2269e78a25e2d55\" class=\"mpc-icon mpc-init mpc-transition mpc-effect-none mpc-icon-hover \"><div class=\"mpc-icon-wrap\"><i class=\"mpc-icon-part mpc-regular mpc-transition  etl etl-map\"><\/i><i class=\"mpc-icon-part mpc-hover mpc-transition  etl etl-map\"><\/i><\/div><\/div><div class=\"mpc-icon-column__content-wrap\"><div class=\"mpc-icon-column__content\"><h3 class=\"mpc-icon-column__heading mpc-transition\">Erasmus in Spagna<\/h3><div class=\"mpc-icon-column__description mpc-transition\"><p>Scopri le nostre destinazioni!<\/p>\n<\/div><\/div><\/div><\/div>[vc_empty_space height=&#8221;10&#8243;][vc_btn title=&#8221;SPAGNA&#8221; style=&#8221;custom&#8221; custom_background=&#8221;#e3001a&#8221; custom_text=&#8221;#ffffff&#8221; shape=&#8221;rounded&#8221; size=&#8221;lg&#8221; align=&#8221;center&#8221; link=&#8221;url:https%3A%2F%2Fespamob.com%2Fit%2Fspagna|title:Spagna&#8221;][\/vc_column][vc_column width=&#8221;1\/3&#8243;]<div data-id=\"mpc_icon_column-869e78a25e2e08\" class=\"mpc-icon-column mpc-init mpc-parent-hover mpc-transition mpc-icon-column--style_1 mpc-align--center \" ><div data-id=\"mpc_icon-4669e78a25e2e29\" class=\"mpc-icon mpc-init mpc-transition mpc-effect-none mpc-icon-hover \"><div class=\"mpc-icon-wrap\"><i class=\"mpc-icon-part mpc-regular mpc-transition  etl etl-grid\"><\/i><i class=\"mpc-icon-part mpc-hover mpc-transition  etl etl-grid\"><\/i><\/div><\/div><div class=\"mpc-icon-column__content-wrap\"><div class=\"mpc-icon-column__content\"><h3 class=\"mpc-icon-column__heading mpc-transition\">Settori di stage<\/h3><div class=\"mpc-icon-column__description mpc-transition\"><p>Scopri i nostri settori di stage!<\/p>\n<\/div><\/div><\/div><\/div>[vc_empty_space height=&#8221;10&#8243;][vc_btn title=&#8221;SETTORI DI STAGE&#8221; style=&#8221;custom&#8221; custom_background=&#8221;#e3001a&#8221; custom_text=&#8221;#ffffff&#8221; shape=&#8221;rounded&#8221; size=&#8221;lg&#8221; align=&#8221;center&#8221; link=&#8221;url:https%3A%2F%2Fespamob.com%2Fit%2Fsettori-stage-aziende-erasmusplus|title:Settori%20di%20stage&#8221;][\/vc_column][\/vc_row][vc_row conditional_render=&#8221;%5B%7B%22value_role%22%3A%22administrator%22%7D%5D&#8221;][vc_column][vc_gmaps link=&#8221;#E-8_JTNDaWZyYW1lJTIwdGl0bGUlM0QlMjJFc3BhbW9iJTIwU3BhaW4lMjBTLkwlMkMlMjBDYXJyZXIlMjBkZWwlMjBEb2N0b3IlMjBUcnVldGElMkMlMjBCYXJjZWxvbmElMjIlMjBzcmMlM0QlMjJodHRwcyUzQSUyRiUyRm1hcHMuZ29vZ2xlLmNvbSUyRm1hcHMlM0ZxJTNERXNwYW1vYiUyNTIwU3BhaW4lMjUyMFMuTCUyNTJDJTI1MjBDYXJyZXIlMjUyMGRlbCUyNTIwRG9jdG9yJTI1MjBUcnVldGElMjUyQyUyNTIwQmFyY2Vsb25hJTI2YW1wJTNCdCUzRG0lMjZhbXAlM0J6JTNEMTElMjZhbXAlM0JvdXRwdXQlM0RlbWJlZCUyNmFtcCUzQml3bG9jJTNEbmVhciUyMiUyMCUyMGhlaWdodCUzRCUyMjMwMCUyMiUzRSUzQyUyRmlmcmFtZSUzRQ==&#8221; size=&#8221;45%&#8221;][\/vc_column][\/vc_row]<\/p>\n<\/div>","protected":false},"excerpt":{"rendered":"<p>[vc_row css=&#8221;.vc_custom_1699553248798{margin-top: -20px !important;background-image: url(https:\/\/espamob.com\/wp-content\/uploads\/2023\/11\/contact_it.png?id=20126) !important;background-position: center !important;background-repeat: no-repeat !important;background-size: cover !important;}&#8221; conditional_render=&#8221;%5B%7B%22value_role%22%3A%22administrator%22%7D%5D&#8221;][vc_column][vc_empty_space height=&#8221;180&#8243;][vc_custom_heading text=&#8221;Esperto in Mobilit\u00e0 Erasmus Plus: contatta subito il nostro team!&#8221; font_container=&#8221;tag:h1|font_size:27|text_align:right&#8221; use_theme_fonts=&#8221;yes&#8221; css=&#8221;.vc_custom_1699459578648{margin-bottom: 15px !important;}&#8221;][vc_empty_space height=&#8221;60&#8243;][\/vc_column][\/vc_row][vc_row full_width=&#8221;stretch_row&#8221; css=&#8221;.vc_custom_1685374857070{margin-top: 25px !important;margin-bottom: 0px !important;}&#8221; conditional_render=&#8221;%5B%7B%22value_role%22%3A%22administrator%22%7D%5D&#8221;][vc_column width=&#8221;5\/12&#8243;][vc_custom_heading text=&#8221;Un team di esperti in Erasmus Plus Mobilit\u00e0: contattaci subito.&#8221; use_theme_fonts=&#8221;yes&#8221;][vc_column_text]Esperto in Mobilit\u00e0 Erasmus Plus: Per qualsiasi<\/p>\n","protected":false},"author":1,"featured_media":0,"parent":0,"menu_order":0,"comment_status":"closed","ping_status":"closed","template":"","meta":{"footnotes":""},"class_list":["post-8969","page","type-page","status-publish","hentry"],"_links":{"self":[{"href":"https:\/\/espamob.com\/it\/wp-json\/wp\/v2\/pages\/8969","targetHints":{"allow":["GET"]}}],"collection":[{"href":"https:\/\/espamob.com\/it\/wp-json\/wp\/v2\/pages"}],"about":[{"href":"https:\/\/espamob.com\/it\/wp-json\/wp\/v2\/types\/page"}],"author":[{"embeddable":true,"href":"https:\/\/espamob.com\/it\/wp-json\/wp\/v2\/users\/1"}],"replies":[{"embeddable":true,"href":"https:\/\/espamob.com\/it\/wp-json\/wp\/v2\/comments?post=8969"}],"version-history":[{"count":0,"href":"https:\/\/espamob.com\/it\/wp-json\/wp\/v2\/pages\/8969\/revisions"}],"wp:attachment":[{"href":"https:\/\/espamob.com\/it\/wp-json\/wp\/v2\/media?parent=8969"}],"curies":[{"name":"wp","href":"https:\/\/api.w.org\/{rel}","templated":true}]}}