{"id":23886,"date":"2023-08-28T00:00:00","date_gmt":"2023-08-28T00:00:00","guid":{"rendered":"https:\/\/www.espamob.com\/settori-stage-aziende-erasmusplus\/igiene-pulizia-sterilizzazione\/stage-erasmus-agent-de-sterilisation\/"},"modified":"2024-02-26T21:17:25","modified_gmt":"2024-02-26T21:17:25","slug":"stage-erasmus-agente-di-sterilizzazione","status":"publish","type":"page","link":"https:\/\/espamob.com\/it\/settori-stage-aziende-erasmusplus\/igiene-pulizia-sterilizzazione\/stage-erasmus-agente-di-sterilizzazione\/","title":{"rendered":"Stage Erasmus : Agent de st\u00e9rilisation"},"content":{"rendered":"<div class=\"wpb-content-wrapper\"><p>[vc_row css=&#8221;.vc_custom_1708972930033{margin-top: -20px !important;margin-bottom: 40px !important;background-image: url(https:\/\/espamob.com\/wp-content\/uploads\/2024\/02\/Esterilizador.webp?id=23873) !important;}&#8221; conditional_render=&#8221;%5B%7B%22value_role%22%3A%22administrator%22%7D%5D&#8221;][vc_column css=&#8221;.vc_custom_1687965657482{padding-top: 30px !important;}&#8221; conditional_render=&#8221;%5B%7B%22value_role%22%3A%22administrator%22%7D%5D&#8221;][vc_empty_space height=&#8221;170&#8243;][vc_custom_heading text=&#8221;Tirocinio Erasmus: agente di sterilizzazione&#8221; font_container=&#8221;tag:h1|font_size:27|text_align:center|color:%23ffffff&#8221; use_theme_fonts=&#8221;yes&#8221; css=&#8221;.vc_custom_1708980503523{margin-bottom: 15px !important;background-color: rgba(136,136,136,0.29) !important;*background-color: rgb(136,136,136) !important;}&#8221; animation_type=&#8221;zoomIn&#8221;][vc_empty_space height=&#8221;40&#8243;][\/vc_column][\/vc_row][vc_row wrap_container=&#8221;yes&#8221; text_align=&#8221;justify&#8221;][vc_column text_align=&#8221;justify&#8221;][vc_column_text]<\/p>\n<nav aria-label=\"breadcrumb\">\n<ol class=\"breadcrumb\">\n<li class=\"breadcrumb-item\"><a href=\"https:\/\/espamob.com\/it\">Home<\/a><\/li>\n<li class=\"breadcrumb-item\"><a href=\"https:\/\/espamob.com\/it\/settori-stage-aziende-erasmusplus\">Settori di stage<\/a><\/li>\n<li class=\"breadcrumb-item active\" aria-current=\"page\"><a href=\"https:\/\/espamob.com\/it\/settori-stage-aziende-erasmusplus\/igiene-pulizia-sterilizzazione\/\">Mobilit\u00e0 nelle professioni di igiene, pulizia e sterilizzazione<\/a><\/li>\n<li class=\"breadcrumb-item active\" aria-current=\"page\">Tirocinio Erasmus: Agente di sterilizzazione<\/li>\n<\/ol>\n<\/nav>\n<p>[\/vc_column_text][vc_custom_heading text=&#8221;Il tirocinio Erasmus per gli agente di sterilizzazione: un&#8217;opportunit\u00e0 da cogliere&#8221; use_theme_fonts=&#8221;yes&#8221; css=&#8221;.vc_custom_1708981045202{margin-top: 20px !important;}&#8221;][vc_separator][vc_row_inner][vc_column_inner width=&#8221;7\/12&#8243;][vc_column_text]<\/p>\n<p style=\"font-weight: 400;\">Attualmente, vi sono numerosi <strong>settori professionali<\/strong> che possono beneficiare del programma di scambio europeo Erasmus+. Tra questi settori, uno dei pi\u00f9 interessanti \u00e8 quello della <strong>sterilizzazione e dell&#8217;igiene<\/strong>, dove gli operatori di sterilizzazione svolgono un ruolo essenziale. In questo articolo, presenteremo i vantaggi del tirocinio Erasmus in questo campo e come pu\u00f2 contribuire al vostro sviluppo professionale.<\/p>\n<h2 style=\"font-weight: 400;\">Perch\u00e9 scegliere il settore della sterilizzazione?<\/h2>\n<p style=\"font-weight: 400;\">Il settore della sterilizzazione \u00e8 in crescita, principalmente a causa dell&#8217;evoluzione delle norme di igiene e sicurezza in vari settori, come gli ospedali o i laboratori farmaceutici. Gli operatori di sterilizzazione sono responsabili di garantire la pulizia e l&#8217;eliminazione di batteri e virus su strumenti medici e altri dispositivi. Contribuiscono cos\u00ec a prevenire le infezioni nosocomiali e a garantire la sicurezza dei pazienti.<\/p>\n<p style=\"font-weight: 400;\">Inoltre, considerando gli avanzamenti tecnologici e l&#8217;evoluzione continua delle normative, le competenze richieste per svolgere questa professione sono sempre pi\u00f9 specializzate. Ci\u00f2 rende la professione di agente di sterilizzazione molto attraente, offrendo numerose opportunit\u00e0 professionali e interessanti prospettive di crescita.<\/p>\n<h2 style=\"font-weight: 400;\">I vantaggi di un tirocinio Erasmus per gli agente di sterilizzazione<\/h2>\n<p style=\"font-weight: 400;\">Il programma Erasmus+ \u00e8 un&#8217;opportunit\u00e0 straordinaria per studenti e professionisti che desiderano acquisire nuove competenze, ampliare i propri orizzonti e sviluppare la propria rete professionale. Come agente di sterilizzazione, svolgere un tirocinio Erasmus offre diversi vantaggi:<\/p>\n<ul>\n<li><strong>Scoprire nuovi metodi e tecniche<\/strong>: Le pratiche di sterilizzazione possono variare da un paese all&#8217;altro, in base alle normative locali o agli standard internazionali. Un tirocinio Erasmus vi consentir\u00e0 di apprendere nuovi approcci e di familiarizzarvi con diversi dispositivi e procedure.<\/li>\n<li><strong>Migliorare le competenze linguistiche:<\/strong> La padronanza di una o pi\u00f9 lingue straniere \u00e8 un vantaggio innegabile nel campo della sterilizzazione, dove la comunicazione con gli altri membri del team e la comprensione dei protocolli internazionali sono essenziali. Il tirocinio Erasmus favorisce l&#8217;apprendimento delle lingue e vi aiuter\u00e0 a migliorare significativamente il vostro livello.<\/li>\n<li><strong>Potenziare la vostra occupabilit\u00e0<\/strong>: Acquisire esperienza professionale all&#8217;estero \u00e8 molto apprezzato dai datori di lavoro, poich\u00e9 dimostra la vostra adattabilit\u00e0, apertura mentale e desiderio di apprendere. Inoltre, il tirocinio Erasmus consente di stabilire legami con aziende e professionisti del settore, il che pu\u00f2 essere utile per trovare un impiego in futuro.<\/li>\n<\/ul>\n<p>[\/vc_column_text][\/vc_column_inner][vc_column_inner width=&#8221;1\/12&#8243;][\/vc_column_inner][vc_column_inner width=&#8221;4\/12&#8243;][vc_single_image image=&#8221;18105&#8243; img_size=&#8221;400*400&#8243; alignment=&#8221;right&#8221; style=&#8221;vc_box_rounded&#8221; label=&#8221;&#8221;][vc_btn title=&#8221;Scoprire di pi\u00f9&#8221; style=&#8221;custom&#8221; custom_background=&#8221;#e20000&#8243; custom_text=&#8221;#ffffff&#8221; align=&#8221;center&#8221; link=&#8221;url:https%3A%2F%2Fespamob.com%2Fit%2Fcontacto-con-nuestro-equipo-de-movilidad%2F|title:Contacto|target:_blank&#8221;][\/vc_column_inner][\/vc_row_inner][vc_custom_heading text=&#8221;Come ottenere un tirocinio Erasmus come agente di sterilizzazione?&#8221; font_container=&#8221;tag:h3|text_align:left&#8221; use_theme_fonts=&#8221;yes&#8221; css=&#8221;.vc_custom_1708981175019{margin-top: 20px !important;}&#8221;][vc_separator][vc_row_inner][vc_column_inner width=&#8221;7\/12&#8243;][vc_column_text]<\/p>\n<p style=\"font-weight: 400;\">Per beneficiare di un tirocinio Erasmus nel settore della sterilizzazione, \u00e8 necessario soddisfare determinate condizioni e seguire i seguenti passaggi:<\/p>\n<ol>\n<li><strong>Verificare l&#8217;eleggibilit\u00e0:<\/strong> Il programma Erasmus+ \u00e8 destinato agli studenti e ai professionisti cittadini dell&#8217;Unione europea. Alcuni istituti di istruzione o organizzazioni formative possono avere criteri specifici per assegnare le borse Erasmus. Pertanto, \u00e8 opportuno informarsi presso la propria scuola, universit\u00e0 o centro di formazione.<\/li>\n<li><strong>Cercare un&#8217;offerta di tirocinio<\/strong>: Dovete trovare un&#8217;azienda o un&#8217;organizzazione ospitante che offra un tirocinio in linea con le vostre competenze e obiettivi professionali. Potete consultare le offerte su siti specializzati, contattare direttamente le aziende del settore o chiedere assistenza al vostro istituto di provenienza.<\/li>\n<li><strong>Preparare la candidatura:<\/strong> Per candidarvi a un tirocinio Erasmus, dovrete redigere un curriculum vitae e una lettera di motivazione adeguati, nella lingua del paese ospitante. Non esitate a mettere in evidenza le vostre competenze linguistiche, cos\u00ec come qualsiasi esperienza rilevante nel campo della sterilizzazione.<\/li>\n<li><strong>Presentare la domanda di borsa<\/strong>: Una volta trovato un tirocinio e ottenuto l&#8217;accordo dell&#8217;azienda o dell&#8217;organizzazione ospitante, dovrete presentare la vostra domanda di borsa Erasmus presso il vostro istituto di provenienza. I tempi e le modalit\u00e0 possono variare, quindi \u00e8 importante informarsi preventivamente.<\/li>\n<\/ol>\n<h3 style=\"font-weight: 400;\">Prepararsi per il tirocinio Erasmus<\/h3>\n<p style=\"font-weight: 400;\">Dopo aver ottenuto la conferma del vostro tirocinio Erasmus, \u00e8 essenziale prepararsi adeguatamente per trarre il massimo da questa esperienza:<\/p>\n<ul>\n<li><strong>Organizzare alloggio e trasporti<\/strong>: Informatevi sulle opzioni di alloggio disponibili nella citt\u00e0 in cui svolgerete il tirocinio, e non esitate a chiedere consigli alla vostra azienda ospitante. Allo stesso modo, informatevi sui mezzi di trasporto per facilitare gli spostamenti locali.<\/li>\n<li><strong>Familiarizzarsi con la cultura locale<\/strong>: Ogni paese ha le proprie tradizioni e consuetudini, anche nel contesto professionale. Pu\u00f2 essere utile informarsi sulle usanze locali per evitare malintesi e agevolare la vostra integrazione nel team.<\/li>\n<li><strong>Mostrare apertura mentale:<\/strong> Il tirocinio Erasmus \u00e8 un&#8217;opportunit\u00e0 unica per imparare e scoprire nuove cose, sia dal punto di vista professionale che personale. Siate curiosi e non esitate a fare domande se non capite alcune pratiche o procedure.<\/li>\n<\/ul>\n<p><span style=\"font-weight: 400;\">In conclusione, il tirocinio Erasmus per gli agente di sterilizzazione offre numerose opportunit\u00e0 di sviluppo professionale e personale. Consente di acquisire nuove competenze, migliorare la padronanza delle lingue straniere e potenziare la vostra occupabilit\u00e0. Non esitate a intraprendere questa avventura arricchente!<\/span>[\/vc_column_text][\/vc_column_inner][vc_column_inner width=&#8221;1\/12&#8243;][\/vc_column_inner][vc_column_inner width=&#8221;4\/12&#8243;][vc_raw_html]JTNDZGl2JTIwc3R5bGUlM0QlMjJwYWRkaW5nJTNBJTIwMzBweCUzQmJhY2tncm91bmQtY29sb3IlM0ElMjAlMjNGNEY0RjQlM0IlMjIlM0UlMEElMjAlMjAlMjAlMjAlM0NoNCUzRVNjb3ByaSUyMHR1dHRpJTIwaSUyMHNldHRvcmklMjBkaSUyMHRpcm9jaW5pbyUzQyUyRmg0JTNFJTBBJTIwJTIwJTIwJTIwJTNDcCUzRUwlMjdFc3BhbW9iJTIwJUMzJUE4JTIwc3BlY2lhbGl6emF0byUyMG5lbGwlMjdhc3Npc3RlbnphJTIwYWklMjBncnVwcGklMjBwZXIlMjBsYSUyMG1vYmlsaXQlQzMlQTAlMjBFcmFzbXVzJTIwJTJCLiUyMFNjb3ByaXRlJTIwdHV0dGklMjBpJTIwc2V0dG9yaSUyMGRpJTIwdGlyb2NpbmlvJTIwRXJhc211cyUyMGluJTIwU3BhZ25hJTIwaW4lMjBwb2NoaSUyMGNsaWMuJTNDJTJGcCUzRSUwQSUyMCUyMCUyMCUyMCUzQ2ElMjBjbGFzcyUzRCUyMnZjX2dlbmVyYWwlMjB2Y19idG4zJTIwdmNfYnRuMy1zaXplLW1kJTIwdmNfYnRuMy1zaGFwZS1kZWZhdWx0JTIwdmNfYnRuMy1zdHlsZS1jdXN0b20lMjB3cGJfY3VzdG9tXzY2ODdiMjZmMzk0ODhkZGJiODVkZGIzYzFjZThlMTExJTIwYnRuJTIyJTIwc3R5bGUlM0QlMjJiYWNrZ3JvdW5kLWNvbG9yJTNBJTIzZTIwMDAwJTNCJTIwY29sb3IlM0ElMjNmZmZmZmYlM0IlMjBiYWNrZ3JvdW5kLWNvbG9yJTNBJTIzZTIwMDAwJTNCJTIwY29sb3IlM0ElMjNmZmZmZmYlM0IlMjIlMjBocmVmJTNEJTIyaHR0cHMlM0ElMkYlMkZ3d3cuZXNwYW1vYi5jb20lMkZpdCUyRnNldHRvcmktc3RhZ2UtYXppZW5kZS1lcmFzbXVzcGx1cyUyRiUyMiUyMHRpdGxlJTNEJTIyU2V0dG9yaSUyMGRpJTIwc3RhZ2UlMjIlMjB0YXJnZXQlM0QlMjJfYmxhbmslMjIlM0VTY29wcmlyZSUyMGklMjBzZXR0b3JpJTNDJTJGYSUzRSUwQSUzQyUyRmRpdiUzRQ==[\/vc_raw_html][vc_custom_heading text=&#8221;Scoprite i feedback dei partecipanti al programma Erasmus +:&#8221; font_container=&#8221;tag:h3|text_align:left&#8221; use_theme_fonts=&#8221;yes&#8221; css=&#8221;.vc_custom_1708980847822{margin-top: 20px !important;}&#8221;][vc_separator][vc_video link=&#8221;https:\/\/www.youtube.com\/watch?v=C88_DC-IEdY&#8221; align=&#8221;center&#8221;][\/vc_column_inner][\/vc_row_inner][\/vc_column][\/vc_row][vc_row][vc_column][vc_column_text]<\/p>\n<p>[\/vc_column_text][\/vc_column][\/vc_row][vc_row full_width=&#8221;stretch_row&#8221; wrap_container=&#8221;yes&#8221; is_section=&#8221;yes&#8221; css=&#8221;.vc_custom_1708980862719{border-top-width: 0px !important;padding-top: 15px !important;padding-bottom: 15px !important;background-color: #f8f392 !important;}&#8221; conditional_render=&#8221;%5B%7B%22value_role%22%3A%22administrator%22%7D%5D&#8221;][vc_column][vc_row_inner css=&#8221;.vc_custom_1688548648248{background-color: #f8f392 !important;}&#8221;][vc_column_inner][vc_custom_heading text=&#8221;Richiedi un preventivo gratuito &#8221; font_container=&#8221;tag:h2|text_align:center&#8221; use_theme_fonts=&#8221;yes&#8221;][vc_column_text]<\/p>\n<p style=\"text-align: justify;\">Hai un\u2019idea per un progetto Erasmus+ in Spagna e cerchi un partner fidato che ti supporti? <strong>Espamob<\/strong>\u2019 \u00e8 qui per aiutarti! Ti offriamo un preventivo gratuito e senza impegno per aiutarti a gestire il tuo progetto di mobilit\u00e0. Grazie alla nostra competenza e alla nostra rete di aziende partner, siamo in grado di offrirvi un supporto personalizzato per soddisfare le vostre specifiche esigenze. Contattaci ora per discutere del tuo progetto e ottenere il tuo preventivo gratuito.<\/p>\n<p>[\/vc_column_text]<div id=\"modal-trg-txt-wrap-4924\" class=\"ult-modal-input-wrapper ult-adjust-bottom-margin    \" data-keypress-control=\"keypress-control-enable\" data-overlay-control=\"overlay-control-enable\"><style>\n\t\t\t\t\t.btn-modal.btn-id-69e818132d0911-84793619:hover {\n\t\t\t\t\t\tbackground-color: #e20000 !important;\n\t\t\t\t\t}\n\t\t\t\t\t<\/style><button  data-ultimate-target='#modal-trg-txt-wrap-4924 .btn-modal'  data-responsive-json-new='{\"font-size\":\"\",\"line-height\":\"\"}'  style=\"background:#888888;border-color:#888888;color:#ffffff; \" data-class-id=\"content-69e818132d0911-84793619\" class=\"btn-modal ult-responsive btn-primary btn-modal-md overlay-show ult-align-center btn-id-69e818132d0911-84793619\" data-overlay-class=\"overlay-cornerbottomleft\">RICHIEDI PREVENTIVO GRATUITO<\/button><\/div>\n<div class=\"ult-overlay content-69e818132d0911-84793619 \" data-class=\"content-69e818132d0911-84793619\" id=\"button-click-overlay\" style=\"background:rgba(51,51,51,0.8); display:none;\">\n\t<div class=\"ult_modal ult-fade ult-medium\">\n\t\t<div id=\"ult-modal-wrap-1397\" class=\"ult_modal-content ult-hide\" style=\"border-style:solid;border-width:2px;border-radius:0px;border-color:#333333;\">\n\t\t\t<div class=\"ult_modal-header\" style=\"color:#333333;border-color:#333333;\">\n\t\t\t\t<h3  data-ultimate-target='#ult-modal-wrap-1397 .ult_modal-title'  data-responsive-json-new='{\"font-size\":\"\",\"line-height\":\"\"}'  class=\"ult_modal-title ult-responsive\">RICHIEDI PREVENTIVO GRATUITO<\/h3>\n\t\t\t<\/div>\n\t\t\t<div  data-ultimate-target='#ult-modal-wrap-1397 .ult_modal-body'  data-responsive-json-new='{\"font-size\":\"\",\"line-height\":\"\"}'  class=\"ult_modal-body ult-responsive ult-html\" style=\"\">\n\t\t\t[caldera_form id=&#8221;CF61499d9470acd&#8221;]\n\t\t\t<\/div>\n\t<\/div>\n\t<\/div>\n\t<div class=\"ult-overlay-close top-right\" style=\"width:80px;height:80px; \"><div class=\"ult-overlay-close-inside\">Close<\/div><\/div>\n<\/div>[\/vc_column_inner][\/vc_row_inner][\/vc_column][\/vc_row][vc_row wrap_container=&#8221;yes&#8221; css=&#8221;.vc_custom_1689256499740{margin-top: 15px !important;}&#8221; conditional_render=&#8221;%5B%7B%22value_role%22%3A%22administrator%22%7D%5D&#8221;][vc_column][vc_custom_heading text=&#8221;Domande frequenti&#8221; font_container=&#8221;tag:h2|text_align:center|color:%23000000&#8243; use_theme_fonts=&#8221;yes&#8221;][vc_separator][vc_row_inner][vc_column_inner width=&#8221;7\/12&#8243;][vc_column_text]<\/p>\n<div>\n<h3 class=\"Pardfaut\"><span lang=\"IT\">Quali servizi offre Espamob per gli stage Erasmus in Spagna?<\/span><\/h3>\n<\/div>\n<div>\n<p class=\"Pardfaut\"><span lang=\"IT\">Espamob fornisce un supporto completo per gli stage Erasmus in Spagna. Questo include la creazione del progetto, la ricerca di finanziamenti, l&#8217;accoglienza presso le universit\u00e0 e le aziende partner per gli stage, la ricerca di alloggi locali e la gestione dei trasferimenti dall&#8217;aeroporto.<\/span><\/p>\n<\/div>\n<div>\n<h3 class=\"Pardfaut\"><span lang=\"IT\">Come pu\u00f2 Espamob aiutare i gruppi nella ricerca di finanziamenti per il loro stage Erasmus?<\/span><\/h3>\n<\/div>\n<div>\n<p class=\"Pardfaut\"><span lang=\"IT\">Espamob ha competenze nella ricerca di finanziamenti per gli stage Erasmus. L&#8217;agenzia pu\u00f2 consigliare i gruppi sulle diverse possibilit\u00e0 di finanziamento, aiutarli a redigere la loro richiesta di finanziamento e accompagnarli durante tutto il processo di ricerca di finanziamenti.<\/span><\/p>\n<\/div>\n<div>\n<h3 class=\"Pardfaut\"><span lang=\"IT\">Cos&#8217;\u00e8 un agente di sterilizzazione e come pu\u00f2 Espamob aiutare gli studenti interessati a questo settore durante il loro stage Erasmus?<\/span><\/h3>\n<\/div>\n<div><span lang=\"EN-US\">Un agente di sterilizzazione \u00e8 un professionista della salute incaricato di garantire la sterilit\u00e0 delle attrezzature mediche e degli strumenti chirurgici. Espamob pu\u00f2 aiutare gli studenti interessati a questo settore durante il loro stage Erasmus in Spagna indirizzandoli verso aziende partner specializzate nella sterilizzazione e assistendoli nell&#8217;integrazione in queste aziende.<\/span><\/div>\n<p>[\/vc_column_text][\/vc_column_inner][vc_column_inner width=&#8221;1\/12&#8243;][\/vc_column_inner][vc_column_inner width=&#8221;4\/12&#8243;][vc_single_image image=&#8221;15074&#8243; img_size=&#8221;full&#8221;][vc_column_text]<\/p>\n<p style=\"font-weight: 400;\"><strong>Informatevi sulle diverse destinazioni Erasmus+ in Spagna:<\/strong><\/p>\n<ul>\n<li><a href=\"https:\/\/espamob.com\/it\/settori-stage-aziende-erasmusplus\/igiene-pulizia-sterilizzazione\/stage-erasmus-agente-di-pulizia\/\">Stage Erasmus Agente di Sterilizzazione<\/a><\/li>\n<\/ul>\n<p>[\/vc_column_text][\/vc_column_inner][\/vc_row_inner][\/vc_column][\/vc_row]<\/p>\n<\/div>","protected":false},"excerpt":{"rendered":"<p>[vc_row css=&#8221;.vc_custom_1708972930033{margin-top: -20px !important;margin-bottom: 40px !important;background-image: url(https:\/\/espamob.com\/wp-content\/uploads\/2024\/02\/Esterilizador.webp?id=23873) !important;}&#8221; conditional_render=&#8221;%5B%7B%22value_role%22%3A%22administrator%22%7D%5D&#8221;][vc_column css=&#8221;.vc_custom_1687965657482{padding-top: 30px !important;}&#8221; conditional_render=&#8221;%5B%7B%22value_role%22%3A%22administrator%22%7D%5D&#8221;][vc_empty_space height=&#8221;170&#8243;][vc_custom_heading text=&#8221;Tirocinio Erasmus: agente di sterilizzazione&#8221; font_container=&#8221;tag:h1|font_size:27|text_align:center|color:%23ffffff&#8221; use_theme_fonts=&#8221;yes&#8221; css=&#8221;.vc_custom_1708980503523{margin-bottom: 15px !important;background-color: rgba(136,136,136,0.29) !important;*background-color: rgb(136,136,136) !important;}&#8221; animation_type=&#8221;zoomIn&#8221;][vc_empty_space height=&#8221;40&#8243;][\/vc_column][\/vc_row][vc_row wrap_container=&#8221;yes&#8221; text_align=&#8221;justify&#8221;][vc_column text_align=&#8221;justify&#8221;][vc_column_text] Home Settori di stage Mobilit\u00e0 nelle professioni di igiene, pulizia e sterilizzazione Tirocinio Erasmus: Agente di sterilizzazione [\/vc_column_text][vc_custom_heading text=&#8221;Il tirocinio Erasmus per<\/p>\n","protected":false},"author":2,"featured_media":0,"parent":12718,"menu_order":0,"comment_status":"closed","ping_status":"closed","template":"","meta":{"footnotes":""},"class_list":["post-23886","page","type-page","status-publish","hentry"],"_links":{"self":[{"href":"https:\/\/espamob.com\/it\/wp-json\/wp\/v2\/pages\/23886","targetHints":{"allow":["GET"]}}],"collection":[{"href":"https:\/\/espamob.com\/it\/wp-json\/wp\/v2\/pages"}],"about":[{"href":"https:\/\/espamob.com\/it\/wp-json\/wp\/v2\/types\/page"}],"author":[{"embeddable":true,"href":"https:\/\/espamob.com\/it\/wp-json\/wp\/v2\/users\/2"}],"replies":[{"embeddable":true,"href":"https:\/\/espamob.com\/it\/wp-json\/wp\/v2\/comments?post=23886"}],"version-history":[{"count":0,"href":"https:\/\/espamob.com\/it\/wp-json\/wp\/v2\/pages\/23886\/revisions"}],"up":[{"embeddable":true,"href":"https:\/\/espamob.com\/it\/wp-json\/wp\/v2\/pages\/12718"}],"wp:attachment":[{"href":"https:\/\/espamob.com\/it\/wp-json\/wp\/v2\/media?parent=23886"}],"curies":[{"name":"wp","href":"https:\/\/api.w.org\/{rel}","templated":true}]}}